{"id":970,"date":"2024-10-25T08:50:02","date_gmt":"2024-10-25T08:50:02","guid":{"rendered":"https:\/\/baselinkhosting.nl\/zuurstofplanten\/?page_id=970"},"modified":"2024-10-25T08:55:00","modified_gmt":"2024-10-25T08:55:00","slug":"protection-du-fourrage-plantes-a-oxygene","status":"publish","type":"page","link":"https:\/\/www.zuurstofplanten.net\/fr\/projets\/protection-du-fourrage-plantes-a-oxygene\/","title":{"rendered":"D\u00e9chiquetage Zuurstofplanten"},"content":{"rendered":"<div data-elementor-type=\"wp-page\" data-elementor-id=\"970\" class=\"elementor elementor-970\" data-elementor-post-type=\"page\">\n\t\t\t\t<div class=\"elementor-element elementor-element-72976b84 e-flex e-con-boxed e-con e-parent\" data-id=\"72976b84\" data-element_type=\"container\" data-e-type=\"container\" data-settings=\"{&quot;background_background&quot;:&quot;classic&quot;}\">\n\t\t\t\t\t<div class=\"e-con-inner\">\n\t\t\t\t<div class=\"elementor-element elementor-element-e31d2e0 elementor-widget elementor-widget-heading\" data-id=\"e31d2e0\" data-element_type=\"widget\" data-e-type=\"widget\" data-widget_type=\"heading.default\">\n\t\t\t\t<div class=\"elementor-widget-container\">\n\t\t\t\t\t<h1 class=\"elementor-heading-title elementor-size-default\">D\u00e9chiquetage Zuurstofplanten<\/h1>\t\t\t\t<\/div>\n\t\t\t\t<\/div>\n\t\t\t\t\t<\/div>\n\t\t\t\t<\/div>\n\t\t<div class=\"elementor-element elementor-element-5e7cd19a e-flex e-con-boxed e-con e-parent\" data-id=\"5e7cd19a\" data-element_type=\"container\" data-e-type=\"container\">\n\t\t\t\t\t<div class=\"e-con-inner\">\n\t\t\t\t<div class=\"elementor-element elementor-element-5999e8d4 elementor-widget elementor-widget-text-editor\" data-id=\"5999e8d4\" data-element_type=\"widget\" data-e-type=\"widget\" data-widget_type=\"text-editor.default\">\n\t\t\t\t<div class=\"elementor-widget-container\">\n\t\t\t\t\t\t\t\t\t<p><span style=\"font-weight: 400;\">C'est ennuyeux ! En tant que gestionnaire, vous faites du bon travail en plantant des plantes aquatiques submerg\u00e9es pour r\u00e9pondre aux objectifs de la DCE, mais tout est mang\u00e9 par les carpes et autres poissons ! Chez Dutch Water Tech, nous avons trouv\u00e9 une solution \u00e0 ce probl\u00e8me : le Procrate. <\/span><\/p>\t\t\t\t\t\t\t\t<\/div>\n\t\t\t\t<\/div>\n\t\t\t\t<div class=\"elementor-element elementor-element-5bdadf0a elementor-widget elementor-widget-heading\" data-id=\"5bdadf0a\" data-element_type=\"widget\" data-e-type=\"widget\" data-widget_type=\"heading.default\">\n\t\t\t\t<div class=\"elementor-widget-container\">\n\t\t\t\t\t<h2 class=\"elementor-heading-title elementor-size-default\">Procrates : une protection efficace et vorace<\/h2>\t\t\t\t<\/div>\n\t\t\t\t<\/div>\n\t\t<div class=\"elementor-element elementor-element-46b5bd0 e-grid e-con-full e-con e-child\" data-id=\"46b5bd0\" data-element_type=\"container\" data-e-type=\"container\">\n\t\t\t\t<div class=\"elementor-element elementor-element-48ea940d elementor-widget elementor-widget-text-editor\" data-id=\"48ea940d\" data-element_type=\"widget\" data-e-type=\"widget\" data-widget_type=\"text-editor.default\">\n\t\t\t\t<div class=\"elementor-widget-container\">\n\t\t\t\t\t\t\t\t\t<p><span style=\"font-weight: 400;\">Le Procrate est une structure en biopolym\u00e8re plac\u00e9e au-dessus des plantes aquatiques et riveraines submerg\u00e9es. Les plantes aquatiques peuvent alors se d\u00e9velopper sans \u00eatre perturb\u00e9es. Il n'est pas n\u00e9cessaire d'enlever le Procrate ; il se d\u00e9compose naturellement dans l'eau au fil des ans. Naturellement, aucune substance nocive n'est lib\u00e9r\u00e9e au cours de ce processus. Il est r\u00e9ellement absorb\u00e9 par l'environnement. La photo ci-dessous montre par exemple une feuille de Procrate apr\u00e8s 1 an sous l'eau.<\/span><\/p>\t\t\t\t\t\t\t\t<\/div>\n\t\t\t\t<\/div>\n\t\t\t\t<div class=\"elementor-element elementor-element-248d334 elementor-arrows-position-inside elementor-pagination-position-outside elementor-widget elementor-widget-image-carousel\" data-id=\"248d334\" data-element_type=\"widget\" data-e-type=\"widget\" data-settings=\"{&quot;slides_to_show&quot;:&quot;1&quot;,&quot;navigation&quot;:&quot;both&quot;,&quot;autoplay&quot;:&quot;yes&quot;,&quot;pause_on_hover&quot;:&quot;yes&quot;,&quot;pause_on_interaction&quot;:&quot;yes&quot;,&quot;autoplay_speed&quot;:5000,&quot;infinite&quot;:&quot;yes&quot;,&quot;effect&quot;:&quot;slide&quot;,&quot;speed&quot;:500}\" data-widget_type=\"image-carousel.default\">\n\t\t\t\t<div class=\"elementor-widget-container\">\n\t\t\t\t\t\t\t<div class=\"elementor-image-carousel-wrapper swiper\" role=\"region\" aria-roledescription=\"carousel\" aria-label=\"Carrousel d\u2019images\" dir=\"ltr\" data-no-translation-aria-label=\"\">\n\t\t\t<div class=\"elementor-image-carousel swiper-wrapper\" aria-live=\"off\">\n\t\t\t\t\t\t\t\t<div class=\"swiper-slide\" role=\"group\" aria-roledescription=\"slide\" aria-label=\"1 sur 3\" data-no-translation-aria-label=\"\"><figure class=\"swiper-slide-inner\"><img decoding=\"async\" class=\"swiper-slide-image\" src=\"https:\/\/www.zuurstofplanten.net\/wp-content\/uploads\/2024\/10\/procrates_vraatbescherming_2-300x300.jpg\" alt=\"procrates_fate protection_2\" \/><\/figure><\/div><div class=\"swiper-slide\" role=\"group\" aria-roledescription=\"slide\" aria-label=\"2 sur 3\" data-no-translation-aria-label=\"\"><figure class=\"swiper-slide-inner\"><img decoding=\"async\" class=\"swiper-slide-image\" src=\"https:\/\/www.zuurstofplanten.net\/wp-content\/uploads\/2024\/10\/procrates_vraatbescherming_1-300x300.jpg\" alt=\"procrates_fate_protection_1\" \/><\/figure><\/div><div class=\"swiper-slide\" role=\"group\" aria-roledescription=\"slide\" aria-label=\"3 sur 3\" data-no-translation-aria-label=\"\"><figure class=\"swiper-slide-inner\"><img decoding=\"async\" class=\"swiper-slide-image\" src=\"https:\/\/www.zuurstofplanten.net\/wp-content\/uploads\/2024\/10\/procrate-300x300.jpg\" alt=\"procrastiner\" \/><\/figure><\/div>\t\t\t<\/div>\n\t\t\t\t\t\t\t\t\t\t\t\t<div class=\"elementor-swiper-button elementor-swiper-button-prev\" role=\"button\" tabindex=\"0\">\n\t\t\t\t\t\t<svg aria-hidden=\"true\" class=\"e-font-icon-svg e-eicon-chevron-left\" viewbox=\"0 0 1000 1000\" xmlns=\"http:\/\/www.w3.org\/2000\/svg\"><path d=\"M646 125C629 125 613 133 604 142L308 442C296 454 292 471 292 487 292 504 296 521 308 533L604 854C617 867 629 875 646 875 663 875 679 871 692 858 704 846 713 829 713 812 713 796 708 779 692 767L438 487 692 225C700 217 708 204 708 187 708 171 704 154 692 142 675 129 663 125 646 125Z\"><\/path><\/svg>\t\t\t\t\t<\/div>\n\t\t\t\t\t<div class=\"elementor-swiper-button elementor-swiper-button-next\" role=\"button\" tabindex=\"0\">\n\t\t\t\t\t\t<svg aria-hidden=\"true\" class=\"e-font-icon-svg e-eicon-chevron-right\" viewbox=\"0 0 1000 1000\" xmlns=\"http:\/\/www.w3.org\/2000\/svg\"><path d=\"M696 533C708 521 713 504 713 487 713 471 708 454 696 446L400 146C388 133 375 125 354 125 338 125 325 129 313 142 300 154 292 171 292 187 292 204 296 221 308 233L563 492 304 771C292 783 288 800 288 817 288 833 296 850 308 863 321 871 338 875 354 875 371 875 388 867 400 854L696 533Z\"><\/path><\/svg>\t\t\t\t\t<\/div>\n\t\t\t\t\n\t\t\t\t\t\t\t\t\t<div class=\"swiper-pagination\"><\/div>\n\t\t\t\t\t\t\t\t\t<\/div>\n\t\t\t\t\t\t<\/div>\n\t\t\t\t<\/div>\n\t\t\t\t<\/div>\n\t\t\t\t<div class=\"elementor-element elementor-element-12a5ccc9 elementor-widget elementor-widget-heading\" data-id=\"12a5ccc9\" data-element_type=\"widget\" data-e-type=\"widget\" data-widget_type=\"heading.default\">\n\t\t\t\t<div class=\"elementor-widget-container\">\n\t\t\t\t\t<h3 class=\"elementor-heading-title elementor-size-default\">Plantes en eaux peu profondes<\/h3>\t\t\t\t<\/div>\n\t\t\t\t<\/div>\n\t\t\t\t<div class=\"elementor-element elementor-element-2929a7a4 elementor-widget elementor-widget-text-editor\" data-id=\"2929a7a4\" data-element_type=\"widget\" data-e-type=\"widget\" data-widget_type=\"text-editor.default\">\n\t\t\t\t<div class=\"elementor-widget-container\">\n\t\t\t\t\t\t\t\t\t<p>Lorsque le niveau de l'eau peut \u00eatre temporairement abaiss\u00e9, il est possible de planter des plantes aquatiques (submerg\u00e9es) dans la terre ferme. Il est alors facile de placer les Procrates par-dessus.<\/p>\t\t\t\t\t\t\t\t<\/div>\n\t\t\t\t<\/div>\n\t\t\t\t<div class=\"elementor-element elementor-element-1f1c1c6d elementor-widget elementor-widget-heading\" data-id=\"1f1c1c6d\" data-element_type=\"widget\" data-e-type=\"widget\" data-widget_type=\"heading.default\">\n\t\t\t\t<div class=\"elementor-widget-container\">\n\t\t\t\t\t<h3 class=\"elementor-heading-title elementor-size-default\">Bo\u00eetes naturelles - Solutions pour les eaux profondes<\/h3>\t\t\t\t<\/div>\n\t\t\t\t<\/div>\n\t\t\t\t<div class=\"elementor-element elementor-element-652acbae elementor-widget elementor-widget-text-editor\" data-id=\"652acbae\" data-element_type=\"widget\" data-e-type=\"widget\" data-widget_type=\"text-editor.default\">\n\t\t\t\t<div class=\"elementor-widget-container\">\n\t\t\t\t\t\t\t\t\t<p>Wanneer het water echter dieper is dan 30-40 cm dan wordt het lastig in de vaste bodem te planten. Het is dan mogelijk om kistjes met zuurstofplanten te gebruiken.\u00a0Deze kistjes zijn geheel gemaakt van natuurlijke materialen en kunnen ook in diepere wateren geplaatst worden. Deze kistjes kunnen gecombineerd worden met de Procrates.<\/p>\t\t\t\t\t\t\t\t<\/div>\n\t\t\t\t<\/div>\n\t\t\t\t<div class=\"elementor-element elementor-element-48550c1f elementor-widget elementor-widget-heading\" data-id=\"48550c1f\" data-element_type=\"widget\" data-e-type=\"widget\" data-widget_type=\"heading.default\">\n\t\t\t\t<div class=\"elementor-widget-container\">\n\t\t\t\t\t<h3 class=\"elementor-heading-title elementor-size-default\">DWT-REEF | Bon pour la flore et la faune<\/h3>\t\t\t\t<\/div>\n\t\t\t\t<\/div>\n\t\t\t\t<div class=\"elementor-element elementor-element-4bdee347 elementor-widget elementor-widget-text-editor\" data-id=\"4bdee347\" data-element_type=\"widget\" data-e-type=\"widget\" data-widget_type=\"text-editor.default\">\n\t\t\t\t<div class=\"elementor-widget-container\">\n\t\t\t\t\t\t\t\t\t<p class=\"whitespace-pre-wrap break-words\">Outre les bo\u00eetes contenant des plantes \u00e0 oxyg\u00e8ne, nous disposons \u00e9galement d'un autre moyen de d\u00e9ployer des plantes aquatiques immerg\u00e9es dans des pi\u00e8ces d'eau. Par exemple, le DWT-REEF. Il s'agit de r\u00e9cifs sous-marins complets dans lesquels nous pouvons placer des plantes \u00e0 oxyg\u00e8ne.<\/p><p class=\"whitespace-pre-wrap break-words\">Vous pouvez en savoir plus sur DWT-REEF et les bo\u00eetes de plantes aquatiques sur cette page.<\/p>\t\t\t\t\t\t\t\t<\/div>\n\t\t\t\t<\/div>\n\t\t\t\t<div class=\"elementor-element elementor-element-33e711d4 elementor-widget elementor-widget-heading\" data-id=\"33e711d4\" data-element_type=\"widget\" data-e-type=\"widget\" data-widget_type=\"heading.default\">\n\t\t\t\t<div class=\"elementor-widget-container\">\n\t\t\t\t\t<h2 class=\"elementor-heading-title elementor-size-default\">Vous voulez en savoir plus ?<\/h2>\t\t\t\t<\/div>\n\t\t\t\t<\/div>\n\t\t\t\t<div class=\"elementor-element elementor-element-6e66a0b4 elementor-widget elementor-widget-text-editor\" data-id=\"6e66a0b4\" data-element_type=\"widget\" data-e-type=\"widget\" data-widget_type=\"text-editor.default\">\n\t\t\t\t<div class=\"elementor-widget-container\">\n\t\t\t\t\t\t\t\t\t<p>Vous souhaitez en savoir plus sur nos solutions de protection des plantes aquatiques contre le fourrage ? Prenez contact avec nous. Nous nous ferons un plaisir de vous conseiller sur l'approche la mieux adapt\u00e9e \u00e0 votre situation.<\/p>\t\t\t\t\t\t\t\t<\/div>\n\t\t\t\t<\/div>\n\t\t\t\t\t<\/div>\n\t\t\t\t<\/div>\n\t\t\t\t<\/div>","protected":false},"excerpt":{"rendered":"<p>Vraatbescherming Zuurstofplanten Vervelend! Bent u als beheerder goed bezig om ondergedoken waterplanten aan te planten om zo aan de KRW doelstellingen te voldoen, wordt alles opgegeten door Karpers en andere vissen! Bij Dutch Water Tech hebben we daar een oplossing voor bedacht: De Procrate. Procrates: Effectieve Vraatbescherming De Procrate is een biopolymeer structuur die over [&hellip;]<\/p>","protected":false},"author":4,"featured_media":0,"parent":923,"menu_order":0,"comment_status":"closed","ping_status":"closed","template":"","meta":{"_acf_changed":false,"iawp_total_views":52,"footnotes":""},"class_list":["post-970","page","type-page","status-publish","hentry"],"acf":[],"yoast_head":"<!-- This site is optimized with the Yoast SEO plugin v25.5 - https:\/\/yoast.com\/wordpress\/plugins\/seo\/ -->\n<title>Vraatbescherming Zuurstofplanten | Projecten | Zuurstofplanten.net<\/title>\n<meta name=\"description\" content=\"Bescherm uw waterplanten tegen vraatschade met de Procrate: een biologisch afbreekbare beschermingsstructuur voor zuurstofplanten. Lees meer.\" \/>\n<meta name=\"robots\" content=\"index, follow, max-snippet:-1, max-image-preview:large, max-video-preview:-1\" \/>\n<link rel=\"canonical\" href=\"https:\/\/www.zuurstofplanten.net\/fr\/projets\/protection-du-fourrage-plantes-a-oxygene\/\" \/>\n<meta property=\"og:locale\" content=\"fr_FR\" \/>\n<meta property=\"og:type\" content=\"article\" \/>\n<meta property=\"og:title\" content=\"Vraatbescherming Zuurstofplanten | Projecten | Zuurstofplanten.net\" \/>\n<meta property=\"og:description\" content=\"Bescherm uw waterplanten tegen vraatschade met de Procrate: een biologisch afbreekbare beschermingsstructuur voor zuurstofplanten. Lees meer.\" \/>\n<meta property=\"og:url\" content=\"https:\/\/www.zuurstofplanten.net\/fr\/projets\/protection-du-fourrage-plantes-a-oxygene\/\" \/>\n<meta property=\"og:site_name\" content=\"Zuurstofplanten.net\" \/>\n<meta property=\"article:modified_time\" content=\"2024-10-25T08:55:00+00:00\" \/>\n<meta property=\"og:image\" content=\"https:\/\/baselinkhosting.nl\/zuurstofplanten\/wp-content\/uploads\/2024\/10\/procrates_vraatbescherming_2-300x300.jpg\" \/>\n<meta name=\"twitter:card\" content=\"summary_large_image\" \/>\n<meta name=\"twitter:label1\" content=\"Dur\u00e9e de lecture estim\u00e9e\" \/>\n\t<meta name=\"twitter:data1\" content=\"3 minutes\" \/>\n<script type=\"application\/ld+json\" class=\"yoast-schema-graph\">{\"@context\":\"https:\/\/schema.org\",\"@graph\":[{\"@type\":\"WebPage\",\"@id\":\"https:\/\/www.zuurstofplanten.net\/projecten\/vraatbescherming-zuurstofplanten\/\",\"url\":\"https:\/\/www.zuurstofplanten.net\/projecten\/vraatbescherming-zuurstofplanten\/\",\"name\":\"Vraatbescherming Zuurstofplanten | Projecten | Zuurstofplanten.net\",\"isPartOf\":{\"@id\":\"https:\/\/www.zuurstofplanten.net\/#website\"},\"primaryImageOfPage\":{\"@id\":\"https:\/\/www.zuurstofplanten.net\/projecten\/vraatbescherming-zuurstofplanten\/#primaryimage\"},\"image\":{\"@id\":\"https:\/\/www.zuurstofplanten.net\/projecten\/vraatbescherming-zuurstofplanten\/#primaryimage\"},\"thumbnailUrl\":\"https:\/\/baselinkhosting.nl\/zuurstofplanten\/wp-content\/uploads\/2024\/10\/procrates_vraatbescherming_2-300x300.jpg\",\"datePublished\":\"2024-10-25T08:50:02+00:00\",\"dateModified\":\"2024-10-25T08:55:00+00:00\",\"description\":\"Bescherm uw waterplanten tegen vraatschade met de Procrate: een biologisch afbreekbare beschermingsstructuur voor zuurstofplanten. Lees meer.\",\"breadcrumb\":{\"@id\":\"https:\/\/www.zuurstofplanten.net\/projecten\/vraatbescherming-zuurstofplanten\/#breadcrumb\"},\"inLanguage\":\"fr-FR\",\"potentialAction\":[{\"@type\":\"ReadAction\",\"target\":[\"https:\/\/www.zuurstofplanten.net\/projecten\/vraatbescherming-zuurstofplanten\/\"]}]},{\"@type\":\"ImageObject\",\"inLanguage\":\"fr-FR\",\"@id\":\"https:\/\/www.zuurstofplanten.net\/projecten\/vraatbescherming-zuurstofplanten\/#primaryimage\",\"url\":\"https:\/\/baselinkhosting.nl\/zuurstofplanten\/wp-content\/uploads\/2024\/10\/procrates_vraatbescherming_2-300x300.jpg\",\"contentUrl\":\"https:\/\/baselinkhosting.nl\/zuurstofplanten\/wp-content\/uploads\/2024\/10\/procrates_vraatbescherming_2-300x300.jpg\"},{\"@type\":\"BreadcrumbList\",\"@id\":\"https:\/\/www.zuurstofplanten.net\/projecten\/vraatbescherming-zuurstofplanten\/#breadcrumb\",\"itemListElement\":[{\"@type\":\"ListItem\",\"position\":1,\"name\":\"Home\",\"item\":\"https:\/\/www.zuurstofplanten.net\/\"},{\"@type\":\"ListItem\",\"position\":2,\"name\":\"Projecten\",\"item\":\"https:\/\/www.zuurstofplanten.net\/projecten\/\"},{\"@type\":\"ListItem\",\"position\":3,\"name\":\"Vraatbescherming Zuurstofplanten\"}]},{\"@type\":\"WebSite\",\"@id\":\"https:\/\/www.zuurstofplanten.net\/#website\",\"url\":\"https:\/\/www.zuurstofplanten.net\/\",\"name\":\"Zuurstofplanten.net\",\"description\":\"\",\"publisher\":{\"@id\":\"https:\/\/www.zuurstofplanten.net\/#organization\"},\"potentialAction\":[{\"@type\":\"SearchAction\",\"target\":{\"@type\":\"EntryPoint\",\"urlTemplate\":\"https:\/\/www.zuurstofplanten.net\/?s={search_term_string}\"},\"query-input\":{\"@type\":\"PropertyValueSpecification\",\"valueRequired\":true,\"valueName\":\"search_term_string\"}}],\"inLanguage\":\"fr-FR\"},{\"@type\":\"Organization\",\"@id\":\"https:\/\/www.zuurstofplanten.net\/#organization\",\"name\":\"Zuurstofplanten.net\",\"url\":\"https:\/\/www.zuurstofplanten.net\/\",\"logo\":{\"@type\":\"ImageObject\",\"inLanguage\":\"fr-FR\",\"@id\":\"https:\/\/www.zuurstofplanten.net\/#\/schema\/logo\/image\/\",\"url\":\"https:\/\/www.zuurstofplanten.net\/wp-content\/uploads\/2024\/10\/zuurstofplanten-logo-1.jpg\",\"contentUrl\":\"https:\/\/www.zuurstofplanten.net\/wp-content\/uploads\/2024\/10\/zuurstofplanten-logo-1.jpg\",\"width\":180,\"height\":60,\"caption\":\"Zuurstofplanten.net\"},\"image\":{\"@id\":\"https:\/\/www.zuurstofplanten.net\/#\/schema\/logo\/image\/\"}}]}<\/script>\n<!-- \/ Yoast SEO plugin. -->","yoast_head_json":{"title":"Vraatbescherming Zuurstofplanten | Projets | Zuurstofplanten.net","description":"Prot\u00e9gez vos plantes aquatiques des dommages caus\u00e9s par l'alimentation avec le Procrate : une structure de protection biod\u00e9gradable pour les plantes oxyg\u00e9n\u00e9es. En savoir plus.","robots":{"index":"index","follow":"follow","max-snippet":"max-snippet:-1","max-image-preview":"max-image-preview:large","max-video-preview":"max-video-preview:-1"},"canonical":"https:\/\/www.zuurstofplanten.net\/fr\/projets\/protection-du-fourrage-plantes-a-oxygene\/","og_locale":"fr_FR","og_type":"article","og_title":"Vraatbescherming Zuurstofplanten | Projecten | Zuurstofplanten.net","og_description":"Bescherm uw waterplanten tegen vraatschade met de Procrate: een biologisch afbreekbare beschermingsstructuur voor zuurstofplanten. Lees meer.","og_url":"https:\/\/www.zuurstofplanten.net\/fr\/projets\/protection-du-fourrage-plantes-a-oxygene\/","og_site_name":"Zuurstofplanten.net","article_modified_time":"2024-10-25T08:55:00+00:00","og_image":[{"url":"https:\/\/baselinkhosting.nl\/zuurstofplanten\/wp-content\/uploads\/2024\/10\/procrates_vraatbescherming_2-300x300.jpg","type":"","width":"","height":""}],"twitter_card":"summary_large_image","twitter_misc":{"Dur\u00e9e de lecture estim\u00e9e":"3 minutes"},"schema":{"@context":"https:\/\/schema.org","@graph":[{"@type":"WebPage","@id":"https:\/\/www.zuurstofplanten.net\/projecten\/vraatbescherming-zuurstofplanten\/","url":"https:\/\/www.zuurstofplanten.net\/projecten\/vraatbescherming-zuurstofplanten\/","name":"Vraatbescherming Zuurstofplanten | Projets | Zuurstofplanten.net","isPartOf":{"@id":"https:\/\/www.zuurstofplanten.net\/#website"},"primaryImageOfPage":{"@id":"https:\/\/www.zuurstofplanten.net\/projecten\/vraatbescherming-zuurstofplanten\/#primaryimage"},"image":{"@id":"https:\/\/www.zuurstofplanten.net\/projecten\/vraatbescherming-zuurstofplanten\/#primaryimage"},"thumbnailUrl":"https:\/\/baselinkhosting.nl\/zuurstofplanten\/wp-content\/uploads\/2024\/10\/procrates_vraatbescherming_2-300x300.jpg","datePublished":"2024-10-25T08:50:02+00:00","dateModified":"2024-10-25T08:55:00+00:00","description":"Prot\u00e9gez vos plantes aquatiques des dommages caus\u00e9s par l'alimentation avec le Procrate : une structure de protection biod\u00e9gradable pour les plantes oxyg\u00e9n\u00e9es. En savoir plus.","breadcrumb":{"@id":"https:\/\/www.zuurstofplanten.net\/projecten\/vraatbescherming-zuurstofplanten\/#breadcrumb"},"inLanguage":"fr-FR","potentialAction":[{"@type":"ReadAction","target":["https:\/\/www.zuurstofplanten.net\/projecten\/vraatbescherming-zuurstofplanten\/"]}]},{"@type":"ImageObject","inLanguage":"fr-FR","@id":"https:\/\/www.zuurstofplanten.net\/projecten\/vraatbescherming-zuurstofplanten\/#primaryimage","url":"https:\/\/baselinkhosting.nl\/zuurstofplanten\/wp-content\/uploads\/2024\/10\/procrates_vraatbescherming_2-300x300.jpg","contentUrl":"https:\/\/baselinkhosting.nl\/zuurstofplanten\/wp-content\/uploads\/2024\/10\/procrates_vraatbescherming_2-300x300.jpg"},{"@type":"BreadcrumbList","@id":"https:\/\/www.zuurstofplanten.net\/projecten\/vraatbescherming-zuurstofplanten\/#breadcrumb","itemListElement":[{"@type":"ListItem","position":1,"name":"Home","item":"https:\/\/www.zuurstofplanten.net\/"},{"@type":"ListItem","position":2,"name":"Projecten","item":"https:\/\/www.zuurstofplanten.net\/projecten\/"},{"@type":"ListItem","position":3,"name":"Vraatbescherming Zuurstofplanten"}]},{"@type":"WebSite","@id":"https:\/\/www.zuurstofplanten.net\/#website","url":"https:\/\/www.zuurstofplanten.net\/","name":"Zuurstofplanten.net","description":"","publisher":{"@id":"https:\/\/www.zuurstofplanten.net\/#organization"},"potentialAction":[{"@type":"SearchAction","target":{"@type":"EntryPoint","urlTemplate":"https:\/\/www.zuurstofplanten.net\/?s={search_term_string}"},"query-input":{"@type":"PropertyValueSpecification","valueRequired":true,"valueName":"search_term_string"}}],"inLanguage":"fr-FR"},{"@type":"Organization","@id":"https:\/\/www.zuurstofplanten.net\/#organization","name":"Zuurstofplanten.net","url":"https:\/\/www.zuurstofplanten.net\/","logo":{"@type":"ImageObject","inLanguage":"fr-FR","@id":"https:\/\/www.zuurstofplanten.net\/#\/schema\/logo\/image\/","url":"https:\/\/www.zuurstofplanten.net\/wp-content\/uploads\/2024\/10\/zuurstofplanten-logo-1.jpg","contentUrl":"https:\/\/www.zuurstofplanten.net\/wp-content\/uploads\/2024\/10\/zuurstofplanten-logo-1.jpg","width":180,"height":60,"caption":"Zuurstofplanten.net"},"image":{"@id":"https:\/\/www.zuurstofplanten.net\/#\/schema\/logo\/image\/"}}]}},"_links":{"self":[{"href":"https:\/\/www.zuurstofplanten.net\/fr\/wp-json\/wp\/v2\/pages\/970"}],"collection":[{"href":"https:\/\/www.zuurstofplanten.net\/fr\/wp-json\/wp\/v2\/pages"}],"about":[{"href":"https:\/\/www.zuurstofplanten.net\/fr\/wp-json\/wp\/v2\/types\/page"}],"author":[{"embeddable":true,"href":"https:\/\/www.zuurstofplanten.net\/fr\/wp-json\/wp\/v2\/users\/4"}],"replies":[{"embeddable":true,"href":"https:\/\/www.zuurstofplanten.net\/fr\/wp-json\/wp\/v2\/comments?post=970"}],"version-history":[{"count":5,"href":"https:\/\/www.zuurstofplanten.net\/fr\/wp-json\/wp\/v2\/pages\/970\/revisions"}],"predecessor-version":[{"id":978,"href":"https:\/\/www.zuurstofplanten.net\/fr\/wp-json\/wp\/v2\/pages\/970\/revisions\/978"}],"up":[{"embeddable":true,"href":"https:\/\/www.zuurstofplanten.net\/fr\/wp-json\/wp\/v2\/pages\/923"}],"wp:attachment":[{"href":"https:\/\/www.zuurstofplanten.net\/fr\/wp-json\/wp\/v2\/media?parent=970"}],"curies":[{"name":"wp","href":"https:\/\/api.w.org\/{rel}","templated":true}]}}