{"id":958,"date":"2024-10-23T14:57:45","date_gmt":"2024-10-23T14:57:45","guid":{"rendered":"https:\/\/baselinkhosting.nl\/zuurstofplanten\/?page_id=958"},"modified":"2025-05-23T15:05:58","modified_gmt":"2025-05-23T15:05:58","slug":"zuurstofplanten-aanplanten","status":"publish","type":"page","link":"https:\/\/www.zuurstofplanten.net\/fr\/projecten\/zuurstofplanten-aanplanten\/","title":{"rendered":"Planter des plantes oxyg\u00e9n\u00e9es"},"content":{"rendered":"<div data-elementor-type=\"wp-page\" data-elementor-id=\"958\" class=\"elementor elementor-958\" data-elementor-post-type=\"page\">\n\t\t\t\t<div class=\"elementor-element elementor-element-c56bd6d e-flex e-con-boxed e-con e-parent\" data-id=\"c56bd6d\" data-element_type=\"container\" data-e-type=\"container\" data-settings=\"{&quot;background_background&quot;:&quot;classic&quot;}\">\n\t\t\t\t\t<div class=\"e-con-inner\">\n\t\t\t\t<div class=\"elementor-element elementor-element-41fbfee elementor-widget elementor-widget-heading\" data-id=\"41fbfee\" data-element_type=\"widget\" data-e-type=\"widget\" data-widget_type=\"heading.default\">\n\t\t\t\t<div class=\"elementor-widget-container\">\n\t\t\t\t\t<h1 class=\"elementor-heading-title elementor-size-default\">Planter des plantes oxyg\u00e9n\u00e9es<\/h1>\t\t\t\t<\/div>\n\t\t\t\t<\/div>\n\t\t\t\t<div class=\"elementor-element elementor-element-da1ad8b elementor-widget elementor-widget-breadcrumbs\" data-id=\"da1ad8b\" data-element_type=\"widget\" data-e-type=\"widget\" data-widget_type=\"breadcrumbs.default\">\n\t\t\t\t<div class=\"elementor-widget-container\">\n\t\t\t\t\t<p id=\"breadcrumbs\"><span><span><a href=\"https:\/\/www.zuurstofplanten.net\/fr\/\">Accueil<\/a><\/span><\/span><\/p>\t\t\t\t<\/div>\n\t\t\t\t<\/div>\n\t\t\t\t\t<\/div>\n\t\t\t\t<\/div>\n\t\t<div class=\"elementor-element elementor-element-18b59709 e-flex e-con-boxed e-con e-parent\" data-id=\"18b59709\" data-element_type=\"container\" data-e-type=\"container\">\n\t\t\t\t\t<div class=\"e-con-inner\">\n\t\t<div class=\"elementor-element elementor-element-ce70c55 e-grid e-con-full e-con e-child\" data-id=\"ce70c55\" data-element_type=\"container\" data-e-type=\"container\">\n\t\t\t\t<div class=\"elementor-element elementor-element-1377e7fc elementor-widget elementor-widget-text-editor\" data-id=\"1377e7fc\" data-element_type=\"widget\" data-e-type=\"widget\" data-widget_type=\"text-editor.default\">\n\t\t\t\t<div class=\"elementor-widget-container\">\n\t\t\t\t\t\t\t\t\t<p>Dutch Water Tech r\u00e9alise \u00e9galement des projets avec des plantes oxyg\u00e9n\u00e9es ou des plantes aquatiques submerg\u00e9es. Nous le faisons principalement pour les municipalit\u00e9s, les agences de l'eau et le gouvernement national. Nous avons r\u00e9alis\u00e9 divers projets pour, entre autres, la municipalit\u00e9 d'Utrecht, Nissewaard, Rotterdam, Steenbergen, Bergen op Zoom et l'Agence des biens de l'\u00c9tat.<\/p>\t\t\t\t\t\t\t\t<\/div>\n\t\t\t\t<\/div>\n\t\t\t\t<div class=\"elementor-element elementor-element-01e8a37 elementor-widget elementor-widget-image\" data-id=\"01e8a37\" data-element_type=\"widget\" data-e-type=\"widget\" data-widget_type=\"image.default\">\n\t\t\t\t<div class=\"elementor-widget-container\">\n\t\t\t\t\t\t\t\t\t\t\t\t\t\t\t<img fetchpriority=\"high\" decoding=\"async\" width=\"300\" height=\"226\" src=\"https:\/\/www.zuurstofplanten.net\/wp-content\/uploads\/2024\/10\/Aanplant-natuurvriendelijke-oever-Spijkenisse-2-300x226.jpeg\" class=\"attachment-medium size-medium wp-image-966\" alt=\"\" srcset=\"https:\/\/www.zuurstofplanten.net\/wp-content\/uploads\/2024\/10\/Aanplant-natuurvriendelijke-oever-Spijkenisse-2-300x226.jpeg 300w, https:\/\/www.zuurstofplanten.net\/wp-content\/uploads\/2024\/10\/Aanplant-natuurvriendelijke-oever-Spijkenisse-2-768x578.jpeg 768w, https:\/\/www.zuurstofplanten.net\/wp-content\/uploads\/2024\/10\/Aanplant-natuurvriendelijke-oever-Spijkenisse-2.jpeg 800w\" sizes=\"(max-width: 300px) 100vw, 300px\" \/>\t\t\t\t\t\t\t\t\t\t\t\t\t\t\t<\/div>\n\t\t\t\t<\/div>\n\t\t\t\t<\/div>\n\t\t\t\t<div class=\"elementor-element elementor-element-1833ea1f elementor-widget elementor-widget-heading\" data-id=\"1833ea1f\" data-element_type=\"widget\" data-e-type=\"widget\" data-widget_type=\"heading.default\">\n\t\t\t\t<div class=\"elementor-widget-container\">\n\t\t\t\t\t<h3 class=\"elementor-heading-title elementor-size-default\">Importance des objectifs de la DCE<\/h3>\t\t\t\t<\/div>\n\t\t\t\t<\/div>\n\t\t\t\t<div class=\"elementor-element elementor-element-595de649 elementor-widget elementor-widget-text-editor\" data-id=\"595de649\" data-element_type=\"widget\" data-e-type=\"widget\" data-widget_type=\"text-editor.default\">\n\t\t\t\t<div class=\"elementor-widget-container\">\n\t\t\t\t\t\t\t\t\t<p>Avec la directive-cadre sur l'eau (DCE) qui se profile \u00e0 l'horizon, il est important d'aller de l'avant avec la plantation d'oxyg\u00e8ne.<\/p>\t\t\t\t\t\t\t\t<\/div>\n\t\t\t\t<\/div>\n\t\t\t\t<div class=\"elementor-element elementor-element-54daa5b9 elementor-widget elementor-widget-heading\" data-id=\"54daa5b9\" data-element_type=\"widget\" data-e-type=\"widget\" data-widget_type=\"heading.default\">\n\t\t\t\t<div class=\"elementor-widget-container\">\n\t\t\t\t\t<h2 class=\"elementor-heading-title elementor-size-default\">Plantation dans un sol ferme<\/h2>\t\t\t\t<\/div>\n\t\t\t\t<\/div>\n\t\t\t\t<div class=\"elementor-element elementor-element-2214d074 elementor-widget elementor-widget-text-editor\" data-id=\"2214d074\" data-element_type=\"widget\" data-e-type=\"widget\" data-widget_type=\"text-editor.default\">\n\t\t\t\t<div class=\"elementor-widget-container\">\n\t\t\t\t\t\t\t\t\t<p>Si la situation le permet, des plantes oxyg\u00e9n\u00e9es peuvent \u00eatre plant\u00e9es dans le sol solide. Cela est possible si un abaissement temporaire du niveau de l'eau peut \u00eatre r\u00e9alis\u00e9 sur le site du projet. Les plantes doivent rapidement se trouver \u00e0 une profondeur de 40 \u00e0 50 cm, en fonction de l'esp\u00e8ce, ce qui rend difficile la plantation \u00e0 la main dans des eaux profondes.<\/p>\t\t\t\t\t\t\t\t<\/div>\n\t\t\t\t<\/div>\n\t\t\t\t<div class=\"elementor-element elementor-element-26ceda27 elementor-widget elementor-widget-heading\" data-id=\"26ceda27\" data-element_type=\"widget\" data-e-type=\"widget\" data-widget_type=\"heading.default\">\n\t\t\t\t<div class=\"elementor-widget-container\">\n\t\t\t\t\t<h3 class=\"elementor-heading-title elementor-size-default\">M\u00e9thodes alternatives de plantation en eau profonde<\/h3>\t\t\t\t<\/div>\n\t\t\t\t<\/div>\n\t\t\t\t<div class=\"elementor-element elementor-element-3ade1485 elementor-widget elementor-widget-text-editor\" data-id=\"3ade1485\" data-element_type=\"widget\" data-e-type=\"widget\" data-widget_type=\"text-editor.default\">\n\t\t\t\t<div class=\"elementor-widget-container\">\n\t\t\t\t\t\t\t\t\t<p>Heureusement, lorsque l'eau est plus profonde, il existe d'autres options pour planter des plantes \u00e0 oxyg\u00e8ne. Nous travaillons par exemple avec des bo\u00eetes pr\u00eates \u00e0 l'emploi.<\/p>\t\t\t\t\t\t\t\t<\/div>\n\t\t\t\t<\/div>\n\t\t\t\t<div class=\"elementor-element elementor-element-1a9b5d6b elementor-widget elementor-widget-heading\" data-id=\"1a9b5d6b\" data-element_type=\"widget\" data-e-type=\"widget\" data-widget_type=\"heading.default\">\n\t\t\t\t<div class=\"elementor-widget-container\">\n\t\t\t\t\t<h4 class=\"elementor-heading-title elementor-size-default\">Bo\u00eetes contenant des plantes \u00e0 oxyg\u00e8ne<\/h4>\t\t\t\t<\/div>\n\t\t\t\t<\/div>\n\t\t\t\t<div class=\"elementor-element elementor-element-793733d3 elementor-widget elementor-widget-text-editor\" data-id=\"793733d3\" data-element_type=\"widget\" data-e-type=\"widget\" data-widget_type=\"text-editor.default\">\n\t\t\t\t<div class=\"elementor-widget-container\">\n\t\t\t\t\t\t\t\t\t<p>Une feuille de jute est plac\u00e9e dans une bo\u00eete en bois, dans laquelle sont ins\u00e9r\u00e9es les plantes \u00e0 oxyg\u00e8ne et qui est recouverte de boue de lave. Le syst\u00e8me est enti\u00e8rement biod\u00e9gradable, tandis que la boue de lave abrite des bact\u00e9ries qui fournissent des nutriments aux plantes. Ce syst\u00e8me convient \u00e0 une vari\u00e9t\u00e9 d'esp\u00e8ces, telles que le potamot lustr\u00e9, le potamot \u00e9tal\u00e9, l'\u00e9piaire, et bien d'autres.<\/p>\t\t\t\t\t\t\t\t<\/div>\n\t\t\t\t<\/div>\n\t\t\t\t<div class=\"elementor-element elementor-element-2756c61 elementor-widget elementor-widget-heading\" data-id=\"2756c61\" data-element_type=\"widget\" data-e-type=\"widget\" data-widget_type=\"heading.default\">\n\t\t\t\t<div class=\"elementor-widget-container\">\n\t\t\t\t\t<h4 class=\"elementor-heading-title elementor-size-default\">Protection contre les parasites : Procrate<\/h4>\t\t\t\t<\/div>\n\t\t\t\t<\/div>\n\t\t<div class=\"elementor-element elementor-element-c0efe23 e-grid e-con-full e-con e-child\" data-id=\"c0efe23\" data-element_type=\"container\" data-e-type=\"container\">\n\t\t\t\t<div class=\"elementor-element elementor-element-681c896 elementor-widget elementor-widget-text-editor\" data-id=\"681c896\" data-element_type=\"widget\" data-e-type=\"widget\" data-widget_type=\"text-editor.default\">\n\t\t\t\t<div class=\"elementor-widget-container\">\n\t\t\t\t\t\t\t\t\t<p>Pour \u00e9viter que des esp\u00e8ces de poissons comme la carpe ne mangent les jeunes plantes, les bo\u00eetes peuvent \u00eatre combin\u00e9es avec le Procrate, une protection contre le m\u00e2chonnement en biopolym\u00e8re biod\u00e9gradable qui prot\u00e8ge les plantes et favorise leur d\u00e9veloppement.<\/p>\t\t\t\t\t\t\t\t<\/div>\n\t\t\t\t<\/div>\n\t\t\t\t<div class=\"elementor-element elementor-element-e984839 elementor-widget elementor-widget-image\" data-id=\"e984839\" data-element_type=\"widget\" data-e-type=\"widget\" data-widget_type=\"image.default\">\n\t\t\t\t<div class=\"elementor-widget-container\">\n\t\t\t\t\t\t\t\t\t\t\t\t\t\t\t<img decoding=\"async\" width=\"300\" height=\"225\" src=\"https:\/\/www.zuurstofplanten.net\/wp-content\/uploads\/2024\/10\/Procrate-Woerden-300x225.jpg\" class=\"attachment-medium size-medium wp-image-965\" alt=\"\" srcset=\"https:\/\/www.zuurstofplanten.net\/wp-content\/uploads\/2024\/10\/Procrate-Woerden-300x225.jpg 300w, https:\/\/www.zuurstofplanten.net\/wp-content\/uploads\/2024\/10\/Procrate-Woerden-768x576.jpg 768w, https:\/\/www.zuurstofplanten.net\/wp-content\/uploads\/2024\/10\/Procrate-Woerden.jpg 800w\" sizes=\"(max-width: 300px) 100vw, 300px\" \/>\t\t\t\t\t\t\t\t\t\t\t\t\t\t\t<\/div>\n\t\t\t\t<\/div>\n\t\t\t\t<\/div>\n\t\t\t\t<div class=\"elementor-element elementor-element-a026dc9 elementor-widget elementor-widget-heading\" data-id=\"a026dc9\" data-element_type=\"widget\" data-e-type=\"widget\" data-widget_type=\"heading.default\">\n\t\t\t\t<div class=\"elementor-widget-container\">\n\t\t\t\t\t<h4 class=\"elementor-heading-title elementor-size-default\">DWT-REEF : Habitat suppl\u00e9mentaire pour les poissons<\/h4>\t\t\t\t<\/div>\n\t\t\t\t<\/div>\n\t\t\t\t<div class=\"elementor-element elementor-element-63d3fcc elementor-widget elementor-widget-text-editor\" data-id=\"63d3fcc\" data-element_type=\"widget\" data-e-type=\"widget\" data-widget_type=\"text-editor.default\">\n\t\t\t\t<div class=\"elementor-widget-container\">\n\t\t\t\t\t\t\t\t\t<p>Dutch Water Tech propose en outre le syst\u00e8me DWT-REEF, des cages en fer remplies d'\u00e9lagages morts qui cr\u00e9ent un habitat parfait pour les poissons et autres esp\u00e8ces marines. Des bo\u00eetes contenant des plantes \u00e0 oxyg\u00e8ne peuvent \u00eatre plac\u00e9es dans les cages, ce qui \u00e9vite aux plantes d'\u00eatre mang\u00e9es par les grosses carpes et leur permet de se d\u00e9velopper de mani\u00e8re optimale.<\/p>\t\t\t\t\t\t\t\t<\/div>\n\t\t\t\t<\/div>\n\t\t\t\t<div class=\"elementor-element elementor-element-0f018a9 elementor-widget elementor-widget-heading\" data-id=\"0f018a9\" data-element_type=\"widget\" data-e-type=\"widget\" data-widget_type=\"heading.default\">\n\t\t\t\t<div class=\"elementor-widget-container\">\n\t\t\t\t\t<h2 class=\"elementor-heading-title elementor-size-default\">Vous \u00eates int\u00e9ress\u00e9 ou vous avez des questions ?<\/h2>\t\t\t\t<\/div>\n\t\t\t\t<\/div>\n\t\t\t\t<div class=\"elementor-element elementor-element-1d0b98a elementor-widget elementor-widget-text-editor\" data-id=\"1d0b98a\" data-element_type=\"widget\" data-e-type=\"widget\" data-widget_type=\"text-editor.default\">\n\t\t\t\t<div class=\"elementor-widget-container\">\n\t\t\t\t\t\t\t\t\t<p>Vous \u00eates int\u00e9ress\u00e9 par l'un de nos produits ou vous voulez savoir si votre r\u00e9gion est \u00e9ligible ? N'h\u00e9sitez pas \u00e0 nous contacter, nous serons heureux de vous aider !<\/p>\t\t\t\t\t\t\t\t<\/div>\n\t\t\t\t<\/div>\n\t\t\t\t\t<\/div>\n\t\t\t\t<\/div>\n\t\t\t\t<\/div>","protected":false},"excerpt":{"rendered":"<p>Plantes \u00e0 oxyg\u00e8ne Plantation Dutch Water Tech r\u00e9alise \u00e9galement des projets avec des plantes \u00e0 oxyg\u00e8ne ou des plantes aquatiques submerg\u00e9es. Nous le faisons principalement pour les municipalit\u00e9s, les agences de l'eau et le gouvernement national. Nous avons r\u00e9alis\u00e9 divers projets pour, entre autres, la municipalit\u00e9 d'Utrecht, Nissewaard, Rotterdam, Steenbergen, Bergen op Zoom et l'Agence des biens de l'\u00c9tat. Importance des objectifs de la DCE Maintenant que la directive-cadre sur l'eau (DCE) est vraiment pour [...]<\/p>","protected":false},"author":4,"featured_media":0,"parent":923,"menu_order":1,"comment_status":"closed","ping_status":"closed","template":"","meta":{"_acf_changed":false,"iawp_total_views":99,"footnotes":""},"class_list":["post-958","page","type-page","status-publish","hentry"],"acf":[],"yoast_head":"<!-- This site is optimized with the Yoast SEO plugin v25.5 - https:\/\/yoast.com\/wordpress\/plugins\/seo\/ -->\n<title>Zuurstofplanten Aanplanten | Projecten | Zuurstofplanten.net<\/title>\n<meta name=\"description\" content=\"Lees hier meer over diverse aanplantingsmethode die we eerder hebben uitgevoerd voor diverse gemeenten en waterschappen.\" \/>\n<meta name=\"robots\" content=\"index, follow, max-snippet:-1, max-image-preview:large, max-video-preview:-1\" \/>\n<link rel=\"canonical\" href=\"https:\/\/www.zuurstofplanten.net\/fr\/projecten\/zuurstofplanten-aanplanten\/\" \/>\n<meta property=\"og:locale\" content=\"fr_FR\" \/>\n<meta property=\"og:type\" content=\"article\" \/>\n<meta property=\"og:title\" content=\"Zuurstofplanten Aanplanten | Projecten | Zuurstofplanten.net\" \/>\n<meta property=\"og:description\" content=\"Lees hier meer over diverse aanplantingsmethode die we eerder hebben uitgevoerd voor diverse gemeenten en waterschappen.\" \/>\n<meta property=\"og:url\" content=\"https:\/\/www.zuurstofplanten.net\/fr\/projecten\/zuurstofplanten-aanplanten\/\" \/>\n<meta property=\"og:site_name\" content=\"Zuurstofplanten.net\" \/>\n<meta property=\"article:modified_time\" content=\"2025-05-23T15:05:58+00:00\" \/>\n<meta property=\"og:image\" content=\"https:\/\/www.zuurstofplanten.net\/wp-content\/uploads\/2024\/10\/Aanplant-natuurvriendelijke-oever-Spijkenisse-2.jpeg\" \/>\n\t<meta property=\"og:image:width\" content=\"800\" \/>\n\t<meta property=\"og:image:height\" content=\"602\" \/>\n\t<meta property=\"og:image:type\" content=\"image\/jpeg\" \/>\n<meta name=\"twitter:card\" content=\"summary_large_image\" \/>\n<meta name=\"twitter:label1\" content=\"Dur\u00e9e de lecture estim\u00e9e\" \/>\n\t<meta name=\"twitter:data1\" content=\"3 minutes\" \/>\n<script type=\"application\/ld+json\" class=\"yoast-schema-graph\">{\"@context\":\"https:\/\/schema.org\",\"@graph\":[{\"@type\":\"WebPage\",\"@id\":\"https:\/\/www.zuurstofplanten.net\/projecten\/zuurstofplanten-aanplanten\/\",\"url\":\"https:\/\/www.zuurstofplanten.net\/projecten\/zuurstofplanten-aanplanten\/\",\"name\":\"Zuurstofplanten Aanplanten | Projecten | Zuurstofplanten.net\",\"isPartOf\":{\"@id\":\"https:\/\/www.zuurstofplanten.net\/#website\"},\"primaryImageOfPage\":{\"@id\":\"https:\/\/www.zuurstofplanten.net\/projecten\/zuurstofplanten-aanplanten\/#primaryimage\"},\"image\":{\"@id\":\"https:\/\/www.zuurstofplanten.net\/projecten\/zuurstofplanten-aanplanten\/#primaryimage\"},\"thumbnailUrl\":\"https:\/\/www.zuurstofplanten.net\/wp-content\/uploads\/2024\/10\/Aanplant-natuurvriendelijke-oever-Spijkenisse-2-300x226.jpeg\",\"datePublished\":\"2024-10-23T14:57:45+00:00\",\"dateModified\":\"2025-05-23T15:05:58+00:00\",\"description\":\"Lees hier meer over diverse aanplantingsmethode die we eerder hebben uitgevoerd voor diverse gemeenten en waterschappen.\",\"breadcrumb\":{\"@id\":\"https:\/\/www.zuurstofplanten.net\/projecten\/zuurstofplanten-aanplanten\/#breadcrumb\"},\"inLanguage\":\"fr-FR\",\"potentialAction\":[{\"@type\":\"ReadAction\",\"target\":[\"https:\/\/www.zuurstofplanten.net\/projecten\/zuurstofplanten-aanplanten\/\"]}]},{\"@type\":\"ImageObject\",\"inLanguage\":\"fr-FR\",\"@id\":\"https:\/\/www.zuurstofplanten.net\/projecten\/zuurstofplanten-aanplanten\/#primaryimage\",\"url\":\"https:\/\/www.zuurstofplanten.net\/wp-content\/uploads\/2024\/10\/Aanplant-natuurvriendelijke-oever-Spijkenisse-2-300x226.jpeg\",\"contentUrl\":\"https:\/\/www.zuurstofplanten.net\/wp-content\/uploads\/2024\/10\/Aanplant-natuurvriendelijke-oever-Spijkenisse-2-300x226.jpeg\"},{\"@type\":\"BreadcrumbList\",\"@id\":\"https:\/\/www.zuurstofplanten.net\/projecten\/zuurstofplanten-aanplanten\/#breadcrumb\",\"itemListElement\":[{\"@type\":\"ListItem\",\"position\":1,\"name\":\"Home\",\"item\":\"https:\/\/www.zuurstofplanten.net\/\"},{\"@type\":\"ListItem\",\"position\":2,\"name\":\"Projecten\",\"item\":\"https:\/\/www.zuurstofplanten.net\/projecten\/\"},{\"@type\":\"ListItem\",\"position\":3,\"name\":\"Zuurstofplanten Aanplanten\"}]},{\"@type\":\"WebSite\",\"@id\":\"https:\/\/www.zuurstofplanten.net\/#website\",\"url\":\"https:\/\/www.zuurstofplanten.net\/\",\"name\":\"Zuurstofplanten.net\",\"description\":\"\",\"publisher\":{\"@id\":\"https:\/\/www.zuurstofplanten.net\/#organization\"},\"potentialAction\":[{\"@type\":\"SearchAction\",\"target\":{\"@type\":\"EntryPoint\",\"urlTemplate\":\"https:\/\/www.zuurstofplanten.net\/?s={search_term_string}\"},\"query-input\":{\"@type\":\"PropertyValueSpecification\",\"valueRequired\":true,\"valueName\":\"search_term_string\"}}],\"inLanguage\":\"fr-FR\"},{\"@type\":\"Organization\",\"@id\":\"https:\/\/www.zuurstofplanten.net\/#organization\",\"name\":\"Zuurstofplanten.net\",\"url\":\"https:\/\/www.zuurstofplanten.net\/\",\"logo\":{\"@type\":\"ImageObject\",\"inLanguage\":\"fr-FR\",\"@id\":\"https:\/\/www.zuurstofplanten.net\/#\/schema\/logo\/image\/\",\"url\":\"https:\/\/www.zuurstofplanten.net\/wp-content\/uploads\/2024\/10\/zuurstofplanten-logo-1.jpg\",\"contentUrl\":\"https:\/\/www.zuurstofplanten.net\/wp-content\/uploads\/2024\/10\/zuurstofplanten-logo-1.jpg\",\"width\":180,\"height\":60,\"caption\":\"Zuurstofplanten.net\"},\"image\":{\"@id\":\"https:\/\/www.zuurstofplanten.net\/#\/schema\/logo\/image\/\"}}]}<\/script>\n<!-- \/ Yoast SEO plugin. -->","yoast_head_json":{"title":"Plantes \u00e0 oxyg\u00e8ne Plantation | Projets | Oxygenplants.net","description":"Pour en savoir plus sur les diff\u00e9rentes m\u00e9thodes de plantation que nous avons d\u00e9j\u00e0 mises en \u0153uvre pour diverses municipalit\u00e9s et agences de l'eau, cliquez ici.","robots":{"index":"index","follow":"follow","max-snippet":"max-snippet:-1","max-image-preview":"max-image-preview:large","max-video-preview":"max-video-preview:-1"},"canonical":"https:\/\/www.zuurstofplanten.net\/fr\/projecten\/zuurstofplanten-aanplanten\/","og_locale":"fr_FR","og_type":"article","og_title":"Zuurstofplanten Aanplanten | Projecten | Zuurstofplanten.net","og_description":"Lees hier meer over diverse aanplantingsmethode die we eerder hebben uitgevoerd voor diverse gemeenten en waterschappen.","og_url":"https:\/\/www.zuurstofplanten.net\/fr\/projecten\/zuurstofplanten-aanplanten\/","og_site_name":"Zuurstofplanten.net","article_modified_time":"2025-05-23T15:05:58+00:00","og_image":[{"width":800,"height":602,"url":"https:\/\/www.zuurstofplanten.net\/wp-content\/uploads\/2024\/10\/Aanplant-natuurvriendelijke-oever-Spijkenisse-2.jpeg","type":"image\/jpeg"}],"twitter_card":"summary_large_image","twitter_misc":{"Dur\u00e9e de lecture estim\u00e9e":"3 minutes"},"schema":{"@context":"https:\/\/schema.org","@graph":[{"@type":"WebPage","@id":"https:\/\/www.zuurstofplanten.net\/projecten\/zuurstofplanten-aanplanten\/","url":"https:\/\/www.zuurstofplanten.net\/projecten\/zuurstofplanten-aanplanten\/","name":"Plantes \u00e0 oxyg\u00e8ne Plantation | Projets | Oxygenplants.net","isPartOf":{"@id":"https:\/\/www.zuurstofplanten.net\/#website"},"primaryImageOfPage":{"@id":"https:\/\/www.zuurstofplanten.net\/projecten\/zuurstofplanten-aanplanten\/#primaryimage"},"image":{"@id":"https:\/\/www.zuurstofplanten.net\/projecten\/zuurstofplanten-aanplanten\/#primaryimage"},"thumbnailUrl":"https:\/\/www.zuurstofplanten.net\/wp-content\/uploads\/2024\/10\/Aanplant-natuurvriendelijke-oever-Spijkenisse-2-300x226.jpeg","datePublished":"2024-10-23T14:57:45+00:00","dateModified":"2025-05-23T15:05:58+00:00","description":"Pour en savoir plus sur les diff\u00e9rentes m\u00e9thodes de plantation que nous avons d\u00e9j\u00e0 mises en \u0153uvre pour diverses municipalit\u00e9s et agences de l'eau, cliquez ici.","breadcrumb":{"@id":"https:\/\/www.zuurstofplanten.net\/projecten\/zuurstofplanten-aanplanten\/#breadcrumb"},"inLanguage":"fr-FR","potentialAction":[{"@type":"ReadAction","target":["https:\/\/www.zuurstofplanten.net\/projecten\/zuurstofplanten-aanplanten\/"]}]},{"@type":"ImageObject","inLanguage":"fr-FR","@id":"https:\/\/www.zuurstofplanten.net\/projecten\/zuurstofplanten-aanplanten\/#primaryimage","url":"https:\/\/www.zuurstofplanten.net\/wp-content\/uploads\/2024\/10\/Aanplant-natuurvriendelijke-oever-Spijkenisse-2-300x226.jpeg","contentUrl":"https:\/\/www.zuurstofplanten.net\/wp-content\/uploads\/2024\/10\/Aanplant-natuurvriendelijke-oever-Spijkenisse-2-300x226.jpeg"},{"@type":"BreadcrumbList","@id":"https:\/\/www.zuurstofplanten.net\/projecten\/zuurstofplanten-aanplanten\/#breadcrumb","itemListElement":[{"@type":"ListItem","position":1,"name":"Home","item":"https:\/\/www.zuurstofplanten.net\/"},{"@type":"ListItem","position":2,"name":"Projecten","item":"https:\/\/www.zuurstofplanten.net\/projecten\/"},{"@type":"ListItem","position":3,"name":"Zuurstofplanten Aanplanten"}]},{"@type":"WebSite","@id":"https:\/\/www.zuurstofplanten.net\/#website","url":"https:\/\/www.zuurstofplanten.net\/","name":"Zuurstofplanten.net","description":"","publisher":{"@id":"https:\/\/www.zuurstofplanten.net\/#organization"},"potentialAction":[{"@type":"SearchAction","target":{"@type":"EntryPoint","urlTemplate":"https:\/\/www.zuurstofplanten.net\/?s={search_term_string}"},"query-input":{"@type":"PropertyValueSpecification","valueRequired":true,"valueName":"search_term_string"}}],"inLanguage":"fr-FR"},{"@type":"Organization","@id":"https:\/\/www.zuurstofplanten.net\/#organization","name":"Zuurstofplanten.net","url":"https:\/\/www.zuurstofplanten.net\/","logo":{"@type":"ImageObject","inLanguage":"fr-FR","@id":"https:\/\/www.zuurstofplanten.net\/#\/schema\/logo\/image\/","url":"https:\/\/www.zuurstofplanten.net\/wp-content\/uploads\/2024\/10\/zuurstofplanten-logo-1.jpg","contentUrl":"https:\/\/www.zuurstofplanten.net\/wp-content\/uploads\/2024\/10\/zuurstofplanten-logo-1.jpg","width":180,"height":60,"caption":"Zuurstofplanten.net"},"image":{"@id":"https:\/\/www.zuurstofplanten.net\/#\/schema\/logo\/image\/"}}]}},"_links":{"self":[{"href":"https:\/\/www.zuurstofplanten.net\/fr\/wp-json\/wp\/v2\/pages\/958","targetHints":{"allow":["GET"]}}],"collection":[{"href":"https:\/\/www.zuurstofplanten.net\/fr\/wp-json\/wp\/v2\/pages"}],"about":[{"href":"https:\/\/www.zuurstofplanten.net\/fr\/wp-json\/wp\/v2\/types\/page"}],"author":[{"embeddable":true,"href":"https:\/\/www.zuurstofplanten.net\/fr\/wp-json\/wp\/v2\/users\/4"}],"replies":[{"embeddable":true,"href":"https:\/\/www.zuurstofplanten.net\/fr\/wp-json\/wp\/v2\/comments?post=958"}],"version-history":[{"count":11,"href":"https:\/\/www.zuurstofplanten.net\/fr\/wp-json\/wp\/v2\/pages\/958\/revisions"}],"predecessor-version":[{"id":1977,"href":"https:\/\/www.zuurstofplanten.net\/fr\/wp-json\/wp\/v2\/pages\/958\/revisions\/1977"}],"up":[{"embeddable":true,"href":"https:\/\/www.zuurstofplanten.net\/fr\/wp-json\/wp\/v2\/pages\/923"}],"wp:attachment":[{"href":"https:\/\/www.zuurstofplanten.net\/fr\/wp-json\/wp\/v2\/media?parent=958"}],"curies":[{"name":"wp","href":"https:\/\/api.w.org\/{rel}","templated":true}]}}