{"id":938,"date":"2024-10-23T14:05:07","date_gmt":"2024-10-23T14:05:07","guid":{"rendered":"https:\/\/baselinkhosting.nl\/zuurstofplanten\/?page_id=938"},"modified":"2025-05-23T15:04:46","modified_gmt":"2025-05-23T15:04:46","slug":"plantdiepte-zuurstofplanten","status":"publish","type":"page","link":"https:\/\/www.zuurstofplanten.net\/fr\/kennisbank\/plantdiepte-zuurstofplanten\/","title":{"rendered":"Profondeur de plantation Plantes oxyg\u00e9n\u00e9es"},"content":{"rendered":"<div data-elementor-type=\"wp-page\" data-elementor-id=\"938\" class=\"elementor elementor-938\" data-elementor-post-type=\"page\">\n\t\t\t\t<div class=\"elementor-element elementor-element-35fd685 e-flex e-con-boxed e-con e-parent\" data-id=\"35fd685\" data-element_type=\"container\" data-e-type=\"container\" data-settings=\"{&quot;background_background&quot;:&quot;classic&quot;}\">\n\t\t\t\t\t<div class=\"e-con-inner\">\n\t\t\t\t<div class=\"elementor-element elementor-element-597ed6c elementor-widget elementor-widget-heading\" data-id=\"597ed6c\" data-element_type=\"widget\" data-e-type=\"widget\" data-widget_type=\"heading.default\">\n\t\t\t\t<div class=\"elementor-widget-container\">\n\t\t\t\t\t<h1 class=\"elementor-heading-title elementor-size-default\">Profondeur de plantation Plantes d'\u00e9tang<\/h1>\t\t\t\t<\/div>\n\t\t\t\t<\/div>\n\t\t\t\t<div class=\"elementor-element elementor-element-43beca5 elementor-widget elementor-widget-breadcrumbs\" data-id=\"43beca5\" data-element_type=\"widget\" data-e-type=\"widget\" data-widget_type=\"breadcrumbs.default\">\n\t\t\t\t<div class=\"elementor-widget-container\">\n\t\t\t\t\t<p id=\"breadcrumbs\"><span><span><a href=\"https:\/\/www.zuurstofplanten.net\/fr\/\">Accueil<\/a><\/span><\/span><\/p>\t\t\t\t<\/div>\n\t\t\t\t<\/div>\n\t\t\t\t\t<\/div>\n\t\t\t\t<\/div>\n\t\t<div class=\"elementor-element elementor-element-3e815ddd e-flex e-con-boxed e-con e-parent\" data-id=\"3e815ddd\" data-element_type=\"container\" data-e-type=\"container\">\n\t\t\t\t\t<div class=\"e-con-inner\">\n\t\t\t\t<div class=\"elementor-element elementor-element-412fabc2 elementor-widget elementor-widget-heading\" data-id=\"412fabc2\" data-element_type=\"widget\" data-e-type=\"widget\" data-widget_type=\"heading.default\">\n\t\t\t\t<div class=\"elementor-widget-container\">\n\t\t\t\t\t<h2 class=\"elementor-heading-title elementor-size-default\">\u00c0 quelle profondeur dois-je planter les esp\u00e8ces enracin\u00e9es ?<\/h2>\t\t\t\t<\/div>\n\t\t\t\t<\/div>\n\t\t\t\t<div class=\"elementor-element elementor-element-4b12975a elementor-widget elementor-widget-text-editor\" data-id=\"4b12975a\" data-element_type=\"widget\" data-e-type=\"widget\" data-widget_type=\"text-editor.default\">\n\t\t\t\t<div class=\"elementor-widget-container\">\n\t\t\t\t\t\t\t\t\t<p>Cela diff\u00e8re selon les plantes. Sur cette page et dans la boutique en ligne, vous pouvez voir dans l'aper\u00e7u \u00e0 quelle profondeur l'esp\u00e8ce que vous avez command\u00e9e peut \u00eatre plant\u00e9e. (Par exemple, le potamot - l'aper\u00e7u montre qu'il peut \u00eatre plant\u00e9 entre 50 et 150 cm de profondeur.<\/p>\t\t\t\t\t\t\t\t<\/div>\n\t\t\t\t<\/div>\n\t\t\t\t<div class=\"elementor-element elementor-element-4c0ccca elementor-widget elementor-widget-heading\" data-id=\"4c0ccca\" data-element_type=\"widget\" data-e-type=\"widget\" data-widget_type=\"heading.default\">\n\t\t\t\t<div class=\"elementor-widget-container\">\n\t\t\t\t\t<h2 class=\"elementor-heading-title elementor-size-default\">Acheter des plantes \u00e0 oxyg\u00e8ne ?<\/h2>\t\t\t\t<\/div>\n\t\t\t\t<\/div>\n\t\t\t\t<div class=\"elementor-element elementor-element-6079e84f elementor-widget elementor-widget-text-editor\" data-id=\"6079e84f\" data-element_type=\"widget\" data-e-type=\"widget\" data-widget_type=\"text-editor.default\">\n\t\t\t\t<div class=\"elementor-widget-container\">\n\t\t\t\t\t\t\t\t\tChez notre partenaire commercial<a href=\"https:\/\/vijvermeester.nl\/zuurstofplanten.html?utm_source=affiliate&#038;utm_medium=partner&#038;utm_campaign=zuurstofplanten_net&#038;utm_content=zuurstofplanten_kopen\" rel=\"nofollow\">\u00a0Vijvermeester.nl<\/a>\u00a0diverses esp\u00e8ces de plantes oxyg\u00e9n\u00e9es sont en vente pendant la saison, n'h\u00e9sitez pas \u00e0 y jeter un coup d'\u0153il !\t\t\t\t\t\t\t\t<\/div>\n\t\t\t\t<\/div>\n\t\t\t\t\t<\/div>\n\t\t\t\t<\/div>\n\t\t\t\t<\/div>","protected":false},"excerpt":{"rendered":"<p>Profondeur de plantation Plantes d'\u00e9tang A quelle profondeur dois-je planter les esp\u00e8ces enracin\u00e9es ? Cela varie en fonction de la plante. Sur cette page et dans la boutique en ligne, vous pouvez voir dans l'aper\u00e7u \u00e0 quelle profondeur l'esp\u00e8ce que vous avez command\u00e9e peut \u00eatre plant\u00e9e. (Par exemple, le potamot - dans l'aper\u00e7u, vous pouvez voir qu'il doit \u00eatre plant\u00e9 entre 50 et 150 cm de profondeur [...].<\/p>","protected":false},"author":4,"featured_media":0,"parent":11,"menu_order":7,"comment_status":"closed","ping_status":"closed","template":"","meta":{"_acf_changed":false,"iawp_total_views":42,"footnotes":""},"class_list":["post-938","page","type-page","status-publish","hentry"],"acf":[],"yoast_head":"<!-- This site is optimized with the Yoast SEO plugin v25.5 - https:\/\/yoast.com\/wordpress\/plugins\/seo\/ -->\n<title>Welke Plantdiepte heeft mijn Vijverplant? | Zuurstofplanten<\/title>\n<meta name=\"description\" content=\"De diepte van het aanplanten is belangrijk bij de aanleg van uw vijver. Lees hier meer over de plantdiepte van diverse planten.\" \/>\n<meta name=\"robots\" content=\"index, follow, max-snippet:-1, max-image-preview:large, max-video-preview:-1\" \/>\n<link rel=\"canonical\" href=\"https:\/\/www.zuurstofplanten.net\/fr\/kennisbank\/plantdiepte-zuurstofplanten\/\" \/>\n<meta property=\"og:locale\" content=\"fr_FR\" \/>\n<meta property=\"og:type\" content=\"article\" \/>\n<meta property=\"og:title\" content=\"Welke Plantdiepte heeft mijn Vijverplant? | Zuurstofplanten\" \/>\n<meta property=\"og:description\" content=\"De diepte van het aanplanten is belangrijk bij de aanleg van uw vijver. Lees hier meer over de plantdiepte van diverse planten.\" \/>\n<meta property=\"og:url\" content=\"https:\/\/www.zuurstofplanten.net\/fr\/kennisbank\/plantdiepte-zuurstofplanten\/\" \/>\n<meta property=\"og:site_name\" content=\"Zuurstofplanten.net\" \/>\n<meta property=\"article:modified_time\" content=\"2025-05-23T15:04:46+00:00\" \/>\n<meta name=\"twitter:card\" content=\"summary_large_image\" \/>\n<meta name=\"twitter:label1\" content=\"Dur\u00e9e de lecture estim\u00e9e\" \/>\n\t<meta name=\"twitter:data1\" content=\"1 minute\" \/>\n<script type=\"application\/ld+json\" class=\"yoast-schema-graph\">{\"@context\":\"https:\/\/schema.org\",\"@graph\":[{\"@type\":\"WebPage\",\"@id\":\"https:\/\/www.zuurstofplanten.net\/kennisbank\/plantdiepte-zuurstofplanten\/\",\"url\":\"https:\/\/www.zuurstofplanten.net\/kennisbank\/plantdiepte-zuurstofplanten\/\",\"name\":\"Welke Plantdiepte heeft mijn Vijverplant? | Zuurstofplanten\",\"isPartOf\":{\"@id\":\"https:\/\/www.zuurstofplanten.net\/#website\"},\"datePublished\":\"2024-10-23T14:05:07+00:00\",\"dateModified\":\"2025-05-23T15:04:46+00:00\",\"description\":\"De diepte van het aanplanten is belangrijk bij de aanleg van uw vijver. Lees hier meer over de plantdiepte van diverse planten.\",\"breadcrumb\":{\"@id\":\"https:\/\/www.zuurstofplanten.net\/kennisbank\/plantdiepte-zuurstofplanten\/#breadcrumb\"},\"inLanguage\":\"fr-FR\",\"potentialAction\":[{\"@type\":\"ReadAction\",\"target\":[\"https:\/\/www.zuurstofplanten.net\/kennisbank\/plantdiepte-zuurstofplanten\/\"]}]},{\"@type\":\"BreadcrumbList\",\"@id\":\"https:\/\/www.zuurstofplanten.net\/kennisbank\/plantdiepte-zuurstofplanten\/#breadcrumb\",\"itemListElement\":[{\"@type\":\"ListItem\",\"position\":1,\"name\":\"Home\",\"item\":\"https:\/\/www.zuurstofplanten.net\/\"},{\"@type\":\"ListItem\",\"position\":2,\"name\":\"Kennisbank\",\"item\":\"https:\/\/www.zuurstofplanten.net\/kennisbank\/\"},{\"@type\":\"ListItem\",\"position\":3,\"name\":\"Plantdiepte Zuurstofplanten\"}]},{\"@type\":\"WebSite\",\"@id\":\"https:\/\/www.zuurstofplanten.net\/#website\",\"url\":\"https:\/\/www.zuurstofplanten.net\/\",\"name\":\"Zuurstofplanten.net\",\"description\":\"\",\"publisher\":{\"@id\":\"https:\/\/www.zuurstofplanten.net\/#organization\"},\"potentialAction\":[{\"@type\":\"SearchAction\",\"target\":{\"@type\":\"EntryPoint\",\"urlTemplate\":\"https:\/\/www.zuurstofplanten.net\/?s={search_term_string}\"},\"query-input\":{\"@type\":\"PropertyValueSpecification\",\"valueRequired\":true,\"valueName\":\"search_term_string\"}}],\"inLanguage\":\"fr-FR\"},{\"@type\":\"Organization\",\"@id\":\"https:\/\/www.zuurstofplanten.net\/#organization\",\"name\":\"Zuurstofplanten.net\",\"url\":\"https:\/\/www.zuurstofplanten.net\/\",\"logo\":{\"@type\":\"ImageObject\",\"inLanguage\":\"fr-FR\",\"@id\":\"https:\/\/www.zuurstofplanten.net\/#\/schema\/logo\/image\/\",\"url\":\"https:\/\/www.zuurstofplanten.net\/wp-content\/uploads\/2024\/10\/zuurstofplanten-logo-1.jpg\",\"contentUrl\":\"https:\/\/www.zuurstofplanten.net\/wp-content\/uploads\/2024\/10\/zuurstofplanten-logo-1.jpg\",\"width\":180,\"height\":60,\"caption\":\"Zuurstofplanten.net\"},\"image\":{\"@id\":\"https:\/\/www.zuurstofplanten.net\/#\/schema\/logo\/image\/\"}}]}<\/script>\n<!-- \/ Yoast SEO plugin. -->","yoast_head_json":{"title":"Quelle est la profondeur de plantation de ma plante de bassin ?","description":"La profondeur de plantation est importante lors de la construction de votre \u00e9tang. Pour en savoir plus sur la profondeur de plantation de diff\u00e9rentes plantes, cliquez ici.","robots":{"index":"index","follow":"follow","max-snippet":"max-snippet:-1","max-image-preview":"max-image-preview:large","max-video-preview":"max-video-preview:-1"},"canonical":"https:\/\/www.zuurstofplanten.net\/fr\/kennisbank\/plantdiepte-zuurstofplanten\/","og_locale":"fr_FR","og_type":"article","og_title":"Welke Plantdiepte heeft mijn Vijverplant? | Zuurstofplanten","og_description":"De diepte van het aanplanten is belangrijk bij de aanleg van uw vijver. Lees hier meer over de plantdiepte van diverse planten.","og_url":"https:\/\/www.zuurstofplanten.net\/fr\/kennisbank\/plantdiepte-zuurstofplanten\/","og_site_name":"Zuurstofplanten.net","article_modified_time":"2025-05-23T15:04:46+00:00","twitter_card":"summary_large_image","twitter_misc":{"Dur\u00e9e de lecture estim\u00e9e":"1 minute"},"schema":{"@context":"https:\/\/schema.org","@graph":[{"@type":"WebPage","@id":"https:\/\/www.zuurstofplanten.net\/kennisbank\/plantdiepte-zuurstofplanten\/","url":"https:\/\/www.zuurstofplanten.net\/kennisbank\/plantdiepte-zuurstofplanten\/","name":"Quelle est la profondeur de plantation de ma plante de bassin ?","isPartOf":{"@id":"https:\/\/www.zuurstofplanten.net\/#website"},"datePublished":"2024-10-23T14:05:07+00:00","dateModified":"2025-05-23T15:04:46+00:00","description":"La profondeur de plantation est importante lors de la construction de votre \u00e9tang. Pour en savoir plus sur la profondeur de plantation de diff\u00e9rentes plantes, cliquez ici.","breadcrumb":{"@id":"https:\/\/www.zuurstofplanten.net\/kennisbank\/plantdiepte-zuurstofplanten\/#breadcrumb"},"inLanguage":"fr-FR","potentialAction":[{"@type":"ReadAction","target":["https:\/\/www.zuurstofplanten.net\/kennisbank\/plantdiepte-zuurstofplanten\/"]}]},{"@type":"BreadcrumbList","@id":"https:\/\/www.zuurstofplanten.net\/kennisbank\/plantdiepte-zuurstofplanten\/#breadcrumb","itemListElement":[{"@type":"ListItem","position":1,"name":"Home","item":"https:\/\/www.zuurstofplanten.net\/"},{"@type":"ListItem","position":2,"name":"Kennisbank","item":"https:\/\/www.zuurstofplanten.net\/kennisbank\/"},{"@type":"ListItem","position":3,"name":"Plantdiepte Zuurstofplanten"}]},{"@type":"WebSite","@id":"https:\/\/www.zuurstofplanten.net\/#website","url":"https:\/\/www.zuurstofplanten.net\/","name":"Zuurstofplanten.net","description":"","publisher":{"@id":"https:\/\/www.zuurstofplanten.net\/#organization"},"potentialAction":[{"@type":"SearchAction","target":{"@type":"EntryPoint","urlTemplate":"https:\/\/www.zuurstofplanten.net\/?s={search_term_string}"},"query-input":{"@type":"PropertyValueSpecification","valueRequired":true,"valueName":"search_term_string"}}],"inLanguage":"fr-FR"},{"@type":"Organization","@id":"https:\/\/www.zuurstofplanten.net\/#organization","name":"Zuurstofplanten.net","url":"https:\/\/www.zuurstofplanten.net\/","logo":{"@type":"ImageObject","inLanguage":"fr-FR","@id":"https:\/\/www.zuurstofplanten.net\/#\/schema\/logo\/image\/","url":"https:\/\/www.zuurstofplanten.net\/wp-content\/uploads\/2024\/10\/zuurstofplanten-logo-1.jpg","contentUrl":"https:\/\/www.zuurstofplanten.net\/wp-content\/uploads\/2024\/10\/zuurstofplanten-logo-1.jpg","width":180,"height":60,"caption":"Zuurstofplanten.net"},"image":{"@id":"https:\/\/www.zuurstofplanten.net\/#\/schema\/logo\/image\/"}}]}},"_links":{"self":[{"href":"https:\/\/www.zuurstofplanten.net\/fr\/wp-json\/wp\/v2\/pages\/938","targetHints":{"allow":["GET"]}}],"collection":[{"href":"https:\/\/www.zuurstofplanten.net\/fr\/wp-json\/wp\/v2\/pages"}],"about":[{"href":"https:\/\/www.zuurstofplanten.net\/fr\/wp-json\/wp\/v2\/types\/page"}],"author":[{"embeddable":true,"href":"https:\/\/www.zuurstofplanten.net\/fr\/wp-json\/wp\/v2\/users\/4"}],"replies":[{"embeddable":true,"href":"https:\/\/www.zuurstofplanten.net\/fr\/wp-json\/wp\/v2\/comments?post=938"}],"version-history":[{"count":11,"href":"https:\/\/www.zuurstofplanten.net\/fr\/wp-json\/wp\/v2\/pages\/938\/revisions"}],"predecessor-version":[{"id":1971,"href":"https:\/\/www.zuurstofplanten.net\/fr\/wp-json\/wp\/v2\/pages\/938\/revisions\/1971"}],"up":[{"embeddable":true,"href":"https:\/\/www.zuurstofplanten.net\/fr\/wp-json\/wp\/v2\/pages\/11"}],"wp:attachment":[{"href":"https:\/\/www.zuurstofplanten.net\/fr\/wp-json\/wp\/v2\/media?parent=938"}],"curies":[{"name":"wp","href":"https:\/\/api.w.org\/{rel}","templated":true}]}}