{"id":929,"date":"2024-10-23T13:48:30","date_gmt":"2024-10-23T13:48:30","guid":{"rendered":"https:\/\/baselinkhosting.nl\/zuurstofplanten\/?page_id=929"},"modified":"2025-05-23T15:07:36","modified_gmt":"2025-05-23T15:07:36","slug":"lutte-contre-les-algues-porteuses","status":"publish","type":"page","link":"https:\/\/www.zuurstofplanten.net\/fr\/base-de-connaissances\/lutte-contre-les-algues-porteuses\/","title":{"rendered":"Lutte contre les algues porteuses"},"content":{"rendered":"<div data-elementor-type=\"wp-page\" data-elementor-id=\"929\" class=\"elementor elementor-929\" data-elementor-post-type=\"page\">\n\t\t\t\t<div class=\"elementor-element elementor-element-ca668a3 e-flex e-con-boxed e-con e-parent\" data-id=\"ca668a3\" data-element_type=\"container\" data-e-type=\"container\" data-settings=\"{&quot;background_background&quot;:&quot;classic&quot;}\">\n\t\t\t\t\t<div class=\"e-con-inner\">\n\t\t\t\t<div class=\"elementor-element elementor-element-0fa8d37 elementor-widget elementor-widget-heading\" data-id=\"0fa8d37\" data-element_type=\"widget\" data-e-type=\"widget\" data-widget_type=\"heading.default\">\n\t\t\t\t<div class=\"elementor-widget-container\">\n\t\t\t\t\t<h1 class=\"elementor-heading-title elementor-size-default\">Lutte contre les algues filamenteuses<\/h1>\t\t\t\t<\/div>\n\t\t\t\t<\/div>\n\t\t\t\t<div class=\"elementor-element elementor-element-8a29649 elementor-widget elementor-widget-breadcrumbs\" data-id=\"8a29649\" data-element_type=\"widget\" data-e-type=\"widget\" data-widget_type=\"breadcrumbs.default\">\n\t\t\t\t<div class=\"elementor-widget-container\">\n\t\t\t\t\t<p id=\"breadcrumbs\"><span><span><a href=\"https:\/\/www.zuurstofplanten.net\/fr\/\">Accueil<\/a><\/span><\/span><\/p>\t\t\t\t<\/div>\n\t\t\t\t<\/div>\n\t\t\t\t\t<\/div>\n\t\t\t\t<\/div>\n\t\t<div class=\"elementor-element elementor-element-6c3eb0b5 e-flex e-con-boxed e-con e-parent\" data-id=\"6c3eb0b5\" data-element_type=\"container\" data-e-type=\"container\">\n\t\t\t\t\t<div class=\"e-con-inner\">\n\t\t\t\t<div class=\"elementor-element elementor-element-48eefbed elementor-widget elementor-widget-heading\" data-id=\"48eefbed\" data-element_type=\"widget\" data-e-type=\"widget\" data-widget_type=\"heading.default\">\n\t\t\t\t<div class=\"elementor-widget-container\">\n\t\t\t\t\t<h2 class=\"elementor-heading-title elementor-size-default\">Combattre les algues filamenteuses dans l'\u00e9tang<\/h2>\t\t\t\t<\/div>\n\t\t\t\t<\/div>\n\t\t\t\t<div class=\"elementor-element elementor-element-7fa262f0 elementor-widget elementor-widget-text-editor\" data-id=\"7fa262f0\" data-element_type=\"widget\" data-e-type=\"widget\" data-widget_type=\"text-editor.default\">\n\t\t\t\t<div class=\"elementor-widget-container\">\n\t\t\t\t\t\t\t\t\t<p>La formation d'algues filamenteuses est l'une des choses les plus g\u00eanantes dans un \u00e9tang. Presque tous les propri\u00e9taires de bassins en souffrent de temps en temps. Ces algues s'attachent aux plantes, au rev\u00eatement, aux pierres et \u00e0 presque tout ce qui se trouve dans l'eau. Ces algues forment de longs fils verts et ne doivent pas \u00eatre confondues avec les algues flottantes, qui rendent l'eau verte. Les algues filamenteuses font partie int\u00e9grante d'un \u00e9tang et, en g\u00e9n\u00e9ral, une croissance mod\u00e9r\u00e9e de ces algues est un signe que l'\u00e9tang est assez bien \u00e9quilibr\u00e9. Tr\u00e8s probablement, l'eau est claire et les plantes oxyg\u00e9n\u00e9es poussent bien. C'est une bonne nouvelle \u00e0 cet \u00e9gard.<\/p>\t\t\t\t\t\t\t\t<\/div>\n\t\t\t\t<\/div>\n\t\t\t\t<div class=\"elementor-element elementor-element-1dcba505 elementor-widget elementor-widget-heading\" data-id=\"1dcba505\" data-element_type=\"widget\" data-e-type=\"widget\" data-widget_type=\"heading.default\">\n\t\t\t\t<div class=\"elementor-widget-container\">\n\t\t\t\t\t<h3 class=\"elementor-heading-title elementor-size-default\">Comment les algues filamenteuses se forment-elles dans votre \u00e9tang ?<\/h3>\t\t\t\t<\/div>\n\t\t\t\t<\/div>\n\t\t\t\t<div class=\"elementor-element elementor-element-4c78f6dd elementor-widget elementor-widget-text-editor\" data-id=\"4c78f6dd\" data-element_type=\"widget\" data-e-type=\"widget\" data-widget_type=\"text-editor.default\">\n\t\t\t\t<div class=\"elementor-widget-container\">\n\t\t\t\t\t\t\t\t\t<p>L'algue filiforme ressemble un peu aux mauvaises herbes du jardin. Dans l'\u00e9tang, elles partagent les nutriments avec les plantes aquatiques. Les algues filamenteuses \u00e9tant des organismes plus petits, elles peuvent r\u00e9agir tr\u00e8s rapidement, plus rapidement que les plantes, \u00e0 la lumi\u00e8re du soleil. Elles peuvent donc se d\u00e9velopper de mani\u00e8re explosive. Le bouillon vert n'est pas beau \u00e0 voir, mais comment s'en d\u00e9barrasser ?<\/p><p>Lorsque les algues filamenteuses sont tr\u00e8s abondantes dans l'\u00e9tang, il se peut que l'\u00e9quilibre des nutriments soit perturb\u00e9. Un exc\u00e8s de phosphate, principalement disponible \u00e0 l'\u00e9tat libre, peut entra\u00eener une \u00e9norme prolif\u00e9ration des algues. Souvent, l'eau devient alors verd\u00e2tre (<strong>eau verte<\/strong>), mais cela n'est pas toujours n\u00e9cessaire. Les nutriments sont lib\u00e9r\u00e9s dans l'\u00e9tang par la digestion des mati\u00e8res organiques mortes, telles que les feuilles envahissantes et les plantes aquatiques mortes, mais aussi, par exemple, par les excr\u00e9ments des poissons ou la d\u00e9composition de l'exc\u00e8s de nourriture pour poissons.<\/p>\t\t\t\t\t\t\t\t<\/div>\n\t\t\t\t<\/div>\n\t\t\t\t<div class=\"elementor-element elementor-element-6383fe3c elementor-widget elementor-widget-heading\" data-id=\"6383fe3c\" data-element_type=\"widget\" data-e-type=\"widget\" data-widget_type=\"heading.default\">\n\t\t\t\t<div class=\"elementor-widget-container\">\n\t\t\t\t\t<h4 class=\"elementor-heading-title elementor-size-default\">\u00c9limination des algues en fil de fer avec les escargots de Poil<\/h4>\t\t\t\t<\/div>\n\t\t\t\t<\/div>\n\t\t\t\t<div class=\"elementor-element elementor-element-fc48b88 elementor-widget elementor-widget-text-editor\" data-id=\"fc48b88\" data-element_type=\"widget\" data-e-type=\"widget\" data-widget_type=\"text-editor.default\">\n\t\t\t\t<div class=\"elementor-widget-container\">\n\t\t\t\t\t\t\t\t\t<p>Une technique int\u00e9ressante pour \u00e9liminer les algues filamenteuses consiste \u00e0 utiliser des escargots d'eau tels que les escargots de Poil, les escargots de Marais et les escargots de Posthorn. Ces escargots sont de v\u00e9ritables\u00a0<strong>Mangeurs d'algues<\/strong>. Ces animaux ont les algues \u00e0 leur menu et laisseront vos plantes tranquilles. Ces \"vaches aquatiques\" broutent continuellement les feuilles, les pierres et vos plantes, mangeant les algues. Avec le temps, vous trouverez \u00e9galement des sacs d'\u0153ufs, signe que les escargots se reproduisent.<\/p>\t\t\t\t\t\t\t\t<\/div>\n\t\t\t\t<\/div>\n\t\t\t\t<div class=\"elementor-element elementor-element-3786778e elementor-widget elementor-widget-heading\" data-id=\"3786778e\" data-element_type=\"widget\" data-e-type=\"widget\" data-widget_type=\"heading.default\">\n\t\t\t\t<div class=\"elementor-widget-container\">\n\t\t\t\t\t<h4 class=\"elementor-heading-title elementor-size-default\">\u00c9limination des algues \u00e0 fil avec des r\u00e9sultats efficaces !<\/h4>\t\t\t\t<\/div>\n\t\t\t\t<\/div>\n\t\t<div class=\"elementor-element elementor-element-68bd89c e-grid e-con-full e-con e-child\" data-id=\"68bd89c\" data-element_type=\"container\" data-e-type=\"container\">\n\t\t\t\t<div class=\"elementor-element elementor-element-47f90b2a elementor-widget elementor-widget-text-editor\" data-id=\"47f90b2a\" data-element_type=\"widget\" data-e-type=\"widget\" data-widget_type=\"text-editor.default\">\n\t\t\t\t<div class=\"elementor-widget-container\">\n\t\t\t\t\t\t\t\t\t<p>L'image ci-dessous montre l'efficacit\u00e9 de ces escargots dans la lutte contre le biofilm et les algues filamenteuses. Dans un aquarium test, nous avons ajout\u00e9 de l'engrais. Au bout de quelques semaines, une grande quantit\u00e9 d'algues s'est d\u00e9velopp\u00e9e. Dans cet aquarium, nous avons plac\u00e9 un nombre important d'escargots. Apr\u00e8s un jour, le r\u00e9sultat est tr\u00e8s bon. Dans votre \u00e9tang, le processus sera un peu plus lent ; bien s\u00fbr, il y a beaucoup d'escargots dans un petit espace de l'aquarium. Donnez un peu de temps \u00e0 ces toppers et votre \u00e9tang en b\u00e9n\u00e9ficiera grandement !<\/p>\t\t\t\t\t\t\t\t<\/div>\n\t\t\t\t<\/div>\n\t\t\t\t<div class=\"elementor-element elementor-element-874d73d elementor-widget elementor-widget-image\" data-id=\"874d73d\" data-element_type=\"widget\" data-e-type=\"widget\" data-widget_type=\"image.default\">\n\t\t\t\t<div class=\"elementor-widget-container\">\n\t\t\t\t\t\t\t\t\t\t\t\t\t\t\t<img fetchpriority=\"high\" decoding=\"async\" width=\"800\" height=\"450\" src=\"https:\/\/www.zuurstofplanten.net\/wp-content\/uploads\/2024\/10\/Poelslakken-tegen-algen-scaled-1-1024x576.jpg\" class=\"attachment-large size-large wp-image-223\" alt=\"\" srcset=\"https:\/\/www.zuurstofplanten.net\/wp-content\/uploads\/2024\/10\/Poelslakken-tegen-algen-scaled-1-1024x576.jpg 1024w, https:\/\/www.zuurstofplanten.net\/wp-content\/uploads\/2024\/10\/Poelslakken-tegen-algen-scaled-1-300x169.jpg 300w, https:\/\/www.zuurstofplanten.net\/wp-content\/uploads\/2024\/10\/Poelslakken-tegen-algen-scaled-1-768x432.jpg 768w, https:\/\/www.zuurstofplanten.net\/wp-content\/uploads\/2024\/10\/Poelslakken-tegen-algen-scaled-1-1536x864.jpg 1536w, https:\/\/www.zuurstofplanten.net\/wp-content\/uploads\/2024\/10\/Poelslakken-tegen-algen-scaled-1-2048x1152.jpg 2048w\" sizes=\"(max-width: 800px) 100vw, 800px\" \/>\t\t\t\t\t\t\t\t\t\t\t\t\t\t\t<\/div>\n\t\t\t\t<\/div>\n\t\t\t\t<\/div>\n\t\t\t\t<div class=\"elementor-element elementor-element-289c82d elementor-widget elementor-widget-heading\" data-id=\"289c82d\" data-element_type=\"widget\" data-e-type=\"widget\" data-widget_type=\"heading.default\">\n\t\t\t\t<div class=\"elementor-widget-container\">\n\t\t\t\t\t<h2 class=\"elementor-heading-title elementor-size-default\">Acheter des escargots de piscine ?<\/h2>\t\t\t\t<\/div>\n\t\t\t\t<\/div>\n\t\t\t\t<div class=\"elementor-element elementor-element-40a86478 elementor-widget elementor-widget-image\" data-id=\"40a86478\" data-element_type=\"widget\" data-e-type=\"widget\" data-widget_type=\"image.default\">\n\t\t\t\t<div class=\"elementor-widget-container\">\n\t\t\t\t\t\t\t\t\t\t\t\t\t\t\t<img decoding=\"async\" width=\"300\" height=\"300\" src=\"https:\/\/www.zuurstofplanten.net\/wp-content\/uploads\/2024\/10\/poelslakken-300x300.jpg\" class=\"attachment-medium size-medium wp-image-931\" alt=\"\" srcset=\"https:\/\/www.zuurstofplanten.net\/wp-content\/uploads\/2024\/10\/poelslakken-300x300.jpg 300w, https:\/\/www.zuurstofplanten.net\/wp-content\/uploads\/2024\/10\/poelslakken-150x150.jpg 150w, https:\/\/www.zuurstofplanten.net\/wp-content\/uploads\/2024\/10\/poelslakken.jpg 700w\" sizes=\"(max-width: 300px) 100vw, 300px\" \/>\t\t\t\t\t\t\t\t\t\t\t\t\t\t\t<\/div>\n\t\t\t\t<\/div>\n\t\t\t\t<div class=\"elementor-element elementor-element-71c2aa7 elementor-widget elementor-widget-text-editor\" data-id=\"71c2aa7\" data-element_type=\"widget\" data-e-type=\"widget\" data-widget_type=\"text-editor.default\">\n\t\t\t\t<div class=\"elementor-widget-container\">\n\t\t\t\t\t\t\t\t\t<p>Les escargots de mer sont en vente dans la boutique en ligne de De Vijvermeester. Vous y trouverez de jolis paquets pour vous aider \u00e0 lutter contre les algues filamenteuses.<\/p>\t\t\t\t\t\t\t\t<\/div>\n\t\t\t\t<\/div>\n\t\t\t\t<div class=\"elementor-element elementor-element-de24008 elementor-align-left elementor-widget elementor-widget-button\" data-id=\"de24008\" data-element_type=\"widget\" data-e-type=\"widget\" data-widget_type=\"button.default\">\n\t\t\t\t<div class=\"elementor-widget-container\">\n\t\t\t\t\t\t\t\t\t<div class=\"elementor-button-wrapper\">\n\t\t\t\t\t<a class=\"elementor-button elementor-button-link elementor-size-sm elementor-animation-grow\" href=\"https:\/\/vijvermeester.nl\/poelslakkenmix.html?utm_source=affiliate&#038;utm_medium=partner&#038;utm_campaign=zuurstofplanten_net&#038;utm_content=poelslakken\" rel=\"nofollow\">\n\t\t\t\t\t\t<span class=\"elementor-button-content-wrapper\">\n\t\t\t\t\t\t<span class=\"elementor-button-icon\">\n\t\t\t\t<svg aria-hidden=\"true\" class=\"e-font-icon-svg e-fas-shopping-cart\" viewbox=\"0 0 576 512\" xmlns=\"http:\/\/www.w3.org\/2000\/svg\"><path d=\"M528.12 301.319l47.273-208C578.806 78.301 567.391 64 551.99 64H159.208l-9.166-44.81C147.758 8.021 137.93 0 126.529 0H24C10.745 0 0 10.745 0 24v16c0 13.255 10.745 24 24 24h69.883l70.248 343.435C147.325 417.1 136 435.222 136 456c0 30.928 25.072 56 56 56s56-25.072 56-56c0-15.674-6.447-29.835-16.824-40h209.647C430.447 426.165 424 440.326 424 456c0 30.928 25.072 56 56 56s56-25.072 56-56c0-22.172-12.888-41.332-31.579-50.405l5.517-24.276c3.413-15.018-8.002-29.319-23.403-29.319H218.117l-6.545-32h293.145c11.206 0 20.92-7.754 23.403-18.681z\"><\/path><\/svg>\t\t\t<\/span>\n\t\t\t\t\t\t\t\t\t<span class=\"elementor-button-text\">Acheter des escargots de mer sur Pond Master.co.uk<\/span>\n\t\t\t\t\t<\/span>\n\t\t\t\t\t<\/a>\n\t\t\t\t<\/div>\n\t\t\t\t\t\t\t\t<\/div>\n\t\t\t\t<\/div>\n\t\t\t\t\t<\/div>\n\t\t\t\t<\/div>\n\t\t\t\t<\/div>","protected":false},"excerpt":{"rendered":"<p>Combattre les algues filamenteuses Combattre les algues filamenteuses dans l'\u00e9tang La formation d'algues filamenteuses est l'une des choses les plus g\u00eanantes dans un \u00e9tang. Presque tous les propri\u00e9taires d'\u00e9tangs en souffrent de temps en temps. Ces algues s'attachent aux plantes, au rev\u00eatement, aux pierres et \u00e0 presque tout ce qui se trouve dans l'eau. Ces algues forment de longs fils verts [...]<\/p>","protected":false},"author":4,"featured_media":0,"parent":11,"menu_order":5,"comment_status":"closed","ping_status":"closed","template":"","meta":{"_acf_changed":false,"iawp_total_views":231,"footnotes":""},"class_list":["post-929","page","type-page","status-publish","hentry"],"acf":[],"yoast_head":"<!-- This site is optimized with the Yoast SEO plugin v25.5 - https:\/\/yoast.com\/wordpress\/plugins\/seo\/ -->\n<title>Draadalg Bestrijden in de Vijver? | Lees hoe op Zuurstofplanten.net<\/title>\n<meta name=\"description\" content=\"Draadalg, lastig voor in uw vijver. Hoe komt het, maar vooral, hoe kunt (op biologische wijze) draadalg bestrijden? Lees meer.\" \/>\n<meta name=\"robots\" content=\"index, follow, max-snippet:-1, max-image-preview:large, max-video-preview:-1\" \/>\n<link rel=\"canonical\" href=\"https:\/\/www.zuurstofplanten.net\/fr\/base-de-connaissances\/lutte-contre-les-algues-porteuses\/\" \/>\n<meta property=\"og:locale\" content=\"fr_FR\" \/>\n<meta property=\"og:type\" content=\"article\" \/>\n<meta property=\"og:title\" content=\"Draadalg Bestrijden in de Vijver? | Lees hoe op Zuurstofplanten.net\" \/>\n<meta property=\"og:description\" content=\"Draadalg, lastig voor in uw vijver. Hoe komt het, maar vooral, hoe kunt (op biologische wijze) draadalg bestrijden? Lees meer.\" \/>\n<meta property=\"og:url\" content=\"https:\/\/www.zuurstofplanten.net\/fr\/base-de-connaissances\/lutte-contre-les-algues-porteuses\/\" \/>\n<meta property=\"og:site_name\" content=\"Zuurstofplanten.net\" \/>\n<meta property=\"article:modified_time\" content=\"2025-05-23T15:07:36+00:00\" \/>\n<meta property=\"og:image\" content=\"https:\/\/www.zuurstofplanten.net\/wp-content\/uploads\/2024\/10\/Poelslakken-tegen-algen-scaled-1.jpg\" \/>\n\t<meta property=\"og:image:width\" content=\"2560\" \/>\n\t<meta property=\"og:image:height\" content=\"1440\" \/>\n\t<meta property=\"og:image:type\" content=\"image\/jpeg\" \/>\n<meta name=\"twitter:card\" content=\"summary_large_image\" \/>\n<meta name=\"twitter:label1\" content=\"Dur\u00e9e de lecture estim\u00e9e\" \/>\n\t<meta name=\"twitter:data1\" content=\"3 minutes\" \/>\n<script type=\"application\/ld+json\" class=\"yoast-schema-graph\">{\"@context\":\"https:\/\/schema.org\",\"@graph\":[{\"@type\":\"WebPage\",\"@id\":\"https:\/\/www.zuurstofplanten.net\/kennisbank\/draagalg-bestrijden\/\",\"url\":\"https:\/\/www.zuurstofplanten.net\/kennisbank\/draagalg-bestrijden\/\",\"name\":\"Draadalg Bestrijden in de Vijver? | Lees hoe op Zuurstofplanten.net\",\"isPartOf\":{\"@id\":\"https:\/\/www.zuurstofplanten.net\/#website\"},\"primaryImageOfPage\":{\"@id\":\"https:\/\/www.zuurstofplanten.net\/kennisbank\/draagalg-bestrijden\/#primaryimage\"},\"image\":{\"@id\":\"https:\/\/www.zuurstofplanten.net\/kennisbank\/draagalg-bestrijden\/#primaryimage\"},\"thumbnailUrl\":\"https:\/\/www.zuurstofplanten.net\/wp-content\/uploads\/2024\/10\/Poelslakken-tegen-algen-scaled-1-1024x576.jpg\",\"datePublished\":\"2024-10-23T13:48:30+00:00\",\"dateModified\":\"2025-05-23T15:07:36+00:00\",\"description\":\"Draadalg, lastig voor in uw vijver. Hoe komt het, maar vooral, hoe kunt (op biologische wijze) draadalg bestrijden? Lees meer.\",\"breadcrumb\":{\"@id\":\"https:\/\/www.zuurstofplanten.net\/kennisbank\/draagalg-bestrijden\/#breadcrumb\"},\"inLanguage\":\"fr-FR\",\"potentialAction\":[{\"@type\":\"ReadAction\",\"target\":[\"https:\/\/www.zuurstofplanten.net\/kennisbank\/draagalg-bestrijden\/\"]}]},{\"@type\":\"ImageObject\",\"inLanguage\":\"fr-FR\",\"@id\":\"https:\/\/www.zuurstofplanten.net\/kennisbank\/draagalg-bestrijden\/#primaryimage\",\"url\":\"https:\/\/www.zuurstofplanten.net\/wp-content\/uploads\/2024\/10\/Poelslakken-tegen-algen-scaled-1-1024x576.jpg\",\"contentUrl\":\"https:\/\/www.zuurstofplanten.net\/wp-content\/uploads\/2024\/10\/Poelslakken-tegen-algen-scaled-1-1024x576.jpg\"},{\"@type\":\"BreadcrumbList\",\"@id\":\"https:\/\/www.zuurstofplanten.net\/kennisbank\/draagalg-bestrijden\/#breadcrumb\",\"itemListElement\":[{\"@type\":\"ListItem\",\"position\":1,\"name\":\"Home\",\"item\":\"https:\/\/www.zuurstofplanten.net\/\"},{\"@type\":\"ListItem\",\"position\":2,\"name\":\"Kennisbank\",\"item\":\"https:\/\/www.zuurstofplanten.net\/kennisbank\/\"},{\"@type\":\"ListItem\",\"position\":3,\"name\":\"Draagalg Bestrijden\"}]},{\"@type\":\"WebSite\",\"@id\":\"https:\/\/www.zuurstofplanten.net\/#website\",\"url\":\"https:\/\/www.zuurstofplanten.net\/\",\"name\":\"Zuurstofplanten.net\",\"description\":\"\",\"publisher\":{\"@id\":\"https:\/\/www.zuurstofplanten.net\/#organization\"},\"potentialAction\":[{\"@type\":\"SearchAction\",\"target\":{\"@type\":\"EntryPoint\",\"urlTemplate\":\"https:\/\/www.zuurstofplanten.net\/?s={search_term_string}\"},\"query-input\":{\"@type\":\"PropertyValueSpecification\",\"valueRequired\":true,\"valueName\":\"search_term_string\"}}],\"inLanguage\":\"fr-FR\"},{\"@type\":\"Organization\",\"@id\":\"https:\/\/www.zuurstofplanten.net\/#organization\",\"name\":\"Zuurstofplanten.net\",\"url\":\"https:\/\/www.zuurstofplanten.net\/\",\"logo\":{\"@type\":\"ImageObject\",\"inLanguage\":\"fr-FR\",\"@id\":\"https:\/\/www.zuurstofplanten.net\/#\/schema\/logo\/image\/\",\"url\":\"https:\/\/www.zuurstofplanten.net\/wp-content\/uploads\/2024\/10\/zuurstofplanten-logo-1.jpg\",\"contentUrl\":\"https:\/\/www.zuurstofplanten.net\/wp-content\/uploads\/2024\/10\/zuurstofplanten-logo-1.jpg\",\"width\":180,\"height\":60,\"caption\":\"Zuurstofplanten.net\"},\"image\":{\"@id\":\"https:\/\/www.zuurstofplanten.net\/#\/schema\/logo\/image\/\"}}]}<\/script>\n<!-- \/ Yoast SEO plugin. -->","yoast_head_json":{"title":"Combattre les algues filamenteuses dans l'\u00e9tang - lire comment sur Zuurstofplanten.net","description":"Les algues filamenteuses, un probl\u00e8me pour votre \u00e9tang. Comment cela se produit-il, mais surtout, comment peut-on lutter contre les algues filamenteuses (de mani\u00e8re organique) ? En savoir plus.","robots":{"index":"index","follow":"follow","max-snippet":"max-snippet:-1","max-image-preview":"max-image-preview:large","max-video-preview":"max-video-preview:-1"},"canonical":"https:\/\/www.zuurstofplanten.net\/fr\/base-de-connaissances\/lutte-contre-les-algues-porteuses\/","og_locale":"fr_FR","og_type":"article","og_title":"Draadalg Bestrijden in de Vijver? | Lees hoe op Zuurstofplanten.net","og_description":"Draadalg, lastig voor in uw vijver. Hoe komt het, maar vooral, hoe kunt (op biologische wijze) draadalg bestrijden? Lees meer.","og_url":"https:\/\/www.zuurstofplanten.net\/fr\/base-de-connaissances\/lutte-contre-les-algues-porteuses\/","og_site_name":"Zuurstofplanten.net","article_modified_time":"2025-05-23T15:07:36+00:00","og_image":[{"width":2560,"height":1440,"url":"https:\/\/www.zuurstofplanten.net\/wp-content\/uploads\/2024\/10\/Poelslakken-tegen-algen-scaled-1.jpg","type":"image\/jpeg"}],"twitter_card":"summary_large_image","twitter_misc":{"Dur\u00e9e de lecture estim\u00e9e":"3 minutes"},"schema":{"@context":"https:\/\/schema.org","@graph":[{"@type":"WebPage","@id":"https:\/\/www.zuurstofplanten.net\/kennisbank\/draagalg-bestrijden\/","url":"https:\/\/www.zuurstofplanten.net\/kennisbank\/draagalg-bestrijden\/","name":"Combattre les algues filamenteuses dans l'\u00e9tang - lire comment sur Zuurstofplanten.net","isPartOf":{"@id":"https:\/\/www.zuurstofplanten.net\/#website"},"primaryImageOfPage":{"@id":"https:\/\/www.zuurstofplanten.net\/kennisbank\/draagalg-bestrijden\/#primaryimage"},"image":{"@id":"https:\/\/www.zuurstofplanten.net\/kennisbank\/draagalg-bestrijden\/#primaryimage"},"thumbnailUrl":"https:\/\/www.zuurstofplanten.net\/wp-content\/uploads\/2024\/10\/Poelslakken-tegen-algen-scaled-1-1024x576.jpg","datePublished":"2024-10-23T13:48:30+00:00","dateModified":"2025-05-23T15:07:36+00:00","description":"Les algues filamenteuses, un probl\u00e8me pour votre \u00e9tang. Comment cela se produit-il, mais surtout, comment peut-on lutter contre les algues filamenteuses (de mani\u00e8re organique) ? En savoir plus.","breadcrumb":{"@id":"https:\/\/www.zuurstofplanten.net\/kennisbank\/draagalg-bestrijden\/#breadcrumb"},"inLanguage":"fr-FR","potentialAction":[{"@type":"ReadAction","target":["https:\/\/www.zuurstofplanten.net\/kennisbank\/draagalg-bestrijden\/"]}]},{"@type":"ImageObject","inLanguage":"fr-FR","@id":"https:\/\/www.zuurstofplanten.net\/kennisbank\/draagalg-bestrijden\/#primaryimage","url":"https:\/\/www.zuurstofplanten.net\/wp-content\/uploads\/2024\/10\/Poelslakken-tegen-algen-scaled-1-1024x576.jpg","contentUrl":"https:\/\/www.zuurstofplanten.net\/wp-content\/uploads\/2024\/10\/Poelslakken-tegen-algen-scaled-1-1024x576.jpg"},{"@type":"BreadcrumbList","@id":"https:\/\/www.zuurstofplanten.net\/kennisbank\/draagalg-bestrijden\/#breadcrumb","itemListElement":[{"@type":"ListItem","position":1,"name":"Home","item":"https:\/\/www.zuurstofplanten.net\/"},{"@type":"ListItem","position":2,"name":"Kennisbank","item":"https:\/\/www.zuurstofplanten.net\/kennisbank\/"},{"@type":"ListItem","position":3,"name":"Draagalg Bestrijden"}]},{"@type":"WebSite","@id":"https:\/\/www.zuurstofplanten.net\/#website","url":"https:\/\/www.zuurstofplanten.net\/","name":"Zuurstofplanten.net","description":"","publisher":{"@id":"https:\/\/www.zuurstofplanten.net\/#organization"},"potentialAction":[{"@type":"SearchAction","target":{"@type":"EntryPoint","urlTemplate":"https:\/\/www.zuurstofplanten.net\/?s={search_term_string}"},"query-input":{"@type":"PropertyValueSpecification","valueRequired":true,"valueName":"search_term_string"}}],"inLanguage":"fr-FR"},{"@type":"Organization","@id":"https:\/\/www.zuurstofplanten.net\/#organization","name":"Zuurstofplanten.net","url":"https:\/\/www.zuurstofplanten.net\/","logo":{"@type":"ImageObject","inLanguage":"fr-FR","@id":"https:\/\/www.zuurstofplanten.net\/#\/schema\/logo\/image\/","url":"https:\/\/www.zuurstofplanten.net\/wp-content\/uploads\/2024\/10\/zuurstofplanten-logo-1.jpg","contentUrl":"https:\/\/www.zuurstofplanten.net\/wp-content\/uploads\/2024\/10\/zuurstofplanten-logo-1.jpg","width":180,"height":60,"caption":"Zuurstofplanten.net"},"image":{"@id":"https:\/\/www.zuurstofplanten.net\/#\/schema\/logo\/image\/"}}]}},"_links":{"self":[{"href":"https:\/\/www.zuurstofplanten.net\/fr\/wp-json\/wp\/v2\/pages\/929"}],"collection":[{"href":"https:\/\/www.zuurstofplanten.net\/fr\/wp-json\/wp\/v2\/pages"}],"about":[{"href":"https:\/\/www.zuurstofplanten.net\/fr\/wp-json\/wp\/v2\/types\/page"}],"author":[{"embeddable":true,"href":"https:\/\/www.zuurstofplanten.net\/fr\/wp-json\/wp\/v2\/users\/4"}],"replies":[{"embeddable":true,"href":"https:\/\/www.zuurstofplanten.net\/fr\/wp-json\/wp\/v2\/comments?post=929"}],"version-history":[{"count":13,"href":"https:\/\/www.zuurstofplanten.net\/fr\/wp-json\/wp\/v2\/pages\/929\/revisions"}],"predecessor-version":[{"id":1983,"href":"https:\/\/www.zuurstofplanten.net\/fr\/wp-json\/wp\/v2\/pages\/929\/revisions\/1983"}],"up":[{"embeddable":true,"href":"https:\/\/www.zuurstofplanten.net\/fr\/wp-json\/wp\/v2\/pages\/11"}],"wp:attachment":[{"href":"https:\/\/www.zuurstofplanten.net\/fr\/wp-json\/wp\/v2\/media?parent=929"}],"curies":[{"name":"wp","href":"https:\/\/api.w.org\/{rel}","templated":true}]}}