{"id":846,"date":"2024-10-23T08:20:39","date_gmt":"2024-10-23T08:20:39","guid":{"rendered":"https:\/\/baselinkhosting.nl\/zuurstofplanten\/?page_id=846"},"modified":"2025-06-04T10:12:42","modified_gmt":"2025-06-04T10:12:42","slug":"potamogeton-lucens","status":"publish","type":"page","link":"https:\/\/www.zuurstofplanten.net\/fr\/zuurstofplanten-latijns\/potamogeton-lucens\/","title":{"rendered":"Potamogeton Lucens"},"content":{"rendered":"<div data-elementor-type=\"wp-page\" data-elementor-id=\"846\" class=\"elementor elementor-846\" data-elementor-post-type=\"page\">\n\t\t\t\t<div class=\"elementor-element elementor-element-4b44f0c e-flex e-con-boxed e-con e-parent\" data-id=\"4b44f0c\" data-element_type=\"container\" data-e-type=\"container\" data-settings=\"{&quot;background_background&quot;:&quot;classic&quot;}\">\n\t\t\t\t\t<div class=\"e-con-inner\">\n\t\t\t\t<div class=\"elementor-element elementor-element-fed8191 elementor-widget elementor-widget-heading\" data-id=\"fed8191\" data-element_type=\"widget\" data-e-type=\"widget\" data-widget_type=\"heading.default\">\n\t\t\t\t<div class=\"elementor-widget-container\">\n\t\t\t\t\t<h1 class=\"elementor-heading-title elementor-size-default\">Potamogeton Lucens<\/h1>\t\t\t\t<\/div>\n\t\t\t\t<\/div>\n\t\t\t\t<div class=\"elementor-element elementor-element-8816fe7 elementor-widget elementor-widget-breadcrumbs\" data-id=\"8816fe7\" data-element_type=\"widget\" data-e-type=\"widget\" data-widget_type=\"breadcrumbs.default\">\n\t\t\t\t<div class=\"elementor-widget-container\">\n\t\t\t\t\t<p id=\"breadcrumbs\"><span><span><a href=\"https:\/\/www.zuurstofplanten.net\/fr\/\">Accueil<\/a><\/span><\/span><\/p>\t\t\t\t<\/div>\n\t\t\t\t<\/div>\n\t\t\t\t\t<\/div>\n\t\t\t\t<\/div>\n\t\t<div class=\"elementor-element elementor-element-6aaa6ea8 e-flex e-con-boxed e-con e-parent\" data-id=\"6aaa6ea8\" data-element_type=\"container\" data-e-type=\"container\">\n\t\t\t\t\t<div class=\"e-con-inner\">\n\t\t\t\t<div class=\"elementor-element elementor-element-e83f23 elementor-widget elementor-widget-heading\" data-id=\"e83f23\" data-element_type=\"widget\" data-e-type=\"widget\" data-widget_type=\"heading.default\">\n\t\t\t\t<div class=\"elementor-widget-container\">\n\t\t\t\t\t<h2 class=\"elementor-heading-title elementor-size-default\">Qu'est-ce que Potamogeton Lucens ?<\/h2>\t\t\t\t<\/div>\n\t\t\t\t<\/div>\n\t\t<div class=\"elementor-element elementor-element-381af961 e-grid e-con-full e-con e-child\" data-id=\"381af961\" data-element_type=\"container\" data-e-type=\"container\">\n\t\t\t\t<div class=\"elementor-element elementor-element-85b19be elementor-widget elementor-widget-text-editor\" data-id=\"85b19be\" data-element_type=\"widget\" data-e-type=\"widget\" data-widget_type=\"text-editor.default\">\n\t\t\t\t<div class=\"elementor-widget-container\">\n\t\t\t\t\t\t\t\t\t<p>Le Potamogeton Lucens ou Potamot luisant est le favori de nombreuses personnes poss\u00e9dant un \u00e9tang. C'est surtout parce qu'il s'agit d'une excellente plante oxyg\u00e9nante qui pousse rapidement. Comme ces plantes de bassin absorbent les nutriments de l'eau et donnent moins de chances aux algues de se d\u00e9velopper, elles sont id\u00e9ales pour rendre l'eau plus claire. En effet, les algues flottantes ont moins de nourriture \u00e0 leur disposition.<\/p><p>Mais ce n'est pas la seule caract\u00e9ristique de cette esp\u00e8ce de potamot. Le potamot brillant est capable de s\u00e9cr\u00e9ter dans l'eau une substance qui rend plus difficile le d\u00e9veloppement des algues. Ce ph\u00e9nom\u00e8ne est mieux connu sous le nom de capacit\u00e9 all\u00e9lopathique ou all\u00e9lopathie. Outre ces propri\u00e9t\u00e9s, qui sont bien s\u00fbr tr\u00e8s utiles dans un \u00e9tang, ce sont aussi de belles plantes qui ne d\u00e9pareilleraient pas dans votre \u00e9tang.<\/p>\t\t\t\t\t\t\t\t<\/div>\n\t\t\t\t<\/div>\n\t\t\t\t<div class=\"elementor-element elementor-element-4a05e1ff elementor-cta--skin-classic elementor-animated-content elementor-bg-transform elementor-bg-transform-zoom-in elementor-widget elementor-widget-call-to-action\" data-id=\"4a05e1ff\" data-element_type=\"widget\" data-e-type=\"widget\" data-widget_type=\"call-to-action.default\">\n\t\t\t\t<div class=\"elementor-widget-container\">\n\t\t\t\t\t\t\t<a class=\"elementor-cta\" href=\"https:\/\/vijvermeester.nl\/glanzend-fonteinkruid.html?utm_source=affiliate&#038;utm_medium=partner&#038;utm_campaign=zuurstofplanten_net&#038;utm_content=potamogeton_lucens\" rel=\"nofollow\">\n\t\t\t\t\t<div class=\"elementor-cta__bg-wrapper\">\n\t\t\t\t<div class=\"elementor-cta__bg elementor-bg\" style=\"background-image: url(https:\/\/www.zuurstofplanten.net\/wp-content\/uploads\/2024\/10\/glanzend-fonteinkruid-bos-1-742x1024.jpg);\" role=\"img\" aria-label=\"for\u00eat d&#039;\u00e9pilobe brillant-1\"><\/div>\n\t\t\t\t<div class=\"elementor-cta__bg-overlay\"><\/div>\n\t\t\t<\/div>\n\t\t\t\t\t\t\t<div class=\"elementor-cta__content\">\n\t\t\t\t\n\t\t\t\t\t\t\t\t\t<h2 class=\"elementor-cta__title elementor-cta__content-item elementor-content-item\">\n\t\t\t\t\t\tVous voulez acheter Potamogeton Lucens ?\t\t\t\t\t<\/h2>\n\t\t\t\t\n\t\t\t\t\t\t\t\t\t<div class=\"elementor-cta__description elementor-cta__content-item elementor-content-item\">\n\t\t\t\t\t\tPotamogeton Lucens, \u00e9galement connu sous le nom de Potamot luisant, est en vente dans la boutique en ligne de De Vijvermeester. Vous y trouverez de magnifiques bouquets de qualit\u00e9 sup\u00e9rieure.\t\t\t\t\t<\/div>\n\t\t\t\t\n\t\t\t\t\t\t\t\t\t<div class=\"elementor-cta__button-wrapper elementor-cta__content-item elementor-content-item\">\n\t\t\t\t\t<span class=\"elementor-cta__button elementor-button elementor-size-\">\n\t\t\t\t\t\tCommander sur Vijvermeester.nl\t\t\t\t\t<\/span>\n\t\t\t\t\t<\/div>\n\t\t\t\t\t\t\t<\/div>\n\t\t\t\t\t\t<\/a>\n\t\t\t\t\t\t<\/div>\n\t\t\t\t<\/div>\n\t\t\t\t<\/div>\n\t\t\t\t<div class=\"elementor-element elementor-element-2fd46267 elementor-widget elementor-widget-heading\" data-id=\"2fd46267\" data-element_type=\"widget\" data-e-type=\"widget\" data-widget_type=\"heading.default\">\n\t\t\t\t<div class=\"elementor-widget-container\">\n\t\t\t\t\t<h3 class=\"elementor-heading-title elementor-size-default\">Potamogeton Lucens Propri\u00e9t\u00e9s<\/h3>\t\t\t\t<\/div>\n\t\t\t\t<\/div>\n\t\t\t\t<div class=\"elementor-element elementor-element-3ad8091d elementor-widget elementor-widget-text-editor\" data-id=\"3ad8091d\" data-element_type=\"widget\" data-e-type=\"widget\" data-widget_type=\"text-editor.default\">\n\t\t\t\t<div class=\"elementor-widget-container\">\n\t\t\t\t\t\t\t\t\t<ul><li>Position : Soleil<\/li><li>Profondeur de plantation : entre 50 et 150 cm.<\/li><li>Substrat : N\u00e9cessaire, car il s'agit d'une plante qui s'enracine.<\/li><li>Cette plante pr\u00e9f\u00e8re les eaux riches en nutriments.<\/li><\/ul>\t\t\t\t\t\t\t\t<\/div>\n\t\t\t\t<\/div>\n\t\t\t\t<div class=\"elementor-element elementor-element-4b525121 elementor-widget elementor-widget-heading\" data-id=\"4b525121\" data-element_type=\"widget\" data-e-type=\"widget\" data-widget_type=\"heading.default\">\n\t\t\t\t<div class=\"elementor-widget-container\">\n\t\t\t\t\t<h3 class=\"elementor-heading-title elementor-size-default\">Questions fr\u00e9quemment pos\u00e9es<\/h3>\t\t\t\t<\/div>\n\t\t\t\t<\/div>\n\t\t\t\t<div class=\"elementor-element elementor-element-1374946c elementor-widget elementor-widget-heading\" data-id=\"1374946c\" data-element_type=\"widget\" data-e-type=\"widget\" data-widget_type=\"heading.default\">\n\t\t\t\t<div class=\"elementor-widget-container\">\n\t\t\t\t\t<h4 class=\"elementor-heading-title elementor-size-default\">Quelle est l'origine du Potamogeton Lucens et \u00e0 quoi ressemble-t-il ?<\/h4>\t\t\t\t<\/div>\n\t\t\t\t<\/div>\n\t\t\t\t<div class=\"elementor-element elementor-element-2a1e6681 elementor-widget elementor-widget-text-editor\" data-id=\"2a1e6681\" data-element_type=\"widget\" data-e-type=\"widget\" data-widget_type=\"text-editor.default\">\n\t\t\t\t<div class=\"elementor-widget-container\">\n\t\t\t\t\t\t\t\t\t<p>Le potamot luisant est originaire d'Europe, d'Asie occidentale\/centrale et d'Afrique du Nord-Ouest. Aux Pays-Bas, il \u00e9tait autrefois assez commun, mais il n'est plus que mod\u00e9r\u00e9ment observ\u00e9. La raison principale en est la baisse de la qualit\u00e9 des eaux de surface.<\/p><p>Cette plante aquatique peut atteindre une longueur de 60 \u00e0 200 cm. Les feuilles de cette plante d'\u00e9tang sont vertes \u00e0 brunes translucides et peuvent atteindre une longueur de 10 \u00e0 25 cm et une largeur de 1 \u00e0 5 cm. Il s'agit donc de feuilles assez grandes. Elles sont souvent tr\u00e8s d\u00e9coratives dans votre \u00e9tang. La couleur brun\u00e2tre est surtout visible au printemps, en \u00e9t\u00e9 cette plante aquatique a des feuilles plus vertes. Il s'agit d'une plante aquatique qui s'enracine.<\/p>\t\t\t\t\t\t\t\t<\/div>\n\t\t\t\t<\/div>\n\t\t\t\t<div class=\"elementor-element elementor-element-3fd8ef8a elementor-widget elementor-widget-heading\" data-id=\"3fd8ef8a\" data-element_type=\"widget\" data-e-type=\"widget\" data-widget_type=\"heading.default\">\n\t\t\t\t<div class=\"elementor-widget-container\">\n\t\t\t\t\t<h2 class=\"elementor-heading-title elementor-size-default\">Vous voulez acheter Potamogeton Lucens ?<\/h2>\t\t\t\t<\/div>\n\t\t\t\t<\/div>\n\t\t\t\t<div class=\"elementor-element elementor-element-3efd863b elementor-widget elementor-widget-image\" data-id=\"3efd863b\" data-element_type=\"widget\" data-e-type=\"widget\" data-widget_type=\"image.default\">\n\t\t\t\t<div class=\"elementor-widget-container\">\n\t\t\t\t\t\t\t\t\t\t\t\t\t\t\t<img decoding=\"async\" width=\"220\" height=\"220\" src=\"https:\/\/www.zuurstofplanten.net\/wp-content\/uploads\/2024\/10\/glanzend-fonteinkruid-bos-2.jpg\" class=\"attachment-medium size-medium wp-image-138\" alt=\"\" srcset=\"https:\/\/www.zuurstofplanten.net\/wp-content\/uploads\/2024\/10\/glanzend-fonteinkruid-bos-2.jpg 220w, https:\/\/www.zuurstofplanten.net\/wp-content\/uploads\/2024\/10\/glanzend-fonteinkruid-bos-2-150x150.jpg 150w\" sizes=\"(max-width: 220px) 100vw, 220px\" \/>\t\t\t\t\t\t\t\t\t\t\t\t\t\t\t<\/div>\n\t\t\t\t<\/div>\n\t\t\t\t<div class=\"elementor-element elementor-element-601d99f1 elementor-widget elementor-widget-text-editor\" data-id=\"601d99f1\" data-element_type=\"widget\" data-e-type=\"widget\" data-widget_type=\"text-editor.default\">\n\t\t\t\t<div class=\"elementor-widget-container\">\n\t\t\t\t\t\t\t\t\t<p>Potamogeton Lucens est en vente dans la boutique en ligne de De Vijvermeester. Vous y trouverez de magnifiques bouquets de haute qualit\u00e9.<\/p>\t\t\t\t\t\t\t\t<\/div>\n\t\t\t\t<\/div>\n\t\t\t\t<div class=\"elementor-element elementor-element-452ce58e elementor-align-left elementor-widget elementor-widget-button\" data-id=\"452ce58e\" data-element_type=\"widget\" data-e-type=\"widget\" data-widget_type=\"button.default\">\n\t\t\t\t<div class=\"elementor-widget-container\">\n\t\t\t\t\t\t\t\t\t<div class=\"elementor-button-wrapper\">\n\t\t\t\t\t<a class=\"elementor-button elementor-button-link elementor-size-sm elementor-animation-grow\" href=\"https:\/\/vijvermeester.nl\/glanzend-fonteinkruid.html?utm_source=affiliate&#038;utm_medium=partner&#038;utm_campaign=zuurstofplanten_net&#038;utm_content=potamogeton_lucens\" rel=\"nofollow\">\n\t\t\t\t\t\t<span class=\"elementor-button-content-wrapper\">\n\t\t\t\t\t\t<span class=\"elementor-button-icon\">\n\t\t\t\t<svg aria-hidden=\"true\" class=\"e-font-icon-svg e-fas-shopping-cart\" viewbox=\"0 0 576 512\" xmlns=\"http:\/\/www.w3.org\/2000\/svg\"><path d=\"M528.12 301.319l47.273-208C578.806 78.301 567.391 64 551.99 64H159.208l-9.166-44.81C147.758 8.021 137.93 0 126.529 0H24C10.745 0 0 10.745 0 24v16c0 13.255 10.745 24 24 24h69.883l70.248 343.435C147.325 417.1 136 435.222 136 456c0 30.928 25.072 56 56 56s56-25.072 56-56c0-15.674-6.447-29.835-16.824-40h209.647C430.447 426.165 424 440.326 424 456c0 30.928 25.072 56 56 56s56-25.072 56-56c0-22.172-12.888-41.332-31.579-50.405l5.517-24.276c3.413-15.018-8.002-29.319-23.403-29.319H218.117l-6.545-32h293.145c11.206 0 20.92-7.754 23.403-18.681z\"><\/path><\/svg>\t\t\t<\/span>\n\t\t\t\t\t\t\t\t\t<span class=\"elementor-button-text\">Acheter Potamogeton Lucens sur Vijvermeester.nl<\/span>\n\t\t\t\t\t<\/span>\n\t\t\t\t\t<\/a>\n\t\t\t\t<\/div>\n\t\t\t\t\t\t\t\t<\/div>\n\t\t\t\t<\/div>\n\t\t\t\t\t<\/div>\n\t\t\t\t<\/div>\n\t\t\t\t<\/div>","protected":false},"excerpt":{"rendered":"<p>Potamogeton Lucens Qu'est-ce que le Potamogeton Lucens ? Potamogeton Lucens ou Potamot luisant est une des plantes pr\u00e9f\u00e9r\u00e9es de nombreuses personnes poss\u00e9dant un \u00e9tang. Il s'agit en effet d'une excellente plante oxyg\u00e9nante qui pousse rapidement. Comme ces plantes d'\u00e9tang absorbent les nutriments de l'eau et donnent moins de chances aux algues de se d\u00e9velopper, elles conviennent tr\u00e8s bien aux [...]<\/p>","protected":false},"author":4,"featured_media":0,"parent":571,"menu_order":11,"comment_status":"closed","ping_status":"closed","template":"","meta":{"_acf_changed":false,"iawp_total_views":113,"footnotes":""},"class_list":["post-846","page","type-page","status-publish","hentry"],"acf":[],"yoast_head":"<!-- This site is optimized with the Yoast SEO plugin v25.5 - https:\/\/yoast.com\/wordpress\/plugins\/seo\/ -->\n<title>Potamogeton Lucens | Onderhoud &amp; Advies | Zuurstofplanten<\/title>\n<meta name=\"description\" content=\"Potamogeton Lucens is een veel geprezen en populaire zuurstofplant. De snelle groei van deze zuurstofplant helpt tegen algen in de vijver.\" \/>\n<meta name=\"robots\" content=\"index, follow, max-snippet:-1, max-image-preview:large, max-video-preview:-1\" \/>\n<link rel=\"canonical\" href=\"https:\/\/www.zuurstofplanten.net\/fr\/zuurstofplanten-latijns\/potamogeton-lucens\/\" \/>\n<meta property=\"og:locale\" content=\"fr_FR\" \/>\n<meta property=\"og:type\" content=\"article\" \/>\n<meta property=\"og:title\" content=\"Potamogeton Lucens | Onderhoud &amp; Advies | Zuurstofplanten\" \/>\n<meta property=\"og:description\" content=\"Potamogeton Lucens is een veel geprezen en populaire zuurstofplant. De snelle groei van deze zuurstofplant helpt tegen algen in de vijver.\" \/>\n<meta property=\"og:url\" content=\"https:\/\/www.zuurstofplanten.net\/fr\/zuurstofplanten-latijns\/potamogeton-lucens\/\" \/>\n<meta property=\"og:site_name\" content=\"Zuurstofplanten.net\" \/>\n<meta property=\"article:modified_time\" content=\"2025-06-04T10:12:42+00:00\" \/>\n<meta property=\"og:image\" content=\"https:\/\/www.zuurstofplanten.net\/wp-content\/uploads\/2024\/10\/glanzend-fonteinkruid-bos-2.jpg\" \/>\n\t<meta property=\"og:image:width\" content=\"220\" \/>\n\t<meta property=\"og:image:height\" content=\"220\" \/>\n\t<meta property=\"og:image:type\" content=\"image\/jpeg\" \/>\n<meta name=\"twitter:card\" content=\"summary_large_image\" \/>\n<meta name=\"twitter:label1\" content=\"Dur\u00e9e de lecture estim\u00e9e\" \/>\n\t<meta name=\"twitter:data1\" content=\"2 minutes\" \/>\n<script type=\"application\/ld+json\" class=\"yoast-schema-graph\">{\"@context\":\"https:\/\/schema.org\",\"@graph\":[{\"@type\":\"WebPage\",\"@id\":\"https:\/\/www.zuurstofplanten.net\/zuurstofplanten-latijns\/potamogeton-lucens\/\",\"url\":\"https:\/\/www.zuurstofplanten.net\/zuurstofplanten-latijns\/potamogeton-lucens\/\",\"name\":\"Potamogeton Lucens | Onderhoud & Advies | Zuurstofplanten\",\"isPartOf\":{\"@id\":\"https:\/\/www.zuurstofplanten.net\/#website\"},\"primaryImageOfPage\":{\"@id\":\"https:\/\/www.zuurstofplanten.net\/zuurstofplanten-latijns\/potamogeton-lucens\/#primaryimage\"},\"image\":{\"@id\":\"https:\/\/www.zuurstofplanten.net\/zuurstofplanten-latijns\/potamogeton-lucens\/#primaryimage\"},\"thumbnailUrl\":\"https:\/\/www.zuurstofplanten.net\/wp-content\/uploads\/2024\/10\/glanzend-fonteinkruid-bos-2.jpg\",\"datePublished\":\"2024-10-23T08:20:39+00:00\",\"dateModified\":\"2025-06-04T10:12:42+00:00\",\"description\":\"Potamogeton Lucens is een veel geprezen en populaire zuurstofplant. De snelle groei van deze zuurstofplant helpt tegen algen in de vijver.\",\"breadcrumb\":{\"@id\":\"https:\/\/www.zuurstofplanten.net\/zuurstofplanten-latijns\/potamogeton-lucens\/#breadcrumb\"},\"inLanguage\":\"fr-FR\",\"potentialAction\":[{\"@type\":\"ReadAction\",\"target\":[\"https:\/\/www.zuurstofplanten.net\/zuurstofplanten-latijns\/potamogeton-lucens\/\"]}]},{\"@type\":\"ImageObject\",\"inLanguage\":\"fr-FR\",\"@id\":\"https:\/\/www.zuurstofplanten.net\/zuurstofplanten-latijns\/potamogeton-lucens\/#primaryimage\",\"url\":\"https:\/\/www.zuurstofplanten.net\/wp-content\/uploads\/2024\/10\/glanzend-fonteinkruid-bos-2.jpg\",\"contentUrl\":\"https:\/\/www.zuurstofplanten.net\/wp-content\/uploads\/2024\/10\/glanzend-fonteinkruid-bos-2.jpg\"},{\"@type\":\"BreadcrumbList\",\"@id\":\"https:\/\/www.zuurstofplanten.net\/zuurstofplanten-latijns\/potamogeton-lucens\/#breadcrumb\",\"itemListElement\":[{\"@type\":\"ListItem\",\"position\":1,\"name\":\"Home\",\"item\":\"https:\/\/www.zuurstofplanten.net\/\"},{\"@type\":\"ListItem\",\"position\":2,\"name\":\"Latijnse soortnamen\",\"item\":\"https:\/\/www.zuurstofplanten.net\/zuurstofplanten-latijns\/\"},{\"@type\":\"ListItem\",\"position\":3,\"name\":\"Potamogeton Lucens\"}]},{\"@type\":\"WebSite\",\"@id\":\"https:\/\/www.zuurstofplanten.net\/#website\",\"url\":\"https:\/\/www.zuurstofplanten.net\/\",\"name\":\"Zuurstofplanten.net\",\"description\":\"\",\"publisher\":{\"@id\":\"https:\/\/www.zuurstofplanten.net\/#organization\"},\"potentialAction\":[{\"@type\":\"SearchAction\",\"target\":{\"@type\":\"EntryPoint\",\"urlTemplate\":\"https:\/\/www.zuurstofplanten.net\/?s={search_term_string}\"},\"query-input\":{\"@type\":\"PropertyValueSpecification\",\"valueRequired\":true,\"valueName\":\"search_term_string\"}}],\"inLanguage\":\"fr-FR\"},{\"@type\":\"Organization\",\"@id\":\"https:\/\/www.zuurstofplanten.net\/#organization\",\"name\":\"Zuurstofplanten.net\",\"url\":\"https:\/\/www.zuurstofplanten.net\/\",\"logo\":{\"@type\":\"ImageObject\",\"inLanguage\":\"fr-FR\",\"@id\":\"https:\/\/www.zuurstofplanten.net\/#\/schema\/logo\/image\/\",\"url\":\"https:\/\/www.zuurstofplanten.net\/wp-content\/uploads\/2024\/10\/zuurstofplanten-logo-1.jpg\",\"contentUrl\":\"https:\/\/www.zuurstofplanten.net\/wp-content\/uploads\/2024\/10\/zuurstofplanten-logo-1.jpg\",\"width\":180,\"height\":60,\"caption\":\"Zuurstofplanten.net\"},\"image\":{\"@id\":\"https:\/\/www.zuurstofplanten.net\/#\/schema\/logo\/image\/\"}}]}<\/script>\n<!-- \/ Yoast SEO plugin. -->","yoast_head_json":{"title":"Potamogeton Lucens | Entretien et conseils | Plantes \u00e0 oxyg\u00e8ne","description":"Potamogeton Lucens est une plante \u00e0 oxyg\u00e8ne tr\u00e8s appr\u00e9ci\u00e9e et populaire. La croissance rapide de cette plante \u00e0 oxyg\u00e8ne permet de lutter contre les algues dans l'\u00e9tang.","robots":{"index":"index","follow":"follow","max-snippet":"max-snippet:-1","max-image-preview":"max-image-preview:large","max-video-preview":"max-video-preview:-1"},"canonical":"https:\/\/www.zuurstofplanten.net\/fr\/zuurstofplanten-latijns\/potamogeton-lucens\/","og_locale":"fr_FR","og_type":"article","og_title":"Potamogeton Lucens | Onderhoud & Advies | Zuurstofplanten","og_description":"Potamogeton Lucens is een veel geprezen en populaire zuurstofplant. De snelle groei van deze zuurstofplant helpt tegen algen in de vijver.","og_url":"https:\/\/www.zuurstofplanten.net\/fr\/zuurstofplanten-latijns\/potamogeton-lucens\/","og_site_name":"Zuurstofplanten.net","article_modified_time":"2025-06-04T10:12:42+00:00","og_image":[{"width":220,"height":220,"url":"https:\/\/www.zuurstofplanten.net\/wp-content\/uploads\/2024\/10\/glanzend-fonteinkruid-bos-2.jpg","type":"image\/jpeg"}],"twitter_card":"summary_large_image","twitter_misc":{"Dur\u00e9e de lecture estim\u00e9e":"2 minutes"},"schema":{"@context":"https:\/\/schema.org","@graph":[{"@type":"WebPage","@id":"https:\/\/www.zuurstofplanten.net\/zuurstofplanten-latijns\/potamogeton-lucens\/","url":"https:\/\/www.zuurstofplanten.net\/zuurstofplanten-latijns\/potamogeton-lucens\/","name":"Potamogeton Lucens | Entretien et conseils | Plantes \u00e0 oxyg\u00e8ne","isPartOf":{"@id":"https:\/\/www.zuurstofplanten.net\/#website"},"primaryImageOfPage":{"@id":"https:\/\/www.zuurstofplanten.net\/zuurstofplanten-latijns\/potamogeton-lucens\/#primaryimage"},"image":{"@id":"https:\/\/www.zuurstofplanten.net\/zuurstofplanten-latijns\/potamogeton-lucens\/#primaryimage"},"thumbnailUrl":"https:\/\/www.zuurstofplanten.net\/wp-content\/uploads\/2024\/10\/glanzend-fonteinkruid-bos-2.jpg","datePublished":"2024-10-23T08:20:39+00:00","dateModified":"2025-06-04T10:12:42+00:00","description":"Potamogeton Lucens est une plante \u00e0 oxyg\u00e8ne tr\u00e8s appr\u00e9ci\u00e9e et populaire. La croissance rapide de cette plante \u00e0 oxyg\u00e8ne permet de lutter contre les algues dans l'\u00e9tang.","breadcrumb":{"@id":"https:\/\/www.zuurstofplanten.net\/zuurstofplanten-latijns\/potamogeton-lucens\/#breadcrumb"},"inLanguage":"fr-FR","potentialAction":[{"@type":"ReadAction","target":["https:\/\/www.zuurstofplanten.net\/zuurstofplanten-latijns\/potamogeton-lucens\/"]}]},{"@type":"ImageObject","inLanguage":"fr-FR","@id":"https:\/\/www.zuurstofplanten.net\/zuurstofplanten-latijns\/potamogeton-lucens\/#primaryimage","url":"https:\/\/www.zuurstofplanten.net\/wp-content\/uploads\/2024\/10\/glanzend-fonteinkruid-bos-2.jpg","contentUrl":"https:\/\/www.zuurstofplanten.net\/wp-content\/uploads\/2024\/10\/glanzend-fonteinkruid-bos-2.jpg"},{"@type":"BreadcrumbList","@id":"https:\/\/www.zuurstofplanten.net\/zuurstofplanten-latijns\/potamogeton-lucens\/#breadcrumb","itemListElement":[{"@type":"ListItem","position":1,"name":"Home","item":"https:\/\/www.zuurstofplanten.net\/"},{"@type":"ListItem","position":2,"name":"Latijnse soortnamen","item":"https:\/\/www.zuurstofplanten.net\/zuurstofplanten-latijns\/"},{"@type":"ListItem","position":3,"name":"Potamogeton Lucens"}]},{"@type":"WebSite","@id":"https:\/\/www.zuurstofplanten.net\/#website","url":"https:\/\/www.zuurstofplanten.net\/","name":"Zuurstofplanten.net","description":"","publisher":{"@id":"https:\/\/www.zuurstofplanten.net\/#organization"},"potentialAction":[{"@type":"SearchAction","target":{"@type":"EntryPoint","urlTemplate":"https:\/\/www.zuurstofplanten.net\/?s={search_term_string}"},"query-input":{"@type":"PropertyValueSpecification","valueRequired":true,"valueName":"search_term_string"}}],"inLanguage":"fr-FR"},{"@type":"Organization","@id":"https:\/\/www.zuurstofplanten.net\/#organization","name":"Zuurstofplanten.net","url":"https:\/\/www.zuurstofplanten.net\/","logo":{"@type":"ImageObject","inLanguage":"fr-FR","@id":"https:\/\/www.zuurstofplanten.net\/#\/schema\/logo\/image\/","url":"https:\/\/www.zuurstofplanten.net\/wp-content\/uploads\/2024\/10\/zuurstofplanten-logo-1.jpg","contentUrl":"https:\/\/www.zuurstofplanten.net\/wp-content\/uploads\/2024\/10\/zuurstofplanten-logo-1.jpg","width":180,"height":60,"caption":"Zuurstofplanten.net"},"image":{"@id":"https:\/\/www.zuurstofplanten.net\/#\/schema\/logo\/image\/"}}]}},"_links":{"self":[{"href":"https:\/\/www.zuurstofplanten.net\/fr\/wp-json\/wp\/v2\/pages\/846","targetHints":{"allow":["GET"]}}],"collection":[{"href":"https:\/\/www.zuurstofplanten.net\/fr\/wp-json\/wp\/v2\/pages"}],"about":[{"href":"https:\/\/www.zuurstofplanten.net\/fr\/wp-json\/wp\/v2\/types\/page"}],"author":[{"embeddable":true,"href":"https:\/\/www.zuurstofplanten.net\/fr\/wp-json\/wp\/v2\/users\/4"}],"replies":[{"embeddable":true,"href":"https:\/\/www.zuurstofplanten.net\/fr\/wp-json\/wp\/v2\/comments?post=846"}],"version-history":[{"count":14,"href":"https:\/\/www.zuurstofplanten.net\/fr\/wp-json\/wp\/v2\/pages\/846\/revisions"}],"predecessor-version":[{"id":2176,"href":"https:\/\/www.zuurstofplanten.net\/fr\/wp-json\/wp\/v2\/pages\/846\/revisions\/2176"}],"up":[{"embeddable":true,"href":"https:\/\/www.zuurstofplanten.net\/fr\/wp-json\/wp\/v2\/pages\/571"}],"wp:attachment":[{"href":"https:\/\/www.zuurstofplanten.net\/fr\/wp-json\/wp\/v2\/media?parent=846"}],"curies":[{"name":"wp","href":"https:\/\/api.w.org\/{rel}","templated":true}]}}