{"id":840,"date":"2024-10-23T08:03:14","date_gmt":"2024-10-23T08:03:14","guid":{"rendered":"https:\/\/baselinkhosting.nl\/zuurstofplanten\/?page_id=840"},"modified":"2025-06-04T10:12:42","modified_gmt":"2025-06-04T10:12:42","slug":"myriophyllum-spicatum","status":"publish","type":"page","link":"https:\/\/www.zuurstofplanten.net\/fr\/zuurstofplanten-latijns\/myriophyllum-spicatum\/","title":{"rendered":"Myriophyllum Spicatum"},"content":{"rendered":"<div data-elementor-type=\"wp-page\" data-elementor-id=\"840\" class=\"elementor elementor-840\" data-elementor-post-type=\"page\">\n\t\t\t\t<div class=\"elementor-element elementor-element-da54fd3 e-flex e-con-boxed e-con e-parent\" data-id=\"da54fd3\" data-element_type=\"container\" data-e-type=\"container\" data-settings=\"{&quot;background_background&quot;:&quot;classic&quot;}\">\n\t\t\t\t\t<div class=\"e-con-inner\">\n\t\t\t\t<div class=\"elementor-element elementor-element-21e56eb elementor-widget elementor-widget-heading\" data-id=\"21e56eb\" data-element_type=\"widget\" data-e-type=\"widget\" data-widget_type=\"heading.default\">\n\t\t\t\t<div class=\"elementor-widget-container\">\n\t\t\t\t\t<h1 class=\"elementor-heading-title elementor-size-default\">Myriophyllum Spicatum<\/h1>\t\t\t\t<\/div>\n\t\t\t\t<\/div>\n\t\t\t\t<div class=\"elementor-element elementor-element-3becb78 elementor-widget elementor-widget-breadcrumbs\" data-id=\"3becb78\" data-element_type=\"widget\" data-e-type=\"widget\" data-widget_type=\"breadcrumbs.default\">\n\t\t\t\t<div class=\"elementor-widget-container\">\n\t\t\t\t\t<p id=\"breadcrumbs\"><span><span><a href=\"https:\/\/www.zuurstofplanten.net\/fr\/\">Accueil<\/a><\/span><\/span><\/p>\t\t\t\t<\/div>\n\t\t\t\t<\/div>\n\t\t\t\t\t<\/div>\n\t\t\t\t<\/div>\n\t\t<div class=\"elementor-element elementor-element-79745191 e-flex e-con-boxed e-con e-parent\" data-id=\"79745191\" data-element_type=\"container\" data-e-type=\"container\">\n\t\t\t\t\t<div class=\"e-con-inner\">\n\t\t\t\t<div class=\"elementor-element elementor-element-616d7c29 elementor-widget elementor-widget-heading\" data-id=\"616d7c29\" data-element_type=\"widget\" data-e-type=\"widget\" data-widget_type=\"heading.default\">\n\t\t\t\t<div class=\"elementor-widget-container\">\n\t\t\t\t\t<h2 class=\"elementor-heading-title elementor-size-default\">Myriophyllum Spicatum<\/h2>\t\t\t\t<\/div>\n\t\t\t\t<\/div>\n\t\t<div class=\"elementor-element elementor-element-57755625 e-grid e-con-full e-con e-child\" data-id=\"57755625\" data-element_type=\"container\" data-e-type=\"container\">\n\t\t\t\t<div class=\"elementor-element elementor-element-2b6c4ead elementor-widget elementor-widget-text-editor\" data-id=\"2b6c4ead\" data-element_type=\"widget\" data-e-type=\"widget\" data-widget_type=\"text-editor.default\">\n\t\t\t\t<div class=\"elementor-widget-container\">\n\t\t\t\t\t\t\t\t\t<p>Myriophyllum Spicatum, ou plumeau indig\u00e8ne, est une plante oxyg\u00e9nante qui convient parfaitement aux \u00e9tangs naturels. Cette plante \u00e0 oxyg\u00e8ne pousse tr\u00e8s rapidement. En effet, elle s'enracine dans le fond de l'eau et y absorbe les nutriments n\u00e9cessaires. La plante peut atteindre une longueur de 30 \u00e0 250 centim\u00e8tres. Myriophlyllum Spicatum est une plante aquatique aux belles fleurs rouge fonc\u00e9. Ces fleurs apparaissent en moyenne entre juillet et septembre.<\/p><p>En outre, cette plante aquatique appartient \u00e0 la famille des plumeaux, ce qui se refl\u00e8te clairement dans ses feuilles \"penn\u00e9es\". Comme ces feuilles contiennent de nombreux grains de chlorophylle, elles sont tr\u00e8s utiles pour fournir de l'oxyg\u00e8ne \u00e0 votre \u00e9tang. Les habitants de l'\u00e9tang en profitent. Myriophyllum Spicatum veille \u00e9galement \u00e0 ce que votre bassin devienne et reste propre, en concurren\u00e7ant les algues. En effet, tout comme les algues, Myriophyllum Spicatum a besoin de nutriments. Les algues n'obtiennent donc plus suffisamment de nutriments et sont moins visibles. Ainsi, votre \u00e9tang retrouvera rapidement son aspect normal.<\/p><p>Outre le Myriophyllum Spicatum, il existe \u00e9galement le Myriophyllum Scrabatum. Alors que la roquette indig\u00e8ne a une couleur plut\u00f4t brune, la vari\u00e9t\u00e9 orientale est d'un vert \u00e9clatant et a des feuilles plus exub\u00e9rantes. Bien entendu, cette esp\u00e8ce est \u00e9galement disponible chez nous.<\/p>\t\t\t\t\t\t\t\t<\/div>\n\t\t\t\t<\/div>\n\t\t\t\t<div class=\"elementor-element elementor-element-110ea60b elementor-cta--skin-classic elementor-animated-content elementor-bg-transform elementor-bg-transform-zoom-in elementor-widget elementor-widget-call-to-action\" data-id=\"110ea60b\" data-element_type=\"widget\" data-e-type=\"widget\" data-widget_type=\"call-to-action.default\">\n\t\t\t\t<div class=\"elementor-widget-container\">\n\t\t\t\t\t\t\t<a class=\"elementor-cta\" href=\"https:\/\/vijvermeester.nl\/aarvederkruid.html?utm_source=affiliate&#038;utm_medium=partner&#038;utm_campaign=zuurstofplanten_net&#038;utm_content=ranunculus_aquatilis\" rel=\"nofollow\">\n\t\t\t\t\t<div class=\"elementor-cta__bg-wrapper\">\n\t\t\t\t<div class=\"elementor-cta__bg elementor-bg\" style=\"background-image: url(https:\/\/www.zuurstofplanten.net\/wp-content\/uploads\/2024\/10\/oosters_aarvederkruid.jpg);\" role=\"img\" aria-label=\"foug\u00e8re_orientale\"><\/div>\n\t\t\t\t<div class=\"elementor-cta__bg-overlay\"><\/div>\n\t\t\t<\/div>\n\t\t\t\t\t\t\t<div class=\"elementor-cta__content\">\n\t\t\t\t\n\t\t\t\t\t\t\t\t\t<h2 class=\"elementor-cta__title elementor-cta__content-item elementor-content-item\">\n\t\t\t\t\t\tVous souhaitez acheter Myriophyllum Spicatum ?\t\t\t\t\t<\/h2>\n\t\t\t\t\n\t\t\t\t\t\t\t\t\t<div class=\"elementor-cta__description elementor-cta__content-item elementor-content-item\">\n\t\t\t\t\t\tMyriophyllum Spicatum, mieux connu sous le nom de plume d'oie indig\u00e8ne, est en vente dans la boutique en ligne de De Vijvermeester. Vous y trouverez de belles grappes de qualit\u00e9 sup\u00e9rieure.\t\t\t\t\t<\/div>\n\t\t\t\t\n\t\t\t\t\t\t\t\t\t<div class=\"elementor-cta__button-wrapper elementor-cta__content-item elementor-content-item\">\n\t\t\t\t\t<span class=\"elementor-cta__button elementor-button elementor-size-\">\n\t\t\t\t\t\tCommander sur Vijvermeester.nl\t\t\t\t\t<\/span>\n\t\t\t\t\t<\/div>\n\t\t\t\t\t\t\t<\/div>\n\t\t\t\t\t\t<\/a>\n\t\t\t\t\t\t<\/div>\n\t\t\t\t<\/div>\n\t\t\t\t<\/div>\n\t\t\t\t<div class=\"elementor-element elementor-element-5bdbcd6b elementor-widget elementor-widget-heading\" data-id=\"5bdbcd6b\" data-element_type=\"widget\" data-e-type=\"widget\" data-widget_type=\"heading.default\">\n\t\t\t\t<div class=\"elementor-widget-container\">\n\t\t\t\t\t<h3 class=\"elementor-heading-title elementor-size-default\">Myriophyllum Spicatum Propri\u00e9t\u00e9s<\/h3>\t\t\t\t<\/div>\n\t\t\t\t<\/div>\n\t\t\t\t<div class=\"elementor-element elementor-element-511bc1a1 elementor-widget elementor-widget-text-editor\" data-id=\"511bc1a1\" data-element_type=\"widget\" data-e-type=\"widget\" data-widget_type=\"text-editor.default\">\n\t\t\t\t<div class=\"elementor-widget-container\">\n\t\t\t\t\t\t\t\t\t<ul><li>Position : Soleil\/semi-ombre<\/li><li>Profondeur de plantation : 40-120 cm<\/li><li>Longueur de la tige : jusqu'\u00e0 120 cm<\/li><li>Substrat : N\u00e9cessaire, plante aquatique enracin\u00e9e<\/li><\/ul>\t\t\t\t\t\t\t\t<\/div>\n\t\t\t\t<\/div>\n\t\t\t\t<div class=\"elementor-element elementor-element-7781ac12 elementor-widget elementor-widget-heading\" data-id=\"7781ac12\" data-element_type=\"widget\" data-e-type=\"widget\" data-widget_type=\"heading.default\">\n\t\t\t\t<div class=\"elementor-widget-container\">\n\t\t\t\t\t<h3 class=\"elementor-heading-title elementor-size-default\">Questions fr\u00e9quemment pos\u00e9es<\/h3>\t\t\t\t<\/div>\n\t\t\t\t<\/div>\n\t\t\t\t<div class=\"elementor-element elementor-element-6eabdf56 elementor-widget elementor-widget-heading\" data-id=\"6eabdf56\" data-element_type=\"widget\" data-e-type=\"widget\" data-widget_type=\"heading.default\">\n\t\t\t\t<div class=\"elementor-widget-container\">\n\t\t\t\t\t<h4 class=\"elementor-heading-title elementor-size-default\">Comment planter et entretenir le myriophyllum spicatum ?<\/h4>\t\t\t\t<\/div>\n\t\t\t\t<\/div>\n\t\t\t\t<div class=\"elementor-element elementor-element-1a1ccef3 elementor-widget elementor-widget-text-editor\" data-id=\"1a1ccef3\" data-element_type=\"widget\" data-e-type=\"widget\" data-widget_type=\"text-editor.default\">\n\t\t\t\t<div class=\"elementor-widget-container\">\n\t\t\t\t\t\t\t\t\t<p>Cette plante \u00e0 oxyg\u00e8ne s'enracine dans le sol. Gr\u00e2ce \u00e0 son taux de croissance \u00e9lev\u00e9, elle peut rapidement prolif\u00e9rer. En effet, cette plante se propage principalement par voie v\u00e9g\u00e9tative. Cela signifie qu'elle forme des rhizomes. Le placement dans un panier de bassin permet de ralentir cette prolif\u00e9ration et de garantir la formation de belles grappes \u00e9paisses.<\/p>\t\t\t\t\t\t\t\t<\/div>\n\t\t\t\t<\/div>\n\t\t\t\t<div class=\"elementor-element elementor-element-48b7eba7 elementor-widget elementor-widget-heading\" data-id=\"48b7eba7\" data-element_type=\"widget\" data-e-type=\"widget\" data-widget_type=\"heading.default\">\n\t\t\t\t<div class=\"elementor-widget-container\">\n\t\t\t\t\t<h4 class=\"elementor-heading-title elementor-size-default\">Quelle est la profondeur de plantation du myriophyllum spicatum ?<\/h4>\t\t\t\t<\/div>\n\t\t\t\t<\/div>\n\t\t\t\t<div class=\"elementor-element elementor-element-4fd5a86c elementor-widget elementor-widget-text-editor\" data-id=\"4fd5a86c\" data-element_type=\"widget\" data-e-type=\"widget\" data-widget_type=\"text-editor.default\">\n\t\t\t\t<div class=\"elementor-widget-container\">\n\t\t\t\t\t\t\t\t\t<p>La profondeur de plantation de l'euphorbe se situe entre 40 et 120 cm.<\/p>\t\t\t\t\t\t\t\t<\/div>\n\t\t\t\t<\/div>\n\t\t\t\t<div class=\"elementor-element elementor-element-1314916a elementor-widget elementor-widget-heading\" data-id=\"1314916a\" data-element_type=\"widget\" data-e-type=\"widget\" data-widget_type=\"heading.default\">\n\t\t\t\t<div class=\"elementor-widget-container\">\n\t\t\t\t\t<h4 class=\"elementor-heading-title elementor-size-default\">De combien de plantes \u00e0 oxyg\u00e8ne ai-je besoin ?<\/h4>\t\t\t\t<\/div>\n\t\t\t\t<\/div>\n\t\t\t\t<div class=\"elementor-element elementor-element-58d06f87 elementor-widget elementor-widget-text-editor\" data-id=\"58d06f87\" data-element_type=\"widget\" data-e-type=\"widget\" data-widget_type=\"text-editor.default\">\n\t\t\t\t<div class=\"elementor-widget-container\">\n\t\t\t\t\t\t\t\t\t<p>Pour votre \u00e9tang, vous avez besoin d'environ 4 \u00e0 5 bouquets de plantes oxyg\u00e9n\u00e9es pour 1 000 litres d'eau. Cette quantit\u00e9 de plantes permet d'\u00e9liminer une grande partie des nutriments pr\u00e9sents dans l'eau, ce qui r\u00e9duit le risque de croissance des algues flottantes et\/ou filamenteuses. En effet, sans nutriments, ces plantes ne peuvent pas pousser dans l'\u00e9tang. Votre \u00e9tang sera ainsi plus clair.<\/p><p>Voulez-vous savoir exactement <a href=\"https:\/\/www.zuurstofplanten.net\/fr\/kennisbank\/hoeveel-zuurstofplanten-in-een-vijver\/\"><strong data-start=\"757\" data-end=\"794\">combien de plantes \u00e0 oxyg\u00e8ne dans un \u00e9tang<\/strong><\/a> en fonction du nombre de litres d'eau ? Utilisez alors notre <a class=\"\" href=\"https:\/\/www.zuurstofplanten.net\/fr\/kennisbank\/hoeveel-zuurstofplanten-in-een-vijver\/\" rel=\"noopener\" data-start=\"869\" data-end=\"891\">Calculateur Groves<\/a><\/p>\t\t\t\t\t\t\t\t<\/div>\n\t\t\t\t<\/div>\n\t\t\t\t<div class=\"elementor-element elementor-element-34e16664 elementor-widget elementor-widget-heading\" data-id=\"34e16664\" data-element_type=\"widget\" data-e-type=\"widget\" data-widget_type=\"heading.default\">\n\t\t\t\t<div class=\"elementor-widget-container\">\n\t\t\t\t\t<h2 class=\"elementor-heading-title elementor-size-default\">Vous souhaitez acheter Myriophyllum Spicatum ?<\/h2>\t\t\t\t<\/div>\n\t\t\t\t<\/div>\n\t\t\t\t<div class=\"elementor-element elementor-element-4d75a1 elementor-widget elementor-widget-image\" data-id=\"4d75a1\" data-element_type=\"widget\" data-e-type=\"widget\" data-widget_type=\"image.default\">\n\t\t\t\t<div class=\"elementor-widget-container\">\n\t\t\t\t\t\t\t\t\t\t\t\t\t\t\t<img fetchpriority=\"high\" decoding=\"async\" width=\"264\" height=\"300\" src=\"https:\/\/www.zuurstofplanten.net\/wp-content\/uploads\/2024\/10\/aarvederkruid-264x300-1-2.jpg\" class=\"attachment-medium size-medium wp-image-589\" alt=\"\" \/>\t\t\t\t\t\t\t\t\t\t\t\t\t\t\t<\/div>\n\t\t\t\t<\/div>\n\t\t\t\t<div class=\"elementor-element elementor-element-c2147cc elementor-widget elementor-widget-text-editor\" data-id=\"c2147cc\" data-element_type=\"widget\" data-e-type=\"widget\" data-widget_type=\"text-editor.default\">\n\t\t\t\t<div class=\"elementor-widget-container\">\n\t\t\t\t\t\t\t\t\t<p>Myriophyllum Spicatum est en vente dans la boutique en ligne de De Vijvermeester. Vous y trouverez de beaux bouquets de qualit\u00e9 sup\u00e9rieure.<\/p>\t\t\t\t\t\t\t\t<\/div>\n\t\t\t\t<\/div>\n\t\t\t\t<div class=\"elementor-element elementor-element-418a5bb4 elementor-align-left elementor-widget elementor-widget-button\" data-id=\"418a5bb4\" data-element_type=\"widget\" data-e-type=\"widget\" data-widget_type=\"button.default\">\n\t\t\t\t<div class=\"elementor-widget-container\">\n\t\t\t\t\t\t\t\t\t<div class=\"elementor-button-wrapper\">\n\t\t\t\t\t<a class=\"elementor-button elementor-button-link elementor-size-sm elementor-animation-grow\" href=\"https:\/\/vijvermeester.nl\/aarvederkruid.html?utm_source=affiliate&#038;utm_medium=partner&#038;utm_campaign=zuurstofplanten_net&#038;utm_content=ranunculus_aquatilis\" rel=\"nofollow\">\n\t\t\t\t\t\t<span class=\"elementor-button-content-wrapper\">\n\t\t\t\t\t\t<span class=\"elementor-button-icon\">\n\t\t\t\t<svg aria-hidden=\"true\" class=\"e-font-icon-svg e-fas-shopping-cart\" viewbox=\"0 0 576 512\" xmlns=\"http:\/\/www.w3.org\/2000\/svg\"><path d=\"M528.12 301.319l47.273-208C578.806 78.301 567.391 64 551.99 64H159.208l-9.166-44.81C147.758 8.021 137.93 0 126.529 0H24C10.745 0 0 10.745 0 24v16c0 13.255 10.745 24 24 24h69.883l70.248 343.435C147.325 417.1 136 435.222 136 456c0 30.928 25.072 56 56 56s56-25.072 56-56c0-15.674-6.447-29.835-16.824-40h209.647C430.447 426.165 424 440.326 424 456c0 30.928 25.072 56 56 56s56-25.072 56-56c0-22.172-12.888-41.332-31.579-50.405l5.517-24.276c3.413-15.018-8.002-29.319-23.403-29.319H218.117l-6.545-32h293.145c11.206 0 20.92-7.754 23.403-18.681z\"><\/path><\/svg>\t\t\t<\/span>\n\t\t\t\t\t\t\t\t\t<span class=\"elementor-button-text\">Acheter Myriophyllum Spicatum sur Vijvermeester.nl<\/span>\n\t\t\t\t\t<\/span>\n\t\t\t\t\t<\/a>\n\t\t\t\t<\/div>\n\t\t\t\t\t\t\t\t<\/div>\n\t\t\t\t<\/div>\n\t\t\t\t\t<\/div>\n\t\t\t\t<\/div>\n\t\t\t\t<\/div>","protected":false},"excerpt":{"rendered":"<p>Myriophyllum Spicatum Myriophyllum Spicatum Myriophyllum Spicatum, ou topinambour indig\u00e8ne, est une plante oxyg\u00e9nante qui convient parfaitement aux \u00e9tangs naturels. Cette plante \u00e0 oxyg\u00e8ne pousse tr\u00e8s rapidement. En effet, elle s'enracine d'elle-m\u00eame et absorbe les nutriments n\u00e9cessaires dans le fond de l'eau. La plante peut atteindre une longueur de 30 \u00e0 250 centim\u00e8tres. Myriophlyllum Spicatum est une plante aquatique [...].<\/p>","protected":false},"author":4,"featured_media":0,"parent":571,"menu_order":10,"comment_status":"closed","ping_status":"closed","template":"","meta":{"_acf_changed":false,"iawp_total_views":145,"footnotes":""},"class_list":["post-840","page","type-page","status-publish","hentry"],"acf":[],"yoast_head":"<!-- This site is optimized with the Yoast SEO plugin v25.5 - https:\/\/yoast.com\/wordpress\/plugins\/seo\/ -->\n<title>Myriophyllum Spicatum | Onderhoud &amp; Advies | Zuurstofplanten<\/title>\n<meta name=\"description\" content=\"Myriophyllum spicatum past perfect in natuurlijke vijvers. Het is een geduchte algenconcurrent en heeft daarnaast mooie rode bloemetjes.\" \/>\n<meta name=\"robots\" content=\"index, follow, max-snippet:-1, max-image-preview:large, max-video-preview:-1\" \/>\n<link rel=\"canonical\" href=\"https:\/\/www.zuurstofplanten.net\/fr\/zuurstofplanten-latijns\/myriophyllum-spicatum\/\" \/>\n<meta property=\"og:locale\" content=\"fr_FR\" \/>\n<meta property=\"og:type\" content=\"article\" \/>\n<meta property=\"og:title\" content=\"Myriophyllum Spicatum | Onderhoud &amp; Advies | Zuurstofplanten\" \/>\n<meta property=\"og:description\" content=\"Myriophyllum spicatum past perfect in natuurlijke vijvers. Het is een geduchte algenconcurrent en heeft daarnaast mooie rode bloemetjes.\" \/>\n<meta property=\"og:url\" content=\"https:\/\/www.zuurstofplanten.net\/fr\/zuurstofplanten-latijns\/myriophyllum-spicatum\/\" \/>\n<meta property=\"og:site_name\" content=\"Zuurstofplanten.net\" \/>\n<meta property=\"article:modified_time\" content=\"2025-06-04T10:12:42+00:00\" \/>\n<meta property=\"og:image\" content=\"https:\/\/www.zuurstofplanten.net\/wp-content\/uploads\/2024\/10\/aarvederkruid-264x300-1-2.jpg\" \/>\n\t<meta property=\"og:image:width\" content=\"264\" \/>\n\t<meta property=\"og:image:height\" content=\"300\" \/>\n\t<meta property=\"og:image:type\" content=\"image\/jpeg\" \/>\n<meta name=\"twitter:card\" content=\"summary_large_image\" \/>\n<meta name=\"twitter:label1\" content=\"Dur\u00e9e de lecture estim\u00e9e\" \/>\n\t<meta name=\"twitter:data1\" content=\"3 minutes\" \/>\n<script type=\"application\/ld+json\" class=\"yoast-schema-graph\">{\"@context\":\"https:\/\/schema.org\",\"@graph\":[{\"@type\":\"WebPage\",\"@id\":\"https:\/\/www.zuurstofplanten.net\/zuurstofplanten-latijns\/myriophyllum-spicatum\/\",\"url\":\"https:\/\/www.zuurstofplanten.net\/zuurstofplanten-latijns\/myriophyllum-spicatum\/\",\"name\":\"Myriophyllum Spicatum | Onderhoud & Advies | Zuurstofplanten\",\"isPartOf\":{\"@id\":\"https:\/\/www.zuurstofplanten.net\/#website\"},\"primaryImageOfPage\":{\"@id\":\"https:\/\/www.zuurstofplanten.net\/zuurstofplanten-latijns\/myriophyllum-spicatum\/#primaryimage\"},\"image\":{\"@id\":\"https:\/\/www.zuurstofplanten.net\/zuurstofplanten-latijns\/myriophyllum-spicatum\/#primaryimage\"},\"thumbnailUrl\":\"https:\/\/www.zuurstofplanten.net\/wp-content\/uploads\/2024\/10\/aarvederkruid-264x300-1-2.jpg\",\"datePublished\":\"2024-10-23T08:03:14+00:00\",\"dateModified\":\"2025-06-04T10:12:42+00:00\",\"description\":\"Myriophyllum spicatum past perfect in natuurlijke vijvers. Het is een geduchte algenconcurrent en heeft daarnaast mooie rode bloemetjes.\",\"breadcrumb\":{\"@id\":\"https:\/\/www.zuurstofplanten.net\/zuurstofplanten-latijns\/myriophyllum-spicatum\/#breadcrumb\"},\"inLanguage\":\"fr-FR\",\"potentialAction\":[{\"@type\":\"ReadAction\",\"target\":[\"https:\/\/www.zuurstofplanten.net\/zuurstofplanten-latijns\/myriophyllum-spicatum\/\"]}]},{\"@type\":\"ImageObject\",\"inLanguage\":\"fr-FR\",\"@id\":\"https:\/\/www.zuurstofplanten.net\/zuurstofplanten-latijns\/myriophyllum-spicatum\/#primaryimage\",\"url\":\"https:\/\/www.zuurstofplanten.net\/wp-content\/uploads\/2024\/10\/aarvederkruid-264x300-1-2.jpg\",\"contentUrl\":\"https:\/\/www.zuurstofplanten.net\/wp-content\/uploads\/2024\/10\/aarvederkruid-264x300-1-2.jpg\"},{\"@type\":\"BreadcrumbList\",\"@id\":\"https:\/\/www.zuurstofplanten.net\/zuurstofplanten-latijns\/myriophyllum-spicatum\/#breadcrumb\",\"itemListElement\":[{\"@type\":\"ListItem\",\"position\":1,\"name\":\"Home\",\"item\":\"https:\/\/www.zuurstofplanten.net\/\"},{\"@type\":\"ListItem\",\"position\":2,\"name\":\"Latijnse soortnamen\",\"item\":\"https:\/\/www.zuurstofplanten.net\/zuurstofplanten-latijns\/\"},{\"@type\":\"ListItem\",\"position\":3,\"name\":\"Myriophyllum Spicatum\"}]},{\"@type\":\"WebSite\",\"@id\":\"https:\/\/www.zuurstofplanten.net\/#website\",\"url\":\"https:\/\/www.zuurstofplanten.net\/\",\"name\":\"Zuurstofplanten.net\",\"description\":\"\",\"publisher\":{\"@id\":\"https:\/\/www.zuurstofplanten.net\/#organization\"},\"potentialAction\":[{\"@type\":\"SearchAction\",\"target\":{\"@type\":\"EntryPoint\",\"urlTemplate\":\"https:\/\/www.zuurstofplanten.net\/?s={search_term_string}\"},\"query-input\":{\"@type\":\"PropertyValueSpecification\",\"valueRequired\":true,\"valueName\":\"search_term_string\"}}],\"inLanguage\":\"fr-FR\"},{\"@type\":\"Organization\",\"@id\":\"https:\/\/www.zuurstofplanten.net\/#organization\",\"name\":\"Zuurstofplanten.net\",\"url\":\"https:\/\/www.zuurstofplanten.net\/\",\"logo\":{\"@type\":\"ImageObject\",\"inLanguage\":\"fr-FR\",\"@id\":\"https:\/\/www.zuurstofplanten.net\/#\/schema\/logo\/image\/\",\"url\":\"https:\/\/www.zuurstofplanten.net\/wp-content\/uploads\/2024\/10\/zuurstofplanten-logo-1.jpg\",\"contentUrl\":\"https:\/\/www.zuurstofplanten.net\/wp-content\/uploads\/2024\/10\/zuurstofplanten-logo-1.jpg\",\"width\":180,\"height\":60,\"caption\":\"Zuurstofplanten.net\"},\"image\":{\"@id\":\"https:\/\/www.zuurstofplanten.net\/#\/schema\/logo\/image\/\"}}]}<\/script>\n<!-- \/ Yoast SEO plugin. -->","yoast_head_json":{"title":"Myriophyllum Spicatum | Entretien et conseils | Plantes \u00e0 oxyg\u00e8ne","description":"Myriophyllum spicatum s'int\u00e8gre parfaitement dans les \u00e9tangs naturels. C'est une redoutable comp\u00e9titrice d'algues et elle a aussi de jolies fleurs rouges.","robots":{"index":"index","follow":"follow","max-snippet":"max-snippet:-1","max-image-preview":"max-image-preview:large","max-video-preview":"max-video-preview:-1"},"canonical":"https:\/\/www.zuurstofplanten.net\/fr\/zuurstofplanten-latijns\/myriophyllum-spicatum\/","og_locale":"fr_FR","og_type":"article","og_title":"Myriophyllum Spicatum | Onderhoud & Advies | Zuurstofplanten","og_description":"Myriophyllum spicatum past perfect in natuurlijke vijvers. Het is een geduchte algenconcurrent en heeft daarnaast mooie rode bloemetjes.","og_url":"https:\/\/www.zuurstofplanten.net\/fr\/zuurstofplanten-latijns\/myriophyllum-spicatum\/","og_site_name":"Zuurstofplanten.net","article_modified_time":"2025-06-04T10:12:42+00:00","og_image":[{"width":264,"height":300,"url":"https:\/\/www.zuurstofplanten.net\/wp-content\/uploads\/2024\/10\/aarvederkruid-264x300-1-2.jpg","type":"image\/jpeg"}],"twitter_card":"summary_large_image","twitter_misc":{"Dur\u00e9e de lecture estim\u00e9e":"3 minutes"},"schema":{"@context":"https:\/\/schema.org","@graph":[{"@type":"WebPage","@id":"https:\/\/www.zuurstofplanten.net\/zuurstofplanten-latijns\/myriophyllum-spicatum\/","url":"https:\/\/www.zuurstofplanten.net\/zuurstofplanten-latijns\/myriophyllum-spicatum\/","name":"Myriophyllum Spicatum | Entretien et conseils | Plantes \u00e0 oxyg\u00e8ne","isPartOf":{"@id":"https:\/\/www.zuurstofplanten.net\/#website"},"primaryImageOfPage":{"@id":"https:\/\/www.zuurstofplanten.net\/zuurstofplanten-latijns\/myriophyllum-spicatum\/#primaryimage"},"image":{"@id":"https:\/\/www.zuurstofplanten.net\/zuurstofplanten-latijns\/myriophyllum-spicatum\/#primaryimage"},"thumbnailUrl":"https:\/\/www.zuurstofplanten.net\/wp-content\/uploads\/2024\/10\/aarvederkruid-264x300-1-2.jpg","datePublished":"2024-10-23T08:03:14+00:00","dateModified":"2025-06-04T10:12:42+00:00","description":"Myriophyllum spicatum s'int\u00e8gre parfaitement dans les \u00e9tangs naturels. C'est une redoutable comp\u00e9titrice d'algues et elle a aussi de jolies fleurs rouges.","breadcrumb":{"@id":"https:\/\/www.zuurstofplanten.net\/zuurstofplanten-latijns\/myriophyllum-spicatum\/#breadcrumb"},"inLanguage":"fr-FR","potentialAction":[{"@type":"ReadAction","target":["https:\/\/www.zuurstofplanten.net\/zuurstofplanten-latijns\/myriophyllum-spicatum\/"]}]},{"@type":"ImageObject","inLanguage":"fr-FR","@id":"https:\/\/www.zuurstofplanten.net\/zuurstofplanten-latijns\/myriophyllum-spicatum\/#primaryimage","url":"https:\/\/www.zuurstofplanten.net\/wp-content\/uploads\/2024\/10\/aarvederkruid-264x300-1-2.jpg","contentUrl":"https:\/\/www.zuurstofplanten.net\/wp-content\/uploads\/2024\/10\/aarvederkruid-264x300-1-2.jpg"},{"@type":"BreadcrumbList","@id":"https:\/\/www.zuurstofplanten.net\/zuurstofplanten-latijns\/myriophyllum-spicatum\/#breadcrumb","itemListElement":[{"@type":"ListItem","position":1,"name":"Home","item":"https:\/\/www.zuurstofplanten.net\/"},{"@type":"ListItem","position":2,"name":"Latijnse soortnamen","item":"https:\/\/www.zuurstofplanten.net\/zuurstofplanten-latijns\/"},{"@type":"ListItem","position":3,"name":"Myriophyllum Spicatum"}]},{"@type":"WebSite","@id":"https:\/\/www.zuurstofplanten.net\/#website","url":"https:\/\/www.zuurstofplanten.net\/","name":"Zuurstofplanten.net","description":"","publisher":{"@id":"https:\/\/www.zuurstofplanten.net\/#organization"},"potentialAction":[{"@type":"SearchAction","target":{"@type":"EntryPoint","urlTemplate":"https:\/\/www.zuurstofplanten.net\/?s={search_term_string}"},"query-input":{"@type":"PropertyValueSpecification","valueRequired":true,"valueName":"search_term_string"}}],"inLanguage":"fr-FR"},{"@type":"Organization","@id":"https:\/\/www.zuurstofplanten.net\/#organization","name":"Zuurstofplanten.net","url":"https:\/\/www.zuurstofplanten.net\/","logo":{"@type":"ImageObject","inLanguage":"fr-FR","@id":"https:\/\/www.zuurstofplanten.net\/#\/schema\/logo\/image\/","url":"https:\/\/www.zuurstofplanten.net\/wp-content\/uploads\/2024\/10\/zuurstofplanten-logo-1.jpg","contentUrl":"https:\/\/www.zuurstofplanten.net\/wp-content\/uploads\/2024\/10\/zuurstofplanten-logo-1.jpg","width":180,"height":60,"caption":"Zuurstofplanten.net"},"image":{"@id":"https:\/\/www.zuurstofplanten.net\/#\/schema\/logo\/image\/"}}]}},"_links":{"self":[{"href":"https:\/\/www.zuurstofplanten.net\/fr\/wp-json\/wp\/v2\/pages\/840","targetHints":{"allow":["GET"]}}],"collection":[{"href":"https:\/\/www.zuurstofplanten.net\/fr\/wp-json\/wp\/v2\/pages"}],"about":[{"href":"https:\/\/www.zuurstofplanten.net\/fr\/wp-json\/wp\/v2\/types\/page"}],"author":[{"embeddable":true,"href":"https:\/\/www.zuurstofplanten.net\/fr\/wp-json\/wp\/v2\/users\/4"}],"replies":[{"embeddable":true,"href":"https:\/\/www.zuurstofplanten.net\/fr\/wp-json\/wp\/v2\/comments?post=840"}],"version-history":[{"count":17,"href":"https:\/\/www.zuurstofplanten.net\/fr\/wp-json\/wp\/v2\/pages\/840\/revisions"}],"predecessor-version":[{"id":2177,"href":"https:\/\/www.zuurstofplanten.net\/fr\/wp-json\/wp\/v2\/pages\/840\/revisions\/2177"}],"up":[{"embeddable":true,"href":"https:\/\/www.zuurstofplanten.net\/fr\/wp-json\/wp\/v2\/pages\/571"}],"wp:attachment":[{"href":"https:\/\/www.zuurstofplanten.net\/fr\/wp-json\/wp\/v2\/media?parent=840"}],"curies":[{"name":"wp","href":"https:\/\/api.w.org\/{rel}","templated":true}]}}