{"id":724,"date":"2024-10-18T05:55:38","date_gmt":"2024-10-18T05:55:38","guid":{"rendered":"https:\/\/baselinkhosting.nl\/zuurstofplanten\/?page_id=724"},"modified":"2025-07-07T12:29:15","modified_gmt":"2025-07-07T12:29:15","slug":"foin-deau","status":"publish","type":"page","link":"https:\/\/www.zuurstofplanten.net\/fr\/plantes-a-oxygene\/foin-deau\/","title":{"rendered":"Les algues marines"},"content":{"rendered":"<div data-elementor-type=\"wp-page\" data-elementor-id=\"724\" class=\"elementor elementor-724\" data-elementor-post-type=\"page\">\n\t\t\t\t<div class=\"elementor-element elementor-element-2e65331 e-flex e-con-boxed e-con e-parent\" data-id=\"2e65331\" data-element_type=\"container\" data-e-type=\"container\" data-settings=\"{&quot;background_background&quot;:&quot;classic&quot;}\">\n\t\t\t\t\t<div class=\"e-con-inner\">\n\t\t\t\t<div class=\"elementor-element elementor-element-cd4b503 elementor-widget elementor-widget-heading\" data-id=\"cd4b503\" data-element_type=\"widget\" data-e-type=\"widget\" data-widget_type=\"heading.default\">\n\t\t\t\t<div class=\"elementor-widget-container\">\n\t\t\t\t\t<h1 class=\"elementor-heading-title elementor-size-default\">Les algues marines<\/h1>\t\t\t\t<\/div>\n\t\t\t\t<\/div>\n\t\t\t\t<div class=\"elementor-element elementor-element-949e72e elementor-widget elementor-widget-breadcrumbs\" data-id=\"949e72e\" data-element_type=\"widget\" data-e-type=\"widget\" data-widget_type=\"breadcrumbs.default\">\n\t\t\t\t<div class=\"elementor-widget-container\">\n\t\t\t\t\t<p id=\"breadcrumbs\"><span><span><a href=\"https:\/\/www.zuurstofplanten.net\/fr\/\">Accueil<\/a><\/span><\/span><\/p>\t\t\t\t<\/div>\n\t\t\t\t<\/div>\n\t\t\t\t\t<\/div>\n\t\t\t\t<\/div>\n\t\t<div class=\"elementor-element elementor-element-3216c5f2 e-flex e-con-boxed e-con e-parent\" data-id=\"3216c5f2\" data-element_type=\"container\" data-e-type=\"container\">\n\t\t\t\t\t<div class=\"e-con-inner\">\n\t\t\t\t<div class=\"elementor-element elementor-element-78cd29e9 elementor-widget elementor-widget-heading\" data-id=\"78cd29e9\" data-element_type=\"widget\" data-e-type=\"widget\" data-widget_type=\"heading.default\">\n\t\t\t\t<div class=\"elementor-widget-container\">\n\t\t\t\t\t<h2 class=\"elementor-heading-title elementor-size-default\">Les algues. Une b\u00e9n\u00e9diction pour votre \u00e9tang et une mal\u00e9diction pour la nature ?<\/h2>\t\t\t\t<\/div>\n\t\t\t\t<\/div>\n\t\t<div class=\"elementor-element elementor-element-387e94c1 e-grid e-con-full e-con e-child\" data-id=\"387e94c1\" data-element_type=\"container\" data-e-type=\"container\">\n\t\t\t\t<div class=\"elementor-element elementor-element-6e98d601 elementor-widget elementor-widget-text-editor\" data-id=\"6e98d601\" data-element_type=\"widget\" data-e-type=\"widget\" data-widget_type=\"text-editor.default\">\n\t\t\t\t<div class=\"elementor-widget-container\">\n\t\t\t\t\t\t\t\t\t<p>Waterpest is een van de meest bekende zuurstofplanten. Wie heeft het nooit in de vissenkom gehad? Toch heeft deze waterplant bij veel mensen niet het beste imago, het plantje heeft zijn naam al niet echt mee en de dichtgegroeide waterwegen in de zomer helpen dit imago ook niet echt. Maar als we ons wat verder verdiepen in deze plant dan komen we er al snel achter dat dit een zeer goede zuurstofproducent is voor in de vijver. En voldoende zuurstof is natuurlijk zeer belangrijk. Het is onmisbaar voor de essenti\u00eble processen in het water, om van de andere vijverbewoners nog maar niet te spreken!\u00a0<\/p><p>D'autres plantes \u00e0 oxyg\u00e8ne bien connues telles que <strong><a href=\"https:\/\/www.zuurstofplanten.net\/fr\/plantes-a-oxygene\/la-corneille-fine\/\">Feuille de corne<\/a> <\/strong>jouent un r\u00f4le similaire dans l'\u00e9cosyst\u00e8me d'un \u00e9tang.<\/p>\t\t\t\t\t\t\t\t<\/div>\n\t\t\t\t<\/div>\n\t\t\t\t<div class=\"elementor-element elementor-element-614c045c elementor-cta--skin-classic elementor-animated-content elementor-bg-transform elementor-bg-transform-zoom-in elementor-widget elementor-widget-call-to-action\" data-id=\"614c045c\" data-element_type=\"widget\" data-e-type=\"widget\" data-widget_type=\"call-to-action.default\">\n\t\t\t\t<div class=\"elementor-widget-container\">\n\t\t\t\t\t\t\t<a class=\"elementor-cta\" href=\"https:\/\/vijvermeester.nl\/catalogsearch\/result\/?q=+waterpestutm_source=affiliate&#038;utm_medium=partner&#038;utm_campaign=zuurstofplanten_net&#038;utm_content=waterpest\" rel=\"nofollow\">\n\t\t\t\t\t<div class=\"elementor-cta__bg-wrapper\">\n\t\t\t\t<div class=\"elementor-cta__bg elementor-bg\" style=\"background-image: url(https:\/\/www.zuurstofplanten.net\/wp-content\/uploads\/2024\/10\/waterpest-close-up-k.jpg);\" role=\"img\" aria-label=\"water-pest-close-up-k\"><\/div>\n\t\t\t\t<div class=\"elementor-cta__bg-overlay\"><\/div>\n\t\t\t<\/div>\n\t\t\t\t\t\t\t<div class=\"elementor-cta__content\">\n\t\t\t\t\n\t\t\t\t\t\t\t\t\t<h2 class=\"elementor-cta__title elementor-cta__content-item elementor-content-item\">\n\t\t\t\t\t\tVous voulez acheter de l'algue ?\t\t\t\t\t<\/h2>\n\t\t\t\t\n\t\t\t\t\t\t\t\t\t<div class=\"elementor-cta__description elementor-cta__content-item elementor-content-item\">\n\t\t\t\t\t\tL'algue est en vente dans la boutique en ligne de De Vijvermeester. Vous y trouverez de magnifiques bouquets de qualit\u00e9 sup\u00e9rieure.\t\t\t\t\t<\/div>\n\t\t\t\t\n\t\t\t\t\t\t\t\t\t<div class=\"elementor-cta__button-wrapper elementor-cta__content-item elementor-content-item\">\n\t\t\t\t\t<span class=\"elementor-cta__button elementor-button elementor-size-\">\n\t\t\t\t\t\tCliquez ici pour acc\u00e9der \u00e0 la boutique en ligne de Pond Master\t\t\t\t\t<\/span>\n\t\t\t\t\t<\/div>\n\t\t\t\t\t\t\t<\/div>\n\t\t\t\t\t\t<\/a>\n\t\t\t\t\t\t<\/div>\n\t\t\t\t<\/div>\n\t\t\t\t<\/div>\n\t\t\t\t<div class=\"elementor-element elementor-element-3485eb35 elementor-widget elementor-widget-heading\" data-id=\"3485eb35\" data-element_type=\"widget\" data-e-type=\"widget\" data-widget_type=\"heading.default\">\n\t\t\t\t<div class=\"elementor-widget-container\">\n\t\t\t\t\t<h3 class=\"elementor-heading-title elementor-size-default\">Quelles sont les esp\u00e8ces d'algues pr\u00e9sentes ?<\/h3>\t\t\t\t<\/div>\n\t\t\t\t<\/div>\n\t\t\t\t<div class=\"elementor-element elementor-element-3b0e157f elementor-widget elementor-widget-text-editor\" data-id=\"3b0e157f\" data-element_type=\"widget\" data-e-type=\"widget\" data-widget_type=\"text-editor.default\">\n\t\t\t\t<div class=\"elementor-widget-container\">\n\t\t\t\t\t\t\t\t\t<p>Vous trouverez ci-dessous un aper\u00e7u de quelques esp\u00e8ces d'algues. Ces esp\u00e8ces sont plus ou moins pr\u00e9sentes \u00e0 l'\u00e9tat sauvage aux Pays-Bas. Elles sont donc capables de survivre au climat n\u00e9erlandais.\u00a0<\/p>\t\t\t\t\t\t\t\t<\/div>\n\t\t\t\t<\/div>\n\t\t\t\t<div class=\"elementor-element elementor-element-1f450423 elementor-widget elementor-widget-heading\" data-id=\"1f450423\" data-element_type=\"widget\" data-e-type=\"widget\" data-widget_type=\"heading.default\">\n\t\t\t\t<div class=\"elementor-widget-container\">\n\t\t\t\t\t<h4 class=\"elementor-heading-title elementor-size-default\">L'algue br\u00e9silienne<\/h4>\t\t\t\t<\/div>\n\t\t\t\t<\/div>\n\t\t\t\t<div class=\"elementor-element elementor-element-af0bd8d elementor-widget elementor-widget-text-editor\" data-id=\"af0bd8d\" data-element_type=\"widget\" data-e-type=\"widget\" data-widget_type=\"text-editor.default\">\n\t\t\t\t<div class=\"elementor-widget-container\">\n\t\t\t\t\t\t\t\t\t<p>Le nom dit tout. A l'origine, cette esp\u00e8ce n'est pas originaire des Pays-Bas, mais d'Am\u00e9rique du Sud. Elle n'est donc pas une esp\u00e8ce officielle, mais elle est souvent plac\u00e9e sous celle-ci pour des raisons de commodit\u00e9. Comme cette plante se trouve dans presque tous les bols \u00e0 poissons, elle s'est retrouv\u00e9e en grande partie dans la nature. Elle est assez r\u00e9sistante (l'eau ne doit pas \u00eatre trop peu profonde) et peut \u00e9galement survivre dans nos eaux. Cette esp\u00e8ce est de moins en moins vendue en raison de ses propri\u00e9t\u00e9s envahissantes.<\/p>\t\t\t\t\t\t\t\t<\/div>\n\t\t\t\t<\/div>\n\t\t\t\t<div class=\"elementor-element elementor-element-2bf42289 elementor-widget elementor-widget-heading\" data-id=\"2bf42289\" data-element_type=\"widget\" data-e-type=\"widget\" data-widget_type=\"heading.default\">\n\t\t\t\t<div class=\"elementor-widget-container\">\n\t\t\t\t\t<h4 class=\"elementor-heading-title elementor-size-default\">L'algue crucifi\u00e9e<\/h4>\t\t\t\t<\/div>\n\t\t\t\t<\/div>\n\t\t\t\t<div class=\"elementor-element elementor-element-b37745b elementor-widget elementor-widget-text-editor\" data-id=\"b37745b\" data-element_type=\"widget\" data-e-type=\"widget\" data-widget_type=\"text-editor.default\">\n\t\t\t\t<div class=\"elementor-widget-container\">\n\t\t\t\t\t\t\t\t\t<p>L'algue crucif\u00e8re est \u00e9galement une plante aquatique exotique. Elle n'appartient pas officiellement \u00e0 l'esp\u00e8ce des algues, mais elle est souvent plac\u00e9e sous cette esp\u00e8ce pour des raisons de commodit\u00e9. Elle est assez r\u00e9sistante (l'eau ne doit pas \u00eatre trop peu profonde) et peut survivre dans nos eaux. L'algue crucifi\u00e9e ne devrait plus \u00eatre vendue.\u00a0<\/p>\t\t\t\t\t\t\t\t<\/div>\n\t\t\t\t<\/div>\n\t\t\t\t<div class=\"elementor-element elementor-element-78b95d41 elementor-widget elementor-widget-heading\" data-id=\"78b95d41\" data-element_type=\"widget\" data-e-type=\"widget\" data-widget_type=\"heading.default\">\n\t\t\t\t<div class=\"elementor-widget-container\">\n\t\t\t\t\t<h4 class=\"elementor-heading-title elementor-size-default\">Vareuse<\/h4>\t\t\t\t<\/div>\n\t\t\t\t<\/div>\n\t\t\t\t<div class=\"elementor-element elementor-element-7ff8725 elementor-widget elementor-widget-text-editor\" data-id=\"7ff8725\" data-element_type=\"widget\" data-e-type=\"widget\" data-widget_type=\"text-editor.default\">\n\t\t\t\t<div class=\"elementor-widget-container\">\n\t\t\t\t\t\t\t\t\t<p>Dans les \u00e9tangs, l'algue est souvent associ\u00e9e \u00e0 des plantes flottantes. <strong><a href=\"https:\/\/www.zuurstofplanten.net\/fr\/base-de-connaissances\/combien-de-plantes-a-oxygene-dans-un-etang\/\">plantes \u00e0 oxyg\u00e8ne<\/a> <\/strong>comme <strong><a href=\"https:\/\/www.zuurstofplanten.net\/fr\/plantes-flottantes\/crabberry\/\">Crabier<\/a><\/strong>qui, gr\u00e2ce \u00e0 la forme particuli\u00e8re de leurs feuilles, offrent un abri suppl\u00e9mentaire et concurrencent les algues.<\/p><p>Cette esp\u00e8ce n'est pas non plus indig\u00e8ne, mais elle est arriv\u00e9e aux Pays-Bas depuis l'Am\u00e9rique du Nord au cours du 18\u00e8me si\u00e8cle. Elle a \u00e9t\u00e9 consid\u00e9r\u00e9e comme indig\u00e8ne au 19\u00e8me si\u00e8cle. Entre-temps, en raison de la d\u00e9t\u00e9rioration de la qualit\u00e9 de l'eau, cette esp\u00e8ce a consid\u00e9rablement diminu\u00e9 dans la nature. Pour l'\u00e9tang, c'est un bon producteur d'oxyg\u00e8ne. Tr\u00e8s r\u00e9sistante au climat n\u00e9erlandais.\u00a0<\/p>\t\t\t\t\t\t\t\t<\/div>\n\t\t\t\t<\/div>\n\t\t\t\t<div class=\"elementor-element elementor-element-74bb7e97 elementor-widget elementor-widget-heading\" data-id=\"74bb7e97\" data-element_type=\"widget\" data-e-type=\"widget\" data-widget_type=\"heading.default\">\n\t\t\t\t<div class=\"elementor-widget-container\">\n\t\t\t\t\t<h4 class=\"elementor-heading-title elementor-size-default\">Herbe de mer \u00e9troite<\/h4>\t\t\t\t<\/div>\n\t\t\t\t<\/div>\n\t\t\t\t<div class=\"elementor-element elementor-element-5eef0c02 elementor-widget elementor-widget-text-editor\" data-id=\"5eef0c02\" data-element_type=\"widget\" data-e-type=\"widget\" data-widget_type=\"text-editor.default\">\n\t\t\t\t<div class=\"elementor-widget-container\">\n\t\t\t\t\t\t\t\t\t<p>Comme sa grande s\u0153ur, cette esp\u00e8ce est pr\u00e9sente aux Pays-Bas depuis un certain temps, mais n'en est pas originaire. Cette plante aquatique est \u00e9galement originaire d'Am\u00e9rique du Nord et est arriv\u00e9e aux Pays-Bas comme plante d'aquarium et de bassin vers les ann\u00e9es 1930.  L\u00e0 o\u00f9 l'Elodea Canandensis est rare, cette esp\u00e8ce est commune. Il s'agit d'une plante exotique envahissante qui ne devrait plus \u00eatre vendue.<\/p><p>Pour les \u00e9tangs dont l'eau est un peu plus profonde, les potamots tels que le <strong><a href=\"https:\/\/www.zuurstofplanten.net\/fr\/plantes-a-oxygene\/potamot\/potamot-a-feuilles-etroites\/\">Potamot \u00e0 feuilles \u00e9troites<\/a><\/strong> Un excellent compl\u00e9ment \u00e0 l'algue.<\/p>\t\t\t\t\t\t\t\t<\/div>\n\t\t\t\t<\/div>\n\t\t\t\t<div class=\"elementor-element elementor-element-4bfaf1a6 elementor-widget elementor-widget-heading\" data-id=\"4bfaf1a6\" data-element_type=\"widget\" data-e-type=\"widget\" data-widget_type=\"heading.default\">\n\t\t\t\t<div class=\"elementor-widget-container\">\n\t\t\t\t\t<h2 class=\"elementor-heading-title elementor-size-default\">Vous voulez acheter de l'algue ?<\/h2>\t\t\t\t<\/div>\n\t\t\t\t<\/div>\n\t\t\t\t<div class=\"elementor-element elementor-element-3d3f6d38 elementor-widget elementor-widget-image\" data-id=\"3d3f6d38\" data-element_type=\"widget\" data-e-type=\"widget\" data-widget_type=\"image.default\">\n\t\t\t\t<div class=\"elementor-widget-container\">\n\t\t\t\t\t\t\t\t\t\t\t\t\t\t\t<img fetchpriority=\"high\" decoding=\"async\" width=\"300\" height=\"300\" src=\"https:\/\/www.zuurstofplanten.net\/wp-content\/uploads\/2024\/10\/gekroesde-waterpest-e-crispa-300x300.jpg\" class=\"attachment-medium size-medium wp-image-111\" alt=\"\" srcset=\"https:\/\/www.zuurstofplanten.net\/wp-content\/uploads\/2024\/10\/gekroesde-waterpest-e-crispa-300x300.jpg 300w, https:\/\/www.zuurstofplanten.net\/wp-content\/uploads\/2024\/10\/gekroesde-waterpest-e-crispa-150x150.jpg 150w, https:\/\/www.zuurstofplanten.net\/wp-content\/uploads\/2024\/10\/gekroesde-waterpest-e-crispa.jpg 600w\" sizes=\"(max-width: 300px) 100vw, 300px\" \/>\t\t\t\t\t\t\t\t\t\t\t\t\t\t\t<\/div>\n\t\t\t\t<\/div>\n\t\t\t\t<div class=\"elementor-element elementor-element-20c93d84 elementor-widget elementor-widget-text-editor\" data-id=\"20c93d84\" data-element_type=\"widget\" data-e-type=\"widget\" data-widget_type=\"text-editor.default\">\n\t\t\t\t<div class=\"elementor-widget-container\">\n\t\t\t\t\t\t\t\t\t<p>Nous avons de bonnes exp\u00e9riences avec les plantes \u00e0 oxyg\u00e8ne de De Vijvermeester. Les algues sont en vente dans la boutique en ligne de De Vijvermeester. Vous y trouverez de beaux bouquets de qualit\u00e9 sup\u00e9rieure.<\/p>\t\t\t\t\t\t\t\t<\/div>\n\t\t\t\t<\/div>\n\t\t\t\t<div class=\"elementor-element elementor-element-df8116b elementor-align-left elementor-widget elementor-widget-button\" data-id=\"df8116b\" data-element_type=\"widget\" data-e-type=\"widget\" data-widget_type=\"button.default\">\n\t\t\t\t<div class=\"elementor-widget-container\">\n\t\t\t\t\t\t\t\t\t<div class=\"elementor-button-wrapper\">\n\t\t\t\t\t<a class=\"elementor-button elementor-button-link elementor-size-sm elementor-animation-grow\" href=\"https:\/\/vijvermeester.nl\/catalogsearch\/result\/?q=+waterpestutm_source=affiliate&#038;utm_medium=partner&#038;utm_campaign=zuurstofplanten_net&#038;utm_content=waterpest\">\n\t\t\t\t\t\t<span class=\"elementor-button-content-wrapper\">\n\t\t\t\t\t\t<span class=\"elementor-button-icon\">\n\t\t\t\t<svg aria-hidden=\"true\" class=\"e-font-icon-svg e-fas-shopping-cart\" viewbox=\"0 0 576 512\" xmlns=\"http:\/\/www.w3.org\/2000\/svg\"><path d=\"M528.12 301.319l47.273-208C578.806 78.301 567.391 64 551.99 64H159.208l-9.166-44.81C147.758 8.021 137.93 0 126.529 0H24C10.745 0 0 10.745 0 24v16c0 13.255 10.745 24 24 24h69.883l70.248 343.435C147.325 417.1 136 435.222 136 456c0 30.928 25.072 56 56 56s56-25.072 56-56c0-15.674-6.447-29.835-16.824-40h209.647C430.447 426.165 424 440.326 424 456c0 30.928 25.072 56 56 56s56-25.072 56-56c0-22.172-12.888-41.332-31.579-50.405l5.517-24.276c3.413-15.018-8.002-29.319-23.403-29.319H218.117l-6.545-32h293.145c11.206 0 20.92-7.754 23.403-18.681z\"><\/path><\/svg>\t\t\t<\/span>\n\t\t\t\t\t\t\t\t\t<span class=\"elementor-button-text\">Cliquez pour visiter la boutique en ligne de Vijvermeester.nl<\/span>\n\t\t\t\t\t<\/span>\n\t\t\t\t\t<\/a>\n\t\t\t\t<\/div>\n\t\t\t\t\t\t\t\t<\/div>\n\t\t\t\t<\/div>\n\t\t\t\t\t<\/div>\n\t\t\t\t<\/div>\n\t\t\t\t<\/div>","protected":false},"excerpt":{"rendered":"<p>Waterpest Waterpest. Een zegen voor uw vijver en een vloek voor de natuur? Waterpest is een van de meest bekende zuurstofplanten. Wie heeft het nooit in de vissenkom gehad? Toch heeft deze waterplant bij veel mensen niet het beste imago, het plantje heeft zijn naam al niet echt mee en de dichtgegroeide waterwegen in de [&hellip;]<\/p>","protected":false},"author":4,"featured_media":0,"parent":778,"menu_order":6,"comment_status":"closed","ping_status":"closed","template":"","meta":{"_acf_changed":false,"iawp_total_views":1021,"footnotes":""},"class_list":["post-724","page","type-page","status-publish","hentry"],"acf":[],"yoast_head":"<!-- This site is optimized with the Yoast SEO plugin v25.5 - https:\/\/yoast.com\/wordpress\/plugins\/seo\/ -->\n<title>Waterpest | Planten, Advies &amp; Onderhoud | Zuurstofplanten.net<\/title>\n<meta name=\"description\" content=\"Waterpest is een van de beste zuurstofplanten. Lees hier meer over de soorten, het aanplanten, plantdiepte, onderhoud etc.\" \/>\n<meta name=\"robots\" content=\"index, follow, max-snippet:-1, max-image-preview:large, max-video-preview:-1\" \/>\n<link rel=\"canonical\" href=\"https:\/\/www.zuurstofplanten.net\/fr\/plantes-a-oxygene\/foin-deau\/\" \/>\n<meta property=\"og:locale\" content=\"fr_FR\" \/>\n<meta property=\"og:type\" content=\"article\" \/>\n<meta property=\"og:title\" content=\"Waterpest | Planten, Advies &amp; Onderhoud | Zuurstofplanten.net\" \/>\n<meta property=\"og:description\" content=\"Waterpest is een van de beste zuurstofplanten. Lees hier meer over de soorten, het aanplanten, plantdiepte, onderhoud etc.\" \/>\n<meta property=\"og:url\" content=\"https:\/\/www.zuurstofplanten.net\/fr\/plantes-a-oxygene\/foin-deau\/\" \/>\n<meta property=\"og:site_name\" content=\"Zuurstofplanten.net\" \/>\n<meta property=\"article:modified_time\" content=\"2025-07-07T12:29:15+00:00\" \/>\n<meta property=\"og:image\" content=\"https:\/\/www.zuurstofplanten.net\/wp-content\/uploads\/2024\/10\/gekroesde-waterpest-e-crispa.jpg\" \/>\n\t<meta property=\"og:image:width\" content=\"600\" \/>\n\t<meta property=\"og:image:height\" content=\"600\" \/>\n\t<meta property=\"og:image:type\" content=\"image\/jpeg\" \/>\n<meta name=\"twitter:card\" content=\"summary_large_image\" \/>\n<meta name=\"twitter:label1\" content=\"Dur\u00e9e de lecture estim\u00e9e\" \/>\n\t<meta name=\"twitter:data1\" content=\"3 minutes\" \/>\n<script type=\"application\/ld+json\" class=\"yoast-schema-graph\">{\"@context\":\"https:\/\/schema.org\",\"@graph\":[{\"@type\":\"WebPage\",\"@id\":\"https:\/\/www.zuurstofplanten.net\/zuurstof-planten\/waterpest\/\",\"url\":\"https:\/\/www.zuurstofplanten.net\/zuurstof-planten\/waterpest\/\",\"name\":\"Waterpest | Planten, Advies & Onderhoud | Zuurstofplanten.net\",\"isPartOf\":{\"@id\":\"https:\/\/www.zuurstofplanten.net\/#website\"},\"primaryImageOfPage\":{\"@id\":\"https:\/\/www.zuurstofplanten.net\/zuurstof-planten\/waterpest\/#primaryimage\"},\"image\":{\"@id\":\"https:\/\/www.zuurstofplanten.net\/zuurstof-planten\/waterpest\/#primaryimage\"},\"thumbnailUrl\":\"https:\/\/www.zuurstofplanten.net\/wp-content\/uploads\/2024\/10\/gekroesde-waterpest-e-crispa-300x300.jpg\",\"datePublished\":\"2024-10-18T05:55:38+00:00\",\"dateModified\":\"2025-07-07T12:29:15+00:00\",\"description\":\"Waterpest is een van de beste zuurstofplanten. Lees hier meer over de soorten, het aanplanten, plantdiepte, onderhoud etc.\",\"breadcrumb\":{\"@id\":\"https:\/\/www.zuurstofplanten.net\/zuurstof-planten\/waterpest\/#breadcrumb\"},\"inLanguage\":\"fr-FR\",\"potentialAction\":[{\"@type\":\"ReadAction\",\"target\":[\"https:\/\/www.zuurstofplanten.net\/zuurstof-planten\/waterpest\/\"]}]},{\"@type\":\"ImageObject\",\"inLanguage\":\"fr-FR\",\"@id\":\"https:\/\/www.zuurstofplanten.net\/zuurstof-planten\/waterpest\/#primaryimage\",\"url\":\"https:\/\/www.zuurstofplanten.net\/wp-content\/uploads\/2024\/10\/gekroesde-waterpest-e-crispa-300x300.jpg\",\"contentUrl\":\"https:\/\/www.zuurstofplanten.net\/wp-content\/uploads\/2024\/10\/gekroesde-waterpest-e-crispa-300x300.jpg\"},{\"@type\":\"BreadcrumbList\",\"@id\":\"https:\/\/www.zuurstofplanten.net\/zuurstof-planten\/waterpest\/#breadcrumb\",\"itemListElement\":[{\"@type\":\"ListItem\",\"position\":1,\"name\":\"Home\",\"item\":\"https:\/\/www.zuurstofplanten.net\/\"},{\"@type\":\"ListItem\",\"position\":2,\"name\":\"Zuurstofplanten\",\"item\":\"https:\/\/www.zuurstofplanten.net\/zuurstof-planten\/\"},{\"@type\":\"ListItem\",\"position\":3,\"name\":\"Waterpest\"}]},{\"@type\":\"WebSite\",\"@id\":\"https:\/\/www.zuurstofplanten.net\/#website\",\"url\":\"https:\/\/www.zuurstofplanten.net\/\",\"name\":\"Zuurstofplanten.net\",\"description\":\"\",\"publisher\":{\"@id\":\"https:\/\/www.zuurstofplanten.net\/#organization\"},\"potentialAction\":[{\"@type\":\"SearchAction\",\"target\":{\"@type\":\"EntryPoint\",\"urlTemplate\":\"https:\/\/www.zuurstofplanten.net\/?s={search_term_string}\"},\"query-input\":{\"@type\":\"PropertyValueSpecification\",\"valueRequired\":true,\"valueName\":\"search_term_string\"}}],\"inLanguage\":\"fr-FR\"},{\"@type\":\"Organization\",\"@id\":\"https:\/\/www.zuurstofplanten.net\/#organization\",\"name\":\"Zuurstofplanten.net\",\"url\":\"https:\/\/www.zuurstofplanten.net\/\",\"logo\":{\"@type\":\"ImageObject\",\"inLanguage\":\"fr-FR\",\"@id\":\"https:\/\/www.zuurstofplanten.net\/#\/schema\/logo\/image\/\",\"url\":\"https:\/\/www.zuurstofplanten.net\/wp-content\/uploads\/2024\/10\/zuurstofplanten-logo-1.jpg\",\"contentUrl\":\"https:\/\/www.zuurstofplanten.net\/wp-content\/uploads\/2024\/10\/zuurstofplanten-logo-1.jpg\",\"width\":180,\"height\":60,\"caption\":\"Zuurstofplanten.net\"},\"image\":{\"@id\":\"https:\/\/www.zuurstofplanten.net\/#\/schema\/logo\/image\/\"}}]}<\/script>\n<!-- \/ Yoast SEO plugin. -->","yoast_head_json":{"title":"Waterweed | Plantes, conseils et entretien | Oxygen Plants.net","description":"L'algue est l'une des meilleures plantes \u00e0 oxyg\u00e8ne. Pour en savoir plus sur les esp\u00e8ces, la plantation, la profondeur de plantation, l'entretien, etc., cliquez ici.","robots":{"index":"index","follow":"follow","max-snippet":"max-snippet:-1","max-image-preview":"max-image-preview:large","max-video-preview":"max-video-preview:-1"},"canonical":"https:\/\/www.zuurstofplanten.net\/fr\/plantes-a-oxygene\/foin-deau\/","og_locale":"fr_FR","og_type":"article","og_title":"Waterpest | Planten, Advies & Onderhoud | Zuurstofplanten.net","og_description":"Waterpest is een van de beste zuurstofplanten. Lees hier meer over de soorten, het aanplanten, plantdiepte, onderhoud etc.","og_url":"https:\/\/www.zuurstofplanten.net\/fr\/plantes-a-oxygene\/foin-deau\/","og_site_name":"Zuurstofplanten.net","article_modified_time":"2025-07-07T12:29:15+00:00","og_image":[{"width":600,"height":600,"url":"https:\/\/www.zuurstofplanten.net\/wp-content\/uploads\/2024\/10\/gekroesde-waterpest-e-crispa.jpg","type":"image\/jpeg"}],"twitter_card":"summary_large_image","twitter_misc":{"Dur\u00e9e de lecture estim\u00e9e":"3 minutes"},"schema":{"@context":"https:\/\/schema.org","@graph":[{"@type":"WebPage","@id":"https:\/\/www.zuurstofplanten.net\/zuurstof-planten\/waterpest\/","url":"https:\/\/www.zuurstofplanten.net\/zuurstof-planten\/waterpest\/","name":"Waterweed | Plantes, conseils et entretien | Oxygen Plants.net","isPartOf":{"@id":"https:\/\/www.zuurstofplanten.net\/#website"},"primaryImageOfPage":{"@id":"https:\/\/www.zuurstofplanten.net\/zuurstof-planten\/waterpest\/#primaryimage"},"image":{"@id":"https:\/\/www.zuurstofplanten.net\/zuurstof-planten\/waterpest\/#primaryimage"},"thumbnailUrl":"https:\/\/www.zuurstofplanten.net\/wp-content\/uploads\/2024\/10\/gekroesde-waterpest-e-crispa-300x300.jpg","datePublished":"2024-10-18T05:55:38+00:00","dateModified":"2025-07-07T12:29:15+00:00","description":"L'algue est l'une des meilleures plantes \u00e0 oxyg\u00e8ne. Pour en savoir plus sur les esp\u00e8ces, la plantation, la profondeur de plantation, l'entretien, etc., cliquez ici.","breadcrumb":{"@id":"https:\/\/www.zuurstofplanten.net\/zuurstof-planten\/waterpest\/#breadcrumb"},"inLanguage":"fr-FR","potentialAction":[{"@type":"ReadAction","target":["https:\/\/www.zuurstofplanten.net\/zuurstof-planten\/waterpest\/"]}]},{"@type":"ImageObject","inLanguage":"fr-FR","@id":"https:\/\/www.zuurstofplanten.net\/zuurstof-planten\/waterpest\/#primaryimage","url":"https:\/\/www.zuurstofplanten.net\/wp-content\/uploads\/2024\/10\/gekroesde-waterpest-e-crispa-300x300.jpg","contentUrl":"https:\/\/www.zuurstofplanten.net\/wp-content\/uploads\/2024\/10\/gekroesde-waterpest-e-crispa-300x300.jpg"},{"@type":"BreadcrumbList","@id":"https:\/\/www.zuurstofplanten.net\/zuurstof-planten\/waterpest\/#breadcrumb","itemListElement":[{"@type":"ListItem","position":1,"name":"Home","item":"https:\/\/www.zuurstofplanten.net\/"},{"@type":"ListItem","position":2,"name":"Zuurstofplanten","item":"https:\/\/www.zuurstofplanten.net\/zuurstof-planten\/"},{"@type":"ListItem","position":3,"name":"Waterpest"}]},{"@type":"WebSite","@id":"https:\/\/www.zuurstofplanten.net\/#website","url":"https:\/\/www.zuurstofplanten.net\/","name":"Zuurstofplanten.net","description":"","publisher":{"@id":"https:\/\/www.zuurstofplanten.net\/#organization"},"potentialAction":[{"@type":"SearchAction","target":{"@type":"EntryPoint","urlTemplate":"https:\/\/www.zuurstofplanten.net\/?s={search_term_string}"},"query-input":{"@type":"PropertyValueSpecification","valueRequired":true,"valueName":"search_term_string"}}],"inLanguage":"fr-FR"},{"@type":"Organization","@id":"https:\/\/www.zuurstofplanten.net\/#organization","name":"Zuurstofplanten.net","url":"https:\/\/www.zuurstofplanten.net\/","logo":{"@type":"ImageObject","inLanguage":"fr-FR","@id":"https:\/\/www.zuurstofplanten.net\/#\/schema\/logo\/image\/","url":"https:\/\/www.zuurstofplanten.net\/wp-content\/uploads\/2024\/10\/zuurstofplanten-logo-1.jpg","contentUrl":"https:\/\/www.zuurstofplanten.net\/wp-content\/uploads\/2024\/10\/zuurstofplanten-logo-1.jpg","width":180,"height":60,"caption":"Zuurstofplanten.net"},"image":{"@id":"https:\/\/www.zuurstofplanten.net\/#\/schema\/logo\/image\/"}}]}},"_links":{"self":[{"href":"https:\/\/www.zuurstofplanten.net\/fr\/wp-json\/wp\/v2\/pages\/724"}],"collection":[{"href":"https:\/\/www.zuurstofplanten.net\/fr\/wp-json\/wp\/v2\/pages"}],"about":[{"href":"https:\/\/www.zuurstofplanten.net\/fr\/wp-json\/wp\/v2\/types\/page"}],"author":[{"embeddable":true,"href":"https:\/\/www.zuurstofplanten.net\/fr\/wp-json\/wp\/v2\/users\/4"}],"replies":[{"embeddable":true,"href":"https:\/\/www.zuurstofplanten.net\/fr\/wp-json\/wp\/v2\/comments?post=724"}],"version-history":[{"count":35,"href":"https:\/\/www.zuurstofplanten.net\/fr\/wp-json\/wp\/v2\/pages\/724\/revisions"}],"predecessor-version":[{"id":2391,"href":"https:\/\/www.zuurstofplanten.net\/fr\/wp-json\/wp\/v2\/pages\/724\/revisions\/2391"}],"up":[{"embeddable":true,"href":"https:\/\/www.zuurstofplanten.net\/fr\/wp-json\/wp\/v2\/pages\/778"}],"wp:attachment":[{"href":"https:\/\/www.zuurstofplanten.net\/fr\/wp-json\/wp\/v2\/media?parent=724"}],"curies":[{"name":"wp","href":"https:\/\/api.w.org\/{rel}","templated":true}]}}