{"id":700,"date":"2024-10-18T05:40:01","date_gmt":"2024-10-18T05:40:01","guid":{"rendered":"https:\/\/baselinkhosting.nl\/zuurstofplanten\/?page_id=700"},"modified":"2025-06-04T09:24:51","modified_gmt":"2025-06-04T09:24:51","slug":"gekroesde-waterpest","status":"publish","type":"page","link":"https:\/\/www.zuurstofplanten.net\/fr\/zuurstof-planten\/waterpest\/gekroesde-waterpest\/","title":{"rendered":"L'algue crucifi\u00e9e"},"content":{"rendered":"<div data-elementor-type=\"wp-page\" data-elementor-id=\"700\" class=\"elementor elementor-700\" data-elementor-post-type=\"page\">\n\t\t\t\t<div class=\"elementor-element elementor-element-e45f177 e-flex e-con-boxed e-con e-parent\" data-id=\"e45f177\" data-element_type=\"container\" data-e-type=\"container\" data-settings=\"{&quot;background_background&quot;:&quot;classic&quot;}\">\n\t\t\t\t\t<div class=\"e-con-inner\">\n\t\t\t\t<div class=\"elementor-element elementor-element-bdb28e0 elementor-widget elementor-widget-heading\" data-id=\"bdb28e0\" data-element_type=\"widget\" data-e-type=\"widget\" data-widget_type=\"heading.default\">\n\t\t\t\t<div class=\"elementor-widget-container\">\n\t\t\t\t\t<h1 class=\"elementor-heading-title elementor-size-default\">L'algue crucifi\u00e9e<\/h1>\t\t\t\t<\/div>\n\t\t\t\t<\/div>\n\t\t\t\t<div class=\"elementor-element elementor-element-a7b8e1f elementor-widget elementor-widget-breadcrumbs\" data-id=\"a7b8e1f\" data-element_type=\"widget\" data-e-type=\"widget\" data-widget_type=\"breadcrumbs.default\">\n\t\t\t\t<div class=\"elementor-widget-container\">\n\t\t\t\t\t<p id=\"breadcrumbs\"><span><span><a href=\"https:\/\/www.zuurstofplanten.net\/fr\/\">Accueil<\/a><\/span><\/span><\/p>\t\t\t\t<\/div>\n\t\t\t\t<\/div>\n\t\t\t\t\t<\/div>\n\t\t\t\t<\/div>\n\t\t<div class=\"elementor-element elementor-element-69c1e59c e-flex e-con-boxed e-con e-parent\" data-id=\"69c1e59c\" data-element_type=\"container\" data-e-type=\"container\">\n\t\t\t\t\t<div class=\"e-con-inner\">\n\t\t\t\t<div class=\"elementor-element elementor-element-6b9f7270 elementor-widget elementor-widget-heading\" data-id=\"6b9f7270\" data-element_type=\"widget\" data-e-type=\"widget\" data-widget_type=\"heading.default\">\n\t\t\t\t<div class=\"elementor-widget-container\">\n\t\t\t\t\t<h2 class=\"elementor-heading-title elementor-size-default\">L'algue crucifi\u00e9e<\/h2>\t\t\t\t<\/div>\n\t\t\t\t<\/div>\n\t\t<div class=\"elementor-element elementor-element-7d404d7c e-grid e-con-full e-con e-child\" data-id=\"7d404d7c\" data-element_type=\"container\" data-e-type=\"container\">\n\t\t\t\t<div class=\"elementor-element elementor-element-8db4bdc elementor-widget elementor-widget-text-editor\" data-id=\"8db4bdc\" data-element_type=\"widget\" data-e-type=\"widget\" data-widget_type=\"text-editor.default\">\n\t\t\t\t<div class=\"elementor-widget-container\">\n\t\t\t\t\t\t\t\t\t<p>L'Egeria Crispa est une plante aquatique submerg\u00e9e, ou plante \u00e0 oxyg\u00e8ne. Il s'agit d'une esp\u00e8ce exotique qui a p\u00e9n\u00e9tr\u00e9 dans les foss\u00e9s et les \u00e9tangs n\u00e9erlandais par l'interm\u00e9diaire d'\u00e9tangs et d'aquariums. Cette esp\u00e8ce est pr\u00e9sente \u00e0 l'\u00e9tat sauvage en divers endroits des Pays-Bas. Cette esp\u00e8ce peut survivre \u00e0 nos hivers si elle est suffisamment profonde dans l'eau.\u00a0<\/p><p><span style=\"color: var( --e-global-color-text ); font-family: var( --e-global-typography-text-font-family ), Sans-serif; font-weight: var( --e-global-typography-text-font-weight ); text-align: var(--text-align); font-size: 1rem;\">Cette plante aquatique se pla\u00eet bien dans l'\u00e9tang. Comme elle pousse tr\u00e8s rapidement, elle fait concurrence aux algues. Le fait qu'elle \u00e9limine directement les nutriments de l'eau est \u00e9galement un atout. Cela vaut d'ailleurs pour toutes les esp\u00e8ces d'algues.<\/span><\/p><p>Veuillez noter que cette esp\u00e8ce ne peut plus \u00eatre vendue en raison d'un changement de l\u00e9gislation. En effet, cette plante est une plante exotique envahissante qui peut potentiellement d\u00e9placer les esp\u00e8ces indig\u00e8nes. Vous avez cette plante dans votre \u00e9tang et vous voulez vous en d\u00e9barrasser ? Dans ce cas, jetez-la \u00e0 la poubelle et veillez \u00e0 ce qu'elle ne se retrouve pas dans la nature.<\/p>\t\t\t\t\t\t\t\t<\/div>\n\t\t\t\t<\/div>\n\t\t\t\t<div class=\"elementor-element elementor-element-6ce9aa4b elementor-cta--skin-classic elementor-animated-content elementor-bg-transform elementor-bg-transform-zoom-in elementor-widget elementor-widget-call-to-action\" data-id=\"6ce9aa4b\" data-element_type=\"widget\" data-e-type=\"widget\" data-widget_type=\"call-to-action.default\">\n\t\t\t\t<div class=\"elementor-widget-container\">\n\t\t\t\t\t\t\t<a class=\"elementor-cta\" href=\"https:\/\/vijvermeester.nl\/catalogsearch\/result\/?q=waterpest&#038;utm_source=affiliate&#038;utm_medium=partner&#038;utm_campaign=zuurstofplanten_net&#038;utm_content=waterpest\" rel=\"nofollow\">\n\t\t\t\t\t<div class=\"elementor-cta__bg-wrapper\">\n\t\t\t\t<div class=\"elementor-cta__bg elementor-bg\" style=\"background-image: url(https:\/\/www.zuurstofplanten.net\/wp-content\/uploads\/2024\/10\/waterpest-close-up-k.jpg);\" role=\"img\" aria-label=\"water-pest-close-up-k\"><\/div>\n\t\t\t\t<div class=\"elementor-cta__bg-overlay\"><\/div>\n\t\t\t<\/div>\n\t\t\t\t\t\t\t<div class=\"elementor-cta__content\">\n\t\t\t\t\n\t\t\t\t\t\t\t\t\t<h2 class=\"elementor-cta__title elementor-cta__content-item elementor-content-item\">\n\t\t\t\t\t\tVous voulez acheter de l'algue ?\t\t\t\t\t<\/h2>\n\t\t\t\t\n\t\t\t\t\t\t\t\t\t<div class=\"elementor-cta__description elementor-cta__content-item elementor-content-item\">\n\t\t\t\t\t\tL'algue est en vente dans la boutique en ligne de De Vijvermeester. Vous y trouverez de magnifiques bouquets de qualit\u00e9 sup\u00e9rieure.\t\t\t\t\t<\/div>\n\t\t\t\t\n\t\t\t\t\t\t\t\t\t<div class=\"elementor-cta__button-wrapper elementor-cta__content-item elementor-content-item\">\n\t\t\t\t\t<span class=\"elementor-cta__button elementor-button elementor-size-\">\n\t\t\t\t\t\tCliquez pour la boutique en ligne de Vijvermeester\t\t\t\t\t<\/span>\n\t\t\t\t\t<\/div>\n\t\t\t\t\t\t\t<\/div>\n\t\t\t\t\t\t<\/a>\n\t\t\t\t\t\t<\/div>\n\t\t\t\t<\/div>\n\t\t\t\t<\/div>\n\t\t\t\t<div class=\"elementor-element elementor-element-4519d8a6 elementor-widget elementor-widget-heading\" data-id=\"4519d8a6\" data-element_type=\"widget\" data-e-type=\"widget\" data-widget_type=\"heading.default\">\n\t\t\t\t<div class=\"elementor-widget-container\">\n\t\t\t\t\t<h3 class=\"elementor-heading-title elementor-size-default\">Propri\u00e9t\u00e9s de l'algue crucifi\u00e9e<\/h3>\t\t\t\t<\/div>\n\t\t\t\t<\/div>\n\t\t\t\t<div class=\"elementor-element elementor-element-6e79bb16 elementor-widget elementor-widget-text-editor\" data-id=\"6e79bb16\" data-element_type=\"widget\" data-e-type=\"widget\" data-widget_type=\"text-editor.default\">\n\t\t\t\t<div class=\"elementor-widget-container\">\n\t\t\t\t\t\t\t\t\t<ul><li>Les tiges mesurent environ 75 cm de long.<\/li><li>Ces plantes aquatiques poussent tr\u00e8s rapidement.<\/li><li>Il est pr\u00e9f\u00e9rable de le placer dans un panier en forme de bassin.<\/li><li>Particuli\u00e8rement bonne plante \u00e0 oxyg\u00e8ne.<\/li><\/ul>\t\t\t\t\t\t\t\t<\/div>\n\t\t\t\t<\/div>\n\t\t\t\t<div class=\"elementor-element elementor-element-25ce630c elementor-widget elementor-widget-heading\" data-id=\"25ce630c\" data-element_type=\"widget\" data-e-type=\"widget\" data-widget_type=\"heading.default\">\n\t\t\t\t<div class=\"elementor-widget-container\">\n\t\t\t\t\t<h3 class=\"elementor-heading-title elementor-size-default\">Questions fr\u00e9quemment pos\u00e9es<\/h3>\t\t\t\t<\/div>\n\t\t\t\t<\/div>\n\t\t\t\t<div class=\"elementor-element elementor-element-6ff2c769 elementor-widget elementor-widget-heading\" data-id=\"6ff2c769\" data-element_type=\"widget\" data-e-type=\"widget\" data-widget_type=\"heading.default\">\n\t\t\t\t<div class=\"elementor-widget-container\">\n\t\t\t\t\t<h4 class=\"elementor-heading-title elementor-size-default\">\u00c0 quoi ressemble l'algue crucifi\u00e9e ?<\/h4>\t\t\t\t<\/div>\n\t\t\t\t<\/div>\n\t\t\t\t<div class=\"elementor-element elementor-element-21f49c35 elementor-widget elementor-widget-text-editor\" data-id=\"21f49c35\" data-element_type=\"widget\" data-e-type=\"widget\" data-widget_type=\"text-editor.default\">\n\t\t\t\t<div class=\"elementor-widget-container\">\n\t\t\t\t\t\t\t\t\t<p>Son nom en dit long. Cette plante aquatique se caract\u00e9rise par des feuilles froiss\u00e9es. Ces feuilles vertes brillantes s'enroulent le long des tiges. Les feuilles mesurent environ 2 \u00e0 3 centim\u00e8tres de long. Elles sont mont\u00e9es sur des tiges assez \u00e9paisses qui poussent vers le haut \u00e0 partir du fond en forme de \"tube\".<\/p>\t\t\t\t\t\t\t\t<\/div>\n\t\t\t\t<\/div>\n\t\t\t\t<div class=\"elementor-element elementor-element-4842a86 elementor-widget elementor-widget-heading\" data-id=\"4842a86\" data-element_type=\"widget\" data-e-type=\"widget\" data-widget_type=\"heading.default\">\n\t\t\t\t<div class=\"elementor-widget-container\">\n\t\t\t\t\t<h4 class=\"elementor-heading-title elementor-size-default\">L'algue crucifi\u00e9e est-elle une plante aquatique indig\u00e8ne ?<\/h4>\t\t\t\t<\/div>\n\t\t\t\t<\/div>\n\t\t\t\t<div class=\"elementor-element elementor-element-279ba406 elementor-widget elementor-widget-text-editor\" data-id=\"279ba406\" data-element_type=\"widget\" data-e-type=\"widget\" data-widget_type=\"text-editor.default\">\n\t\t\t\t<div class=\"elementor-widget-container\">\n\t\t\t\t\t\t\t\t\t<p>Non, l'algue crucif\u00e8re n'est pas une plante originaire des Pays-Bas. Cette plante est originaire d'Am\u00e9rique du Nord et a \u00e9t\u00e9 introduite dans les eaux europ\u00e9ennes comme plante exotique.<\/p>\t\t\t\t\t\t\t\t<\/div>\n\t\t\t\t<\/div>\n\t\t\t\t<div class=\"elementor-element elementor-element-53190563 elementor-widget elementor-widget-heading\" data-id=\"53190563\" data-element_type=\"widget\" data-e-type=\"widget\" data-widget_type=\"heading.default\">\n\t\t\t\t<div class=\"elementor-widget-container\">\n\t\t\t\t\t<h2 class=\"elementor-heading-title elementor-size-default\">Vous voulez acheter de l'algue ?<\/h2>\t\t\t\t<\/div>\n\t\t\t\t<\/div>\n\t\t\t\t<div class=\"elementor-element elementor-element-2588deb0 elementor-widget elementor-widget-image\" data-id=\"2588deb0\" data-element_type=\"widget\" data-e-type=\"widget\" data-widget_type=\"image.default\">\n\t\t\t\t<div class=\"elementor-widget-container\">\n\t\t\t\t\t\t\t\t\t\t\t\t\t\t\t<img fetchpriority=\"high\" decoding=\"async\" width=\"300\" height=\"242\" src=\"https:\/\/www.zuurstofplanten.net\/wp-content\/uploads\/2024\/10\/waterpest_k-1-300x242.jpg\" class=\"attachment-medium size-medium wp-image-353\" alt=\"\" srcset=\"https:\/\/www.zuurstofplanten.net\/wp-content\/uploads\/2024\/10\/waterpest_k-1-300x242.jpg 300w, https:\/\/www.zuurstofplanten.net\/wp-content\/uploads\/2024\/10\/waterpest_k-1.jpg 495w\" sizes=\"(max-width: 300px) 100vw, 300px\" \/>\t\t\t\t\t\t\t\t\t\t\t\t\t\t\t<\/div>\n\t\t\t\t<\/div>\n\t\t\t\t<div class=\"elementor-element elementor-element-302eb051 elementor-widget elementor-widget-text-editor\" data-id=\"302eb051\" data-element_type=\"widget\" data-e-type=\"widget\" data-widget_type=\"text-editor.default\">\n\t\t\t\t<div class=\"elementor-widget-container\">\n\t\t\t\t\t\t\t\t\t<p>L'algue crucifi\u00e9e ne peut plus \u00eatre vendue. Cependant, d'autres esp\u00e8ces sont encore disponibles. Vous pouvez les trouver sur la boutique en ligne du ma\u00eetre des \u00e9tangs.\u00a0<\/p>\t\t\t\t\t\t\t\t<\/div>\n\t\t\t\t<\/div>\n\t\t\t\t<div class=\"elementor-element elementor-element-e5b354e elementor-align-left elementor-widget elementor-widget-button\" data-id=\"e5b354e\" data-element_type=\"widget\" data-e-type=\"widget\" data-widget_type=\"button.default\">\n\t\t\t\t<div class=\"elementor-widget-container\">\n\t\t\t\t\t\t\t\t\t<div class=\"elementor-button-wrapper\">\n\t\t\t\t\t<a class=\"elementor-button elementor-button-link elementor-size-sm elementor-animation-grow\" href=\"https:\/\/vijvermeester.nl\/catalogsearch\/result\/?q=waterpest&#038;utm_source=affiliate&#038;utm_medium=partner&#038;utm_campaign=zuurstofplanten_net&#038;utm_content=waterpest\">\n\t\t\t\t\t\t<span class=\"elementor-button-content-wrapper\">\n\t\t\t\t\t\t<span class=\"elementor-button-icon\">\n\t\t\t\t<svg aria-hidden=\"true\" class=\"e-font-icon-svg e-fas-shopping-cart\" viewbox=\"0 0 576 512\" xmlns=\"http:\/\/www.w3.org\/2000\/svg\"><path d=\"M528.12 301.319l47.273-208C578.806 78.301 567.391 64 551.99 64H159.208l-9.166-44.81C147.758 8.021 137.93 0 126.529 0H24C10.745 0 0 10.745 0 24v16c0 13.255 10.745 24 24 24h69.883l70.248 343.435C147.325 417.1 136 435.222 136 456c0 30.928 25.072 56 56 56s56-25.072 56-56c0-15.674-6.447-29.835-16.824-40h209.647C430.447 426.165 424 440.326 424 456c0 30.928 25.072 56 56 56s56-25.072 56-56c0-22.172-12.888-41.332-31.579-50.405l5.517-24.276c3.413-15.018-8.002-29.319-23.403-29.319H218.117l-6.545-32h293.145c11.206 0 20.92-7.754 23.403-18.681z\"><\/path><\/svg>\t\t\t<\/span>\n\t\t\t\t\t\t\t\t\t<span class=\"elementor-button-text\">Cliquez pour visiter la boutique en ligne de Vijvermeester.nl<\/span>\n\t\t\t\t\t<\/span>\n\t\t\t\t\t<\/a>\n\t\t\t\t<\/div>\n\t\t\t\t\t\t\t\t<\/div>\n\t\t\t\t<\/div>\n\t\t\t\t\t<\/div>\n\t\t\t\t<\/div>\n\t\t\t\t<\/div>","protected":false},"excerpt":{"rendered":"<p>Egeria Crispa (Egeria Crispa) est une plante aquatique submerg\u00e9e, ou plante \u00e0 oxyg\u00e8ne. Il s'agit d'une esp\u00e8ce exotique qui a p\u00e9n\u00e9tr\u00e9 dans les foss\u00e9s et les \u00e9tangs n\u00e9erlandais par l'interm\u00e9diaire d'\u00e9tangs et d'aquariums. Cette esp\u00e8ce est pr\u00e9sente \u00e0 l'\u00e9tat sauvage en divers endroits des Pays-Bas. Cette esp\u00e8ce peut survivre \u00e0 nos hivers, si elle est suffisamment profonde dans le [...]<\/p>","protected":false},"author":4,"featured_media":0,"parent":724,"menu_order":2,"comment_status":"closed","ping_status":"closed","template":"","meta":{"_acf_changed":false,"iawp_total_views":155,"footnotes":""},"class_list":["post-700","page","type-page","status-publish","hentry"],"acf":[],"yoast_head":"<!-- This site is optimized with the Yoast SEO plugin v25.5 - https:\/\/yoast.com\/wordpress\/plugins\/seo\/ -->\n<title>Gekroesde Waterpest | Planten, Advies &amp; Onderhoud<\/title>\n<meta name=\"description\" content=\"Gekroesde Waterpest is een plant die zeer goed in de vijver past. Egeria Crispa groeit zeer snel en concurreert effectief met algen.\" \/>\n<meta name=\"robots\" content=\"index, follow, max-snippet:-1, max-image-preview:large, max-video-preview:-1\" \/>\n<link rel=\"canonical\" href=\"https:\/\/www.zuurstofplanten.net\/fr\/zuurstof-planten\/waterpest\/gekroesde-waterpest\/\" \/>\n<meta property=\"og:locale\" content=\"fr_FR\" \/>\n<meta property=\"og:type\" content=\"article\" \/>\n<meta property=\"og:title\" content=\"Gekroesde Waterpest | Planten, Advies &amp; Onderhoud\" \/>\n<meta property=\"og:description\" content=\"Gekroesde Waterpest is een plant die zeer goed in de vijver past. Egeria Crispa groeit zeer snel en concurreert effectief met algen.\" \/>\n<meta property=\"og:url\" content=\"https:\/\/www.zuurstofplanten.net\/fr\/zuurstof-planten\/waterpest\/gekroesde-waterpest\/\" \/>\n<meta property=\"og:site_name\" content=\"Zuurstofplanten.net\" \/>\n<meta property=\"article:modified_time\" content=\"2025-06-04T09:24:51+00:00\" \/>\n<meta property=\"og:image\" content=\"https:\/\/www.zuurstofplanten.net\/wp-content\/uploads\/2024\/10\/waterpest_k-1.jpg\" \/>\n\t<meta property=\"og:image:width\" content=\"495\" \/>\n\t<meta property=\"og:image:height\" content=\"400\" \/>\n\t<meta property=\"og:image:type\" content=\"image\/jpeg\" \/>\n<meta name=\"twitter:card\" content=\"summary_large_image\" \/>\n<meta name=\"twitter:label1\" content=\"Dur\u00e9e de lecture estim\u00e9e\" \/>\n\t<meta name=\"twitter:data1\" content=\"2 minutes\" \/>\n<script type=\"application\/ld+json\" class=\"yoast-schema-graph\">{\"@context\":\"https:\/\/schema.org\",\"@graph\":[{\"@type\":\"WebPage\",\"@id\":\"https:\/\/www.zuurstofplanten.net\/zuurstof-planten\/waterpest\/gekroesde-waterpest\/\",\"url\":\"https:\/\/www.zuurstofplanten.net\/zuurstof-planten\/waterpest\/gekroesde-waterpest\/\",\"name\":\"Gekroesde Waterpest | Planten, Advies & Onderhoud\",\"isPartOf\":{\"@id\":\"https:\/\/www.zuurstofplanten.net\/#website\"},\"primaryImageOfPage\":{\"@id\":\"https:\/\/www.zuurstofplanten.net\/zuurstof-planten\/waterpest\/gekroesde-waterpest\/#primaryimage\"},\"image\":{\"@id\":\"https:\/\/www.zuurstofplanten.net\/zuurstof-planten\/waterpest\/gekroesde-waterpest\/#primaryimage\"},\"thumbnailUrl\":\"https:\/\/www.zuurstofplanten.net\/wp-content\/uploads\/2024\/10\/waterpest_k-1-300x242.jpg\",\"datePublished\":\"2024-10-18T05:40:01+00:00\",\"dateModified\":\"2025-06-04T09:24:51+00:00\",\"description\":\"Gekroesde Waterpest is een plant die zeer goed in de vijver past. Egeria Crispa groeit zeer snel en concurreert effectief met algen.\",\"breadcrumb\":{\"@id\":\"https:\/\/www.zuurstofplanten.net\/zuurstof-planten\/waterpest\/gekroesde-waterpest\/#breadcrumb\"},\"inLanguage\":\"fr-FR\",\"potentialAction\":[{\"@type\":\"ReadAction\",\"target\":[\"https:\/\/www.zuurstofplanten.net\/zuurstof-planten\/waterpest\/gekroesde-waterpest\/\"]}]},{\"@type\":\"ImageObject\",\"inLanguage\":\"fr-FR\",\"@id\":\"https:\/\/www.zuurstofplanten.net\/zuurstof-planten\/waterpest\/gekroesde-waterpest\/#primaryimage\",\"url\":\"https:\/\/www.zuurstofplanten.net\/wp-content\/uploads\/2024\/10\/waterpest_k-1-300x242.jpg\",\"contentUrl\":\"https:\/\/www.zuurstofplanten.net\/wp-content\/uploads\/2024\/10\/waterpest_k-1-300x242.jpg\"},{\"@type\":\"BreadcrumbList\",\"@id\":\"https:\/\/www.zuurstofplanten.net\/zuurstof-planten\/waterpest\/gekroesde-waterpest\/#breadcrumb\",\"itemListElement\":[{\"@type\":\"ListItem\",\"position\":1,\"name\":\"Home\",\"item\":\"https:\/\/www.zuurstofplanten.net\/\"},{\"@type\":\"ListItem\",\"position\":2,\"name\":\"Zuurstofplanten\",\"item\":\"https:\/\/www.zuurstofplanten.net\/zuurstof-planten\/\"},{\"@type\":\"ListItem\",\"position\":3,\"name\":\"Waterpest\",\"item\":\"https:\/\/www.zuurstofplanten.net\/zuurstof-planten\/waterpest\/\"},{\"@type\":\"ListItem\",\"position\":4,\"name\":\"Gekroesde Waterpest\"}]},{\"@type\":\"WebSite\",\"@id\":\"https:\/\/www.zuurstofplanten.net\/#website\",\"url\":\"https:\/\/www.zuurstofplanten.net\/\",\"name\":\"Zuurstofplanten.net\",\"description\":\"\",\"publisher\":{\"@id\":\"https:\/\/www.zuurstofplanten.net\/#organization\"},\"potentialAction\":[{\"@type\":\"SearchAction\",\"target\":{\"@type\":\"EntryPoint\",\"urlTemplate\":\"https:\/\/www.zuurstofplanten.net\/?s={search_term_string}\"},\"query-input\":{\"@type\":\"PropertyValueSpecification\",\"valueRequired\":true,\"valueName\":\"search_term_string\"}}],\"inLanguage\":\"fr-FR\"},{\"@type\":\"Organization\",\"@id\":\"https:\/\/www.zuurstofplanten.net\/#organization\",\"name\":\"Zuurstofplanten.net\",\"url\":\"https:\/\/www.zuurstofplanten.net\/\",\"logo\":{\"@type\":\"ImageObject\",\"inLanguage\":\"fr-FR\",\"@id\":\"https:\/\/www.zuurstofplanten.net\/#\/schema\/logo\/image\/\",\"url\":\"https:\/\/www.zuurstofplanten.net\/wp-content\/uploads\/2024\/10\/zuurstofplanten-logo-1.jpg\",\"contentUrl\":\"https:\/\/www.zuurstofplanten.net\/wp-content\/uploads\/2024\/10\/zuurstofplanten-logo-1.jpg\",\"width\":180,\"height\":60,\"caption\":\"Zuurstofplanten.net\"},\"image\":{\"@id\":\"https:\/\/www.zuurstofplanten.net\/#\/schema\/logo\/image\/\"}}]}<\/script>\n<!-- \/ Yoast SEO plugin. -->","yoast_head_json":{"title":"L'algue crucifi\u00e9e | Plantes, conseils et entretien","description":"L'algue crucif\u00e8re est une plante qui s'int\u00e8gre tr\u00e8s bien dans l'\u00e9tang. Egeria Crispa pousse tr\u00e8s rapidement et concurrence efficacement les algues.","robots":{"index":"index","follow":"follow","max-snippet":"max-snippet:-1","max-image-preview":"max-image-preview:large","max-video-preview":"max-video-preview:-1"},"canonical":"https:\/\/www.zuurstofplanten.net\/fr\/zuurstof-planten\/waterpest\/gekroesde-waterpest\/","og_locale":"fr_FR","og_type":"article","og_title":"Gekroesde Waterpest | Planten, Advies & Onderhoud","og_description":"Gekroesde Waterpest is een plant die zeer goed in de vijver past. Egeria Crispa groeit zeer snel en concurreert effectief met algen.","og_url":"https:\/\/www.zuurstofplanten.net\/fr\/zuurstof-planten\/waterpest\/gekroesde-waterpest\/","og_site_name":"Zuurstofplanten.net","article_modified_time":"2025-06-04T09:24:51+00:00","og_image":[{"width":495,"height":400,"url":"https:\/\/www.zuurstofplanten.net\/wp-content\/uploads\/2024\/10\/waterpest_k-1.jpg","type":"image\/jpeg"}],"twitter_card":"summary_large_image","twitter_misc":{"Dur\u00e9e de lecture estim\u00e9e":"2 minutes"},"schema":{"@context":"https:\/\/schema.org","@graph":[{"@type":"WebPage","@id":"https:\/\/www.zuurstofplanten.net\/zuurstof-planten\/waterpest\/gekroesde-waterpest\/","url":"https:\/\/www.zuurstofplanten.net\/zuurstof-planten\/waterpest\/gekroesde-waterpest\/","name":"L'algue crucifi\u00e9e | Plantes, conseils et entretien","isPartOf":{"@id":"https:\/\/www.zuurstofplanten.net\/#website"},"primaryImageOfPage":{"@id":"https:\/\/www.zuurstofplanten.net\/zuurstof-planten\/waterpest\/gekroesde-waterpest\/#primaryimage"},"image":{"@id":"https:\/\/www.zuurstofplanten.net\/zuurstof-planten\/waterpest\/gekroesde-waterpest\/#primaryimage"},"thumbnailUrl":"https:\/\/www.zuurstofplanten.net\/wp-content\/uploads\/2024\/10\/waterpest_k-1-300x242.jpg","datePublished":"2024-10-18T05:40:01+00:00","dateModified":"2025-06-04T09:24:51+00:00","description":"L'algue crucif\u00e8re est une plante qui s'int\u00e8gre tr\u00e8s bien dans l'\u00e9tang. Egeria Crispa pousse tr\u00e8s rapidement et concurrence efficacement les algues.","breadcrumb":{"@id":"https:\/\/www.zuurstofplanten.net\/zuurstof-planten\/waterpest\/gekroesde-waterpest\/#breadcrumb"},"inLanguage":"fr-FR","potentialAction":[{"@type":"ReadAction","target":["https:\/\/www.zuurstofplanten.net\/zuurstof-planten\/waterpest\/gekroesde-waterpest\/"]}]},{"@type":"ImageObject","inLanguage":"fr-FR","@id":"https:\/\/www.zuurstofplanten.net\/zuurstof-planten\/waterpest\/gekroesde-waterpest\/#primaryimage","url":"https:\/\/www.zuurstofplanten.net\/wp-content\/uploads\/2024\/10\/waterpest_k-1-300x242.jpg","contentUrl":"https:\/\/www.zuurstofplanten.net\/wp-content\/uploads\/2024\/10\/waterpest_k-1-300x242.jpg"},{"@type":"BreadcrumbList","@id":"https:\/\/www.zuurstofplanten.net\/zuurstof-planten\/waterpest\/gekroesde-waterpest\/#breadcrumb","itemListElement":[{"@type":"ListItem","position":1,"name":"Home","item":"https:\/\/www.zuurstofplanten.net\/"},{"@type":"ListItem","position":2,"name":"Zuurstofplanten","item":"https:\/\/www.zuurstofplanten.net\/zuurstof-planten\/"},{"@type":"ListItem","position":3,"name":"Waterpest","item":"https:\/\/www.zuurstofplanten.net\/zuurstof-planten\/waterpest\/"},{"@type":"ListItem","position":4,"name":"Gekroesde Waterpest"}]},{"@type":"WebSite","@id":"https:\/\/www.zuurstofplanten.net\/#website","url":"https:\/\/www.zuurstofplanten.net\/","name":"Zuurstofplanten.net","description":"","publisher":{"@id":"https:\/\/www.zuurstofplanten.net\/#organization"},"potentialAction":[{"@type":"SearchAction","target":{"@type":"EntryPoint","urlTemplate":"https:\/\/www.zuurstofplanten.net\/?s={search_term_string}"},"query-input":{"@type":"PropertyValueSpecification","valueRequired":true,"valueName":"search_term_string"}}],"inLanguage":"fr-FR"},{"@type":"Organization","@id":"https:\/\/www.zuurstofplanten.net\/#organization","name":"Zuurstofplanten.net","url":"https:\/\/www.zuurstofplanten.net\/","logo":{"@type":"ImageObject","inLanguage":"fr-FR","@id":"https:\/\/www.zuurstofplanten.net\/#\/schema\/logo\/image\/","url":"https:\/\/www.zuurstofplanten.net\/wp-content\/uploads\/2024\/10\/zuurstofplanten-logo-1.jpg","contentUrl":"https:\/\/www.zuurstofplanten.net\/wp-content\/uploads\/2024\/10\/zuurstofplanten-logo-1.jpg","width":180,"height":60,"caption":"Zuurstofplanten.net"},"image":{"@id":"https:\/\/www.zuurstofplanten.net\/#\/schema\/logo\/image\/"}}]}},"_links":{"self":[{"href":"https:\/\/www.zuurstofplanten.net\/fr\/wp-json\/wp\/v2\/pages\/700","targetHints":{"allow":["GET"]}}],"collection":[{"href":"https:\/\/www.zuurstofplanten.net\/fr\/wp-json\/wp\/v2\/pages"}],"about":[{"href":"https:\/\/www.zuurstofplanten.net\/fr\/wp-json\/wp\/v2\/types\/page"}],"author":[{"embeddable":true,"href":"https:\/\/www.zuurstofplanten.net\/fr\/wp-json\/wp\/v2\/users\/4"}],"replies":[{"embeddable":true,"href":"https:\/\/www.zuurstofplanten.net\/fr\/wp-json\/wp\/v2\/comments?post=700"}],"version-history":[{"count":34,"href":"https:\/\/www.zuurstofplanten.net\/fr\/wp-json\/wp\/v2\/pages\/700\/revisions"}],"predecessor-version":[{"id":2084,"href":"https:\/\/www.zuurstofplanten.net\/fr\/wp-json\/wp\/v2\/pages\/700\/revisions\/2084"}],"up":[{"embeddable":true,"href":"https:\/\/www.zuurstofplanten.net\/fr\/wp-json\/wp\/v2\/pages\/724"}],"wp:attachment":[{"href":"https:\/\/www.zuurstofplanten.net\/fr\/wp-json\/wp\/v2\/media?parent=700"}],"curies":[{"name":"wp","href":"https:\/\/api.w.org\/{rel}","templated":true}]}}