{"id":694,"date":"2024-10-18T09:25:26","date_gmt":"2024-10-18T09:25:26","guid":{"rendered":"https:\/\/baselinkhosting.nl\/zuurstofplanten\/?page_id=694"},"modified":"2025-01-03T20:37:26","modified_gmt":"2025-01-03T20:37:26","slug":"la-petite-herbe-a-leau","status":"publish","type":"page","link":"https:\/\/www.zuurstofplanten.net\/fr\/plantes-a-oxygene\/foin-deau\/la-petite-herbe-a-leau\/","title":{"rendered":"Herbe de mer \u00e9troite"},"content":{"rendered":"<div data-elementor-type=\"wp-page\" data-elementor-id=\"694\" class=\"elementor elementor-694\" data-elementor-post-type=\"page\">\n\t\t\t\t<div class=\"elementor-element elementor-element-83fe768 e-flex e-con-boxed e-con e-parent\" data-id=\"83fe768\" data-element_type=\"container\" data-e-type=\"container\" data-settings=\"{&quot;background_background&quot;:&quot;classic&quot;}\">\n\t\t\t\t\t<div class=\"e-con-inner\">\n\t\t\t\t<div class=\"elementor-element elementor-element-1430332 elementor-widget elementor-widget-heading\" data-id=\"1430332\" data-element_type=\"widget\" data-e-type=\"widget\" data-widget_type=\"heading.default\">\n\t\t\t\t<div class=\"elementor-widget-container\">\n\t\t\t\t\t<h1 class=\"elementor-heading-title elementor-size-default\">Herbe de mer \u00e9troite<\/h1>\t\t\t\t<\/div>\n\t\t\t\t<\/div>\n\t\t\t\t\t<\/div>\n\t\t\t\t<\/div>\n\t\t<div class=\"elementor-element elementor-element-14db08a e-flex e-con-boxed e-con e-parent\" data-id=\"14db08a\" data-element_type=\"container\" data-e-type=\"container\">\n\t\t\t\t\t<div class=\"e-con-inner\">\n\t\t\t\t<div class=\"elementor-element elementor-element-ec2ff75 elementor-widget elementor-widget-heading\" data-id=\"ec2ff75\" data-element_type=\"widget\" data-e-type=\"widget\" data-widget_type=\"heading.default\">\n\t\t\t\t<div class=\"elementor-widget-container\">\n\t\t\t\t\t<h2 class=\"elementor-heading-title elementor-size-default\">Herbe de mer \u00e9troite<\/h2>\t\t\t\t<\/div>\n\t\t\t\t<\/div>\n\t\t<div class=\"elementor-element elementor-element-7004551 e-grid e-con-full e-con e-child\" data-id=\"7004551\" data-element_type=\"container\" data-e-type=\"container\">\n\t\t\t\t<div class=\"elementor-element elementor-element-8de4f62 elementor-widget elementor-widget-text-editor\" data-id=\"8de4f62\" data-element_type=\"widget\" data-e-type=\"widget\" data-widget_type=\"text-editor.default\">\n\t\t\t\t<div class=\"elementor-widget-container\">\n\t\t\t\t\t\t\t\t\t<p>Cette plante \u00e0 oxyg\u00e8ne s'appelle Elodea Nuttallii en latin. Il s'agit d'une plante aquatique qui pousse \u00e0 l'origine en Am\u00e9rique du Nord. Au cours du 19e si\u00e8cle, cette petite plante est arriv\u00e9e aux Pays-Bas, o\u00f9 elle se sent parfaitement \u00e0 l'aise.  On la trouve donc dans de nombreux endroits aux Pays-Bas. Elle pose \u00e9galement des probl\u00e8mes. Elle pousse tr\u00e8s vite et obstrue parfois compl\u00e8tement les cours d'eau peu profonds. La navigation de plaisance en souffre beaucoup. On d\u00e9cide g\u00e9n\u00e9ralement de faucher les foss\u00e9s. L'avantage est que cela permet \u00e9galement d'\u00e9liminer de nombreux \u00e9l\u00e9ments nutritifs de l'eau.<\/p><p>Smalle Waterpest wordt niet meer verkocht door de invasieve eigenschappen. Het verdringt namelijk makkelijk inheemse waterplanten.\u00a0<\/p>\t\t\t\t\t\t\t\t<\/div>\n\t\t\t\t<\/div>\n\t\t\t\t<div class=\"elementor-element elementor-element-2486b7b elementor-cta--skin-classic elementor-animated-content elementor-bg-transform elementor-bg-transform-zoom-in elementor-widget elementor-widget-call-to-action\" data-id=\"2486b7b\" data-element_type=\"widget\" data-e-type=\"widget\" data-widget_type=\"call-to-action.default\">\n\t\t\t\t<div class=\"elementor-widget-container\">\n\t\t\t\t\t\t\t<a class=\"elementor-cta\" href=\"https:\/\/vijvermeester.nl\/catalogsearch\/result\/?q=+waterpest\">\n\t\t\t\t\t<div class=\"elementor-cta__bg-wrapper\">\n\t\t\t\t<div class=\"elementor-cta__bg elementor-bg\" style=\"background-image: url(https:\/\/www.zuurstofplanten.net\/wp-content\/uploads\/2024\/10\/smalle_waterpest_in_mandje.jpg);\" role=\"img\" aria-label=\"ravageur_d&#039;eau_\u00e9troit_dans_le_panier\"><\/div>\n\t\t\t\t<div class=\"elementor-cta__bg-overlay\"><\/div>\n\t\t\t<\/div>\n\t\t\t\t\t\t\t<div class=\"elementor-cta__content\">\n\t\t\t\t\n\t\t\t\t\t\t\t\t\t<h2 class=\"elementor-cta__title elementor-cta__content-item elementor-content-item\">\n\t\t\t\t\t\tVous voulez acheter de l'algue ?\t\t\t\t\t<\/h2>\n\t\t\t\t\n\t\t\t\t\t\t\t\t\t<div class=\"elementor-cta__description elementor-cta__content-item elementor-content-item\">\n\t\t\t\t\t\tL'algue \u00e9troite n'est peut-\u00eatre plus vendue. Cependant, d'autres esp\u00e8ces sont encore disponibles. Vous pouvez les trouver sur la boutique en ligne de Pond Master.\u00a0\t\t\t\t\t<\/div>\n\t\t\t\t\n\t\t\t\t\t\t\t\t\t<div class=\"elementor-cta__button-wrapper elementor-cta__content-item elementor-content-item\">\n\t\t\t\t\t<span class=\"elementor-cta__button elementor-button elementor-size-\">\n\t\t\t\t\t\tAller sur la boutique en ligne de Pond Master\t\t\t\t\t<\/span>\n\t\t\t\t\t<\/div>\n\t\t\t\t\t\t\t<\/div>\n\t\t\t\t\t\t<\/a>\n\t\t\t\t\t\t<\/div>\n\t\t\t\t<\/div>\n\t\t\t\t<\/div>\n\t\t\t\t<div class=\"elementor-element elementor-element-76b079b elementor-widget elementor-widget-heading\" data-id=\"76b079b\" data-element_type=\"widget\" data-e-type=\"widget\" data-widget_type=\"heading.default\">\n\t\t\t\t<div class=\"elementor-widget-container\">\n\t\t\t\t\t<h3 class=\"elementor-heading-title elementor-size-default\">Propri\u00e9t\u00e9s de l'algue \u00e9troite<\/h3>\t\t\t\t<\/div>\n\t\t\t\t<\/div>\n\t\t\t\t<div class=\"elementor-element elementor-element-58596c1 elementor-widget elementor-widget-text-editor\" data-id=\"58596c1\" data-element_type=\"widget\" data-e-type=\"widget\" data-widget_type=\"text-editor.default\">\n\t\t\t\t<div class=\"elementor-widget-container\">\n\t\t\t\t\t\t\t\t\t<ul><li>Plante indig\u00e8ne, rustique<\/li><li>N'exige pas beaucoup de la qualit\u00e9 de l'eau<\/li><li>Bon contre les algues<\/li><li>Il devient long d'environ 75 centim\u00e8tres<\/li><li>Aime se tenir au soleil, mais la mi-ombre convient \u00e9galement.<\/li><\/ul>\t\t\t\t\t\t\t\t<\/div>\n\t\t\t\t<\/div>\n\t\t\t\t<div class=\"elementor-element elementor-element-72167ab elementor-widget elementor-widget-heading\" data-id=\"72167ab\" data-element_type=\"widget\" data-e-type=\"widget\" data-widget_type=\"heading.default\">\n\t\t\t\t<div class=\"elementor-widget-container\">\n\t\t\t\t\t<h3 class=\"elementor-heading-title elementor-size-default\">Questions fr\u00e9quemment pos\u00e9es<\/h3>\t\t\t\t<\/div>\n\t\t\t\t<\/div>\n\t\t\t\t<div class=\"elementor-element elementor-element-39c91a2 elementor-widget elementor-widget-heading\" data-id=\"39c91a2\" data-element_type=\"widget\" data-e-type=\"widget\" data-widget_type=\"heading.default\">\n\t\t\t\t<div class=\"elementor-widget-container\">\n\t\t\t\t\t<h4 class=\"elementor-heading-title elementor-size-default\">\u00c0 quoi ressemble l'algue \u00e9troite ?<\/h4>\t\t\t\t<\/div>\n\t\t\t\t<\/div>\n\t\t\t\t<div class=\"elementor-element elementor-element-52e4183 elementor-widget elementor-widget-text-editor\" data-id=\"52e4183\" data-element_type=\"widget\" data-e-type=\"widget\" data-widget_type=\"text-editor.default\">\n\t\t\t\t<div class=\"elementor-widget-container\">\n\t\t\t\t\t\t\t\t\t<p>Cette plante aquatique est tr\u00e8s semblable \u00e0 la variante de l'\u00e9lod\u00e9e (Elodea Canandensis). Cependant, l'\u00e9lod\u00e9e a des tiges beaucoup plus \u00e9paisses et des feuilles plus frang\u00e9es. La variante \u00e9troite a des tiges vert clair \u00e0 brun\u00e2tres auxquelles sont attach\u00e9es des feuilles \u00e9troites mesurant jusqu'\u00e0 25 mm de long. En \u00e9t\u00e9, elle forme r\u00e9guli\u00e8rement de petites fleurs blanches.<\/p>\t\t\t\t\t\t\t\t<\/div>\n\t\t\t\t<\/div>\n\t\t\t\t<div class=\"elementor-element elementor-element-b69055b elementor-widget elementor-widget-heading\" data-id=\"b69055b\" data-element_type=\"widget\" data-e-type=\"widget\" data-widget_type=\"heading.default\">\n\t\t\t\t<div class=\"elementor-widget-container\">\n\t\t\t\t\t<h4 class=\"elementor-heading-title elementor-size-default\">Comment dois-je planter l'algue \u00e9troite ?<\/h4>\t\t\t\t<\/div>\n\t\t\t\t<\/div>\n\t\t\t\t<div class=\"elementor-element elementor-element-16d7ede elementor-widget elementor-widget-text-editor\" data-id=\"16d7ede\" data-element_type=\"widget\" data-e-type=\"widget\" data-widget_type=\"text-editor.default\">\n\t\t\t\t<div class=\"elementor-widget-container\">\n\t\t\t\t\t\t\t\t\t<p>Il n'est pas forc\u00e9ment n\u00e9cessaire de planter l'algue \u00e9troite. Elle peut puiser les nutriments directement dans la colonne d'eau. Toutefois, si elles sont plant\u00e9es, elles cr\u00e9ent des racines. Dans l'\u00e9tang, il est souvent pr\u00e9f\u00e9rable de proc\u00e9der ainsi, car les plantes non fix\u00e9es donnent une impression de d\u00e9sordre. La plantation dans un panier d'\u00e9tang offre une solution. La croissance exub\u00e9rante peut \u00e9galement \u00eatre quelque peu contr\u00f4l\u00e9e de cette mani\u00e8re. Notez que cette esp\u00e8ce n'est peut-\u00eatre plus vendue.<\/p>\t\t\t\t\t\t\t\t<\/div>\n\t\t\t\t<\/div>\n\t\t\t\t<div class=\"elementor-element elementor-element-cd31088 elementor-widget elementor-widget-heading\" data-id=\"cd31088\" data-element_type=\"widget\" data-e-type=\"widget\" data-widget_type=\"heading.default\">\n\t\t\t\t<div class=\"elementor-widget-container\">\n\t\t\t\t\t<h2 class=\"elementor-heading-title elementor-size-default\">Vous voulez acheter de l'algue ?<\/h2>\t\t\t\t<\/div>\n\t\t\t\t<\/div>\n\t\t\t\t<div class=\"elementor-element elementor-element-7809ba5 elementor-widget elementor-widget-image\" data-id=\"7809ba5\" data-element_type=\"widget\" data-e-type=\"widget\" data-widget_type=\"image.default\">\n\t\t\t\t<div class=\"elementor-widget-container\">\n\t\t\t\t\t\t\t\t\t\t\t\t\t\t\t<img fetchpriority=\"high\" decoding=\"async\" width=\"300\" height=\"218\" src=\"https:\/\/www.zuurstofplanten.net\/wp-content\/uploads\/2024\/10\/waterpest-close-up-k-300x218.jpg\" class=\"attachment-medium size-medium wp-image-354\" alt=\"\" srcset=\"https:\/\/www.zuurstofplanten.net\/wp-content\/uploads\/2024\/10\/waterpest-close-up-k-300x218.jpg 300w, https:\/\/www.zuurstofplanten.net\/wp-content\/uploads\/2024\/10\/waterpest-close-up-k.jpg 742w\" sizes=\"(max-width: 300px) 100vw, 300px\" \/>\t\t\t\t\t\t\t\t\t\t\t\t\t\t\t<\/div>\n\t\t\t\t<\/div>\n\t\t\t\t<div class=\"elementor-element elementor-element-fa954c9 elementor-widget elementor-widget-text-editor\" data-id=\"fa954c9\" data-element_type=\"widget\" data-e-type=\"widget\" data-widget_type=\"text-editor.default\">\n\t\t\t\t<div class=\"elementor-widget-container\">\n\t\t\t\t\t\t\t\t\t<p>L'algue \u00e9troite n'est peut-\u00eatre plus vendue. Cependant, d'autres esp\u00e8ces sont encore disponibles. Vous pouvez les trouver sur la boutique en ligne de Pond Master.\u00a0<\/p>\t\t\t\t\t\t\t\t<\/div>\n\t\t\t\t<\/div>\n\t\t\t\t<div class=\"elementor-element elementor-element-05691d0 elementor-widget elementor-widget-button\" data-id=\"05691d0\" data-element_type=\"widget\" data-e-type=\"widget\" data-widget_type=\"button.default\">\n\t\t\t\t<div class=\"elementor-widget-container\">\n\t\t\t\t\t\t\t\t\t<div class=\"elementor-button-wrapper\">\n\t\t\t\t\t<a class=\"elementor-button elementor-button-link elementor-size-sm\" href=\"https:\/\/vijvermeester.nl\/catalogsearch\/result\/?q=+waterpest\">\n\t\t\t\t\t\t<span class=\"elementor-button-content-wrapper\">\n\t\t\t\t\t\t<span class=\"elementor-button-icon\">\n\t\t\t\t<svg aria-hidden=\"true\" class=\"e-font-icon-svg e-fas-shopping-cart\" viewbox=\"0 0 576 512\" xmlns=\"http:\/\/www.w3.org\/2000\/svg\"><path d=\"M528.12 301.319l47.273-208C578.806 78.301 567.391 64 551.99 64H159.208l-9.166-44.81C147.758 8.021 137.93 0 126.529 0H24C10.745 0 0 10.745 0 24v16c0 13.255 10.745 24 24 24h69.883l70.248 343.435C147.325 417.1 136 435.222 136 456c0 30.928 25.072 56 56 56s56-25.072 56-56c0-15.674-6.447-29.835-16.824-40h209.647C430.447 426.165 424 440.326 424 456c0 30.928 25.072 56 56 56s56-25.072 56-56c0-22.172-12.888-41.332-31.579-50.405l5.517-24.276c3.413-15.018-8.002-29.319-23.403-29.319H218.117l-6.545-32h293.145c11.206 0 20.92-7.754 23.403-18.681z\"><\/path><\/svg>\t\t\t<\/span>\n\t\t\t\t\t\t\t\t\t<span class=\"elementor-button-text\">Kik pour la boutique en ligne du ma\u00eetre des \u00e9tangs.<\/span>\n\t\t\t\t\t<\/span>\n\t\t\t\t\t<\/a>\n\t\t\t\t<\/div>\n\t\t\t\t\t\t\t\t<\/div>\n\t\t\t\t<\/div>\n\t\t\t\t\t<\/div>\n\t\t\t\t<\/div>\n\t\t\t\t<\/div>","protected":false},"excerpt":{"rendered":"<p>Smalle Waterpest Smalle Waterpest Deze zuurstofplant wordt in het Latijn Elodea Nuttallii genoemd. Het is een waterplant die oorspronkelijk in Noord-Amerika groeit. Ergens in de 19e eeuw is dit plantje mee naar Nederland gekomen waar het zich prima thuis voelt.\u00a0 Het komt dan ook op veel plaatsen voor in Nederland. Het zorgt ook voor problemen. [&hellip;]<\/p>","protected":false},"author":4,"featured_media":0,"parent":724,"menu_order":3,"comment_status":"closed","ping_status":"closed","template":"","meta":{"_acf_changed":false,"iawp_total_views":191,"footnotes":""},"class_list":["post-694","page","type-page","status-publish","hentry"],"acf":[],"yoast_head":"<!-- This site is optimized with the Yoast SEO plugin v25.5 - https:\/\/yoast.com\/wordpress\/plugins\/seo\/ -->\n<title>Smalle Waterpest | Planten, Onderhoud &amp; Advies | Zuurstofplanten<\/title>\n<meta name=\"description\" content=\"Smalle Waterpest is een zuurstof producerende waterplant welke perfect is voor de vijver. Een makkelijke plant en zeer goed tegen algen.\" \/>\n<meta name=\"robots\" content=\"index, follow, max-snippet:-1, max-image-preview:large, max-video-preview:-1\" \/>\n<link rel=\"canonical\" href=\"https:\/\/www.zuurstofplanten.net\/fr\/plantes-a-oxygene\/foin-deau\/la-petite-herbe-a-leau\/\" \/>\n<meta property=\"og:locale\" content=\"fr_FR\" \/>\n<meta property=\"og:type\" content=\"article\" \/>\n<meta property=\"og:title\" content=\"Smalle Waterpest | Planten, Onderhoud &amp; Advies | Zuurstofplanten\" \/>\n<meta property=\"og:description\" content=\"Smalle Waterpest is een zuurstof producerende waterplant welke perfect is voor de vijver. Een makkelijke plant en zeer goed tegen algen.\" \/>\n<meta property=\"og:url\" content=\"https:\/\/www.zuurstofplanten.net\/fr\/plantes-a-oxygene\/foin-deau\/la-petite-herbe-a-leau\/\" \/>\n<meta property=\"og:site_name\" content=\"Zuurstofplanten.net\" \/>\n<meta property=\"article:modified_time\" content=\"2025-01-03T20:37:26+00:00\" \/>\n<meta property=\"og:image\" content=\"https:\/\/www.zuurstofplanten.net\/wp-content\/uploads\/2024\/10\/waterpest-close-up-k-300x218.jpg\" \/>\n<meta name=\"twitter:card\" content=\"summary_large_image\" \/>\n<meta name=\"twitter:label1\" content=\"Dur\u00e9e de lecture estim\u00e9e\" \/>\n\t<meta name=\"twitter:data1\" content=\"2 minutes\" \/>\n<script type=\"application\/ld+json\" class=\"yoast-schema-graph\">{\"@context\":\"https:\/\/schema.org\",\"@graph\":[{\"@type\":\"WebPage\",\"@id\":\"https:\/\/www.zuurstofplanten.net\/zuurstof-planten\/waterpest\/smalle-waterpest\/\",\"url\":\"https:\/\/www.zuurstofplanten.net\/zuurstof-planten\/waterpest\/smalle-waterpest\/\",\"name\":\"Smalle Waterpest | Planten, Onderhoud & Advies | Zuurstofplanten\",\"isPartOf\":{\"@id\":\"https:\/\/www.zuurstofplanten.net\/#website\"},\"primaryImageOfPage\":{\"@id\":\"https:\/\/www.zuurstofplanten.net\/zuurstof-planten\/waterpest\/smalle-waterpest\/#primaryimage\"},\"image\":{\"@id\":\"https:\/\/www.zuurstofplanten.net\/zuurstof-planten\/waterpest\/smalle-waterpest\/#primaryimage\"},\"thumbnailUrl\":\"https:\/\/www.zuurstofplanten.net\/wp-content\/uploads\/2024\/10\/waterpest-close-up-k-300x218.jpg\",\"datePublished\":\"2024-10-18T09:25:26+00:00\",\"dateModified\":\"2025-01-03T20:37:26+00:00\",\"description\":\"Smalle Waterpest is een zuurstof producerende waterplant welke perfect is voor de vijver. Een makkelijke plant en zeer goed tegen algen.\",\"breadcrumb\":{\"@id\":\"https:\/\/www.zuurstofplanten.net\/zuurstof-planten\/waterpest\/smalle-waterpest\/#breadcrumb\"},\"inLanguage\":\"fr-FR\",\"potentialAction\":[{\"@type\":\"ReadAction\",\"target\":[\"https:\/\/www.zuurstofplanten.net\/zuurstof-planten\/waterpest\/smalle-waterpest\/\"]}]},{\"@type\":\"ImageObject\",\"inLanguage\":\"fr-FR\",\"@id\":\"https:\/\/www.zuurstofplanten.net\/zuurstof-planten\/waterpest\/smalle-waterpest\/#primaryimage\",\"url\":\"https:\/\/www.zuurstofplanten.net\/wp-content\/uploads\/2024\/10\/waterpest-close-up-k-300x218.jpg\",\"contentUrl\":\"https:\/\/www.zuurstofplanten.net\/wp-content\/uploads\/2024\/10\/waterpest-close-up-k-300x218.jpg\"},{\"@type\":\"BreadcrumbList\",\"@id\":\"https:\/\/www.zuurstofplanten.net\/zuurstof-planten\/waterpest\/smalle-waterpest\/#breadcrumb\",\"itemListElement\":[{\"@type\":\"ListItem\",\"position\":1,\"name\":\"Home\",\"item\":\"https:\/\/www.zuurstofplanten.net\/\"},{\"@type\":\"ListItem\",\"position\":2,\"name\":\"Zuurstofplanten\",\"item\":\"https:\/\/www.zuurstofplanten.net\/zuurstof-planten\/\"},{\"@type\":\"ListItem\",\"position\":3,\"name\":\"Waterpest\",\"item\":\"https:\/\/www.zuurstofplanten.net\/zuurstof-planten\/waterpest\/\"},{\"@type\":\"ListItem\",\"position\":4,\"name\":\"Smalle Waterpest\"}]},{\"@type\":\"WebSite\",\"@id\":\"https:\/\/www.zuurstofplanten.net\/#website\",\"url\":\"https:\/\/www.zuurstofplanten.net\/\",\"name\":\"Zuurstofplanten.net\",\"description\":\"\",\"publisher\":{\"@id\":\"https:\/\/www.zuurstofplanten.net\/#organization\"},\"potentialAction\":[{\"@type\":\"SearchAction\",\"target\":{\"@type\":\"EntryPoint\",\"urlTemplate\":\"https:\/\/www.zuurstofplanten.net\/?s={search_term_string}\"},\"query-input\":{\"@type\":\"PropertyValueSpecification\",\"valueRequired\":true,\"valueName\":\"search_term_string\"}}],\"inLanguage\":\"fr-FR\"},{\"@type\":\"Organization\",\"@id\":\"https:\/\/www.zuurstofplanten.net\/#organization\",\"name\":\"Zuurstofplanten.net\",\"url\":\"https:\/\/www.zuurstofplanten.net\/\",\"logo\":{\"@type\":\"ImageObject\",\"inLanguage\":\"fr-FR\",\"@id\":\"https:\/\/www.zuurstofplanten.net\/#\/schema\/logo\/image\/\",\"url\":\"https:\/\/www.zuurstofplanten.net\/wp-content\/uploads\/2024\/10\/zuurstofplanten-logo-1.jpg\",\"contentUrl\":\"https:\/\/www.zuurstofplanten.net\/wp-content\/uploads\/2024\/10\/zuurstofplanten-logo-1.jpg\",\"width\":180,\"height\":60,\"caption\":\"Zuurstofplanten.net\"},\"image\":{\"@id\":\"https:\/\/www.zuurstofplanten.net\/#\/schema\/logo\/image\/\"}}]}<\/script>\n<!-- \/ Yoast SEO plugin. -->","yoast_head_json":{"title":"Plantes, entretien et conseils | Plantes oxyg\u00e9nantes","description":"L'algue \u00e9troite est une plante aquatique qui produit de l'oxyg\u00e8ne et qui est parfaite pour l'\u00e9tang. C'est une plante facile et tr\u00e8s efficace contre les algues.","robots":{"index":"index","follow":"follow","max-snippet":"max-snippet:-1","max-image-preview":"max-image-preview:large","max-video-preview":"max-video-preview:-1"},"canonical":"https:\/\/www.zuurstofplanten.net\/fr\/plantes-a-oxygene\/foin-deau\/la-petite-herbe-a-leau\/","og_locale":"fr_FR","og_type":"article","og_title":"Smalle Waterpest | Planten, Onderhoud & Advies | Zuurstofplanten","og_description":"Smalle Waterpest is een zuurstof producerende waterplant welke perfect is voor de vijver. Een makkelijke plant en zeer goed tegen algen.","og_url":"https:\/\/www.zuurstofplanten.net\/fr\/plantes-a-oxygene\/foin-deau\/la-petite-herbe-a-leau\/","og_site_name":"Zuurstofplanten.net","article_modified_time":"2025-01-03T20:37:26+00:00","og_image":[{"url":"https:\/\/www.zuurstofplanten.net\/wp-content\/uploads\/2024\/10\/waterpest-close-up-k-300x218.jpg","type":"","width":"","height":""}],"twitter_card":"summary_large_image","twitter_misc":{"Dur\u00e9e de lecture estim\u00e9e":"2 minutes"},"schema":{"@context":"https:\/\/schema.org","@graph":[{"@type":"WebPage","@id":"https:\/\/www.zuurstofplanten.net\/zuurstof-planten\/waterpest\/smalle-waterpest\/","url":"https:\/\/www.zuurstofplanten.net\/zuurstof-planten\/waterpest\/smalle-waterpest\/","name":"Plantes, entretien et conseils | Plantes oxyg\u00e9nantes","isPartOf":{"@id":"https:\/\/www.zuurstofplanten.net\/#website"},"primaryImageOfPage":{"@id":"https:\/\/www.zuurstofplanten.net\/zuurstof-planten\/waterpest\/smalle-waterpest\/#primaryimage"},"image":{"@id":"https:\/\/www.zuurstofplanten.net\/zuurstof-planten\/waterpest\/smalle-waterpest\/#primaryimage"},"thumbnailUrl":"https:\/\/www.zuurstofplanten.net\/wp-content\/uploads\/2024\/10\/waterpest-close-up-k-300x218.jpg","datePublished":"2024-10-18T09:25:26+00:00","dateModified":"2025-01-03T20:37:26+00:00","description":"L'algue \u00e9troite est une plante aquatique qui produit de l'oxyg\u00e8ne et qui est parfaite pour l'\u00e9tang. C'est une plante facile et tr\u00e8s efficace contre les algues.","breadcrumb":{"@id":"https:\/\/www.zuurstofplanten.net\/zuurstof-planten\/waterpest\/smalle-waterpest\/#breadcrumb"},"inLanguage":"fr-FR","potentialAction":[{"@type":"ReadAction","target":["https:\/\/www.zuurstofplanten.net\/zuurstof-planten\/waterpest\/smalle-waterpest\/"]}]},{"@type":"ImageObject","inLanguage":"fr-FR","@id":"https:\/\/www.zuurstofplanten.net\/zuurstof-planten\/waterpest\/smalle-waterpest\/#primaryimage","url":"https:\/\/www.zuurstofplanten.net\/wp-content\/uploads\/2024\/10\/waterpest-close-up-k-300x218.jpg","contentUrl":"https:\/\/www.zuurstofplanten.net\/wp-content\/uploads\/2024\/10\/waterpest-close-up-k-300x218.jpg"},{"@type":"BreadcrumbList","@id":"https:\/\/www.zuurstofplanten.net\/zuurstof-planten\/waterpest\/smalle-waterpest\/#breadcrumb","itemListElement":[{"@type":"ListItem","position":1,"name":"Home","item":"https:\/\/www.zuurstofplanten.net\/"},{"@type":"ListItem","position":2,"name":"Zuurstofplanten","item":"https:\/\/www.zuurstofplanten.net\/zuurstof-planten\/"},{"@type":"ListItem","position":3,"name":"Waterpest","item":"https:\/\/www.zuurstofplanten.net\/zuurstof-planten\/waterpest\/"},{"@type":"ListItem","position":4,"name":"Smalle Waterpest"}]},{"@type":"WebSite","@id":"https:\/\/www.zuurstofplanten.net\/#website","url":"https:\/\/www.zuurstofplanten.net\/","name":"Zuurstofplanten.net","description":"","publisher":{"@id":"https:\/\/www.zuurstofplanten.net\/#organization"},"potentialAction":[{"@type":"SearchAction","target":{"@type":"EntryPoint","urlTemplate":"https:\/\/www.zuurstofplanten.net\/?s={search_term_string}"},"query-input":{"@type":"PropertyValueSpecification","valueRequired":true,"valueName":"search_term_string"}}],"inLanguage":"fr-FR"},{"@type":"Organization","@id":"https:\/\/www.zuurstofplanten.net\/#organization","name":"Zuurstofplanten.net","url":"https:\/\/www.zuurstofplanten.net\/","logo":{"@type":"ImageObject","inLanguage":"fr-FR","@id":"https:\/\/www.zuurstofplanten.net\/#\/schema\/logo\/image\/","url":"https:\/\/www.zuurstofplanten.net\/wp-content\/uploads\/2024\/10\/zuurstofplanten-logo-1.jpg","contentUrl":"https:\/\/www.zuurstofplanten.net\/wp-content\/uploads\/2024\/10\/zuurstofplanten-logo-1.jpg","width":180,"height":60,"caption":"Zuurstofplanten.net"},"image":{"@id":"https:\/\/www.zuurstofplanten.net\/#\/schema\/logo\/image\/"}}]}},"_links":{"self":[{"href":"https:\/\/www.zuurstofplanten.net\/fr\/wp-json\/wp\/v2\/pages\/694"}],"collection":[{"href":"https:\/\/www.zuurstofplanten.net\/fr\/wp-json\/wp\/v2\/pages"}],"about":[{"href":"https:\/\/www.zuurstofplanten.net\/fr\/wp-json\/wp\/v2\/types\/page"}],"author":[{"embeddable":true,"href":"https:\/\/www.zuurstofplanten.net\/fr\/wp-json\/wp\/v2\/users\/4"}],"replies":[{"embeddable":true,"href":"https:\/\/www.zuurstofplanten.net\/fr\/wp-json\/wp\/v2\/comments?post=694"}],"version-history":[{"count":9,"href":"https:\/\/www.zuurstofplanten.net\/fr\/wp-json\/wp\/v2\/pages\/694\/revisions"}],"predecessor-version":[{"id":1388,"href":"https:\/\/www.zuurstofplanten.net\/fr\/wp-json\/wp\/v2\/pages\/694\/revisions\/1388"}],"up":[{"embeddable":true,"href":"https:\/\/www.zuurstofplanten.net\/fr\/wp-json\/wp\/v2\/pages\/724"}],"wp:attachment":[{"href":"https:\/\/www.zuurstofplanten.net\/fr\/wp-json\/wp\/v2\/media?parent=694"}],"curies":[{"name":"wp","href":"https:\/\/api.w.org\/{rel}","templated":true}]}}