{"id":587,"date":"2024-10-11T14:42:16","date_gmt":"2024-10-11T14:42:12","guid":{"rendered":"https:\/\/baselinkhosting.nl\/zuurstofplanten\/?page_id=587"},"modified":"2025-06-04T10:08:16","modified_gmt":"2025-06-04T10:08:16","slug":"ceratophyllum-demersum","status":"publish","type":"page","link":"https:\/\/www.zuurstofplanten.net\/fr\/zuurstofplanten-latijns\/ceratophyllum-demersum\/","title":{"rendered":"Ceratophyllum Demersum"},"content":{"rendered":"<div data-elementor-type=\"wp-page\" data-elementor-id=\"587\" class=\"elementor elementor-587\" data-elementor-post-type=\"page\">\n\t\t\t\t<div class=\"elementor-element elementor-element-940f1b0 e-flex e-con-boxed e-con e-parent\" data-id=\"940f1b0\" data-element_type=\"container\" data-e-type=\"container\" data-settings=\"{&quot;background_background&quot;:&quot;classic&quot;}\">\n\t\t\t\t\t<div class=\"e-con-inner\">\n\t\t\t\t<div class=\"elementor-element elementor-element-8cdaced elementor-widget elementor-widget-heading\" data-id=\"8cdaced\" data-element_type=\"widget\" data-e-type=\"widget\" data-widget_type=\"heading.default\">\n\t\t\t\t<div class=\"elementor-widget-container\">\n\t\t\t\t\t<h1 class=\"elementor-heading-title elementor-size-default\">Ceratophyllum Demersum<\/h1>\t\t\t\t<\/div>\n\t\t\t\t<\/div>\n\t\t\t\t<div class=\"elementor-element elementor-element-ab8bed6 elementor-widget elementor-widget-breadcrumbs\" data-id=\"ab8bed6\" data-element_type=\"widget\" data-e-type=\"widget\" data-widget_type=\"breadcrumbs.default\">\n\t\t\t\t<div class=\"elementor-widget-container\">\n\t\t\t\t\t<p id=\"breadcrumbs\"><span><span><a href=\"https:\/\/www.zuurstofplanten.net\/fr\/\">Accueil<\/a><\/span><\/span><\/p>\t\t\t\t<\/div>\n\t\t\t\t<\/div>\n\t\t\t\t\t<\/div>\n\t\t\t\t<\/div>\n\t\t<div class=\"elementor-element elementor-element-947e66c e-flex e-con-boxed e-con e-parent\" data-id=\"947e66c\" data-element_type=\"container\" data-e-type=\"container\">\n\t\t\t\t\t<div class=\"e-con-inner\">\n\t\t\t\t<div class=\"elementor-element elementor-element-66b82d8 elementor-widget elementor-widget-heading\" data-id=\"66b82d8\" data-element_type=\"widget\" data-e-type=\"widget\" data-widget_type=\"heading.default\">\n\t\t\t\t<div class=\"elementor-widget-container\">\n\t\t\t\t\t<h2 class=\"elementor-heading-title elementor-size-large\">Qu'est-ce que le Ceratophyllum Demersum ?<\/h2>\t\t\t\t<\/div>\n\t\t\t\t<\/div>\n\t\t\t\t<div class=\"elementor-element elementor-element-86e49e4 elementor-widget elementor-widget-text-editor\" data-id=\"86e49e4\" data-element_type=\"widget\" data-e-type=\"widget\" data-widget_type=\"text-editor.default\">\n\t\t\t\t<div class=\"elementor-widget-container\">\n\t\t\t\t\t\t\t\t\t<p>Le Ceratophyllum Demersum, mieux connu sous le nom de feuille de corne grossi\u00e8re, est une excellente plante oxyg\u00e9nante souvent utilis\u00e9e dans les \u00e9tangs. Ces plantes ont un \u00e9norme avantage sur les algues. En effet, le Ceratophyllum Demersum a un mode de croissance tr\u00e8s particulier. Cette plante \u00e0 oxyg\u00e8ne peut en quelque sorte \"\u00e9tirer\" ses propres cellules. Elle peut ainsi cro\u00eetre jusqu'\u00e0 10 centim\u00e8tres par jour. Cette croissance rapide permet d'absorber plus de nutriments et d'introduire beaucoup plus d'oxyg\u00e8ne. Les algues ont donc moins de chances de verdir votre \u00e9tang.<\/p><p>Mais ce n'est pas le seul avantage de cette plante : gr\u00e2ce \u00e0 une coop\u00e9ration sp\u00e9ciale (symbiose) entre la plante de bassin et des micro-organismes particuliers, elle veille \u00e0 ce que toutes les substances soient \u00e9limin\u00e9es de l'eau dans la mesure du possible, ce qui se traduit par une plus grande clart\u00e9. La propri\u00e9t\u00e9 qui rend la symbiose possible est \u00e9galement connue sous le nom de capacit\u00e9 all\u00e9lopathique ou all\u00e9lopathie. La feuille de corne grossi\u00e8re flotte en outre dans l'eau et dispute la lumi\u00e8re du soleil aux algues flottantes.<\/p><p>Outre la feuille de corne grossi\u00e8re, nous proposons \u00e9galement la feuille de corne fine (Ceratophyllum Submersum). En termes de croissance et de concurrence avec les algues, la feuille d'Hornleaf fine n'est certainement pas inf\u00e9rieure \u00e0 l'esp\u00e8ce grossi\u00e8re. Pour plus d'informations, cliquez ici.<\/p>\t\t\t\t\t\t\t\t<\/div>\n\t\t\t\t<\/div>\n\t\t\t\t\t<\/div>\n\t\t\t\t<\/div>\n\t\t<div class=\"elementor-element elementor-element-108658a e-flex e-con-boxed e-con e-parent\" data-id=\"108658a\" data-element_type=\"container\" data-e-type=\"container\">\n\t\t\t\t\t<div class=\"e-con-inner\">\n\t\t<div class=\"elementor-element elementor-element-5f99688 e-con-full e-flex e-con e-child\" data-id=\"5f99688\" data-element_type=\"container\" data-e-type=\"container\">\n\t\t\t\t<div class=\"elementor-element elementor-element-eb5330c elementor-widget elementor-widget-heading\" data-id=\"eb5330c\" data-element_type=\"widget\" data-e-type=\"widget\" data-widget_type=\"heading.default\">\n\t\t\t\t<div class=\"elementor-widget-container\">\n\t\t\t\t\t<h3 class=\"elementor-heading-title elementor-size-medium\">Ceratophyllum Demersum - Apparence<\/h3>\t\t\t\t<\/div>\n\t\t\t\t<\/div>\n\t\t\t\t<div class=\"elementor-element elementor-element-dc4574c elementor-widget elementor-widget-text-editor\" data-id=\"dc4574c\" data-element_type=\"widget\" data-e-type=\"widget\" data-widget_type=\"text-editor.default\">\n\t\t\t\t<div class=\"elementor-widget-container\">\n\t\t\t\t\t\t\t\t\t<p>La feuille de corne grossi\u00e8re est une plante vert fonc\u00e9 (contrairement \u00e0 la feuille de corne fine, qui est l\u00e9g\u00e8rement rouge\u00e2tre) qui ne produit pas de racines et peut atteindre une longueur maximale de 2 m\u00e8tres. Les feuilles mesurent jusqu'\u00e0 3 centim\u00e8tres et ressemblent \u00e0 une simple plume. Attention toutefois, cette plante peut sembler solide, mais elle se brise facilement car elle est tr\u00e8s fragile. L'une des particularit\u00e9s de l'esp\u00e8ce hornwort est que cette plante oxyg\u00e9n\u00e9e entre dans une sorte d'\"hibernation\". En effet, en automne, elle produit des bourgeons d'hivernage. Ces bourgeons vont au fond de l'\u00e9tang et y hibernent jusqu'\u00e0 ce que la temp\u00e9rature le permette et soit suffisamment chaude, les bourgeons se d\u00e9tachent du fond et repoussent pr\u00e8s de la surface de l'eau pour former de nouvelles plantes. Cette plante d'\u00e9tang porte \u00e9galement des fruits. Ces fruits sont petits, vert olive et ont 2 \u00e0 3 \u00e9pines courb\u00e9es.<\/p>\t\t\t\t\t\t\t\t<\/div>\n\t\t\t\t<\/div>\n\t\t\t\t<\/div>\n\t\t<div class=\"elementor-element elementor-element-89ccb07 e-con-full e-flex e-con e-child\" data-id=\"89ccb07\" data-element_type=\"container\" data-e-type=\"container\">\n\t\t\t\t<div class=\"elementor-element elementor-element-5c64e35 elementor-widget elementor-widget-image\" data-id=\"5c64e35\" data-element_type=\"widget\" data-e-type=\"widget\" data-widget_type=\"image.default\">\n\t\t\t\t<div class=\"elementor-widget-container\">\n\t\t\t\t\t\t\t\t\t\t\t\t\t\t\t<img fetchpriority=\"high\" decoding=\"async\" width=\"264\" height=\"300\" src=\"https:\/\/www.zuurstofplanten.net\/wp-content\/uploads\/2024\/10\/aarvederkruid-264x300-1-2.jpg\" class=\"attachment-full size-full wp-image-589\" alt=\"\" \/>\t\t\t\t\t\t\t\t\t\t\t\t\t\t\t<\/div>\n\t\t\t\t<\/div>\n\t\t\t\t<\/div>\n\t\t\t\t\t<\/div>\n\t\t\t\t<\/div>\n\t\t<div class=\"elementor-element elementor-element-5f3bc85 e-flex e-con-boxed e-con e-parent\" data-id=\"5f3bc85\" data-element_type=\"container\" data-e-type=\"container\">\n\t\t\t\t\t<div class=\"e-con-inner\">\n\t\t\t\t<div class=\"elementor-element elementor-element-f4ec9dd elementor-widget elementor-widget-heading\" data-id=\"f4ec9dd\" data-element_type=\"widget\" data-e-type=\"widget\" data-widget_type=\"heading.default\">\n\t\t\t\t<div class=\"elementor-widget-container\">\n\t\t\t\t\t<h3 class=\"elementor-heading-title elementor-size-medium\">Le Ceratophyllum Demersum est-il une plante \u00e0 oxyg\u00e8ne indig\u00e8ne ?<\/h3>\t\t\t\t<\/div>\n\t\t\t\t<\/div>\n\t\t\t\t<div class=\"elementor-element elementor-element-f23a3a2 elementor-widget elementor-widget-text-editor\" data-id=\"f23a3a2\" data-element_type=\"widget\" data-e-type=\"widget\" data-widget_type=\"text-editor.default\">\n\t\t\t\t<div class=\"elementor-widget-container\">\n\t\t\t\t\t\t\t\t\t<p>Aux Pays-Bas, on trouve \u00e9galement la feuille de corne grossi\u00e8re \u00e0 l'\u00e9tat sauvage. Cette plante n'a pas beaucoup d'exigences en mati\u00e8re de qualit\u00e9 de l'eau, ce qui signifie qu'elle peut pousser dans presque tous les types d'eau. C'est \u00e9galement une bonne nouvelle pour l'\u00e9tang, car la qualit\u00e9 de l'eau est moins critique. Par ailleurs, la salicorne aime les eaux un peu plus dures.<\/p>\t\t\t\t\t\t\t\t<\/div>\n\t\t\t\t<\/div>\n\t\t\t\t<div class=\"elementor-element elementor-element-ab79cb2 elementor-widget elementor-widget-heading\" data-id=\"ab79cb2\" data-element_type=\"widget\" data-e-type=\"widget\" data-widget_type=\"heading.default\">\n\t\t\t\t<div class=\"elementor-widget-container\">\n\t\t\t\t\t<h3 class=\"elementor-heading-title elementor-size-medium\">De combien de bouquets de Ceratophyllum Demersum ai-je besoin pour mon \u00e9tang ?<\/h3>\t\t\t\t<\/div>\n\t\t\t\t<\/div>\n\t\t\t\t<div class=\"elementor-element elementor-element-d25376a elementor-widget elementor-widget-text-editor\" data-id=\"d25376a\" data-element_type=\"widget\" data-e-type=\"widget\" data-widget_type=\"text-editor.default\">\n\t\t\t\t<div class=\"elementor-widget-container\">\n\t\t\t\t\t\t\t\t\t<p>En fait, la m\u00eame r\u00e8gle empirique s'applique \u00e0 cette plante \u00e0 oxyg\u00e8ne qu'aux autres plantes \u00e0 oxyg\u00e8ne : 4 \u00e0 5 bouquets par m\u00e8tre cube d'eau d'\u00e9tang sont recommand\u00e9s. Vous obtiendrez ainsi les meilleurs r\u00e9sultats en termes de concurrence avec les algues et de clart\u00e9 de l'eau.<\/p><p>Voulez-vous savoir exactement <a href=\"https:\/\/www.zuurstofplanten.net\/fr\/kennisbank\/hoeveel-zuurstofplanten-in-een-vijver\/\"><strong data-start=\"757\" data-end=\"794\">combien de plantes \u00e0 oxyg\u00e8ne dans un \u00e9tang<\/strong><\/a> en fonction du nombre de litres d'eau ? Utilisez alors notre <a class=\"\" href=\"https:\/\/www.zuurstofplanten.net\/fr\/kennisbank\/hoeveel-zuurstofplanten-in-een-vijver\/\" rel=\"noopener\" data-start=\"869\" data-end=\"891\">Calculateur Groves<\/a><\/p>\t\t\t\t\t\t\t\t<\/div>\n\t\t\t\t<\/div>\n\t\t\t\t\t<\/div>\n\t\t\t\t<\/div>\n\t\t<div class=\"elementor-element elementor-element-b2c5a07 e-flex e-con-boxed e-con e-parent\" data-id=\"b2c5a07\" data-element_type=\"container\" data-e-type=\"container\">\n\t\t\t\t\t<div class=\"e-con-inner\">\n\t\t<div class=\"elementor-element elementor-element-21ce832 e-con-full e-flex e-con e-child\" data-id=\"21ce832\" data-element_type=\"container\" data-e-type=\"container\">\n\t\t\t\t<div class=\"elementor-element elementor-element-8722d7b elementor-widget elementor-widget-heading\" data-id=\"8722d7b\" data-element_type=\"widget\" data-e-type=\"widget\" data-widget_type=\"heading.default\">\n\t\t\t\t<div class=\"elementor-widget-container\">\n\t\t\t\t\t<h3 class=\"elementor-heading-title elementor-size-medium\">Vous voulez acheter Ceratophyllum Demersum ?<\/h3>\t\t\t\t<\/div>\n\t\t\t\t<\/div>\n\t\t\t\t<div class=\"elementor-element elementor-element-eb3c29a elementor-widget elementor-widget-text-editor\" data-id=\"eb3c29a\" data-element_type=\"widget\" data-e-type=\"widget\" data-widget_type=\"text-editor.default\">\n\t\t\t\t<div class=\"elementor-widget-container\">\n\t\t\t\t\t\t\t\t\t<p>Vous cherchez des Ceratophyllum Demersum de haute qualit\u00e9 ? Cliquez sur le bouton pour acheter de belles bottes de Ceratophyllum Demersum et d'autres plantes \u00e0 oxyg\u00e8ne !<\/p>\t\t\t\t\t\t\t\t<\/div>\n\t\t\t\t<\/div>\n\t\t\t\t<div class=\"elementor-element elementor-element-d300453 elementor-align-left elementor-widget elementor-widget-button\" data-id=\"d300453\" data-element_type=\"widget\" data-e-type=\"widget\" data-widget_type=\"button.default\">\n\t\t\t\t<div class=\"elementor-widget-container\">\n\t\t\t\t\t\t\t\t\t<div class=\"elementor-button-wrapper\">\n\t\t\t\t\t<a class=\"elementor-button elementor-button-link elementor-size-sm elementor-animation-grow\" href=\"https:\/\/vijvermeester.nl\/grof-hoornblad-ceratophyllum-demersum.html?utm_source=affiliate&#038;utm_medium=partner&#038;utm_campaign=zuurstofplanten_net&#038;utm_content=ceratophyllum_demersum\" rel=\"nofollow\">\n\t\t\t\t\t\t<span class=\"elementor-button-content-wrapper\">\n\t\t\t\t\t\t\t\t\t<span class=\"elementor-button-text\">Acheter Ceratophyllum Demersum<\/span>\n\t\t\t\t\t<\/span>\n\t\t\t\t\t<\/a>\n\t\t\t\t<\/div>\n\t\t\t\t\t\t\t\t<\/div>\n\t\t\t\t<\/div>\n\t\t\t\t<\/div>\n\t\t<div class=\"elementor-element elementor-element-c629440 e-con-full e-flex e-con e-child\" data-id=\"c629440\" data-element_type=\"container\" data-e-type=\"container\">\n\t\t\t\t<div class=\"elementor-element elementor-element-ce46451 elementor-widget elementor-widget-heading\" data-id=\"ce46451\" data-element_type=\"widget\" data-e-type=\"widget\" data-widget_type=\"heading.default\">\n\t\t\t\t<div class=\"elementor-widget-container\">\n\t\t\t\t\t<h4 class=\"elementor-heading-title elementor-size-small\">Visitez Vijvermeester.co.uk<\/h4>\t\t\t\t<\/div>\n\t\t\t\t<\/div>\n\t\t\t\t<div class=\"elementor-element elementor-element-1db1efd elementor-widget elementor-widget-image\" data-id=\"1db1efd\" data-element_type=\"widget\" data-e-type=\"widget\" data-widget_type=\"image.default\">\n\t\t\t\t<div class=\"elementor-widget-container\">\n\t\t\t\t\t\t\t\t\t\t\t\t\t\t\t\t<a href=\"\/fr\/Vijvermeester.nl\/\">\n\t\t\t\t\t\t\t<img decoding=\"async\" width=\"300\" height=\"59\" src=\"https:\/\/www.zuurstofplanten.net\/wp-content\/uploads\/2024\/10\/logo-1-300x59.png\" class=\"attachment-medium size-medium wp-image-581\" alt=\"\" srcset=\"https:\/\/www.zuurstofplanten.net\/wp-content\/uploads\/2024\/10\/logo-1-300x59.png 300w, https:\/\/www.zuurstofplanten.net\/wp-content\/uploads\/2024\/10\/logo-1-1024x202.png 1024w, https:\/\/www.zuurstofplanten.net\/wp-content\/uploads\/2024\/10\/logo-1-768x152.png 768w, https:\/\/www.zuurstofplanten.net\/wp-content\/uploads\/2024\/10\/logo-1.png 1305w\" sizes=\"(max-width: 300px) 100vw, 300px\" \/>\t\t\t\t\t\t\t\t<\/a>\n\t\t\t\t\t\t\t\t\t\t\t\t\t\t\t<\/div>\n\t\t\t\t<\/div>\n\t\t\t\t<div class=\"elementor-element elementor-element-8f962d0 elementor-widget elementor-widget-text-editor\" data-id=\"8f962d0\" data-element_type=\"widget\" data-e-type=\"widget\" data-widget_type=\"text-editor.default\">\n\t\t\t\t<div class=\"elementor-widget-container\">\n\t\t\t\t\t\t\t\t\t<p>Pour un large \u00e9ventail de plantes \u00e0 oxyg\u00e8ne, visitez le site Vijvermeester.nl.<\/p>\t\t\t\t\t\t\t\t<\/div>\n\t\t\t\t<\/div>\n\t\t\t\t<\/div>\n\t\t\t\t\t<\/div>\n\t\t\t\t<\/div>\n\t\t\t\t<\/div>","protected":false},"excerpt":{"rendered":"<p>Ceratophyllum Demersum Qu'est-ce que Ceratophyllum Demersum ? Le Ceratophyllum Demersum, mieux connu sous le nom de feuille de corne grossi\u00e8re, est une excellente plante oxyg\u00e9nante souvent utilis\u00e9e dans les \u00e9tangs. Ces plantes ont un \u00e9norme avantage sur les algues. En effet, Ceratophyllum Demersum a un mode de croissance tr\u00e8s particulier. Cette plante \u00e0 oxyg\u00e8ne peut en quelque sorte \"\u00e9tirer\" ses propres cellules. Cela permet [...]<\/p>","protected":false},"author":4,"featured_media":0,"parent":571,"menu_order":2,"comment_status":"closed","ping_status":"closed","template":"elementor_header_footer","meta":{"_acf_changed":false,"iawp_total_views":333,"footnotes":""},"class_list":["post-587","page","type-page","status-publish","hentry"],"acf":[],"yoast_head":"<!-- This site is optimized with the Yoast SEO plugin v25.5 - https:\/\/yoast.com\/wordpress\/plugins\/seo\/ -->\n<title>Ceratophyllum Demersum | Planten, Onderhoud &amp; Advies | Zuurstofplanten<\/title>\n<meta name=\"description\" content=\"Ceratophyllum Demersum is een snelgroeiende waterplant en een goede concurrent van zweefalgen in de vijver. Lees meer.\" \/>\n<meta name=\"robots\" content=\"index, follow, max-snippet:-1, max-image-preview:large, max-video-preview:-1\" \/>\n<link rel=\"canonical\" href=\"https:\/\/www.zuurstofplanten.net\/fr\/zuurstofplanten-latijns\/ceratophyllum-demersum\/\" \/>\n<meta property=\"og:locale\" content=\"fr_FR\" \/>\n<meta property=\"og:type\" content=\"article\" \/>\n<meta property=\"og:title\" content=\"Ceratophyllum Demersum | Planten, Onderhoud &amp; Advies | Zuurstofplanten\" \/>\n<meta property=\"og:description\" content=\"Ceratophyllum Demersum is een snelgroeiende waterplant en een goede concurrent van zweefalgen in de vijver. Lees meer.\" \/>\n<meta property=\"og:url\" content=\"https:\/\/www.zuurstofplanten.net\/fr\/zuurstofplanten-latijns\/ceratophyllum-demersum\/\" \/>\n<meta property=\"og:site_name\" content=\"Zuurstofplanten.net\" \/>\n<meta property=\"article:modified_time\" content=\"2025-06-04T10:08:16+00:00\" \/>\n<meta property=\"og:image\" content=\"https:\/\/www.zuurstofplanten.net\/wp-content\/uploads\/2024\/10\/aarvederkruid-264x300-1-2.jpg\" \/>\n\t<meta property=\"og:image:width\" content=\"264\" \/>\n\t<meta property=\"og:image:height\" content=\"300\" \/>\n\t<meta property=\"og:image:type\" content=\"image\/jpeg\" \/>\n<meta name=\"twitter:card\" content=\"summary_large_image\" \/>\n<meta name=\"twitter:label1\" content=\"Dur\u00e9e de lecture estim\u00e9e\" \/>\n\t<meta name=\"twitter:data1\" content=\"3 minutes\" \/>\n<script type=\"application\/ld+json\" class=\"yoast-schema-graph\">{\"@context\":\"https:\/\/schema.org\",\"@graph\":[{\"@type\":\"WebPage\",\"@id\":\"https:\/\/www.zuurstofplanten.net\/zuurstofplanten-latijns\/ceratophyllum-demersum\/\",\"url\":\"https:\/\/www.zuurstofplanten.net\/zuurstofplanten-latijns\/ceratophyllum-demersum\/\",\"name\":\"Ceratophyllum Demersum | Planten, Onderhoud & Advies | Zuurstofplanten\",\"isPartOf\":{\"@id\":\"https:\/\/www.zuurstofplanten.net\/#website\"},\"primaryImageOfPage\":{\"@id\":\"https:\/\/www.zuurstofplanten.net\/zuurstofplanten-latijns\/ceratophyllum-demersum\/#primaryimage\"},\"image\":{\"@id\":\"https:\/\/www.zuurstofplanten.net\/zuurstofplanten-latijns\/ceratophyllum-demersum\/#primaryimage\"},\"thumbnailUrl\":\"https:\/\/www.zuurstofplanten.net\/wp-content\/uploads\/2024\/10\/aarvederkruid-264x300-1-2.jpg\",\"datePublished\":\"2024-10-11T14:42:12+00:00\",\"dateModified\":\"2025-06-04T10:08:16+00:00\",\"description\":\"Ceratophyllum Demersum is een snelgroeiende waterplant en een goede concurrent van zweefalgen in de vijver. Lees meer.\",\"breadcrumb\":{\"@id\":\"https:\/\/www.zuurstofplanten.net\/zuurstofplanten-latijns\/ceratophyllum-demersum\/#breadcrumb\"},\"inLanguage\":\"fr-FR\",\"potentialAction\":[{\"@type\":\"ReadAction\",\"target\":[\"https:\/\/www.zuurstofplanten.net\/zuurstofplanten-latijns\/ceratophyllum-demersum\/\"]}]},{\"@type\":\"ImageObject\",\"inLanguage\":\"fr-FR\",\"@id\":\"https:\/\/www.zuurstofplanten.net\/zuurstofplanten-latijns\/ceratophyllum-demersum\/#primaryimage\",\"url\":\"https:\/\/www.zuurstofplanten.net\/wp-content\/uploads\/2024\/10\/aarvederkruid-264x300-1-2.jpg\",\"contentUrl\":\"https:\/\/www.zuurstofplanten.net\/wp-content\/uploads\/2024\/10\/aarvederkruid-264x300-1-2.jpg\"},{\"@type\":\"BreadcrumbList\",\"@id\":\"https:\/\/www.zuurstofplanten.net\/zuurstofplanten-latijns\/ceratophyllum-demersum\/#breadcrumb\",\"itemListElement\":[{\"@type\":\"ListItem\",\"position\":1,\"name\":\"Home\",\"item\":\"https:\/\/www.zuurstofplanten.net\/\"},{\"@type\":\"ListItem\",\"position\":2,\"name\":\"Latijnse soortnamen\",\"item\":\"https:\/\/www.zuurstofplanten.net\/zuurstofplanten-latijns\/\"},{\"@type\":\"ListItem\",\"position\":3,\"name\":\"Ceratophyllum Demersum\"}]},{\"@type\":\"WebSite\",\"@id\":\"https:\/\/www.zuurstofplanten.net\/#website\",\"url\":\"https:\/\/www.zuurstofplanten.net\/\",\"name\":\"Zuurstofplanten.net\",\"description\":\"\",\"publisher\":{\"@id\":\"https:\/\/www.zuurstofplanten.net\/#organization\"},\"potentialAction\":[{\"@type\":\"SearchAction\",\"target\":{\"@type\":\"EntryPoint\",\"urlTemplate\":\"https:\/\/www.zuurstofplanten.net\/?s={search_term_string}\"},\"query-input\":{\"@type\":\"PropertyValueSpecification\",\"valueRequired\":true,\"valueName\":\"search_term_string\"}}],\"inLanguage\":\"fr-FR\"},{\"@type\":\"Organization\",\"@id\":\"https:\/\/www.zuurstofplanten.net\/#organization\",\"name\":\"Zuurstofplanten.net\",\"url\":\"https:\/\/www.zuurstofplanten.net\/\",\"logo\":{\"@type\":\"ImageObject\",\"inLanguage\":\"fr-FR\",\"@id\":\"https:\/\/www.zuurstofplanten.net\/#\/schema\/logo\/image\/\",\"url\":\"https:\/\/www.zuurstofplanten.net\/wp-content\/uploads\/2024\/10\/zuurstofplanten-logo-1.jpg\",\"contentUrl\":\"https:\/\/www.zuurstofplanten.net\/wp-content\/uploads\/2024\/10\/zuurstofplanten-logo-1.jpg\",\"width\":180,\"height\":60,\"caption\":\"Zuurstofplanten.net\"},\"image\":{\"@id\":\"https:\/\/www.zuurstofplanten.net\/#\/schema\/logo\/image\/\"}}]}<\/script>\n<!-- \/ Yoast SEO plugin. -->","yoast_head_json":{"title":"Ceratophyllum Demersum | Plantes, soins et conseils | Plantes \u00e0 oxyg\u00e8ne","description":"Ceratophyllum Demersum est une plante aquatique \u00e0 croissance rapide et un bon concurrent des algues flottantes dans l'\u00e9tang. En savoir plus.","robots":{"index":"index","follow":"follow","max-snippet":"max-snippet:-1","max-image-preview":"max-image-preview:large","max-video-preview":"max-video-preview:-1"},"canonical":"https:\/\/www.zuurstofplanten.net\/fr\/zuurstofplanten-latijns\/ceratophyllum-demersum\/","og_locale":"fr_FR","og_type":"article","og_title":"Ceratophyllum Demersum | Planten, Onderhoud & Advies | Zuurstofplanten","og_description":"Ceratophyllum Demersum is een snelgroeiende waterplant en een goede concurrent van zweefalgen in de vijver. Lees meer.","og_url":"https:\/\/www.zuurstofplanten.net\/fr\/zuurstofplanten-latijns\/ceratophyllum-demersum\/","og_site_name":"Zuurstofplanten.net","article_modified_time":"2025-06-04T10:08:16+00:00","og_image":[{"width":264,"height":300,"url":"https:\/\/www.zuurstofplanten.net\/wp-content\/uploads\/2024\/10\/aarvederkruid-264x300-1-2.jpg","type":"image\/jpeg"}],"twitter_card":"summary_large_image","twitter_misc":{"Dur\u00e9e de lecture estim\u00e9e":"3 minutes"},"schema":{"@context":"https:\/\/schema.org","@graph":[{"@type":"WebPage","@id":"https:\/\/www.zuurstofplanten.net\/zuurstofplanten-latijns\/ceratophyllum-demersum\/","url":"https:\/\/www.zuurstofplanten.net\/zuurstofplanten-latijns\/ceratophyllum-demersum\/","name":"Ceratophyllum Demersum | Plantes, soins et conseils | Plantes \u00e0 oxyg\u00e8ne","isPartOf":{"@id":"https:\/\/www.zuurstofplanten.net\/#website"},"primaryImageOfPage":{"@id":"https:\/\/www.zuurstofplanten.net\/zuurstofplanten-latijns\/ceratophyllum-demersum\/#primaryimage"},"image":{"@id":"https:\/\/www.zuurstofplanten.net\/zuurstofplanten-latijns\/ceratophyllum-demersum\/#primaryimage"},"thumbnailUrl":"https:\/\/www.zuurstofplanten.net\/wp-content\/uploads\/2024\/10\/aarvederkruid-264x300-1-2.jpg","datePublished":"2024-10-11T14:42:12+00:00","dateModified":"2025-06-04T10:08:16+00:00","description":"Ceratophyllum Demersum est une plante aquatique \u00e0 croissance rapide et un bon concurrent des algues flottantes dans l'\u00e9tang. En savoir plus.","breadcrumb":{"@id":"https:\/\/www.zuurstofplanten.net\/zuurstofplanten-latijns\/ceratophyllum-demersum\/#breadcrumb"},"inLanguage":"fr-FR","potentialAction":[{"@type":"ReadAction","target":["https:\/\/www.zuurstofplanten.net\/zuurstofplanten-latijns\/ceratophyllum-demersum\/"]}]},{"@type":"ImageObject","inLanguage":"fr-FR","@id":"https:\/\/www.zuurstofplanten.net\/zuurstofplanten-latijns\/ceratophyllum-demersum\/#primaryimage","url":"https:\/\/www.zuurstofplanten.net\/wp-content\/uploads\/2024\/10\/aarvederkruid-264x300-1-2.jpg","contentUrl":"https:\/\/www.zuurstofplanten.net\/wp-content\/uploads\/2024\/10\/aarvederkruid-264x300-1-2.jpg"},{"@type":"BreadcrumbList","@id":"https:\/\/www.zuurstofplanten.net\/zuurstofplanten-latijns\/ceratophyllum-demersum\/#breadcrumb","itemListElement":[{"@type":"ListItem","position":1,"name":"Home","item":"https:\/\/www.zuurstofplanten.net\/"},{"@type":"ListItem","position":2,"name":"Latijnse soortnamen","item":"https:\/\/www.zuurstofplanten.net\/zuurstofplanten-latijns\/"},{"@type":"ListItem","position":3,"name":"Ceratophyllum Demersum"}]},{"@type":"WebSite","@id":"https:\/\/www.zuurstofplanten.net\/#website","url":"https:\/\/www.zuurstofplanten.net\/","name":"Zuurstofplanten.net","description":"","publisher":{"@id":"https:\/\/www.zuurstofplanten.net\/#organization"},"potentialAction":[{"@type":"SearchAction","target":{"@type":"EntryPoint","urlTemplate":"https:\/\/www.zuurstofplanten.net\/?s={search_term_string}"},"query-input":{"@type":"PropertyValueSpecification","valueRequired":true,"valueName":"search_term_string"}}],"inLanguage":"fr-FR"},{"@type":"Organization","@id":"https:\/\/www.zuurstofplanten.net\/#organization","name":"Zuurstofplanten.net","url":"https:\/\/www.zuurstofplanten.net\/","logo":{"@type":"ImageObject","inLanguage":"fr-FR","@id":"https:\/\/www.zuurstofplanten.net\/#\/schema\/logo\/image\/","url":"https:\/\/www.zuurstofplanten.net\/wp-content\/uploads\/2024\/10\/zuurstofplanten-logo-1.jpg","contentUrl":"https:\/\/www.zuurstofplanten.net\/wp-content\/uploads\/2024\/10\/zuurstofplanten-logo-1.jpg","width":180,"height":60,"caption":"Zuurstofplanten.net"},"image":{"@id":"https:\/\/www.zuurstofplanten.net\/#\/schema\/logo\/image\/"}}]}},"_links":{"self":[{"href":"https:\/\/www.zuurstofplanten.net\/fr\/wp-json\/wp\/v2\/pages\/587","targetHints":{"allow":["GET"]}}],"collection":[{"href":"https:\/\/www.zuurstofplanten.net\/fr\/wp-json\/wp\/v2\/pages"}],"about":[{"href":"https:\/\/www.zuurstofplanten.net\/fr\/wp-json\/wp\/v2\/types\/page"}],"author":[{"embeddable":true,"href":"https:\/\/www.zuurstofplanten.net\/fr\/wp-json\/wp\/v2\/users\/4"}],"replies":[{"embeddable":true,"href":"https:\/\/www.zuurstofplanten.net\/fr\/wp-json\/wp\/v2\/comments?post=587"}],"version-history":[{"count":16,"href":"https:\/\/www.zuurstofplanten.net\/fr\/wp-json\/wp\/v2\/pages\/587\/revisions"}],"predecessor-version":[{"id":2147,"href":"https:\/\/www.zuurstofplanten.net\/fr\/wp-json\/wp\/v2\/pages\/587\/revisions\/2147"}],"up":[{"embeddable":true,"href":"https:\/\/www.zuurstofplanten.net\/fr\/wp-json\/wp\/v2\/pages\/571"}],"wp:attachment":[{"href":"https:\/\/www.zuurstofplanten.net\/fr\/wp-json\/wp\/v2\/media?parent=587"}],"curies":[{"name":"wp","href":"https:\/\/api.w.org\/{rel}","templated":true}]}}