{"id":577,"date":"2024-10-11T14:33:18","date_gmt":"2024-10-11T14:33:18","guid":{"rendered":"https:\/\/baselinkhosting.nl\/zuurstofplanten\/?page_id=577"},"modified":"2025-06-04T10:05:32","modified_gmt":"2025-06-04T10:05:32","slug":"callitriche-platycarpa","status":"publish","type":"page","link":"https:\/\/www.zuurstofplanten.net\/fr\/oxygene-plantes-latin\/callitriche-platycarpa\/","title":{"rendered":"Callitriche Platycarpa"},"content":{"rendered":"<div data-elementor-type=\"wp-page\" data-elementor-id=\"577\" class=\"elementor elementor-577\" data-elementor-post-type=\"page\">\n\t\t\t\t<div class=\"elementor-element elementor-element-60a7659 e-flex e-con-boxed e-con e-parent\" data-id=\"60a7659\" data-element_type=\"container\" data-e-type=\"container\" data-settings=\"{&quot;background_background&quot;:&quot;classic&quot;}\">\n\t\t\t\t\t<div class=\"e-con-inner\">\n\t\t\t\t<div class=\"elementor-element elementor-element-0949f60 elementor-widget elementor-widget-heading\" data-id=\"0949f60\" data-element_type=\"widget\" data-e-type=\"widget\" data-widget_type=\"heading.default\">\n\t\t\t\t<div class=\"elementor-widget-container\">\n\t\t\t\t\t<h1 class=\"elementor-heading-title elementor-size-default\">Callitriche Platycarpa<\/h1>\t\t\t\t<\/div>\n\t\t\t\t<\/div>\n\t\t\t\t<div class=\"elementor-element elementor-element-5b3a9a6 elementor-widget elementor-widget-breadcrumbs\" data-id=\"5b3a9a6\" data-element_type=\"widget\" data-e-type=\"widget\" data-widget_type=\"breadcrumbs.default\">\n\t\t\t\t<div class=\"elementor-widget-container\">\n\t\t\t\t\t<p id=\"breadcrumbs\"><span><span><a href=\"https:\/\/www.zuurstofplanten.net\/fr\/\">Accueil<\/a><\/span><\/span><\/p>\t\t\t\t<\/div>\n\t\t\t\t<\/div>\n\t\t\t\t\t<\/div>\n\t\t\t\t<\/div>\n\t\t<div class=\"elementor-element elementor-element-df3f09b e-flex e-con-boxed e-con e-parent\" data-id=\"df3f09b\" data-element_type=\"container\" data-e-type=\"container\">\n\t\t\t\t\t<div class=\"e-con-inner\">\n\t\t\t\t<div class=\"elementor-element elementor-element-86bd743 elementor-widget elementor-widget-heading\" data-id=\"86bd743\" data-element_type=\"widget\" data-e-type=\"widget\" data-widget_type=\"heading.default\">\n\t\t\t\t<div class=\"elementor-widget-container\">\n\t\t\t\t\t<h2 class=\"elementor-heading-title elementor-size-large\">Qu'est-ce que Callitriche Platycarpa ?<\/h2>\t\t\t\t<\/div>\n\t\t\t\t<\/div>\n\t\t\t\t<div class=\"elementor-element elementor-element-cf5f6c1 elementor-widget elementor-widget-text-editor\" data-id=\"cf5f6c1\" data-element_type=\"widget\" data-e-type=\"widget\" data-widget_type=\"text-editor.default\">\n\t\t\t\t<div class=\"elementor-widget-container\">\n\t\t\t\t\t\t\t\t\t<p>Callitriche Platycarpa, Sterrenkroos en n\u00e9erlandais, est une plante id\u00e9ale si vous avez un \u00e9tang tr\u00e8s ensoleill\u00e9. Les feuilles flottantes de cette plante \u00e0 oxyg\u00e8ne donnent de l'ombre \u00e0 l'eau. Les feuilles vertes sous l'eau produisent \u00e9galement de l'oxyg\u00e8ne essentiel. Il s'agit en outre d'une plante \u00e0 oxyg\u00e8ne \u00e0 croissance rapide. Elle a donc besoin de beaucoup de nutriments pour continuer \u00e0 cro\u00eetre. Les feuilles flottantes de Callitriche Platycarpa couvrent une partie de l'\u00e9tang et font de l'ombre. Par cons\u00e9quent, moins de soleil p\u00e9n\u00e8tre dans l'\u00e9tang et l'eau se r\u00e9chauffe moins vite.<\/p><p>Ces deux propri\u00e9t\u00e9s sont utiles pour concurrencer les algues qui vivent dans votre \u00e9tang. En effet, les algues ont besoin des m\u00eames nutriments que Callitriche Platycarpa pour se d\u00e9velopper. Les algues ont \u00e9galement besoin de lumi\u00e8re. Si moins de lumi\u00e8re p\u00e9n\u00e8tre dans l'eau, les algues ont moins de chance. En plus d'\u00eatre une belle plante pour votre \u00e9tang, Callitriche Platycarpa est donc une plante utile ! Cette plante d'\u00e9tang est pr\u00e9sente \u00e0 l'\u00e9tat sauvage aux Pays-Bas, dans les eaux stagnantes et les eaux courantes.<\/p>\t\t\t\t\t\t\t\t<\/div>\n\t\t\t\t<\/div>\n\t\t\t\t\t<\/div>\n\t\t\t\t<\/div>\n\t\t<div class=\"elementor-element elementor-element-a9bfab3 e-flex e-con-boxed e-con e-parent\" data-id=\"a9bfab3\" data-element_type=\"container\" data-e-type=\"container\">\n\t\t\t\t\t<div class=\"e-con-inner\">\n\t\t<div class=\"elementor-element elementor-element-2984cee e-con-full e-flex e-con e-child\" data-id=\"2984cee\" data-element_type=\"container\" data-e-type=\"container\">\n\t\t\t\t<div class=\"elementor-element elementor-element-e4b528a elementor-widget elementor-widget-heading\" data-id=\"e4b528a\" data-element_type=\"widget\" data-e-type=\"widget\" data-widget_type=\"heading.default\">\n\t\t\t\t<div class=\"elementor-widget-container\">\n\t\t\t\t\t<h3 class=\"elementor-heading-title elementor-size-medium\">Callitriche Platycarpa fleurit-il ?<\/h3>\t\t\t\t<\/div>\n\t\t\t\t<\/div>\n\t\t\t\t<div class=\"elementor-element elementor-element-83cb62a elementor-widget elementor-widget-text-editor\" data-id=\"83cb62a\" data-element_type=\"widget\" data-e-type=\"widget\" data-widget_type=\"text-editor.default\">\n\t\t\t\t<div class=\"elementor-widget-container\">\n\t\t\t\t\t\t\t\t\t<p>Ne vous attendez pas \u00e0 ce que cette plante \u00e0 oxyg\u00e8ne fleurisse ou que sa floraison soit clairement visible. En effet, Callitriche Platycarpa fleurit rarement aux Pays-Bas. Vous ne remarquerez pas vraiment si la plante de bassin fleurit, car les fleurs sont aussi vertes que les feuilles. Si vous souhaitez une esp\u00e8ce \u00e0 floraison visible, nous vous recommandons Ranunculus aquatilis (Renoncule d'eau) et Hottonia palustris (Violier d'eau).<\/p>\t\t\t\t\t\t\t\t<\/div>\n\t\t\t\t<\/div>\n\t\t\t\t<div class=\"elementor-element elementor-element-1511ae7 elementor-widget elementor-widget-heading\" data-id=\"1511ae7\" data-element_type=\"widget\" data-e-type=\"widget\" data-widget_type=\"heading.default\">\n\t\t\t\t<div class=\"elementor-widget-container\">\n\t\t\t\t\t<h3 class=\"elementor-heading-title elementor-size-medium\">Plantes Callitric Platycarpa<\/h3>\t\t\t\t<\/div>\n\t\t\t\t<\/div>\n\t\t\t\t<div class=\"elementor-element elementor-element-c36e611 elementor-widget elementor-widget-text-editor\" data-id=\"c36e611\" data-element_type=\"widget\" data-e-type=\"widget\" data-widget_type=\"text-editor.default\">\n\t\t\t\t<div class=\"elementor-widget-container\">\n\t\t\t\t\t\t\t\t\t<p>Callitriche Platycarpa doit \u00eatre plant\u00e9e dans un panier d'\u00e9tang car c'est une plante aquatique qui s'enracine. Vous ne savez pas comment planter cette plante de bassin ? Nous avons une page pour cela. Cliquez ici pour \u00eatre redirig\u00e9 vers cette page.<\/p>\t\t\t\t\t\t\t\t<\/div>\n\t\t\t\t<\/div>\n\t\t\t\t<\/div>\n\t\t<div class=\"elementor-element elementor-element-9c725e7 e-con-full e-flex e-con e-child\" data-id=\"9c725e7\" data-element_type=\"container\" data-e-type=\"container\">\n\t\t\t\t<div class=\"elementor-element elementor-element-d46fa94 elementor-widget elementor-widget-image\" data-id=\"d46fa94\" data-element_type=\"widget\" data-e-type=\"widget\" data-widget_type=\"image.default\">\n\t\t\t\t<div class=\"elementor-widget-container\">\n\t\t\t\t\t\t\t\t\t\t\t\t\t\t\t<img fetchpriority=\"high\" decoding=\"async\" width=\"700\" height=\"700\" src=\"https:\/\/www.zuurstofplanten.net\/wp-content\/uploads\/2024\/10\/Sterrenkroos-Callitriche-Platycarpa-1.png\" class=\"attachment-full size-full wp-image-579\" alt=\"\" srcset=\"https:\/\/www.zuurstofplanten.net\/wp-content\/uploads\/2024\/10\/Sterrenkroos-Callitriche-Platycarpa-1.png 700w, https:\/\/www.zuurstofplanten.net\/wp-content\/uploads\/2024\/10\/Sterrenkroos-Callitriche-Platycarpa-1-300x300.png 300w, https:\/\/www.zuurstofplanten.net\/wp-content\/uploads\/2024\/10\/Sterrenkroos-Callitriche-Platycarpa-1-150x150.png 150w\" sizes=\"(max-width: 700px) 100vw, 700px\" \/>\t\t\t\t\t\t\t\t\t\t\t\t\t\t\t<\/div>\n\t\t\t\t<\/div>\n\t\t\t\t<\/div>\n\t\t\t\t\t<\/div>\n\t\t\t\t<\/div>\n\t\t<div class=\"elementor-element elementor-element-75168c2 e-flex e-con-boxed e-con e-parent\" data-id=\"75168c2\" data-element_type=\"container\" data-e-type=\"container\">\n\t\t\t\t\t<div class=\"e-con-inner\">\n\t\t\t\t<div class=\"elementor-element elementor-element-5db8c2b elementor-widget elementor-widget-heading\" data-id=\"5db8c2b\" data-element_type=\"widget\" data-e-type=\"widget\" data-widget_type=\"heading.default\">\n\t\t\t\t<div class=\"elementor-widget-container\">\n\t\t\t\t\t<h3 class=\"elementor-heading-title elementor-size-medium\">Combien de plantes \u00e0 oxyg\u00e8ne dois-je acheter pour mon bassin ?<\/h3>\t\t\t\t<\/div>\n\t\t\t\t<\/div>\n\t\t\t\t<div class=\"elementor-element elementor-element-09bf27b elementor-widget elementor-widget-text-editor\" data-id=\"09bf27b\" data-element_type=\"widget\" data-e-type=\"widget\" data-widget_type=\"text-editor.default\">\n\t\t\t\t<div class=\"elementor-widget-container\">\n\t\t\t\t\t\t\t\t\t<p>Voor zuurstofplanten raden wij aan om 4 tot 5 bossen in uw vijver te doen per 1000 liter water. Als u dit doet, heeft u de grootste kans op een goede zuurstofproductie en algenpreventie, en ook niet onbelangrijk, uw vijver wordt of blijft mooi helder. \u00a0U kunt natuurlijk altijd verschillende soorten zuurstofplanten bij elkaar aanbrengen.<\/p><p data-start=\"736\" data-end=\"920\">Voulez-vous savoir exactement <a href=\"https:\/\/www.zuurstofplanten.net\/fr\/base-de-connaissances\/combien-de-plantes-a-oxygene-dans-un-etang\/\"><strong data-start=\"757\" data-end=\"794\">combien de plantes \u00e0 oxyg\u00e8ne dans un \u00e9tang<\/strong><\/a> en fonction du nombre de litres d'eau ? Utilisez alors notre <a class=\"\" href=\"https:\/\/www.zuurstofplanten.net\/fr\/base-de-connaissances\/combien-de-plantes-a-oxygene-dans-un-etang\/\" rel=\"noopener\" data-start=\"869\" data-end=\"891\">Calculateur Groves<\/a><\/p>\t\t\t\t\t\t\t\t<\/div>\n\t\t\t\t<\/div>\n\t\t\t\t<div class=\"elementor-element elementor-element-2ab078c elementor-widget elementor-widget-heading\" data-id=\"2ab078c\" data-element_type=\"widget\" data-e-type=\"widget\" data-widget_type=\"heading.default\">\n\t\t\t\t<div class=\"elementor-widget-container\">\n\t\t\t\t\t<h3 class=\"elementor-heading-title elementor-size-medium\">Propri\u00e9t\u00e9s Callitriche Platycarpa<\/h3>\t\t\t\t<\/div>\n\t\t\t\t<\/div>\n\t\t\t\t<div class=\"elementor-element elementor-element-0831df6 elementor-widget elementor-widget-text-editor\" data-id=\"0831df6\" data-element_type=\"widget\" data-e-type=\"widget\" data-widget_type=\"text-editor.default\">\n\t\t\t\t<div class=\"elementor-widget-container\">\n\t\t\t\t\t\t\t\t\t<p>La carambole a les propri\u00e9t\u00e9s suivantes :<\/p><ul><li>Se tient mieux au soleil.<\/li><li>La profondeur de plantation se situe entre 40 et 80 cm.<\/li><li>Les tiges de cette plante oxyg\u00e9nique atteignent environ 80 cm de long.<\/li><li>Un substrat est n\u00e9cessaire car il s'agit d'une plante aquatique qui s'enracine.<\/li><li>L'eau peu calcaire est un atout.<\/li><\/ul>\t\t\t\t\t\t\t\t<\/div>\n\t\t\t\t<\/div>\n\t\t\t\t\t<\/div>\n\t\t\t\t<\/div>\n\t\t<div class=\"elementor-element elementor-element-4aeb1e9 e-flex e-con-boxed e-con e-parent\" data-id=\"4aeb1e9\" data-element_type=\"container\" data-e-type=\"container\">\n\t\t\t\t\t<div class=\"e-con-inner\">\n\t\t<div class=\"elementor-element elementor-element-06bac2e e-con-full e-flex e-con e-child\" data-id=\"06bac2e\" data-element_type=\"container\" data-e-type=\"container\">\n\t\t\t\t<div class=\"elementor-element elementor-element-9cbf456 elementor-widget elementor-widget-heading\" data-id=\"9cbf456\" data-element_type=\"widget\" data-e-type=\"widget\" data-widget_type=\"heading.default\">\n\t\t\t\t<div class=\"elementor-widget-container\">\n\t\t\t\t\t<h3 class=\"elementor-heading-title elementor-size-medium\">Vous voulez acheter Callitriche Platycarpa ?<\/h3>\t\t\t\t<\/div>\n\t\t\t\t<\/div>\n\t\t\t\t<div class=\"elementor-element elementor-element-8e78abc elementor-widget elementor-widget-text-editor\" data-id=\"8e78abc\" data-element_type=\"widget\" data-e-type=\"widget\" data-widget_type=\"text-editor.default\">\n\t\t\t\t<div class=\"elementor-widget-container\">\n\t\t\t\t\t\t\t\t\t<p>Vous cherchez des Callitriche Platycarpa de haute qualit\u00e9 ? Cliquez sur le bouton pour acheter de belles bottes de Callitriche Platycarpa et d'autres plantes \u00e0 oxyg\u00e8ne !<\/p>\t\t\t\t\t\t\t\t<\/div>\n\t\t\t\t<\/div>\n\t\t\t\t<div class=\"elementor-element elementor-element-6c4cd1f elementor-align-left elementor-widget elementor-widget-button\" data-id=\"6c4cd1f\" data-element_type=\"widget\" data-e-type=\"widget\" data-widget_type=\"button.default\">\n\t\t\t\t<div class=\"elementor-widget-container\">\n\t\t\t\t\t\t\t\t\t<div class=\"elementor-button-wrapper\">\n\t\t\t\t\t<a class=\"elementor-button elementor-button-link elementor-size-sm elementor-animation-grow\" href=\"https:\/\/vijvermeester.nl\/sterrenkroos-callitriche-platycarpa.html?utm_source=affiliate&#038;utm_medium=partner&#038;utm_campaign=zuurstofplanten_net&#038;utm_content=callitriche_platycarpa\" rel=\"nofollow\">\n\t\t\t\t\t\t<span class=\"elementor-button-content-wrapper\">\n\t\t\t\t\t\t\t\t\t<span class=\"elementor-button-text\">Acheter Callitriche Platycarpa<\/span>\n\t\t\t\t\t<\/span>\n\t\t\t\t\t<\/a>\n\t\t\t\t<\/div>\n\t\t\t\t\t\t\t\t<\/div>\n\t\t\t\t<\/div>\n\t\t\t\t<\/div>\n\t\t<div class=\"elementor-element elementor-element-ef05cbb e-con-full e-flex e-con e-child\" data-id=\"ef05cbb\" data-element_type=\"container\" data-e-type=\"container\">\n\t\t\t\t<div class=\"elementor-element elementor-element-e337cf3 elementor-widget elementor-widget-heading\" data-id=\"e337cf3\" data-element_type=\"widget\" data-e-type=\"widget\" data-widget_type=\"heading.default\">\n\t\t\t\t<div class=\"elementor-widget-container\">\n\t\t\t\t\t<h4 class=\"elementor-heading-title elementor-size-small\">Visitez Vijvermeester.co.uk<\/h4>\t\t\t\t<\/div>\n\t\t\t\t<\/div>\n\t\t\t\t<div class=\"elementor-element elementor-element-7cb0caa elementor-widget elementor-widget-image\" data-id=\"7cb0caa\" data-element_type=\"widget\" data-e-type=\"widget\" data-widget_type=\"image.default\">\n\t\t\t\t<div class=\"elementor-widget-container\">\n\t\t\t\t\t\t\t\t\t\t\t\t\t\t\t\t<a href=\"\/fr\/Vijvermeester.nl\/\">\n\t\t\t\t\t\t\t<img decoding=\"async\" width=\"300\" height=\"59\" src=\"https:\/\/www.zuurstofplanten.net\/wp-content\/uploads\/2024\/10\/logo-1-300x59.png\" class=\"attachment-medium size-medium wp-image-581\" alt=\"\" srcset=\"https:\/\/www.zuurstofplanten.net\/wp-content\/uploads\/2024\/10\/logo-1-300x59.png 300w, https:\/\/www.zuurstofplanten.net\/wp-content\/uploads\/2024\/10\/logo-1-1024x202.png 1024w, https:\/\/www.zuurstofplanten.net\/wp-content\/uploads\/2024\/10\/logo-1-768x152.png 768w, https:\/\/www.zuurstofplanten.net\/wp-content\/uploads\/2024\/10\/logo-1.png 1305w\" sizes=\"(max-width: 300px) 100vw, 300px\" \/>\t\t\t\t\t\t\t\t<\/a>\n\t\t\t\t\t\t\t\t\t\t\t\t\t\t\t<\/div>\n\t\t\t\t<\/div>\n\t\t\t\t<div class=\"elementor-element elementor-element-9a8e8b4 elementor-widget elementor-widget-text-editor\" data-id=\"9a8e8b4\" data-element_type=\"widget\" data-e-type=\"widget\" data-widget_type=\"text-editor.default\">\n\t\t\t\t<div class=\"elementor-widget-container\">\n\t\t\t\t\t\t\t\t\t<p>Pour un large \u00e9ventail de plantes \u00e0 oxyg\u00e8ne, visitez le site Vijvermeester.nl.<\/p>\t\t\t\t\t\t\t\t<\/div>\n\t\t\t\t<\/div>\n\t\t\t\t<\/div>\n\t\t\t\t\t<\/div>\n\t\t\t\t<\/div>\n\t\t\t\t<\/div>","protected":false},"excerpt":{"rendered":"<p>Callitriche Platycarpa Wat is Callitriche Platycarpa? Callitriche Platycarpa, Sterrenkroos in het Nederlands, is een ideale plant voor als u een vijver heeft die veel zonlicht pakt. De drijfbladeren van deze zuurstofplant voorzien het water van schaduw. De groene bladeren onder water produceren daarnaast essenti\u00eble zuurstof. Daarnaast is dit een snelgroeiende zuurstofplant. Dit zorgt ervoor dat [&hellip;]<\/p>","protected":false},"author":4,"featured_media":0,"parent":571,"menu_order":1,"comment_status":"closed","ping_status":"closed","template":"elementor_header_footer","meta":{"_acf_changed":false,"iawp_total_views":100,"footnotes":""},"class_list":["post-577","page","type-page","status-publish","hentry"],"acf":[],"yoast_head":"<!-- This site is optimized with the Yoast SEO plugin v25.5 - https:\/\/yoast.com\/wordpress\/plugins\/seo\/ -->\n<title>Callitriche Platycarpa | Planten, Onderhoud &amp; Advies | Zuurstofplanten.net<\/title>\n<meta name=\"description\" content=\"Callitriche platycarpa (Sterrenkroos) is anders dan dat vervelende Eendenkroos. Het brengt schaduw en is toepasbaar voor de meeste vijvers.\" \/>\n<meta name=\"robots\" content=\"index, follow, max-snippet:-1, max-image-preview:large, max-video-preview:-1\" \/>\n<link rel=\"canonical\" href=\"https:\/\/www.zuurstofplanten.net\/fr\/oxygene-plantes-latin\/callitriche-platycarpa\/\" \/>\n<meta property=\"og:locale\" content=\"fr_FR\" \/>\n<meta property=\"og:type\" content=\"article\" \/>\n<meta property=\"og:title\" content=\"Callitriche Platycarpa | Planten, Onderhoud &amp; Advies | Zuurstofplanten.net\" \/>\n<meta property=\"og:description\" content=\"Callitriche platycarpa (Sterrenkroos) is anders dan dat vervelende Eendenkroos. Het brengt schaduw en is toepasbaar voor de meeste vijvers.\" \/>\n<meta property=\"og:url\" content=\"https:\/\/www.zuurstofplanten.net\/fr\/oxygene-plantes-latin\/callitriche-platycarpa\/\" \/>\n<meta property=\"og:site_name\" content=\"Zuurstofplanten.net\" \/>\n<meta property=\"article:modified_time\" content=\"2025-06-04T10:05:32+00:00\" \/>\n<meta property=\"og:image\" content=\"https:\/\/www.zuurstofplanten.net\/wp-content\/uploads\/2024\/10\/Sterrenkroos-Callitriche-Platycarpa-1.png\" \/>\n\t<meta property=\"og:image:width\" content=\"700\" \/>\n\t<meta property=\"og:image:height\" content=\"700\" \/>\n\t<meta property=\"og:image:type\" content=\"image\/png\" \/>\n<meta name=\"twitter:card\" content=\"summary_large_image\" \/>\n<meta name=\"twitter:label1\" content=\"Dur\u00e9e de lecture estim\u00e9e\" \/>\n\t<meta name=\"twitter:data1\" content=\"3 minutes\" \/>\n<script type=\"application\/ld+json\" class=\"yoast-schema-graph\">{\"@context\":\"https:\/\/schema.org\",\"@graph\":[{\"@type\":\"WebPage\",\"@id\":\"https:\/\/www.zuurstofplanten.net\/zuurstofplanten-latijns\/callitriche-platycarpa\/\",\"url\":\"https:\/\/www.zuurstofplanten.net\/zuurstofplanten-latijns\/callitriche-platycarpa\/\",\"name\":\"Callitriche Platycarpa | Planten, Onderhoud & Advies | Zuurstofplanten.net\",\"isPartOf\":{\"@id\":\"https:\/\/www.zuurstofplanten.net\/#website\"},\"primaryImageOfPage\":{\"@id\":\"https:\/\/www.zuurstofplanten.net\/zuurstofplanten-latijns\/callitriche-platycarpa\/#primaryimage\"},\"image\":{\"@id\":\"https:\/\/www.zuurstofplanten.net\/zuurstofplanten-latijns\/callitriche-platycarpa\/#primaryimage\"},\"thumbnailUrl\":\"https:\/\/www.zuurstofplanten.net\/wp-content\/uploads\/2024\/10\/Sterrenkroos-Callitriche-Platycarpa-1.png\",\"datePublished\":\"2024-10-11T14:33:18+00:00\",\"dateModified\":\"2025-06-04T10:05:32+00:00\",\"description\":\"Callitriche platycarpa (Sterrenkroos) is anders dan dat vervelende Eendenkroos. Het brengt schaduw en is toepasbaar voor de meeste vijvers.\",\"breadcrumb\":{\"@id\":\"https:\/\/www.zuurstofplanten.net\/zuurstofplanten-latijns\/callitriche-platycarpa\/#breadcrumb\"},\"inLanguage\":\"fr-FR\",\"potentialAction\":[{\"@type\":\"ReadAction\",\"target\":[\"https:\/\/www.zuurstofplanten.net\/zuurstofplanten-latijns\/callitriche-platycarpa\/\"]}]},{\"@type\":\"ImageObject\",\"inLanguage\":\"fr-FR\",\"@id\":\"https:\/\/www.zuurstofplanten.net\/zuurstofplanten-latijns\/callitriche-platycarpa\/#primaryimage\",\"url\":\"https:\/\/www.zuurstofplanten.net\/wp-content\/uploads\/2024\/10\/Sterrenkroos-Callitriche-Platycarpa-1.png\",\"contentUrl\":\"https:\/\/www.zuurstofplanten.net\/wp-content\/uploads\/2024\/10\/Sterrenkroos-Callitriche-Platycarpa-1.png\"},{\"@type\":\"BreadcrumbList\",\"@id\":\"https:\/\/www.zuurstofplanten.net\/zuurstofplanten-latijns\/callitriche-platycarpa\/#breadcrumb\",\"itemListElement\":[{\"@type\":\"ListItem\",\"position\":1,\"name\":\"Home\",\"item\":\"https:\/\/www.zuurstofplanten.net\/\"},{\"@type\":\"ListItem\",\"position\":2,\"name\":\"Latijnse soortnamen\",\"item\":\"https:\/\/www.zuurstofplanten.net\/zuurstofplanten-latijns\/\"},{\"@type\":\"ListItem\",\"position\":3,\"name\":\"Callitriche Platycarpa\"}]},{\"@type\":\"WebSite\",\"@id\":\"https:\/\/www.zuurstofplanten.net\/#website\",\"url\":\"https:\/\/www.zuurstofplanten.net\/\",\"name\":\"Zuurstofplanten.net\",\"description\":\"\",\"publisher\":{\"@id\":\"https:\/\/www.zuurstofplanten.net\/#organization\"},\"potentialAction\":[{\"@type\":\"SearchAction\",\"target\":{\"@type\":\"EntryPoint\",\"urlTemplate\":\"https:\/\/www.zuurstofplanten.net\/?s={search_term_string}\"},\"query-input\":{\"@type\":\"PropertyValueSpecification\",\"valueRequired\":true,\"valueName\":\"search_term_string\"}}],\"inLanguage\":\"fr-FR\"},{\"@type\":\"Organization\",\"@id\":\"https:\/\/www.zuurstofplanten.net\/#organization\",\"name\":\"Zuurstofplanten.net\",\"url\":\"https:\/\/www.zuurstofplanten.net\/\",\"logo\":{\"@type\":\"ImageObject\",\"inLanguage\":\"fr-FR\",\"@id\":\"https:\/\/www.zuurstofplanten.net\/#\/schema\/logo\/image\/\",\"url\":\"https:\/\/www.zuurstofplanten.net\/wp-content\/uploads\/2024\/10\/zuurstofplanten-logo-1.jpg\",\"contentUrl\":\"https:\/\/www.zuurstofplanten.net\/wp-content\/uploads\/2024\/10\/zuurstofplanten-logo-1.jpg\",\"width\":180,\"height\":60,\"caption\":\"Zuurstofplanten.net\"},\"image\":{\"@id\":\"https:\/\/www.zuurstofplanten.net\/#\/schema\/logo\/image\/\"}}]}<\/script>\n<!-- \/ Yoast SEO plugin. -->","yoast_head_json":{"title":"Callitriche Platycarpa | Plantes, entretien et conseils | Acidplants.net","description":"Callitriche platycarpa (Starweed) est diff\u00e9rente de cette pesante lentille d'eau. Elle apporte de l'ombre et convient \u00e0 la plupart des \u00e9tangs.","robots":{"index":"index","follow":"follow","max-snippet":"max-snippet:-1","max-image-preview":"max-image-preview:large","max-video-preview":"max-video-preview:-1"},"canonical":"https:\/\/www.zuurstofplanten.net\/fr\/oxygene-plantes-latin\/callitriche-platycarpa\/","og_locale":"fr_FR","og_type":"article","og_title":"Callitriche Platycarpa | Planten, Onderhoud & Advies | Zuurstofplanten.net","og_description":"Callitriche platycarpa (Sterrenkroos) is anders dan dat vervelende Eendenkroos. Het brengt schaduw en is toepasbaar voor de meeste vijvers.","og_url":"https:\/\/www.zuurstofplanten.net\/fr\/oxygene-plantes-latin\/callitriche-platycarpa\/","og_site_name":"Zuurstofplanten.net","article_modified_time":"2025-06-04T10:05:32+00:00","og_image":[{"width":700,"height":700,"url":"https:\/\/www.zuurstofplanten.net\/wp-content\/uploads\/2024\/10\/Sterrenkroos-Callitriche-Platycarpa-1.png","type":"image\/png"}],"twitter_card":"summary_large_image","twitter_misc":{"Dur\u00e9e de lecture estim\u00e9e":"3 minutes"},"schema":{"@context":"https:\/\/schema.org","@graph":[{"@type":"WebPage","@id":"https:\/\/www.zuurstofplanten.net\/zuurstofplanten-latijns\/callitriche-platycarpa\/","url":"https:\/\/www.zuurstofplanten.net\/zuurstofplanten-latijns\/callitriche-platycarpa\/","name":"Callitriche Platycarpa | Plantes, entretien et conseils | Acidplants.net","isPartOf":{"@id":"https:\/\/www.zuurstofplanten.net\/#website"},"primaryImageOfPage":{"@id":"https:\/\/www.zuurstofplanten.net\/zuurstofplanten-latijns\/callitriche-platycarpa\/#primaryimage"},"image":{"@id":"https:\/\/www.zuurstofplanten.net\/zuurstofplanten-latijns\/callitriche-platycarpa\/#primaryimage"},"thumbnailUrl":"https:\/\/www.zuurstofplanten.net\/wp-content\/uploads\/2024\/10\/Sterrenkroos-Callitriche-Platycarpa-1.png","datePublished":"2024-10-11T14:33:18+00:00","dateModified":"2025-06-04T10:05:32+00:00","description":"Callitriche platycarpa (Starweed) est diff\u00e9rente de cette pesante lentille d'eau. Elle apporte de l'ombre et convient \u00e0 la plupart des \u00e9tangs.","breadcrumb":{"@id":"https:\/\/www.zuurstofplanten.net\/zuurstofplanten-latijns\/callitriche-platycarpa\/#breadcrumb"},"inLanguage":"fr-FR","potentialAction":[{"@type":"ReadAction","target":["https:\/\/www.zuurstofplanten.net\/zuurstofplanten-latijns\/callitriche-platycarpa\/"]}]},{"@type":"ImageObject","inLanguage":"fr-FR","@id":"https:\/\/www.zuurstofplanten.net\/zuurstofplanten-latijns\/callitriche-platycarpa\/#primaryimage","url":"https:\/\/www.zuurstofplanten.net\/wp-content\/uploads\/2024\/10\/Sterrenkroos-Callitriche-Platycarpa-1.png","contentUrl":"https:\/\/www.zuurstofplanten.net\/wp-content\/uploads\/2024\/10\/Sterrenkroos-Callitriche-Platycarpa-1.png"},{"@type":"BreadcrumbList","@id":"https:\/\/www.zuurstofplanten.net\/zuurstofplanten-latijns\/callitriche-platycarpa\/#breadcrumb","itemListElement":[{"@type":"ListItem","position":1,"name":"Home","item":"https:\/\/www.zuurstofplanten.net\/"},{"@type":"ListItem","position":2,"name":"Latijnse soortnamen","item":"https:\/\/www.zuurstofplanten.net\/zuurstofplanten-latijns\/"},{"@type":"ListItem","position":3,"name":"Callitriche Platycarpa"}]},{"@type":"WebSite","@id":"https:\/\/www.zuurstofplanten.net\/#website","url":"https:\/\/www.zuurstofplanten.net\/","name":"Zuurstofplanten.net","description":"","publisher":{"@id":"https:\/\/www.zuurstofplanten.net\/#organization"},"potentialAction":[{"@type":"SearchAction","target":{"@type":"EntryPoint","urlTemplate":"https:\/\/www.zuurstofplanten.net\/?s={search_term_string}"},"query-input":{"@type":"PropertyValueSpecification","valueRequired":true,"valueName":"search_term_string"}}],"inLanguage":"fr-FR"},{"@type":"Organization","@id":"https:\/\/www.zuurstofplanten.net\/#organization","name":"Zuurstofplanten.net","url":"https:\/\/www.zuurstofplanten.net\/","logo":{"@type":"ImageObject","inLanguage":"fr-FR","@id":"https:\/\/www.zuurstofplanten.net\/#\/schema\/logo\/image\/","url":"https:\/\/www.zuurstofplanten.net\/wp-content\/uploads\/2024\/10\/zuurstofplanten-logo-1.jpg","contentUrl":"https:\/\/www.zuurstofplanten.net\/wp-content\/uploads\/2024\/10\/zuurstofplanten-logo-1.jpg","width":180,"height":60,"caption":"Zuurstofplanten.net"},"image":{"@id":"https:\/\/www.zuurstofplanten.net\/#\/schema\/logo\/image\/"}}]}},"_links":{"self":[{"href":"https:\/\/www.zuurstofplanten.net\/fr\/wp-json\/wp\/v2\/pages\/577"}],"collection":[{"href":"https:\/\/www.zuurstofplanten.net\/fr\/wp-json\/wp\/v2\/pages"}],"about":[{"href":"https:\/\/www.zuurstofplanten.net\/fr\/wp-json\/wp\/v2\/types\/page"}],"author":[{"embeddable":true,"href":"https:\/\/www.zuurstofplanten.net\/fr\/wp-json\/wp\/v2\/users\/4"}],"replies":[{"embeddable":true,"href":"https:\/\/www.zuurstofplanten.net\/fr\/wp-json\/wp\/v2\/comments?post=577"}],"version-history":[{"count":19,"href":"https:\/\/www.zuurstofplanten.net\/fr\/wp-json\/wp\/v2\/pages\/577\/revisions"}],"predecessor-version":[{"id":2144,"href":"https:\/\/www.zuurstofplanten.net\/fr\/wp-json\/wp\/v2\/pages\/577\/revisions\/2144"}],"up":[{"embeddable":true,"href":"https:\/\/www.zuurstofplanten.net\/fr\/wp-json\/wp\/v2\/pages\/571"}],"wp:attachment":[{"href":"https:\/\/www.zuurstofplanten.net\/fr\/wp-json\/wp\/v2\/media?parent=577"}],"curies":[{"name":"wp","href":"https:\/\/api.w.org\/{rel}","templated":true}]}}