{"id":571,"date":"2024-10-11T14:28:16","date_gmt":"2024-10-11T14:28:01","guid":{"rendered":"https:\/\/baselinkhosting.nl\/zuurstofplanten\/?page_id=571"},"modified":"2025-06-04T08:12:23","modified_gmt":"2025-06-04T08:12:23","slug":"zuurstofplanten-latijns","status":"publish","type":"page","link":"https:\/\/www.zuurstofplanten.net\/fr\/zuurstofplanten-latijns\/","title":{"rendered":"Noms latins des esp\u00e8ces"},"content":{"rendered":"<div data-elementor-type=\"wp-page\" data-elementor-id=\"571\" class=\"elementor elementor-571\" data-elementor-post-type=\"page\">\n\t\t\t\t<div class=\"elementor-element elementor-element-3dcb771 e-flex e-con-boxed e-con e-parent\" data-id=\"3dcb771\" data-element_type=\"container\" data-e-type=\"container\" data-settings=\"{&quot;background_background&quot;:&quot;classic&quot;}\">\n\t\t\t\t\t<div class=\"e-con-inner\">\n\t\t\t\t<div class=\"elementor-element elementor-element-fdc7269 elementor-widget elementor-widget-heading\" data-id=\"fdc7269\" data-element_type=\"widget\" data-e-type=\"widget\" data-widget_type=\"heading.default\">\n\t\t\t\t<div class=\"elementor-widget-container\">\n\t\t\t\t\t<h1 class=\"elementor-heading-title elementor-size-default\">Plantes \u00e0 oxyg\u00e8ne Nom latin<\/h1>\t\t\t\t<\/div>\n\t\t\t\t<\/div>\n\t\t\t\t<div class=\"elementor-element elementor-element-6bf6095 elementor-widget elementor-widget-breadcrumbs\" data-id=\"6bf6095\" data-element_type=\"widget\" data-e-type=\"widget\" data-widget_type=\"breadcrumbs.default\">\n\t\t\t\t<div class=\"elementor-widget-container\">\n\t\t\t\t\t<p id=\"breadcrumbs\"><span><span><a href=\"https:\/\/www.zuurstofplanten.net\/fr\/\">Accueil<\/a><\/span><\/span><\/p>\t\t\t\t<\/div>\n\t\t\t\t<\/div>\n\t\t\t\t\t<\/div>\n\t\t\t\t<\/div>\n\t\t<div class=\"elementor-element elementor-element-04930cf e-flex e-con-boxed e-con e-parent\" data-id=\"04930cf\" data-element_type=\"container\" data-e-type=\"container\">\n\t\t\t\t\t<div class=\"e-con-inner\">\n\t\t\t\t<div class=\"elementor-element elementor-element-89a7782 elementor-widget elementor-widget-heading\" data-id=\"89a7782\" data-element_type=\"widget\" data-e-type=\"widget\" data-widget_type=\"heading.default\">\n\t\t\t\t<div class=\"elementor-widget-container\">\n\t\t\t\t\t<h2 class=\"elementor-heading-title elementor-size-default\">Plantes \u00e0 oxyg\u00e8ne + nom latin<\/h2>\t\t\t\t<\/div>\n\t\t\t\t<\/div>\n\t\t<div class=\"elementor-element elementor-element-9961421 e-con-full e-grid e-con e-child\" data-id=\"9961421\" data-element_type=\"container\" data-e-type=\"container\">\n\t\t\t\t<div class=\"elementor-element elementor-element-a0bf0d0 elementor-widget elementor-widget-text-editor\" data-id=\"a0bf0d0\" data-element_type=\"widget\" data-e-type=\"widget\" data-widget_type=\"text-editor.default\">\n\t\t\t\t<div class=\"elementor-widget-container\">\n\t\t\t\t\t\t\t\t\t<p>Les plantes \u00e0 oxyg\u00e8ne, ou plut\u00f4t les plantes aquatiques submerg\u00e9es, sont tr\u00e8s importantes pour les plans d'eau et les \u00e9tangs. Elles ajoutent de l'oxyg\u00e8ne \u00e0 l'eau et assurent la biodiversit\u00e9. En outre, elles concurrencent les algues pour les nutriments. L'eau de votre \u00e9tang reste ainsi claire et saine.<\/p><p>Les noms d'esp\u00e8ces latins sont souvent utilis\u00e9s, en particulier dans les plantations d'\u00e9tangs utilisant des sch\u00e9mas de plantation. De cette fa\u00e7on, il n'y a aucun doute sur l'esp\u00e8ce utilis\u00e9e.<\/p><p>Voir l'aper\u00e7u des plantes \u00e0 oxyg\u00e8ne, y compris leurs noms latins. Vous voulez en savoir plus sur une plante \u00e0 oxyg\u00e8ne ? Cliquez sur la plante oxyg\u00e9n\u00e9e concern\u00e9e et lisez les conseils de plantation.<\/p>\t\t\t\t\t\t\t\t<\/div>\n\t\t\t\t<\/div>\n\t\t\t\t<div class=\"elementor-element elementor-element-c3aa7f1 elementor-widget elementor-widget-image\" data-id=\"c3aa7f1\" data-element_type=\"widget\" data-e-type=\"widget\" data-widget_type=\"image.default\">\n\t\t\t\t<div class=\"elementor-widget-container\">\n\t\t\t\t\t\t\t\t\t\t\t\t\t\t\t<img fetchpriority=\"high\" decoding=\"async\" width=\"650\" height=\"487\" src=\"https:\/\/www.zuurstofplanten.net\/wp-content\/uploads\/2024\/10\/krabbescheer-2.jpg\" class=\"attachment-large size-large wp-image-573\" alt=\"\" srcset=\"https:\/\/www.zuurstofplanten.net\/wp-content\/uploads\/2024\/10\/krabbescheer-2.jpg 650w, https:\/\/www.zuurstofplanten.net\/wp-content\/uploads\/2024\/10\/krabbescheer-2-300x225.jpg 300w\" sizes=\"(max-width: 650px) 100vw, 650px\" \/>\t\t\t\t\t\t\t\t\t\t\t\t\t\t\t<\/div>\n\t\t\t\t<\/div>\n\t\t\t\t<\/div>\n\t\t\t\t\t<\/div>\n\t\t\t\t<\/div>\n\t\t<div class=\"elementor-element elementor-element-866bdb2 e-flex e-con-boxed e-con e-parent\" data-id=\"866bdb2\" data-element_type=\"container\" data-e-type=\"container\">\n\t\t\t\t\t<div class=\"e-con-inner\">\n\t\t\t\t<div class=\"elementor-element elementor-element-2bbf139 elementor-widget elementor-widget-heading\" data-id=\"2bbf139\" data-element_type=\"widget\" data-e-type=\"widget\" data-widget_type=\"heading.default\">\n\t\t\t\t<div class=\"elementor-widget-container\">\n\t\t\t\t\t<h2 class=\"elementor-heading-title elementor-size-default\">Vue d'ensemble<\/h2>\t\t\t\t<\/div>\n\t\t\t\t<\/div>\n\t\t\t\t<div class=\"elementor-element elementor-element-f30ffa6 elementor-widget elementor-widget-text-editor\" data-id=\"f30ffa6\" data-element_type=\"widget\" data-e-type=\"widget\" data-widget_type=\"text-editor.default\">\n\t\t\t\t<div class=\"elementor-widget-container\">\n\t\t\t\t\t\t\t\t\t<table style=\"width: 100%;\" cellpadding=\"15\"><tbody><tr><td><strong>Nom latin<\/strong><\/td><td><strong>Usine \u00e0 oxyg\u00e8ne<\/strong><\/td><\/tr><tr><td><a href=\"https:\/\/www.zuurstofplanten.net\/fr\/zuurstofplanten-latijns\/callitriche-platycarpa\/\">Callitriche Platycarpa<\/a><\/td><td><a href=\"https:\/\/www.zuurstofplanten.net\/fr\/zuurstof-planten\/sterrenkroos\/\">Rose \u00e9toil\u00e9e<\/a><\/td><\/tr><tr><td><a href=\"https:\/\/www.zuurstofplanten.net\/fr\/zuurstofplanten-latijns\/ceratophyllum-demersum\/\">Ceratophyllum Demersum<\/a><\/td><td><a href=\"https:\/\/www.zuurstofplanten.net\/fr\/zuurstof-planten\/grof-hoornblad\/\">Feuille de corne grossi\u00e8re<\/a><\/td><\/tr><tr><td><a href=\"https:\/\/www.zuurstofplanten.net\/fr\/zuurstofplanten-latijns\/egeria-crispa\/\">Egeria Crispa<\/a><\/td><td><a href=\"https:\/\/www.zuurstofplanten.net\/fr\/zuurstof-planten\/waterpest\/gekroesde-waterpest\/\">L'algue crucifi\u00e9e<\/a><\/td><\/tr><tr><td><a href=\"https:\/\/www.zuurstofplanten.net\/fr\/zuurstofplanten-latijns\/egeria-densa\/\">Egeria Densa<\/a><\/td><td><a href=\"https:\/\/www.zuurstofplanten.net\/fr\/zuurstof-planten\/waterpest\/braziliaanse-waterpest\/\">L'algue br\u00e9silienne<\/a><\/td><\/tr><tr><td><a href=\"https:\/\/www.zuurstofplanten.net\/fr\/zuurstofplanten-latijns\/elodea-canadensis\/\">Elodea Canadensis<\/a><\/td><td><a href=\"https:\/\/www.zuurstofplanten.net\/fr\/zuurstof-planten\/waterpest\/brede-waterpest\/\">Vareuse<\/a><\/td><\/tr><tr><td><a href=\"https:\/\/www.zuurstofplanten.net\/fr\/zuurstofplanten-latijns\/elodea-nuttallii\/\">Elodea Nuttallii<\/a><\/td><td><a href=\"https:\/\/www.zuurstofplanten.net\/fr\/zuurstof-planten\/waterpest\/smalle-waterpest\/\">Herbe de mer \u00e9troite<\/a><\/td><\/tr><tr><td><a href=\"https:\/\/www.zuurstofplanten.net\/fr\/zuurstofplanten-latijns\/fontinalis-antipyretica\/\">Fontinalis Antipyretica<\/a><\/td><td><a href=\"https:\/\/www.zuurstofplanten.net\/fr\/zuurstof-planten\/bronmos\/\">Mousse de printemps<\/a><\/td><\/tr><tr><td><a href=\"https:\/\/www.zuurstofplanten.net\/fr\/zuurstofplanten-latijns\/hottonia-palustris\/\">Hottonia palustris<\/a><\/td><td><a href=\"https:\/\/www.zuurstofplanten.net\/fr\/zuurstof-planten\/waterviolier\/\">Eau-violette<\/a><\/td><\/tr><tr><td><a href=\"https:\/\/www.zuurstofplanten.net\/fr\/zuurstofplanten-latijns\/myriophyllum-spicatum\/\">Myriophyllum Spicatum<\/a><\/td><td><a href=\"https:\/\/www.zuurstofplanten.net\/fr\/zuurstof-planten\/aarvederkruid\/\">Topinambour<\/a><\/td><\/tr><tr><td><a href=\"https:\/\/www.zuurstofplanten.net\/fr\/zuurstofplanten-latijns\/potamogeton-lucens\/\">Potamogeton Lucens<\/a><\/td><td><a href=\"https:\/\/www.zuurstofplanten.net\/fr\/zuurstof-planten\/fonteinkruid\/glanzend-fonteinkruid\/\">Potamot \u00e0 feuilles \u00e9troites<\/a><\/td><\/tr><tr><td><a href=\"https:\/\/www.zuurstofplanten.net\/fr\/zuurstofplanten-latijns\/ranunculus-aquatilis\/\">Renoncule aquatique (Ranunculus Aquatilis)<\/a><\/td><td><a href=\"https:\/\/www.zuurstofplanten.net\/fr\/zuurstof-planten\/waterranonkel\/\">Vigne aquatique<\/a><\/td><\/tr><tr><td><a href=\"https:\/\/www.zuurstofplanten.net\/fr\/zuurstofplanten-latijns\/acorus-calamus\/\">Acorus calamus<\/a><\/td><td><a href=\"https:\/\/www.zuurstofplanten.net\/fr\/helofyten\/kalmoes-2\/\">Calamus<\/a><\/td><\/tr><tr><td><a href=\"https:\/\/www.zuurstofplanten.net\/fr\/zuurstofplanten-latijns\/iris-pseudacorus\/\">Iris Pseudacorus<\/a><\/td><td><a href=\"https:\/\/www.zuurstofplanten.net\/fr\/helofyten\/gele-lis\/\">Lis jaune<\/a><\/td><\/tr><\/tbody><\/table>\t\t\t\t\t\t\t\t<\/div>\n\t\t\t\t<\/div>\n\t\t\t\t\t<\/div>\n\t\t\t\t<\/div>\n\t\t\t\t<\/div>","protected":false},"excerpt":{"rendered":"<p>Plantes \u00e0 oxyg\u00e8ne Nom latin Plantes \u00e0 oxyg\u00e8ne + Nom latin Les plantes \u00e0 oxyg\u00e8ne, ou plut\u00f4t les plantes aquatiques submerg\u00e9es, sont tr\u00e8s importantes pour les plans d'eau et les \u00e9tangs. Elles ajoutent de l'oxyg\u00e8ne \u00e0 l'eau et assurent la biodiversit\u00e9. En outre, elles concurrencent les algues pour les nutriments. L'eau de votre \u00e9tang reste ainsi claire et saine. C'est surtout lors de la plantation d'\u00e9tangs avec [...]<\/p>","protected":false},"author":4,"featured_media":0,"parent":0,"menu_order":3,"comment_status":"closed","ping_status":"closed","template":"elementor_header_footer","meta":{"_acf_changed":false,"iawp_total_views":78,"footnotes":""},"class_list":["post-571","page","type-page","status-publish","hentry"],"acf":[],"yoast_head":"<!-- This site is optimized with the Yoast SEO plugin v25.5 - https:\/\/yoast.com\/wordpress\/plugins\/seo\/ -->\n<title>Latijnse soortnamen - Zuurstofplanten.net<\/title>\n<meta name=\"description\" content=\"Zie hier een overzicht van zuurstofplanten en hun Latijnse benaming. Meer info over zuurstof-, oever- en drijfplanten kunt u hier vinden.\" \/>\n<meta name=\"robots\" content=\"index, follow, max-snippet:-1, max-image-preview:large, max-video-preview:-1\" \/>\n<link rel=\"canonical\" href=\"https:\/\/www.zuurstofplanten.net\/fr\/zuurstofplanten-latijns\/\" \/>\n<meta property=\"og:locale\" content=\"fr_FR\" \/>\n<meta property=\"og:type\" content=\"article\" \/>\n<meta property=\"og:title\" content=\"Latijnse soortnamen - Zuurstofplanten.net\" \/>\n<meta property=\"og:description\" content=\"Zie hier een overzicht van zuurstofplanten en hun Latijnse benaming. Meer info over zuurstof-, oever- en drijfplanten kunt u hier vinden.\" \/>\n<meta property=\"og:url\" content=\"https:\/\/www.zuurstofplanten.net\/fr\/zuurstofplanten-latijns\/\" \/>\n<meta property=\"og:site_name\" content=\"Zuurstofplanten.net\" \/>\n<meta property=\"article:modified_time\" content=\"2025-06-04T08:12:23+00:00\" \/>\n<meta property=\"og:image\" content=\"https:\/\/www.zuurstofplanten.net\/wp-content\/uploads\/2024\/10\/krabbescheer-2.jpg\" \/>\n\t<meta property=\"og:image:width\" content=\"650\" \/>\n\t<meta property=\"og:image:height\" content=\"487\" \/>\n\t<meta property=\"og:image:type\" content=\"image\/jpeg\" \/>\n<meta name=\"twitter:card\" content=\"summary_large_image\" \/>\n<meta name=\"twitter:label1\" content=\"Dur\u00e9e de lecture estim\u00e9e\" \/>\n\t<meta name=\"twitter:data1\" content=\"1 minute\" \/>\n<script type=\"application\/ld+json\" class=\"yoast-schema-graph\">{\"@context\":\"https:\/\/schema.org\",\"@graph\":[{\"@type\":\"WebPage\",\"@id\":\"https:\/\/www.zuurstofplanten.net\/zuurstofplanten-latijns\/\",\"url\":\"https:\/\/www.zuurstofplanten.net\/zuurstofplanten-latijns\/\",\"name\":\"Latijnse soortnamen - Zuurstofplanten.net\",\"isPartOf\":{\"@id\":\"https:\/\/www.zuurstofplanten.net\/#website\"},\"primaryImageOfPage\":{\"@id\":\"https:\/\/www.zuurstofplanten.net\/zuurstofplanten-latijns\/#primaryimage\"},\"image\":{\"@id\":\"https:\/\/www.zuurstofplanten.net\/zuurstofplanten-latijns\/#primaryimage\"},\"thumbnailUrl\":\"https:\/\/www.zuurstofplanten.net\/wp-content\/uploads\/2024\/10\/krabbescheer-2.jpg\",\"datePublished\":\"2024-10-11T14:28:01+00:00\",\"dateModified\":\"2025-06-04T08:12:23+00:00\",\"description\":\"Zie hier een overzicht van zuurstofplanten en hun Latijnse benaming. Meer info over zuurstof-, oever- en drijfplanten kunt u hier vinden.\",\"breadcrumb\":{\"@id\":\"https:\/\/www.zuurstofplanten.net\/zuurstofplanten-latijns\/#breadcrumb\"},\"inLanguage\":\"fr-FR\",\"potentialAction\":[{\"@type\":\"ReadAction\",\"target\":[\"https:\/\/www.zuurstofplanten.net\/zuurstofplanten-latijns\/\"]}]},{\"@type\":\"ImageObject\",\"inLanguage\":\"fr-FR\",\"@id\":\"https:\/\/www.zuurstofplanten.net\/zuurstofplanten-latijns\/#primaryimage\",\"url\":\"https:\/\/www.zuurstofplanten.net\/wp-content\/uploads\/2024\/10\/krabbescheer-2.jpg\",\"contentUrl\":\"https:\/\/www.zuurstofplanten.net\/wp-content\/uploads\/2024\/10\/krabbescheer-2.jpg\"},{\"@type\":\"BreadcrumbList\",\"@id\":\"https:\/\/www.zuurstofplanten.net\/zuurstofplanten-latijns\/#breadcrumb\",\"itemListElement\":[{\"@type\":\"ListItem\",\"position\":1,\"name\":\"Home\",\"item\":\"https:\/\/www.zuurstofplanten.net\/\"},{\"@type\":\"ListItem\",\"position\":2,\"name\":\"Latijnse soortnamen\"}]},{\"@type\":\"WebSite\",\"@id\":\"https:\/\/www.zuurstofplanten.net\/#website\",\"url\":\"https:\/\/www.zuurstofplanten.net\/\",\"name\":\"Zuurstofplanten.net\",\"description\":\"\",\"publisher\":{\"@id\":\"https:\/\/www.zuurstofplanten.net\/#organization\"},\"potentialAction\":[{\"@type\":\"SearchAction\",\"target\":{\"@type\":\"EntryPoint\",\"urlTemplate\":\"https:\/\/www.zuurstofplanten.net\/?s={search_term_string}\"},\"query-input\":{\"@type\":\"PropertyValueSpecification\",\"valueRequired\":true,\"valueName\":\"search_term_string\"}}],\"inLanguage\":\"fr-FR\"},{\"@type\":\"Organization\",\"@id\":\"https:\/\/www.zuurstofplanten.net\/#organization\",\"name\":\"Zuurstofplanten.net\",\"url\":\"https:\/\/www.zuurstofplanten.net\/\",\"logo\":{\"@type\":\"ImageObject\",\"inLanguage\":\"fr-FR\",\"@id\":\"https:\/\/www.zuurstofplanten.net\/#\/schema\/logo\/image\/\",\"url\":\"https:\/\/www.zuurstofplanten.net\/wp-content\/uploads\/2024\/10\/zuurstofplanten-logo-1.jpg\",\"contentUrl\":\"https:\/\/www.zuurstofplanten.net\/wp-content\/uploads\/2024\/10\/zuurstofplanten-logo-1.jpg\",\"width\":180,\"height\":60,\"caption\":\"Zuurstofplanten.net\"},\"image\":{\"@id\":\"https:\/\/www.zuurstofplanten.net\/#\/schema\/logo\/image\/\"}}]}<\/script>\n<!-- \/ Yoast SEO plugin. -->","yoast_head_json":{"title":"Noms latins des esp\u00e8ces - Oxygenplants.net","description":"Vous trouverez ici un aper\u00e7u des plantes \u00e0 oxyg\u00e8ne et de leurs noms latins. Plus d'informations sur les plantes oxyg\u00e9nantes, riveraines et flottantes sont disponibles ici.","robots":{"index":"index","follow":"follow","max-snippet":"max-snippet:-1","max-image-preview":"max-image-preview:large","max-video-preview":"max-video-preview:-1"},"canonical":"https:\/\/www.zuurstofplanten.net\/fr\/zuurstofplanten-latijns\/","og_locale":"fr_FR","og_type":"article","og_title":"Latijnse soortnamen - Zuurstofplanten.net","og_description":"Zie hier een overzicht van zuurstofplanten en hun Latijnse benaming. Meer info over zuurstof-, oever- en drijfplanten kunt u hier vinden.","og_url":"https:\/\/www.zuurstofplanten.net\/fr\/zuurstofplanten-latijns\/","og_site_name":"Zuurstofplanten.net","article_modified_time":"2025-06-04T08:12:23+00:00","og_image":[{"width":650,"height":487,"url":"https:\/\/www.zuurstofplanten.net\/wp-content\/uploads\/2024\/10\/krabbescheer-2.jpg","type":"image\/jpeg"}],"twitter_card":"summary_large_image","twitter_misc":{"Dur\u00e9e de lecture estim\u00e9e":"1 minute"},"schema":{"@context":"https:\/\/schema.org","@graph":[{"@type":"WebPage","@id":"https:\/\/www.zuurstofplanten.net\/zuurstofplanten-latijns\/","url":"https:\/\/www.zuurstofplanten.net\/zuurstofplanten-latijns\/","name":"Noms latins des esp\u00e8ces - Oxygenplants.net","isPartOf":{"@id":"https:\/\/www.zuurstofplanten.net\/#website"},"primaryImageOfPage":{"@id":"https:\/\/www.zuurstofplanten.net\/zuurstofplanten-latijns\/#primaryimage"},"image":{"@id":"https:\/\/www.zuurstofplanten.net\/zuurstofplanten-latijns\/#primaryimage"},"thumbnailUrl":"https:\/\/www.zuurstofplanten.net\/wp-content\/uploads\/2024\/10\/krabbescheer-2.jpg","datePublished":"2024-10-11T14:28:01+00:00","dateModified":"2025-06-04T08:12:23+00:00","description":"Vous trouverez ici un aper\u00e7u des plantes \u00e0 oxyg\u00e8ne et de leurs noms latins. Plus d'informations sur les plantes oxyg\u00e9nantes, riveraines et flottantes sont disponibles ici.","breadcrumb":{"@id":"https:\/\/www.zuurstofplanten.net\/zuurstofplanten-latijns\/#breadcrumb"},"inLanguage":"fr-FR","potentialAction":[{"@type":"ReadAction","target":["https:\/\/www.zuurstofplanten.net\/zuurstofplanten-latijns\/"]}]},{"@type":"ImageObject","inLanguage":"fr-FR","@id":"https:\/\/www.zuurstofplanten.net\/zuurstofplanten-latijns\/#primaryimage","url":"https:\/\/www.zuurstofplanten.net\/wp-content\/uploads\/2024\/10\/krabbescheer-2.jpg","contentUrl":"https:\/\/www.zuurstofplanten.net\/wp-content\/uploads\/2024\/10\/krabbescheer-2.jpg"},{"@type":"BreadcrumbList","@id":"https:\/\/www.zuurstofplanten.net\/zuurstofplanten-latijns\/#breadcrumb","itemListElement":[{"@type":"ListItem","position":1,"name":"Home","item":"https:\/\/www.zuurstofplanten.net\/"},{"@type":"ListItem","position":2,"name":"Latijnse soortnamen"}]},{"@type":"WebSite","@id":"https:\/\/www.zuurstofplanten.net\/#website","url":"https:\/\/www.zuurstofplanten.net\/","name":"Zuurstofplanten.net","description":"","publisher":{"@id":"https:\/\/www.zuurstofplanten.net\/#organization"},"potentialAction":[{"@type":"SearchAction","target":{"@type":"EntryPoint","urlTemplate":"https:\/\/www.zuurstofplanten.net\/?s={search_term_string}"},"query-input":{"@type":"PropertyValueSpecification","valueRequired":true,"valueName":"search_term_string"}}],"inLanguage":"fr-FR"},{"@type":"Organization","@id":"https:\/\/www.zuurstofplanten.net\/#organization","name":"Zuurstofplanten.net","url":"https:\/\/www.zuurstofplanten.net\/","logo":{"@type":"ImageObject","inLanguage":"fr-FR","@id":"https:\/\/www.zuurstofplanten.net\/#\/schema\/logo\/image\/","url":"https:\/\/www.zuurstofplanten.net\/wp-content\/uploads\/2024\/10\/zuurstofplanten-logo-1.jpg","contentUrl":"https:\/\/www.zuurstofplanten.net\/wp-content\/uploads\/2024\/10\/zuurstofplanten-logo-1.jpg","width":180,"height":60,"caption":"Zuurstofplanten.net"},"image":{"@id":"https:\/\/www.zuurstofplanten.net\/#\/schema\/logo\/image\/"}}]}},"_links":{"self":[{"href":"https:\/\/www.zuurstofplanten.net\/fr\/wp-json\/wp\/v2\/pages\/571","targetHints":{"allow":["GET"]}}],"collection":[{"href":"https:\/\/www.zuurstofplanten.net\/fr\/wp-json\/wp\/v2\/pages"}],"about":[{"href":"https:\/\/www.zuurstofplanten.net\/fr\/wp-json\/wp\/v2\/types\/page"}],"author":[{"embeddable":true,"href":"https:\/\/www.zuurstofplanten.net\/fr\/wp-json\/wp\/v2\/users\/4"}],"replies":[{"embeddable":true,"href":"https:\/\/www.zuurstofplanten.net\/fr\/wp-json\/wp\/v2\/comments?post=571"}],"version-history":[{"count":19,"href":"https:\/\/www.zuurstofplanten.net\/fr\/wp-json\/wp\/v2\/pages\/571\/revisions"}],"predecessor-version":[{"id":2038,"href":"https:\/\/www.zuurstofplanten.net\/fr\/wp-json\/wp\/v2\/pages\/571\/revisions\/2038"}],"wp:attachment":[{"href":"https:\/\/www.zuurstofplanten.net\/fr\/wp-json\/wp\/v2\/media?parent=571"}],"curies":[{"name":"wp","href":"https:\/\/api.w.org\/{rel}","templated":true}]}}