{"id":565,"date":"2024-10-11T14:25:16","date_gmt":"2024-10-11T14:25:16","guid":{"rendered":"https:\/\/baselinkhosting.nl\/zuurstofplanten\/?page_id=565"},"modified":"2024-10-11T14:26:45","modified_gmt":"2024-10-11T14:26:45","slug":"pourquoi-votre-machine-a-laver-pue-et-comment-vous-en-debarrasser-definitivement","status":"publish","type":"page","link":"https:\/\/www.zuurstofplanten.net\/fr\/blog\/pourquoi-votre-machine-a-laver-pue-et-comment-vous-en-debarrasser-definitivement\/","title":{"rendered":"Pourquoi votre machine \u00e0 laver pue-t-elle et comment s'en d\u00e9barrasser d\u00e9finitivement !"},"content":{"rendered":"<div data-elementor-type=\"wp-page\" data-elementor-id=\"565\" class=\"elementor elementor-565\" data-elementor-post-type=\"page\">\n\t\t\t\t<div class=\"elementor-element elementor-element-7b64090 e-flex e-con-boxed e-con e-parent\" data-id=\"7b64090\" data-element_type=\"container\" data-e-type=\"container\">\n\t\t\t\t\t<div class=\"e-con-inner\">\n\t\t\t\t<div class=\"elementor-element elementor-element-dd6e739 elementor-widget elementor-widget-image\" data-id=\"dd6e739\" data-element_type=\"widget\" data-e-type=\"widget\" data-widget_type=\"image.default\">\n\t\t\t\t<div class=\"elementor-widget-container\">\n\t\t\t\t\t\t\t\t\t\t\t\t\t\t\t<img fetchpriority=\"high\" decoding=\"async\" width=\"800\" height=\"533\" src=\"https:\/\/www.zuurstofplanten.net\/wp-content\/uploads\/2024\/10\/pexels-ekaterina-belinskaya-4700400-scaled-2-1024x682.jpg\" class=\"attachment-large size-large wp-image-496\" alt=\"\" srcset=\"https:\/\/www.zuurstofplanten.net\/wp-content\/uploads\/2024\/10\/pexels-ekaterina-belinskaya-4700400-scaled-2-1024x682.jpg 1024w, https:\/\/www.zuurstofplanten.net\/wp-content\/uploads\/2024\/10\/pexels-ekaterina-belinskaya-4700400-scaled-2-300x200.jpg 300w, https:\/\/www.zuurstofplanten.net\/wp-content\/uploads\/2024\/10\/pexels-ekaterina-belinskaya-4700400-scaled-2-768x512.jpg 768w, https:\/\/www.zuurstofplanten.net\/wp-content\/uploads\/2024\/10\/pexels-ekaterina-belinskaya-4700400-scaled-2-1536x1024.jpg 1536w, https:\/\/www.zuurstofplanten.net\/wp-content\/uploads\/2024\/10\/pexels-ekaterina-belinskaya-4700400-scaled-2-2048x1365.jpg 2048w\" sizes=\"(max-width: 800px) 100vw, 800px\" \/>\t\t\t\t\t\t\t\t\t\t\t\t\t\t\t<\/div>\n\t\t\t\t<\/div>\n\t\t\t\t<div class=\"elementor-element elementor-element-46de202 elementor-widget elementor-widget-heading\" data-id=\"46de202\" data-element_type=\"widget\" data-e-type=\"widget\" data-widget_type=\"heading.default\">\n\t\t\t\t<div class=\"elementor-widget-container\">\n\t\t\t\t\t<h1 class=\"elementor-heading-title elementor-size-default\">Pourquoi votre machine \u00e0 laver pue-t-elle et comment s'en d\u00e9barrasser d\u00e9finitivement !<\/h1>\t\t\t\t<\/div>\n\t\t\t\t<\/div>\n\t\t\t\t<div class=\"elementor-element elementor-element-a0a57d8 elementor-widget elementor-widget-text-editor\" data-id=\"a0a57d8\" data-element_type=\"widget\" data-e-type=\"widget\" data-widget_type=\"text-editor.default\">\n\t\t\t\t<div class=\"elementor-widget-container\">\n\t\t\t\t\t\t\t\t\t<p>Une odeur d\u00e9sagr\u00e9able provenant de votre lave-linge est un probl\u00e8me courant auquel de nombreux propri\u00e9taires sont confront\u00e9s. La source de cette odeur g\u00eanante se trouve souvent dans le tuyau d'\u00e9vacuation du lave-linge. Cet article aborde le ph\u00e9nom\u00e8ne d'une machine \u00e0 laver malodorante, ainsi que la question de l'\u00e9vacuation des eaux us\u00e9es. <a href=\"https:\/\/www.dosingpump.shop\">solutions d\u00e9taill\u00e9es<\/a> proposent de se d\u00e9barrasser une fois pour toutes de ces probl\u00e8mes malodorants.<\/p>\t\t\t\t\t\t\t\t<\/div>\n\t\t\t\t<\/div>\n\t\t\t\t<div class=\"elementor-element elementor-element-581c838 elementor-widget elementor-widget-heading\" data-id=\"581c838\" data-element_type=\"widget\" data-e-type=\"widget\" data-widget_type=\"heading.default\">\n\t\t\t\t<div class=\"elementor-widget-container\">\n\t\t\t\t\t<h2 class=\"elementor-heading-title elementor-size-default\">Causes d'un \u00e9coulement malodorant<\/h2>\t\t\t\t<\/div>\n\t\t\t\t<\/div>\n\t\t\t\t<div class=\"elementor-element elementor-element-9690004 elementor-widget elementor-widget-text-editor\" data-id=\"9690004\" data-element_type=\"widget\" data-e-type=\"widget\" data-widget_type=\"text-editor.default\">\n\t\t\t\t<div class=\"elementor-widget-container\">\n\t\t\t\t\t\t\t\t\t<p>Une approche plus subtile pour comprendre le probl\u00e8me d'un lave-linge malodorant consiste \u00e0 identifier les causes de cette odeur d\u00e9sagr\u00e9able. L'accumulation de salet\u00e9s, de r\u00e9sidus de savon et l'obstruction des tuyaux peuvent provoquer une odeur d\u00e9sagr\u00e9able dans la canalisation de votre lave-linge. L'eau stagnante dans la canalisation peut \u00e9galement cr\u00e9er un environnement id\u00e9al pour le d\u00e9veloppement de moisissures et de bact\u00e9ries.<\/p>\t\t\t\t\t\t\t\t<\/div>\n\t\t\t\t<\/div>\n\t\t\t\t<div class=\"elementor-element elementor-element-ca3c4b0 elementor-widget elementor-widget-heading\" data-id=\"ca3c4b0\" data-element_type=\"widget\" data-e-type=\"widget\" data-widget_type=\"heading.default\">\n\t\t\t\t<div class=\"elementor-widget-container\">\n\t\t\t\t\t<h2 class=\"elementor-heading-title elementor-size-default\">Approche efficace du probl\u00e8me<\/h2>\t\t\t\t<\/div>\n\t\t\t\t<\/div>\n\t\t\t\t<div class=\"elementor-element elementor-element-502c43d elementor-widget elementor-widget-text-editor\" data-id=\"502c43d\" data-element_type=\"widget\" data-e-type=\"widget\" data-widget_type=\"text-editor.default\">\n\t\t\t\t<div class=\"elementor-widget-container\">\n\t\t\t\t\t\t\t\t\t<p>Pour r\u00e9soudre le probl\u00e8me d'une <a href=\"https:\/\/dutchwatertech.net\/nl\/kenniscentrum\/afvoer-wasmachine-stinkt\/\">machine \u00e0 laver malodorante<\/a> En r\u00e9alit\u00e9, il est important d'adopter une approche plus subtile. Un entretien r\u00e9gulier est essentiel ; par exemple, utilisez <a href=\"https:\/\/dutchwatertech.net\/nl\/product\/roebic-onderhoud-wasmachine-afvoer-k87\/\">Roebic K87<\/a>. Le produit 100%, biologique et \u00e9cologique, est sp\u00e9cialement con\u00e7u pour d\u00e9composer les r\u00e9sidus de savon et de graisse. Il est m\u00eame utilis\u00e9 dans les blanchisseries professionnelles, ce qui souligne sa qualit\u00e9.<\/p>\t\t\t\t\t\t\t\t<\/div>\n\t\t\t\t<\/div>\n\t\t\t\t<div class=\"elementor-element elementor-element-7c44f30 elementor-widget elementor-widget-heading\" data-id=\"7c44f30\" data-element_type=\"widget\" data-e-type=\"widget\" data-widget_type=\"heading.default\">\n\t\t\t\t<div class=\"elementor-widget-container\">\n\t\t\t\t\t<h2 class=\"elementor-heading-title elementor-size-default\">Se d\u00e9barrasser de l'odeur naus\u00e9abonde<\/h2>\t\t\t\t<\/div>\n\t\t\t\t<\/div>\n\t\t\t\t<div class=\"elementor-element elementor-element-5ea39dd elementor-widget elementor-widget-text-editor\" data-id=\"5ea39dd\" data-element_type=\"widget\" data-e-type=\"widget\" data-widget_type=\"text-editor.default\">\n\t\t\t\t<div class=\"elementor-widget-container\">\n\t\t\t\t\t\t\t\t\t<p>S'attaquer \u00e0 un lave-linge malodorant n\u00e9cessite une approche prudente, mais avec un entretien r\u00e9gulier et des m\u00e9thodes de nettoyage efficaces, vous pouvez vous d\u00e9barrasser de cette odeur d\u00e9sagr\u00e9able une fois pour toutes. En vous attaquant au probl\u00e8me sp\u00e9cifique du lave-linge malodorant, vous pourrez profiter d'une odeur de fra\u00eecheur durable \u00e0 chaque lavage.<\/p>\t\t\t\t\t\t\t\t<\/div>\n\t\t\t\t<\/div>\n\t\t\t\t\t<\/div>\n\t\t\t\t<\/div>\n\t\t\t\t<\/div>","protected":false},"excerpt":{"rendered":"<p>Waarom stinkt je wasmachine en hoe je er voorgoed vanaf kunt komen! Een onaangename geur die uit je wasmachine komt, is een veelvoorkomend probleem waar veel huiseigenaren mee te maken krijgen. De bron van deze hinderlijke geur ligt vaak in de afvoer van de wasmachine. Dit artikel zal ingaan op het fenomeen van een stinkende [&hellip;]<\/p>","protected":false},"author":4,"featured_media":0,"parent":476,"menu_order":5,"comment_status":"closed","ping_status":"closed","template":"elementor_header_footer","meta":{"_acf_changed":false,"iawp_total_views":11,"footnotes":""},"class_list":["post-565","page","type-page","status-publish","hentry"],"acf":[],"yoast_head":"<!-- This site is optimized with the Yoast SEO plugin v25.5 - https:\/\/yoast.com\/wordpress\/plugins\/seo\/ -->\n<title>Waarom stinkt je wasmachine en hoe je er voorgoed vanaf kunt komen! - Zuurstofplanten.net<\/title>\n<meta name=\"robots\" content=\"index, follow, max-snippet:-1, max-image-preview:large, max-video-preview:-1\" \/>\n<link rel=\"canonical\" href=\"https:\/\/www.zuurstofplanten.net\/fr\/blog\/pourquoi-votre-machine-a-laver-pue-et-comment-vous-en-debarrasser-definitivement\/\" \/>\n<meta property=\"og:locale\" content=\"fr_FR\" \/>\n<meta property=\"og:type\" content=\"article\" \/>\n<meta property=\"og:title\" content=\"Waarom stinkt je wasmachine en hoe je er voorgoed vanaf kunt komen! - Zuurstofplanten.net\" \/>\n<meta property=\"og:description\" content=\"Waarom stinkt je wasmachine en hoe je er voorgoed vanaf kunt komen! Een onaangename geur die uit je wasmachine komt, is een veelvoorkomend probleem waar veel huiseigenaren mee te maken krijgen. De bron van deze hinderlijke geur ligt vaak in de afvoer van de wasmachine. Dit artikel zal ingaan op het fenomeen van een stinkende [&hellip;]\" \/>\n<meta property=\"og:url\" content=\"https:\/\/www.zuurstofplanten.net\/fr\/blog\/pourquoi-votre-machine-a-laver-pue-et-comment-vous-en-debarrasser-definitivement\/\" \/>\n<meta property=\"og:site_name\" content=\"Zuurstofplanten.net\" \/>\n<meta property=\"article:modified_time\" content=\"2024-10-11T14:26:45+00:00\" \/>\n<meta property=\"og:image\" content=\"https:\/\/baselinkhosting.nl\/zuurstofplanten\/wp-content\/uploads\/2024\/10\/pexels-ekaterina-belinskaya-4700400-scaled-2-1024x682.jpg\" \/>\n<meta name=\"twitter:card\" content=\"summary_large_image\" \/>\n<meta name=\"twitter:label1\" content=\"Dur\u00e9e de lecture estim\u00e9e\" \/>\n\t<meta name=\"twitter:data1\" content=\"2 minutes\" \/>\n<script type=\"application\/ld+json\" class=\"yoast-schema-graph\">{\"@context\":\"https:\/\/schema.org\",\"@graph\":[{\"@type\":\"WebPage\",\"@id\":\"https:\/\/www.zuurstofplanten.net\/blog\/waarom-stinkt-je-wasmachine-en-hoe-je-er-voorgoed-vanaf-kunt-komen\/\",\"url\":\"https:\/\/www.zuurstofplanten.net\/blog\/waarom-stinkt-je-wasmachine-en-hoe-je-er-voorgoed-vanaf-kunt-komen\/\",\"name\":\"Waarom stinkt je wasmachine en hoe je er voorgoed vanaf kunt komen! - Zuurstofplanten.net\",\"isPartOf\":{\"@id\":\"https:\/\/www.zuurstofplanten.net\/#website\"},\"primaryImageOfPage\":{\"@id\":\"https:\/\/www.zuurstofplanten.net\/blog\/waarom-stinkt-je-wasmachine-en-hoe-je-er-voorgoed-vanaf-kunt-komen\/#primaryimage\"},\"image\":{\"@id\":\"https:\/\/www.zuurstofplanten.net\/blog\/waarom-stinkt-je-wasmachine-en-hoe-je-er-voorgoed-vanaf-kunt-komen\/#primaryimage\"},\"thumbnailUrl\":\"https:\/\/baselinkhosting.nl\/zuurstofplanten\/wp-content\/uploads\/2024\/10\/pexels-ekaterina-belinskaya-4700400-scaled-2-1024x682.jpg\",\"datePublished\":\"2024-10-11T14:25:16+00:00\",\"dateModified\":\"2024-10-11T14:26:45+00:00\",\"breadcrumb\":{\"@id\":\"https:\/\/www.zuurstofplanten.net\/blog\/waarom-stinkt-je-wasmachine-en-hoe-je-er-voorgoed-vanaf-kunt-komen\/#breadcrumb\"},\"inLanguage\":\"fr-FR\",\"potentialAction\":[{\"@type\":\"ReadAction\",\"target\":[\"https:\/\/www.zuurstofplanten.net\/blog\/waarom-stinkt-je-wasmachine-en-hoe-je-er-voorgoed-vanaf-kunt-komen\/\"]}]},{\"@type\":\"ImageObject\",\"inLanguage\":\"fr-FR\",\"@id\":\"https:\/\/www.zuurstofplanten.net\/blog\/waarom-stinkt-je-wasmachine-en-hoe-je-er-voorgoed-vanaf-kunt-komen\/#primaryimage\",\"url\":\"https:\/\/baselinkhosting.nl\/zuurstofplanten\/wp-content\/uploads\/2024\/10\/pexels-ekaterina-belinskaya-4700400-scaled-2-1024x682.jpg\",\"contentUrl\":\"https:\/\/baselinkhosting.nl\/zuurstofplanten\/wp-content\/uploads\/2024\/10\/pexels-ekaterina-belinskaya-4700400-scaled-2-1024x682.jpg\"},{\"@type\":\"BreadcrumbList\",\"@id\":\"https:\/\/www.zuurstofplanten.net\/blog\/waarom-stinkt-je-wasmachine-en-hoe-je-er-voorgoed-vanaf-kunt-komen\/#breadcrumb\",\"itemListElement\":[{\"@type\":\"ListItem\",\"position\":1,\"name\":\"Home\",\"item\":\"https:\/\/www.zuurstofplanten.net\/\"},{\"@type\":\"ListItem\",\"position\":2,\"name\":\"Blog\",\"item\":\"https:\/\/www.zuurstofplanten.net\/?page_id=476\"},{\"@type\":\"ListItem\",\"position\":3,\"name\":\"Waarom stinkt je wasmachine en hoe je er voorgoed vanaf kunt komen!\"}]},{\"@type\":\"WebSite\",\"@id\":\"https:\/\/www.zuurstofplanten.net\/#website\",\"url\":\"https:\/\/www.zuurstofplanten.net\/\",\"name\":\"Zuurstofplanten.net\",\"description\":\"\",\"publisher\":{\"@id\":\"https:\/\/www.zuurstofplanten.net\/#organization\"},\"potentialAction\":[{\"@type\":\"SearchAction\",\"target\":{\"@type\":\"EntryPoint\",\"urlTemplate\":\"https:\/\/www.zuurstofplanten.net\/?s={search_term_string}\"},\"query-input\":{\"@type\":\"PropertyValueSpecification\",\"valueRequired\":true,\"valueName\":\"search_term_string\"}}],\"inLanguage\":\"fr-FR\"},{\"@type\":\"Organization\",\"@id\":\"https:\/\/www.zuurstofplanten.net\/#organization\",\"name\":\"Zuurstofplanten.net\",\"url\":\"https:\/\/www.zuurstofplanten.net\/\",\"logo\":{\"@type\":\"ImageObject\",\"inLanguage\":\"fr-FR\",\"@id\":\"https:\/\/www.zuurstofplanten.net\/#\/schema\/logo\/image\/\",\"url\":\"https:\/\/www.zuurstofplanten.net\/wp-content\/uploads\/2024\/10\/zuurstofplanten-logo-1.jpg\",\"contentUrl\":\"https:\/\/www.zuurstofplanten.net\/wp-content\/uploads\/2024\/10\/zuurstofplanten-logo-1.jpg\",\"width\":180,\"height\":60,\"caption\":\"Zuurstofplanten.net\"},\"image\":{\"@id\":\"https:\/\/www.zuurstofplanten.net\/#\/schema\/logo\/image\/\"}}]}<\/script>\n<!-- \/ Yoast SEO plugin. -->","yoast_head_json":{"title":"Pourquoi votre machine \u00e0 laver pue-t-elle et comment s'en d\u00e9barrasser pour de bon ! - Oxygenplants.net","robots":{"index":"index","follow":"follow","max-snippet":"max-snippet:-1","max-image-preview":"max-image-preview:large","max-video-preview":"max-video-preview:-1"},"canonical":"https:\/\/www.zuurstofplanten.net\/fr\/blog\/pourquoi-votre-machine-a-laver-pue-et-comment-vous-en-debarrasser-definitivement\/","og_locale":"fr_FR","og_type":"article","og_title":"Waarom stinkt je wasmachine en hoe je er voorgoed vanaf kunt komen! - Zuurstofplanten.net","og_description":"Waarom stinkt je wasmachine en hoe je er voorgoed vanaf kunt komen! Een onaangename geur die uit je wasmachine komt, is een veelvoorkomend probleem waar veel huiseigenaren mee te maken krijgen. De bron van deze hinderlijke geur ligt vaak in de afvoer van de wasmachine. Dit artikel zal ingaan op het fenomeen van een stinkende [&hellip;]","og_url":"https:\/\/www.zuurstofplanten.net\/fr\/blog\/pourquoi-votre-machine-a-laver-pue-et-comment-vous-en-debarrasser-definitivement\/","og_site_name":"Zuurstofplanten.net","article_modified_time":"2024-10-11T14:26:45+00:00","og_image":[{"url":"https:\/\/baselinkhosting.nl\/zuurstofplanten\/wp-content\/uploads\/2024\/10\/pexels-ekaterina-belinskaya-4700400-scaled-2-1024x682.jpg","type":"","width":"","height":""}],"twitter_card":"summary_large_image","twitter_misc":{"Dur\u00e9e de lecture estim\u00e9e":"2 minutes"},"schema":{"@context":"https:\/\/schema.org","@graph":[{"@type":"WebPage","@id":"https:\/\/www.zuurstofplanten.net\/blog\/waarom-stinkt-je-wasmachine-en-hoe-je-er-voorgoed-vanaf-kunt-komen\/","url":"https:\/\/www.zuurstofplanten.net\/blog\/waarom-stinkt-je-wasmachine-en-hoe-je-er-voorgoed-vanaf-kunt-komen\/","name":"Pourquoi votre machine \u00e0 laver pue-t-elle et comment s'en d\u00e9barrasser pour de bon ! - Oxygenplants.net","isPartOf":{"@id":"https:\/\/www.zuurstofplanten.net\/#website"},"primaryImageOfPage":{"@id":"https:\/\/www.zuurstofplanten.net\/blog\/waarom-stinkt-je-wasmachine-en-hoe-je-er-voorgoed-vanaf-kunt-komen\/#primaryimage"},"image":{"@id":"https:\/\/www.zuurstofplanten.net\/blog\/waarom-stinkt-je-wasmachine-en-hoe-je-er-voorgoed-vanaf-kunt-komen\/#primaryimage"},"thumbnailUrl":"https:\/\/baselinkhosting.nl\/zuurstofplanten\/wp-content\/uploads\/2024\/10\/pexels-ekaterina-belinskaya-4700400-scaled-2-1024x682.jpg","datePublished":"2024-10-11T14:25:16+00:00","dateModified":"2024-10-11T14:26:45+00:00","breadcrumb":{"@id":"https:\/\/www.zuurstofplanten.net\/blog\/waarom-stinkt-je-wasmachine-en-hoe-je-er-voorgoed-vanaf-kunt-komen\/#breadcrumb"},"inLanguage":"fr-FR","potentialAction":[{"@type":"ReadAction","target":["https:\/\/www.zuurstofplanten.net\/blog\/waarom-stinkt-je-wasmachine-en-hoe-je-er-voorgoed-vanaf-kunt-komen\/"]}]},{"@type":"ImageObject","inLanguage":"fr-FR","@id":"https:\/\/www.zuurstofplanten.net\/blog\/waarom-stinkt-je-wasmachine-en-hoe-je-er-voorgoed-vanaf-kunt-komen\/#primaryimage","url":"https:\/\/baselinkhosting.nl\/zuurstofplanten\/wp-content\/uploads\/2024\/10\/pexels-ekaterina-belinskaya-4700400-scaled-2-1024x682.jpg","contentUrl":"https:\/\/baselinkhosting.nl\/zuurstofplanten\/wp-content\/uploads\/2024\/10\/pexels-ekaterina-belinskaya-4700400-scaled-2-1024x682.jpg"},{"@type":"BreadcrumbList","@id":"https:\/\/www.zuurstofplanten.net\/blog\/waarom-stinkt-je-wasmachine-en-hoe-je-er-voorgoed-vanaf-kunt-komen\/#breadcrumb","itemListElement":[{"@type":"ListItem","position":1,"name":"Home","item":"https:\/\/www.zuurstofplanten.net\/"},{"@type":"ListItem","position":2,"name":"Blog","item":"https:\/\/www.zuurstofplanten.net\/?page_id=476"},{"@type":"ListItem","position":3,"name":"Waarom stinkt je wasmachine en hoe je er voorgoed vanaf kunt komen!"}]},{"@type":"WebSite","@id":"https:\/\/www.zuurstofplanten.net\/#website","url":"https:\/\/www.zuurstofplanten.net\/","name":"Zuurstofplanten.net","description":"","publisher":{"@id":"https:\/\/www.zuurstofplanten.net\/#organization"},"potentialAction":[{"@type":"SearchAction","target":{"@type":"EntryPoint","urlTemplate":"https:\/\/www.zuurstofplanten.net\/?s={search_term_string}"},"query-input":{"@type":"PropertyValueSpecification","valueRequired":true,"valueName":"search_term_string"}}],"inLanguage":"fr-FR"},{"@type":"Organization","@id":"https:\/\/www.zuurstofplanten.net\/#organization","name":"Zuurstofplanten.net","url":"https:\/\/www.zuurstofplanten.net\/","logo":{"@type":"ImageObject","inLanguage":"fr-FR","@id":"https:\/\/www.zuurstofplanten.net\/#\/schema\/logo\/image\/","url":"https:\/\/www.zuurstofplanten.net\/wp-content\/uploads\/2024\/10\/zuurstofplanten-logo-1.jpg","contentUrl":"https:\/\/www.zuurstofplanten.net\/wp-content\/uploads\/2024\/10\/zuurstofplanten-logo-1.jpg","width":180,"height":60,"caption":"Zuurstofplanten.net"},"image":{"@id":"https:\/\/www.zuurstofplanten.net\/#\/schema\/logo\/image\/"}}]}},"_links":{"self":[{"href":"https:\/\/www.zuurstofplanten.net\/fr\/wp-json\/wp\/v2\/pages\/565"}],"collection":[{"href":"https:\/\/www.zuurstofplanten.net\/fr\/wp-json\/wp\/v2\/pages"}],"about":[{"href":"https:\/\/www.zuurstofplanten.net\/fr\/wp-json\/wp\/v2\/types\/page"}],"author":[{"embeddable":true,"href":"https:\/\/www.zuurstofplanten.net\/fr\/wp-json\/wp\/v2\/users\/4"}],"replies":[{"embeddable":true,"href":"https:\/\/www.zuurstofplanten.net\/fr\/wp-json\/wp\/v2\/comments?post=565"}],"version-history":[{"count":4,"href":"https:\/\/www.zuurstofplanten.net\/fr\/wp-json\/wp\/v2\/pages\/565\/revisions"}],"predecessor-version":[{"id":569,"href":"https:\/\/www.zuurstofplanten.net\/fr\/wp-json\/wp\/v2\/pages\/565\/revisions\/569"}],"up":[{"embeddable":true,"href":"https:\/\/www.zuurstofplanten.net\/fr\/wp-json\/wp\/v2\/pages\/476"}],"wp:attachment":[{"href":"https:\/\/www.zuurstofplanten.net\/fr\/wp-json\/wp\/v2\/media?parent=565"}],"curies":[{"name":"wp","href":"https:\/\/api.w.org\/{rel}","templated":true}]}}