{"id":531,"date":"2024-10-11T14:06:25","date_gmt":"2024-10-11T14:06:25","guid":{"rendered":"https:\/\/baselinkhosting.nl\/zuurstofplanten\/?page_id=531"},"modified":"2024-10-11T14:21:08","modified_gmt":"2024-10-11T14:21:08","slug":"laugmentation-du-nombre-de-mouches-degout-et-la-facon-de-les-controler-pour-de-bon","status":"publish","type":"page","link":"https:\/\/www.zuurstofplanten.net\/fr\/blog\/laugmentation-du-nombre-de-mouches-degout-et-la-facon-de-les-controler-pour-de-bon\/","title":{"rendered":"La mont\u00e9e des mouches d'\u00e9gout et comment les combattre pour de bon"},"content":{"rendered":"<div data-elementor-type=\"wp-page\" data-elementor-id=\"531\" class=\"elementor elementor-531\" data-elementor-post-type=\"page\">\n\t\t\t\t<div class=\"elementor-element elementor-element-86d797f e-flex e-con-boxed e-con e-parent\" data-id=\"86d797f\" data-element_type=\"container\" data-e-type=\"container\">\n\t\t\t\t\t<div class=\"e-con-inner\">\n\t\t\t\t<div class=\"elementor-element elementor-element-c784b86 elementor-widget elementor-widget-image\" data-id=\"c784b86\" data-element_type=\"widget\" data-e-type=\"widget\" data-widget_type=\"image.default\">\n\t\t\t\t<div class=\"elementor-widget-container\">\n\t\t\t\t\t\t\t\t\t\t\t\t\t\t\t<img fetchpriority=\"high\" decoding=\"async\" width=\"768\" height=\"576\" src=\"https:\/\/www.zuurstofplanten.net\/wp-content\/uploads\/2024\/10\/pexels-victor-perez-709749-scaled-2-768x576.jpg\" class=\"attachment-medium_large size-medium_large wp-image-495\" alt=\"\" srcset=\"https:\/\/www.zuurstofplanten.net\/wp-content\/uploads\/2024\/10\/pexels-victor-perez-709749-scaled-2-768x576.jpg 768w, https:\/\/www.zuurstofplanten.net\/wp-content\/uploads\/2024\/10\/pexels-victor-perez-709749-scaled-2-300x225.jpg 300w, https:\/\/www.zuurstofplanten.net\/wp-content\/uploads\/2024\/10\/pexels-victor-perez-709749-scaled-2-1024x768.jpg 1024w, https:\/\/www.zuurstofplanten.net\/wp-content\/uploads\/2024\/10\/pexels-victor-perez-709749-scaled-2-1536x1152.jpg 1536w, https:\/\/www.zuurstofplanten.net\/wp-content\/uploads\/2024\/10\/pexels-victor-perez-709749-scaled-2-2048x1536.jpg 2048w\" sizes=\"(max-width: 768px) 100vw, 768px\" \/>\t\t\t\t\t\t\t\t\t\t\t\t\t\t\t<\/div>\n\t\t\t\t<\/div>\n\t\t\t\t<div class=\"elementor-element elementor-element-5992090 elementor-widget elementor-widget-text-editor\" data-id=\"5992090\" data-element_type=\"widget\" data-e-type=\"widget\" data-widget_type=\"text-editor.default\">\n\t\t\t\t<div class=\"elementor-widget-container\">\n\t\t\t\t\t\t\t\t\t<h1>La mont\u00e9e des mouches d'\u00e9gout et comment les combattre pour de bon<\/h1><p>Les mouches d'\u00e9gout sont un probl\u00e8me courant dans les m\u00e9nages, et elles semblent toujours appara\u00eetre aux moments les plus inopportuns. Dans cet article, nous allons nous plonger dans le monde des mouches d'\u00e9gout, d\u00e9couvrir leur origine et discuter des moyens efficaces de les combattre pour de bon.<\/p><h2><strong>Que sont les mouches d'\u00e9gout ?<\/strong><\/h2><p>Les mouches d'\u00e9gout, \u00e9galement connues sous le nom de mites, sont de minuscules mouches que l'on trouve souvent pr\u00e8s des bouches d'\u00e9gout et autres endroits humides. Mais qu'est-ce qui rend ces petits insectes si ennuyeux et comment les reconna\u00eetre ?<\/p><h3><strong>Caract\u00e9ristiques des mouches d'\u00e9gout<\/strong><\/h3><p>Les mouches d'\u00e9gout sont petites, ne d\u00e9passant souvent pas quelques millim\u00e8tres, et ont un aspect poilu caract\u00e9ristique. Dans cette section, nous examinerons les caract\u00e9ristiques sp\u00e9cifiques qui distinguent les mouches d'\u00e9gout des autres insectes volants.<\/p><h2><strong>Milieu de vie des mouches d'\u00e9gout<\/strong><\/h2><p>D'o\u00f9 viennent ces mouches et pourquoi semblent-elles se sentir si \u00e0 l'aise dans nos maisons ? Nous nous int\u00e9ressons de plus pr\u00e8s \u00e0 l'habitat des <a href=\"https:\/\/dutchwatertech.net\/nl\/kenniscentrum\/rioolvliegjes-oorzaak\/\">mouches d'\u00e9gout<\/a> r\u00e9v\u00e9lant les conditions id\u00e9ales pour qu'ils prosp\u00e8rent.<\/p><h3><strong>Couveuses \u00e0 domicile<\/strong><\/h3><p>Des canalisations bouch\u00e9es aux eaux stagnantes, d\u00e9couvrez les endroits pr\u00e9f\u00e9r\u00e9s des mouches d'\u00e9gout pour pondre leurs \u0153ufs et se reproduire. Nous vous donnons des conseils pratiques pour vous attaquer efficacement \u00e0 ces sites de reproduction.<\/p><h2><strong>Dangers des mouches d'\u00e9gout<\/strong><\/h2><p>Bien qu'elles semblent inoffensives, les mouches d'\u00e9gout peuvent pr\u00e9senter des dangers surprenants. En savoir plus sur les risques potentiels pour la sant\u00e9 et l'hygi\u00e8ne pos\u00e9s par ces minuscules mouches.<\/p><h2><strong>Mieux vaut pr\u00e9venir que gu\u00e9rir<\/strong><\/h2><p>Outre la lutte contre les mouches d'\u00e9gout existantes, il est essentiel de pr\u00e9venir toute nouvelle invasion. Par exemple, la lutte contre les mouches d'\u00e9gout est essentielle pour pr\u00e9venir une nouvelle invasion. <a href=\"https:\/\/dutchwatertech.net\/nl\/product\/drainpure\/\">Drainpure <\/a>pour lutter contre les fosses malodorantes et les odeurs d'\u00e9gouts dans la maison.<\/p><h3><strong>Entretien des canalisations<\/strong><\/h3><p>Pourquoi l'entretien r\u00e9gulier des canalisations est-il essentiel ? Cette section explique comment la pr\u00e9vention des obstructions est la cl\u00e9 d'une maison sans mouches d'\u00e9gout.<\/p><h3><strong>Joints \u00e9tanches<\/strong><\/h3><p>D\u00e9couvrez comment l'\u00e9tanch\u00e9it\u00e9 des points d'entr\u00e9e potentiels peut jouer un r\u00f4le important dans la pr\u00e9vention d'une nouvelle invasion. Nous vous donnons des conseils pratiques pour cr\u00e9er des joints \u00e9tanches dans votre maison.<\/p><p>Les mouches d'\u00e9gout peuvent \u00eatre un probl\u00e8me ennuyeux, mais avec les connaissances et les mesures ad\u00e9quates, il est possible de les vaincre. En s'attaquant \u00e0 l'habitat, en comprenant les dangers et en appliquant des m\u00e9thodes de contr\u00f4le efficaces, vous pourrez profiter d'une maison d\u00e9barrass\u00e9e de ces invit\u00e9s ind\u00e9sirables.<\/p>\t\t\t\t\t\t\t\t<\/div>\n\t\t\t\t<\/div>\n\t\t\t\t\t<\/div>\n\t\t\t\t<\/div>\n\t\t\t\t<\/div>","protected":false},"excerpt":{"rendered":"<p>La mont\u00e9e des mouches d'\u00e9gout et comment les combattre pour de bon Les mouches d'\u00e9gout sont un probl\u00e8me courant dans les foyers, et elles semblent toujours appara\u00eetre aux moments les plus inopportuns. Dans cet article, nous allons plonger plus profond\u00e9ment dans le monde des mouches d'\u00e9gout, d\u00e9couvrir d'o\u00f9 elles viennent et discuter des moyens efficaces de [...]<\/p>","protected":false},"author":4,"featured_media":0,"parent":476,"menu_order":2,"comment_status":"closed","ping_status":"closed","template":"elementor_header_footer","meta":{"_acf_changed":false,"iawp_total_views":47,"footnotes":""},"class_list":["post-531","page","type-page","status-publish","hentry"],"acf":[],"yoast_head":"<!-- This site is optimized with the Yoast SEO plugin v25.5 - https:\/\/yoast.com\/wordpress\/plugins\/seo\/ -->\n<title>De Opkomst van Rioolvliegjes en Hoe Je Ze Voorgoed Kunt Bestrijden - Zuurstofplanten.net<\/title>\n<meta name=\"robots\" content=\"index, follow, max-snippet:-1, max-image-preview:large, max-video-preview:-1\" \/>\n<link rel=\"canonical\" href=\"https:\/\/www.zuurstofplanten.net\/fr\/blog\/laugmentation-du-nombre-de-mouches-degout-et-la-facon-de-les-controler-pour-de-bon\/\" \/>\n<meta property=\"og:locale\" content=\"fr_FR\" \/>\n<meta property=\"og:type\" content=\"article\" \/>\n<meta property=\"og:title\" content=\"De Opkomst van Rioolvliegjes en Hoe Je Ze Voorgoed Kunt Bestrijden - Zuurstofplanten.net\" \/>\n<meta property=\"og:description\" content=\"De Opkomst van Rioolvliegjes en Hoe Je Ze Voorgoed Kunt Bestrijden Rioolvliegjes zijn een veelvoorkomend probleem in huishoudens, en ze lijken altijd op te duiken op de meest ongewenste momenten. In dit artikel duiken we dieper in op de wereld van rioolvliegjes, ontdekken we waar ze vandaan komen en bespreken we effectieve manieren om ze [&hellip;]\" \/>\n<meta property=\"og:url\" content=\"https:\/\/www.zuurstofplanten.net\/fr\/blog\/laugmentation-du-nombre-de-mouches-degout-et-la-facon-de-les-controler-pour-de-bon\/\" \/>\n<meta property=\"og:site_name\" content=\"Zuurstofplanten.net\" \/>\n<meta property=\"article:modified_time\" content=\"2024-10-11T14:21:08+00:00\" \/>\n<meta property=\"og:image\" content=\"https:\/\/baselinkhosting.nl\/zuurstofplanten\/wp-content\/uploads\/2024\/10\/pexels-victor-perez-709749-scaled-2-768x576.jpg\" \/>\n<meta name=\"twitter:card\" content=\"summary_large_image\" \/>\n<meta name=\"twitter:label1\" content=\"Dur\u00e9e de lecture estim\u00e9e\" \/>\n\t<meta name=\"twitter:data1\" content=\"3 minutes\" \/>\n<script type=\"application\/ld+json\" class=\"yoast-schema-graph\">{\"@context\":\"https:\/\/schema.org\",\"@graph\":[{\"@type\":\"WebPage\",\"@id\":\"https:\/\/www.zuurstofplanten.net\/blog\/de-opkomst-van-rioolvliegjes-en-hoe-je-ze-voorgoed-kunt-bestrijden\/\",\"url\":\"https:\/\/www.zuurstofplanten.net\/blog\/de-opkomst-van-rioolvliegjes-en-hoe-je-ze-voorgoed-kunt-bestrijden\/\",\"name\":\"De Opkomst van Rioolvliegjes en Hoe Je Ze Voorgoed Kunt Bestrijden - Zuurstofplanten.net\",\"isPartOf\":{\"@id\":\"https:\/\/www.zuurstofplanten.net\/#website\"},\"primaryImageOfPage\":{\"@id\":\"https:\/\/www.zuurstofplanten.net\/blog\/de-opkomst-van-rioolvliegjes-en-hoe-je-ze-voorgoed-kunt-bestrijden\/#primaryimage\"},\"image\":{\"@id\":\"https:\/\/www.zuurstofplanten.net\/blog\/de-opkomst-van-rioolvliegjes-en-hoe-je-ze-voorgoed-kunt-bestrijden\/#primaryimage\"},\"thumbnailUrl\":\"https:\/\/baselinkhosting.nl\/zuurstofplanten\/wp-content\/uploads\/2024\/10\/pexels-victor-perez-709749-scaled-2-768x576.jpg\",\"datePublished\":\"2024-10-11T14:06:25+00:00\",\"dateModified\":\"2024-10-11T14:21:08+00:00\",\"breadcrumb\":{\"@id\":\"https:\/\/www.zuurstofplanten.net\/blog\/de-opkomst-van-rioolvliegjes-en-hoe-je-ze-voorgoed-kunt-bestrijden\/#breadcrumb\"},\"inLanguage\":\"fr-FR\",\"potentialAction\":[{\"@type\":\"ReadAction\",\"target\":[\"https:\/\/www.zuurstofplanten.net\/blog\/de-opkomst-van-rioolvliegjes-en-hoe-je-ze-voorgoed-kunt-bestrijden\/\"]}]},{\"@type\":\"ImageObject\",\"inLanguage\":\"fr-FR\",\"@id\":\"https:\/\/www.zuurstofplanten.net\/blog\/de-opkomst-van-rioolvliegjes-en-hoe-je-ze-voorgoed-kunt-bestrijden\/#primaryimage\",\"url\":\"https:\/\/baselinkhosting.nl\/zuurstofplanten\/wp-content\/uploads\/2024\/10\/pexels-victor-perez-709749-scaled-2-768x576.jpg\",\"contentUrl\":\"https:\/\/baselinkhosting.nl\/zuurstofplanten\/wp-content\/uploads\/2024\/10\/pexels-victor-perez-709749-scaled-2-768x576.jpg\"},{\"@type\":\"BreadcrumbList\",\"@id\":\"https:\/\/www.zuurstofplanten.net\/blog\/de-opkomst-van-rioolvliegjes-en-hoe-je-ze-voorgoed-kunt-bestrijden\/#breadcrumb\",\"itemListElement\":[{\"@type\":\"ListItem\",\"position\":1,\"name\":\"Home\",\"item\":\"https:\/\/www.zuurstofplanten.net\/\"},{\"@type\":\"ListItem\",\"position\":2,\"name\":\"Blog\",\"item\":\"https:\/\/www.zuurstofplanten.net\/?page_id=476\"},{\"@type\":\"ListItem\",\"position\":3,\"name\":\"De Opkomst van Rioolvliegjes en Hoe Je Ze Voorgoed Kunt Bestrijden\"}]},{\"@type\":\"WebSite\",\"@id\":\"https:\/\/www.zuurstofplanten.net\/#website\",\"url\":\"https:\/\/www.zuurstofplanten.net\/\",\"name\":\"Zuurstofplanten.net\",\"description\":\"\",\"publisher\":{\"@id\":\"https:\/\/www.zuurstofplanten.net\/#organization\"},\"potentialAction\":[{\"@type\":\"SearchAction\",\"target\":{\"@type\":\"EntryPoint\",\"urlTemplate\":\"https:\/\/www.zuurstofplanten.net\/?s={search_term_string}\"},\"query-input\":{\"@type\":\"PropertyValueSpecification\",\"valueRequired\":true,\"valueName\":\"search_term_string\"}}],\"inLanguage\":\"fr-FR\"},{\"@type\":\"Organization\",\"@id\":\"https:\/\/www.zuurstofplanten.net\/#organization\",\"name\":\"Zuurstofplanten.net\",\"url\":\"https:\/\/www.zuurstofplanten.net\/\",\"logo\":{\"@type\":\"ImageObject\",\"inLanguage\":\"fr-FR\",\"@id\":\"https:\/\/www.zuurstofplanten.net\/#\/schema\/logo\/image\/\",\"url\":\"https:\/\/www.zuurstofplanten.net\/wp-content\/uploads\/2024\/10\/zuurstofplanten-logo-1.jpg\",\"contentUrl\":\"https:\/\/www.zuurstofplanten.net\/wp-content\/uploads\/2024\/10\/zuurstofplanten-logo-1.jpg\",\"width\":180,\"height\":60,\"caption\":\"Zuurstofplanten.net\"},\"image\":{\"@id\":\"https:\/\/www.zuurstofplanten.net\/#\/schema\/logo\/image\/\"}}]}<\/script>\n<!-- \/ Yoast SEO plugin. -->","yoast_head_json":{"title":"La mont\u00e9e des mouches d'\u00e9gout et comment les combattre pour de bon - Oxygenplants.net","robots":{"index":"index","follow":"follow","max-snippet":"max-snippet:-1","max-image-preview":"max-image-preview:large","max-video-preview":"max-video-preview:-1"},"canonical":"https:\/\/www.zuurstofplanten.net\/fr\/blog\/laugmentation-du-nombre-de-mouches-degout-et-la-facon-de-les-controler-pour-de-bon\/","og_locale":"fr_FR","og_type":"article","og_title":"De Opkomst van Rioolvliegjes en Hoe Je Ze Voorgoed Kunt Bestrijden - Zuurstofplanten.net","og_description":"De Opkomst van Rioolvliegjes en Hoe Je Ze Voorgoed Kunt Bestrijden Rioolvliegjes zijn een veelvoorkomend probleem in huishoudens, en ze lijken altijd op te duiken op de meest ongewenste momenten. In dit artikel duiken we dieper in op de wereld van rioolvliegjes, ontdekken we waar ze vandaan komen en bespreken we effectieve manieren om ze [&hellip;]","og_url":"https:\/\/www.zuurstofplanten.net\/fr\/blog\/laugmentation-du-nombre-de-mouches-degout-et-la-facon-de-les-controler-pour-de-bon\/","og_site_name":"Zuurstofplanten.net","article_modified_time":"2024-10-11T14:21:08+00:00","og_image":[{"url":"https:\/\/baselinkhosting.nl\/zuurstofplanten\/wp-content\/uploads\/2024\/10\/pexels-victor-perez-709749-scaled-2-768x576.jpg","type":"","width":"","height":""}],"twitter_card":"summary_large_image","twitter_misc":{"Dur\u00e9e de lecture estim\u00e9e":"3 minutes"},"schema":{"@context":"https:\/\/schema.org","@graph":[{"@type":"WebPage","@id":"https:\/\/www.zuurstofplanten.net\/blog\/de-opkomst-van-rioolvliegjes-en-hoe-je-ze-voorgoed-kunt-bestrijden\/","url":"https:\/\/www.zuurstofplanten.net\/blog\/de-opkomst-van-rioolvliegjes-en-hoe-je-ze-voorgoed-kunt-bestrijden\/","name":"La mont\u00e9e des mouches d'\u00e9gout et comment les combattre pour de bon - Oxygenplants.net","isPartOf":{"@id":"https:\/\/www.zuurstofplanten.net\/#website"},"primaryImageOfPage":{"@id":"https:\/\/www.zuurstofplanten.net\/blog\/de-opkomst-van-rioolvliegjes-en-hoe-je-ze-voorgoed-kunt-bestrijden\/#primaryimage"},"image":{"@id":"https:\/\/www.zuurstofplanten.net\/blog\/de-opkomst-van-rioolvliegjes-en-hoe-je-ze-voorgoed-kunt-bestrijden\/#primaryimage"},"thumbnailUrl":"https:\/\/baselinkhosting.nl\/zuurstofplanten\/wp-content\/uploads\/2024\/10\/pexels-victor-perez-709749-scaled-2-768x576.jpg","datePublished":"2024-10-11T14:06:25+00:00","dateModified":"2024-10-11T14:21:08+00:00","breadcrumb":{"@id":"https:\/\/www.zuurstofplanten.net\/blog\/de-opkomst-van-rioolvliegjes-en-hoe-je-ze-voorgoed-kunt-bestrijden\/#breadcrumb"},"inLanguage":"fr-FR","potentialAction":[{"@type":"ReadAction","target":["https:\/\/www.zuurstofplanten.net\/blog\/de-opkomst-van-rioolvliegjes-en-hoe-je-ze-voorgoed-kunt-bestrijden\/"]}]},{"@type":"ImageObject","inLanguage":"fr-FR","@id":"https:\/\/www.zuurstofplanten.net\/blog\/de-opkomst-van-rioolvliegjes-en-hoe-je-ze-voorgoed-kunt-bestrijden\/#primaryimage","url":"https:\/\/baselinkhosting.nl\/zuurstofplanten\/wp-content\/uploads\/2024\/10\/pexels-victor-perez-709749-scaled-2-768x576.jpg","contentUrl":"https:\/\/baselinkhosting.nl\/zuurstofplanten\/wp-content\/uploads\/2024\/10\/pexels-victor-perez-709749-scaled-2-768x576.jpg"},{"@type":"BreadcrumbList","@id":"https:\/\/www.zuurstofplanten.net\/blog\/de-opkomst-van-rioolvliegjes-en-hoe-je-ze-voorgoed-kunt-bestrijden\/#breadcrumb","itemListElement":[{"@type":"ListItem","position":1,"name":"Home","item":"https:\/\/www.zuurstofplanten.net\/"},{"@type":"ListItem","position":2,"name":"Blog","item":"https:\/\/www.zuurstofplanten.net\/?page_id=476"},{"@type":"ListItem","position":3,"name":"De Opkomst van Rioolvliegjes en Hoe Je Ze Voorgoed Kunt Bestrijden"}]},{"@type":"WebSite","@id":"https:\/\/www.zuurstofplanten.net\/#website","url":"https:\/\/www.zuurstofplanten.net\/","name":"Zuurstofplanten.net","description":"","publisher":{"@id":"https:\/\/www.zuurstofplanten.net\/#organization"},"potentialAction":[{"@type":"SearchAction","target":{"@type":"EntryPoint","urlTemplate":"https:\/\/www.zuurstofplanten.net\/?s={search_term_string}"},"query-input":{"@type":"PropertyValueSpecification","valueRequired":true,"valueName":"search_term_string"}}],"inLanguage":"fr-FR"},{"@type":"Organization","@id":"https:\/\/www.zuurstofplanten.net\/#organization","name":"Zuurstofplanten.net","url":"https:\/\/www.zuurstofplanten.net\/","logo":{"@type":"ImageObject","inLanguage":"fr-FR","@id":"https:\/\/www.zuurstofplanten.net\/#\/schema\/logo\/image\/","url":"https:\/\/www.zuurstofplanten.net\/wp-content\/uploads\/2024\/10\/zuurstofplanten-logo-1.jpg","contentUrl":"https:\/\/www.zuurstofplanten.net\/wp-content\/uploads\/2024\/10\/zuurstofplanten-logo-1.jpg","width":180,"height":60,"caption":"Zuurstofplanten.net"},"image":{"@id":"https:\/\/www.zuurstofplanten.net\/#\/schema\/logo\/image\/"}}]}},"_links":{"self":[{"href":"https:\/\/www.zuurstofplanten.net\/fr\/wp-json\/wp\/v2\/pages\/531"}],"collection":[{"href":"https:\/\/www.zuurstofplanten.net\/fr\/wp-json\/wp\/v2\/pages"}],"about":[{"href":"https:\/\/www.zuurstofplanten.net\/fr\/wp-json\/wp\/v2\/types\/page"}],"author":[{"embeddable":true,"href":"https:\/\/www.zuurstofplanten.net\/fr\/wp-json\/wp\/v2\/users\/4"}],"replies":[{"embeddable":true,"href":"https:\/\/www.zuurstofplanten.net\/fr\/wp-json\/wp\/v2\/comments?post=531"}],"version-history":[{"count":4,"href":"https:\/\/www.zuurstofplanten.net\/fr\/wp-json\/wp\/v2\/pages\/531\/revisions"}],"predecessor-version":[{"id":546,"href":"https:\/\/www.zuurstofplanten.net\/fr\/wp-json\/wp\/v2\/pages\/531\/revisions\/546"}],"up":[{"embeddable":true,"href":"https:\/\/www.zuurstofplanten.net\/fr\/wp-json\/wp\/v2\/pages\/476"}],"wp:attachment":[{"href":"https:\/\/www.zuurstofplanten.net\/fr\/wp-json\/wp\/v2\/media?parent=531"}],"curies":[{"name":"wp","href":"https:\/\/api.w.org\/{rel}","templated":true}]}}