{"id":530,"date":"2024-10-11T14:05:05","date_gmt":"2024-10-11T14:05:05","guid":{"rendered":"https:\/\/baselinkhosting.nl\/zuurstofplanten\/?page_id=530"},"modified":"2024-10-11T14:05:55","modified_gmt":"2024-10-11T14:05:55","slug":"les-moteurs-naturels-pour-un-aquarium-en-bonne-sante","status":"publish","type":"page","link":"https:\/\/www.zuurstofplanten.net\/fr\/blog\/les-moteurs-naturels-pour-un-aquarium-en-bonne-sante\/","title":{"rendered":"Les moteurs naturels d'un aquarium en bonne sant\u00e9"},"content":{"rendered":"<div data-elementor-type=\"wp-page\" data-elementor-id=\"530\" class=\"elementor elementor-530\" data-elementor-post-type=\"page\">\n\t\t\t\t<div class=\"elementor-element elementor-element-742ab56 e-flex e-con-boxed e-con e-parent\" data-id=\"742ab56\" data-element_type=\"container\" data-e-type=\"container\">\n\t\t\t\t\t<div class=\"e-con-inner\">\n\t\t\t\t<div class=\"elementor-element elementor-element-2a1cb5a elementor-widget elementor-widget-image\" data-id=\"2a1cb5a\" data-element_type=\"widget\" data-e-type=\"widget\" data-widget_type=\"image.default\">\n\t\t\t\t<div class=\"elementor-widget-container\">\n\t\t\t\t\t\t\t\t\t\t\t\t\t\t\t<img fetchpriority=\"high\" decoding=\"async\" width=\"768\" height=\"576\" src=\"https:\/\/www.zuurstofplanten.net\/wp-content\/uploads\/2024\/10\/gezond-aquarium-1-768x576.jpg\" class=\"attachment-medium_large size-medium_large wp-image-537\" alt=\"\" srcset=\"https:\/\/www.zuurstofplanten.net\/wp-content\/uploads\/2024\/10\/gezond-aquarium-1-768x576.jpg 768w, https:\/\/www.zuurstofplanten.net\/wp-content\/uploads\/2024\/10\/gezond-aquarium-1-300x225.jpg 300w, https:\/\/www.zuurstofplanten.net\/wp-content\/uploads\/2024\/10\/gezond-aquarium-1.jpg 1024w\" sizes=\"(max-width: 768px) 100vw, 768px\" \/>\t\t\t\t\t\t\t\t\t\t\t\t\t\t\t<\/div>\n\t\t\t\t<\/div>\n\t\t\t\t<div class=\"elementor-element elementor-element-0540aef elementor-widget elementor-widget-text-editor\" data-id=\"0540aef\" data-element_type=\"widget\" data-e-type=\"widget\" data-widget_type=\"text-editor.default\">\n\t\t\t\t<div class=\"elementor-widget-container\">\n\t\t\t\t\t\t\t\t\t<h1>Les moteurs naturels d'un aquarium en bonne sant\u00e9<\/h1><p data-sourcepos=\"3:1-3:301\">Een aquarium met weelderig groene zuurstofplanten is niet alleen een oase van rust en schoonheid, maar ook een essentieel element voor de gezondheid van je vissen. Deze wonderlijke planten produceren zuurstof, verwijderen afvalstoffen, bieden schuilplaatsen en stabiliseren de pH-waarde van het water.<\/p><h2 data-sourcepos=\"5:1-5:51\"><strong>Photosynth\u00e8se<\/strong>La centrale d'oxyg\u00e8ne : La centrale d'oxyg\u00e8ne des plantes<\/h2><p data-sourcepos=\"7:1-7:523\">Les plantes \u00e0 oxyg\u00e8ne produisent de l'oxyg\u00e8ne par photosynth\u00e8se, un processus au cours duquel la lumi\u00e8re du soleil, l'eau et le dioxyde de carbone sont transform\u00e9s en glucose et en oxyg\u00e8ne. Cet oxyg\u00e8ne est essentiel pour les poissons de votre aquarium, qui en ont besoin pour respirer. La quantit\u00e9 d'oxyg\u00e8ne produite d\u00e9pend de plusieurs facteurs, notamment la lumi\u00e8re, la temp\u00e9rature, la concentration de CO2 et la sant\u00e9 de la plante. Dans des conditions optimales, les plantes \u00e0 oxyg\u00e8ne peuvent contribuer de mani\u00e8re significative \u00e0 la qualit\u00e9 de l'eau de votre aquarium.<\/p><h2 data-sourcepos=\"9:1-9:54\"><strong>\u00c9limination des d\u00e9chets<\/strong>: Filtres naturels<\/h2><p data-sourcepos=\"11:1-11:416\">Les plantes \u00e0 oxyg\u00e8ne absorbent les d\u00e9chets de l'eau, tels que les nitrates et les phosphates produits par les poissons et d'autres organismes. Ces d\u00e9chets peuvent entra\u00eener une prolif\u00e9ration d'algues, nuisible \u00e0 la sant\u00e9 de vos poissons. En utilisant les nitrates pour leur propre croissance et en stockant les phosphates dans leurs feuilles et leurs racines, les plantes \u00e0 oxyg\u00e8ne contribuent \u00e0 am\u00e9liorer la qualit\u00e9 de l'eau et \u00e0 pr\u00e9venir la prolif\u00e9ration des algues.<\/p><h2 data-sourcepos=\"13:1-13:44\"><strong>Un refuge<\/strong>: Protection et bien-\u00eatre<\/h2><p data-sourcepos=\"15:1-15:234\">Les plantes \u00e0 oxyg\u00e8ne offrent aux poissons un abri pour se reposer, frayer et se cacher des pr\u00e9dateurs. Les feuilles denses cr\u00e9ent un sentiment de s\u00e9curit\u00e9 et r\u00e9duisent le stress, ce qui est important pour le bien-\u00eatre de vos poissons.<\/p><h2 data-sourcepos=\"17:1-17:53\"><strong>Valeur pH stable<\/strong>Les services de sant\u00e9 : un cadre de vie optimis\u00e9<\/h2><p data-sourcepos=\"19:1-19:326\">Les plantes \u00e0 oxyg\u00e8ne absorbent le dioxyde de carbone pr\u00e9sent dans l'eau au cours de la photosynth\u00e8se, ce qui entra\u00eene la formation d'une couche d'ozone. <a href=\"https:\/\/www.dosingpump.shop\/nl\/kenniscentrum\/ph-waarde\/\">Valeur du pH<\/a> augmente. Dans les aquariums o\u00f9 vivent de nombreux poissons, le pH peut chuter en raison de la lib\u00e9ration de dioxyde de carbone. En absorbant le dioxyde de carbone, les plantes \u00e0 oxyg\u00e8ne contribuent \u00e0 stabiliser les niveaux de pH, ce qui est crucial pour la sant\u00e9 de vos poissons.<\/p><h3 data-sourcepos=\"21:1-21:30\"><strong>Plantes \u00e0 oxyg\u00e8ne populaires<\/strong>:<\/h3><ul data-sourcepos=\"23:1-26:0\"><li data-sourcepos=\"23:1-23:165\"><strong>Cabomba<\/strong>: Un poisson polyvalent \u00e0 croissance rapide qui produit beaucoup d'oxyg\u00e8ne, absorbe les d\u00e9chets et fournit un abri. Id\u00e9al pour les poissons qui aiment nager.<\/li><li data-sourcepos=\"24:1-24:110\"><strong>Les algues marines<\/strong>Les plantes : Faciles d'entretien, elles poussent rapidement. Parfait pour les d\u00e9butants et les poissons qui mangent des plantes.<\/li><li data-sourcepos=\"25:1-26:0\"><strong>Egeria densa<\/strong>Les feuilles denses constituent une cachette parfaite pour les jeunes. Id\u00e9al pour la reproduction des poissons.<\/li><\/ul><h3 data-sourcepos=\"27:1-27:48\"><strong>Conseils pour l'entretien des plantes \u00e0 oxyg\u00e8ne<\/strong>:<\/h3><ul data-sourcepos=\"29:1-33:0\"><li data-sourcepos=\"29:1-29:46\"><strong>Lumi\u00e8re suffisante<\/strong>Les heures de travail : au moins 8 heures par jour.<\/li><li data-sourcepos=\"30:1-30:41\"><strong>Ajout de CO2<\/strong>Stimule la croissance.<\/li><li data-sourcepos=\"31:1-31:73\"><strong>Tailler r\u00e9guli\u00e8rement<\/strong>Les feuilles mortes doivent \u00eatre enlev\u00e9es et la croissance doit \u00eatre \u00e9vit\u00e9e.<\/li><li data-sourcepos=\"32:1-33:0\"><strong>V\u00e9rifier la qualit\u00e9 de l'eau<\/strong>: Veiller \u00e0 ce que les param\u00e8tres soient optimaux.<\/li><\/ul>\t\t\t\t\t\t\t\t<\/div>\n\t\t\t\t<\/div>\n\t\t\t\t\t<\/div>\n\t\t\t\t<\/div>\n\t\t\t\t<\/div>","protected":false},"excerpt":{"rendered":"<p>De natuurlijke krachtpatsers voor een gezond aquarium Een aquarium met weelderig groene zuurstofplanten is niet alleen een oase van rust en schoonheid, maar ook een essentieel element voor de gezondheid van je vissen. Deze wonderlijke planten produceren zuurstof, verwijderen afvalstoffen, bieden schuilplaatsen en stabiliseren de pH-waarde van het water. Fotosynthese: De krachtbron van zuurstofplanten Zuurstofplanten [&hellip;]<\/p>","protected":false},"author":4,"featured_media":0,"parent":476,"menu_order":1,"comment_status":"closed","ping_status":"closed","template":"elementor_header_footer","meta":{"_acf_changed":false,"iawp_total_views":125,"footnotes":""},"class_list":["post-530","page","type-page","status-publish","hentry"],"acf":[],"yoast_head":"<!-- This site is optimized with the Yoast SEO plugin v25.5 - https:\/\/yoast.com\/wordpress\/plugins\/seo\/ -->\n<title>De natuurlijke krachtpatsers voor een gezond aquarium - Zuurstofplanten.net<\/title>\n<meta name=\"robots\" content=\"index, follow, max-snippet:-1, max-image-preview:large, max-video-preview:-1\" \/>\n<link rel=\"canonical\" href=\"https:\/\/www.zuurstofplanten.net\/fr\/blog\/les-moteurs-naturels-pour-un-aquarium-en-bonne-sante\/\" \/>\n<meta property=\"og:locale\" content=\"fr_FR\" \/>\n<meta property=\"og:type\" content=\"article\" \/>\n<meta property=\"og:title\" content=\"De natuurlijke krachtpatsers voor een gezond aquarium - Zuurstofplanten.net\" \/>\n<meta property=\"og:description\" content=\"De natuurlijke krachtpatsers voor een gezond aquarium Een aquarium met weelderig groene zuurstofplanten is niet alleen een oase van rust en schoonheid, maar ook een essentieel element voor de gezondheid van je vissen. Deze wonderlijke planten produceren zuurstof, verwijderen afvalstoffen, bieden schuilplaatsen en stabiliseren de pH-waarde van het water. Fotosynthese: De krachtbron van zuurstofplanten Zuurstofplanten [&hellip;]\" \/>\n<meta property=\"og:url\" content=\"https:\/\/www.zuurstofplanten.net\/fr\/blog\/les-moteurs-naturels-pour-un-aquarium-en-bonne-sante\/\" \/>\n<meta property=\"og:site_name\" content=\"Zuurstofplanten.net\" \/>\n<meta property=\"article:modified_time\" content=\"2024-10-11T14:05:55+00:00\" \/>\n<meta property=\"og:image\" content=\"https:\/\/baselinkhosting.nl\/zuurstofplanten\/wp-content\/uploads\/2024\/10\/gezond-aquarium-1-768x576.jpg\" \/>\n<meta name=\"twitter:card\" content=\"summary_large_image\" \/>\n<meta name=\"twitter:label1\" content=\"Dur\u00e9e de lecture estim\u00e9e\" \/>\n\t<meta name=\"twitter:data1\" content=\"3 minutes\" \/>\n<script type=\"application\/ld+json\" class=\"yoast-schema-graph\">{\"@context\":\"https:\/\/schema.org\",\"@graph\":[{\"@type\":\"WebPage\",\"@id\":\"https:\/\/www.zuurstofplanten.net\/blog\/de-natuurlijke-krachtpatsers-voor-een-gezond-aquarium\/\",\"url\":\"https:\/\/www.zuurstofplanten.net\/blog\/de-natuurlijke-krachtpatsers-voor-een-gezond-aquarium\/\",\"name\":\"De natuurlijke krachtpatsers voor een gezond aquarium - Zuurstofplanten.net\",\"isPartOf\":{\"@id\":\"https:\/\/www.zuurstofplanten.net\/#website\"},\"primaryImageOfPage\":{\"@id\":\"https:\/\/www.zuurstofplanten.net\/blog\/de-natuurlijke-krachtpatsers-voor-een-gezond-aquarium\/#primaryimage\"},\"image\":{\"@id\":\"https:\/\/www.zuurstofplanten.net\/blog\/de-natuurlijke-krachtpatsers-voor-een-gezond-aquarium\/#primaryimage\"},\"thumbnailUrl\":\"https:\/\/baselinkhosting.nl\/zuurstofplanten\/wp-content\/uploads\/2024\/10\/gezond-aquarium-1-768x576.jpg\",\"datePublished\":\"2024-10-11T14:05:05+00:00\",\"dateModified\":\"2024-10-11T14:05:55+00:00\",\"breadcrumb\":{\"@id\":\"https:\/\/www.zuurstofplanten.net\/blog\/de-natuurlijke-krachtpatsers-voor-een-gezond-aquarium\/#breadcrumb\"},\"inLanguage\":\"fr-FR\",\"potentialAction\":[{\"@type\":\"ReadAction\",\"target\":[\"https:\/\/www.zuurstofplanten.net\/blog\/de-natuurlijke-krachtpatsers-voor-een-gezond-aquarium\/\"]}]},{\"@type\":\"ImageObject\",\"inLanguage\":\"fr-FR\",\"@id\":\"https:\/\/www.zuurstofplanten.net\/blog\/de-natuurlijke-krachtpatsers-voor-een-gezond-aquarium\/#primaryimage\",\"url\":\"https:\/\/baselinkhosting.nl\/zuurstofplanten\/wp-content\/uploads\/2024\/10\/gezond-aquarium-1-768x576.jpg\",\"contentUrl\":\"https:\/\/baselinkhosting.nl\/zuurstofplanten\/wp-content\/uploads\/2024\/10\/gezond-aquarium-1-768x576.jpg\"},{\"@type\":\"BreadcrumbList\",\"@id\":\"https:\/\/www.zuurstofplanten.net\/blog\/de-natuurlijke-krachtpatsers-voor-een-gezond-aquarium\/#breadcrumb\",\"itemListElement\":[{\"@type\":\"ListItem\",\"position\":1,\"name\":\"Home\",\"item\":\"https:\/\/www.zuurstofplanten.net\/\"},{\"@type\":\"ListItem\",\"position\":2,\"name\":\"Blog\",\"item\":\"https:\/\/www.zuurstofplanten.net\/?page_id=476\"},{\"@type\":\"ListItem\",\"position\":3,\"name\":\"De natuurlijke krachtpatsers voor een gezond aquarium\"}]},{\"@type\":\"WebSite\",\"@id\":\"https:\/\/www.zuurstofplanten.net\/#website\",\"url\":\"https:\/\/www.zuurstofplanten.net\/\",\"name\":\"Zuurstofplanten.net\",\"description\":\"\",\"publisher\":{\"@id\":\"https:\/\/www.zuurstofplanten.net\/#organization\"},\"potentialAction\":[{\"@type\":\"SearchAction\",\"target\":{\"@type\":\"EntryPoint\",\"urlTemplate\":\"https:\/\/www.zuurstofplanten.net\/?s={search_term_string}\"},\"query-input\":{\"@type\":\"PropertyValueSpecification\",\"valueRequired\":true,\"valueName\":\"search_term_string\"}}],\"inLanguage\":\"fr-FR\"},{\"@type\":\"Organization\",\"@id\":\"https:\/\/www.zuurstofplanten.net\/#organization\",\"name\":\"Zuurstofplanten.net\",\"url\":\"https:\/\/www.zuurstofplanten.net\/\",\"logo\":{\"@type\":\"ImageObject\",\"inLanguage\":\"fr-FR\",\"@id\":\"https:\/\/www.zuurstofplanten.net\/#\/schema\/logo\/image\/\",\"url\":\"https:\/\/www.zuurstofplanten.net\/wp-content\/uploads\/2024\/10\/zuurstofplanten-logo-1.jpg\",\"contentUrl\":\"https:\/\/www.zuurstofplanten.net\/wp-content\/uploads\/2024\/10\/zuurstofplanten-logo-1.jpg\",\"width\":180,\"height\":60,\"caption\":\"Zuurstofplanten.net\"},\"image\":{\"@id\":\"https:\/\/www.zuurstofplanten.net\/#\/schema\/logo\/image\/\"}}]}<\/script>\n<!-- \/ Yoast SEO plugin. -->","yoast_head_json":{"title":"Les centrales naturelles pour un aquarium sain - Oxygenplants.net","robots":{"index":"index","follow":"follow","max-snippet":"max-snippet:-1","max-image-preview":"max-image-preview:large","max-video-preview":"max-video-preview:-1"},"canonical":"https:\/\/www.zuurstofplanten.net\/fr\/blog\/les-moteurs-naturels-pour-un-aquarium-en-bonne-sante\/","og_locale":"fr_FR","og_type":"article","og_title":"De natuurlijke krachtpatsers voor een gezond aquarium - Zuurstofplanten.net","og_description":"De natuurlijke krachtpatsers voor een gezond aquarium Een aquarium met weelderig groene zuurstofplanten is niet alleen een oase van rust en schoonheid, maar ook een essentieel element voor de gezondheid van je vissen. Deze wonderlijke planten produceren zuurstof, verwijderen afvalstoffen, bieden schuilplaatsen en stabiliseren de pH-waarde van het water. Fotosynthese: De krachtbron van zuurstofplanten Zuurstofplanten [&hellip;]","og_url":"https:\/\/www.zuurstofplanten.net\/fr\/blog\/les-moteurs-naturels-pour-un-aquarium-en-bonne-sante\/","og_site_name":"Zuurstofplanten.net","article_modified_time":"2024-10-11T14:05:55+00:00","og_image":[{"url":"https:\/\/baselinkhosting.nl\/zuurstofplanten\/wp-content\/uploads\/2024\/10\/gezond-aquarium-1-768x576.jpg","type":"","width":"","height":""}],"twitter_card":"summary_large_image","twitter_misc":{"Dur\u00e9e de lecture estim\u00e9e":"3 minutes"},"schema":{"@context":"https:\/\/schema.org","@graph":[{"@type":"WebPage","@id":"https:\/\/www.zuurstofplanten.net\/blog\/de-natuurlijke-krachtpatsers-voor-een-gezond-aquarium\/","url":"https:\/\/www.zuurstofplanten.net\/blog\/de-natuurlijke-krachtpatsers-voor-een-gezond-aquarium\/","name":"Les centrales naturelles pour un aquarium sain - Oxygenplants.net","isPartOf":{"@id":"https:\/\/www.zuurstofplanten.net\/#website"},"primaryImageOfPage":{"@id":"https:\/\/www.zuurstofplanten.net\/blog\/de-natuurlijke-krachtpatsers-voor-een-gezond-aquarium\/#primaryimage"},"image":{"@id":"https:\/\/www.zuurstofplanten.net\/blog\/de-natuurlijke-krachtpatsers-voor-een-gezond-aquarium\/#primaryimage"},"thumbnailUrl":"https:\/\/baselinkhosting.nl\/zuurstofplanten\/wp-content\/uploads\/2024\/10\/gezond-aquarium-1-768x576.jpg","datePublished":"2024-10-11T14:05:05+00:00","dateModified":"2024-10-11T14:05:55+00:00","breadcrumb":{"@id":"https:\/\/www.zuurstofplanten.net\/blog\/de-natuurlijke-krachtpatsers-voor-een-gezond-aquarium\/#breadcrumb"},"inLanguage":"fr-FR","potentialAction":[{"@type":"ReadAction","target":["https:\/\/www.zuurstofplanten.net\/blog\/de-natuurlijke-krachtpatsers-voor-een-gezond-aquarium\/"]}]},{"@type":"ImageObject","inLanguage":"fr-FR","@id":"https:\/\/www.zuurstofplanten.net\/blog\/de-natuurlijke-krachtpatsers-voor-een-gezond-aquarium\/#primaryimage","url":"https:\/\/baselinkhosting.nl\/zuurstofplanten\/wp-content\/uploads\/2024\/10\/gezond-aquarium-1-768x576.jpg","contentUrl":"https:\/\/baselinkhosting.nl\/zuurstofplanten\/wp-content\/uploads\/2024\/10\/gezond-aquarium-1-768x576.jpg"},{"@type":"BreadcrumbList","@id":"https:\/\/www.zuurstofplanten.net\/blog\/de-natuurlijke-krachtpatsers-voor-een-gezond-aquarium\/#breadcrumb","itemListElement":[{"@type":"ListItem","position":1,"name":"Home","item":"https:\/\/www.zuurstofplanten.net\/"},{"@type":"ListItem","position":2,"name":"Blog","item":"https:\/\/www.zuurstofplanten.net\/?page_id=476"},{"@type":"ListItem","position":3,"name":"De natuurlijke krachtpatsers voor een gezond aquarium"}]},{"@type":"WebSite","@id":"https:\/\/www.zuurstofplanten.net\/#website","url":"https:\/\/www.zuurstofplanten.net\/","name":"Zuurstofplanten.net","description":"","publisher":{"@id":"https:\/\/www.zuurstofplanten.net\/#organization"},"potentialAction":[{"@type":"SearchAction","target":{"@type":"EntryPoint","urlTemplate":"https:\/\/www.zuurstofplanten.net\/?s={search_term_string}"},"query-input":{"@type":"PropertyValueSpecification","valueRequired":true,"valueName":"search_term_string"}}],"inLanguage":"fr-FR"},{"@type":"Organization","@id":"https:\/\/www.zuurstofplanten.net\/#organization","name":"Zuurstofplanten.net","url":"https:\/\/www.zuurstofplanten.net\/","logo":{"@type":"ImageObject","inLanguage":"fr-FR","@id":"https:\/\/www.zuurstofplanten.net\/#\/schema\/logo\/image\/","url":"https:\/\/www.zuurstofplanten.net\/wp-content\/uploads\/2024\/10\/zuurstofplanten-logo-1.jpg","contentUrl":"https:\/\/www.zuurstofplanten.net\/wp-content\/uploads\/2024\/10\/zuurstofplanten-logo-1.jpg","width":180,"height":60,"caption":"Zuurstofplanten.net"},"image":{"@id":"https:\/\/www.zuurstofplanten.net\/#\/schema\/logo\/image\/"}}]}},"_links":{"self":[{"href":"https:\/\/www.zuurstofplanten.net\/fr\/wp-json\/wp\/v2\/pages\/530"}],"collection":[{"href":"https:\/\/www.zuurstofplanten.net\/fr\/wp-json\/wp\/v2\/pages"}],"about":[{"href":"https:\/\/www.zuurstofplanten.net\/fr\/wp-json\/wp\/v2\/types\/page"}],"author":[{"embeddable":true,"href":"https:\/\/www.zuurstofplanten.net\/fr\/wp-json\/wp\/v2\/users\/4"}],"replies":[{"embeddable":true,"href":"https:\/\/www.zuurstofplanten.net\/fr\/wp-json\/wp\/v2\/comments?post=530"}],"version-history":[{"count":4,"href":"https:\/\/www.zuurstofplanten.net\/fr\/wp-json\/wp\/v2\/pages\/530\/revisions"}],"predecessor-version":[{"id":540,"href":"https:\/\/www.zuurstofplanten.net\/fr\/wp-json\/wp\/v2\/pages\/530\/revisions\/540"}],"up":[{"embeddable":true,"href":"https:\/\/www.zuurstofplanten.net\/fr\/wp-json\/wp\/v2\/pages\/476"}],"wp:attachment":[{"href":"https:\/\/www.zuurstofplanten.net\/fr\/wp-json\/wp\/v2\/media?parent=530"}],"curies":[{"name":"wp","href":"https:\/\/api.w.org\/{rel}","templated":true}]}}