{"id":522,"date":"2024-10-11T14:02:19","date_gmt":"2024-10-11T14:02:19","guid":{"rendered":"https:\/\/baselinkhosting.nl\/zuurstofplanten\/?page_id=522"},"modified":"2024-10-11T14:03:54","modified_gmt":"2024-10-11T14:03:54","slug":"le-role-crucial-des-pompes-a-membrane-dans-le-traitement-de-leau","status":"publish","type":"page","link":"https:\/\/www.zuurstofplanten.net\/fr\/blog\/le-role-crucial-des-pompes-a-membrane-dans-le-traitement-de-leau\/","title":{"rendered":"Le r\u00f4le crucial des pompes \u00e0 membrane dans le traitement de l'eau"},"content":{"rendered":"<div data-elementor-type=\"wp-page\" data-elementor-id=\"522\" class=\"elementor elementor-522\" data-elementor-post-type=\"page\">\n\t\t\t\t<div class=\"elementor-element elementor-element-92826ed e-flex e-con-boxed e-con e-parent\" data-id=\"92826ed\" data-element_type=\"container\" data-e-type=\"container\">\n\t\t\t\t\t<div class=\"e-con-inner\">\n\t\t\t\t<div class=\"elementor-element elementor-element-9c7de07 elementor-widget elementor-widget-image\" data-id=\"9c7de07\" data-element_type=\"widget\" data-e-type=\"widget\" data-widget_type=\"image.default\">\n\t\t\t\t<div class=\"elementor-widget-container\">\n\t\t\t\t\t\t\t\t\t\t\t\t\t\t\t<img fetchpriority=\"high\" decoding=\"async\" width=\"768\" height=\"768\" src=\"https:\/\/www.zuurstofplanten.net\/wp-content\/uploads\/2024\/10\/Absolute_Reality_v16_Een_traditionele_waterbehandelingsinstall_3-1-1-768x768.jpg\" class=\"attachment-medium_large size-medium_large wp-image-494\" alt=\"\" srcset=\"https:\/\/www.zuurstofplanten.net\/wp-content\/uploads\/2024\/10\/Absolute_Reality_v16_Een_traditionele_waterbehandelingsinstall_3-1-1-768x768.jpg 768w, https:\/\/www.zuurstofplanten.net\/wp-content\/uploads\/2024\/10\/Absolute_Reality_v16_Een_traditionele_waterbehandelingsinstall_3-1-1-300x300.jpg 300w, https:\/\/www.zuurstofplanten.net\/wp-content\/uploads\/2024\/10\/Absolute_Reality_v16_Een_traditionele_waterbehandelingsinstall_3-1-1-150x150.jpg 150w, https:\/\/www.zuurstofplanten.net\/wp-content\/uploads\/2024\/10\/Absolute_Reality_v16_Een_traditionele_waterbehandelingsinstall_3-1-1.jpg 1024w\" sizes=\"(max-width: 768px) 100vw, 768px\" \/>\t\t\t\t\t\t\t\t\t\t\t\t\t\t\t<\/div>\n\t\t\t\t<\/div>\n\t\t\t\t<div class=\"elementor-element elementor-element-1ba1c7e elementor-widget elementor-widget-text-editor\" data-id=\"1ba1c7e\" data-element_type=\"widget\" data-e-type=\"widget\" data-widget_type=\"text-editor.default\">\n\t\t\t\t<div class=\"elementor-widget-container\">\n\t\t\t\t\t\t\t\t\t<h1>Le r\u00f4le crucial des pompes \u00e0 membrane dans le traitement de l'eau<\/h1><p>In het streven naar gezonde aquatische ecosystemen, met bijzondere aandacht voor omgevingen met zuurstofplanten, is nauwkeurige waterbehandeling van essentieel belang. Dit artikel werpt een licht op de onmisbare functie van membraanpompen in waterbehandeling en verkent hoe ze bijdragen aan de optimalisatie van deze delicate ecosystemen.<\/p><h2>1. La n\u00e9cessit\u00e9 du traitement de l'eau :<\/h2><p>Dans un monde o\u00f9 la qualit\u00e9 de l'eau est une priorit\u00e9 absolue, le traitement de l'eau est essentiel au maintien d'\u00e9cosyst\u00e8mes aquatiques sains. Si les plantes \u00e0 oxyg\u00e8ne jouent leur r\u00f4le dans la production d'oxyg\u00e8ne, cet \u00e9quilibre d\u00e9licat n\u00e9cessite un traitement pr\u00e9cis de l'eau.<\/p><h2>2. Les pompes \u00e0 membrane, une solution efficace pour le traitement de l'eau :<\/h2><p><span style=\"font-weight: 400;\">Dans le domaine du traitement de l'eau, les pompes \u00e0 membrane jouent un r\u00f4le cl\u00e9, en particulier dans l'augmentation des niveaux d'oxyg\u00e8ne. Ces pompes se sont r\u00e9v\u00e9l\u00e9es \u00eatre des outils essentiels pour maintenir un environnement aquatique sain. Pour plus d'informations sur <a href=\"https:\/\/dutchwatertech.net\/nl\/waterbehandeling\/\">technologies de traitement de l'eau<\/a>.<\/span><\/p><h2>3. Le fonctionnement des pompes doseuses \u00e0 membrane :<\/h2><p><span style=\"font-weight: 400;\">Une application sp\u00e9cifique des pompes \u00e0 membrane est leur r\u00f4le dans le dosage, en particulier dans le dosage pr\u00e9cis de produits chimiques pour le traitement de l'eau.<\/span><\/p><h2>4. Avantages des pompes \u00e0 membrane en milieu aquatique :<\/h2><p>Les pompes \u00e0 membrane offrent plusieurs avantages, notamment l'efficacit\u00e9 \u00e9nerg\u00e9tique, la fiabilit\u00e9 et l'adaptabilit\u00e9 \u00e0 diff\u00e9rentes conditions. Ces caract\u00e9ristiques les rendent id\u00e9ales pour une utilisation en milieu aquatique avec des plantes oxyg\u00e9n\u00e9es.<\/p><h2>5. Utilisation pratique et conseils :<\/h2><p>D\u00e9couvrez comment <a href=\"https:\/\/www.dosingpump.shop\/nl\/kenniscentrum\/werking-membraan-doseerpomp\/\">pompes \u00e0 membrane <\/a>peut \u00eatre utilis\u00e9 efficacement en combinaison avec les plantes oxyg\u00e9n\u00e9es, y compris des conseils pratiques et des lignes directrices pour obtenir des r\u00e9sultats optimaux.<\/p>\t\t\t\t\t\t\t\t<\/div>\n\t\t\t\t<\/div>\n\t\t\t\t\t<\/div>\n\t\t\t\t<\/div>\n\t\t\t\t<\/div>","protected":false},"excerpt":{"rendered":"<p>De Cruciale Rol van Membraanpompen in Waterbehandeling In het streven naar gezonde aquatische ecosystemen, met bijzondere aandacht voor omgevingen met zuurstofplanten, is nauwkeurige waterbehandeling van essentieel belang. Dit artikel werpt een licht op de onmisbare functie van membraanpompen in waterbehandeling en verkent hoe ze bijdragen aan de optimalisatie van deze delicate ecosystemen. 1. De Noodzaak [&hellip;]<\/p>","protected":false},"author":4,"featured_media":0,"parent":476,"menu_order":0,"comment_status":"closed","ping_status":"closed","template":"elementor_header_footer","meta":{"_acf_changed":false,"iawp_total_views":3,"footnotes":""},"class_list":["post-522","page","type-page","status-publish","hentry"],"acf":[],"yoast_head":"<!-- This site is optimized with the Yoast SEO plugin v25.5 - https:\/\/yoast.com\/wordpress\/plugins\/seo\/ -->\n<title>De Cruciale Rol van Membraanpompen in Waterbehandeling - Zuurstofplanten.net<\/title>\n<meta name=\"robots\" content=\"index, follow, max-snippet:-1, max-image-preview:large, max-video-preview:-1\" \/>\n<link rel=\"canonical\" href=\"https:\/\/www.zuurstofplanten.net\/fr\/blog\/le-role-crucial-des-pompes-a-membrane-dans-le-traitement-de-leau\/\" \/>\n<meta property=\"og:locale\" content=\"fr_FR\" \/>\n<meta property=\"og:type\" content=\"article\" \/>\n<meta property=\"og:title\" content=\"De Cruciale Rol van Membraanpompen in Waterbehandeling - Zuurstofplanten.net\" \/>\n<meta property=\"og:description\" content=\"De Cruciale Rol van Membraanpompen in Waterbehandeling In het streven naar gezonde aquatische ecosystemen, met bijzondere aandacht voor omgevingen met zuurstofplanten, is nauwkeurige waterbehandeling van essentieel belang. Dit artikel werpt een licht op de onmisbare functie van membraanpompen in waterbehandeling en verkent hoe ze bijdragen aan de optimalisatie van deze delicate ecosystemen. 1. De Noodzaak [&hellip;]\" \/>\n<meta property=\"og:url\" content=\"https:\/\/www.zuurstofplanten.net\/fr\/blog\/le-role-crucial-des-pompes-a-membrane-dans-le-traitement-de-leau\/\" \/>\n<meta property=\"og:site_name\" content=\"Zuurstofplanten.net\" \/>\n<meta property=\"article:modified_time\" content=\"2024-10-11T14:03:54+00:00\" \/>\n<meta property=\"og:image\" content=\"https:\/\/baselinkhosting.nl\/zuurstofplanten\/wp-content\/uploads\/2024\/10\/Absolute_Reality_v16_Een_traditionele_waterbehandelingsinstall_3-1-1-768x768.jpg\" \/>\n<meta name=\"twitter:card\" content=\"summary_large_image\" \/>\n<meta name=\"twitter:label1\" content=\"Dur\u00e9e de lecture estim\u00e9e\" \/>\n\t<meta name=\"twitter:data1\" content=\"2 minutes\" \/>\n<script type=\"application\/ld+json\" class=\"yoast-schema-graph\">{\"@context\":\"https:\/\/schema.org\",\"@graph\":[{\"@type\":\"WebPage\",\"@id\":\"https:\/\/www.zuurstofplanten.net\/blog\/de-cruciale-rol-van-membraanpompen-in-waterbehandeling\/\",\"url\":\"https:\/\/www.zuurstofplanten.net\/blog\/de-cruciale-rol-van-membraanpompen-in-waterbehandeling\/\",\"name\":\"De Cruciale Rol van Membraanpompen in Waterbehandeling - Zuurstofplanten.net\",\"isPartOf\":{\"@id\":\"https:\/\/www.zuurstofplanten.net\/#website\"},\"primaryImageOfPage\":{\"@id\":\"https:\/\/www.zuurstofplanten.net\/blog\/de-cruciale-rol-van-membraanpompen-in-waterbehandeling\/#primaryimage\"},\"image\":{\"@id\":\"https:\/\/www.zuurstofplanten.net\/blog\/de-cruciale-rol-van-membraanpompen-in-waterbehandeling\/#primaryimage\"},\"thumbnailUrl\":\"https:\/\/baselinkhosting.nl\/zuurstofplanten\/wp-content\/uploads\/2024\/10\/Absolute_Reality_v16_Een_traditionele_waterbehandelingsinstall_3-1-1-768x768.jpg\",\"datePublished\":\"2024-10-11T14:02:19+00:00\",\"dateModified\":\"2024-10-11T14:03:54+00:00\",\"breadcrumb\":{\"@id\":\"https:\/\/www.zuurstofplanten.net\/blog\/de-cruciale-rol-van-membraanpompen-in-waterbehandeling\/#breadcrumb\"},\"inLanguage\":\"fr-FR\",\"potentialAction\":[{\"@type\":\"ReadAction\",\"target\":[\"https:\/\/www.zuurstofplanten.net\/blog\/de-cruciale-rol-van-membraanpompen-in-waterbehandeling\/\"]}]},{\"@type\":\"ImageObject\",\"inLanguage\":\"fr-FR\",\"@id\":\"https:\/\/www.zuurstofplanten.net\/blog\/de-cruciale-rol-van-membraanpompen-in-waterbehandeling\/#primaryimage\",\"url\":\"https:\/\/baselinkhosting.nl\/zuurstofplanten\/wp-content\/uploads\/2024\/10\/Absolute_Reality_v16_Een_traditionele_waterbehandelingsinstall_3-1-1-768x768.jpg\",\"contentUrl\":\"https:\/\/baselinkhosting.nl\/zuurstofplanten\/wp-content\/uploads\/2024\/10\/Absolute_Reality_v16_Een_traditionele_waterbehandelingsinstall_3-1-1-768x768.jpg\"},{\"@type\":\"BreadcrumbList\",\"@id\":\"https:\/\/www.zuurstofplanten.net\/blog\/de-cruciale-rol-van-membraanpompen-in-waterbehandeling\/#breadcrumb\",\"itemListElement\":[{\"@type\":\"ListItem\",\"position\":1,\"name\":\"Home\",\"item\":\"https:\/\/www.zuurstofplanten.net\/\"},{\"@type\":\"ListItem\",\"position\":2,\"name\":\"Blog\",\"item\":\"https:\/\/www.zuurstofplanten.net\/?page_id=476\"},{\"@type\":\"ListItem\",\"position\":3,\"name\":\"De Cruciale Rol van Membraanpompen in Waterbehandeling\"}]},{\"@type\":\"WebSite\",\"@id\":\"https:\/\/www.zuurstofplanten.net\/#website\",\"url\":\"https:\/\/www.zuurstofplanten.net\/\",\"name\":\"Zuurstofplanten.net\",\"description\":\"\",\"publisher\":{\"@id\":\"https:\/\/www.zuurstofplanten.net\/#organization\"},\"potentialAction\":[{\"@type\":\"SearchAction\",\"target\":{\"@type\":\"EntryPoint\",\"urlTemplate\":\"https:\/\/www.zuurstofplanten.net\/?s={search_term_string}\"},\"query-input\":{\"@type\":\"PropertyValueSpecification\",\"valueRequired\":true,\"valueName\":\"search_term_string\"}}],\"inLanguage\":\"fr-FR\"},{\"@type\":\"Organization\",\"@id\":\"https:\/\/www.zuurstofplanten.net\/#organization\",\"name\":\"Zuurstofplanten.net\",\"url\":\"https:\/\/www.zuurstofplanten.net\/\",\"logo\":{\"@type\":\"ImageObject\",\"inLanguage\":\"fr-FR\",\"@id\":\"https:\/\/www.zuurstofplanten.net\/#\/schema\/logo\/image\/\",\"url\":\"https:\/\/www.zuurstofplanten.net\/wp-content\/uploads\/2024\/10\/zuurstofplanten-logo-1.jpg\",\"contentUrl\":\"https:\/\/www.zuurstofplanten.net\/wp-content\/uploads\/2024\/10\/zuurstofplanten-logo-1.jpg\",\"width\":180,\"height\":60,\"caption\":\"Zuurstofplanten.net\"},\"image\":{\"@id\":\"https:\/\/www.zuurstofplanten.net\/#\/schema\/logo\/image\/\"}}]}<\/script>\n<!-- \/ Yoast SEO plugin. -->","yoast_head_json":{"title":"Le r\u00f4le crucial des pompes \u00e0 membrane dans le traitement de l'eau - Oxygenplants.net","robots":{"index":"index","follow":"follow","max-snippet":"max-snippet:-1","max-image-preview":"max-image-preview:large","max-video-preview":"max-video-preview:-1"},"canonical":"https:\/\/www.zuurstofplanten.net\/fr\/blog\/le-role-crucial-des-pompes-a-membrane-dans-le-traitement-de-leau\/","og_locale":"fr_FR","og_type":"article","og_title":"De Cruciale Rol van Membraanpompen in Waterbehandeling - Zuurstofplanten.net","og_description":"De Cruciale Rol van Membraanpompen in Waterbehandeling In het streven naar gezonde aquatische ecosystemen, met bijzondere aandacht voor omgevingen met zuurstofplanten, is nauwkeurige waterbehandeling van essentieel belang. Dit artikel werpt een licht op de onmisbare functie van membraanpompen in waterbehandeling en verkent hoe ze bijdragen aan de optimalisatie van deze delicate ecosystemen. 1. De Noodzaak [&hellip;]","og_url":"https:\/\/www.zuurstofplanten.net\/fr\/blog\/le-role-crucial-des-pompes-a-membrane-dans-le-traitement-de-leau\/","og_site_name":"Zuurstofplanten.net","article_modified_time":"2024-10-11T14:03:54+00:00","og_image":[{"url":"https:\/\/baselinkhosting.nl\/zuurstofplanten\/wp-content\/uploads\/2024\/10\/Absolute_Reality_v16_Een_traditionele_waterbehandelingsinstall_3-1-1-768x768.jpg","type":"","width":"","height":""}],"twitter_card":"summary_large_image","twitter_misc":{"Dur\u00e9e de lecture estim\u00e9e":"2 minutes"},"schema":{"@context":"https:\/\/schema.org","@graph":[{"@type":"WebPage","@id":"https:\/\/www.zuurstofplanten.net\/blog\/de-cruciale-rol-van-membraanpompen-in-waterbehandeling\/","url":"https:\/\/www.zuurstofplanten.net\/blog\/de-cruciale-rol-van-membraanpompen-in-waterbehandeling\/","name":"Le r\u00f4le crucial des pompes \u00e0 membrane dans le traitement de l'eau - Oxygenplants.net","isPartOf":{"@id":"https:\/\/www.zuurstofplanten.net\/#website"},"primaryImageOfPage":{"@id":"https:\/\/www.zuurstofplanten.net\/blog\/de-cruciale-rol-van-membraanpompen-in-waterbehandeling\/#primaryimage"},"image":{"@id":"https:\/\/www.zuurstofplanten.net\/blog\/de-cruciale-rol-van-membraanpompen-in-waterbehandeling\/#primaryimage"},"thumbnailUrl":"https:\/\/baselinkhosting.nl\/zuurstofplanten\/wp-content\/uploads\/2024\/10\/Absolute_Reality_v16_Een_traditionele_waterbehandelingsinstall_3-1-1-768x768.jpg","datePublished":"2024-10-11T14:02:19+00:00","dateModified":"2024-10-11T14:03:54+00:00","breadcrumb":{"@id":"https:\/\/www.zuurstofplanten.net\/blog\/de-cruciale-rol-van-membraanpompen-in-waterbehandeling\/#breadcrumb"},"inLanguage":"fr-FR","potentialAction":[{"@type":"ReadAction","target":["https:\/\/www.zuurstofplanten.net\/blog\/de-cruciale-rol-van-membraanpompen-in-waterbehandeling\/"]}]},{"@type":"ImageObject","inLanguage":"fr-FR","@id":"https:\/\/www.zuurstofplanten.net\/blog\/de-cruciale-rol-van-membraanpompen-in-waterbehandeling\/#primaryimage","url":"https:\/\/baselinkhosting.nl\/zuurstofplanten\/wp-content\/uploads\/2024\/10\/Absolute_Reality_v16_Een_traditionele_waterbehandelingsinstall_3-1-1-768x768.jpg","contentUrl":"https:\/\/baselinkhosting.nl\/zuurstofplanten\/wp-content\/uploads\/2024\/10\/Absolute_Reality_v16_Een_traditionele_waterbehandelingsinstall_3-1-1-768x768.jpg"},{"@type":"BreadcrumbList","@id":"https:\/\/www.zuurstofplanten.net\/blog\/de-cruciale-rol-van-membraanpompen-in-waterbehandeling\/#breadcrumb","itemListElement":[{"@type":"ListItem","position":1,"name":"Home","item":"https:\/\/www.zuurstofplanten.net\/"},{"@type":"ListItem","position":2,"name":"Blog","item":"https:\/\/www.zuurstofplanten.net\/?page_id=476"},{"@type":"ListItem","position":3,"name":"De Cruciale Rol van Membraanpompen in Waterbehandeling"}]},{"@type":"WebSite","@id":"https:\/\/www.zuurstofplanten.net\/#website","url":"https:\/\/www.zuurstofplanten.net\/","name":"Zuurstofplanten.net","description":"","publisher":{"@id":"https:\/\/www.zuurstofplanten.net\/#organization"},"potentialAction":[{"@type":"SearchAction","target":{"@type":"EntryPoint","urlTemplate":"https:\/\/www.zuurstofplanten.net\/?s={search_term_string}"},"query-input":{"@type":"PropertyValueSpecification","valueRequired":true,"valueName":"search_term_string"}}],"inLanguage":"fr-FR"},{"@type":"Organization","@id":"https:\/\/www.zuurstofplanten.net\/#organization","name":"Zuurstofplanten.net","url":"https:\/\/www.zuurstofplanten.net\/","logo":{"@type":"ImageObject","inLanguage":"fr-FR","@id":"https:\/\/www.zuurstofplanten.net\/#\/schema\/logo\/image\/","url":"https:\/\/www.zuurstofplanten.net\/wp-content\/uploads\/2024\/10\/zuurstofplanten-logo-1.jpg","contentUrl":"https:\/\/www.zuurstofplanten.net\/wp-content\/uploads\/2024\/10\/zuurstofplanten-logo-1.jpg","width":180,"height":60,"caption":"Zuurstofplanten.net"},"image":{"@id":"https:\/\/www.zuurstofplanten.net\/#\/schema\/logo\/image\/"}}]}},"_links":{"self":[{"href":"https:\/\/www.zuurstofplanten.net\/fr\/wp-json\/wp\/v2\/pages\/522"}],"collection":[{"href":"https:\/\/www.zuurstofplanten.net\/fr\/wp-json\/wp\/v2\/pages"}],"about":[{"href":"https:\/\/www.zuurstofplanten.net\/fr\/wp-json\/wp\/v2\/types\/page"}],"author":[{"embeddable":true,"href":"https:\/\/www.zuurstofplanten.net\/fr\/wp-json\/wp\/v2\/users\/4"}],"replies":[{"embeddable":true,"href":"https:\/\/www.zuurstofplanten.net\/fr\/wp-json\/wp\/v2\/comments?post=522"}],"version-history":[{"count":4,"href":"https:\/\/www.zuurstofplanten.net\/fr\/wp-json\/wp\/v2\/pages\/522\/revisions"}],"predecessor-version":[{"id":529,"href":"https:\/\/www.zuurstofplanten.net\/fr\/wp-json\/wp\/v2\/pages\/522\/revisions\/529"}],"up":[{"embeddable":true,"href":"https:\/\/www.zuurstofplanten.net\/fr\/wp-json\/wp\/v2\/pages\/476"}],"wp:attachment":[{"href":"https:\/\/www.zuurstofplanten.net\/fr\/wp-json\/wp\/v2\/media?parent=522"}],"curies":[{"name":"wp","href":"https:\/\/api.w.org\/{rel}","templated":true}]}}