{"id":479,"date":"2024-10-11T13:12:39","date_gmt":"2024-10-11T13:12:39","guid":{"rendered":"https:\/\/baselinkhosting.nl\/zuurstofplanten\/?page_id=479"},"modified":"2025-06-04T09:47:25","modified_gmt":"2025-06-04T09:47:25","slug":"lotier-cornicule","status":"publish","type":"page","link":"https:\/\/www.zuurstofplanten.net\/fr\/plantes-riveraines\/lotier-cornicule\/","title":{"rendered":"Myriophylle \u00e0 \u00e9pis"},"content":{"rendered":"<div data-elementor-type=\"wp-page\" data-elementor-id=\"479\" class=\"elementor elementor-479\" data-elementor-post-type=\"page\">\n\t\t\t\t<div class=\"elementor-element elementor-element-7cb4617 e-flex e-con-boxed e-con e-parent\" data-id=\"7cb4617\" data-element_type=\"container\" data-e-type=\"container\" data-settings=\"{&quot;background_background&quot;:&quot;classic&quot;}\">\n\t\t\t\t\t<div class=\"e-con-inner\">\n\t\t\t\t<div class=\"elementor-element elementor-element-5a129c9 elementor-widget elementor-widget-heading\" data-id=\"5a129c9\" data-element_type=\"widget\" data-e-type=\"widget\" data-widget_type=\"heading.default\">\n\t\t\t\t<div class=\"elementor-widget-container\">\n\t\t\t\t\t<h1 class=\"elementor-heading-title elementor-size-default\">Myriophylle \u00e0 \u00e9pis<\/h1>\t\t\t\t<\/div>\n\t\t\t\t<\/div>\n\t\t\t\t<div class=\"elementor-element elementor-element-520506e elementor-widget elementor-widget-breadcrumbs\" data-id=\"520506e\" data-element_type=\"widget\" data-e-type=\"widget\" data-widget_type=\"breadcrumbs.default\">\n\t\t\t\t<div class=\"elementor-widget-container\">\n\t\t\t\t\t<p id=\"breadcrumbs\"><span><span><a href=\"https:\/\/www.zuurstofplanten.net\/fr\/\">Accueil<\/a><\/span><\/span><\/p>\t\t\t\t<\/div>\n\t\t\t\t<\/div>\n\t\t\t\t\t<\/div>\n\t\t\t\t<\/div>\n\t\t<div class=\"elementor-element elementor-element-072c4fc e-flex e-con-boxed e-con e-parent\" data-id=\"072c4fc\" data-element_type=\"container\" data-e-type=\"container\">\n\t\t\t\t\t<div class=\"e-con-inner\">\n\t\t\t\t<div class=\"elementor-element elementor-element-d37c800 elementor-widget elementor-widget-heading\" data-id=\"d37c800\" data-element_type=\"widget\" data-e-type=\"widget\" data-widget_type=\"heading.default\">\n\t\t\t\t<div class=\"elementor-widget-container\">\n\t\t\t\t\t<h2 class=\"elementor-heading-title elementor-size-default\">Chardon d'eau. Belle plante des marais \u00e0 fleurs<\/h2>\t\t\t\t<\/div>\n\t\t\t\t<\/div>\n\t\t<div class=\"elementor-element elementor-element-89b1fcb e-grid e-con-full e-con e-child\" data-id=\"89b1fcb\" data-element_type=\"container\" data-e-type=\"container\">\n\t\t\t\t<div class=\"elementor-element elementor-element-05d940b elementor-widget elementor-widget-text-editor\" data-id=\"05d940b\" data-element_type=\"widget\" data-e-type=\"widget\" data-widget_type=\"text-editor.default\">\n\t\t\t\t<div class=\"elementor-widget-container\">\n\t\t\t\t\t\t\t\t\t<p>Cette plante des marais est pr\u00e9sente \u00e0 l'\u00e9tat sauvage aux Pays-Bas. Malheureusement, il s'agit d'une esp\u00e8ce figurant sur la liste rouge, ce qui signifie qu'elle devient de plus en plus rare \u00e0 l'\u00e9tat sauvage. Le nom latin de cette belle plante de marais est\u00a0<em>Menyanthes Trifoliata.<\/em>\u00a0Cette plante est monotypique, c'est-\u00e0-dire qu'elle est la seule esp\u00e8ce de ce genre. Le chardon d'eau a des bourgeons d'hiver sous l'eau et des fleurs au-dessus de l'eau. Il se reconna\u00eet \u00e0 ses longues racines filandreuses. C'est \u00e0 ces racines que sont attach\u00e9es les tiges portant les trois feuilles rondes, d'o\u00f9 le nom de cette plante. Cette plante des marais poss\u00e8de de jolis bourgeons roses d'o\u00f9 \u00e9mergent des fleurs blanches ressemblant \u00e0 des \u00e9toiles. Chaque fleur a cinq \u00e9tamines et il peut y avoir de 10 \u00e0 30 fleurs sur une tige.\u00a0<\/p>\t\t\t\t\t\t\t\t<\/div>\n\t\t\t\t<\/div>\n\t\t\t\t<div class=\"elementor-element elementor-element-53bf142 elementor-cta--skin-classic elementor-animated-content elementor-bg-transform elementor-bg-transform-zoom-in elementor-widget elementor-widget-call-to-action\" data-id=\"53bf142\" data-element_type=\"widget\" data-e-type=\"widget\" data-widget_type=\"call-to-action.default\">\n\t\t\t\t<div class=\"elementor-widget-container\">\n\t\t\t\t\t\t\t<a class=\"elementor-cta\" href=\"https:\/\/vijvermeester.nl\/waterdrieblad.html?utm_source=affiliate&#038;utm_medium=partner&#038;utm_campaign=zuurstofplanten_net&#038;utm_content=waterdrieblad\" rel=\"nofollow\">\n\t\t\t\t\t<div class=\"elementor-cta__bg-wrapper\">\n\t\t\t\t<div class=\"elementor-cta__bg elementor-bg\" style=\"background-image: url(https:\/\/www.zuurstofplanten.net\/wp-content\/uploads\/2024\/10\/Waterdrieblad.jpg);\" role=\"img\" aria-label=\"Myriophylle \u00e0 \u00e9pis\"><\/div>\n\t\t\t\t<div class=\"elementor-cta__bg-overlay\"><\/div>\n\t\t\t<\/div>\n\t\t\t\t\t\t\t<div class=\"elementor-cta__content\">\n\t\t\t\t\n\t\t\t\t\t\t\t\t\t<h2 class=\"elementor-cta__title elementor-cta__content-item elementor-content-item\">\n\t\t\t\t\t\tAcheter la feuille de chardon-marie ?\t\t\t\t\t<\/h2>\n\t\t\t\t\n\t\t\t\t\t\t\t\t\t<div class=\"elementor-cta__description elementor-cta__content-item elementor-content-item\">\n\t\t\t\t\t\tLa feuille de Waterdrie est en vente dans la boutique en ligne de De Vijvermeester. Vous y trouverez de belles grappes de qualit\u00e9 sup\u00e9rieure.\t\t\t\t\t<\/div>\n\t\t\t\t\n\t\t\t\t\t\t\t\t\t<div class=\"elementor-cta__button-wrapper elementor-cta__content-item elementor-content-item\">\n\t\t\t\t\t<span class=\"elementor-cta__button elementor-button elementor-size-\">\n\t\t\t\t\t\tCommander sur Vijvermeester.nl\t\t\t\t\t<\/span>\n\t\t\t\t\t<\/div>\n\t\t\t\t\t\t\t<\/div>\n\t\t\t\t\t\t<\/a>\n\t\t\t\t\t\t<\/div>\n\t\t\t\t<\/div>\n\t\t\t\t<\/div>\n\t\t\t\t<div class=\"elementor-element elementor-element-a440f6e elementor-widget elementor-widget-heading\" data-id=\"a440f6e\" data-element_type=\"widget\" data-e-type=\"widget\" data-widget_type=\"heading.default\">\n\t\t\t\t<div class=\"elementor-widget-container\">\n\t\t\t\t\t<h3 class=\"elementor-heading-title elementor-size-default\">Le lotier cornicul\u00e9 en ligne<\/h3>\t\t\t\t<\/div>\n\t\t\t\t<\/div>\n\t\t\t\t<div class=\"elementor-element elementor-element-e1837cd elementor-widget elementor-widget-text-editor\" data-id=\"e1837cd\" data-element_type=\"widget\" data-e-type=\"widget\" data-widget_type=\"text-editor.default\">\n\t\t\t\t<div class=\"elementor-widget-container\">\n\t\t\t\t\t\t\t\t\t<ul><li>Nom latin\u00a0<em>Menyanthes Trifoliata.<\/em><\/li><li>Sa hauteur est comprise entre 15 et 30 cm.<\/li><li>Emplacement : soleil ou mi-ombre.<\/li><li>Eaux peu profondes riches en nutriments, mais aussi dans les \u00e9tangs.<\/li><li>Survit \u00e0 l'hiver gr\u00e2ce \u00e0 des bourgeons immerg\u00e9s.<\/li><li>Bourgeons roses rouges et fleurs blanches.<\/li><\/ul>\t\t\t\t\t\t\t\t<\/div>\n\t\t\t\t<\/div>\n\t\t\t\t<div class=\"elementor-element elementor-element-fa93429 elementor-widget elementor-widget-heading\" data-id=\"fa93429\" data-element_type=\"widget\" data-e-type=\"widget\" data-widget_type=\"heading.default\">\n\t\t\t\t<div class=\"elementor-widget-container\">\n\t\t\t\t\t<h3 class=\"elementor-heading-title elementor-size-default\">Questions fr\u00e9quemment pos\u00e9es<\/h3>\t\t\t\t<\/div>\n\t\t\t\t<\/div>\n\t\t\t\t<div class=\"elementor-element elementor-element-6f7d77f elementor-widget elementor-widget-heading\" data-id=\"6f7d77f\" data-element_type=\"widget\" data-e-type=\"widget\" data-widget_type=\"heading.default\">\n\t\t\t\t<div class=\"elementor-widget-container\">\n\t\t\t\t\t<h4 class=\"elementor-heading-title elementor-size-default\">Comment dois-je tailler le chardon-marie ?<\/h4>\t\t\t\t<\/div>\n\t\t\t\t<\/div>\n\t\t\t\t<div class=\"elementor-element elementor-element-956261d elementor-widget elementor-widget-text-editor\" data-id=\"956261d\" data-element_type=\"widget\" data-e-type=\"widget\" data-widget_type=\"text-editor.default\">\n\t\t\t\t<div class=\"elementor-widget-container\">\n\t\t\t\t\t\t\t\t\t<p>Le chardon d'eau (Menyanthes trifoliata) est une plante aquatique qui pousse principalement dans les \u00e9tangs et les zones mar\u00e9cageuses. Taillez la plante au printemps ou \u00e0 l'automne pour contr\u00f4ler la croissance excessive. \u00c9liminez les vieilles tiges et les tiges affaiblies en les coupant juste au-dessus de la base \u00e0 l'aide d'un s\u00e9cateur bien aiguis\u00e9. Veillez \u00e0 ne pas en enlever trop \u00e0 la fois afin que la plante conserve suffisamment de vigueur. Enlevez aussi r\u00e9guli\u00e8rement les feuilles mortes pour \u00e9viter qu'elles ne pourrissent. Si la plante devient trop grande, vous pouvez la diviser avec pr\u00e9caution et la replanter.<\/p>\t\t\t\t\t\t\t\t<\/div>\n\t\t\t\t<\/div>\n\t\t\t\t<div class=\"elementor-element elementor-element-61fdde7 elementor-widget elementor-widget-heading\" data-id=\"61fdde7\" data-element_type=\"widget\" data-e-type=\"widget\" data-widget_type=\"heading.default\">\n\t\t\t\t<div class=\"elementor-widget-container\">\n\t\t\t\t\t<h4 class=\"elementor-heading-title elementor-size-default\">Quelle est la profondeur de plantation du lotier cornicul\u00e9 ?<\/h4>\t\t\t\t<\/div>\n\t\t\t\t<\/div>\n\t\t\t\t<div class=\"elementor-element elementor-element-1a01578 elementor-widget elementor-widget-text-editor\" data-id=\"1a01578\" data-element_type=\"widget\" data-e-type=\"widget\" data-widget_type=\"text-editor.default\">\n\t\t\t\t<div class=\"elementor-widget-container\">\n\t\t\t\t\t\t\t\t\t<p>Le chardon d'eau pousse mieux dans des eaux peu profondes ou dans un sol humide. Il faut donc le planter \u00e0 une profondeur d'environ 5 \u00e0 20 cm sous l'eau. Veillez \u00e0 ce que ses racines soient fermement plant\u00e9es dans la vase ou le fond de l'\u00e9tang. Si vous le plantez dans un \u00e9tang, placez-le sur les bords peu profonds ou dans une zone mar\u00e9cageuse sp\u00e9ciale. Veillez \u00e0 ce que la plante ne soit pas trop enfonc\u00e9e, car cela peut ralentir sa croissance ou faire pourrir ses racines. Il est \u00e9galement important de v\u00e9rifier r\u00e9guli\u00e8rement que la plante ne se noie pas lorsque le niveau de l'eau fluctue, afin d'assurer une croissance saine.<\/p>\t\t\t\t\t\t\t\t<\/div>\n\t\t\t\t<\/div>\n\t\t\t\t<div class=\"elementor-element elementor-element-2dbd600 elementor-widget elementor-widget-heading\" data-id=\"2dbd600\" data-element_type=\"widget\" data-e-type=\"widget\" data-widget_type=\"heading.default\">\n\t\t\t\t<div class=\"elementor-widget-container\">\n\t\t\t\t\t<h2 class=\"elementor-heading-title elementor-size-default\">Acheter la feuille de chardon-marie ?<\/h2>\t\t\t\t<\/div>\n\t\t\t\t<\/div>\n\t\t\t\t<div class=\"elementor-element elementor-element-88fd0a8 elementor-widget elementor-widget-image\" data-id=\"88fd0a8\" data-element_type=\"widget\" data-e-type=\"widget\" data-widget_type=\"image.default\">\n\t\t\t\t<div class=\"elementor-widget-container\">\n\t\t\t\t\t\t\t\t\t\t\t\t\t\t\t<img fetchpriority=\"high\" decoding=\"async\" width=\"245\" height=\"300\" src=\"https:\/\/www.zuurstofplanten.net\/wp-content\/uploads\/2024\/10\/Waterdrieblad-245x300.jpg\" class=\"attachment-medium size-medium wp-image-335\" alt=\"\" srcset=\"https:\/\/www.zuurstofplanten.net\/wp-content\/uploads\/2024\/10\/Waterdrieblad-245x300.jpg 245w, https:\/\/www.zuurstofplanten.net\/wp-content\/uploads\/2024\/10\/Waterdrieblad.jpg 636w\" sizes=\"(max-width: 245px) 100vw, 245px\" \/>\t\t\t\t\t\t\t\t\t\t\t\t\t\t\t<\/div>\n\t\t\t\t<\/div>\n\t\t\t\t<div class=\"elementor-element elementor-element-37cef72 elementor-widget elementor-widget-text-editor\" data-id=\"37cef72\" data-element_type=\"widget\" data-e-type=\"widget\" data-widget_type=\"text-editor.default\">\n\t\t\t\t<div class=\"elementor-widget-container\">\n\t\t\t\t\t\t\t\t\t<p>La feuille de Waterdrie est en vente dans la boutique en ligne de De Vijvermeester. Vous y trouverez de belles grappes de qualit\u00e9 sup\u00e9rieure.<\/p>\t\t\t\t\t\t\t\t<\/div>\n\t\t\t\t<\/div>\n\t\t\t\t<div class=\"elementor-element elementor-element-1be969c elementor-align-left elementor-widget elementor-widget-button\" data-id=\"1be969c\" data-element_type=\"widget\" data-e-type=\"widget\" data-widget_type=\"button.default\">\n\t\t\t\t<div class=\"elementor-widget-container\">\n\t\t\t\t\t\t\t\t\t<div class=\"elementor-button-wrapper\">\n\t\t\t\t\t<a class=\"elementor-button elementor-button-link elementor-size-sm elementor-animation-grow\" href=\"https:\/\/vijvermeester.nl\/waterdrieblad.html?utm_source=affiliate&#038;utm_medium=partner&#038;utm_campaign=zuurstofplanten_net&#038;utm_content=waterdrieblad\">\n\t\t\t\t\t\t<span class=\"elementor-button-content-wrapper\">\n\t\t\t\t\t\t<span class=\"elementor-button-icon\">\n\t\t\t\t<svg aria-hidden=\"true\" class=\"e-font-icon-svg e-fas-shopping-cart\" viewbox=\"0 0 576 512\" xmlns=\"http:\/\/www.w3.org\/2000\/svg\"><path d=\"M528.12 301.319l47.273-208C578.806 78.301 567.391 64 551.99 64H159.208l-9.166-44.81C147.758 8.021 137.93 0 126.529 0H24C10.745 0 0 10.745 0 24v16c0 13.255 10.745 24 24 24h69.883l70.248 343.435C147.325 417.1 136 435.222 136 456c0 30.928 25.072 56 56 56s56-25.072 56-56c0-15.674-6.447-29.835-16.824-40h209.647C430.447 426.165 424 440.326 424 456c0 30.928 25.072 56 56 56s56-25.072 56-56c0-22.172-12.888-41.332-31.579-50.405l5.517-24.276c3.413-15.018-8.002-29.319-23.403-29.319H218.117l-6.545-32h293.145c11.206 0 20.92-7.754 23.403-18.681z\"><\/path><\/svg>\t\t\t<\/span>\n\t\t\t\t\t\t\t\t\t<span class=\"elementor-button-text\">Acheter Waterdrie Leaf sur Pondmaster.fr<\/span>\n\t\t\t\t\t<\/span>\n\t\t\t\t\t<\/a>\n\t\t\t\t<\/div>\n\t\t\t\t\t\t\t\t<\/div>\n\t\t\t\t<\/div>\n\t\t\t\t\t<\/div>\n\t\t\t\t<\/div>\n\t\t\t\t<\/div>","protected":false},"excerpt":{"rendered":"<p>Le lotier cornicul\u00e9 Le lotier cornicul\u00e9. Belle plante de marais \u00e0 fleurs Cette plante de marais se trouve \u00e0 l'\u00e9tat sauvage aux Pays-Bas. Malheureusement, il s'agit d'une esp\u00e8ce figurant sur la liste rouge, ce qui signifie qu'elle devient de plus en plus rare dans la nature. Le nom latin de cette belle plante de marais est Menyanthes Trifoliata. Cette plante est monotypique, c'est-\u00e0-dire qu'elle est la seule esp\u00e8ce de ce genre. Le lotier a [...]<\/p>","protected":false},"author":4,"featured_media":0,"parent":631,"menu_order":8,"comment_status":"closed","ping_status":"closed","template":"","meta":{"_acf_changed":false,"iawp_total_views":365,"footnotes":""},"class_list":["post-479","page","type-page","status-publish","hentry"],"acf":[],"yoast_head":"<!-- This site is optimized with the Yoast SEO plugin v25.5 - https:\/\/yoast.com\/wordpress\/plugins\/seo\/ -->\n<title>Waterdrieblad. Eigenschappen, Snoeitips en meer | Zuurstofplanten<\/title>\n<meta name=\"description\" content=\"Waterdrieblad is een mooie bloeiende moerasplant. Op deze pagina geven we informatie over deze oeverplant. Waterdrieblad is te koop op onze webshop.\" \/>\n<meta name=\"robots\" content=\"index, follow, max-snippet:-1, max-image-preview:large, max-video-preview:-1\" \/>\n<link rel=\"canonical\" href=\"https:\/\/www.zuurstofplanten.net\/fr\/plantes-riveraines\/lotier-cornicule\/\" \/>\n<meta property=\"og:locale\" content=\"fr_FR\" \/>\n<meta property=\"og:type\" content=\"article\" \/>\n<meta property=\"og:title\" content=\"Waterdrieblad. Eigenschappen, Snoeitips en meer | Zuurstofplanten\" \/>\n<meta property=\"og:description\" content=\"Waterdrieblad is een mooie bloeiende moerasplant. Op deze pagina geven we informatie over deze oeverplant. Waterdrieblad is te koop op onze webshop.\" \/>\n<meta property=\"og:url\" content=\"https:\/\/www.zuurstofplanten.net\/fr\/plantes-riveraines\/lotier-cornicule\/\" \/>\n<meta property=\"og:site_name\" content=\"Zuurstofplanten.net\" \/>\n<meta property=\"article:modified_time\" content=\"2025-06-04T09:47:25+00:00\" \/>\n<meta property=\"og:image\" content=\"https:\/\/www.zuurstofplanten.net\/wp-content\/uploads\/2024\/10\/Waterdrieblad.jpg\" \/>\n\t<meta property=\"og:image:width\" content=\"636\" \/>\n\t<meta property=\"og:image:height\" content=\"778\" \/>\n\t<meta property=\"og:image:type\" content=\"image\/jpeg\" \/>\n<meta name=\"twitter:card\" content=\"summary_large_image\" \/>\n<meta name=\"twitter:label1\" content=\"Dur\u00e9e de lecture estim\u00e9e\" \/>\n\t<meta name=\"twitter:data1\" content=\"3 minutes\" \/>\n<script type=\"application\/ld+json\" class=\"yoast-schema-graph\">{\"@context\":\"https:\/\/schema.org\",\"@graph\":[{\"@type\":\"WebPage\",\"@id\":\"https:\/\/www.zuurstofplanten.net\/oeverplanten\/waterdrieblad\/\",\"url\":\"https:\/\/www.zuurstofplanten.net\/oeverplanten\/waterdrieblad\/\",\"name\":\"Waterdrieblad. Eigenschappen, Snoeitips en meer | Zuurstofplanten\",\"isPartOf\":{\"@id\":\"https:\/\/www.zuurstofplanten.net\/#website\"},\"primaryImageOfPage\":{\"@id\":\"https:\/\/www.zuurstofplanten.net\/oeverplanten\/waterdrieblad\/#primaryimage\"},\"image\":{\"@id\":\"https:\/\/www.zuurstofplanten.net\/oeverplanten\/waterdrieblad\/#primaryimage\"},\"thumbnailUrl\":\"https:\/\/www.zuurstofplanten.net\/wp-content\/uploads\/2024\/10\/Waterdrieblad-245x300.jpg\",\"datePublished\":\"2024-10-11T13:12:39+00:00\",\"dateModified\":\"2025-06-04T09:47:25+00:00\",\"description\":\"Waterdrieblad is een mooie bloeiende moerasplant. Op deze pagina geven we informatie over deze oeverplant. Waterdrieblad is te koop op onze webshop.\",\"breadcrumb\":{\"@id\":\"https:\/\/www.zuurstofplanten.net\/oeverplanten\/waterdrieblad\/#breadcrumb\"},\"inLanguage\":\"fr-FR\",\"potentialAction\":[{\"@type\":\"ReadAction\",\"target\":[\"https:\/\/www.zuurstofplanten.net\/oeverplanten\/waterdrieblad\/\"]}]},{\"@type\":\"ImageObject\",\"inLanguage\":\"fr-FR\",\"@id\":\"https:\/\/www.zuurstofplanten.net\/oeverplanten\/waterdrieblad\/#primaryimage\",\"url\":\"https:\/\/www.zuurstofplanten.net\/wp-content\/uploads\/2024\/10\/Waterdrieblad-245x300.jpg\",\"contentUrl\":\"https:\/\/www.zuurstofplanten.net\/wp-content\/uploads\/2024\/10\/Waterdrieblad-245x300.jpg\"},{\"@type\":\"BreadcrumbList\",\"@id\":\"https:\/\/www.zuurstofplanten.net\/oeverplanten\/waterdrieblad\/#breadcrumb\",\"itemListElement\":[{\"@type\":\"ListItem\",\"position\":1,\"name\":\"Home\",\"item\":\"https:\/\/www.zuurstofplanten.net\/\"},{\"@type\":\"ListItem\",\"position\":2,\"name\":\"Oeverplanten\",\"item\":\"https:\/\/www.zuurstofplanten.net\/oeverplanten\/\"},{\"@type\":\"ListItem\",\"position\":3,\"name\":\"Waterdrieblad\"}]},{\"@type\":\"WebSite\",\"@id\":\"https:\/\/www.zuurstofplanten.net\/#website\",\"url\":\"https:\/\/www.zuurstofplanten.net\/\",\"name\":\"Zuurstofplanten.net\",\"description\":\"\",\"publisher\":{\"@id\":\"https:\/\/www.zuurstofplanten.net\/#organization\"},\"potentialAction\":[{\"@type\":\"SearchAction\",\"target\":{\"@type\":\"EntryPoint\",\"urlTemplate\":\"https:\/\/www.zuurstofplanten.net\/?s={search_term_string}\"},\"query-input\":{\"@type\":\"PropertyValueSpecification\",\"valueRequired\":true,\"valueName\":\"search_term_string\"}}],\"inLanguage\":\"fr-FR\"},{\"@type\":\"Organization\",\"@id\":\"https:\/\/www.zuurstofplanten.net\/#organization\",\"name\":\"Zuurstofplanten.net\",\"url\":\"https:\/\/www.zuurstofplanten.net\/\",\"logo\":{\"@type\":\"ImageObject\",\"inLanguage\":\"fr-FR\",\"@id\":\"https:\/\/www.zuurstofplanten.net\/#\/schema\/logo\/image\/\",\"url\":\"https:\/\/www.zuurstofplanten.net\/wp-content\/uploads\/2024\/10\/zuurstofplanten-logo-1.jpg\",\"contentUrl\":\"https:\/\/www.zuurstofplanten.net\/wp-content\/uploads\/2024\/10\/zuurstofplanten-logo-1.jpg\",\"width\":180,\"height\":60,\"caption\":\"Zuurstofplanten.net\"},\"image\":{\"@id\":\"https:\/\/www.zuurstofplanten.net\/#\/schema\/logo\/image\/\"}}]}<\/script>\n<!-- \/ Yoast SEO plugin. -->","yoast_head_json":{"title":"Chardon d'eau. Propri\u00e9t\u00e9s, conseils de taille et plus | Oxygen Plants","description":"Le chardon d'eau est une belle plante de marais \u00e0 fleurs. Sur cette page, nous fournissons des informations sur cette plante riveraine. La feuille de chardon d'eau est en vente dans notre boutique en ligne.","robots":{"index":"index","follow":"follow","max-snippet":"max-snippet:-1","max-image-preview":"max-image-preview:large","max-video-preview":"max-video-preview:-1"},"canonical":"https:\/\/www.zuurstofplanten.net\/fr\/plantes-riveraines\/lotier-cornicule\/","og_locale":"fr_FR","og_type":"article","og_title":"Waterdrieblad. Eigenschappen, Snoeitips en meer | Zuurstofplanten","og_description":"Waterdrieblad is een mooie bloeiende moerasplant. Op deze pagina geven we informatie over deze oeverplant. Waterdrieblad is te koop op onze webshop.","og_url":"https:\/\/www.zuurstofplanten.net\/fr\/plantes-riveraines\/lotier-cornicule\/","og_site_name":"Zuurstofplanten.net","article_modified_time":"2025-06-04T09:47:25+00:00","og_image":[{"width":636,"height":778,"url":"https:\/\/www.zuurstofplanten.net\/wp-content\/uploads\/2024\/10\/Waterdrieblad.jpg","type":"image\/jpeg"}],"twitter_card":"summary_large_image","twitter_misc":{"Dur\u00e9e de lecture estim\u00e9e":"3 minutes"},"schema":{"@context":"https:\/\/schema.org","@graph":[{"@type":"WebPage","@id":"https:\/\/www.zuurstofplanten.net\/oeverplanten\/waterdrieblad\/","url":"https:\/\/www.zuurstofplanten.net\/oeverplanten\/waterdrieblad\/","name":"Chardon d'eau. Propri\u00e9t\u00e9s, conseils de taille et plus | Oxygen Plants","isPartOf":{"@id":"https:\/\/www.zuurstofplanten.net\/#website"},"primaryImageOfPage":{"@id":"https:\/\/www.zuurstofplanten.net\/oeverplanten\/waterdrieblad\/#primaryimage"},"image":{"@id":"https:\/\/www.zuurstofplanten.net\/oeverplanten\/waterdrieblad\/#primaryimage"},"thumbnailUrl":"https:\/\/www.zuurstofplanten.net\/wp-content\/uploads\/2024\/10\/Waterdrieblad-245x300.jpg","datePublished":"2024-10-11T13:12:39+00:00","dateModified":"2025-06-04T09:47:25+00:00","description":"Le chardon d'eau est une belle plante de marais \u00e0 fleurs. Sur cette page, nous fournissons des informations sur cette plante riveraine. La feuille de chardon d'eau est en vente dans notre boutique en ligne.","breadcrumb":{"@id":"https:\/\/www.zuurstofplanten.net\/oeverplanten\/waterdrieblad\/#breadcrumb"},"inLanguage":"fr-FR","potentialAction":[{"@type":"ReadAction","target":["https:\/\/www.zuurstofplanten.net\/oeverplanten\/waterdrieblad\/"]}]},{"@type":"ImageObject","inLanguage":"fr-FR","@id":"https:\/\/www.zuurstofplanten.net\/oeverplanten\/waterdrieblad\/#primaryimage","url":"https:\/\/www.zuurstofplanten.net\/wp-content\/uploads\/2024\/10\/Waterdrieblad-245x300.jpg","contentUrl":"https:\/\/www.zuurstofplanten.net\/wp-content\/uploads\/2024\/10\/Waterdrieblad-245x300.jpg"},{"@type":"BreadcrumbList","@id":"https:\/\/www.zuurstofplanten.net\/oeverplanten\/waterdrieblad\/#breadcrumb","itemListElement":[{"@type":"ListItem","position":1,"name":"Home","item":"https:\/\/www.zuurstofplanten.net\/"},{"@type":"ListItem","position":2,"name":"Oeverplanten","item":"https:\/\/www.zuurstofplanten.net\/oeverplanten\/"},{"@type":"ListItem","position":3,"name":"Waterdrieblad"}]},{"@type":"WebSite","@id":"https:\/\/www.zuurstofplanten.net\/#website","url":"https:\/\/www.zuurstofplanten.net\/","name":"Zuurstofplanten.net","description":"","publisher":{"@id":"https:\/\/www.zuurstofplanten.net\/#organization"},"potentialAction":[{"@type":"SearchAction","target":{"@type":"EntryPoint","urlTemplate":"https:\/\/www.zuurstofplanten.net\/?s={search_term_string}"},"query-input":{"@type":"PropertyValueSpecification","valueRequired":true,"valueName":"search_term_string"}}],"inLanguage":"fr-FR"},{"@type":"Organization","@id":"https:\/\/www.zuurstofplanten.net\/#organization","name":"Zuurstofplanten.net","url":"https:\/\/www.zuurstofplanten.net\/","logo":{"@type":"ImageObject","inLanguage":"fr-FR","@id":"https:\/\/www.zuurstofplanten.net\/#\/schema\/logo\/image\/","url":"https:\/\/www.zuurstofplanten.net\/wp-content\/uploads\/2024\/10\/zuurstofplanten-logo-1.jpg","contentUrl":"https:\/\/www.zuurstofplanten.net\/wp-content\/uploads\/2024\/10\/zuurstofplanten-logo-1.jpg","width":180,"height":60,"caption":"Zuurstofplanten.net"},"image":{"@id":"https:\/\/www.zuurstofplanten.net\/#\/schema\/logo\/image\/"}}]}},"_links":{"self":[{"href":"https:\/\/www.zuurstofplanten.net\/fr\/wp-json\/wp\/v2\/pages\/479"}],"collection":[{"href":"https:\/\/www.zuurstofplanten.net\/fr\/wp-json\/wp\/v2\/pages"}],"about":[{"href":"https:\/\/www.zuurstofplanten.net\/fr\/wp-json\/wp\/v2\/types\/page"}],"author":[{"embeddable":true,"href":"https:\/\/www.zuurstofplanten.net\/fr\/wp-json\/wp\/v2\/users\/4"}],"replies":[{"embeddable":true,"href":"https:\/\/www.zuurstofplanten.net\/fr\/wp-json\/wp\/v2\/comments?post=479"}],"version-history":[{"count":28,"href":"https:\/\/www.zuurstofplanten.net\/fr\/wp-json\/wp\/v2\/pages\/479\/revisions"}],"predecessor-version":[{"id":2135,"href":"https:\/\/www.zuurstofplanten.net\/fr\/wp-json\/wp\/v2\/pages\/479\/revisions\/2135"}],"up":[{"embeddable":true,"href":"https:\/\/www.zuurstofplanten.net\/fr\/wp-json\/wp\/v2\/pages\/631"}],"wp:attachment":[{"href":"https:\/\/www.zuurstofplanten.net\/fr\/wp-json\/wp\/v2\/media?parent=479"}],"curies":[{"name":"wp","href":"https:\/\/api.w.org\/{rel}","templated":true}]}}