{"id":461,"date":"2024-10-09T14:35:57","date_gmt":"2024-10-09T14:35:57","guid":{"rendered":"https:\/\/baselinkhosting.nl\/zuurstofplanten\/?page_id=461"},"modified":"2025-06-04T09:30:26","modified_gmt":"2025-06-04T09:30:26","slug":"gele-lis","status":"publish","type":"page","link":"https:\/\/www.zuurstofplanten.net\/fr\/helofyten\/gele-lis\/","title":{"rendered":"Lis jaune"},"content":{"rendered":"<div data-elementor-type=\"wp-page\" data-elementor-id=\"461\" class=\"elementor elementor-461\" data-elementor-post-type=\"page\">\n\t\t\t\t<div class=\"elementor-element elementor-element-984302f e-flex e-con-boxed e-con e-parent\" data-id=\"984302f\" data-element_type=\"container\" data-e-type=\"container\" data-settings=\"{&quot;background_background&quot;:&quot;classic&quot;}\">\n\t\t\t\t\t<div class=\"e-con-inner\">\n\t\t\t\t<div class=\"elementor-element elementor-element-436d989 elementor-widget elementor-widget-heading\" data-id=\"436d989\" data-element_type=\"widget\" data-e-type=\"widget\" data-widget_type=\"heading.default\">\n\t\t\t\t<div class=\"elementor-widget-container\">\n\t\t\t\t\t<h1 class=\"elementor-heading-title elementor-size-default\">Lis jaune<\/h1>\t\t\t\t<\/div>\n\t\t\t\t<\/div>\n\t\t\t\t<div class=\"elementor-element elementor-element-f929104 elementor-widget elementor-widget-breadcrumbs\" data-id=\"f929104\" data-element_type=\"widget\" data-e-type=\"widget\" data-widget_type=\"breadcrumbs.default\">\n\t\t\t\t<div class=\"elementor-widget-container\">\n\t\t\t\t\t<p id=\"breadcrumbs\"><span><span><a href=\"https:\/\/www.zuurstofplanten.net\/fr\/\">Accueil<\/a><\/span><\/span><\/p>\t\t\t\t<\/div>\n\t\t\t\t<\/div>\n\t\t\t\t\t<\/div>\n\t\t\t\t<\/div>\n\t\t<div class=\"elementor-element elementor-element-488fe86 e-flex e-con-boxed e-con e-parent\" data-id=\"488fe86\" data-element_type=\"container\" data-e-type=\"container\">\n\t\t\t\t\t<div class=\"e-con-inner\">\n\t\t\t\t<div class=\"elementor-element elementor-element-543f7f0 elementor-widget elementor-widget-heading\" data-id=\"543f7f0\" data-element_type=\"widget\" data-e-type=\"widget\" data-widget_type=\"heading.default\">\n\t\t\t\t<div class=\"elementor-widget-container\">\n\t\t\t\t\t<h2 class=\"elementor-heading-title elementor-size-default\">Filtre Helophyte avec Yellow Lis<\/h2>\t\t\t\t<\/div>\n\t\t\t\t<\/div>\n\t\t<div class=\"elementor-element elementor-element-472674b e-grid e-con-full e-con e-child\" data-id=\"472674b\" data-element_type=\"container\" data-e-type=\"container\">\n\t\t\t\t<div class=\"elementor-element elementor-element-7b312cd elementor-widget elementor-widget-text-editor\" data-id=\"7b312cd\" data-element_type=\"widget\" data-e-type=\"widget\" data-widget_type=\"text-editor.default\">\n\t\t\t\t<div class=\"elementor-widget-container\">\n\t\t\t\t\t\t\t\t\t<p>Le Lis jaune (latin : I<em>ris Pseudacorus<\/em>) est souvent utilis\u00e9e dans les filtres \u00e0 h\u00e9lophytes. Comme beaucoup d'autres h\u00e9lophytes, cette plante est capable d'extraire de nombreux nutriments de l'eau, en particulier les nitrates. Dans de bonnes conditions, cette plante riveraine cr\u00e9e un syst\u00e8me racinaire tr\u00e8s \u00e9tendu qui filtre efficacement l'eau. C'est bon pour la plante, mais aussi pour votre \u00e9tang !<\/p><p>Lorsque la concentration de nutriments dans l'eau de l'\u00e9tang diminue, les algues ont moins de chance. En plus de ces propri\u00e9t\u00e9s b\u00e9n\u00e9fiques pour votre \u00e9tang, cet h\u00e9lophyte a une belle floraison. Les jolies fleurs jaunes cr\u00e9ent une belle berge d'aspect naturel qui am\u00e9liore \u00e9galement la qualit\u00e9 de l'eau !<\/p>\t\t\t\t\t\t\t\t<\/div>\n\t\t\t\t<\/div>\n\t\t\t\t<div class=\"elementor-element elementor-element-3cb1bc0 elementor-widget elementor-widget-image\" data-id=\"3cb1bc0\" data-element_type=\"widget\" data-e-type=\"widget\" data-widget_type=\"image.default\">\n\t\t\t\t<div class=\"elementor-widget-container\">\n\t\t\t\t\t\t\t\t\t\t\t\t\t\t\t<img fetchpriority=\"high\" decoding=\"async\" width=\"679\" height=\"500\" src=\"https:\/\/www.zuurstofplanten.net\/wp-content\/uploads\/2024\/10\/Gele-Lis-1-1.jpg\" class=\"attachment-full size-full wp-image-120\" alt=\"\" srcset=\"https:\/\/www.zuurstofplanten.net\/wp-content\/uploads\/2024\/10\/Gele-Lis-1-1.jpg 679w, https:\/\/www.zuurstofplanten.net\/wp-content\/uploads\/2024\/10\/Gele-Lis-1-1-300x221.jpg 300w\" sizes=\"(max-width: 679px) 100vw, 679px\" \/>\t\t\t\t\t\t\t\t\t\t\t\t\t\t\t<\/div>\n\t\t\t\t<\/div>\n\t\t\t\t<\/div>\n\t\t\t\t<div class=\"elementor-element elementor-element-808d178 elementor-widget elementor-widget-heading\" data-id=\"808d178\" data-element_type=\"widget\" data-e-type=\"widget\" data-widget_type=\"heading.default\">\n\t\t\t\t<div class=\"elementor-widget-container\">\n\t\t\t\t\t<h3 class=\"elementor-heading-title elementor-size-default\">Utilisation dans un filtre h\u00e9lophyte<\/h3>\t\t\t\t<\/div>\n\t\t\t\t<\/div>\n\t\t\t\t<div class=\"elementor-element elementor-element-4c28e5e elementor-widget elementor-widget-text-editor\" data-id=\"4c28e5e\" data-element_type=\"widget\" data-e-type=\"widget\" data-widget_type=\"text-editor.default\">\n\t\t\t\t<div class=\"elementor-widget-container\">\n\t\t\t\t\t\t\t\t\t<p>Comme nous l'avons d\u00e9j\u00e0 mentionn\u00e9, le Lis jaune peut cr\u00e9er un syst\u00e8me racinaire important et tr\u00e8s ramifi\u00e9. Pour acc\u00e9l\u00e9rer l'absorption des nutriments, il est possible de planter le Lis jaune dans de la tourbe de lave, par exemple. En particulier en combinaison avec une pompe qui fait passer l'eau \u00e0 travers la tourbe de lave, on peut obtenir de tr\u00e8s bons r\u00e9sultats en termes de clart\u00e9 de l'\u00e9tang. Bien entendu, il est \u00e9galement possible de planter cette plante de rive dans des paniers d'\u00e9tang et de les placer dans l'\u00e9tang ou, si le sol le permet, directement dans la rive.\u00a0<\/p><p>Nous utilisons \u00e9galement cet h\u00e9lophyte dans les grands plans d'eau et les grands filtres \u00e0 h\u00e9lophytes et il est excellent \u00e0 cette fin.\u00a0<\/p>\t\t\t\t\t\t\t\t<\/div>\n\t\t\t\t<\/div>\n\t\t\t\t<div class=\"elementor-element elementor-element-1b9c77a elementor-widget elementor-widget-heading\" data-id=\"1b9c77a\" data-element_type=\"widget\" data-e-type=\"widget\" data-widget_type=\"heading.default\">\n\t\t\t\t<div class=\"elementor-widget-container\">\n\t\t\t\t\t<h3 class=\"elementor-heading-title elementor-size-default\">La profondeur de plantation de Yellow Lis<\/h3>\t\t\t\t<\/div>\n\t\t\t\t<\/div>\n\t\t\t\t<div class=\"elementor-element elementor-element-dc75d83 elementor-widget elementor-widget-text-editor\" data-id=\"dc75d83\" data-element_type=\"widget\" data-e-type=\"widget\" data-widget_type=\"text-editor.default\">\n\t\t\t\t<div class=\"elementor-widget-container\">\n\t\t\t\t\t\t\t\t\t<p>La lys jaune pousse dans l'eau jusqu'\u00e0 une profondeur d'environ 30 cm.<\/p>\t\t\t\t\t\t\t\t<\/div>\n\t\t\t\t<\/div>\n\t\t\t\t<div class=\"elementor-element elementor-element-70dbda0 elementor-widget elementor-widget-heading\" data-id=\"70dbda0\" data-element_type=\"widget\" data-e-type=\"widget\" data-widget_type=\"heading.default\">\n\t\t\t\t<div class=\"elementor-widget-container\">\n\t\t\t\t\t<h3 class=\"elementor-heading-title elementor-size-default\">Diffusion et application de Yellow Lis<\/h3>\t\t\t\t<\/div>\n\t\t\t\t<\/div>\n\t\t\t\t<div class=\"elementor-element elementor-element-4645dc8 elementor-widget elementor-widget-text-editor\" data-id=\"4645dc8\" data-element_type=\"widget\" data-e-type=\"widget\" data-widget_type=\"text-editor.default\">\n\t\t\t\t<div class=\"elementor-widget-container\">\n\t\t\t\t\t\t\t\t\t<p>Le lis jaune est originaire des Pays-Bas. On la rencontre souvent en grandes quantit\u00e9s le long des foss\u00e9s et d'autres plans d'eau, o\u00f9 elle se distingue par ses belles fleurs jaunes. Malheureusement, leur nombre a consid\u00e9rablement diminu\u00e9 \u00e0 partir de la fin du 20e si\u00e8cle. L'esp\u00e8ce est donc prot\u00e9g\u00e9e.\u00a0<\/p><p>Il existe \u00e9galement un certain nombre d'esp\u00e8ces magnifiques qui, surtout dans un \u00e9tang, n'ont rien \u00e0 envier aux autres. Le Lis bleu en est un bel exemple qui, vous l'aurez devin\u00e9, porte des fleurs bleues. Une esp\u00e8ce particuli\u00e8rement belle est la\u00a0<i>Iris laevigata<\/i>\u00a0 ou 'Black Gamecock'. Ces fleurs d'un violet profond, presque noires, sont tr\u00e8s caract\u00e9ristiques.<\/p>\t\t\t\t\t\t\t\t<\/div>\n\t\t\t\t<\/div>\n\t\t\t\t<div class=\"elementor-element elementor-element-7b51aaf elementor-widget elementor-widget-heading\" data-id=\"7b51aaf\" data-element_type=\"widget\" data-e-type=\"widget\" data-widget_type=\"heading.default\">\n\t\t\t\t<div class=\"elementor-widget-container\">\n\t\t\t\t\t<h3 class=\"elementor-heading-title elementor-size-default\">Hauteur de croissance<\/h3>\t\t\t\t<\/div>\n\t\t\t\t<\/div>\n\t\t\t\t<div class=\"elementor-element elementor-element-5076200 elementor-widget elementor-widget-text-editor\" data-id=\"5076200\" data-element_type=\"widget\" data-e-type=\"widget\" data-widget_type=\"text-editor.default\">\n\t\t\t\t<div class=\"elementor-widget-container\">\n\t\t\t\t\t\t\t\t\t<p>Cette plante riveraine atteint une hauteur de 80 \u00e0 100 cm et pousse le long des berges des eaux stagnantes ou \u00e0 faible d\u00e9bit jusqu'\u00e0 une profondeur d'environ 30 cm.<\/p>\t\t\t\t\t\t\t\t<\/div>\n\t\t\t\t<\/div>\n\t\t\t\t<div class=\"elementor-element elementor-element-136f40d elementor-widget elementor-widget-heading\" data-id=\"136f40d\" data-element_type=\"widget\" data-e-type=\"widget\" data-widget_type=\"heading.default\">\n\t\t\t\t<div class=\"elementor-widget-container\">\n\t\t\t\t\t<h3 class=\"elementor-heading-title elementor-size-default\">P\u00e9riode de floraison<\/h3>\t\t\t\t<\/div>\n\t\t\t\t<\/div>\n\t\t\t\t<div class=\"elementor-element elementor-element-876b5f2 elementor-widget elementor-widget-text-editor\" data-id=\"876b5f2\" data-element_type=\"widget\" data-e-type=\"widget\" data-widget_type=\"text-editor.default\">\n\t\t\t\t<div class=\"elementor-widget-container\">\n\t\t\t\t\t\t\t\t\t<p>La liste jaune (ou Iris Pseudacorus) fleurit t\u00f4t dans la saison, de mai \u00e0 juin environ.<\/p>\t\t\t\t\t\t\t\t<\/div>\n\t\t\t\t<\/div>\n\t\t\t\t<div class=\"elementor-element elementor-element-7f425c6 elementor-cta--skin-classic elementor-animated-content elementor-bg-transform elementor-bg-transform-zoom-in elementor-widget elementor-widget-call-to-action\" data-id=\"7f425c6\" data-element_type=\"widget\" data-e-type=\"widget\" data-widget_type=\"call-to-action.default\">\n\t\t\t\t<div class=\"elementor-widget-container\">\n\t\t\t\t\t\t\t<a class=\"elementor-cta\" href=\"https:\/\/vijvermeester.nl\/gele-lis.html?utm_source=affiliate&#038;utm_medium=partner&#038;utm_campaign=zuurstofplanten_net&#038;utm_content=gele_lis\" rel=\"nofollow\">\n\t\t\t\t\t<div class=\"elementor-cta__bg-wrapper\">\n\t\t\t\t<div class=\"elementor-cta__bg elementor-bg\" style=\"background-image: url(https:\/\/www.zuurstofplanten.net\/wp-content\/uploads\/2024\/10\/Gele-Lis-1-1.jpg);\" role=\"img\" aria-label=\"Jaune-Lis-1-1\"><\/div>\n\t\t\t\t<div class=\"elementor-cta__bg-overlay\"><\/div>\n\t\t\t<\/div>\n\t\t\t\t\t\t\t<div class=\"elementor-cta__content\">\n\t\t\t\t\n\t\t\t\t\t\t\t\t\t<h2 class=\"elementor-cta__title elementor-cta__content-item elementor-content-item\">\n\t\t\t\t\t\tAcheter du lis jaune ?\t\t\t\t\t<\/h2>\n\t\t\t\t\n\t\t\t\t\t\t\t\t\t<div class=\"elementor-cta__description elementor-cta__content-item elementor-content-item\">\n\t\t\t\t\t\tCet h\u00e9lophyte est en vente dans la boutique en ligne de De Vijvermeester. Vous y trouverez de belles bottes de qualit\u00e9 sup\u00e9rieure, ainsi qu'un large \u00e9ventail d'autres plantes \u00e0 oxyg\u00e8ne.\t\t\t\t\t<\/div>\n\t\t\t\t\n\t\t\t\t\t\t\t\t\t<div class=\"elementor-cta__button-wrapper elementor-cta__content-item elementor-content-item\">\n\t\t\t\t\t<span class=\"elementor-cta__button elementor-button elementor-size-\">\n\t\t\t\t\t\tAcheter des lis jaunes\t\t\t\t\t<\/span>\n\t\t\t\t\t<\/div>\n\t\t\t\t\t\t\t<\/div>\n\t\t\t\t\t\t<\/a>\n\t\t\t\t\t\t<\/div>\n\t\t\t\t<\/div>\n\t\t\t\t\t<\/div>\n\t\t\t\t<\/div>\n\t\t\t\t<\/div>","protected":false},"excerpt":{"rendered":"<p>Filtre \u00e0 h\u00e9lophytes avec lys jaune Le lys jaune (latin : Iris Pseudacorus) est souvent utilis\u00e9 dans les filtres \u00e0 h\u00e9lophytes. Comme beaucoup d'autres h\u00e9lophytes, cette plante est capable d'extraire de nombreux nutriments de l'eau, en particulier les nitrates. Dans de bonnes conditions, cette plante riveraine cr\u00e9e un syst\u00e8me racinaire tr\u00e8s \u00e9tendu avec lequel l'eau [...]<\/p>","protected":false},"author":4,"featured_media":0,"parent":467,"menu_order":0,"comment_status":"closed","ping_status":"closed","template":"","meta":{"_acf_changed":false,"iawp_total_views":566,"footnotes":""},"class_list":["post-461","page","type-page","status-publish","hentry"],"acf":[],"yoast_head":"<!-- This site is optimized with the Yoast SEO plugin v25.5 - https:\/\/yoast.com\/wordpress\/plugins\/seo\/ -->\n<title>Gele Lis | Bloeitijd, Informatie &amp; Advies | Zuurstofplanten.net<\/title>\n<meta name=\"description\" content=\"De gele lis is een mooi bloeiende plant welke zeer geschikt is voor een helofytenfilter. Bekijk meer info over bloeitijd, hoogte, diepte etc.\" \/>\n<meta name=\"robots\" content=\"index, follow, max-snippet:-1, max-image-preview:large, max-video-preview:-1\" \/>\n<link rel=\"canonical\" href=\"https:\/\/www.zuurstofplanten.net\/fr\/helofyten\/gele-lis\/\" \/>\n<meta property=\"og:locale\" content=\"fr_FR\" \/>\n<meta property=\"og:type\" content=\"article\" \/>\n<meta property=\"og:title\" content=\"Gele Lis | Bloeitijd, Informatie &amp; Advies | Zuurstofplanten.net\" \/>\n<meta property=\"og:description\" content=\"De gele lis is een mooi bloeiende plant welke zeer geschikt is voor een helofytenfilter. Bekijk meer info over bloeitijd, hoogte, diepte etc.\" \/>\n<meta property=\"og:url\" content=\"https:\/\/www.zuurstofplanten.net\/fr\/helofyten\/gele-lis\/\" \/>\n<meta property=\"og:site_name\" content=\"Zuurstofplanten.net\" \/>\n<meta property=\"article:modified_time\" content=\"2025-06-04T09:30:26+00:00\" \/>\n<meta property=\"og:image\" content=\"https:\/\/www.zuurstofplanten.net\/wp-content\/uploads\/2024\/10\/Gele-Lis-1-1.jpg\" \/>\n\t<meta property=\"og:image:width\" content=\"679\" \/>\n\t<meta property=\"og:image:height\" content=\"500\" \/>\n\t<meta property=\"og:image:type\" content=\"image\/jpeg\" \/>\n<meta name=\"twitter:card\" content=\"summary_large_image\" \/>\n<meta name=\"twitter:label1\" content=\"Dur\u00e9e de lecture estim\u00e9e\" \/>\n\t<meta name=\"twitter:data1\" content=\"3 minutes\" \/>\n<script type=\"application\/ld+json\" class=\"yoast-schema-graph\">{\"@context\":\"https:\/\/schema.org\",\"@graph\":[{\"@type\":\"WebPage\",\"@id\":\"https:\/\/www.zuurstofplanten.net\/helofyten\/gele-lis\/\",\"url\":\"https:\/\/www.zuurstofplanten.net\/helofyten\/gele-lis\/\",\"name\":\"Gele Lis | Bloeitijd, Informatie & Advies | Zuurstofplanten.net\",\"isPartOf\":{\"@id\":\"https:\/\/www.zuurstofplanten.net\/#website\"},\"primaryImageOfPage\":{\"@id\":\"https:\/\/www.zuurstofplanten.net\/helofyten\/gele-lis\/#primaryimage\"},\"image\":{\"@id\":\"https:\/\/www.zuurstofplanten.net\/helofyten\/gele-lis\/#primaryimage\"},\"thumbnailUrl\":\"https:\/\/www.zuurstofplanten.net\/wp-content\/uploads\/2024\/10\/Gele-Lis-1-1.jpg\",\"datePublished\":\"2024-10-09T14:35:57+00:00\",\"dateModified\":\"2025-06-04T09:30:26+00:00\",\"description\":\"De gele lis is een mooi bloeiende plant welke zeer geschikt is voor een helofytenfilter. Bekijk meer info over bloeitijd, hoogte, diepte etc.\",\"breadcrumb\":{\"@id\":\"https:\/\/www.zuurstofplanten.net\/helofyten\/gele-lis\/#breadcrumb\"},\"inLanguage\":\"fr-FR\",\"potentialAction\":[{\"@type\":\"ReadAction\",\"target\":[\"https:\/\/www.zuurstofplanten.net\/helofyten\/gele-lis\/\"]}]},{\"@type\":\"ImageObject\",\"inLanguage\":\"fr-FR\",\"@id\":\"https:\/\/www.zuurstofplanten.net\/helofyten\/gele-lis\/#primaryimage\",\"url\":\"https:\/\/www.zuurstofplanten.net\/wp-content\/uploads\/2024\/10\/Gele-Lis-1-1.jpg\",\"contentUrl\":\"https:\/\/www.zuurstofplanten.net\/wp-content\/uploads\/2024\/10\/Gele-Lis-1-1.jpg\"},{\"@type\":\"BreadcrumbList\",\"@id\":\"https:\/\/www.zuurstofplanten.net\/helofyten\/gele-lis\/#breadcrumb\",\"itemListElement\":[{\"@type\":\"ListItem\",\"position\":1,\"name\":\"Home\",\"item\":\"https:\/\/www.zuurstofplanten.net\/\"},{\"@type\":\"ListItem\",\"position\":2,\"name\":\"Helofyten\",\"item\":\"https:\/\/www.zuurstofplanten.net\/helofyten\/\"},{\"@type\":\"ListItem\",\"position\":3,\"name\":\"Gele Lis\"}]},{\"@type\":\"WebSite\",\"@id\":\"https:\/\/www.zuurstofplanten.net\/#website\",\"url\":\"https:\/\/www.zuurstofplanten.net\/\",\"name\":\"Zuurstofplanten.net\",\"description\":\"\",\"publisher\":{\"@id\":\"https:\/\/www.zuurstofplanten.net\/#organization\"},\"potentialAction\":[{\"@type\":\"SearchAction\",\"target\":{\"@type\":\"EntryPoint\",\"urlTemplate\":\"https:\/\/www.zuurstofplanten.net\/?s={search_term_string}\"},\"query-input\":{\"@type\":\"PropertyValueSpecification\",\"valueRequired\":true,\"valueName\":\"search_term_string\"}}],\"inLanguage\":\"fr-FR\"},{\"@type\":\"Organization\",\"@id\":\"https:\/\/www.zuurstofplanten.net\/#organization\",\"name\":\"Zuurstofplanten.net\",\"url\":\"https:\/\/www.zuurstofplanten.net\/\",\"logo\":{\"@type\":\"ImageObject\",\"inLanguage\":\"fr-FR\",\"@id\":\"https:\/\/www.zuurstofplanten.net\/#\/schema\/logo\/image\/\",\"url\":\"https:\/\/www.zuurstofplanten.net\/wp-content\/uploads\/2024\/10\/zuurstofplanten-logo-1.jpg\",\"contentUrl\":\"https:\/\/www.zuurstofplanten.net\/wp-content\/uploads\/2024\/10\/zuurstofplanten-logo-1.jpg\",\"width\":180,\"height\":60,\"caption\":\"Zuurstofplanten.net\"},\"image\":{\"@id\":\"https:\/\/www.zuurstofplanten.net\/#\/schema\/logo\/image\/\"}}]}<\/script>\n<!-- \/ Yoast SEO plugin. -->","yoast_head_json":{"title":"Yellow Lis | P\u00e9riode de floraison, informations et conseils | Oxygen Plants.net","description":"Le lis jaune est une belle plante \u00e0 fleurs qui convient parfaitement \u00e0 un filtre h\u00e9lophyte. Voir plus d'informations sur la p\u00e9riode de floraison, la hauteur, la profondeur, etc.","robots":{"index":"index","follow":"follow","max-snippet":"max-snippet:-1","max-image-preview":"max-image-preview:large","max-video-preview":"max-video-preview:-1"},"canonical":"https:\/\/www.zuurstofplanten.net\/fr\/helofyten\/gele-lis\/","og_locale":"fr_FR","og_type":"article","og_title":"Gele Lis | Bloeitijd, Informatie & Advies | Zuurstofplanten.net","og_description":"De gele lis is een mooi bloeiende plant welke zeer geschikt is voor een helofytenfilter. Bekijk meer info over bloeitijd, hoogte, diepte etc.","og_url":"https:\/\/www.zuurstofplanten.net\/fr\/helofyten\/gele-lis\/","og_site_name":"Zuurstofplanten.net","article_modified_time":"2025-06-04T09:30:26+00:00","og_image":[{"width":679,"height":500,"url":"https:\/\/www.zuurstofplanten.net\/wp-content\/uploads\/2024\/10\/Gele-Lis-1-1.jpg","type":"image\/jpeg"}],"twitter_card":"summary_large_image","twitter_misc":{"Dur\u00e9e de lecture estim\u00e9e":"3 minutes"},"schema":{"@context":"https:\/\/schema.org","@graph":[{"@type":"WebPage","@id":"https:\/\/www.zuurstofplanten.net\/helofyten\/gele-lis\/","url":"https:\/\/www.zuurstofplanten.net\/helofyten\/gele-lis\/","name":"Yellow Lis | P\u00e9riode de floraison, informations et conseils | Oxygen Plants.net","isPartOf":{"@id":"https:\/\/www.zuurstofplanten.net\/#website"},"primaryImageOfPage":{"@id":"https:\/\/www.zuurstofplanten.net\/helofyten\/gele-lis\/#primaryimage"},"image":{"@id":"https:\/\/www.zuurstofplanten.net\/helofyten\/gele-lis\/#primaryimage"},"thumbnailUrl":"https:\/\/www.zuurstofplanten.net\/wp-content\/uploads\/2024\/10\/Gele-Lis-1-1.jpg","datePublished":"2024-10-09T14:35:57+00:00","dateModified":"2025-06-04T09:30:26+00:00","description":"Le lis jaune est une belle plante \u00e0 fleurs qui convient parfaitement \u00e0 un filtre h\u00e9lophyte. Voir plus d'informations sur la p\u00e9riode de floraison, la hauteur, la profondeur, etc.","breadcrumb":{"@id":"https:\/\/www.zuurstofplanten.net\/helofyten\/gele-lis\/#breadcrumb"},"inLanguage":"fr-FR","potentialAction":[{"@type":"ReadAction","target":["https:\/\/www.zuurstofplanten.net\/helofyten\/gele-lis\/"]}]},{"@type":"ImageObject","inLanguage":"fr-FR","@id":"https:\/\/www.zuurstofplanten.net\/helofyten\/gele-lis\/#primaryimage","url":"https:\/\/www.zuurstofplanten.net\/wp-content\/uploads\/2024\/10\/Gele-Lis-1-1.jpg","contentUrl":"https:\/\/www.zuurstofplanten.net\/wp-content\/uploads\/2024\/10\/Gele-Lis-1-1.jpg"},{"@type":"BreadcrumbList","@id":"https:\/\/www.zuurstofplanten.net\/helofyten\/gele-lis\/#breadcrumb","itemListElement":[{"@type":"ListItem","position":1,"name":"Home","item":"https:\/\/www.zuurstofplanten.net\/"},{"@type":"ListItem","position":2,"name":"Helofyten","item":"https:\/\/www.zuurstofplanten.net\/helofyten\/"},{"@type":"ListItem","position":3,"name":"Gele Lis"}]},{"@type":"WebSite","@id":"https:\/\/www.zuurstofplanten.net\/#website","url":"https:\/\/www.zuurstofplanten.net\/","name":"Zuurstofplanten.net","description":"","publisher":{"@id":"https:\/\/www.zuurstofplanten.net\/#organization"},"potentialAction":[{"@type":"SearchAction","target":{"@type":"EntryPoint","urlTemplate":"https:\/\/www.zuurstofplanten.net\/?s={search_term_string}"},"query-input":{"@type":"PropertyValueSpecification","valueRequired":true,"valueName":"search_term_string"}}],"inLanguage":"fr-FR"},{"@type":"Organization","@id":"https:\/\/www.zuurstofplanten.net\/#organization","name":"Zuurstofplanten.net","url":"https:\/\/www.zuurstofplanten.net\/","logo":{"@type":"ImageObject","inLanguage":"fr-FR","@id":"https:\/\/www.zuurstofplanten.net\/#\/schema\/logo\/image\/","url":"https:\/\/www.zuurstofplanten.net\/wp-content\/uploads\/2024\/10\/zuurstofplanten-logo-1.jpg","contentUrl":"https:\/\/www.zuurstofplanten.net\/wp-content\/uploads\/2024\/10\/zuurstofplanten-logo-1.jpg","width":180,"height":60,"caption":"Zuurstofplanten.net"},"image":{"@id":"https:\/\/www.zuurstofplanten.net\/#\/schema\/logo\/image\/"}}]}},"_links":{"self":[{"href":"https:\/\/www.zuurstofplanten.net\/fr\/wp-json\/wp\/v2\/pages\/461","targetHints":{"allow":["GET"]}}],"collection":[{"href":"https:\/\/www.zuurstofplanten.net\/fr\/wp-json\/wp\/v2\/pages"}],"about":[{"href":"https:\/\/www.zuurstofplanten.net\/fr\/wp-json\/wp\/v2\/types\/page"}],"author":[{"embeddable":true,"href":"https:\/\/www.zuurstofplanten.net\/fr\/wp-json\/wp\/v2\/users\/4"}],"replies":[{"embeddable":true,"href":"https:\/\/www.zuurstofplanten.net\/fr\/wp-json\/wp\/v2\/comments?post=461"}],"version-history":[{"count":13,"href":"https:\/\/www.zuurstofplanten.net\/fr\/wp-json\/wp\/v2\/pages\/461\/revisions"}],"predecessor-version":[{"id":2102,"href":"https:\/\/www.zuurstofplanten.net\/fr\/wp-json\/wp\/v2\/pages\/461\/revisions\/2102"}],"up":[{"embeddable":true,"href":"https:\/\/www.zuurstofplanten.net\/fr\/wp-json\/wp\/v2\/pages\/467"}],"wp:attachment":[{"href":"https:\/\/www.zuurstofplanten.net\/fr\/wp-json\/wp\/v2\/media?parent=461"}],"curies":[{"name":"wp","href":"https:\/\/api.w.org\/{rel}","templated":true}]}}