{"id":455,"date":"2024-10-09T14:24:16","date_gmt":"2024-10-09T14:24:07","guid":{"rendered":"https:\/\/baselinkhosting.nl\/zuurstofplanten\/?page_id=455"},"modified":"2025-06-04T09:30:44","modified_gmt":"2025-06-04T09:30:44","slug":"calamus-2","status":"publish","type":"page","link":"https:\/\/www.zuurstofplanten.net\/fr\/helophytes\/calamus-2\/","title":{"rendered":"Calamus"},"content":{"rendered":"<div data-elementor-type=\"wp-page\" data-elementor-id=\"455\" class=\"elementor elementor-455\" data-elementor-post-type=\"page\">\n\t\t\t\t<div class=\"elementor-element elementor-element-d9c9323 e-flex e-con-boxed e-con e-parent\" data-id=\"d9c9323\" data-element_type=\"container\" data-e-type=\"container\" data-settings=\"{&quot;background_background&quot;:&quot;classic&quot;}\">\n\t\t\t\t\t<div class=\"e-con-inner\">\n\t\t\t\t<div class=\"elementor-element elementor-element-b7b6a84 elementor-widget elementor-widget-heading\" data-id=\"b7b6a84\" data-element_type=\"widget\" data-e-type=\"widget\" data-widget_type=\"heading.default\">\n\t\t\t\t<div class=\"elementor-widget-container\">\n\t\t\t\t\t<h1 class=\"elementor-heading-title elementor-size-default\">Calamus<\/h1>\t\t\t\t<\/div>\n\t\t\t\t<\/div>\n\t\t\t\t<div class=\"elementor-element elementor-element-b666e5b elementor-widget elementor-widget-breadcrumbs\" data-id=\"b666e5b\" data-element_type=\"widget\" data-e-type=\"widget\" data-widget_type=\"breadcrumbs.default\">\n\t\t\t\t<div class=\"elementor-widget-container\">\n\t\t\t\t\t<p id=\"breadcrumbs\"><span><span><a href=\"https:\/\/www.zuurstofplanten.net\/fr\/\">Accueil<\/a><\/span><\/span><\/p>\t\t\t\t<\/div>\n\t\t\t\t<\/div>\n\t\t\t\t\t<\/div>\n\t\t\t\t<\/div>\n\t\t<div class=\"elementor-element elementor-element-01d6cfe e-flex e-con-boxed e-con e-parent\" data-id=\"01d6cfe\" data-element_type=\"container\" data-e-type=\"container\">\n\t\t\t\t\t<div class=\"e-con-inner\">\n\t\t\t\t<div class=\"elementor-element elementor-element-6f3918c elementor-widget elementor-widget-heading\" data-id=\"6f3918c\" data-element_type=\"widget\" data-e-type=\"widget\" data-widget_type=\"heading.default\">\n\t\t\t\t<div class=\"elementor-widget-container\">\n\t\t\t\t\t<h2 class=\"elementor-heading-title elementor-size-default\">Filtre \u00e0 plantes avec Calamus. Parfait pour l'\u00e9limination des phosphates.<\/h2>\t\t\t\t<\/div>\n\t\t\t\t<\/div>\n\t\t<div class=\"elementor-element elementor-element-8c5fd1c e-grid e-con-full e-con e-child\" data-id=\"8c5fd1c\" data-element_type=\"container\" data-e-type=\"container\">\n\t\t\t\t<div class=\"elementor-element elementor-element-d295a26 elementor-widget elementor-widget-text-editor\" data-id=\"d295a26\" data-element_type=\"widget\" data-e-type=\"widget\" data-widget_type=\"text-editor.default\">\n\t\t\t\t<div class=\"elementor-widget-container\">\n\t\t\t\t\t\t\t\t\t<p>Le calamus est une plante mar\u00e9cageuse ou riveraine assez connue qui est r\u00e9guli\u00e8rement utilis\u00e9e dans l'\u00e9tang ou dans un filtre \u00e0 h\u00e9lophytes. En effet, l'application de cette plante est un moyen efficace d'\u00e9liminer les nutriments de l'eau. Un exc\u00e8s de substances nutritives (nitrates, phosphates) peut provoquer une explosion d'algues dans votre \u00e9tang, rendant l'eau aussi verte que l'herbe. Bien entendu, personne ne souhaite cela. Alors que le Lis jaune est connu pour ses qualit\u00e9s d'\u00e9limination des nitrates, pour l'\u00e9limination des phosphates, vous avez besoin du Calamus. Comme d'autres h\u00e9lophytes, cette plante riveraine cr\u00e9e de grands syst\u00e8mes racinaires, ce qui permet une filtration efficace.\u00a0<\/p>\t\t\t\t\t\t\t\t<\/div>\n\t\t\t\t<\/div>\n\t\t\t\t<div class=\"elementor-element elementor-element-5bbdfe0 elementor-widget elementor-widget-image\" data-id=\"5bbdfe0\" data-element_type=\"widget\" data-e-type=\"widget\" data-widget_type=\"image.default\">\n\t\t\t\t<div class=\"elementor-widget-container\">\n\t\t\t\t\t\t\t\t\t\t\t\t\t\t\t<img fetchpriority=\"high\" decoding=\"async\" width=\"214\" height=\"300\" src=\"https:\/\/www.zuurstofplanten.net\/wp-content\/uploads\/2024\/10\/Kalmoes-1-214x300.jpg\" class=\"attachment-medium size-medium wp-image-165\" alt=\"\" srcset=\"https:\/\/www.zuurstofplanten.net\/wp-content\/uploads\/2024\/10\/Kalmoes-1-214x300.jpg 214w, https:\/\/www.zuurstofplanten.net\/wp-content\/uploads\/2024\/10\/Kalmoes-1.jpg 534w\" sizes=\"(max-width: 214px) 100vw, 214px\" \/>\t\t\t\t\t\t\t\t\t\t\t\t\t\t\t<\/div>\n\t\t\t\t<\/div>\n\t\t\t\t<\/div>\n\t\t\t\t<div class=\"elementor-element elementor-element-67c2e5d elementor-widget elementor-widget-heading\" data-id=\"67c2e5d\" data-element_type=\"widget\" data-e-type=\"widget\" data-widget_type=\"heading.default\">\n\t\t\t\t<div class=\"elementor-widget-container\">\n\t\t\t\t\t<h3 class=\"elementor-heading-title elementor-size-default\">Calamus dans un filtre \u00e0 h\u00e9lophytes<\/h3>\t\t\t\t<\/div>\n\t\t\t\t<\/div>\n\t\t\t\t<div class=\"elementor-element elementor-element-55f73ad elementor-widget elementor-widget-text-editor\" data-id=\"55f73ad\" data-element_type=\"widget\" data-e-type=\"widget\" data-widget_type=\"text-editor.default\">\n\t\t\t\t<div class=\"elementor-widget-container\">\n\t\t\t\t\t\t\t\t\t<p>Le calamus, comme nous l'avons mentionn\u00e9, est souvent utilis\u00e9 dans un filtre v\u00e9g\u00e9tal ou un filtre \u00e0 h\u00e9lophytes. Un tel filtre v\u00e9g\u00e9tal signifie simplement que l'eau de l'\u00e9tang s'\u00e9coule le long des racines des plantes, qui \u00e9liminent ainsi les nutriments dissous dans l'eau. Les algues de l'\u00e9tang en ont ainsi beaucoup moins \u00e0 leur disposition, ce qui permet \u00e0 l'eau de rester claire. Un filtre \u00e0 h\u00e9lophytes ou filtre \u00e0 plantes convient parfaitement aux \u00e9tangs de baignade ou aux \u00e9tangs \u00e0 ko\u00ef qui pr\u00e9f\u00e8rent ne pas cultiver de plantes aquatiques.<\/p><p>Dans l'\u00e9tang \u00e9galement, le calamus est excellent pour l'\u00e9limination des phosphates. En outre, cette plante des marais d\u00e9gage un parfum d\u00e9licieux et \u00e9pic\u00e9, un peu comme le Berenburger. Vous pouvez facilement planter le calamus dans un panier d'\u00e9tang. Cela peut se faire avec du substrat, mais aussi avec des galets de lave, par exemple. Il est bien s\u00fbr possible de le planter dans un sol solide !<\/p>\t\t\t\t\t\t\t\t<\/div>\n\t\t\t\t<\/div>\n\t\t\t\t<div class=\"elementor-element elementor-element-bef3a31 elementor-widget elementor-widget-heading\" data-id=\"bef3a31\" data-element_type=\"widget\" data-e-type=\"widget\" data-widget_type=\"heading.default\">\n\t\t\t\t<div class=\"elementor-widget-container\">\n\t\t\t\t\t<h3 class=\"elementor-heading-title elementor-size-default\">R\u00e9partition et mode de croissance du calamus aux Pays-Bas et en Belgique<\/h3>\t\t\t\t<\/div>\n\t\t\t\t<\/div>\n\t\t\t\t<div class=\"elementor-element elementor-element-1ebd5be elementor-widget elementor-widget-text-editor\" data-id=\"1ebd5be\" data-element_type=\"widget\" data-e-type=\"widget\" data-widget_type=\"text-editor.default\">\n\t\t\t\t<div class=\"elementor-widget-container\">\n\t\t\t\t\t\t\t\t\t<p><i>Acorus calamus\u00a0<\/i>comme on appelle cette plante ripicole en latin, peut \u00eatre trouv\u00e9e \u00e0 l'\u00e9tat sauvage le long des berges des foss\u00e9s et d'autres plans d'eau dans de nombreux endroits en Europe. Originaire d'Asie du Sud-Est, elle a \u00e9t\u00e9 import\u00e9e en Europe d\u00e8s le XVIe si\u00e8cle et s'y est r\u00e9pandue.<\/p>\t\t\t\t\t\t\t\t<\/div>\n\t\t\t\t<\/div>\n\t\t\t\t<div class=\"elementor-element elementor-element-32d3935 elementor-widget elementor-widget-heading\" data-id=\"32d3935\" data-element_type=\"widget\" data-e-type=\"widget\" data-widget_type=\"heading.default\">\n\t\t\t\t<div class=\"elementor-widget-container\">\n\t\t\t\t\t<h4 class=\"elementor-heading-title elementor-size-default\">Hauteur de la plante<\/h4>\t\t\t\t<\/div>\n\t\t\t\t<\/div>\n\t\t\t\t<div class=\"elementor-element elementor-element-d168d89 elementor-widget elementor-widget-text-editor\" data-id=\"d168d89\" data-element_type=\"widget\" data-e-type=\"widget\" data-widget_type=\"text-editor.default\">\n\t\t\t\t<div class=\"elementor-widget-container\">\n\t\t\t\t\t\t\t\t\t<p>Le calamus mesure entre 60 et 110 cm de haut. Il ne fleurit pas vraiment aux Pays-Bas et en Belgique, bien qu'un \u00e9pi se forme.<\/p>\t\t\t\t\t\t\t\t<\/div>\n\t\t\t\t<\/div>\n\t\t\t\t<div class=\"elementor-element elementor-element-28e5c7d elementor-widget elementor-widget-heading\" data-id=\"28e5c7d\" data-element_type=\"widget\" data-e-type=\"widget\" data-widget_type=\"heading.default\">\n\t\t\t\t<div class=\"elementor-widget-container\">\n\t\t\t\t\t<h4 class=\"elementor-heading-title elementor-size-default\">Profondeur de plantation<\/h4>\t\t\t\t<\/div>\n\t\t\t\t<\/div>\n\t\t\t\t<div class=\"elementor-element elementor-element-801a2cd elementor-widget elementor-widget-text-editor\" data-id=\"801a2cd\" data-element_type=\"widget\" data-e-type=\"widget\" data-widget_type=\"text-editor.default\">\n\t\t\t\t<div class=\"elementor-widget-container\">\n\t\t\t\t\t\t\t\t\t<p>La profondeur de plantation du Calamus est d'environ 5 \u00e0 15 cm, ce qui permet une croissance optimale de cette plante de marais.<\/p>\t\t\t\t\t\t\t\t<\/div>\n\t\t\t\t<\/div>\n\t\t\t\t<div class=\"elementor-element elementor-element-7d11e5b elementor-cta--skin-classic elementor-animated-content elementor-bg-transform elementor-bg-transform-zoom-in elementor-widget elementor-widget-call-to-action\" data-id=\"7d11e5b\" data-element_type=\"widget\" data-e-type=\"widget\" data-widget_type=\"call-to-action.default\">\n\t\t\t\t<div class=\"elementor-widget-container\">\n\t\t\t\t\t\t\t<a class=\"elementor-cta\" href=\"https:\/\/vijvermeester.nl\/kalmoes.html?utm_source=affiliate&#038;utm_medium=partner&#038;utm_campaign=zuurstofplanten_net&#038;utm_content=kalmoes\" rel=\"nofollow\">\n\t\t\t\t\t<div class=\"elementor-cta__bg-wrapper\">\n\t\t\t\t<div class=\"elementor-cta__bg elementor-bg\" style=\"background-image: url(https:\/\/www.zuurstofplanten.net\/wp-content\/uploads\/2024\/10\/Kalmoes.jpg);\" role=\"img\" aria-label=\"Calamus\"><\/div>\n\t\t\t\t<div class=\"elementor-cta__bg-overlay\"><\/div>\n\t\t\t<\/div>\n\t\t\t\t\t\t\t<div class=\"elementor-cta__content\">\n\t\t\t\t\n\t\t\t\t\t\t\t\t\t<h2 class=\"elementor-cta__title elementor-cta__content-item elementor-content-item\">\n\t\t\t\t\t\tAcheter du calame ?\t\t\t\t\t<\/h2>\n\t\t\t\t\n\t\t\t\t\t\t\t\t\t<div class=\"elementor-cta__description elementor-cta__content-item elementor-content-item\">\n\t\t\t\t\t\tL'h\u00e9lophyte est en vente dans la boutique en ligne de The Pond Master. Vous y trouverez de magnifiques bouquets de plantes de haute qualit\u00e9, ainsi qu'un large \u00e9ventail d'autres plantes \u00e0 oxyg\u00e8ne.\t\t\t\t\t<\/div>\n\t\t\t\t\n\t\t\t\t\t\t\t\t\t<div class=\"elementor-cta__button-wrapper elementor-cta__content-item elementor-content-item\">\n\t\t\t\t\t<span class=\"elementor-cta__button elementor-button elementor-size-\">\n\t\t\t\t\t\tAcheter Calamus\t\t\t\t\t<\/span>\n\t\t\t\t\t<\/div>\n\t\t\t\t\t\t\t<\/div>\n\t\t\t\t\t\t<\/a>\n\t\t\t\t\t\t<\/div>\n\t\t\t\t<\/div>\n\t\t\t\t\t<\/div>\n\t\t\t\t<\/div>\n\t\t\t\t<\/div>","protected":false},"excerpt":{"rendered":"<p>Kalmoes Plantenfilter met Kalmoes. Perfect voor het verwijderen van fosfaat. Kalmoes is een redelijk bekende moeras- of oeverplant welke regelmatig wordt toegepast in de vijver of in een helofytenfilter. De reden hiervoor is dat het toepassen van deze plant een effici\u00ebnte manier is om voedingsstoffen uit het water te halen. Een teveel aan voedingsstoffen (nitraat, [&hellip;]<\/p>","protected":false},"author":4,"featured_media":0,"parent":467,"menu_order":1,"comment_status":"closed","ping_status":"closed","template":"","meta":{"_acf_changed":false,"iawp_total_views":267,"footnotes":""},"class_list":["post-455","page","type-page","status-publish","hentry"],"acf":[],"yoast_head":"<!-- This site is optimized with the Yoast SEO plugin v25.5 - https:\/\/yoast.com\/wordpress\/plugins\/seo\/ -->\n<title>Kalmoes in Vijver | Perfect als Plantenfilter | Zuurstofplanten.net<\/title>\n<meta name=\"description\" content=\"Een heerlijke geur en de goede fosfaatverwijdering maken Kalmoes een goede vijverplant. Lees meer over de hoogte, plantdiepte, planten etc.\" \/>\n<meta name=\"robots\" content=\"index, follow, max-snippet:-1, max-image-preview:large, max-video-preview:-1\" \/>\n<link rel=\"canonical\" href=\"https:\/\/www.zuurstofplanten.net\/fr\/helophytes\/calamus-2\/\" \/>\n<meta property=\"og:locale\" content=\"fr_FR\" \/>\n<meta property=\"og:type\" content=\"article\" \/>\n<meta property=\"og:title\" content=\"Kalmoes in Vijver | Perfect als Plantenfilter | Zuurstofplanten.net\" \/>\n<meta property=\"og:description\" content=\"Een heerlijke geur en de goede fosfaatverwijdering maken Kalmoes een goede vijverplant. Lees meer over de hoogte, plantdiepte, planten etc.\" \/>\n<meta property=\"og:url\" content=\"https:\/\/www.zuurstofplanten.net\/fr\/helophytes\/calamus-2\/\" \/>\n<meta property=\"og:site_name\" content=\"Zuurstofplanten.net\" \/>\n<meta property=\"article:modified_time\" content=\"2025-06-04T09:30:44+00:00\" \/>\n<meta property=\"og:image\" content=\"https:\/\/www.zuurstofplanten.net\/wp-content\/uploads\/2024\/10\/Kalmoes-1.jpg\" \/>\n\t<meta property=\"og:image:width\" content=\"534\" \/>\n\t<meta property=\"og:image:height\" content=\"747\" \/>\n\t<meta property=\"og:image:type\" content=\"image\/jpeg\" \/>\n<meta name=\"twitter:card\" content=\"summary_large_image\" \/>\n<meta name=\"twitter:label1\" content=\"Dur\u00e9e de lecture estim\u00e9e\" \/>\n\t<meta name=\"twitter:data1\" content=\"3 minutes\" \/>\n<script type=\"application\/ld+json\" class=\"yoast-schema-graph\">{\"@context\":\"https:\/\/schema.org\",\"@graph\":[{\"@type\":\"WebPage\",\"@id\":\"https:\/\/www.zuurstofplanten.net\/helofyten\/kalmoes-2\/\",\"url\":\"https:\/\/www.zuurstofplanten.net\/helofyten\/kalmoes-2\/\",\"name\":\"Kalmoes in Vijver | Perfect als Plantenfilter | Zuurstofplanten.net\",\"isPartOf\":{\"@id\":\"https:\/\/www.zuurstofplanten.net\/#website\"},\"primaryImageOfPage\":{\"@id\":\"https:\/\/www.zuurstofplanten.net\/helofyten\/kalmoes-2\/#primaryimage\"},\"image\":{\"@id\":\"https:\/\/www.zuurstofplanten.net\/helofyten\/kalmoes-2\/#primaryimage\"},\"thumbnailUrl\":\"https:\/\/www.zuurstofplanten.net\/wp-content\/uploads\/2024\/10\/Kalmoes-1-214x300.jpg\",\"datePublished\":\"2024-10-09T14:24:07+00:00\",\"dateModified\":\"2025-06-04T09:30:44+00:00\",\"description\":\"Een heerlijke geur en de goede fosfaatverwijdering maken Kalmoes een goede vijverplant. Lees meer over de hoogte, plantdiepte, planten etc.\",\"breadcrumb\":{\"@id\":\"https:\/\/www.zuurstofplanten.net\/helofyten\/kalmoes-2\/#breadcrumb\"},\"inLanguage\":\"fr-FR\",\"potentialAction\":[{\"@type\":\"ReadAction\",\"target\":[\"https:\/\/www.zuurstofplanten.net\/helofyten\/kalmoes-2\/\"]}]},{\"@type\":\"ImageObject\",\"inLanguage\":\"fr-FR\",\"@id\":\"https:\/\/www.zuurstofplanten.net\/helofyten\/kalmoes-2\/#primaryimage\",\"url\":\"https:\/\/www.zuurstofplanten.net\/wp-content\/uploads\/2024\/10\/Kalmoes-1-214x300.jpg\",\"contentUrl\":\"https:\/\/www.zuurstofplanten.net\/wp-content\/uploads\/2024\/10\/Kalmoes-1-214x300.jpg\"},{\"@type\":\"BreadcrumbList\",\"@id\":\"https:\/\/www.zuurstofplanten.net\/helofyten\/kalmoes-2\/#breadcrumb\",\"itemListElement\":[{\"@type\":\"ListItem\",\"position\":1,\"name\":\"Home\",\"item\":\"https:\/\/www.zuurstofplanten.net\/\"},{\"@type\":\"ListItem\",\"position\":2,\"name\":\"Helofyten\",\"item\":\"https:\/\/www.zuurstofplanten.net\/helofyten\/\"},{\"@type\":\"ListItem\",\"position\":3,\"name\":\"Kalmoes\"}]},{\"@type\":\"WebSite\",\"@id\":\"https:\/\/www.zuurstofplanten.net\/#website\",\"url\":\"https:\/\/www.zuurstofplanten.net\/\",\"name\":\"Zuurstofplanten.net\",\"description\":\"\",\"publisher\":{\"@id\":\"https:\/\/www.zuurstofplanten.net\/#organization\"},\"potentialAction\":[{\"@type\":\"SearchAction\",\"target\":{\"@type\":\"EntryPoint\",\"urlTemplate\":\"https:\/\/www.zuurstofplanten.net\/?s={search_term_string}\"},\"query-input\":{\"@type\":\"PropertyValueSpecification\",\"valueRequired\":true,\"valueName\":\"search_term_string\"}}],\"inLanguage\":\"fr-FR\"},{\"@type\":\"Organization\",\"@id\":\"https:\/\/www.zuurstofplanten.net\/#organization\",\"name\":\"Zuurstofplanten.net\",\"url\":\"https:\/\/www.zuurstofplanten.net\/\",\"logo\":{\"@type\":\"ImageObject\",\"inLanguage\":\"fr-FR\",\"@id\":\"https:\/\/www.zuurstofplanten.net\/#\/schema\/logo\/image\/\",\"url\":\"https:\/\/www.zuurstofplanten.net\/wp-content\/uploads\/2024\/10\/zuurstofplanten-logo-1.jpg\",\"contentUrl\":\"https:\/\/www.zuurstofplanten.net\/wp-content\/uploads\/2024\/10\/zuurstofplanten-logo-1.jpg\",\"width\":180,\"height\":60,\"caption\":\"Zuurstofplanten.net\"},\"image\":{\"@id\":\"https:\/\/www.zuurstofplanten.net\/#\/schema\/logo\/image\/\"}}]}<\/script>\n<!-- \/ Yoast SEO plugin. -->","yoast_head_json":{"title":"Calamus dans l'\u00e9tang | Parfait comme filtre v\u00e9g\u00e9tal | Oxygen Plants.net","description":"Un parfum agr\u00e9able et une bonne \u00e9limination des phosphates font du Calamus une bonne plante de bassin. En savoir plus sur la hauteur, la profondeur de plantation, la plantation, etc.","robots":{"index":"index","follow":"follow","max-snippet":"max-snippet:-1","max-image-preview":"max-image-preview:large","max-video-preview":"max-video-preview:-1"},"canonical":"https:\/\/www.zuurstofplanten.net\/fr\/helophytes\/calamus-2\/","og_locale":"fr_FR","og_type":"article","og_title":"Kalmoes in Vijver | Perfect als Plantenfilter | Zuurstofplanten.net","og_description":"Een heerlijke geur en de goede fosfaatverwijdering maken Kalmoes een goede vijverplant. Lees meer over de hoogte, plantdiepte, planten etc.","og_url":"https:\/\/www.zuurstofplanten.net\/fr\/helophytes\/calamus-2\/","og_site_name":"Zuurstofplanten.net","article_modified_time":"2025-06-04T09:30:44+00:00","og_image":[{"width":534,"height":747,"url":"https:\/\/www.zuurstofplanten.net\/wp-content\/uploads\/2024\/10\/Kalmoes-1.jpg","type":"image\/jpeg"}],"twitter_card":"summary_large_image","twitter_misc":{"Dur\u00e9e de lecture estim\u00e9e":"3 minutes"},"schema":{"@context":"https:\/\/schema.org","@graph":[{"@type":"WebPage","@id":"https:\/\/www.zuurstofplanten.net\/helofyten\/kalmoes-2\/","url":"https:\/\/www.zuurstofplanten.net\/helofyten\/kalmoes-2\/","name":"Calamus dans l'\u00e9tang | Parfait comme filtre v\u00e9g\u00e9tal | Oxygen Plants.net","isPartOf":{"@id":"https:\/\/www.zuurstofplanten.net\/#website"},"primaryImageOfPage":{"@id":"https:\/\/www.zuurstofplanten.net\/helofyten\/kalmoes-2\/#primaryimage"},"image":{"@id":"https:\/\/www.zuurstofplanten.net\/helofyten\/kalmoes-2\/#primaryimage"},"thumbnailUrl":"https:\/\/www.zuurstofplanten.net\/wp-content\/uploads\/2024\/10\/Kalmoes-1-214x300.jpg","datePublished":"2024-10-09T14:24:07+00:00","dateModified":"2025-06-04T09:30:44+00:00","description":"Un parfum agr\u00e9able et une bonne \u00e9limination des phosphates font du Calamus une bonne plante de bassin. En savoir plus sur la hauteur, la profondeur de plantation, la plantation, etc.","breadcrumb":{"@id":"https:\/\/www.zuurstofplanten.net\/helofyten\/kalmoes-2\/#breadcrumb"},"inLanguage":"fr-FR","potentialAction":[{"@type":"ReadAction","target":["https:\/\/www.zuurstofplanten.net\/helofyten\/kalmoes-2\/"]}]},{"@type":"ImageObject","inLanguage":"fr-FR","@id":"https:\/\/www.zuurstofplanten.net\/helofyten\/kalmoes-2\/#primaryimage","url":"https:\/\/www.zuurstofplanten.net\/wp-content\/uploads\/2024\/10\/Kalmoes-1-214x300.jpg","contentUrl":"https:\/\/www.zuurstofplanten.net\/wp-content\/uploads\/2024\/10\/Kalmoes-1-214x300.jpg"},{"@type":"BreadcrumbList","@id":"https:\/\/www.zuurstofplanten.net\/helofyten\/kalmoes-2\/#breadcrumb","itemListElement":[{"@type":"ListItem","position":1,"name":"Home","item":"https:\/\/www.zuurstofplanten.net\/"},{"@type":"ListItem","position":2,"name":"Helofyten","item":"https:\/\/www.zuurstofplanten.net\/helofyten\/"},{"@type":"ListItem","position":3,"name":"Kalmoes"}]},{"@type":"WebSite","@id":"https:\/\/www.zuurstofplanten.net\/#website","url":"https:\/\/www.zuurstofplanten.net\/","name":"Zuurstofplanten.net","description":"","publisher":{"@id":"https:\/\/www.zuurstofplanten.net\/#organization"},"potentialAction":[{"@type":"SearchAction","target":{"@type":"EntryPoint","urlTemplate":"https:\/\/www.zuurstofplanten.net\/?s={search_term_string}"},"query-input":{"@type":"PropertyValueSpecification","valueRequired":true,"valueName":"search_term_string"}}],"inLanguage":"fr-FR"},{"@type":"Organization","@id":"https:\/\/www.zuurstofplanten.net\/#organization","name":"Zuurstofplanten.net","url":"https:\/\/www.zuurstofplanten.net\/","logo":{"@type":"ImageObject","inLanguage":"fr-FR","@id":"https:\/\/www.zuurstofplanten.net\/#\/schema\/logo\/image\/","url":"https:\/\/www.zuurstofplanten.net\/wp-content\/uploads\/2024\/10\/zuurstofplanten-logo-1.jpg","contentUrl":"https:\/\/www.zuurstofplanten.net\/wp-content\/uploads\/2024\/10\/zuurstofplanten-logo-1.jpg","width":180,"height":60,"caption":"Zuurstofplanten.net"},"image":{"@id":"https:\/\/www.zuurstofplanten.net\/#\/schema\/logo\/image\/"}}]}},"_links":{"self":[{"href":"https:\/\/www.zuurstofplanten.net\/fr\/wp-json\/wp\/v2\/pages\/455"}],"collection":[{"href":"https:\/\/www.zuurstofplanten.net\/fr\/wp-json\/wp\/v2\/pages"}],"about":[{"href":"https:\/\/www.zuurstofplanten.net\/fr\/wp-json\/wp\/v2\/types\/page"}],"author":[{"embeddable":true,"href":"https:\/\/www.zuurstofplanten.net\/fr\/wp-json\/wp\/v2\/users\/4"}],"replies":[{"embeddable":true,"href":"https:\/\/www.zuurstofplanten.net\/fr\/wp-json\/wp\/v2\/comments?post=455"}],"version-history":[{"count":13,"href":"https:\/\/www.zuurstofplanten.net\/fr\/wp-json\/wp\/v2\/pages\/455\/revisions"}],"predecessor-version":[{"id":2105,"href":"https:\/\/www.zuurstofplanten.net\/fr\/wp-json\/wp\/v2\/pages\/455\/revisions\/2105"}],"up":[{"embeddable":true,"href":"https:\/\/www.zuurstofplanten.net\/fr\/wp-json\/wp\/v2\/pages\/467"}],"wp:attachment":[{"href":"https:\/\/www.zuurstofplanten.net\/fr\/wp-json\/wp\/v2\/media?parent=455"}],"curies":[{"name":"wp","href":"https:\/\/api.w.org\/{rel}","templated":true}]}}