{"id":443,"date":"2024-10-09T13:55:22","date_gmt":"2024-10-09T13:55:22","guid":{"rendered":"https:\/\/baselinkhosting.nl\/zuurstofplanten\/?page_id=443"},"modified":"2025-07-07T11:27:06","modified_gmt":"2025-07-07T11:27:06","slug":"krabbescheer","status":"publish","type":"page","link":"https:\/\/www.zuurstofplanten.net\/fr\/drijfplanten\/krabbescheer\/","title":{"rendered":"Crabier"},"content":{"rendered":"<div data-elementor-type=\"wp-page\" data-elementor-id=\"443\" class=\"elementor elementor-443\" data-elementor-post-type=\"page\">\n\t\t\t\t<div class=\"elementor-element elementor-element-b9013e7 e-flex e-con-boxed e-con e-parent\" data-id=\"b9013e7\" data-element_type=\"container\" data-e-type=\"container\" data-settings=\"{&quot;background_background&quot;:&quot;classic&quot;}\">\n\t\t\t\t\t<div class=\"e-con-inner\">\n\t\t\t\t<div class=\"elementor-element elementor-element-9a258fa elementor-widget elementor-widget-heading\" data-id=\"9a258fa\" data-element_type=\"widget\" data-e-type=\"widget\" data-widget_type=\"heading.default\">\n\t\t\t\t<div class=\"elementor-widget-container\">\n\t\t\t\t\t<h1 class=\"elementor-heading-title elementor-size-default\">Crabier<\/h1>\t\t\t\t<\/div>\n\t\t\t\t<\/div>\n\t\t\t\t<div class=\"elementor-element elementor-element-7e1d48b elementor-widget elementor-widget-breadcrumbs\" data-id=\"7e1d48b\" data-element_type=\"widget\" data-e-type=\"widget\" data-widget_type=\"breadcrumbs.default\">\n\t\t\t\t<div class=\"elementor-widget-container\">\n\t\t\t\t\t<p id=\"breadcrumbs\"><span><span><a href=\"https:\/\/www.zuurstofplanten.net\/fr\/\">Accueil<\/a><\/span><\/span><\/p>\t\t\t\t<\/div>\n\t\t\t\t<\/div>\n\t\t\t\t\t<\/div>\n\t\t\t\t<\/div>\n\t\t<div class=\"elementor-element elementor-element-8500b4b e-flex e-con-boxed e-con e-parent\" data-id=\"8500b4b\" data-element_type=\"container\" data-e-type=\"container\">\n\t\t\t\t\t<div class=\"e-con-inner\">\n\t\t\t\t<div class=\"elementor-element elementor-element-f5cf97e elementor-widget elementor-widget-heading\" data-id=\"f5cf97e\" data-element_type=\"widget\" data-e-type=\"widget\" data-widget_type=\"heading.default\">\n\t\t\t\t<div class=\"elementor-widget-container\">\n\t\t\t\t\t<h2 class=\"elementor-heading-title elementor-size-default\">Crabe de mer. Plante d'oxyg\u00e8ne flottante avec de bonnes propri\u00e9t\u00e9s.<\/h2>\t\t\t\t<\/div>\n\t\t\t\t<\/div>\n\t\t<div class=\"elementor-element elementor-element-297bfcb e-grid e-con-full e-con e-child\" data-id=\"297bfcb\" data-element_type=\"container\" data-e-type=\"container\">\n\t\t\t\t<div class=\"elementor-element elementor-element-831598b elementor-widget elementor-widget-text-editor\" data-id=\"831598b\" data-element_type=\"widget\" data-e-type=\"widget\" data-widget_type=\"text-editor.default\">\n\t\t\t\t<div class=\"elementor-widget-container\">\n\t\t\t\t\t\t\t\t\t<p>Il s'agit d'une plante de bassin que l'on ne rencontre pas souvent. Dommage, car cette plante \u00e0 oxyg\u00e8ne flottante a des propri\u00e9t\u00e9s particuli\u00e8rement int\u00e9ressantes ! La pomme de crabe ressemble un peu \u00e0 un Yucca ; elle a des feuilles dent\u00e9es en forme d'\u00e9p\u00e9e qui poussent en partie sous l'eau et en partie au-dessus de l'eau et qui peuvent atteindre jusqu'\u00e0 50 cm de long. Gr\u00e2ce \u00e0 ces feuilles dentel\u00e9es qui poussent en rosette, cette plante aquatique offre un abri aux amphibiens et aux poissons. Comme <strong><a href=\"https:\/\/www.zuurstofplanten.net\/fr\/zuurstof-planten\/fijn-hoornblad\/\">Feuille de corne<\/a> <\/strong>cette plante prot\u00e8ge \u00e9galement les jeunes poissons et les grenouilles.<\/p><p>In de vijver heeft Krabbescheer een aantal grote voordelen. De plant is allelopatisch. Het scheidt een stofje af wat de groei van zweefalgen tegengaat. Daarnaast groeit het snel en haalt het de voor deze groei benodigde voedingsstoffen direct uit de waterkolom. Hierdoor concurreert het nog eens extra met de zweefalgen in uw vijver. Doordat deze drijvende plant ook nog eens zonlicht tegenhoudt hebben de algen er een geduchte concurrent bij! Ook bekende zuurstofplanten zoals <strong><a href=\"https:\/\/www.zuurstofplanten.net\/fr\/zuurstof-planten\/waterpest\/\">Les algues marines<\/a><\/strong> sont connues pour leur effet inhibiteur sur les algues. L'avantage des feuilles dent\u00e9es est que le Crabber est g\u00e9n\u00e9ralement laiss\u00e9 tranquille par les carpes ko\u00ef et autres cr\u00e9atures semblables \u00e0 des carpes.<\/p><p>L'inflorescence mignonne avec ses fleurs blanches est un atout suppl\u00e9mentaire.<\/p>\t\t\t\t\t\t\t\t<\/div>\n\t\t\t\t<\/div>\n\t\t\t\t<div class=\"elementor-element elementor-element-d17b7ef elementor-widget elementor-widget-image\" data-id=\"d17b7ef\" data-element_type=\"widget\" data-e-type=\"widget\" data-widget_type=\"image.default\">\n\t\t\t\t<div class=\"elementor-widget-container\">\n\t\t\t\t\t\t\t\t\t\t\t\t\t\t\t<img fetchpriority=\"high\" decoding=\"async\" width=\"650\" height=\"487\" src=\"https:\/\/www.zuurstofplanten.net\/wp-content\/uploads\/2024\/10\/krabbescheer0.jpg\" class=\"attachment-full size-full wp-image-182\" alt=\"\" srcset=\"https:\/\/www.zuurstofplanten.net\/wp-content\/uploads\/2024\/10\/krabbescheer0.jpg 650w, https:\/\/www.zuurstofplanten.net\/wp-content\/uploads\/2024\/10\/krabbescheer0-300x225.jpg 300w\" sizes=\"(max-width: 650px) 100vw, 650px\" \/>\t\t\t\t\t\t\t\t\t\t\t\t\t\t\t<\/div>\n\t\t\t\t<\/div>\n\t\t\t\t<\/div>\n\t\t\t\t<div class=\"elementor-element elementor-element-7e1ce05 elementor-widget elementor-widget-heading\" data-id=\"7e1ce05\" data-element_type=\"widget\" data-e-type=\"widget\" data-widget_type=\"heading.default\">\n\t\t\t\t<div class=\"elementor-widget-container\">\n\t\t\t\t\t<h3 class=\"elementor-heading-title elementor-size-default\">Crabbear aux Pays-Bas et en Belgique<\/h3>\t\t\t\t<\/div>\n\t\t\t\t<\/div>\n\t\t\t\t<div class=\"elementor-element elementor-element-01a4b55 elementor-widget elementor-widget-text-editor\" data-id=\"01a4b55\" data-element_type=\"widget\" data-e-type=\"widget\" data-widget_type=\"text-editor.default\">\n\t\t\t\t<div class=\"elementor-widget-container\">\n\t\t\t\t\t\t\t\t\t<p>Le Krabbescheer est une plante originaire des Pays-Bas et de Belgique. Comme elle pousse dans des foss\u00e9s propres, pas trop riches en nutriments, et qu'elle est sensible \u00e0 la pollution de l'environnement, cette plante a \u00e9t\u00e9 durement touch\u00e9e au cours des derni\u00e8res d\u00e9cennies.<\/p><p>Cela n'est d'ailleurs pas d\u00fb \u00e0 la vitesse de croissance. Cette plante se propageant de mani\u00e8re v\u00e9g\u00e9tative, un foss\u00e9 appropri\u00e9 peut devenir plein en une seule saison ! Cette multiplication v\u00e9g\u00e9tative est d'ailleurs tr\u00e8s esth\u00e9tique : chaque plante porte alors un ou deux petits cr\u00e2nes de pomme de terre.<\/p><p>\u00c0 la fin de l'automne, les plantes descendent au fond de l'eau, o\u00f9 elles restent tout l'hiver avant de remonter \u00e0 la surface au printemps pour poursuivre leur croissance.<\/p>\t\t\t\t\t\t\t\t<\/div>\n\t\t\t\t<\/div>\n\t\t\t\t<div class=\"elementor-element elementor-element-211d6d8 elementor-cta--skin-classic elementor-animated-content elementor-bg-transform elementor-bg-transform-zoom-in elementor-widget elementor-widget-call-to-action\" data-id=\"211d6d8\" data-element_type=\"widget\" data-e-type=\"widget\" data-widget_type=\"call-to-action.default\">\n\t\t\t\t<div class=\"elementor-widget-container\">\n\t\t\t\t\t\t\t<a class=\"elementor-cta\" href=\"https:\/\/vijvermeester.nl\/krabbescheer.html?utm_source=affiliate&#038;utm_medium=partner&#038;utm_campaign=zuurstofplanten_net&#038;utm_content=krabbescheer\" rel=\"nofollow\">\n\t\t\t\t\t<div class=\"elementor-cta__bg-wrapper\">\n\t\t\t\t<div class=\"elementor-cta__bg elementor-bg\" style=\"background-image: url(https:\/\/www.zuurstofplanten.net\/wp-content\/uploads\/2024\/10\/Krabbescheer-1024x767-1-1.jpg);\" role=\"img\" aria-label=\"Krabbescheer-1024x767-1\"><\/div>\n\t\t\t\t<div class=\"elementor-cta__bg-overlay\"><\/div>\n\t\t\t<\/div>\n\t\t\t\t\t\t\t<div class=\"elementor-cta__content\">\n\t\t\t\t\n\t\t\t\t\t\t\t\t\t<h2 class=\"elementor-cta__title elementor-cta__content-item elementor-content-item\">\n\t\t\t\t\t\tAcheter un crabier ?\t\t\t\t\t<\/h2>\n\t\t\t\t\n\t\t\t\t\t\t\t\t\t<div class=\"elementor-cta__description elementor-cta__content-item elementor-content-item\">\n\t\t\t\t\t\tLes plantes flottantes sont en vente dans la boutique en ligne de De Vijvermeester. Vous y trouverez de magnifiques bouquets de qualit\u00e9 sup\u00e9rieure.\t\t\t\t\t<\/div>\n\t\t\t\t\n\t\t\t\t\t\t\t\t\t<div class=\"elementor-cta__button-wrapper elementor-cta__content-item elementor-content-item\">\n\t\t\t\t\t<span class=\"elementor-cta__button elementor-button elementor-size-\">\n\t\t\t\t\t\tAcheter un crabier\t\t\t\t\t<\/span>\n\t\t\t\t\t<\/div>\n\t\t\t\t\t\t\t<\/div>\n\t\t\t\t\t\t<\/a>\n\t\t\t\t\t\t<\/div>\n\t\t\t\t<\/div>\n\t\t\t\t\t<\/div>\n\t\t\t\t<\/div>\n\t\t\t\t<\/div>","protected":false},"excerpt":{"rendered":"<p>Crabbear Crabbear. Plante oxyg\u00e9n\u00e9e flottante avec de bonnes propri\u00e9t\u00e9s. Il s'agit d'une plante de bassin que l'on ne rencontre pas souvent. C'est dommage, car cette plante \u00e0 oxyg\u00e8ne flottante a des propri\u00e9t\u00e9s particuli\u00e8rement int\u00e9ressantes ! Le crabe ressemble un peu \u00e0 un Yucca ; il a des feuilles dent\u00e9es en forme d'\u00e9p\u00e9e qui poussent en partie sous l'eau et en partie au-dessus de l'eau et qui peuvent atteindre 50 cm de long [...].<\/p>","protected":false},"author":4,"featured_media":0,"parent":449,"menu_order":0,"comment_status":"closed","ping_status":"closed","template":"","meta":{"_acf_changed":false,"iawp_total_views":1166,"footnotes":""},"class_list":["post-443","page","type-page","status-publish","hentry"],"acf":[],"yoast_head":"<!-- This site is optimized with the Yoast SEO plugin v25.5 - https:\/\/yoast.com\/wordpress\/plugins\/seo\/ -->\n<title>Krabbescheer | Planten, Onderhoud &amp; Advies | Zuurstofplanten.net<\/title>\n<meta name=\"description\" content=\"Krabbescheer is een zeer leuke vijverplant, welke goed werkt tegen algen. Daarnaast is het een schuilplaatst voor amfibie\u00ebn en insecten.\" \/>\n<meta name=\"robots\" content=\"index, follow, max-snippet:-1, max-image-preview:large, max-video-preview:-1\" \/>\n<link rel=\"canonical\" href=\"https:\/\/www.zuurstofplanten.net\/fr\/drijfplanten\/krabbescheer\/\" \/>\n<meta property=\"og:locale\" content=\"fr_FR\" \/>\n<meta property=\"og:type\" content=\"article\" \/>\n<meta property=\"og:title\" content=\"Krabbescheer | Planten, Onderhoud &amp; Advies | Zuurstofplanten.net\" \/>\n<meta property=\"og:description\" content=\"Krabbescheer is een zeer leuke vijverplant, welke goed werkt tegen algen. Daarnaast is het een schuilplaatst voor amfibie\u00ebn en insecten.\" \/>\n<meta property=\"og:url\" content=\"https:\/\/www.zuurstofplanten.net\/fr\/drijfplanten\/krabbescheer\/\" \/>\n<meta property=\"og:site_name\" content=\"Zuurstofplanten.net\" \/>\n<meta property=\"article:modified_time\" content=\"2025-07-07T11:27:06+00:00\" \/>\n<meta property=\"og:image\" content=\"https:\/\/www.zuurstofplanten.net\/wp-content\/uploads\/2024\/10\/krabbescheer0.jpg\" \/>\n\t<meta property=\"og:image:width\" content=\"650\" \/>\n\t<meta property=\"og:image:height\" content=\"487\" \/>\n\t<meta property=\"og:image:type\" content=\"image\/jpeg\" \/>\n<meta name=\"twitter:card\" content=\"summary_large_image\" \/>\n<meta name=\"twitter:label1\" content=\"Dur\u00e9e de lecture estim\u00e9e\" \/>\n\t<meta name=\"twitter:data1\" content=\"2 minutes\" \/>\n<script type=\"application\/ld+json\" class=\"yoast-schema-graph\">{\"@context\":\"https:\/\/schema.org\",\"@graph\":[{\"@type\":\"WebPage\",\"@id\":\"https:\/\/www.zuurstofplanten.net\/drijfplanten\/krabbescheer\/\",\"url\":\"https:\/\/www.zuurstofplanten.net\/drijfplanten\/krabbescheer\/\",\"name\":\"Krabbescheer | Planten, Onderhoud & Advies | Zuurstofplanten.net\",\"isPartOf\":{\"@id\":\"https:\/\/www.zuurstofplanten.net\/#website\"},\"primaryImageOfPage\":{\"@id\":\"https:\/\/www.zuurstofplanten.net\/drijfplanten\/krabbescheer\/#primaryimage\"},\"image\":{\"@id\":\"https:\/\/www.zuurstofplanten.net\/drijfplanten\/krabbescheer\/#primaryimage\"},\"thumbnailUrl\":\"https:\/\/www.zuurstofplanten.net\/wp-content\/uploads\/2024\/10\/krabbescheer0.jpg\",\"datePublished\":\"2024-10-09T13:55:22+00:00\",\"dateModified\":\"2025-07-07T11:27:06+00:00\",\"description\":\"Krabbescheer is een zeer leuke vijverplant, welke goed werkt tegen algen. Daarnaast is het een schuilplaatst voor amfibie\u00ebn en insecten.\",\"breadcrumb\":{\"@id\":\"https:\/\/www.zuurstofplanten.net\/drijfplanten\/krabbescheer\/#breadcrumb\"},\"inLanguage\":\"fr-FR\",\"potentialAction\":[{\"@type\":\"ReadAction\",\"target\":[\"https:\/\/www.zuurstofplanten.net\/drijfplanten\/krabbescheer\/\"]}]},{\"@type\":\"ImageObject\",\"inLanguage\":\"fr-FR\",\"@id\":\"https:\/\/www.zuurstofplanten.net\/drijfplanten\/krabbescheer\/#primaryimage\",\"url\":\"https:\/\/www.zuurstofplanten.net\/wp-content\/uploads\/2024\/10\/krabbescheer0.jpg\",\"contentUrl\":\"https:\/\/www.zuurstofplanten.net\/wp-content\/uploads\/2024\/10\/krabbescheer0.jpg\"},{\"@type\":\"BreadcrumbList\",\"@id\":\"https:\/\/www.zuurstofplanten.net\/drijfplanten\/krabbescheer\/#breadcrumb\",\"itemListElement\":[{\"@type\":\"ListItem\",\"position\":1,\"name\":\"Home\",\"item\":\"https:\/\/www.zuurstofplanten.net\/\"},{\"@type\":\"ListItem\",\"position\":2,\"name\":\"Drijfplanten\",\"item\":\"https:\/\/www.zuurstofplanten.net\/drijfplanten\/\"},{\"@type\":\"ListItem\",\"position\":3,\"name\":\"Krabbescheer\"}]},{\"@type\":\"WebSite\",\"@id\":\"https:\/\/www.zuurstofplanten.net\/#website\",\"url\":\"https:\/\/www.zuurstofplanten.net\/\",\"name\":\"Zuurstofplanten.net\",\"description\":\"\",\"publisher\":{\"@id\":\"https:\/\/www.zuurstofplanten.net\/#organization\"},\"potentialAction\":[{\"@type\":\"SearchAction\",\"target\":{\"@type\":\"EntryPoint\",\"urlTemplate\":\"https:\/\/www.zuurstofplanten.net\/?s={search_term_string}\"},\"query-input\":{\"@type\":\"PropertyValueSpecification\",\"valueRequired\":true,\"valueName\":\"search_term_string\"}}],\"inLanguage\":\"fr-FR\"},{\"@type\":\"Organization\",\"@id\":\"https:\/\/www.zuurstofplanten.net\/#organization\",\"name\":\"Zuurstofplanten.net\",\"url\":\"https:\/\/www.zuurstofplanten.net\/\",\"logo\":{\"@type\":\"ImageObject\",\"inLanguage\":\"fr-FR\",\"@id\":\"https:\/\/www.zuurstofplanten.net\/#\/schema\/logo\/image\/\",\"url\":\"https:\/\/www.zuurstofplanten.net\/wp-content\/uploads\/2024\/10\/zuurstofplanten-logo-1.jpg\",\"contentUrl\":\"https:\/\/www.zuurstofplanten.net\/wp-content\/uploads\/2024\/10\/zuurstofplanten-logo-1.jpg\",\"width\":180,\"height\":60,\"caption\":\"Zuurstofplanten.net\"},\"image\":{\"@id\":\"https:\/\/www.zuurstofplanten.net\/#\/schema\/logo\/image\/\"}}]}<\/script>\n<!-- \/ Yoast SEO plugin. -->","yoast_head_json":{"title":"Crabber | Plantes, entretien et conseils | Acidplants.net","description":"Le crabe est une tr\u00e8s belle plante de bassin, qui agit bien contre les algues. Elle constitue \u00e9galement une cachette pour les amphibiens et les insectes.","robots":{"index":"index","follow":"follow","max-snippet":"max-snippet:-1","max-image-preview":"max-image-preview:large","max-video-preview":"max-video-preview:-1"},"canonical":"https:\/\/www.zuurstofplanten.net\/fr\/drijfplanten\/krabbescheer\/","og_locale":"fr_FR","og_type":"article","og_title":"Krabbescheer | Planten, Onderhoud & Advies | Zuurstofplanten.net","og_description":"Krabbescheer is een zeer leuke vijverplant, welke goed werkt tegen algen. Daarnaast is het een schuilplaatst voor amfibie\u00ebn en insecten.","og_url":"https:\/\/www.zuurstofplanten.net\/fr\/drijfplanten\/krabbescheer\/","og_site_name":"Zuurstofplanten.net","article_modified_time":"2025-07-07T11:27:06+00:00","og_image":[{"width":650,"height":487,"url":"https:\/\/www.zuurstofplanten.net\/wp-content\/uploads\/2024\/10\/krabbescheer0.jpg","type":"image\/jpeg"}],"twitter_card":"summary_large_image","twitter_misc":{"Dur\u00e9e de lecture estim\u00e9e":"2 minutes"},"schema":{"@context":"https:\/\/schema.org","@graph":[{"@type":"WebPage","@id":"https:\/\/www.zuurstofplanten.net\/drijfplanten\/krabbescheer\/","url":"https:\/\/www.zuurstofplanten.net\/drijfplanten\/krabbescheer\/","name":"Crabber | Plantes, entretien et conseils | Acidplants.net","isPartOf":{"@id":"https:\/\/www.zuurstofplanten.net\/#website"},"primaryImageOfPage":{"@id":"https:\/\/www.zuurstofplanten.net\/drijfplanten\/krabbescheer\/#primaryimage"},"image":{"@id":"https:\/\/www.zuurstofplanten.net\/drijfplanten\/krabbescheer\/#primaryimage"},"thumbnailUrl":"https:\/\/www.zuurstofplanten.net\/wp-content\/uploads\/2024\/10\/krabbescheer0.jpg","datePublished":"2024-10-09T13:55:22+00:00","dateModified":"2025-07-07T11:27:06+00:00","description":"Le crabe est une tr\u00e8s belle plante de bassin, qui agit bien contre les algues. Elle constitue \u00e9galement une cachette pour les amphibiens et les insectes.","breadcrumb":{"@id":"https:\/\/www.zuurstofplanten.net\/drijfplanten\/krabbescheer\/#breadcrumb"},"inLanguage":"fr-FR","potentialAction":[{"@type":"ReadAction","target":["https:\/\/www.zuurstofplanten.net\/drijfplanten\/krabbescheer\/"]}]},{"@type":"ImageObject","inLanguage":"fr-FR","@id":"https:\/\/www.zuurstofplanten.net\/drijfplanten\/krabbescheer\/#primaryimage","url":"https:\/\/www.zuurstofplanten.net\/wp-content\/uploads\/2024\/10\/krabbescheer0.jpg","contentUrl":"https:\/\/www.zuurstofplanten.net\/wp-content\/uploads\/2024\/10\/krabbescheer0.jpg"},{"@type":"BreadcrumbList","@id":"https:\/\/www.zuurstofplanten.net\/drijfplanten\/krabbescheer\/#breadcrumb","itemListElement":[{"@type":"ListItem","position":1,"name":"Home","item":"https:\/\/www.zuurstofplanten.net\/"},{"@type":"ListItem","position":2,"name":"Drijfplanten","item":"https:\/\/www.zuurstofplanten.net\/drijfplanten\/"},{"@type":"ListItem","position":3,"name":"Krabbescheer"}]},{"@type":"WebSite","@id":"https:\/\/www.zuurstofplanten.net\/#website","url":"https:\/\/www.zuurstofplanten.net\/","name":"Zuurstofplanten.net","description":"","publisher":{"@id":"https:\/\/www.zuurstofplanten.net\/#organization"},"potentialAction":[{"@type":"SearchAction","target":{"@type":"EntryPoint","urlTemplate":"https:\/\/www.zuurstofplanten.net\/?s={search_term_string}"},"query-input":{"@type":"PropertyValueSpecification","valueRequired":true,"valueName":"search_term_string"}}],"inLanguage":"fr-FR"},{"@type":"Organization","@id":"https:\/\/www.zuurstofplanten.net\/#organization","name":"Zuurstofplanten.net","url":"https:\/\/www.zuurstofplanten.net\/","logo":{"@type":"ImageObject","inLanguage":"fr-FR","@id":"https:\/\/www.zuurstofplanten.net\/#\/schema\/logo\/image\/","url":"https:\/\/www.zuurstofplanten.net\/wp-content\/uploads\/2024\/10\/zuurstofplanten-logo-1.jpg","contentUrl":"https:\/\/www.zuurstofplanten.net\/wp-content\/uploads\/2024\/10\/zuurstofplanten-logo-1.jpg","width":180,"height":60,"caption":"Zuurstofplanten.net"},"image":{"@id":"https:\/\/www.zuurstofplanten.net\/#\/schema\/logo\/image\/"}}]}},"_links":{"self":[{"href":"https:\/\/www.zuurstofplanten.net\/fr\/wp-json\/wp\/v2\/pages\/443","targetHints":{"allow":["GET"]}}],"collection":[{"href":"https:\/\/www.zuurstofplanten.net\/fr\/wp-json\/wp\/v2\/pages"}],"about":[{"href":"https:\/\/www.zuurstofplanten.net\/fr\/wp-json\/wp\/v2\/types\/page"}],"author":[{"embeddable":true,"href":"https:\/\/www.zuurstofplanten.net\/fr\/wp-json\/wp\/v2\/users\/4"}],"replies":[{"embeddable":true,"href":"https:\/\/www.zuurstofplanten.net\/fr\/wp-json\/wp\/v2\/comments?post=443"}],"version-history":[{"count":19,"href":"https:\/\/www.zuurstofplanten.net\/fr\/wp-json\/wp\/v2\/pages\/443\/revisions"}],"predecessor-version":[{"id":2376,"href":"https:\/\/www.zuurstofplanten.net\/fr\/wp-json\/wp\/v2\/pages\/443\/revisions\/2376"}],"up":[{"embeddable":true,"href":"https:\/\/www.zuurstofplanten.net\/fr\/wp-json\/wp\/v2\/pages\/449"}],"wp:attachment":[{"href":"https:\/\/www.zuurstofplanten.net\/fr\/wp-json\/wp\/v2\/media?parent=443"}],"curies":[{"name":"wp","href":"https:\/\/api.w.org\/{rel}","templated":true}]}}