{"id":433,"date":"2024-10-09T13:12:55","date_gmt":"2024-10-09T13:12:55","guid":{"rendered":"https:\/\/baselinkhosting.nl\/zuurstofplanten\/?page_id=433"},"modified":"2025-06-04T09:28:08","modified_gmt":"2025-06-04T09:28:08","slug":"waterlelie","status":"publish","type":"page","link":"https:\/\/www.zuurstofplanten.net\/fr\/drijfplanten\/waterlelie\/","title":{"rendered":"N\u00e9nuphar"},"content":{"rendered":"<div data-elementor-type=\"wp-page\" data-elementor-id=\"433\" class=\"elementor elementor-433\" data-elementor-post-type=\"page\">\n\t\t\t\t<div class=\"elementor-element elementor-element-ee33a31 e-flex e-con-boxed e-con e-parent\" data-id=\"ee33a31\" data-element_type=\"container\" data-e-type=\"container\" data-settings=\"{&quot;background_background&quot;:&quot;classic&quot;}\">\n\t\t\t\t\t<div class=\"e-con-inner\">\n\t\t\t\t<div class=\"elementor-element elementor-element-bed854f elementor-widget elementor-widget-heading\" data-id=\"bed854f\" data-element_type=\"widget\" data-e-type=\"widget\" data-widget_type=\"heading.default\">\n\t\t\t\t<div class=\"elementor-widget-container\">\n\t\t\t\t\t<h1 class=\"elementor-heading-title elementor-size-default\">N\u00e9nuphar<\/h1>\t\t\t\t<\/div>\n\t\t\t\t<\/div>\n\t\t\t\t<div class=\"elementor-element elementor-element-1c25609 elementor-widget elementor-widget-breadcrumbs\" data-id=\"1c25609\" data-element_type=\"widget\" data-e-type=\"widget\" data-widget_type=\"breadcrumbs.default\">\n\t\t\t\t<div class=\"elementor-widget-container\">\n\t\t\t\t\t<p id=\"breadcrumbs\"><span><span><a href=\"https:\/\/www.zuurstofplanten.net\/fr\/\">Accueil<\/a><\/span><\/span><\/p>\t\t\t\t<\/div>\n\t\t\t\t<\/div>\n\t\t\t\t\t<\/div>\n\t\t\t\t<\/div>\n\t\t<div class=\"elementor-element elementor-element-2342b06 e-flex e-con-boxed e-con e-parent\" data-id=\"2342b06\" data-element_type=\"container\" data-e-type=\"container\">\n\t\t\t\t\t<div class=\"e-con-inner\">\n\t\t\t\t<div class=\"elementor-element elementor-element-1cebd37 elementor-widget elementor-widget-heading\" data-id=\"1cebd37\" data-element_type=\"widget\" data-e-type=\"widget\" data-widget_type=\"heading.default\">\n\t\t\t\t<div class=\"elementor-widget-container\">\n\t\t\t\t\t<h2 class=\"elementor-heading-title elementor-size-default\">Le n\u00e9nuphar dans votre \u00e9tang. Le pour et le contre.<\/h2>\t\t\t\t<\/div>\n\t\t\t\t<\/div>\n\t\t<div class=\"elementor-element elementor-element-37899f8 e-grid e-con-full e-con e-child\" data-id=\"37899f8\" data-element_type=\"container\" data-e-type=\"container\">\n\t\t\t\t<div class=\"elementor-element elementor-element-852b837 elementor-widget elementor-widget-text-editor\" data-id=\"852b837\" data-element_type=\"widget\" data-e-type=\"widget\" data-widget_type=\"text-editor.default\">\n\t\t\t\t<div class=\"elementor-widget-container\">\n\t\t\t\t\t\t\t\t\t<p>Un n\u00e9nuphar peut \u00eatre un spectacle fantastique dans un \u00e9tang. Fleurissant en \u00e9t\u00e9, cette plante aquatique produit de belles fleurs blanches ou roses sur de grandes feuilles vertes. Les n\u00e9nuphars s'int\u00e8grent dans le d\u00e9cor d'un jardin ou ajoutent un petit plus \u00e0 l'apparence d'un b\u00e2timent.<\/p><p>Cependant, de nombreuses personnes pensent que le n\u00e9nuphar pr\u00e9sente \u00e9galement de nombreux avantages pour la qualit\u00e9 de l'eau, ce qui n'est pas si mal. Les n\u00e9nuphars ont tendance \u00e0 prolif\u00e9rer. Plac\u00e9 dans un panier solide, le n\u00e9nuphar a tendance \u00e0 prolif\u00e9rer, mais il faut tout de m\u00eame le surveiller. Les grandes feuilles du n\u00e9nuphar font de l'ombre. C'est d'ailleurs un point positif : les algues flottantes de l'\u00e9tang ont moins de soleil \u00e0 leur disposition et se d\u00e9veloppent donc moins. L'inconv\u00e9nient est que si l'\u00e9tang est tr\u00e8s dense en feuilles de n\u00e9nuphar, les plantes aquatiques submerg\u00e9es en p\u00e2tissent.<\/p>\t\t\t\t\t\t\t\t<\/div>\n\t\t\t\t<\/div>\n\t\t\t\t<div class=\"elementor-element elementor-element-a3e59a0 elementor-widget elementor-widget-image\" data-id=\"a3e59a0\" data-element_type=\"widget\" data-e-type=\"widget\" data-widget_type=\"image.default\">\n\t\t\t\t<div class=\"elementor-widget-container\">\n\t\t\t\t\t\t\t\t\t\t\t\t\t\t\t<img fetchpriority=\"high\" decoding=\"async\" width=\"300\" height=\"234\" src=\"https:\/\/www.zuurstofplanten.net\/wp-content\/uploads\/2024\/10\/witte_waterlelie-300x234.jpg\" class=\"attachment-medium size-medium wp-image-361\" alt=\"\" srcset=\"https:\/\/www.zuurstofplanten.net\/wp-content\/uploads\/2024\/10\/witte_waterlelie-300x234.jpg 300w, https:\/\/www.zuurstofplanten.net\/wp-content\/uploads\/2024\/10\/witte_waterlelie.jpg 469w\" sizes=\"(max-width: 300px) 100vw, 300px\" \/>\t\t\t\t\t\t\t\t\t\t\t\t\t\t\t<\/div>\n\t\t\t\t<\/div>\n\t\t\t\t<\/div>\n\t\t\t\t<div class=\"elementor-element elementor-element-50428f9 elementor-widget elementor-widget-heading\" data-id=\"50428f9\" data-element_type=\"widget\" data-e-type=\"widget\" data-widget_type=\"heading.default\">\n\t\t\t\t<div class=\"elementor-widget-container\">\n\t\t\t\t\t<h3 class=\"elementor-heading-title elementor-size-default\">Quels sont les types de n\u00e9nuphars ?<\/h3>\t\t\t\t<\/div>\n\t\t\t\t<\/div>\n\t\t\t\t<div class=\"elementor-element elementor-element-af40caf elementor-widget elementor-widget-text-editor\" data-id=\"af40caf\" data-element_type=\"widget\" data-e-type=\"widget\" data-widget_type=\"text-editor.default\">\n\t\t\t\t<div class=\"elementor-widget-container\">\n\t\t\t\t\t\t\t\t\t<p>Le n\u00e9nuphar blanc est assez r\u00e9pandu aux Pays-Bas et pousse de pr\u00e9f\u00e9rence dans des eaux stagnantes ou \u00e0 faible d\u00e9bit, d'une profondeur maximale de 1,5 m. Les graines du fruit, qui m\u00fbrit sous l'eau et a la forme d'une bouteille, sont dispers\u00e9es dans l'eau. Les graines du fruit, qui m\u00fbrit sous l'eau et a la forme d'une bouteille, sont dispers\u00e9es dans l'eau.<\/p><p>Outre le n\u00e9nuphar blanc, un certain nombre de couleurs sont disponibles aux Pays-Bas et en Belgique.\u00a0<\/p>\t\t\t\t\t\t\t\t<\/div>\n\t\t\t\t<\/div>\n\t\t\t\t<div class=\"elementor-element elementor-element-5bafb23 elementor-widget elementor-widget-heading\" data-id=\"5bafb23\" data-element_type=\"widget\" data-e-type=\"widget\" data-widget_type=\"heading.default\">\n\t\t\t\t<div class=\"elementor-widget-container\">\n\t\t\t\t\t<h3 class=\"elementor-heading-title elementor-size-default\">Existe-t-il des alternatives aux n\u00e9nuphars ?<\/h3>\t\t\t\t<\/div>\n\t\t\t\t<\/div>\n\t\t\t\t<div class=\"elementor-element elementor-element-d57ac96 elementor-widget elementor-widget-text-editor\" data-id=\"d57ac96\" data-element_type=\"widget\" data-e-type=\"widget\" data-widget_type=\"text-editor.default\">\n\t\t\t\t<div class=\"elementor-widget-container\">\n\t\t\t\t\t\t\t\t\t<p>Il existe des alternatives au n\u00e9nuphar, mais elles ne peuvent pas \u00eatre plac\u00e9es trop profond\u00e9ment. L'\u00e9piaire en est un bon exemple.<\/p><p>Cette plante riveraine peut donner un bel aspect aux \u00e9tangs qui ne sont pas trop profonds. L'arroche et le chardon d'eau produisent \u00e9galement de belles fleurs et sont d'une autre nature !<\/p>\t\t\t\t\t\t\t\t<\/div>\n\t\t\t\t<\/div>\n\t\t\t\t<div class=\"elementor-element elementor-element-3c54843 elementor-cta--skin-classic elementor-animated-content elementor-bg-transform elementor-bg-transform-zoom-in elementor-widget elementor-widget-call-to-action\" data-id=\"3c54843\" data-element_type=\"widget\" data-e-type=\"widget\" data-widget_type=\"call-to-action.default\">\n\t\t\t\t<div class=\"elementor-widget-container\">\n\t\t\t\t\t\t\t<a class=\"elementor-cta\" href=\"https:\/\/vijvermeester.nl\/waterlelie-wit.html?utm_source=affiliate&#038;utm_medium=partner&#038;utm_campaign=zuurstofplanten_net&#038;utm_content=waterlelie\" rel=\"nofollow\">\n\t\t\t\t\t<div class=\"elementor-cta__bg-wrapper\">\n\t\t\t\t<div class=\"elementor-cta__bg elementor-bg\" style=\"background-image: url(https:\/\/www.zuurstofplanten.net\/wp-content\/uploads\/2024\/10\/zuurstofplanten-net-1024x149.jpg);\" role=\"img\" aria-label=\"r\u00e9seau de plantes \u00e0 oxyg\u00e8ne\"><\/div>\n\t\t\t\t<div class=\"elementor-cta__bg-overlay\"><\/div>\n\t\t\t<\/div>\n\t\t\t\t\t\t\t<div class=\"elementor-cta__content\">\n\t\t\t\t\n\t\t\t\t\t\t\t\t\t<h2 class=\"elementor-cta__title elementor-cta__content-item elementor-content-item\">\n\t\t\t\t\t\tVous voulez acheter des n\u00e9nuphars ?\t\t\t\t\t<\/h2>\n\t\t\t\t\n\t\t\t\t\t\t\t\t\t<div class=\"elementor-cta__description elementor-cta__content-item elementor-content-item\">\n\t\t\t\t\t\tLes n\u00e9nuphars sont en vente dans la boutique en ligne de De Vijvermeester. Vous y trouverez de magnifiques n\u00e9nuphars de qualit\u00e9 sup\u00e9rieure, ainsi qu'un large \u00e9ventail d'autres plantes oxyg\u00e9n\u00e9es.\t\t\t\t\t<\/div>\n\t\t\t\t\n\t\t\t\t\t\t\t\t\t<div class=\"elementor-cta__button-wrapper elementor-cta__content-item elementor-content-item\">\n\t\t\t\t\t<span class=\"elementor-cta__button elementor-button elementor-size-\">\n\t\t\t\t\t\tAcheter un n\u00e9nuphar\t\t\t\t\t<\/span>\n\t\t\t\t\t<\/div>\n\t\t\t\t\t\t\t<\/div>\n\t\t\t\t\t\t<\/a>\n\t\t\t\t\t\t<\/div>\n\t\t\t\t<\/div>\n\t\t\t\t\t<\/div>\n\t\t\t\t<\/div>\n\t\t\t\t<\/div>","protected":false},"excerpt":{"rendered":"<p>N\u00e9nuphar Le n\u00e9nuphar dans votre \u00e9tang. Le pour et le contre. Un n\u00e9nuphar peut \u00eatre un spectacle fantastique dans un \u00e9tang. Fleurissant en \u00e9t\u00e9, cette plante aquatique produit de belles fleurs blanches ou roses sur de grandes feuilles vertes. Les n\u00e9nuphars s'int\u00e8grent dans le d\u00e9cor d'un jardin ou donnent \u00e0 un b\u00e2timent un aspect [...]<\/p>","protected":false},"author":4,"featured_media":0,"parent":449,"menu_order":1,"comment_status":"closed","ping_status":"closed","template":"","meta":{"_acf_changed":false,"iawp_total_views":352,"footnotes":""},"class_list":["post-433","page","type-page","status-publish","hentry"],"acf":[],"yoast_head":"<!-- This site is optimized with the Yoast SEO plugin v25.5 - https:\/\/yoast.com\/wordpress\/plugins\/seo\/ -->\n<title>Waterlelie in uw Vijver? Heeft u hieraan gedacht? | Zuurstofplanten<\/title>\n<meta name=\"description\" content=\"Een waterlelie is een prachtige vijverplant maar een notaire woekeraar. Er zijn ook mooie alternatieven voor de Waterlelie verkrijgbaar.\" \/>\n<meta name=\"robots\" content=\"index, follow, max-snippet:-1, max-image-preview:large, max-video-preview:-1\" \/>\n<link rel=\"canonical\" href=\"https:\/\/www.zuurstofplanten.net\/fr\/drijfplanten\/waterlelie\/\" \/>\n<meta property=\"og:locale\" content=\"fr_FR\" \/>\n<meta property=\"og:type\" content=\"article\" \/>\n<meta property=\"og:title\" content=\"Waterlelie in uw Vijver? Heeft u hieraan gedacht? | Zuurstofplanten\" \/>\n<meta property=\"og:description\" content=\"Een waterlelie is een prachtige vijverplant maar een notaire woekeraar. Er zijn ook mooie alternatieven voor de Waterlelie verkrijgbaar.\" \/>\n<meta property=\"og:url\" content=\"https:\/\/www.zuurstofplanten.net\/fr\/drijfplanten\/waterlelie\/\" \/>\n<meta property=\"og:site_name\" content=\"Zuurstofplanten.net\" \/>\n<meta property=\"article:modified_time\" content=\"2025-06-04T09:28:08+00:00\" \/>\n<meta property=\"og:image\" content=\"https:\/\/www.zuurstofplanten.net\/wp-content\/uploads\/2024\/10\/witte_waterlelie.jpg\" \/>\n\t<meta property=\"og:image:width\" content=\"469\" \/>\n\t<meta property=\"og:image:height\" content=\"366\" \/>\n\t<meta property=\"og:image:type\" content=\"image\/jpeg\" \/>\n<meta name=\"twitter:card\" content=\"summary_large_image\" \/>\n<meta name=\"twitter:label1\" content=\"Dur\u00e9e de lecture estim\u00e9e\" \/>\n\t<meta name=\"twitter:data1\" content=\"2 minutes\" \/>\n<script type=\"application\/ld+json\" class=\"yoast-schema-graph\">{\"@context\":\"https:\/\/schema.org\",\"@graph\":[{\"@type\":\"WebPage\",\"@id\":\"https:\/\/www.zuurstofplanten.net\/drijfplanten\/waterlelie\/\",\"url\":\"https:\/\/www.zuurstofplanten.net\/drijfplanten\/waterlelie\/\",\"name\":\"Waterlelie in uw Vijver? Heeft u hieraan gedacht? | Zuurstofplanten\",\"isPartOf\":{\"@id\":\"https:\/\/www.zuurstofplanten.net\/#website\"},\"primaryImageOfPage\":{\"@id\":\"https:\/\/www.zuurstofplanten.net\/drijfplanten\/waterlelie\/#primaryimage\"},\"image\":{\"@id\":\"https:\/\/www.zuurstofplanten.net\/drijfplanten\/waterlelie\/#primaryimage\"},\"thumbnailUrl\":\"https:\/\/www.zuurstofplanten.net\/wp-content\/uploads\/2024\/10\/witte_waterlelie-300x234.jpg\",\"datePublished\":\"2024-10-09T13:12:55+00:00\",\"dateModified\":\"2025-06-04T09:28:08+00:00\",\"description\":\"Een waterlelie is een prachtige vijverplant maar een notaire woekeraar. Er zijn ook mooie alternatieven voor de Waterlelie verkrijgbaar.\",\"breadcrumb\":{\"@id\":\"https:\/\/www.zuurstofplanten.net\/drijfplanten\/waterlelie\/#breadcrumb\"},\"inLanguage\":\"fr-FR\",\"potentialAction\":[{\"@type\":\"ReadAction\",\"target\":[\"https:\/\/www.zuurstofplanten.net\/drijfplanten\/waterlelie\/\"]}]},{\"@type\":\"ImageObject\",\"inLanguage\":\"fr-FR\",\"@id\":\"https:\/\/www.zuurstofplanten.net\/drijfplanten\/waterlelie\/#primaryimage\",\"url\":\"https:\/\/www.zuurstofplanten.net\/wp-content\/uploads\/2024\/10\/witte_waterlelie-300x234.jpg\",\"contentUrl\":\"https:\/\/www.zuurstofplanten.net\/wp-content\/uploads\/2024\/10\/witte_waterlelie-300x234.jpg\"},{\"@type\":\"BreadcrumbList\",\"@id\":\"https:\/\/www.zuurstofplanten.net\/drijfplanten\/waterlelie\/#breadcrumb\",\"itemListElement\":[{\"@type\":\"ListItem\",\"position\":1,\"name\":\"Home\",\"item\":\"https:\/\/www.zuurstofplanten.net\/\"},{\"@type\":\"ListItem\",\"position\":2,\"name\":\"Drijfplanten\",\"item\":\"https:\/\/www.zuurstofplanten.net\/drijfplanten\/\"},{\"@type\":\"ListItem\",\"position\":3,\"name\":\"Waterlelie\"}]},{\"@type\":\"WebSite\",\"@id\":\"https:\/\/www.zuurstofplanten.net\/#website\",\"url\":\"https:\/\/www.zuurstofplanten.net\/\",\"name\":\"Zuurstofplanten.net\",\"description\":\"\",\"publisher\":{\"@id\":\"https:\/\/www.zuurstofplanten.net\/#organization\"},\"potentialAction\":[{\"@type\":\"SearchAction\",\"target\":{\"@type\":\"EntryPoint\",\"urlTemplate\":\"https:\/\/www.zuurstofplanten.net\/?s={search_term_string}\"},\"query-input\":{\"@type\":\"PropertyValueSpecification\",\"valueRequired\":true,\"valueName\":\"search_term_string\"}}],\"inLanguage\":\"fr-FR\"},{\"@type\":\"Organization\",\"@id\":\"https:\/\/www.zuurstofplanten.net\/#organization\",\"name\":\"Zuurstofplanten.net\",\"url\":\"https:\/\/www.zuurstofplanten.net\/\",\"logo\":{\"@type\":\"ImageObject\",\"inLanguage\":\"fr-FR\",\"@id\":\"https:\/\/www.zuurstofplanten.net\/#\/schema\/logo\/image\/\",\"url\":\"https:\/\/www.zuurstofplanten.net\/wp-content\/uploads\/2024\/10\/zuurstofplanten-logo-1.jpg\",\"contentUrl\":\"https:\/\/www.zuurstofplanten.net\/wp-content\/uploads\/2024\/10\/zuurstofplanten-logo-1.jpg\",\"width\":180,\"height\":60,\"caption\":\"Zuurstofplanten.net\"},\"image\":{\"@id\":\"https:\/\/www.zuurstofplanten.net\/#\/schema\/logo\/image\/\"}}]}<\/script>\n<!-- \/ Yoast SEO plugin. -->","yoast_head_json":{"title":"Des n\u00e9nuphars dans votre \u00e9tang ? Avez-vous pens\u00e9 \u00e0 cette plante \u00e0 oxyg\u00e8ne ?","description":"Le n\u00e9nuphar est une belle plante de bassin mais un prolif\u00e9rateur notoire. Il existe \u00e9galement de belles alternatives au n\u00e9nuphar.","robots":{"index":"index","follow":"follow","max-snippet":"max-snippet:-1","max-image-preview":"max-image-preview:large","max-video-preview":"max-video-preview:-1"},"canonical":"https:\/\/www.zuurstofplanten.net\/fr\/drijfplanten\/waterlelie\/","og_locale":"fr_FR","og_type":"article","og_title":"Waterlelie in uw Vijver? Heeft u hieraan gedacht? | Zuurstofplanten","og_description":"Een waterlelie is een prachtige vijverplant maar een notaire woekeraar. Er zijn ook mooie alternatieven voor de Waterlelie verkrijgbaar.","og_url":"https:\/\/www.zuurstofplanten.net\/fr\/drijfplanten\/waterlelie\/","og_site_name":"Zuurstofplanten.net","article_modified_time":"2025-06-04T09:28:08+00:00","og_image":[{"width":469,"height":366,"url":"https:\/\/www.zuurstofplanten.net\/wp-content\/uploads\/2024\/10\/witte_waterlelie.jpg","type":"image\/jpeg"}],"twitter_card":"summary_large_image","twitter_misc":{"Dur\u00e9e de lecture estim\u00e9e":"2 minutes"},"schema":{"@context":"https:\/\/schema.org","@graph":[{"@type":"WebPage","@id":"https:\/\/www.zuurstofplanten.net\/drijfplanten\/waterlelie\/","url":"https:\/\/www.zuurstofplanten.net\/drijfplanten\/waterlelie\/","name":"Des n\u00e9nuphars dans votre \u00e9tang ? Avez-vous pens\u00e9 \u00e0 cette plante \u00e0 oxyg\u00e8ne ?","isPartOf":{"@id":"https:\/\/www.zuurstofplanten.net\/#website"},"primaryImageOfPage":{"@id":"https:\/\/www.zuurstofplanten.net\/drijfplanten\/waterlelie\/#primaryimage"},"image":{"@id":"https:\/\/www.zuurstofplanten.net\/drijfplanten\/waterlelie\/#primaryimage"},"thumbnailUrl":"https:\/\/www.zuurstofplanten.net\/wp-content\/uploads\/2024\/10\/witte_waterlelie-300x234.jpg","datePublished":"2024-10-09T13:12:55+00:00","dateModified":"2025-06-04T09:28:08+00:00","description":"Le n\u00e9nuphar est une belle plante de bassin mais un prolif\u00e9rateur notoire. Il existe \u00e9galement de belles alternatives au n\u00e9nuphar.","breadcrumb":{"@id":"https:\/\/www.zuurstofplanten.net\/drijfplanten\/waterlelie\/#breadcrumb"},"inLanguage":"fr-FR","potentialAction":[{"@type":"ReadAction","target":["https:\/\/www.zuurstofplanten.net\/drijfplanten\/waterlelie\/"]}]},{"@type":"ImageObject","inLanguage":"fr-FR","@id":"https:\/\/www.zuurstofplanten.net\/drijfplanten\/waterlelie\/#primaryimage","url":"https:\/\/www.zuurstofplanten.net\/wp-content\/uploads\/2024\/10\/witte_waterlelie-300x234.jpg","contentUrl":"https:\/\/www.zuurstofplanten.net\/wp-content\/uploads\/2024\/10\/witte_waterlelie-300x234.jpg"},{"@type":"BreadcrumbList","@id":"https:\/\/www.zuurstofplanten.net\/drijfplanten\/waterlelie\/#breadcrumb","itemListElement":[{"@type":"ListItem","position":1,"name":"Home","item":"https:\/\/www.zuurstofplanten.net\/"},{"@type":"ListItem","position":2,"name":"Drijfplanten","item":"https:\/\/www.zuurstofplanten.net\/drijfplanten\/"},{"@type":"ListItem","position":3,"name":"Waterlelie"}]},{"@type":"WebSite","@id":"https:\/\/www.zuurstofplanten.net\/#website","url":"https:\/\/www.zuurstofplanten.net\/","name":"Zuurstofplanten.net","description":"","publisher":{"@id":"https:\/\/www.zuurstofplanten.net\/#organization"},"potentialAction":[{"@type":"SearchAction","target":{"@type":"EntryPoint","urlTemplate":"https:\/\/www.zuurstofplanten.net\/?s={search_term_string}"},"query-input":{"@type":"PropertyValueSpecification","valueRequired":true,"valueName":"search_term_string"}}],"inLanguage":"fr-FR"},{"@type":"Organization","@id":"https:\/\/www.zuurstofplanten.net\/#organization","name":"Zuurstofplanten.net","url":"https:\/\/www.zuurstofplanten.net\/","logo":{"@type":"ImageObject","inLanguage":"fr-FR","@id":"https:\/\/www.zuurstofplanten.net\/#\/schema\/logo\/image\/","url":"https:\/\/www.zuurstofplanten.net\/wp-content\/uploads\/2024\/10\/zuurstofplanten-logo-1.jpg","contentUrl":"https:\/\/www.zuurstofplanten.net\/wp-content\/uploads\/2024\/10\/zuurstofplanten-logo-1.jpg","width":180,"height":60,"caption":"Zuurstofplanten.net"},"image":{"@id":"https:\/\/www.zuurstofplanten.net\/#\/schema\/logo\/image\/"}}]}},"_links":{"self":[{"href":"https:\/\/www.zuurstofplanten.net\/fr\/wp-json\/wp\/v2\/pages\/433","targetHints":{"allow":["GET"]}}],"collection":[{"href":"https:\/\/www.zuurstofplanten.net\/fr\/wp-json\/wp\/v2\/pages"}],"about":[{"href":"https:\/\/www.zuurstofplanten.net\/fr\/wp-json\/wp\/v2\/types\/page"}],"author":[{"embeddable":true,"href":"https:\/\/www.zuurstofplanten.net\/fr\/wp-json\/wp\/v2\/users\/4"}],"replies":[{"embeddable":true,"href":"https:\/\/www.zuurstofplanten.net\/fr\/wp-json\/wp\/v2\/comments?post=433"}],"version-history":[{"count":19,"href":"https:\/\/www.zuurstofplanten.net\/fr\/wp-json\/wp\/v2\/pages\/433\/revisions"}],"predecessor-version":[{"id":2099,"href":"https:\/\/www.zuurstofplanten.net\/fr\/wp-json\/wp\/v2\/pages\/433\/revisions\/2099"}],"up":[{"embeddable":true,"href":"https:\/\/www.zuurstofplanten.net\/fr\/wp-json\/wp\/v2\/pages\/449"}],"wp:attachment":[{"href":"https:\/\/www.zuurstofplanten.net\/fr\/wp-json\/wp\/v2\/media?parent=433"}],"curies":[{"name":"wp","href":"https:\/\/api.w.org\/{rel}","templated":true}]}}