{"id":420,"date":"2024-10-09T12:43:11","date_gmt":"2024-10-09T12:43:11","guid":{"rendered":"https:\/\/baselinkhosting.nl\/zuurstofplanten\/?page_id=420"},"modified":"2025-07-07T12:42:32","modified_gmt":"2025-07-07T12:42:32","slug":"vijverslib-verwijderen","status":"publish","type":"page","link":"https:\/\/www.zuurstofplanten.net\/fr\/kennisbank\/vijverslib-verwijderen\/","title":{"rendered":"Enl\u00e8vement de la vase de l'\u00e9tang"},"content":{"rendered":"<div data-elementor-type=\"wp-page\" data-elementor-id=\"420\" class=\"elementor elementor-420\" data-elementor-post-type=\"page\">\n\t\t\t\t<div class=\"elementor-element elementor-element-07013d7 e-flex e-con-boxed e-con e-parent\" data-id=\"07013d7\" data-element_type=\"container\" data-e-type=\"container\" data-settings=\"{&quot;background_background&quot;:&quot;classic&quot;}\">\n\t\t\t\t\t<div class=\"e-con-inner\">\n\t\t\t\t<div class=\"elementor-element elementor-element-0768c3b elementor-widget elementor-widget-heading\" data-id=\"0768c3b\" data-element_type=\"widget\" data-e-type=\"widget\" data-widget_type=\"heading.default\">\n\t\t\t\t<div class=\"elementor-widget-container\">\n\t\t\t\t\t<h1 class=\"elementor-heading-title elementor-size-default\">Enl\u00e8vement de la vase de l'\u00e9tang<\/h1>\t\t\t\t<\/div>\n\t\t\t\t<\/div>\n\t\t\t\t<div class=\"elementor-element elementor-element-9ce2013 elementor-widget elementor-widget-breadcrumbs\" data-id=\"9ce2013\" data-element_type=\"widget\" data-e-type=\"widget\" data-widget_type=\"breadcrumbs.default\">\n\t\t\t\t<div class=\"elementor-widget-container\">\n\t\t\t\t\t<p id=\"breadcrumbs\"><span><span><a href=\"https:\/\/www.zuurstofplanten.net\/fr\/\">Accueil<\/a><\/span><\/span><\/p>\t\t\t\t<\/div>\n\t\t\t\t<\/div>\n\t\t\t\t\t<\/div>\n\t\t\t\t<\/div>\n\t\t<div class=\"elementor-element elementor-element-7e724a4 e-flex e-con-boxed e-con e-parent\" data-id=\"7e724a4\" data-element_type=\"container\" data-e-type=\"container\">\n\t\t\t\t\t<div class=\"e-con-inner\">\n\t\t\t\t<div class=\"elementor-element elementor-element-7b33530 elementor-widget elementor-widget-heading\" data-id=\"7b33530\" data-element_type=\"widget\" data-e-type=\"widget\" data-widget_type=\"heading.default\">\n\t\t\t\t<div class=\"elementor-widget-container\">\n\t\t\t\t\t<h2 class=\"elementor-heading-title elementor-size-default\">L'\u00e9limination du limon des \u00e9tangs : Une feuille de route pour un \u00e9tang sain<\/h2>\t\t\t\t<\/div>\n\t\t\t\t<\/div>\n\t\t\t\t<div class=\"elementor-element elementor-element-1456fc2 elementor-widget elementor-widget-text-editor\" data-id=\"1456fc2\" data-element_type=\"widget\" data-e-type=\"widget\" data-widget_type=\"text-editor.default\">\n\t\t\t\t<div class=\"elementor-widget-container\">\n\t\t\t\t\t\t\t\t\t<p>L'\u00e9limination de la vase d'un bassin est une t\u00e2che essentielle pour tout amateur de bassin. La vase d'un \u00e9tang r\u00e9sulte de l'accumulation de mati\u00e8res organiques telles que les feuilles mortes, les plantes aquatiques et les algues, ainsi que d'influences ext\u00e9rieures telles que la poussi\u00e8re et les d\u00e9chets non organiques. Cette couche de boue peut entra\u00eener des probl\u00e8mes tels qu'une eau trouble, une mauvaise odeur et un environnement malsain. Il est donc important d'enlever r\u00e9guli\u00e8rement la vase de l'\u00e9tang pour maintenir l'\u00e9quilibre de l'\u00e9tang.<\/p><p>Voici un plan clair, \u00e9tape par \u00e9tape, pour un d\u00e9sensablement efficace des \u00e9tangs.<\/p><ul><li><a href=\"#stap-1\">\u00c9tape 1 : Inspection de l'\u00e9tang<\/a><\/li><li><a href=\"#stap-2\">\u00c9tape 2 : Enl\u00e8vement m\u00e9canique de la vase de l'\u00e9tang<\/a><\/li><li><a href=\"#stap-3\">\u00c9tape 3 : \u00c9limination biologique des boues<\/a><\/li><li><a href=\"#stap-4\">\u00c9tape 4 : Entretien et pr\u00e9vention de l'envasement de l'\u00e9tang<\/a><br \/><br \/><\/li><\/ul><p>Een gezonde balans in de vijver begint bij een goed gekozen plantenbestand. Zuurstofplanten zoals <strong><a href=\"https:\/\/www.zuurstofplanten.net\/fr\/zuurstof-planten\/waterpest\/\">Les algues marines<\/a> <\/strong>et <strong><a href=\"https:\/\/www.zuurstofplanten.net\/fr\/zuurstof-planten\/fijn-hoornblad\/\">Feuille de corne<\/a> <\/strong>absorbent les nutriments exc\u00e9dentaires de l'eau, ce qui r\u00e9duit les chances de d\u00e9veloppement des algues qui forment le limon. Il n'est m\u00eame pas n\u00e9cessaire de planter la corneille dans le processus et elle est id\u00e9ale pour ceux qui veulent obtenir des r\u00e9sultats rapides sans avoir \u00e0 planter beaucoup. En outre <strong><a href=\"https:\/\/www.zuurstofplanten.net\/fr\/drijfplanten\/krabbescheer\/\">Crabier<\/a><\/strong>une plante \u00e0 oxyg\u00e8ne flottante, contribue \u00e0 la clart\u00e9 de l'eau en r\u00e9duisant la p\u00e9n\u00e9tration de la lumi\u00e8re et en offrant une concurrence suppl\u00e9mentaire aux algues. L'association intelligente de ces plantes cr\u00e9e un \u00e9quilibre naturel o\u00f9 la vase de l'\u00e9tang est moins susceptible de s'accumuler.<\/p>\t\t\t\t\t\t\t\t<\/div>\n\t\t\t\t<\/div>\n\t\t\t\t<div class=\"elementor-element elementor-element-d73ba91 elementor-widget elementor-widget-text-editor\" data-id=\"d73ba91\" data-element_type=\"widget\" data-e-type=\"widget\" data-widget_type=\"text-editor.default\">\n\t\t\t\t<div class=\"elementor-widget-container\">\n\t\t\t\t\t\t\t\t\t<h3 id=\"stap-1\">\u00c9tape 1 : Inspection de l'\u00e9tang<\/h3>\t\t\t\t\t\t\t\t<\/div>\n\t\t\t\t<\/div>\n\t\t\t\t<div class=\"elementor-element elementor-element-e3bab28 elementor-widget elementor-widget-text-editor\" data-id=\"e3bab28\" data-element_type=\"widget\" data-e-type=\"widget\" data-widget_type=\"text-editor.default\">\n\t\t\t\t<div class=\"elementor-widget-container\">\n\t\t\t\t\t\t\t\t\t<p>Avant de commencer \u00e0 enlever la vase de l'\u00e9tang, il est important d'inspecter correctement l'\u00e9tat de votre \u00e9tang. Notez les points suivants :<\/p><ul><li><strong>Quelle est la quantit\u00e9 de boue au fond ?<\/strong> Vous pouvez le d\u00e9terminer en allant doucement au fond de l'eau avec un b\u00e2ton ou en utilisant un tube transparent comme jauge.<\/li><li><strong>Quel est l'\u00e9tat de sant\u00e9 des plantes aquatiques ?<\/strong> Souvent, un exc\u00e8s de limon indique un mauvais \u00e9tat des plantes aquatiques et une r\u00e9duction de la biodiversit\u00e9.<\/li><li><strong>Y a-t-il des signes de d\u00e9gradation ana\u00e9robie ?<\/strong> La d\u00e9gradation ana\u00e9robie, caus\u00e9e par une trop grande quantit\u00e9 de boues, entra\u00eene souvent des odeurs d\u00e9sagr\u00e9ables et peut contaminer l'eau avec des polluants.<\/li><\/ul>\t\t\t\t\t\t\t\t<\/div>\n\t\t\t\t<\/div>\n\t\t\t\t<div class=\"elementor-element elementor-element-447aebf elementor-widget elementor-widget-text-editor\" data-id=\"447aebf\" data-element_type=\"widget\" data-e-type=\"widget\" data-widget_type=\"text-editor.default\">\n\t\t\t\t<div class=\"elementor-widget-container\">\n\t\t\t\t\t\t\t\t\t<h3 id=\"stap-2\">\u00c9tape 2 : Enl\u00e8vement m\u00e9canique de la vase de l'\u00e9tang<\/h3>\t\t\t\t\t\t\t\t<\/div>\n\t\t\t\t<\/div>\n\t\t\t\t<div class=\"elementor-element elementor-element-35f4b23 elementor-widget elementor-widget-text-editor\" data-id=\"35f4b23\" data-element_type=\"widget\" data-e-type=\"widget\" data-widget_type=\"text-editor.default\">\n\t\t\t\t<div class=\"elementor-widget-container\">\n\t\t\t\t\t\t\t\t\tEn pr\u00e9sence d'une \u00e9paisse couche de vase, envisagez d'utiliser des m\u00e9thodes m\u00e9caniques pour retirer manuellement la vase :\n<ul>\n \t<li><strong>Utiliser un aspirateur de bassin<\/strong> pour aspirer la vase du fond sans modifier radicalement le niveau de l'eau. Il s'agit d'une m\u00e9thode efficace, mais qui demande beaucoup de travail.<\/li>\n \t<li><strong>Pelleter des boues<\/strong> peut \u00e9galement \u00eatre une option pour les petits \u00e9tangs. Dans ce cas, utilisez une pelle \u00e0 \u00e9tang ou un filet \u00e0 vase sp\u00e9cial pour ramasser d\u00e9licatement la couche de vase au fond de l'\u00e9tang.<\/li><\/ul>\n \t<p>Notez que l'enl\u00e8vement m\u00e9canique de la vase peut perturber l'\u00e9tang et rendre l'eau trouble. Il y a \u00e9galement un risque d'endommager le rev\u00eatement de l'\u00e9tang, ce qui peut provoquer des fuites.<\/p>\t\t\t\t\t\t\t\t<\/div>\n\t\t\t\t<\/div>\n\t\t\t\t<div class=\"elementor-element elementor-element-c424f23 elementor-widget elementor-widget-text-editor\" data-id=\"c424f23\" data-element_type=\"widget\" data-e-type=\"widget\" data-widget_type=\"text-editor.default\">\n\t\t\t\t<div class=\"elementor-widget-container\">\n\t\t\t\t\t\t\t\t\t<h3 id=\"stap-3\">\u00c9tape 3 : \u00c9limination biologique des boues<\/h3>\t\t\t\t\t\t\t\t<\/div>\n\t\t\t\t<\/div>\n\t\t\t\t<div class=\"elementor-element elementor-element-9751b83 elementor-widget elementor-widget-text-editor\" data-id=\"9751b83\" data-element_type=\"widget\" data-e-type=\"widget\" data-widget_type=\"text-editor.default\">\n\t\t\t\t<div class=\"elementor-widget-container\">\n\t\t\t\t\t\t\t\t\t<p>Outre les m\u00e9thodes m\u00e9caniques, il existe \u00e9galement une option \u00e9cologique pour \u00e9liminer le limon des \u00e9tangs \u00e0 l'aide de produits biologiques. <a href=\"https:\/\/vijvermeester.nl\/bio-pond.html?utm_source=affiliate&amp;utm_medium=partner&amp;utm_campaign=zuurstofplanten_net&amp;utm_content=bio_pond\"><strong>Bio-Pond<\/strong><\/a> est un excellent choix pour la biod\u00e9gradation de la vase des \u00e9tangs.<\/p><p><strong>Comment fonctionne Bio-Pond ?<\/strong><\/p><ul><li><strong>Micro-organismes dans le bio-\u00e9tang<\/strong> se nourrissent des parties organiques du limon de l'\u00e9tang. Ces micro-organismes naturels sont sans danger pour le bassin et contribuent \u00e0 un environnement plus sain.<\/li><li><strong>Fonctionnement par le bas<\/strong>: Apr\u00e8s l'\u00e9pandage des granul\u00e9s Bio-Pond, ceux-ci coulent au fond de l'eau et entament le processus de d\u00e9composition des boues sans provoquer de carences en oxyg\u00e8ne.<\/li><li><strong>Environnement \u00e0 faible teneur en oxyg\u00e8ne<\/strong>: Bio-Pond ne n\u00e9cessite que 0,2 mg\/l d'oxyg\u00e8ne, ce qui signifie qu'il continue \u00e0 fonctionner efficacement m\u00eame dans des conditions de manque d'oxyg\u00e8ne.<\/li><\/ul>\t\t\t\t\t\t\t\t<\/div>\n\t\t\t\t<\/div>\n\t\t\t\t<div class=\"elementor-element elementor-element-b39a366 elementor-widget elementor-widget-text-editor\" data-id=\"b39a366\" data-element_type=\"widget\" data-e-type=\"widget\" data-widget_type=\"text-editor.default\">\n\t\t\t\t<div class=\"elementor-widget-container\">\n\t\t\t\t\t\t\t\t\t<h3 id=\"stap-4\">\u00c9tape 4 : Entretien et pr\u00e9vention de l'envasement de l'\u00e9tang<\/h3>\t\t\t\t\t\t\t\t<\/div>\n\t\t\t\t<\/div>\n\t\t\t\t<div class=\"elementor-element elementor-element-6a53ee7 elementor-widget elementor-widget-text-editor\" data-id=\"6a53ee7\" data-element_type=\"widget\" data-e-type=\"widget\" data-widget_type=\"text-editor.default\">\n\t\t\t\t<div class=\"elementor-widget-container\">\n\t\t\t\t\t\t\t\t\t<p>Mieux vaut pr\u00e9venir que gu\u00e9rir. Un bon entretien de l'\u00e9tang permet de r\u00e9duire l'accumulation de vase dans l'\u00e9tang :<\/p><ul><li><strong>Tailler r\u00e9guli\u00e8rement les plantes aquatiques<\/strong> et enlever les feuilles mortes et autres mati\u00e8res organiques pour \u00e9viter un envasement excessif.<\/li><li><strong>Utiliser un filet pour \u00e9tang<\/strong> en automne pour emp\u00eacher les feuilles de tomber dans l'eau.<\/li><li><strong>V\u00e9rifier la qualit\u00e9 de l'eau<\/strong> r\u00e9guli\u00e8rement et ajouter des plantes oxyg\u00e9nantes si n\u00e9cessaire pour maintenir l'\u00e9quilibre du bassin.<\/li><\/ul>\t\t\t\t\t\t\t\t<\/div>\n\t\t\t\t<\/div>\n\t\t\t\t<div class=\"elementor-element elementor-element-4e4cdbb elementor-widget elementor-widget-heading\" data-id=\"4e4cdbb\" data-element_type=\"widget\" data-e-type=\"widget\" data-widget_type=\"heading.default\">\n\t\t\t\t<div class=\"elementor-widget-container\">\n\t\t\t\t\t<h2 class=\"elementor-heading-title elementor-size-default\">Bio-Pond : Produit pour \u00e9liminer la vase des \u00e9tangs<\/h2>\t\t\t\t<\/div>\n\t\t\t\t<\/div>\n\t\t\t\t<div class=\"elementor-element elementor-element-92816dc elementor-widget elementor-widget-text-editor\" data-id=\"92816dc\" data-element_type=\"widget\" data-e-type=\"widget\" data-widget_type=\"text-editor.default\">\n\t\t\t\t<div class=\"elementor-widget-container\">\n\t\t\t\t\t\t\t\t\t<p>Pour faciliter le travail fastidieux d'enl\u00e8vement de la vase des \u00e9tangs, il existe <strong>Bio-Pond<\/strong>Bio-Pond est un produit sp\u00e9cialement con\u00e7u pour les petits \u00e9tangs. Bio-Pond contient des micro-organismes naturels qui se nourrissent de la couche de boue organique, r\u00e9tablissant ainsi l'\u00e9quilibre de l'\u00e9tang.<\/p>\t\t\t\t\t\t\t\t<\/div>\n\t\t\t\t<\/div>\n\t\t\t\t<div class=\"elementor-element elementor-element-b95824e elementor-widget elementor-widget-heading\" data-id=\"b95824e\" data-element_type=\"widget\" data-e-type=\"widget\" data-widget_type=\"heading.default\">\n\t\t\t\t<div class=\"elementor-widget-container\">\n\t\t\t\t\t<h3 class=\"elementor-heading-title elementor-size-default\">Avantages du Bio-Pond<\/h3>\t\t\t\t<\/div>\n\t\t\t\t<\/div>\n\t\t\t\t<div class=\"elementor-element elementor-element-00e625b elementor-widget elementor-widget-text-editor\" data-id=\"00e625b\" data-element_type=\"widget\" data-e-type=\"widget\" data-widget_type=\"text-editor.default\">\n\t\t\t\t<div class=\"elementor-widget-container\">\n\t\t\t\t\t\t\t\t\t<ul><li><strong>Facile \u00e0 utiliser<\/strong>Les granul\u00e9s Bio-Pond : Saupoudrez uniform\u00e9ment les granul\u00e9s Bio-Pond sur la surface de l'eau de l'\u00e9tang. Les granul\u00e9s couleront au fond et feront leur travail sans perturber l'eau.<\/li><li><strong>Am\u00e9lioration de la qualit\u00e9 de l'eau<\/strong>La d\u00e9composition contr\u00f4l\u00e9e de la vase d'un \u00e9tang am\u00e9liore la qualit\u00e9 de l'eau. Elle lib\u00e8re m\u00eame plus de CO2, ce qui stimule la croissance des plantes aquatiques.<\/li><li><strong>Pr\u00e9vient le manque d'oxyg\u00e8ne<\/strong>: Bio-Pond fonctionne d\u00e9j\u00e0 \u00e0 des niveaux d'oxyg\u00e8ne minimaux, ce qui minimise le risque d'\u00e9puisement de l'oxyg\u00e8ne.<\/li><li><strong>Effet durable<\/strong>: Une application r\u00e9guli\u00e8re au printemps et \u00e0 l'automne permet de r\u00e9duire jusqu'\u00e0 la moiti\u00e9 de la couche de limon en un an.<\/li><\/ul>\t\t\t\t\t\t\t\t<\/div>\n\t\t\t\t<\/div>\n\t\t\t\t<div class=\"elementor-element elementor-element-c63a247 elementor-widget elementor-widget-heading\" data-id=\"c63a247\" data-element_type=\"widget\" data-e-type=\"widget\" data-widget_type=\"heading.default\">\n\t\t\t\t<div class=\"elementor-widget-container\">\n\t\t\t\t\t<h3 class=\"elementor-heading-title elementor-size-default\">Dosage et application de Bio-Pond<\/h3>\t\t\t\t<\/div>\n\t\t\t\t<\/div>\n\t\t\t\t<div class=\"elementor-element elementor-element-2b2467d elementor-widget elementor-widget-text-editor\" data-id=\"2b2467d\" data-element_type=\"widget\" data-e-type=\"widget\" data-widget_type=\"text-editor.default\">\n\t\t\t\t<div class=\"elementor-widget-container\">\n\t\t\t\t\t\t\t\t\t<ul><li>Saupoudrez 200 grammes de Bio-Pond par m\u00e8tre carr\u00e9 de surface de l'\u00e9tang deux fois par an (au printemps et \u00e0 l'automne). Pour un \u00e9tang de 2 m\u00e8tres sur 3, par exemple, vous aurez besoin de 1,2 kg \u00e0 la fois.<\/li><li><strong>P\u00e9riode recommand\u00e9e<\/strong>Bio-Pond : Il est pr\u00e9f\u00e9rable d'appliquer Bio-Pond entre la mi-septembre et la mi-novembre, et entre la mi-mars et la fin du mois de mai.<\/li><\/ul>\t\t\t\t\t\t\t\t<\/div>\n\t\t\t\t<\/div>\n\t\t\t\t<div class=\"elementor-element elementor-element-630cbf1 elementor-widget elementor-widget-heading\" data-id=\"630cbf1\" data-element_type=\"widget\" data-e-type=\"widget\" data-widget_type=\"heading.default\">\n\t\t\t\t<div class=\"elementor-widget-container\">\n\t\t\t\t\t<h3 class=\"elementor-heading-title elementor-size-default\">Vous voulez acheter Bio-Pond ?<\/h3>\t\t\t\t<\/div>\n\t\t\t\t<\/div>\n\t\t\t\t<div class=\"elementor-element elementor-element-2217fec elementor-widget elementor-widget-text-editor\" data-id=\"2217fec\" data-element_type=\"widget\" data-e-type=\"widget\" data-widget_type=\"text-editor.default\">\n\t\t\t\t<div class=\"elementor-widget-container\">\n\t\t\t\t\t\t\t\t\t<p>Chez notre partenaire de vente Vijvermeester.nl, vous pouvez <strong><a href=\"https:\/\/vijvermeester.nl\/bio-pond.html?utm_source=affiliate&amp;utm_medium=partner&amp;utm_campaign=zuurstofplanten_net&amp;utm_content=bio_pond\" rel=\"nofollow\">Bio-Pond<\/a><\/strong> Commandez en diff\u00e9rentes quantit\u00e9s, jetez un coup d'\u0153il !<\/p>\t\t\t\t\t\t\t\t<\/div>\n\t\t\t\t<\/div>\n\t\t\t\t\t<\/div>\n\t\t\t\t<\/div>\n\t\t\t\t<\/div>","protected":false},"excerpt":{"rendered":"<p>Enlever le limon de l'\u00e9tang Enlever le limon de l'\u00e9tang : Une feuille de route pour un \u00e9tang en bonne sant\u00e9 L'\u00e9limination du limon de l'\u00e9tang est une t\u00e2che essentielle pour tout amateur d'\u00e9tang. Le limon d'un \u00e9tang r\u00e9sulte de l'accumulation de mati\u00e8res organiques telles que les feuilles mortes, les plantes aquatiques et les algues, ainsi que d'influences ext\u00e9rieures telles que la poussi\u00e8re et les d\u00e9chets non organiques. Cette couche de boue peut causer des probl\u00e8mes tels qu'une eau trouble, une mauvaise odeur [...]<\/p>","protected":false},"author":4,"featured_media":0,"parent":11,"menu_order":6,"comment_status":"closed","ping_status":"closed","template":"","meta":{"_acf_changed":false,"iawp_total_views":759,"footnotes":""},"class_list":["post-420","page","type-page","status-publish","hentry"],"acf":[],"yoast_head":"<!-- This site is optimized with the Yoast SEO plugin v25.5 - https:\/\/yoast.com\/wordpress\/plugins\/seo\/ -->\n<title>Vijverslib Verwijderen [Stappenplan] | Zuurstofplanten<\/title>\n<meta name=\"description\" content=\"Vijverslib verwijderen kan een lastig klus zijn, er zijn betere manieren voor het vijverslib verwijderen. Bekijk ons stappenplan.\" \/>\n<meta name=\"robots\" content=\"index, follow, max-snippet:-1, max-image-preview:large, max-video-preview:-1\" \/>\n<link rel=\"canonical\" href=\"https:\/\/www.zuurstofplanten.net\/fr\/kennisbank\/vijverslib-verwijderen\/\" \/>\n<meta property=\"og:locale\" content=\"fr_FR\" \/>\n<meta property=\"og:type\" content=\"article\" \/>\n<meta property=\"og:title\" content=\"Vijverslib Verwijderen [Stappenplan] | Zuurstofplanten\" \/>\n<meta property=\"og:description\" content=\"Vijverslib verwijderen kan een lastig klus zijn, er zijn betere manieren voor het vijverslib verwijderen. Bekijk ons stappenplan.\" \/>\n<meta property=\"og:url\" content=\"https:\/\/www.zuurstofplanten.net\/fr\/kennisbank\/vijverslib-verwijderen\/\" \/>\n<meta property=\"og:site_name\" content=\"Zuurstofplanten.net\" \/>\n<meta property=\"article:modified_time\" content=\"2025-07-07T12:42:32+00:00\" \/>\n<meta name=\"twitter:card\" content=\"summary_large_image\" \/>\n<meta name=\"twitter:label1\" content=\"Dur\u00e9e de lecture estim\u00e9e\" \/>\n\t<meta name=\"twitter:data1\" content=\"5 minutes\" \/>\n<script type=\"application\/ld+json\" class=\"yoast-schema-graph\">{\"@context\":\"https:\/\/schema.org\",\"@graph\":[{\"@type\":\"WebPage\",\"@id\":\"https:\/\/www.zuurstofplanten.net\/kennisbank\/vijverslib-verwijderen\/\",\"url\":\"https:\/\/www.zuurstofplanten.net\/kennisbank\/vijverslib-verwijderen\/\",\"name\":\"Vijverslib Verwijderen [Stappenplan] | Zuurstofplanten\",\"isPartOf\":{\"@id\":\"https:\/\/www.zuurstofplanten.net\/#website\"},\"datePublished\":\"2024-10-09T12:43:11+00:00\",\"dateModified\":\"2025-07-07T12:42:32+00:00\",\"description\":\"Vijverslib verwijderen kan een lastig klus zijn, er zijn betere manieren voor het vijverslib verwijderen. Bekijk ons stappenplan.\",\"breadcrumb\":{\"@id\":\"https:\/\/www.zuurstofplanten.net\/kennisbank\/vijverslib-verwijderen\/#breadcrumb\"},\"inLanguage\":\"fr-FR\",\"potentialAction\":[{\"@type\":\"ReadAction\",\"target\":[\"https:\/\/www.zuurstofplanten.net\/kennisbank\/vijverslib-verwijderen\/\"]}]},{\"@type\":\"BreadcrumbList\",\"@id\":\"https:\/\/www.zuurstofplanten.net\/kennisbank\/vijverslib-verwijderen\/#breadcrumb\",\"itemListElement\":[{\"@type\":\"ListItem\",\"position\":1,\"name\":\"Home\",\"item\":\"https:\/\/www.zuurstofplanten.net\/\"},{\"@type\":\"ListItem\",\"position\":2,\"name\":\"Kennisbank\",\"item\":\"https:\/\/www.zuurstofplanten.net\/kennisbank\/\"},{\"@type\":\"ListItem\",\"position\":3,\"name\":\"Vijverslib Verwijderen\"}]},{\"@type\":\"WebSite\",\"@id\":\"https:\/\/www.zuurstofplanten.net\/#website\",\"url\":\"https:\/\/www.zuurstofplanten.net\/\",\"name\":\"Zuurstofplanten.net\",\"description\":\"\",\"publisher\":{\"@id\":\"https:\/\/www.zuurstofplanten.net\/#organization\"},\"potentialAction\":[{\"@type\":\"SearchAction\",\"target\":{\"@type\":\"EntryPoint\",\"urlTemplate\":\"https:\/\/www.zuurstofplanten.net\/?s={search_term_string}\"},\"query-input\":{\"@type\":\"PropertyValueSpecification\",\"valueRequired\":true,\"valueName\":\"search_term_string\"}}],\"inLanguage\":\"fr-FR\"},{\"@type\":\"Organization\",\"@id\":\"https:\/\/www.zuurstofplanten.net\/#organization\",\"name\":\"Zuurstofplanten.net\",\"url\":\"https:\/\/www.zuurstofplanten.net\/\",\"logo\":{\"@type\":\"ImageObject\",\"inLanguage\":\"fr-FR\",\"@id\":\"https:\/\/www.zuurstofplanten.net\/#\/schema\/logo\/image\/\",\"url\":\"https:\/\/www.zuurstofplanten.net\/wp-content\/uploads\/2024\/10\/zuurstofplanten-logo-1.jpg\",\"contentUrl\":\"https:\/\/www.zuurstofplanten.net\/wp-content\/uploads\/2024\/10\/zuurstofplanten-logo-1.jpg\",\"width\":180,\"height\":60,\"caption\":\"Zuurstofplanten.net\"},\"image\":{\"@id\":\"https:\/\/www.zuurstofplanten.net\/#\/schema\/logo\/image\/\"}}]}<\/script>\n<!-- \/ Yoast SEO plugin. -->","yoast_head_json":{"title":"Enlever la vase de l'\u00e9tang [Pas \u00e0 pas] | Plantes \u00e0 oxyg\u00e8ne","description":"L'enl\u00e8vement de la vase d'un \u00e9tang peut \u00eatre une t\u00e2che d\u00e9licate. Il existe de meilleures fa\u00e7ons d'enlever la vase d'un \u00e9tang. Consultez notre guide \u00e9tape par \u00e9tape.","robots":{"index":"index","follow":"follow","max-snippet":"max-snippet:-1","max-image-preview":"max-image-preview:large","max-video-preview":"max-video-preview:-1"},"canonical":"https:\/\/www.zuurstofplanten.net\/fr\/kennisbank\/vijverslib-verwijderen\/","og_locale":"fr_FR","og_type":"article","og_title":"Vijverslib Verwijderen [Stappenplan] | Zuurstofplanten","og_description":"Vijverslib verwijderen kan een lastig klus zijn, er zijn betere manieren voor het vijverslib verwijderen. Bekijk ons stappenplan.","og_url":"https:\/\/www.zuurstofplanten.net\/fr\/kennisbank\/vijverslib-verwijderen\/","og_site_name":"Zuurstofplanten.net","article_modified_time":"2025-07-07T12:42:32+00:00","twitter_card":"summary_large_image","twitter_misc":{"Dur\u00e9e de lecture estim\u00e9e":"5 minutes"},"schema":{"@context":"https:\/\/schema.org","@graph":[{"@type":"WebPage","@id":"https:\/\/www.zuurstofplanten.net\/kennisbank\/vijverslib-verwijderen\/","url":"https:\/\/www.zuurstofplanten.net\/kennisbank\/vijverslib-verwijderen\/","name":"Enlever la vase de l'\u00e9tang [Pas \u00e0 pas] | Plantes \u00e0 oxyg\u00e8ne","isPartOf":{"@id":"https:\/\/www.zuurstofplanten.net\/#website"},"datePublished":"2024-10-09T12:43:11+00:00","dateModified":"2025-07-07T12:42:32+00:00","description":"L'enl\u00e8vement de la vase d'un \u00e9tang peut \u00eatre une t\u00e2che d\u00e9licate. Il existe de meilleures fa\u00e7ons d'enlever la vase d'un \u00e9tang. Consultez notre guide \u00e9tape par \u00e9tape.","breadcrumb":{"@id":"https:\/\/www.zuurstofplanten.net\/kennisbank\/vijverslib-verwijderen\/#breadcrumb"},"inLanguage":"fr-FR","potentialAction":[{"@type":"ReadAction","target":["https:\/\/www.zuurstofplanten.net\/kennisbank\/vijverslib-verwijderen\/"]}]},{"@type":"BreadcrumbList","@id":"https:\/\/www.zuurstofplanten.net\/kennisbank\/vijverslib-verwijderen\/#breadcrumb","itemListElement":[{"@type":"ListItem","position":1,"name":"Home","item":"https:\/\/www.zuurstofplanten.net\/"},{"@type":"ListItem","position":2,"name":"Kennisbank","item":"https:\/\/www.zuurstofplanten.net\/kennisbank\/"},{"@type":"ListItem","position":3,"name":"Vijverslib Verwijderen"}]},{"@type":"WebSite","@id":"https:\/\/www.zuurstofplanten.net\/#website","url":"https:\/\/www.zuurstofplanten.net\/","name":"Zuurstofplanten.net","description":"","publisher":{"@id":"https:\/\/www.zuurstofplanten.net\/#organization"},"potentialAction":[{"@type":"SearchAction","target":{"@type":"EntryPoint","urlTemplate":"https:\/\/www.zuurstofplanten.net\/?s={search_term_string}"},"query-input":{"@type":"PropertyValueSpecification","valueRequired":true,"valueName":"search_term_string"}}],"inLanguage":"fr-FR"},{"@type":"Organization","@id":"https:\/\/www.zuurstofplanten.net\/#organization","name":"Zuurstofplanten.net","url":"https:\/\/www.zuurstofplanten.net\/","logo":{"@type":"ImageObject","inLanguage":"fr-FR","@id":"https:\/\/www.zuurstofplanten.net\/#\/schema\/logo\/image\/","url":"https:\/\/www.zuurstofplanten.net\/wp-content\/uploads\/2024\/10\/zuurstofplanten-logo-1.jpg","contentUrl":"https:\/\/www.zuurstofplanten.net\/wp-content\/uploads\/2024\/10\/zuurstofplanten-logo-1.jpg","width":180,"height":60,"caption":"Zuurstofplanten.net"},"image":{"@id":"https:\/\/www.zuurstofplanten.net\/#\/schema\/logo\/image\/"}}]}},"_links":{"self":[{"href":"https:\/\/www.zuurstofplanten.net\/fr\/wp-json\/wp\/v2\/pages\/420","targetHints":{"allow":["GET"]}}],"collection":[{"href":"https:\/\/www.zuurstofplanten.net\/fr\/wp-json\/wp\/v2\/pages"}],"about":[{"href":"https:\/\/www.zuurstofplanten.net\/fr\/wp-json\/wp\/v2\/types\/page"}],"author":[{"embeddable":true,"href":"https:\/\/www.zuurstofplanten.net\/fr\/wp-json\/wp\/v2\/users\/4"}],"replies":[{"embeddable":true,"href":"https:\/\/www.zuurstofplanten.net\/fr\/wp-json\/wp\/v2\/comments?post=420"}],"version-history":[{"count":22,"href":"https:\/\/www.zuurstofplanten.net\/fr\/wp-json\/wp\/v2\/pages\/420\/revisions"}],"predecessor-version":[{"id":2401,"href":"https:\/\/www.zuurstofplanten.net\/fr\/wp-json\/wp\/v2\/pages\/420\/revisions\/2401"}],"up":[{"embeddable":true,"href":"https:\/\/www.zuurstofplanten.net\/fr\/wp-json\/wp\/v2\/pages\/11"}],"wp:attachment":[{"href":"https:\/\/www.zuurstofplanten.net\/fr\/wp-json\/wp\/v2\/media?parent=420"}],"curies":[{"name":"wp","href":"https:\/\/api.w.org\/{rel}","templated":true}]}}