{"id":413,"date":"2024-10-09T12:29:07","date_gmt":"2024-10-09T12:29:07","guid":{"rendered":"https:\/\/baselinkhosting.nl\/zuurstofplanten\/?page_id=413"},"modified":"2024-10-09T12:31:17","modified_gmt":"2024-10-09T12:31:17","slug":"a-propos-de-nous","status":"publish","type":"page","link":"https:\/\/www.zuurstofplanten.net\/fr\/a-propos-de-nous\/","title":{"rendered":"A propos de nous"},"content":{"rendered":"<div data-elementor-type=\"wp-page\" data-elementor-id=\"413\" class=\"elementor elementor-413\" data-elementor-post-type=\"page\">\n\t\t\t\t<div class=\"elementor-element elementor-element-c597674 e-flex e-con-boxed e-con e-parent\" data-id=\"c597674\" data-element_type=\"container\" data-e-type=\"container\" data-settings=\"{&quot;background_background&quot;:&quot;classic&quot;}\">\n\t\t\t\t\t<div class=\"e-con-inner\">\n\t\t\t\t<div class=\"elementor-element elementor-element-d67eb4b elementor-widget elementor-widget-heading\" data-id=\"d67eb4b\" data-element_type=\"widget\" data-e-type=\"widget\" data-widget_type=\"heading.default\">\n\t\t\t\t<div class=\"elementor-widget-container\">\n\t\t\t\t\t<h1 class=\"elementor-heading-title elementor-size-default\">A propos de nous<\/h1>\t\t\t\t<\/div>\n\t\t\t\t<\/div>\n\t\t\t\t\t<\/div>\n\t\t\t\t<\/div>\n\t\t<div class=\"elementor-element elementor-element-ab3d57a e-flex e-con-boxed e-con e-parent\" data-id=\"ab3d57a\" data-element_type=\"container\" data-e-type=\"container\">\n\t\t\t\t\t<div class=\"e-con-inner\">\n\t\t\t\t<div class=\"elementor-element elementor-element-ce3f979 elementor-widget elementor-widget-heading\" data-id=\"ce3f979\" data-element_type=\"widget\" data-e-type=\"widget\" data-widget_type=\"heading.default\">\n\t\t\t\t<div class=\"elementor-widget-container\">\n\t\t\t\t\t<h2 class=\"elementor-heading-title elementor-size-default\">Oxygenplants.net. Votre sp\u00e9cialiste de l'oxyg\u00e8ne et des plantes riveraines.<\/h2>\t\t\t\t<\/div>\n\t\t\t\t<\/div>\n\t\t\t\t<div class=\"elementor-element elementor-element-d2d8bd6 elementor-widget elementor-widget-text-editor\" data-id=\"d2d8bd6\" data-element_type=\"widget\" data-e-type=\"widget\" data-widget_type=\"text-editor.default\">\n\t\t\t\t<div class=\"elementor-widget-container\">\n\t\t\t\t\t\t\t\t\t<p>Oxygenplants.net est une initiative de Dutch Water Tech BV. Nous ne vendons pas nous-m\u00eames de plantes \u00e0 oxyg\u00e8ne. Vous pouvez les acheter sur\u00a0<a href=\"https:\/\/vijvermeester.nl\/\" target=\"_blank\" rel=\"noopener\">Le ma\u00eetre des \u00e9tangs.<\/a><\/p><p>Des questions sur les projets pour les municipalit\u00e9s et les agences de l'eau ? N'h\u00e9sitez pas \u00e0 nous contacter.<\/p><p><strong>Dutch Water Tech<\/strong><br \/>Passerelle 1<br \/>4613 BW Bergen op Zoom<\/p>\t\t\t\t\t\t\t\t<\/div>\n\t\t\t\t<\/div>\n\t\t\t\t\t<\/div>\n\t\t\t\t<\/div>\n\t\t\t\t<\/div>","protected":false},"excerpt":{"rendered":"<p>A propos de nous Oxygenplants.net. Votre sp\u00e9cialiste des plantes \u00e0 oxyg\u00e8ne et des plantes de rivage. Oxygenplants.net est une initiative de Dutch Water Tech BV. Nous ne vendons pas nous-m\u00eames de plantes \u00e0 oxyg\u00e8ne. Vous pouvez les acheter aupr\u00e8s du Pond Master. Vous avez des questions concernant les projets pour les communes et les agences de l'eau ? N'h\u00e9sitez pas \u00e0 nous contacter. Dutch Water TechPoortweg 14613 BW Bergen op Zoom<\/p>","protected":false},"author":4,"featured_media":0,"parent":0,"menu_order":9,"comment_status":"closed","ping_status":"closed","template":"","meta":{"_acf_changed":false,"iawp_total_views":5,"footnotes":""},"class_list":["post-413","page","type-page","status-publish","hentry"],"acf":[],"yoast_head":"<!-- This site is optimized with the Yoast SEO plugin v25.5 - https:\/\/yoast.com\/wordpress\/plugins\/seo\/ -->\n<title>Over Ons - Zuurstofplanten.net<\/title>\n<meta name=\"robots\" content=\"index, follow, max-snippet:-1, max-image-preview:large, max-video-preview:-1\" \/>\n<link rel=\"canonical\" href=\"https:\/\/www.zuurstofplanten.net\/fr\/a-propos-de-nous\/\" \/>\n<meta property=\"og:locale\" content=\"fr_FR\" \/>\n<meta property=\"og:type\" content=\"article\" \/>\n<meta property=\"og:title\" content=\"Over Ons - Zuurstofplanten.net\" \/>\n<meta property=\"og:description\" content=\"Over Ons Zuurstofplanten.net. Uw specialist in Zuurstof- en Oeverplanten. Zuurstofplanten.net is een initiatief van Dutch Water Tech BV. Wij verkopen zelf geen zuurstofplanten. Deze kunt u kopen bij\u00a0de Vijvermeester. Vragen over projecten voor gemeenten en waterschappen? Neemt u dan gerust met ons contact op. Dutch Water TechPoortweg 14613 BW Bergen op Zoom\" \/>\n<meta property=\"og:url\" content=\"https:\/\/www.zuurstofplanten.net\/fr\/a-propos-de-nous\/\" \/>\n<meta property=\"og:site_name\" content=\"Zuurstofplanten.net\" \/>\n<meta property=\"article:modified_time\" content=\"2024-10-09T12:31:17+00:00\" \/>\n<meta name=\"twitter:card\" content=\"summary_large_image\" \/>\n<meta name=\"twitter:label1\" content=\"Dur\u00e9e de lecture estim\u00e9e\" \/>\n\t<meta name=\"twitter:data1\" content=\"1 minute\" \/>\n<script type=\"application\/ld+json\" class=\"yoast-schema-graph\">{\"@context\":\"https:\/\/schema.org\",\"@graph\":[{\"@type\":\"WebPage\",\"@id\":\"https:\/\/www.zuurstofplanten.net\/over-ons\/\",\"url\":\"https:\/\/www.zuurstofplanten.net\/over-ons\/\",\"name\":\"Over Ons - Zuurstofplanten.net\",\"isPartOf\":{\"@id\":\"https:\/\/www.zuurstofplanten.net\/#website\"},\"datePublished\":\"2024-10-09T12:29:07+00:00\",\"dateModified\":\"2024-10-09T12:31:17+00:00\",\"breadcrumb\":{\"@id\":\"https:\/\/www.zuurstofplanten.net\/over-ons\/#breadcrumb\"},\"inLanguage\":\"fr-FR\",\"potentialAction\":[{\"@type\":\"ReadAction\",\"target\":[\"https:\/\/www.zuurstofplanten.net\/over-ons\/\"]}]},{\"@type\":\"BreadcrumbList\",\"@id\":\"https:\/\/www.zuurstofplanten.net\/over-ons\/#breadcrumb\",\"itemListElement\":[{\"@type\":\"ListItem\",\"position\":1,\"name\":\"Home\",\"item\":\"https:\/\/www.zuurstofplanten.net\/\"},{\"@type\":\"ListItem\",\"position\":2,\"name\":\"Over Ons\"}]},{\"@type\":\"WebSite\",\"@id\":\"https:\/\/www.zuurstofplanten.net\/#website\",\"url\":\"https:\/\/www.zuurstofplanten.net\/\",\"name\":\"Zuurstofplanten.net\",\"description\":\"\",\"publisher\":{\"@id\":\"https:\/\/www.zuurstofplanten.net\/#organization\"},\"potentialAction\":[{\"@type\":\"SearchAction\",\"target\":{\"@type\":\"EntryPoint\",\"urlTemplate\":\"https:\/\/www.zuurstofplanten.net\/?s={search_term_string}\"},\"query-input\":{\"@type\":\"PropertyValueSpecification\",\"valueRequired\":true,\"valueName\":\"search_term_string\"}}],\"inLanguage\":\"fr-FR\"},{\"@type\":\"Organization\",\"@id\":\"https:\/\/www.zuurstofplanten.net\/#organization\",\"name\":\"Zuurstofplanten.net\",\"url\":\"https:\/\/www.zuurstofplanten.net\/\",\"logo\":{\"@type\":\"ImageObject\",\"inLanguage\":\"fr-FR\",\"@id\":\"https:\/\/www.zuurstofplanten.net\/#\/schema\/logo\/image\/\",\"url\":\"https:\/\/www.zuurstofplanten.net\/wp-content\/uploads\/2024\/10\/zuurstofplanten-logo-1.jpg\",\"contentUrl\":\"https:\/\/www.zuurstofplanten.net\/wp-content\/uploads\/2024\/10\/zuurstofplanten-logo-1.jpg\",\"width\":180,\"height\":60,\"caption\":\"Zuurstofplanten.net\"},\"image\":{\"@id\":\"https:\/\/www.zuurstofplanten.net\/#\/schema\/logo\/image\/\"}}]}<\/script>\n<!-- \/ Yoast SEO plugin. -->","yoast_head_json":{"title":"\u00c0 propos de nous - Oxygenplants.net","robots":{"index":"index","follow":"follow","max-snippet":"max-snippet:-1","max-image-preview":"max-image-preview:large","max-video-preview":"max-video-preview:-1"},"canonical":"https:\/\/www.zuurstofplanten.net\/fr\/a-propos-de-nous\/","og_locale":"fr_FR","og_type":"article","og_title":"Over Ons - Zuurstofplanten.net","og_description":"Over Ons Zuurstofplanten.net. Uw specialist in Zuurstof- en Oeverplanten. Zuurstofplanten.net is een initiatief van Dutch Water Tech BV. Wij verkopen zelf geen zuurstofplanten. Deze kunt u kopen bij\u00a0de Vijvermeester. Vragen over projecten voor gemeenten en waterschappen? Neemt u dan gerust met ons contact op. Dutch Water TechPoortweg 14613 BW Bergen op Zoom","og_url":"https:\/\/www.zuurstofplanten.net\/fr\/a-propos-de-nous\/","og_site_name":"Zuurstofplanten.net","article_modified_time":"2024-10-09T12:31:17+00:00","twitter_card":"summary_large_image","twitter_misc":{"Dur\u00e9e de lecture estim\u00e9e":"1 minute"},"schema":{"@context":"https:\/\/schema.org","@graph":[{"@type":"WebPage","@id":"https:\/\/www.zuurstofplanten.net\/over-ons\/","url":"https:\/\/www.zuurstofplanten.net\/over-ons\/","name":"\u00c0 propos de nous - Oxygenplants.net","isPartOf":{"@id":"https:\/\/www.zuurstofplanten.net\/#website"},"datePublished":"2024-10-09T12:29:07+00:00","dateModified":"2024-10-09T12:31:17+00:00","breadcrumb":{"@id":"https:\/\/www.zuurstofplanten.net\/over-ons\/#breadcrumb"},"inLanguage":"fr-FR","potentialAction":[{"@type":"ReadAction","target":["https:\/\/www.zuurstofplanten.net\/over-ons\/"]}]},{"@type":"BreadcrumbList","@id":"https:\/\/www.zuurstofplanten.net\/over-ons\/#breadcrumb","itemListElement":[{"@type":"ListItem","position":1,"name":"Home","item":"https:\/\/www.zuurstofplanten.net\/"},{"@type":"ListItem","position":2,"name":"Over Ons"}]},{"@type":"WebSite","@id":"https:\/\/www.zuurstofplanten.net\/#website","url":"https:\/\/www.zuurstofplanten.net\/","name":"Zuurstofplanten.net","description":"","publisher":{"@id":"https:\/\/www.zuurstofplanten.net\/#organization"},"potentialAction":[{"@type":"SearchAction","target":{"@type":"EntryPoint","urlTemplate":"https:\/\/www.zuurstofplanten.net\/?s={search_term_string}"},"query-input":{"@type":"PropertyValueSpecification","valueRequired":true,"valueName":"search_term_string"}}],"inLanguage":"fr-FR"},{"@type":"Organization","@id":"https:\/\/www.zuurstofplanten.net\/#organization","name":"Zuurstofplanten.net","url":"https:\/\/www.zuurstofplanten.net\/","logo":{"@type":"ImageObject","inLanguage":"fr-FR","@id":"https:\/\/www.zuurstofplanten.net\/#\/schema\/logo\/image\/","url":"https:\/\/www.zuurstofplanten.net\/wp-content\/uploads\/2024\/10\/zuurstofplanten-logo-1.jpg","contentUrl":"https:\/\/www.zuurstofplanten.net\/wp-content\/uploads\/2024\/10\/zuurstofplanten-logo-1.jpg","width":180,"height":60,"caption":"Zuurstofplanten.net"},"image":{"@id":"https:\/\/www.zuurstofplanten.net\/#\/schema\/logo\/image\/"}}]}},"_links":{"self":[{"href":"https:\/\/www.zuurstofplanten.net\/fr\/wp-json\/wp\/v2\/pages\/413"}],"collection":[{"href":"https:\/\/www.zuurstofplanten.net\/fr\/wp-json\/wp\/v2\/pages"}],"about":[{"href":"https:\/\/www.zuurstofplanten.net\/fr\/wp-json\/wp\/v2\/types\/page"}],"author":[{"embeddable":true,"href":"https:\/\/www.zuurstofplanten.net\/fr\/wp-json\/wp\/v2\/users\/4"}],"replies":[{"embeddable":true,"href":"https:\/\/www.zuurstofplanten.net\/fr\/wp-json\/wp\/v2\/comments?post=413"}],"version-history":[{"count":4,"href":"https:\/\/www.zuurstofplanten.net\/fr\/wp-json\/wp\/v2\/pages\/413\/revisions"}],"predecessor-version":[{"id":417,"href":"https:\/\/www.zuurstofplanten.net\/fr\/wp-json\/wp\/v2\/pages\/413\/revisions\/417"}],"wp:attachment":[{"href":"https:\/\/www.zuurstofplanten.net\/fr\/wp-json\/wp\/v2\/media?parent=413"}],"curies":[{"name":"wp","href":"https:\/\/api.w.org\/{rel}","templated":true}]}}