{"id":390,"date":"2024-10-09T11:51:48","date_gmt":"2024-10-09T11:51:48","guid":{"rendered":"https:\/\/baselinkhosting.nl\/zuurstofplanten\/?page_id=390"},"modified":"2025-06-04T08:19:54","modified_gmt":"2025-06-04T08:19:54","slug":"acheter-des-plantes-a-oxygene","status":"publish","type":"page","link":"https:\/\/www.zuurstofplanten.net\/fr\/acheter-des-plantes-a-oxygene\/","title":{"rendered":"Achat de plantes \u00e0 oxyg\u00e8ne"},"content":{"rendered":"<div data-elementor-type=\"wp-page\" data-elementor-id=\"390\" class=\"elementor elementor-390\" data-elementor-post-type=\"page\">\n\t\t\t\t<div class=\"elementor-element elementor-element-13ce743 e-flex e-con-boxed e-con e-parent\" data-id=\"13ce743\" data-element_type=\"container\" data-e-type=\"container\" data-settings=\"{&quot;background_background&quot;:&quot;classic&quot;}\">\n\t\t\t\t\t<div class=\"e-con-inner\">\n\t\t\t\t<div class=\"elementor-element elementor-element-93a4db6 elementor-widget elementor-widget-heading\" data-id=\"93a4db6\" data-element_type=\"widget\" data-e-type=\"widget\" data-widget_type=\"heading.default\">\n\t\t\t\t<div class=\"elementor-widget-container\">\n\t\t\t\t\t<h1 class=\"elementor-heading-title elementor-size-default\">Achat de plantes \u00e0 oxyg\u00e8ne<\/h1>\t\t\t\t<\/div>\n\t\t\t\t<\/div>\n\t\t\t\t<div class=\"elementor-element elementor-element-88fda61 elementor-widget elementor-widget-breadcrumbs\" data-id=\"88fda61\" data-element_type=\"widget\" data-e-type=\"widget\" data-widget_type=\"breadcrumbs.default\">\n\t\t\t\t<div class=\"elementor-widget-container\">\n\t\t\t\t\t<p id=\"breadcrumbs\"><span><span><a href=\"https:\/\/www.zuurstofplanten.net\/fr\/\">Accueil<\/a><\/span><\/span><\/p>\t\t\t\t<\/div>\n\t\t\t\t<\/div>\n\t\t\t\t\t<\/div>\n\t\t\t\t<\/div>\n\t\t<div class=\"elementor-element elementor-element-904aeb9 e-flex e-con-boxed e-con e-parent\" data-id=\"904aeb9\" data-element_type=\"container\" data-e-type=\"container\">\n\t\t\t\t\t<div class=\"e-con-inner\">\n\t\t\t\t<div class=\"elementor-element elementor-element-4276300 elementor-widget elementor-widget-heading\" data-id=\"4276300\" data-element_type=\"widget\" data-e-type=\"widget\" data-widget_type=\"heading.default\">\n\t\t\t\t<div class=\"elementor-widget-container\">\n\t\t\t\t\t<h2 class=\"elementor-heading-title elementor-size-default\">O\u00f9 puis-je acheter des plantes \u00e0 oxyg\u00e8ne ?<\/h2>\t\t\t\t<\/div>\n\t\t\t\t<\/div>\n\t\t\t\t<div class=\"elementor-element elementor-element-5701b58 elementor-widget elementor-widget-text-editor\" data-id=\"5701b58\" data-element_type=\"widget\" data-e-type=\"widget\" data-widget_type=\"text-editor.default\">\n\t\t\t\t<div class=\"elementor-widget-container\">\n\t\t\t\t\t\t\t\t\t<p>Toutes les esp\u00e8ces de plantes \u00e0 oxyg\u00e8ne que vous trouverez sur ce site sont de haute qualit\u00e9 et sont vendues par l'interm\u00e9diaire de notre partenaire commercial. <a href=\"https:\/\/vijvermeester.nl\/zuurstofplanten.html?&amp;utm_source=affiliate&amp;utm_medium=partner&amp;utm_campaign=zuurstofplanten_net&amp;utm_content=zuurstofplanten_kopen\" rel=\"nofollow\">Vijvermeester.nl<\/a>. Sur ce webshop, vous pouvez choisir parmi diff\u00e9rents types de plantes, qui sont vendues par 10 bottes. Depuis peu, nous avons \u00e9galement une\u00a0<a title=\"paquet de 10 bouquets de plantes \u00e0 oxyg\u00e8ne\" href=\"https:\/\/vijvermeester.nl\/zuurstofplanten-pakket-voor-vijver.html?&amp;utm_source=affiliate&amp;utm_medium=partner&amp;utm_campaign=zuurstofplanten_net&amp;utm_content=zuurstofplantenpakket_voor_vijver\" target=\"_blank\" rel=\"nofollow noopener\">paquet sp\u00e9cial<\/a>\u00a0avec des plantes \u00e0 oxyg\u00e8ne, 10 bouquets de plantes diverses (y compris des\u00a0<a title=\"Feuille de corne\" href=\"https:\/\/www.zuurstofplanten.net\/fr\/plantes-a-oxygene\/la-corneille-fine\/\">Feuille de corne<\/a>,\u00a0<a title=\"Les algues marines\" href=\"https:\/\/www.zuurstofplanten.net\/fr\/plantes-a-oxygene\/foin-deau\/\">Les algues marines<\/a>\u00a0et\u00a0<a title=\"Potamot\" href=\"https:\/\/www.zuurstofplanten.net\/fr\/plantes-a-oxygene\/potamot\/\">Potamot<\/a>) de haute qualit\u00e9 pour seulement 24,95 \u20ac. Les plantes \u00e0 oxyg\u00e8ne sont envoy\u00e9es humides dans un emballage \u00e9tanche, de sorte qu'elles peuvent \u00eatre envoy\u00e9es par colis postal et que vous ne devez pas n\u00e9cessairement venir les chercher. Il est bien s\u00fbr important que les plantes \u00e0 oxyg\u00e8ne entrent dans l'eau le plus rapidement possible apr\u00e8s r\u00e9ception.<\/p>\t\t\t\t\t\t\t\t<\/div>\n\t\t\t\t<\/div>\n\t\t\t\t<div class=\"elementor-element elementor-element-59e7869 elementor-widget elementor-widget-heading\" data-id=\"59e7869\" data-element_type=\"widget\" data-e-type=\"widget\" data-widget_type=\"heading.default\">\n\t\t\t\t<div class=\"elementor-widget-container\">\n\t\t\t\t\t<h2 class=\"elementor-heading-title elementor-size-default\">Combien de plantes \u00e0 oxyg\u00e8ne dois-je acheter ?<\/h2>\t\t\t\t<\/div>\n\t\t\t\t<\/div>\n\t\t\t\t<div class=\"elementor-element elementor-element-e646a7d elementor-widget elementor-widget-text-editor\" data-id=\"e646a7d\" data-element_type=\"widget\" data-e-type=\"widget\" data-widget_type=\"text-editor.default\">\n\t\t\t\t<div class=\"elementor-widget-container\">\n\t\t\t\t\t\t\t\t\t<p>Le nombre de plantes \u00e0 oxyg\u00e8ne dont vous avez besoin d\u00e9pend du volume de votre bassin. Quatre \u00e0 cinq bouquets de plantes \u00e0 oxyg\u00e8ne par m\u00e8tre cube de volume d'\u00e9tang donnent les meilleurs r\u00e9sultats en termes d'oxyg\u00e8ne et de clart\u00e9. En outre, ce nombre permet de contr\u00f4ler les algues dans l'\u00e9tang, car les plantes \u00e0 oxyg\u00e8ne rivalisent avec les algues pour les nutriments pr\u00e9sents dans l'eau. Souvent, pour des raisons d'\u00e9conomie, les gens choisissent d'avoir moins de plantes \u00e0 oxyg\u00e8ne, mais cela donne des r\u00e9sultats bien inf\u00e9rieurs !<\/p>\t\t\t\t\t\t\t\t<\/div>\n\t\t\t\t<\/div>\n\t\t\t\t<div class=\"elementor-element elementor-element-b3d5981 elementor-widget elementor-widget-heading\" data-id=\"b3d5981\" data-element_type=\"widget\" data-e-type=\"widget\" data-widget_type=\"heading.default\">\n\t\t\t\t<div class=\"elementor-widget-container\">\n\t\t\t\t\t<h2 class=\"elementor-heading-title elementor-size-default\">D\u00e9termination du contenu de l'\u00e9tang<\/h2>\t\t\t\t<\/div>\n\t\t\t\t<\/div>\n\t\t\t\t<div class=\"elementor-element elementor-element-50a0180 elementor-widget elementor-widget-text-editor\" data-id=\"50a0180\" data-element_type=\"widget\" data-e-type=\"widget\" data-widget_type=\"text-editor.default\">\n\t\t\t\t<div class=\"elementor-widget-container\">\n\t\t\t\t\t\t\t\t\t<p>Vous pouvez calculer le volume de votre \u00e9tang de plusieurs fa\u00e7ons.<\/p><p>Vous avez un \u00e9tang circulaire ? Vous devez d'abord d\u00e9terminer le rayon de l'\u00e9tang en m\u00e8tres. Le rayon est \u00e9gal \u00e0 la moiti\u00e9 du diam\u00e8tre. Vous mesurez ensuite la profondeur en m\u00e8tres.<\/p><p>Sur la calculatrice, vous pouvez alors entrer 3,14 x rayon x rayon x profondeur de l'\u00e9tang. Vous obtenez alors le nombre de m\u00e8tres cubes. Il peut s'agir de 0,92 m3 par exemple, puis d'arrondir \u00e0 l'unit\u00e9 sup\u00e9rieure.<\/p><p><strong>Exemple de calcul<\/strong>Si vous avez un \u00e9tang rond d'une profondeur moyenne de 1 m\u00e8tre et d'un rayon de 50 cm (0,5 m\u00e8tre), vous ferez 3,14 x 0,5 x 0,5 x 1 = 0,785 m3.<\/p><p>Le volume d'un \u00e9tang rectangulaire est plus facile \u00e0 d\u00e9terminer. Vous mesurez la longueur et la largeur de l'\u00e9tang en m\u00e8tres et d\u00e9terminez ensuite la profondeur en m\u00e8tres. Sur la calculatrice, vous entrez alors : largeur de l'\u00e9tang x longueur de l'\u00e9tang x profondeur de l'\u00e9tang. Vous obtenez alors le volume de l'\u00e9tang en m\u00e8tres cubes.<\/p><p><strong>Exemple de calcul<\/strong>Pour une longueur de 1,5 m\u00e8tre, une largeur de 2 m\u00e8tres et une profondeur de 1,20 m\u00e8tre, tapez 1,5 x 2 x 1,2 = 3,6 m3.<\/p>\t\t\t\t\t\t\t\t<\/div>\n\t\t\t\t<\/div>\n\t\t\t\t<div class=\"elementor-element elementor-element-7485f20 elementor-widget elementor-widget-heading\" data-id=\"7485f20\" data-element_type=\"widget\" data-e-type=\"widget\" data-widget_type=\"heading.default\">\n\t\t\t\t<div class=\"elementor-widget-container\">\n\t\t\t\t\t<h2 class=\"elementor-heading-title elementor-size-default\">Acheter des plantes \u00e0 oxyg\u00e8ne ?<\/h2>\t\t\t\t<\/div>\n\t\t\t\t<\/div>\n\t\t\t\t<div class=\"elementor-element elementor-element-adecdca elementor-widget elementor-widget-text-editor\" data-id=\"adecdca\" data-element_type=\"widget\" data-e-type=\"widget\" data-widget_type=\"text-editor.default\">\n\t\t\t\t<div class=\"elementor-widget-container\">\n\t\t\t\t\t\t\t\t\tChez notre partenaire commercial<a href=\"https:\/\/vijvermeester.nl\/zuurstofplanten.html?&#038;utm_source=affiliate&#038;utm_medium=partner&#038;utm_campaign=zuurstofplanten_net&#038;utm_content=zuurstofplanten_kopen\" rel=\"nofollow\">\u00a0Vijvermeester.nl<\/a>\u00a0diverses esp\u00e8ces de plantes oxyg\u00e9n\u00e9es sont en vente pendant la saison, n'h\u00e9sitez pas \u00e0 y jeter un coup d'\u0153il !\t\t\t\t\t\t\t\t<\/div>\n\t\t\t\t<\/div>\n\t\t\t\t\t<\/div>\n\t\t\t\t<\/div>\n\t\t\t\t<\/div>","protected":false},"excerpt":{"rendered":"<p>Achat de plantes \u00e0 oxyg\u00e8ne O\u00f9 puis-je acheter des plantes \u00e0 oxyg\u00e8ne ? Tous les types de plantes \u00e0 oxyg\u00e8ne que vous trouverez sur ce site web sont de haute qualit\u00e9 et sont vendus par notre partenaire de vente Vijvermeester.nl. Dans cette boutique en ligne, vous pouvez choisir parmi diff\u00e9rents types de plantes, qui sont vendues par 10 bottes. Depuis peu, nous avons \u00e9galement un paquet sp\u00e9cial de plantes \u00e0 oxyg\u00e8ne, 10 bottes de [...]<\/p>","protected":false},"author":4,"featured_media":0,"parent":0,"menu_order":6,"comment_status":"closed","ping_status":"closed","template":"","meta":{"_acf_changed":false,"iawp_total_views":271,"footnotes":""},"class_list":["post-390","page","type-page","status-publish","hentry"],"acf":[],"yoast_head":"<!-- This site is optimized with the Yoast SEO plugin v25.5 - https:\/\/yoast.com\/wordpress\/plugins\/seo\/ -->\n<title>Zuurstofplanten Kopen? Bekijk het assortiment en meer informatie!<\/title>\n<meta name=\"description\" content=\"Zuurstofplanten zijn te koop via onze verkooppartner Vijvermeester.nl. Lees hier meer over zuurstofplanten en de voordelen ervan.\" \/>\n<meta name=\"robots\" content=\"index, follow, max-snippet:-1, max-image-preview:large, max-video-preview:-1\" \/>\n<link rel=\"canonical\" href=\"https:\/\/www.zuurstofplanten.net\/fr\/acheter-des-plantes-a-oxygene\/\" \/>\n<meta property=\"og:locale\" content=\"fr_FR\" \/>\n<meta property=\"og:type\" content=\"article\" \/>\n<meta property=\"og:title\" content=\"Zuurstofplanten Kopen? Bekijk het assortiment en meer informatie!\" \/>\n<meta property=\"og:description\" content=\"Zuurstofplanten zijn te koop via onze verkooppartner Vijvermeester.nl. Lees hier meer over zuurstofplanten en de voordelen ervan.\" \/>\n<meta property=\"og:url\" content=\"https:\/\/www.zuurstofplanten.net\/fr\/acheter-des-plantes-a-oxygene\/\" \/>\n<meta property=\"og:site_name\" content=\"Zuurstofplanten.net\" \/>\n<meta property=\"article:modified_time\" content=\"2025-06-04T08:19:54+00:00\" \/>\n<meta name=\"twitter:card\" content=\"summary_large_image\" \/>\n<meta name=\"twitter:label1\" content=\"Dur\u00e9e de lecture estim\u00e9e\" \/>\n\t<meta name=\"twitter:data1\" content=\"3 minutes\" \/>\n<script type=\"application\/ld+json\" class=\"yoast-schema-graph\">{\"@context\":\"https:\/\/schema.org\",\"@graph\":[{\"@type\":\"WebPage\",\"@id\":\"https:\/\/www.zuurstofplanten.net\/zuurstofplanten-kopen\/\",\"url\":\"https:\/\/www.zuurstofplanten.net\/zuurstofplanten-kopen\/\",\"name\":\"Zuurstofplanten Kopen? Bekijk het assortiment en meer informatie!\",\"isPartOf\":{\"@id\":\"https:\/\/www.zuurstofplanten.net\/#website\"},\"datePublished\":\"2024-10-09T11:51:48+00:00\",\"dateModified\":\"2025-06-04T08:19:54+00:00\",\"description\":\"Zuurstofplanten zijn te koop via onze verkooppartner Vijvermeester.nl. Lees hier meer over zuurstofplanten en de voordelen ervan.\",\"breadcrumb\":{\"@id\":\"https:\/\/www.zuurstofplanten.net\/zuurstofplanten-kopen\/#breadcrumb\"},\"inLanguage\":\"fr-FR\",\"potentialAction\":[{\"@type\":\"ReadAction\",\"target\":[\"https:\/\/www.zuurstofplanten.net\/zuurstofplanten-kopen\/\"]}]},{\"@type\":\"BreadcrumbList\",\"@id\":\"https:\/\/www.zuurstofplanten.net\/zuurstofplanten-kopen\/#breadcrumb\",\"itemListElement\":[{\"@type\":\"ListItem\",\"position\":1,\"name\":\"Home\",\"item\":\"https:\/\/www.zuurstofplanten.net\/\"},{\"@type\":\"ListItem\",\"position\":2,\"name\":\"Zuurstofplanten Kopen\"}]},{\"@type\":\"WebSite\",\"@id\":\"https:\/\/www.zuurstofplanten.net\/#website\",\"url\":\"https:\/\/www.zuurstofplanten.net\/\",\"name\":\"Zuurstofplanten.net\",\"description\":\"\",\"publisher\":{\"@id\":\"https:\/\/www.zuurstofplanten.net\/#organization\"},\"potentialAction\":[{\"@type\":\"SearchAction\",\"target\":{\"@type\":\"EntryPoint\",\"urlTemplate\":\"https:\/\/www.zuurstofplanten.net\/?s={search_term_string}\"},\"query-input\":{\"@type\":\"PropertyValueSpecification\",\"valueRequired\":true,\"valueName\":\"search_term_string\"}}],\"inLanguage\":\"fr-FR\"},{\"@type\":\"Organization\",\"@id\":\"https:\/\/www.zuurstofplanten.net\/#organization\",\"name\":\"Zuurstofplanten.net\",\"url\":\"https:\/\/www.zuurstofplanten.net\/\",\"logo\":{\"@type\":\"ImageObject\",\"inLanguage\":\"fr-FR\",\"@id\":\"https:\/\/www.zuurstofplanten.net\/#\/schema\/logo\/image\/\",\"url\":\"https:\/\/www.zuurstofplanten.net\/wp-content\/uploads\/2024\/10\/zuurstofplanten-logo-1.jpg\",\"contentUrl\":\"https:\/\/www.zuurstofplanten.net\/wp-content\/uploads\/2024\/10\/zuurstofplanten-logo-1.jpg\",\"width\":180,\"height\":60,\"caption\":\"Zuurstofplanten.net\"},\"image\":{\"@id\":\"https:\/\/www.zuurstofplanten.net\/#\/schema\/logo\/image\/\"}}]}<\/script>\n<!-- \/ Yoast SEO plugin. -->","yoast_head_json":{"title":"Acheter des plantes \u00e0 oxyg\u00e8ne ? Voir la gamme et plus d'informations !","description":"Les plantes \u00e0 oxyg\u00e8ne peuvent \u00eatre achet\u00e9es aupr\u00e8s de notre partenaire de vente Vijvermeester.nl. Pour en savoir plus sur les plantes \u00e0 oxyg\u00e8ne et leurs avantages, cliquez ici.","robots":{"index":"index","follow":"follow","max-snippet":"max-snippet:-1","max-image-preview":"max-image-preview:large","max-video-preview":"max-video-preview:-1"},"canonical":"https:\/\/www.zuurstofplanten.net\/fr\/acheter-des-plantes-a-oxygene\/","og_locale":"fr_FR","og_type":"article","og_title":"Zuurstofplanten Kopen? Bekijk het assortiment en meer informatie!","og_description":"Zuurstofplanten zijn te koop via onze verkooppartner Vijvermeester.nl. Lees hier meer over zuurstofplanten en de voordelen ervan.","og_url":"https:\/\/www.zuurstofplanten.net\/fr\/acheter-des-plantes-a-oxygene\/","og_site_name":"Zuurstofplanten.net","article_modified_time":"2025-06-04T08:19:54+00:00","twitter_card":"summary_large_image","twitter_misc":{"Dur\u00e9e de lecture estim\u00e9e":"3 minutes"},"schema":{"@context":"https:\/\/schema.org","@graph":[{"@type":"WebPage","@id":"https:\/\/www.zuurstofplanten.net\/zuurstofplanten-kopen\/","url":"https:\/\/www.zuurstofplanten.net\/zuurstofplanten-kopen\/","name":"Acheter des plantes \u00e0 oxyg\u00e8ne ? Voir la gamme et plus d'informations !","isPartOf":{"@id":"https:\/\/www.zuurstofplanten.net\/#website"},"datePublished":"2024-10-09T11:51:48+00:00","dateModified":"2025-06-04T08:19:54+00:00","description":"Les plantes \u00e0 oxyg\u00e8ne peuvent \u00eatre achet\u00e9es aupr\u00e8s de notre partenaire de vente Vijvermeester.nl. Pour en savoir plus sur les plantes \u00e0 oxyg\u00e8ne et leurs avantages, cliquez ici.","breadcrumb":{"@id":"https:\/\/www.zuurstofplanten.net\/zuurstofplanten-kopen\/#breadcrumb"},"inLanguage":"fr-FR","potentialAction":[{"@type":"ReadAction","target":["https:\/\/www.zuurstofplanten.net\/zuurstofplanten-kopen\/"]}]},{"@type":"BreadcrumbList","@id":"https:\/\/www.zuurstofplanten.net\/zuurstofplanten-kopen\/#breadcrumb","itemListElement":[{"@type":"ListItem","position":1,"name":"Home","item":"https:\/\/www.zuurstofplanten.net\/"},{"@type":"ListItem","position":2,"name":"Zuurstofplanten Kopen"}]},{"@type":"WebSite","@id":"https:\/\/www.zuurstofplanten.net\/#website","url":"https:\/\/www.zuurstofplanten.net\/","name":"Zuurstofplanten.net","description":"","publisher":{"@id":"https:\/\/www.zuurstofplanten.net\/#organization"},"potentialAction":[{"@type":"SearchAction","target":{"@type":"EntryPoint","urlTemplate":"https:\/\/www.zuurstofplanten.net\/?s={search_term_string}"},"query-input":{"@type":"PropertyValueSpecification","valueRequired":true,"valueName":"search_term_string"}}],"inLanguage":"fr-FR"},{"@type":"Organization","@id":"https:\/\/www.zuurstofplanten.net\/#organization","name":"Zuurstofplanten.net","url":"https:\/\/www.zuurstofplanten.net\/","logo":{"@type":"ImageObject","inLanguage":"fr-FR","@id":"https:\/\/www.zuurstofplanten.net\/#\/schema\/logo\/image\/","url":"https:\/\/www.zuurstofplanten.net\/wp-content\/uploads\/2024\/10\/zuurstofplanten-logo-1.jpg","contentUrl":"https:\/\/www.zuurstofplanten.net\/wp-content\/uploads\/2024\/10\/zuurstofplanten-logo-1.jpg","width":180,"height":60,"caption":"Zuurstofplanten.net"},"image":{"@id":"https:\/\/www.zuurstofplanten.net\/#\/schema\/logo\/image\/"}}]}},"_links":{"self":[{"href":"https:\/\/www.zuurstofplanten.net\/fr\/wp-json\/wp\/v2\/pages\/390"}],"collection":[{"href":"https:\/\/www.zuurstofplanten.net\/fr\/wp-json\/wp\/v2\/pages"}],"about":[{"href":"https:\/\/www.zuurstofplanten.net\/fr\/wp-json\/wp\/v2\/types\/page"}],"author":[{"embeddable":true,"href":"https:\/\/www.zuurstofplanten.net\/fr\/wp-json\/wp\/v2\/users\/4"}],"replies":[{"embeddable":true,"href":"https:\/\/www.zuurstofplanten.net\/fr\/wp-json\/wp\/v2\/comments?post=390"}],"version-history":[{"count":19,"href":"https:\/\/www.zuurstofplanten.net\/fr\/wp-json\/wp\/v2\/pages\/390\/revisions"}],"predecessor-version":[{"id":2048,"href":"https:\/\/www.zuurstofplanten.net\/fr\/wp-json\/wp\/v2\/pages\/390\/revisions\/2048"}],"wp:attachment":[{"href":"https:\/\/www.zuurstofplanten.net\/fr\/wp-json\/wp\/v2\/media?parent=390"}],"curies":[{"name":"wp","href":"https:\/\/api.w.org\/{rel}","templated":true}]}}