{"id":383,"date":"2024-10-09T11:10:47","date_gmt":"2024-10-09T11:10:47","guid":{"rendered":"https:\/\/baselinkhosting.nl\/zuurstofplanten\/?page_id=383"},"modified":"2025-05-23T15:04:14","modified_gmt":"2025-05-23T15:04:14","slug":"quelles-sont-les-plantes-aquatiques-resistantes","status":"publish","type":"page","link":"https:\/\/www.zuurstofplanten.net\/fr\/base-de-connaissances\/quelles-sont-les-plantes-aquatiques-resistantes\/","title":{"rendered":"Quelles sont les plantes aquatiques r\u00e9sistantes ?"},"content":{"rendered":"<div data-elementor-type=\"wp-page\" data-elementor-id=\"383\" class=\"elementor elementor-383\" data-elementor-post-type=\"page\">\n\t\t\t\t<div class=\"elementor-element elementor-element-99f0630 e-flex e-con-boxed e-con e-parent\" data-id=\"99f0630\" data-element_type=\"container\" data-e-type=\"container\" data-settings=\"{&quot;background_background&quot;:&quot;classic&quot;}\">\n\t\t\t\t\t<div class=\"e-con-inner\">\n\t\t\t\t<div class=\"elementor-element elementor-element-d4371c8 elementor-widget elementor-widget-heading\" data-id=\"d4371c8\" data-element_type=\"widget\" data-e-type=\"widget\" data-widget_type=\"heading.default\">\n\t\t\t\t<div class=\"elementor-widget-container\">\n\t\t\t\t\t<h1 class=\"elementor-heading-title elementor-size-default\">Quelles sont les plantes \u00e0 oxyg\u00e8ne qui sont r\u00e9sistantes ?<\/h1>\t\t\t\t<\/div>\n\t\t\t\t<\/div>\n\t\t\t\t<div class=\"elementor-element elementor-element-be191de elementor-widget elementor-widget-breadcrumbs\" data-id=\"be191de\" data-element_type=\"widget\" data-e-type=\"widget\" data-widget_type=\"breadcrumbs.default\">\n\t\t\t\t<div class=\"elementor-widget-container\">\n\t\t\t\t\t<p id=\"breadcrumbs\"><span><span><a href=\"https:\/\/www.zuurstofplanten.net\/fr\/\">Accueil<\/a><\/span><\/span><\/p>\t\t\t\t<\/div>\n\t\t\t\t<\/div>\n\t\t\t\t\t<\/div>\n\t\t\t\t<\/div>\n\t\t<div class=\"elementor-element elementor-element-1c65e1d e-flex e-con-boxed e-con e-parent\" data-id=\"1c65e1d\" data-element_type=\"container\" data-e-type=\"container\">\n\t\t\t\t\t<div class=\"e-con-inner\">\n\t\t\t\t<div class=\"elementor-element elementor-element-8c85d8d elementor-widget elementor-widget-heading\" data-id=\"8c85d8d\" data-element_type=\"widget\" data-e-type=\"widget\" data-widget_type=\"heading.default\">\n\t\t\t\t<div class=\"elementor-widget-container\">\n\t\t\t\t\t<h2 class=\"elementor-heading-title elementor-size-default\">Plantes \u00e0 oxyg\u00e8ne rustiques<\/h2>\t\t\t\t<\/div>\n\t\t\t\t<\/div>\n\t\t\t\t<div class=\"elementor-element elementor-element-7a1fd21 elementor-widget elementor-widget-text-editor\" data-id=\"7a1fd21\" data-element_type=\"widget\" data-e-type=\"widget\" data-widget_type=\"text-editor.default\">\n\t\t\t\t<div class=\"elementor-widget-container\">\n\t\t\t\t\t\t\t\t\t<p>Het is zonde om ieder jaar weer nieuwe waterplanten te moeten kopen die door aanhoudende vorst kapot gaan en daardoor niet meer optimaal zuurstof aan het vijverwater kunnen toevoegen. Winterharde waterplanten of zuurstofplanten bieden de oplossing. Deze waterplanten zijn gewend aan lage temperaturen en blijven hun zuurstof afgevende functie behouden. Zo zorgt u ervoor dat de waterkwaliteit van uw vijver ook in de winter optimaal is.<\/p>\t\t\t\t\t\t\t\t<\/div>\n\t\t\t\t<\/div>\n\t\t\t\t<div class=\"elementor-element elementor-element-25a617a elementor-widget elementor-widget-heading\" data-id=\"25a617a\" data-element_type=\"widget\" data-e-type=\"widget\" data-widget_type=\"heading.default\">\n\t\t\t\t<div class=\"elementor-widget-container\">\n\t\t\t\t\t<h2 class=\"elementor-heading-title elementor-size-default\">Quelles sont les plantes \u00e0 oxyg\u00e8ne qui r\u00e9sistent au gel ?<\/h2>\t\t\t\t<\/div>\n\t\t\t\t<\/div>\n\t\t\t\t<div class=\"elementor-element elementor-element-61e3d47 elementor-widget elementor-widget-text-editor\" data-id=\"61e3d47\" data-element_type=\"widget\" data-e-type=\"widget\" data-widget_type=\"text-editor.default\">\n\t\t\t\t<div class=\"elementor-widget-container\">\n\t\t\t\t\t\t\t\t\t<p>Cela diff\u00e8re selon les plantes. Sur cette page et dans la boutique en ligne, vous pouvez voir dans l'aper\u00e7u \u00e0 quelle profondeur l'esp\u00e8ce que vous avez command\u00e9e peut \u00eatre plant\u00e9e. (Par exemple, le potamot - l'aper\u00e7u montre qu'il peut \u00eatre plant\u00e9 entre 50 et 150 cm de profondeur.<\/p>\t\t\t\t\t\t\t\t<\/div>\n\t\t\t\t<\/div>\n\t\t\t\t<div class=\"elementor-element elementor-element-e833bb5 elementor-widget elementor-widget-heading\" data-id=\"e833bb5\" data-element_type=\"widget\" data-e-type=\"widget\" data-widget_type=\"heading.default\">\n\t\t\t\t<div class=\"elementor-widget-container\">\n\t\t\t\t\t<h3 class=\"elementor-heading-title elementor-size-default\">Potamot flottant<\/h3>\t\t\t\t<\/div>\n\t\t\t\t<\/div>\n\t\t\t\t<div class=\"elementor-element elementor-element-37b9408 elementor-widget elementor-widget-image\" data-id=\"37b9408\" data-element_type=\"widget\" data-e-type=\"widget\" data-widget_type=\"image.default\">\n\t\t\t\t<div class=\"elementor-widget-container\">\n\t\t\t\t\t\t\t\t\t\t\t\t\t\t\t<img decoding=\"async\" width=\"150\" height=\"150\" src=\"https:\/\/www.zuurstofplanten.net\/wp-content\/uploads\/2024\/10\/drijvend_fonteinkruid-n4wj1zlmk1jravbnwktgljhmjszaidk124ixw9qs40-150x150.jpg\" class=\"attachment-thumbnail size-thumbnail wp-image-385\" alt=\"\" srcset=\"https:\/\/www.zuurstofplanten.net\/wp-content\/uploads\/2024\/10\/drijvend_fonteinkruid-n4wj1zlmk1jravbnwktgljhmjszaidk124ixw9qs40-150x150.jpg 150w, https:\/\/www.zuurstofplanten.net\/wp-content\/uploads\/2024\/10\/drijvend_fonteinkruid-n4wj1zlmk1jravbnwktgljhmjszaidk124ixw9qs40.jpg 200w\" sizes=\"(max-width: 150px) 100vw, 150px\" \/>\t\t\t\t\t\t\t\t\t\t\t\t\t\t\t<\/div>\n\t\t\t\t<\/div>\n\t\t\t\t<div class=\"elementor-element elementor-element-5c81c5a elementor-widget elementor-widget-text-editor\" data-id=\"5c81c5a\" data-element_type=\"widget\" data-e-type=\"widget\" data-widget_type=\"text-editor.default\">\n\t\t\t\t<div class=\"elementor-widget-container\">\n\t\t\t\t\t\t\t\t\t<p>Cette plante \u00e0 oxyg\u00e8ne s'enracine dans le sol et ses feuilles flottantes lui permettent de projeter une ombre sur le fond de l'\u00e9tang. Les algues flottantes n'ont donc aucune chance.<\/p>\t\t\t\t\t\t\t\t<\/div>\n\t\t\t\t<\/div>\n\t\t\t\t<div class=\"elementor-element elementor-element-f73c940 elementor-widget elementor-widget-heading\" data-id=\"f73c940\" data-element_type=\"widget\" data-e-type=\"widget\" data-widget_type=\"heading.default\">\n\t\t\t\t<div class=\"elementor-widget-container\">\n\t\t\t\t\t<h3 class=\"elementor-heading-title elementor-size-default\">Grande renoncule d'eau<\/h3>\t\t\t\t<\/div>\n\t\t\t\t<\/div>\n\t\t\t\t<div class=\"elementor-element elementor-element-7bad888 elementor-widget elementor-widget-image\" data-id=\"7bad888\" data-element_type=\"widget\" data-e-type=\"widget\" data-widget_type=\"image.default\">\n\t\t\t\t<div class=\"elementor-widget-container\">\n\t\t\t\t\t\t\t\t\t\t\t\t\t\t\t<img decoding=\"async\" width=\"150\" height=\"150\" src=\"https:\/\/www.zuurstofplanten.net\/wp-content\/uploads\/2024\/10\/Waterranonkel-150x150.jpg\" class=\"attachment-thumbnail size-thumbnail wp-image-355\" alt=\"\" srcset=\"https:\/\/www.zuurstofplanten.net\/wp-content\/uploads\/2024\/10\/Waterranonkel-150x150.jpg 150w, https:\/\/www.zuurstofplanten.net\/wp-content\/uploads\/2024\/10\/Waterranonkel.jpg 300w\" sizes=\"(max-width: 150px) 100vw, 150px\" \/>\t\t\t\t\t\t\t\t\t\t\t\t\t\t\t<\/div>\n\t\t\t\t<\/div>\n\t\t\t\t<div class=\"elementor-element elementor-element-6d14854 elementor-widget elementor-widget-text-editor\" data-id=\"6d14854\" data-element_type=\"widget\" data-e-type=\"widget\" data-widget_type=\"text-editor.default\">\n\t\t\t\t<div class=\"elementor-widget-container\">\n\t\t\t\t\t\t\t\t\t<p>Il s'agit d'une belle plante \u00e0 oxyg\u00e8ne qui est \u00e9galement active au-dessus de la surface de l'eau. Cette plante fournit de l'oxyg\u00e8ne \u00e0 votre \u00e9tang et offre \u00e9galement de belles fleurs blanches qui s'\u00e9l\u00e8vent au-dessus de l'eau.<\/p>\t\t\t\t\t\t\t\t<\/div>\n\t\t\t\t<\/div>\n\t\t\t\t<div class=\"elementor-element elementor-element-c6a4b5c elementor-widget elementor-widget-heading\" data-id=\"c6a4b5c\" data-element_type=\"widget\" data-e-type=\"widget\" data-widget_type=\"heading.default\">\n\t\t\t\t<div class=\"elementor-widget-container\">\n\t\t\t\t\t<h3 class=\"elementor-heading-title elementor-size-default\">Plumeau indig\u00e8ne<\/h3>\t\t\t\t<\/div>\n\t\t\t\t<\/div>\n\t\t\t\t<div class=\"elementor-element elementor-element-f547753 elementor-widget elementor-widget-image\" data-id=\"f547753\" data-element_type=\"widget\" data-e-type=\"widget\" data-widget_type=\"image.default\">\n\t\t\t\t<div class=\"elementor-widget-container\">\n\t\t\t\t\t\t\t\t\t\t\t\t\t\t\t<img decoding=\"async\" width=\"150\" height=\"150\" src=\"https:\/\/www.zuurstofplanten.net\/wp-content\/uploads\/2024\/10\/aarvederkruid-150x150-1.jpg\" class=\"attachment-thumbnail size-thumbnail wp-image-50\" alt=\"\" \/>\t\t\t\t\t\t\t\t\t\t\t\t\t\t\t<\/div>\n\t\t\t\t<\/div>\n\t\t\t\t<div class=\"elementor-element elementor-element-a91f2d7 elementor-widget elementor-widget-text-editor\" data-id=\"a91f2d7\" data-element_type=\"widget\" data-e-type=\"widget\" data-widget_type=\"text-editor.default\">\n\t\t\t\t<div class=\"elementor-widget-container\">\n\t\t\t\t\t\t\t\t\t<p>Cette plante aquatique indig\u00e8ne est un excellent fournisseur d'oxyg\u00e8ne pour votre bassin. De plus, elle offre de magnifiques fleurs rouges et est un v\u00e9ritable r\u00e9gal pour les yeux. Comme cette plante \u00e0 oxyg\u00e8ne est indig\u00e8ne, elle est r\u00e9sistante aux maladies et aux basses temp\u00e9ratures.<\/p>\t\t\t\t\t\t\t\t<\/div>\n\t\t\t\t<\/div>\n\t\t\t\t<div class=\"elementor-element elementor-element-57b705a elementor-widget elementor-widget-heading\" data-id=\"57b705a\" data-element_type=\"widget\" data-e-type=\"widget\" data-widget_type=\"heading.default\">\n\t\t\t\t<div class=\"elementor-widget-container\">\n\t\t\t\t\t<h3 class=\"elementor-heading-title elementor-size-default\">Herbe de mer \u00e9troite<\/h3>\t\t\t\t<\/div>\n\t\t\t\t<\/div>\n\t\t\t\t<div class=\"elementor-element elementor-element-840b3c2 elementor-widget elementor-widget-image\" data-id=\"840b3c2\" data-element_type=\"widget\" data-e-type=\"widget\" data-widget_type=\"image.default\">\n\t\t\t\t<div class=\"elementor-widget-container\">\n\t\t\t\t\t\t\t\t\t\t\t\t\t\t\t<img decoding=\"async\" width=\"150\" height=\"150\" src=\"https:\/\/www.zuurstofplanten.net\/wp-content\/uploads\/2024\/10\/aarvederkruid-150x150-1.jpg\" class=\"attachment-thumbnail size-thumbnail wp-image-50\" alt=\"\" \/>\t\t\t\t\t\t\t\t\t\t\t\t\t\t\t<\/div>\n\t\t\t\t<\/div>\n\t\t\t\t<div class=\"elementor-element elementor-element-271104b elementor-widget elementor-widget-text-editor\" data-id=\"271104b\" data-element_type=\"widget\" data-e-type=\"widget\" data-widget_type=\"text-editor.default\">\n\t\t\t\t<div class=\"elementor-widget-container\">\n\t\t\t\t\t\t\t\t\t<p>Cette plante aquatique est une plante \u00e0 oxyg\u00e8ne bien connue que l'on trouve aux Pays-Bas et dans le reste de l'Europe depuis le 19e si\u00e8cle. L'hivernage n'est donc pas un probl\u00e8me pour cette plante.<\/p>\t\t\t\t\t\t\t\t<\/div>\n\t\t\t\t<\/div>\n\t\t\t\t<div class=\"elementor-element elementor-element-c4d225a elementor-widget elementor-widget-heading\" data-id=\"c4d225a\" data-element_type=\"widget\" data-e-type=\"widget\" data-widget_type=\"heading.default\">\n\t\t\t\t<div class=\"elementor-widget-container\">\n\t\t\t\t\t<h2 class=\"elementor-heading-title elementor-size-default\">Acheter des plantes \u00e0 oxyg\u00e8ne rustiques ?<\/h2>\t\t\t\t<\/div>\n\t\t\t\t<\/div>\n\t\t\t\t<div class=\"elementor-element elementor-element-0923752 elementor-widget elementor-widget-text-editor\" data-id=\"0923752\" data-element_type=\"widget\" data-e-type=\"widget\" data-widget_type=\"text-editor.default\">\n\t\t\t\t<div class=\"elementor-widget-container\">\n\t\t\t\t\t\t\t\t\tChez notre partenaire commercial<a href=\"https:\/\/vijvermeester.nl\/zuurstofplanten.html?utm_source=affiliate&#038;utm_medium=partner&#038;utm_campaign=zuurstofplanten_net&#038;utm_content=zuurstofplanten_kopen\" rel=\"nofollow\">\u00a0Vijvermeester.nl<\/a>\u00a0diverses esp\u00e8ces de plantes oxyg\u00e9n\u00e9es sont en vente pendant la saison, n'h\u00e9sitez pas \u00e0 y jeter un coup d'\u0153il !\t\t\t\t\t\t\t\t<\/div>\n\t\t\t\t<\/div>\n\t\t\t\t\t<\/div>\n\t\t\t\t<\/div>\n\t\t\t\t<\/div>","protected":false},"excerpt":{"rendered":"<p>Welke zuurstofplanten zijn winterhard? Winterharde Zuurstofplanten Het is zonde om ieder jaar weer nieuwe waterplanten te moeten kopen die door aanhoudende vorst kapot gaan en daardoor niet meer optimaal zuurstof aan het vijverwater kunnen toevoegen. Winterharde waterplanten of zuurstofplanten bieden de oplossing. Deze waterplanten zijn gewend aan lage temperaturen en blijven hun zuurstof afgevende functie [&hellip;]<\/p>","protected":false},"author":4,"featured_media":0,"parent":11,"menu_order":3,"comment_status":"closed","ping_status":"closed","template":"","meta":{"_acf_changed":false,"iawp_total_views":703,"footnotes":""},"class_list":["post-383","page","type-page","status-publish","hentry"],"acf":[],"yoast_head":"<!-- This site is optimized with the Yoast SEO plugin v25.5 - https:\/\/yoast.com\/wordpress\/plugins\/seo\/ -->\n<title>Winterharde Zuurstofplanten. Een Overzicht | Zuurstofplanten.net<\/title>\n<meta name=\"description\" content=\"Er bestaan een groot aantal soorten winterharde zuurstofplanten. Bekijk hier het overzicht planten dat goed bestand is tegen vorst.\" \/>\n<meta name=\"robots\" content=\"index, follow, max-snippet:-1, max-image-preview:large, max-video-preview:-1\" \/>\n<link rel=\"canonical\" href=\"https:\/\/www.zuurstofplanten.net\/fr\/base-de-connaissances\/quelles-sont-les-plantes-aquatiques-resistantes\/\" \/>\n<meta property=\"og:locale\" content=\"fr_FR\" \/>\n<meta property=\"og:type\" content=\"article\" \/>\n<meta property=\"og:title\" content=\"Winterharde Zuurstofplanten. Een Overzicht | Zuurstofplanten.net\" \/>\n<meta property=\"og:description\" content=\"Er bestaan een groot aantal soorten winterharde zuurstofplanten. Bekijk hier het overzicht planten dat goed bestand is tegen vorst.\" \/>\n<meta property=\"og:url\" content=\"https:\/\/www.zuurstofplanten.net\/fr\/base-de-connaissances\/quelles-sont-les-plantes-aquatiques-resistantes\/\" \/>\n<meta property=\"og:site_name\" content=\"Zuurstofplanten.net\" \/>\n<meta property=\"article:modified_time\" content=\"2025-05-23T15:04:14+00:00\" \/>\n<meta property=\"og:image\" content=\"https:\/\/www.zuurstofplanten.net\/wp-content\/uploads\/2024\/10\/drijvend_fonteinkruid-n4wj1zlmk1jravbnwktgljhmjszaidk124ixw9qs40.jpg\" \/>\n\t<meta property=\"og:image:width\" content=\"200\" \/>\n\t<meta property=\"og:image:height\" content=\"200\" \/>\n\t<meta property=\"og:image:type\" content=\"image\/jpeg\" \/>\n<meta name=\"twitter:card\" content=\"summary_large_image\" \/>\n<meta name=\"twitter:label1\" content=\"Dur\u00e9e de lecture estim\u00e9e\" \/>\n\t<meta name=\"twitter:data1\" content=\"3 minutes\" \/>\n<script type=\"application\/ld+json\" class=\"yoast-schema-graph\">{\"@context\":\"https:\/\/schema.org\",\"@graph\":[{\"@type\":\"WebPage\",\"@id\":\"https:\/\/www.zuurstofplanten.net\/kennisbank\/welke-waterplanten-zijn-winterhard\/\",\"url\":\"https:\/\/www.zuurstofplanten.net\/kennisbank\/welke-waterplanten-zijn-winterhard\/\",\"name\":\"Winterharde Zuurstofplanten. Een Overzicht | Zuurstofplanten.net\",\"isPartOf\":{\"@id\":\"https:\/\/www.zuurstofplanten.net\/#website\"},\"primaryImageOfPage\":{\"@id\":\"https:\/\/www.zuurstofplanten.net\/kennisbank\/welke-waterplanten-zijn-winterhard\/#primaryimage\"},\"image\":{\"@id\":\"https:\/\/www.zuurstofplanten.net\/kennisbank\/welke-waterplanten-zijn-winterhard\/#primaryimage\"},\"thumbnailUrl\":\"https:\/\/www.zuurstofplanten.net\/wp-content\/uploads\/2024\/10\/drijvend_fonteinkruid-n4wj1zlmk1jravbnwktgljhmjszaidk124ixw9qs40-150x150.jpg\",\"datePublished\":\"2024-10-09T11:10:47+00:00\",\"dateModified\":\"2025-05-23T15:04:14+00:00\",\"description\":\"Er bestaan een groot aantal soorten winterharde zuurstofplanten. Bekijk hier het overzicht planten dat goed bestand is tegen vorst.\",\"breadcrumb\":{\"@id\":\"https:\/\/www.zuurstofplanten.net\/kennisbank\/welke-waterplanten-zijn-winterhard\/#breadcrumb\"},\"inLanguage\":\"fr-FR\",\"potentialAction\":[{\"@type\":\"ReadAction\",\"target\":[\"https:\/\/www.zuurstofplanten.net\/kennisbank\/welke-waterplanten-zijn-winterhard\/\"]}]},{\"@type\":\"ImageObject\",\"inLanguage\":\"fr-FR\",\"@id\":\"https:\/\/www.zuurstofplanten.net\/kennisbank\/welke-waterplanten-zijn-winterhard\/#primaryimage\",\"url\":\"https:\/\/www.zuurstofplanten.net\/wp-content\/uploads\/2024\/10\/drijvend_fonteinkruid-n4wj1zlmk1jravbnwktgljhmjszaidk124ixw9qs40-150x150.jpg\",\"contentUrl\":\"https:\/\/www.zuurstofplanten.net\/wp-content\/uploads\/2024\/10\/drijvend_fonteinkruid-n4wj1zlmk1jravbnwktgljhmjszaidk124ixw9qs40-150x150.jpg\"},{\"@type\":\"BreadcrumbList\",\"@id\":\"https:\/\/www.zuurstofplanten.net\/kennisbank\/welke-waterplanten-zijn-winterhard\/#breadcrumb\",\"itemListElement\":[{\"@type\":\"ListItem\",\"position\":1,\"name\":\"Home\",\"item\":\"https:\/\/www.zuurstofplanten.net\/\"},{\"@type\":\"ListItem\",\"position\":2,\"name\":\"Kennisbank\",\"item\":\"https:\/\/www.zuurstofplanten.net\/kennisbank\/\"},{\"@type\":\"ListItem\",\"position\":3,\"name\":\"Welke waterplanten zijn winterhard?\"}]},{\"@type\":\"WebSite\",\"@id\":\"https:\/\/www.zuurstofplanten.net\/#website\",\"url\":\"https:\/\/www.zuurstofplanten.net\/\",\"name\":\"Zuurstofplanten.net\",\"description\":\"\",\"publisher\":{\"@id\":\"https:\/\/www.zuurstofplanten.net\/#organization\"},\"potentialAction\":[{\"@type\":\"SearchAction\",\"target\":{\"@type\":\"EntryPoint\",\"urlTemplate\":\"https:\/\/www.zuurstofplanten.net\/?s={search_term_string}\"},\"query-input\":{\"@type\":\"PropertyValueSpecification\",\"valueRequired\":true,\"valueName\":\"search_term_string\"}}],\"inLanguage\":\"fr-FR\"},{\"@type\":\"Organization\",\"@id\":\"https:\/\/www.zuurstofplanten.net\/#organization\",\"name\":\"Zuurstofplanten.net\",\"url\":\"https:\/\/www.zuurstofplanten.net\/\",\"logo\":{\"@type\":\"ImageObject\",\"inLanguage\":\"fr-FR\",\"@id\":\"https:\/\/www.zuurstofplanten.net\/#\/schema\/logo\/image\/\",\"url\":\"https:\/\/www.zuurstofplanten.net\/wp-content\/uploads\/2024\/10\/zuurstofplanten-logo-1.jpg\",\"contentUrl\":\"https:\/\/www.zuurstofplanten.net\/wp-content\/uploads\/2024\/10\/zuurstofplanten-logo-1.jpg\",\"width\":180,\"height\":60,\"caption\":\"Zuurstofplanten.net\"},\"image\":{\"@id\":\"https:\/\/www.zuurstofplanten.net\/#\/schema\/logo\/image\/\"}}]}<\/script>\n<!-- \/ Yoast SEO plugin. -->","yoast_head_json":{"title":"Plantes \u00e0 oxyg\u00e8ne rustiques. Vue d'ensemble | Oxygenplants.net","description":"Il existe un grand nombre d'esp\u00e8ces de plantes \u00e0 oxyg\u00e8ne r\u00e9sistantes. Voir l'aper\u00e7u des plantes r\u00e9sistantes au gel ici.","robots":{"index":"index","follow":"follow","max-snippet":"max-snippet:-1","max-image-preview":"max-image-preview:large","max-video-preview":"max-video-preview:-1"},"canonical":"https:\/\/www.zuurstofplanten.net\/fr\/base-de-connaissances\/quelles-sont-les-plantes-aquatiques-resistantes\/","og_locale":"fr_FR","og_type":"article","og_title":"Winterharde Zuurstofplanten. Een Overzicht | Zuurstofplanten.net","og_description":"Er bestaan een groot aantal soorten winterharde zuurstofplanten. Bekijk hier het overzicht planten dat goed bestand is tegen vorst.","og_url":"https:\/\/www.zuurstofplanten.net\/fr\/base-de-connaissances\/quelles-sont-les-plantes-aquatiques-resistantes\/","og_site_name":"Zuurstofplanten.net","article_modified_time":"2025-05-23T15:04:14+00:00","og_image":[{"width":200,"height":200,"url":"https:\/\/www.zuurstofplanten.net\/wp-content\/uploads\/2024\/10\/drijvend_fonteinkruid-n4wj1zlmk1jravbnwktgljhmjszaidk124ixw9qs40.jpg","type":"image\/jpeg"}],"twitter_card":"summary_large_image","twitter_misc":{"Dur\u00e9e de lecture estim\u00e9e":"3 minutes"},"schema":{"@context":"https:\/\/schema.org","@graph":[{"@type":"WebPage","@id":"https:\/\/www.zuurstofplanten.net\/kennisbank\/welke-waterplanten-zijn-winterhard\/","url":"https:\/\/www.zuurstofplanten.net\/kennisbank\/welke-waterplanten-zijn-winterhard\/","name":"Plantes \u00e0 oxyg\u00e8ne rustiques. Vue d'ensemble | Oxygenplants.net","isPartOf":{"@id":"https:\/\/www.zuurstofplanten.net\/#website"},"primaryImageOfPage":{"@id":"https:\/\/www.zuurstofplanten.net\/kennisbank\/welke-waterplanten-zijn-winterhard\/#primaryimage"},"image":{"@id":"https:\/\/www.zuurstofplanten.net\/kennisbank\/welke-waterplanten-zijn-winterhard\/#primaryimage"},"thumbnailUrl":"https:\/\/www.zuurstofplanten.net\/wp-content\/uploads\/2024\/10\/drijvend_fonteinkruid-n4wj1zlmk1jravbnwktgljhmjszaidk124ixw9qs40-150x150.jpg","datePublished":"2024-10-09T11:10:47+00:00","dateModified":"2025-05-23T15:04:14+00:00","description":"Il existe un grand nombre d'esp\u00e8ces de plantes \u00e0 oxyg\u00e8ne r\u00e9sistantes. Voir l'aper\u00e7u des plantes r\u00e9sistantes au gel ici.","breadcrumb":{"@id":"https:\/\/www.zuurstofplanten.net\/kennisbank\/welke-waterplanten-zijn-winterhard\/#breadcrumb"},"inLanguage":"fr-FR","potentialAction":[{"@type":"ReadAction","target":["https:\/\/www.zuurstofplanten.net\/kennisbank\/welke-waterplanten-zijn-winterhard\/"]}]},{"@type":"ImageObject","inLanguage":"fr-FR","@id":"https:\/\/www.zuurstofplanten.net\/kennisbank\/welke-waterplanten-zijn-winterhard\/#primaryimage","url":"https:\/\/www.zuurstofplanten.net\/wp-content\/uploads\/2024\/10\/drijvend_fonteinkruid-n4wj1zlmk1jravbnwktgljhmjszaidk124ixw9qs40-150x150.jpg","contentUrl":"https:\/\/www.zuurstofplanten.net\/wp-content\/uploads\/2024\/10\/drijvend_fonteinkruid-n4wj1zlmk1jravbnwktgljhmjszaidk124ixw9qs40-150x150.jpg"},{"@type":"BreadcrumbList","@id":"https:\/\/www.zuurstofplanten.net\/kennisbank\/welke-waterplanten-zijn-winterhard\/#breadcrumb","itemListElement":[{"@type":"ListItem","position":1,"name":"Home","item":"https:\/\/www.zuurstofplanten.net\/"},{"@type":"ListItem","position":2,"name":"Kennisbank","item":"https:\/\/www.zuurstofplanten.net\/kennisbank\/"},{"@type":"ListItem","position":3,"name":"Welke waterplanten zijn winterhard?"}]},{"@type":"WebSite","@id":"https:\/\/www.zuurstofplanten.net\/#website","url":"https:\/\/www.zuurstofplanten.net\/","name":"Zuurstofplanten.net","description":"","publisher":{"@id":"https:\/\/www.zuurstofplanten.net\/#organization"},"potentialAction":[{"@type":"SearchAction","target":{"@type":"EntryPoint","urlTemplate":"https:\/\/www.zuurstofplanten.net\/?s={search_term_string}"},"query-input":{"@type":"PropertyValueSpecification","valueRequired":true,"valueName":"search_term_string"}}],"inLanguage":"fr-FR"},{"@type":"Organization","@id":"https:\/\/www.zuurstofplanten.net\/#organization","name":"Zuurstofplanten.net","url":"https:\/\/www.zuurstofplanten.net\/","logo":{"@type":"ImageObject","inLanguage":"fr-FR","@id":"https:\/\/www.zuurstofplanten.net\/#\/schema\/logo\/image\/","url":"https:\/\/www.zuurstofplanten.net\/wp-content\/uploads\/2024\/10\/zuurstofplanten-logo-1.jpg","contentUrl":"https:\/\/www.zuurstofplanten.net\/wp-content\/uploads\/2024\/10\/zuurstofplanten-logo-1.jpg","width":180,"height":60,"caption":"Zuurstofplanten.net"},"image":{"@id":"https:\/\/www.zuurstofplanten.net\/#\/schema\/logo\/image\/"}}]}},"_links":{"self":[{"href":"https:\/\/www.zuurstofplanten.net\/fr\/wp-json\/wp\/v2\/pages\/383"}],"collection":[{"href":"https:\/\/www.zuurstofplanten.net\/fr\/wp-json\/wp\/v2\/pages"}],"about":[{"href":"https:\/\/www.zuurstofplanten.net\/fr\/wp-json\/wp\/v2\/types\/page"}],"author":[{"embeddable":true,"href":"https:\/\/www.zuurstofplanten.net\/fr\/wp-json\/wp\/v2\/users\/4"}],"replies":[{"embeddable":true,"href":"https:\/\/www.zuurstofplanten.net\/fr\/wp-json\/wp\/v2\/comments?post=383"}],"version-history":[{"count":10,"href":"https:\/\/www.zuurstofplanten.net\/fr\/wp-json\/wp\/v2\/pages\/383\/revisions"}],"predecessor-version":[{"id":1968,"href":"https:\/\/www.zuurstofplanten.net\/fr\/wp-json\/wp\/v2\/pages\/383\/revisions\/1968"}],"up":[{"embeddable":true,"href":"https:\/\/www.zuurstofplanten.net\/fr\/wp-json\/wp\/v2\/pages\/11"}],"wp:attachment":[{"href":"https:\/\/www.zuurstofplanten.net\/fr\/wp-json\/wp\/v2\/media?parent=383"}],"curies":[{"name":"wp","href":"https:\/\/api.w.org\/{rel}","templated":true}]}}