{"id":34,"date":"2024-10-09T10:49:12","date_gmt":"2024-10-09T10:49:12","guid":{"rendered":"https:\/\/baselinkhosting.nl\/zuurstofplanten\/?page_id=34"},"modified":"2025-05-23T15:03:32","modified_gmt":"2025-05-23T15:03:32","slug":"loxygenation-des-plantes-aquatiques","status":"publish","type":"page","link":"https:\/\/www.zuurstofplanten.net\/fr\/base-de-connaissances\/loxygenation-des-plantes-aquatiques\/","title":{"rendered":"Plantes aquatiques Production d'oxyg\u00e8ne"},"content":{"rendered":"<div data-elementor-type=\"wp-page\" data-elementor-id=\"34\" class=\"elementor elementor-34\" data-elementor-post-type=\"page\">\n\t\t\t\t<div class=\"elementor-element elementor-element-f21ee02 e-flex e-con-boxed e-con e-parent\" data-id=\"f21ee02\" data-element_type=\"container\" data-e-type=\"container\" data-settings=\"{&quot;background_background&quot;:&quot;classic&quot;}\">\n\t\t\t\t\t<div class=\"e-con-inner\">\n\t\t\t\t<div class=\"elementor-element elementor-element-e12992a elementor-widget elementor-widget-heading\" data-id=\"e12992a\" data-element_type=\"widget\" data-e-type=\"widget\" data-widget_type=\"heading.default\">\n\t\t\t\t<div class=\"elementor-widget-container\">\n\t\t\t\t\t<h1 class=\"elementor-heading-title elementor-size-default\">Quelles sont les plantes aquatiques qui conviennent \u00e0 la production d'oxyg\u00e8ne ?<\/h1>\t\t\t\t<\/div>\n\t\t\t\t<\/div>\n\t\t\t\t<div class=\"elementor-element elementor-element-a163416 elementor-widget elementor-widget-breadcrumbs\" data-id=\"a163416\" data-element_type=\"widget\" data-e-type=\"widget\" data-widget_type=\"breadcrumbs.default\">\n\t\t\t\t<div class=\"elementor-widget-container\">\n\t\t\t\t\t<p id=\"breadcrumbs\"><span><span><a href=\"https:\/\/www.zuurstofplanten.net\/fr\/\">Accueil<\/a><\/span><\/span><\/p>\t\t\t\t<\/div>\n\t\t\t\t<\/div>\n\t\t\t\t\t<\/div>\n\t\t\t\t<\/div>\n\t\t<div class=\"elementor-element elementor-element-f319bf9 e-flex e-con-boxed e-con e-parent\" data-id=\"f319bf9\" data-element_type=\"container\" data-e-type=\"container\">\n\t\t\t\t\t<div class=\"e-con-inner\">\n\t\t\t\t<div class=\"elementor-element elementor-element-6b807d2 elementor-widget elementor-widget-heading\" data-id=\"6b807d2\" data-element_type=\"widget\" data-e-type=\"widget\" data-widget_type=\"heading.default\">\n\t\t\t\t<div class=\"elementor-widget-container\">\n\t\t\t\t\t<h2 class=\"elementor-heading-title elementor-size-default\">Plantes aquatiques productrices d'oxyg\u00e8ne<\/h2>\t\t\t\t<\/div>\n\t\t\t\t<\/div>\n\t\t\t\t<div class=\"elementor-element elementor-element-44568c4 elementor-widget elementor-widget-text-editor\" data-id=\"44568c4\" data-element_type=\"widget\" data-e-type=\"widget\" data-widget_type=\"text-editor.default\">\n\t\t\t\t<div class=\"elementor-widget-container\">\n\t\t\t\t\t\t\t\t\t<p>Un apport suffisant en oxyg\u00e8ne est essentiel pour la qualit\u00e9 de l'eau de votre bassin. Si la pompe de l'\u00e9tang ou les plantes aquatiques n'y parviennent pas, des algues peuvent se d\u00e9velopper. Il existe plusieurs fa\u00e7ons d'assurer l'approvisionnement en oxyg\u00e8ne de votre \u00e9tang. D'une part, vous pouvez utiliser une pompe pour \u00e9tang, qui alimente l'eau de l'\u00e9tang en oxyg\u00e8ne comme dans un aquarium. D'autre part, vous pouvez\u00a0<strong>plantes \u00e0 oxyg\u00e8ne\u00a0<\/strong>\u00e0 votre \u00e9tang. Il s'agit non seulement d'une m\u00e9thode tr\u00e8s organique, mais aussi d'un moyen d'\u00e9gayer votre \u00e9tang.<\/p>\t\t\t\t\t\t\t\t<\/div>\n\t\t\t\t<\/div>\n\t\t\t\t<div class=\"elementor-element elementor-element-ffbaeda elementor-widget elementor-widget-heading\" data-id=\"ffbaeda\" data-element_type=\"widget\" data-e-type=\"widget\" data-widget_type=\"heading.default\">\n\t\t\t\t<div class=\"elementor-widget-container\">\n\t\t\t\t\t<h2 class=\"elementor-heading-title elementor-size-default\">Quelles sont les plantes aquatiques qui d\u00e9gagent de l'oxyg\u00e8ne ?<\/h2>\t\t\t\t<\/div>\n\t\t\t\t<\/div>\n\t\t\t\t<div class=\"elementor-element elementor-element-709a239 elementor-widget elementor-widget-text-editor\" data-id=\"709a239\" data-element_type=\"widget\" data-e-type=\"widget\" data-widget_type=\"text-editor.default\">\n\t\t\t\t<div class=\"elementor-widget-container\">\n\t\t\t\t\t\t\t\t\t<p>Il existe diff\u00e9rents types de plantes oxyg\u00e9n\u00e9es, de toutes formes et de toutes tailles. Le potamot brillant et la feuille de corne fine, par exemple, sont principalement actifs sur le fond, tandis que le potamot flottant et la digitaire sont \u00e9galement actifs au-dessus de la surface de l'eau avec de belles fleurs. Il y a beaucoup d'esp\u00e8ces int\u00e9ressantes :<\/p>\t\t\t\t\t\t\t\t<\/div>\n\t\t\t\t<\/div>\n\t\t\t\t<div class=\"elementor-element elementor-element-f889f46 elementor-widget elementor-widget-heading\" data-id=\"f889f46\" data-element_type=\"widget\" data-e-type=\"widget\" data-widget_type=\"heading.default\">\n\t\t\t\t<div class=\"elementor-widget-container\">\n\t\t\t\t\t<h3 class=\"elementor-heading-title elementor-size-default\">Potamot flottant<\/h3>\t\t\t\t<\/div>\n\t\t\t\t<\/div>\n\t\t\t\t<div class=\"elementor-element elementor-element-59c0643 elementor-widget elementor-widget-image\" data-id=\"59c0643\" data-element_type=\"widget\" data-e-type=\"widget\" data-widget_type=\"image.default\">\n\t\t\t\t<div class=\"elementor-widget-container\">\n\t\t\t\t\t\t\t\t\t\t\t\t\t\t\t<img fetchpriority=\"high\" decoding=\"async\" width=\"300\" height=\"199\" src=\"https:\/\/www.zuurstofplanten.net\/wp-content\/uploads\/2024\/10\/drijvend_fonteinkruid-300x199.jpg\" class=\"attachment-medium size-medium wp-image-91\" alt=\"\" srcset=\"https:\/\/www.zuurstofplanten.net\/wp-content\/uploads\/2024\/10\/drijvend_fonteinkruid-300x199.jpg 300w, https:\/\/www.zuurstofplanten.net\/wp-content\/uploads\/2024\/10\/drijvend_fonteinkruid.jpg 650w\" sizes=\"(max-width: 300px) 100vw, 300px\" \/>\t\t\t\t\t\t\t\t\t\t\t\t\t\t\t<\/div>\n\t\t\t\t<\/div>\n\t\t\t\t<div class=\"elementor-element elementor-element-e464316 elementor-widget elementor-widget-text-editor\" data-id=\"e464316\" data-element_type=\"widget\" data-e-type=\"widget\" data-widget_type=\"text-editor.default\">\n\t\t\t\t<div class=\"elementor-widget-container\">\n\t\t\t\t\t\t\t\t\t<p>Cette plante \u00e0 oxyg\u00e8ne s'enracine dans le sol et ses feuilles flottantes lui permettent de projeter une ombre sur le fond de l'\u00e9tang. Les algues flottantes n'ont donc aucune chance.<\/p>\t\t\t\t\t\t\t\t<\/div>\n\t\t\t\t<\/div>\n\t\t\t\t<div class=\"elementor-element elementor-element-248c88d elementor-widget elementor-widget-heading\" data-id=\"248c88d\" data-element_type=\"widget\" data-e-type=\"widget\" data-widget_type=\"heading.default\">\n\t\t\t\t<div class=\"elementor-widget-container\">\n\t\t\t\t\t<h3 class=\"elementor-heading-title elementor-size-default\">Grande renoncule d'eau<\/h3>\t\t\t\t<\/div>\n\t\t\t\t<\/div>\n\t\t\t\t<div class=\"elementor-element elementor-element-a2d3392 elementor-widget elementor-widget-text-editor\" data-id=\"a2d3392\" data-element_type=\"widget\" data-e-type=\"widget\" data-widget_type=\"text-editor.default\">\n\t\t\t\t<div class=\"elementor-widget-container\">\n\t\t\t\t\t\t\t\t\t<p>Il s'agit d'une belle plante \u00e0 oxyg\u00e8ne qui est \u00e9galement active au-dessus de la surface de l'eau. Cette plante fournit de l'oxyg\u00e8ne \u00e0 votre \u00e9tang et offre \u00e9galement de belles fleurs blanches qui s'\u00e9l\u00e8vent au-dessus de l'eau.<\/p>\t\t\t\t\t\t\t\t<\/div>\n\t\t\t\t<\/div>\n\t\t\t\t<div class=\"elementor-element elementor-element-5b45b26 elementor-widget elementor-widget-heading\" data-id=\"5b45b26\" data-element_type=\"widget\" data-e-type=\"widget\" data-widget_type=\"heading.default\">\n\t\t\t\t<div class=\"elementor-widget-container\">\n\t\t\t\t\t<h3 class=\"elementor-heading-title elementor-size-default\">Potamot \u00e0 feuilles \u00e9troites<\/h3>\t\t\t\t<\/div>\n\t\t\t\t<\/div>\n\t\t\t\t<div class=\"elementor-element elementor-element-f9fe900 elementor-widget elementor-widget-text-editor\" data-id=\"f9fe900\" data-element_type=\"widget\" data-e-type=\"widget\" data-widget_type=\"text-editor.default\">\n\t\t\t\t<div class=\"elementor-widget-container\">\n\t\t\t\t\t\t\t\t\t<p>Une des plantes aquatiques oxyg\u00e9nantes les plus vendues. Cette esp\u00e8ce appartient \u00e0 la famille des potamots (fris\u00e9s, boucl\u00e9s, etc.) et ses grandes feuilles sont un v\u00e9ritable atout pour le paysage sous-marin.<\/p>\t\t\t\t\t\t\t\t<\/div>\n\t\t\t\t<\/div>\n\t\t\t\t<div class=\"elementor-element elementor-element-3bcfd64 elementor-widget elementor-widget-heading\" data-id=\"3bcfd64\" data-element_type=\"widget\" data-e-type=\"widget\" data-widget_type=\"heading.default\">\n\t\t\t\t<div class=\"elementor-widget-container\">\n\t\t\t\t\t<h2 class=\"elementor-heading-title elementor-size-default\">Acheter des plantes \u00e0 oxyg\u00e8ne ?<\/h2>\t\t\t\t<\/div>\n\t\t\t\t<\/div>\n\t\t\t\t<div class=\"elementor-element elementor-element-d29cec1 elementor-widget elementor-widget-text-editor\" data-id=\"d29cec1\" data-element_type=\"widget\" data-e-type=\"widget\" data-widget_type=\"text-editor.default\">\n\t\t\t\t<div class=\"elementor-widget-container\">\n\t\t\t\t\t\t\t\t\tChez notre partenaire commercial<a href=\"https:\/\/vijvermeester.nl\/zuurstofplanten.html?utm_source=affiliate&amp;utm_medium=partner&amp;utm_campaign=zuurstofplanten_net&amp;utm_content=zuurstofplanten_kopen\" rel=\"nofollow\">\u00a0Vijvermeester.nl<\/a>\u00a0diverses esp\u00e8ces de plantes oxyg\u00e9n\u00e9es sont en vente pendant la saison, n'h\u00e9sitez pas \u00e0 y jeter un coup d'\u0153il !\t\t\t\t\t\t\t\t<\/div>\n\t\t\t\t<\/div>\n\t\t\t\t\t<\/div>\n\t\t\t\t<\/div>\n\t\t\t\t<\/div>","protected":false},"excerpt":{"rendered":"<p>Welke Waterplanten zijn geschikt voor Zuurstofproductie? Zuurstofproducerende Waterplanten Voldoende toevoer van zuurstof is van essentieel belang voor de waterkwaliteit van uw vijver. Wanneer dit namelijk niet gebeurd middels een vijverpomp of waterplanten kunnen er algen ontstaan. Er zijn meerdere manieren om ervoor te zorgen dat de toevoer van zuurstof naar uw vijver gewaarborgd blijft. Enerzijds [&hellip;]<\/p>","protected":false},"author":4,"featured_media":0,"parent":11,"menu_order":2,"comment_status":"closed","ping_status":"closed","template":"","meta":{"_acf_changed":false,"iawp_total_views":285,"footnotes":""},"class_list":["post-34","page","type-page","status-publish","hentry"],"acf":[],"yoast_head":"<!-- This site is optimized with the Yoast SEO plugin v25.5 - https:\/\/yoast.com\/wordpress\/plugins\/seo\/ -->\n<title>Welke Waterplanten voor Zuurstofproductie? | Zuurstofplanten<\/title>\n<meta name=\"description\" content=\"Waterplanten die zuurstof geven zijn essentieel voor een gezonde vijver zonder algengroei. Lees hier alles over.\" \/>\n<meta name=\"robots\" content=\"index, follow, max-snippet:-1, max-image-preview:large, max-video-preview:-1\" \/>\n<link rel=\"canonical\" href=\"https:\/\/www.zuurstofplanten.net\/fr\/base-de-connaissances\/loxygenation-des-plantes-aquatiques\/\" \/>\n<meta property=\"og:locale\" content=\"fr_FR\" \/>\n<meta property=\"og:type\" content=\"article\" \/>\n<meta property=\"og:title\" content=\"Welke Waterplanten voor Zuurstofproductie? | Zuurstofplanten\" \/>\n<meta property=\"og:description\" content=\"Waterplanten die zuurstof geven zijn essentieel voor een gezonde vijver zonder algengroei. Lees hier alles over.\" \/>\n<meta property=\"og:url\" content=\"https:\/\/www.zuurstofplanten.net\/fr\/base-de-connaissances\/loxygenation-des-plantes-aquatiques\/\" \/>\n<meta property=\"og:site_name\" content=\"Zuurstofplanten.net\" \/>\n<meta property=\"article:modified_time\" content=\"2025-05-23T15:03:32+00:00\" \/>\n<meta property=\"og:image\" content=\"https:\/\/www.zuurstofplanten.net\/wp-content\/uploads\/2024\/10\/drijvend_fonteinkruid.jpg\" \/>\n\t<meta property=\"og:image:width\" content=\"650\" \/>\n\t<meta property=\"og:image:height\" content=\"431\" \/>\n\t<meta property=\"og:image:type\" content=\"image\/jpeg\" \/>\n<meta name=\"twitter:card\" content=\"summary_large_image\" \/>\n<meta name=\"twitter:label1\" content=\"Dur\u00e9e de lecture estim\u00e9e\" \/>\n\t<meta name=\"twitter:data1\" content=\"2 minutes\" \/>\n<script type=\"application\/ld+json\" class=\"yoast-schema-graph\">{\"@context\":\"https:\/\/schema.org\",\"@graph\":[{\"@type\":\"WebPage\",\"@id\":\"https:\/\/www.zuurstofplanten.net\/kennisbank\/waterplanten-die-zuurstof-geven\/\",\"url\":\"https:\/\/www.zuurstofplanten.net\/kennisbank\/waterplanten-die-zuurstof-geven\/\",\"name\":\"Welke Waterplanten voor Zuurstofproductie? | Zuurstofplanten\",\"isPartOf\":{\"@id\":\"https:\/\/www.zuurstofplanten.net\/#website\"},\"primaryImageOfPage\":{\"@id\":\"https:\/\/www.zuurstofplanten.net\/kennisbank\/waterplanten-die-zuurstof-geven\/#primaryimage\"},\"image\":{\"@id\":\"https:\/\/www.zuurstofplanten.net\/kennisbank\/waterplanten-die-zuurstof-geven\/#primaryimage\"},\"thumbnailUrl\":\"https:\/\/www.zuurstofplanten.net\/wp-content\/uploads\/2024\/10\/drijvend_fonteinkruid-300x199.jpg\",\"datePublished\":\"2024-10-09T10:49:12+00:00\",\"dateModified\":\"2025-05-23T15:03:32+00:00\",\"description\":\"Waterplanten die zuurstof geven zijn essentieel voor een gezonde vijver zonder algengroei. Lees hier alles over.\",\"breadcrumb\":{\"@id\":\"https:\/\/www.zuurstofplanten.net\/kennisbank\/waterplanten-die-zuurstof-geven\/#breadcrumb\"},\"inLanguage\":\"fr-FR\",\"potentialAction\":[{\"@type\":\"ReadAction\",\"target\":[\"https:\/\/www.zuurstofplanten.net\/kennisbank\/waterplanten-die-zuurstof-geven\/\"]}]},{\"@type\":\"ImageObject\",\"inLanguage\":\"fr-FR\",\"@id\":\"https:\/\/www.zuurstofplanten.net\/kennisbank\/waterplanten-die-zuurstof-geven\/#primaryimage\",\"url\":\"https:\/\/www.zuurstofplanten.net\/wp-content\/uploads\/2024\/10\/drijvend_fonteinkruid-300x199.jpg\",\"contentUrl\":\"https:\/\/www.zuurstofplanten.net\/wp-content\/uploads\/2024\/10\/drijvend_fonteinkruid-300x199.jpg\"},{\"@type\":\"BreadcrumbList\",\"@id\":\"https:\/\/www.zuurstofplanten.net\/kennisbank\/waterplanten-die-zuurstof-geven\/#breadcrumb\",\"itemListElement\":[{\"@type\":\"ListItem\",\"position\":1,\"name\":\"Home\",\"item\":\"https:\/\/www.zuurstofplanten.net\/\"},{\"@type\":\"ListItem\",\"position\":2,\"name\":\"Kennisbank\",\"item\":\"https:\/\/www.zuurstofplanten.net\/kennisbank\/\"},{\"@type\":\"ListItem\",\"position\":3,\"name\":\"Waterplanten Zuurstofproductie\"}]},{\"@type\":\"WebSite\",\"@id\":\"https:\/\/www.zuurstofplanten.net\/#website\",\"url\":\"https:\/\/www.zuurstofplanten.net\/\",\"name\":\"Zuurstofplanten.net\",\"description\":\"\",\"publisher\":{\"@id\":\"https:\/\/www.zuurstofplanten.net\/#organization\"},\"potentialAction\":[{\"@type\":\"SearchAction\",\"target\":{\"@type\":\"EntryPoint\",\"urlTemplate\":\"https:\/\/www.zuurstofplanten.net\/?s={search_term_string}\"},\"query-input\":{\"@type\":\"PropertyValueSpecification\",\"valueRequired\":true,\"valueName\":\"search_term_string\"}}],\"inLanguage\":\"fr-FR\"},{\"@type\":\"Organization\",\"@id\":\"https:\/\/www.zuurstofplanten.net\/#organization\",\"name\":\"Zuurstofplanten.net\",\"url\":\"https:\/\/www.zuurstofplanten.net\/\",\"logo\":{\"@type\":\"ImageObject\",\"inLanguage\":\"fr-FR\",\"@id\":\"https:\/\/www.zuurstofplanten.net\/#\/schema\/logo\/image\/\",\"url\":\"https:\/\/www.zuurstofplanten.net\/wp-content\/uploads\/2024\/10\/zuurstofplanten-logo-1.jpg\",\"contentUrl\":\"https:\/\/www.zuurstofplanten.net\/wp-content\/uploads\/2024\/10\/zuurstofplanten-logo-1.jpg\",\"width\":180,\"height\":60,\"caption\":\"Zuurstofplanten.net\"},\"image\":{\"@id\":\"https:\/\/www.zuurstofplanten.net\/#\/schema\/logo\/image\/\"}}]}<\/script>\n<!-- \/ Yoast SEO plugin. -->","yoast_head_json":{"title":"Plantes aquatiques pour la production d'oxyg\u00e8ne | Plantes \u00e0 oxyg\u00e8ne","description":"Les plantes aquatiques qui fournissent de l'oxyg\u00e8ne sont essentielles pour un \u00e9tang sain sans croissance d'algues. Pour en savoir plus, cliquez ici.","robots":{"index":"index","follow":"follow","max-snippet":"max-snippet:-1","max-image-preview":"max-image-preview:large","max-video-preview":"max-video-preview:-1"},"canonical":"https:\/\/www.zuurstofplanten.net\/fr\/base-de-connaissances\/loxygenation-des-plantes-aquatiques\/","og_locale":"fr_FR","og_type":"article","og_title":"Welke Waterplanten voor Zuurstofproductie? | Zuurstofplanten","og_description":"Waterplanten die zuurstof geven zijn essentieel voor een gezonde vijver zonder algengroei. Lees hier alles over.","og_url":"https:\/\/www.zuurstofplanten.net\/fr\/base-de-connaissances\/loxygenation-des-plantes-aquatiques\/","og_site_name":"Zuurstofplanten.net","article_modified_time":"2025-05-23T15:03:32+00:00","og_image":[{"width":650,"height":431,"url":"https:\/\/www.zuurstofplanten.net\/wp-content\/uploads\/2024\/10\/drijvend_fonteinkruid.jpg","type":"image\/jpeg"}],"twitter_card":"summary_large_image","twitter_misc":{"Dur\u00e9e de lecture estim\u00e9e":"2 minutes"},"schema":{"@context":"https:\/\/schema.org","@graph":[{"@type":"WebPage","@id":"https:\/\/www.zuurstofplanten.net\/kennisbank\/waterplanten-die-zuurstof-geven\/","url":"https:\/\/www.zuurstofplanten.net\/kennisbank\/waterplanten-die-zuurstof-geven\/","name":"Plantes aquatiques pour la production d'oxyg\u00e8ne | Plantes \u00e0 oxyg\u00e8ne","isPartOf":{"@id":"https:\/\/www.zuurstofplanten.net\/#website"},"primaryImageOfPage":{"@id":"https:\/\/www.zuurstofplanten.net\/kennisbank\/waterplanten-die-zuurstof-geven\/#primaryimage"},"image":{"@id":"https:\/\/www.zuurstofplanten.net\/kennisbank\/waterplanten-die-zuurstof-geven\/#primaryimage"},"thumbnailUrl":"https:\/\/www.zuurstofplanten.net\/wp-content\/uploads\/2024\/10\/drijvend_fonteinkruid-300x199.jpg","datePublished":"2024-10-09T10:49:12+00:00","dateModified":"2025-05-23T15:03:32+00:00","description":"Les plantes aquatiques qui fournissent de l'oxyg\u00e8ne sont essentielles pour un \u00e9tang sain sans croissance d'algues. Pour en savoir plus, cliquez ici.","breadcrumb":{"@id":"https:\/\/www.zuurstofplanten.net\/kennisbank\/waterplanten-die-zuurstof-geven\/#breadcrumb"},"inLanguage":"fr-FR","potentialAction":[{"@type":"ReadAction","target":["https:\/\/www.zuurstofplanten.net\/kennisbank\/waterplanten-die-zuurstof-geven\/"]}]},{"@type":"ImageObject","inLanguage":"fr-FR","@id":"https:\/\/www.zuurstofplanten.net\/kennisbank\/waterplanten-die-zuurstof-geven\/#primaryimage","url":"https:\/\/www.zuurstofplanten.net\/wp-content\/uploads\/2024\/10\/drijvend_fonteinkruid-300x199.jpg","contentUrl":"https:\/\/www.zuurstofplanten.net\/wp-content\/uploads\/2024\/10\/drijvend_fonteinkruid-300x199.jpg"},{"@type":"BreadcrumbList","@id":"https:\/\/www.zuurstofplanten.net\/kennisbank\/waterplanten-die-zuurstof-geven\/#breadcrumb","itemListElement":[{"@type":"ListItem","position":1,"name":"Home","item":"https:\/\/www.zuurstofplanten.net\/"},{"@type":"ListItem","position":2,"name":"Kennisbank","item":"https:\/\/www.zuurstofplanten.net\/kennisbank\/"},{"@type":"ListItem","position":3,"name":"Waterplanten Zuurstofproductie"}]},{"@type":"WebSite","@id":"https:\/\/www.zuurstofplanten.net\/#website","url":"https:\/\/www.zuurstofplanten.net\/","name":"Zuurstofplanten.net","description":"","publisher":{"@id":"https:\/\/www.zuurstofplanten.net\/#organization"},"potentialAction":[{"@type":"SearchAction","target":{"@type":"EntryPoint","urlTemplate":"https:\/\/www.zuurstofplanten.net\/?s={search_term_string}"},"query-input":{"@type":"PropertyValueSpecification","valueRequired":true,"valueName":"search_term_string"}}],"inLanguage":"fr-FR"},{"@type":"Organization","@id":"https:\/\/www.zuurstofplanten.net\/#organization","name":"Zuurstofplanten.net","url":"https:\/\/www.zuurstofplanten.net\/","logo":{"@type":"ImageObject","inLanguage":"fr-FR","@id":"https:\/\/www.zuurstofplanten.net\/#\/schema\/logo\/image\/","url":"https:\/\/www.zuurstofplanten.net\/wp-content\/uploads\/2024\/10\/zuurstofplanten-logo-1.jpg","contentUrl":"https:\/\/www.zuurstofplanten.net\/wp-content\/uploads\/2024\/10\/zuurstofplanten-logo-1.jpg","width":180,"height":60,"caption":"Zuurstofplanten.net"},"image":{"@id":"https:\/\/www.zuurstofplanten.net\/#\/schema\/logo\/image\/"}}]}},"_links":{"self":[{"href":"https:\/\/www.zuurstofplanten.net\/fr\/wp-json\/wp\/v2\/pages\/34"}],"collection":[{"href":"https:\/\/www.zuurstofplanten.net\/fr\/wp-json\/wp\/v2\/pages"}],"about":[{"href":"https:\/\/www.zuurstofplanten.net\/fr\/wp-json\/wp\/v2\/types\/page"}],"author":[{"embeddable":true,"href":"https:\/\/www.zuurstofplanten.net\/fr\/wp-json\/wp\/v2\/users\/4"}],"replies":[{"embeddable":true,"href":"https:\/\/www.zuurstofplanten.net\/fr\/wp-json\/wp\/v2\/comments?post=34"}],"version-history":[{"count":11,"href":"https:\/\/www.zuurstofplanten.net\/fr\/wp-json\/wp\/v2\/pages\/34\/revisions"}],"predecessor-version":[{"id":1965,"href":"https:\/\/www.zuurstofplanten.net\/fr\/wp-json\/wp\/v2\/pages\/34\/revisions\/1965"}],"up":[{"embeddable":true,"href":"https:\/\/www.zuurstofplanten.net\/fr\/wp-json\/wp\/v2\/pages\/11"}],"wp:attachment":[{"href":"https:\/\/www.zuurstofplanten.net\/fr\/wp-json\/wp\/v2\/media?parent=34"}],"curies":[{"name":"wp","href":"https:\/\/api.w.org\/{rel}","templated":true}]}}