{"id":11,"date":"2024-10-09T09:49:12","date_gmt":"2024-10-09T09:49:12","guid":{"rendered":"https:\/\/baselinkhosting.nl\/zuurstofplanten\/?page_id=11"},"modified":"2025-06-04T08:18:33","modified_gmt":"2025-06-04T08:18:33","slug":"kennisbank","status":"publish","type":"page","link":"https:\/\/www.zuurstofplanten.net\/fr\/kennisbank\/","title":{"rendered":"Base de connaissances"},"content":{"rendered":"<div data-elementor-type=\"wp-page\" data-elementor-id=\"11\" class=\"elementor elementor-11\" data-elementor-post-type=\"page\">\n\t\t\t\t<div class=\"elementor-element elementor-element-f88671e e-flex e-con-boxed e-con e-parent\" data-id=\"f88671e\" data-element_type=\"container\" data-e-type=\"container\" data-settings=\"{&quot;background_background&quot;:&quot;classic&quot;}\">\n\t\t\t\t\t<div class=\"e-con-inner\">\n\t\t\t\t<div class=\"elementor-element elementor-element-8890f17 elementor-widget elementor-widget-heading\" data-id=\"8890f17\" data-element_type=\"widget\" data-e-type=\"widget\" data-widget_type=\"heading.default\">\n\t\t\t\t<div class=\"elementor-widget-container\">\n\t\t\t\t\t<h1 class=\"elementor-heading-title elementor-size-default\">Base de connaissances<\/h1>\t\t\t\t<\/div>\n\t\t\t\t<\/div>\n\t\t\t\t<div class=\"elementor-element elementor-element-92f637c elementor-widget elementor-widget-breadcrumbs\" data-id=\"92f637c\" data-element_type=\"widget\" data-e-type=\"widget\" data-widget_type=\"breadcrumbs.default\">\n\t\t\t\t<div class=\"elementor-widget-container\">\n\t\t\t\t\t<p id=\"breadcrumbs\"><span><span><a href=\"https:\/\/www.zuurstofplanten.net\/fr\/\">Accueil<\/a><\/span><\/span><\/p>\t\t\t\t<\/div>\n\t\t\t\t<\/div>\n\t\t\t\t\t<\/div>\n\t\t\t\t<\/div>\n\t\t<div class=\"elementor-element elementor-element-906f246 e-flex e-con-boxed e-con e-parent\" data-id=\"906f246\" data-element_type=\"container\" data-e-type=\"container\">\n\t\t\t\t\t<div class=\"e-con-inner\">\n\t\t\t\t<div class=\"elementor-element elementor-element-befc493 elementor-widget elementor-widget-text-editor\" data-id=\"befc493\" data-element_type=\"widget\" data-e-type=\"widget\" data-widget_type=\"text-editor.default\">\n\t\t\t\t<div class=\"elementor-widget-container\">\n\t\t\t\t\t\t\t\t\t<p>Wilt u meer informatie bij de aanleg van planten in uw vijver. In ons kenniscentrum kunt u alles vinden over zuurstofplanten, oeverplanten, drijfplanten en moerasplanten. Hier vind u tips voor het aanplanten, maar bekijk bijvoorbeeld ook eens ons stappenplan, waarin we stap voor stap uitleg geven over de aanplanting.<\/p>\t\t\t\t\t\t\t\t<\/div>\n\t\t\t\t<\/div>\n\t\t\t\t\t<\/div>\n\t\t\t\t<\/div>\n\t\t<div class=\"elementor-element elementor-element-055e7af e-flex e-con-boxed e-con e-parent\" data-id=\"055e7af\" data-element_type=\"container\" data-e-type=\"container\">\n\t\t\t\t\t<div class=\"e-con-inner\">\n\t\t<div class=\"elementor-element elementor-element-a6027a5 e-con-full e-flex e-con e-child\" data-id=\"a6027a5\" data-element_type=\"container\" data-e-type=\"container\">\n\t\t\t\t<div class=\"elementor-element elementor-element-dc09df3 elementor-widget elementor-widget-image\" data-id=\"dc09df3\" data-element_type=\"widget\" data-e-type=\"widget\" data-widget_type=\"image.default\">\n\t\t\t\t<div class=\"elementor-widget-container\">\n\t\t\t\t\t\t\t\t\t\t\t\t\t\t\t<img fetchpriority=\"high\" decoding=\"async\" width=\"300\" height=\"300\" src=\"https:\/\/www.zuurstofplanten.net\/wp-content\/uploads\/2024\/10\/Absolute_Reality_v16_Een_traditionele_waterbehandelingsinstall_3-1-1-300x300.jpg\" class=\"attachment-medium size-medium wp-image-494\" alt=\"\" srcset=\"https:\/\/www.zuurstofplanten.net\/wp-content\/uploads\/2024\/10\/Absolute_Reality_v16_Een_traditionele_waterbehandelingsinstall_3-1-1-300x300.jpg 300w, https:\/\/www.zuurstofplanten.net\/wp-content\/uploads\/2024\/10\/Absolute_Reality_v16_Een_traditionele_waterbehandelingsinstall_3-1-1-150x150.jpg 150w, https:\/\/www.zuurstofplanten.net\/wp-content\/uploads\/2024\/10\/Absolute_Reality_v16_Een_traditionele_waterbehandelingsinstall_3-1-1-768x768.jpg 768w, https:\/\/www.zuurstofplanten.net\/wp-content\/uploads\/2024\/10\/Absolute_Reality_v16_Een_traditionele_waterbehandelingsinstall_3-1-1.jpg 1024w\" sizes=\"(max-width: 300px) 100vw, 300px\" \/>\t\t\t\t\t\t\t\t\t\t\t\t\t\t\t<\/div>\n\t\t\t\t<\/div>\n\t\t\t\t<\/div>\n\t\t<div class=\"elementor-element elementor-element-17de5b6 e-con-full e-flex e-con e-child\" data-id=\"17de5b6\" data-element_type=\"container\" data-e-type=\"container\">\n\t\t\t\t<div class=\"elementor-element elementor-element-8b1b470 elementor-widget elementor-widget-heading\" data-id=\"8b1b470\" data-element_type=\"widget\" data-e-type=\"widget\" data-widget_type=\"heading.default\">\n\t\t\t\t<div class=\"elementor-widget-container\">\n\t\t\t\t\t<h2 class=\"elementor-heading-title elementor-size-default\">Entretien de l'\u00e9tang<\/h2>\t\t\t\t<\/div>\n\t\t\t\t<\/div>\n\t\t\t\t<div class=\"elementor-element elementor-element-c4e879b elementor-widget elementor-widget-text-editor\" data-id=\"c4e879b\" data-element_type=\"widget\" data-e-type=\"widget\" data-widget_type=\"text-editor.default\">\n\t\t\t\t<div class=\"elementor-widget-container\">\n\t\t\t\t\t\t\t\t\t<p>Un bon entretien de votre \u00e9tang est essentiel pour \u00e9viter tout probl\u00e8me \u00e0 l'avenir. Les articles ci-dessous vous permettront de mieux comprendre comment lutter contre les algues filamenteuses, par exemple.<\/p><ul><li><a href=\"https:\/\/www.zuurstofplanten.net\/fr\/kennisbank\/vijverslib-verwijderen\/\">Enl\u00e8vement de la vase de l'\u00e9tang<\/a><\/li><li><a href=\"https:\/\/www.zuurstofplanten.net\/fr\/kennisbank\/draagalg-bestrijden\/\">Lutte contre les algues filamenteuses<\/a><\/li><\/ul>\t\t\t\t\t\t\t\t<\/div>\n\t\t\t\t<\/div>\n\t\t\t\t<\/div>\n\t\t\t\t\t<\/div>\n\t\t\t\t<\/div>\n\t\t<div class=\"elementor-element elementor-element-78ec257 e-flex e-con-boxed e-con e-parent\" data-id=\"78ec257\" data-element_type=\"container\" data-e-type=\"container\">\n\t\t\t\t\t<div class=\"e-con-inner\">\n\t\t<div class=\"elementor-element elementor-element-121b740 e-con-full e-flex e-con e-child\" data-id=\"121b740\" data-element_type=\"container\" data-e-type=\"container\">\n\t\t\t\t<div class=\"elementor-element elementor-element-3e0bf8a elementor-widget elementor-widget-image\" data-id=\"3e0bf8a\" data-element_type=\"widget\" data-e-type=\"widget\" data-widget_type=\"image.default\">\n\t\t\t\t<div class=\"elementor-widget-container\">\n\t\t\t\t\t\t\t\t\t\t\t\t\t\t\t<img decoding=\"async\" width=\"300\" height=\"300\" src=\"https:\/\/www.zuurstofplanten.net\/wp-content\/uploads\/2024\/10\/tyreps-aan-mandje-2-1-e1729694164276-300x300.jpg\" class=\"attachment-medium size-medium wp-image-274\" alt=\"\" srcset=\"https:\/\/www.zuurstofplanten.net\/wp-content\/uploads\/2024\/10\/tyreps-aan-mandje-2-1-e1729694164276-300x300.jpg 300w, https:\/\/www.zuurstofplanten.net\/wp-content\/uploads\/2024\/10\/tyreps-aan-mandje-2-1-e1729694164276-150x150.jpg 150w, https:\/\/www.zuurstofplanten.net\/wp-content\/uploads\/2024\/10\/tyreps-aan-mandje-2-1-e1729694164276.jpg 533w\" sizes=\"(max-width: 300px) 100vw, 300px\" \/>\t\t\t\t\t\t\t\t\t\t\t\t\t\t\t<\/div>\n\t\t\t\t<\/div>\n\t\t\t\t<\/div>\n\t\t<div class=\"elementor-element elementor-element-a6ebc31 e-con-full e-flex e-con e-child\" data-id=\"a6ebc31\" data-element_type=\"container\" data-e-type=\"container\">\n\t\t\t\t<div class=\"elementor-element elementor-element-6773b3f elementor-widget elementor-widget-heading\" data-id=\"6773b3f\" data-element_type=\"widget\" data-e-type=\"widget\" data-widget_type=\"heading.default\">\n\t\t\t\t<div class=\"elementor-widget-container\">\n\t\t\t\t\t<h2 class=\"elementor-heading-title elementor-size-default\">Planter des plantes d'\u00e9tang<\/h2>\t\t\t\t<\/div>\n\t\t\t\t<\/div>\n\t\t\t\t<div class=\"elementor-element elementor-element-d543b42 elementor-widget elementor-widget-text-editor\" data-id=\"d543b42\" data-element_type=\"widget\" data-e-type=\"widget\" data-widget_type=\"text-editor.default\">\n\t\t\t\t<div class=\"elementor-widget-container\">\n\t\t\t\t\t\t\t\t\t<p>L'installation correcte de plantes \u00e0 oxyg\u00e8ne est essentielle pour un environnement aquatique sain, car elles assurent la production d'oxyg\u00e8ne, emp\u00eachent la formation d'algues et soutiennent un \u00e9cosyst\u00e8me stable. L'eau reste ainsi claire et saine pour la flore et la faune. Vous trouverez ci-dessous, entre autres, un plan pratique \u00e9tape par \u00e9tape.<\/p><ul><li><a href=\"https:\/\/www.zuurstofplanten.net\/fr\/kennisbank\/vijverplanten-planten\/\">Plantation d'\u00e9tangs - Feuille de route<\/a><\/li><li><a href=\"https:\/\/www.zuurstofplanten.net\/fr\/kennisbank\/hoeveel-zuurstofplanten-in-een-vijver\/\">Nombre de plantes dans l'\u00e9tang Calculer<\/a><\/li><\/ul>\t\t\t\t\t\t\t\t<\/div>\n\t\t\t\t<\/div>\n\t\t\t\t<\/div>\n\t\t\t\t\t<\/div>\n\t\t\t\t<\/div>\n\t\t<div class=\"elementor-element elementor-element-3840c53 e-flex e-con-boxed e-con e-parent\" data-id=\"3840c53\" data-element_type=\"container\" data-e-type=\"container\">\n\t\t\t\t\t<div class=\"e-con-inner\">\n\t\t<div class=\"elementor-element elementor-element-a01dd90 e-con-full e-flex e-con e-child\" data-id=\"a01dd90\" data-element_type=\"container\" data-e-type=\"container\">\n\t\t\t\t<div class=\"elementor-element elementor-element-16c4b51 elementor-widget elementor-widget-image\" data-id=\"16c4b51\" data-element_type=\"widget\" data-e-type=\"widget\" data-widget_type=\"image.default\">\n\t\t\t\t<div class=\"elementor-widget-container\">\n\t\t\t\t\t\t\t\t\t\t\t\t\t\t\t<img decoding=\"async\" width=\"300\" height=\"300\" src=\"https:\/\/www.zuurstofplanten.net\/wp-content\/uploads\/2024\/10\/snoekkruid-e1729694462480-300x300.jpg\" class=\"attachment-medium size-medium wp-image-245\" alt=\"\" srcset=\"https:\/\/www.zuurstofplanten.net\/wp-content\/uploads\/2024\/10\/snoekkruid-e1729694462480-300x300.jpg 300w, https:\/\/www.zuurstofplanten.net\/wp-content\/uploads\/2024\/10\/snoekkruid-e1729694462480-150x150.jpg 150w, https:\/\/www.zuurstofplanten.net\/wp-content\/uploads\/2024\/10\/snoekkruid-e1729694462480.jpg 430w\" sizes=\"(max-width: 300px) 100vw, 300px\" \/>\t\t\t\t\t\t\t\t\t\t\t\t\t\t\t<\/div>\n\t\t\t\t<\/div>\n\t\t\t\t<\/div>\n\t\t<div class=\"elementor-element elementor-element-3398550 e-con-full e-flex e-con e-child\" data-id=\"3398550\" data-element_type=\"container\" data-e-type=\"container\">\n\t\t\t\t<div class=\"elementor-element elementor-element-222d520 elementor-widget elementor-widget-heading\" data-id=\"222d520\" data-element_type=\"widget\" data-e-type=\"widget\" data-widget_type=\"heading.default\">\n\t\t\t\t<div class=\"elementor-widget-container\">\n\t\t\t\t\t<h2 class=\"elementor-heading-title elementor-size-default\">Questions fr\u00e9quemment pos\u00e9es<\/h2>\t\t\t\t<\/div>\n\t\t\t\t<\/div>\n\t\t\t\t<div class=\"elementor-element elementor-element-708392c elementor-widget elementor-widget-text-editor\" data-id=\"708392c\" data-element_type=\"widget\" data-e-type=\"widget\" data-widget_type=\"text-editor.default\">\n\t\t\t\t<div class=\"elementor-widget-container\">\n\t\t\t\t\t\t\t\t\t<ul><li><a href=\"https:\/\/www.zuurstofplanten.net\/fr\/kennisbank\/waterplanten-die-zuurstof-geven\/\">Quelles sont les plantes d'\u00e9tang qui produisent de l'oxyg\u00e8ne ?<\/a><\/li><li><a href=\"https:\/\/www.zuurstofplanten.net\/fr\/kennisbank\/welke-waterplanten-zijn-winterhard\/\">Quelles sont les plantes aquatiques r\u00e9sistantes ?<\/a><\/li><li><a href=\"https:\/\/www.zuurstofplanten.net\/fr\/kennisbank\/hoeveel-zuurstofplanten-in-een-vijver\/\">Combien de plantes \u00e0 oxyg\u00e8ne devraient se trouver dans mon bassin ?<\/a><\/li><li><a href=\"https:\/\/www.zuurstofplanten.net\/fr\/kennisbank\/plantdiepte-zuurstofplanten\/\">\u00c0 quelle profondeur dois-je planter les esp\u00e8ces enracin\u00e9es ?<\/a><\/li><li><a href=\"https:\/\/www.zuurstofplanten.net\/fr\/kennisbank\/welke-zuurstofplanten-hebben-bloemen\/\">Quelles sont les plantes \u00e0 oxyg\u00e8ne qui ont des fleurs ?<\/a><\/li><li><a href=\"https:\/\/www.zuurstofplanten.net\/fr\/projecten\/zuurstofplanten-aanplanten\/\">Comment introduire des plantes oxyg\u00e9n\u00e9es dans l'\u00e9tang ?<\/a><\/li><\/ul>\t\t\t\t\t\t\t\t<\/div>\n\t\t\t\t<\/div>\n\t\t\t\t<\/div>\n\t\t\t\t\t<\/div>\n\t\t\t\t<\/div>\n\t\t\t\t<\/div>","protected":false},"excerpt":{"rendered":"<p>Kennisbank Wilt u meer informatie bij de aanleg van planten in uw vijver. In ons kenniscentrum kunt u alles vinden over zuurstofplanten, oeverplanten, drijfplanten en moerasplanten. Hier vind u tips voor het aanplanten, maar bekijk bijvoorbeeld ook eens ons stappenplan, waarin we stap voor stap uitleg geven over de aanplanting. Vijveronderhoud Goed onderhoud van uw [&hellip;]<\/p>","protected":false},"author":4,"featured_media":0,"parent":0,"menu_order":2,"comment_status":"closed","ping_status":"closed","template":"","meta":{"_acf_changed":false,"iawp_total_views":176,"footnotes":""},"class_list":["post-11","page","type-page","status-publish","hentry"],"acf":[],"yoast_head":"<!-- This site is optimized with the Yoast SEO plugin v25.5 - https:\/\/yoast.com\/wordpress\/plugins\/seo\/ -->\n<title>Veelgestelde Vragen | Zuurstofplanten.net<\/title>\n<meta name=\"robots\" content=\"index, follow, max-snippet:-1, max-image-preview:large, max-video-preview:-1\" \/>\n<link rel=\"canonical\" href=\"https:\/\/www.zuurstofplanten.net\/fr\/kennisbank\/\" \/>\n<meta property=\"og:locale\" content=\"fr_FR\" \/>\n<meta property=\"og:type\" content=\"article\" \/>\n<meta property=\"og:title\" content=\"Veelgestelde Vragen | Zuurstofplanten.net\" \/>\n<meta property=\"og:description\" content=\"Kennisbank Wilt u meer informatie bij de aanleg van planten in uw vijver. In ons kenniscentrum kunt u alles vinden over zuurstofplanten, oeverplanten, drijfplanten en moerasplanten. Hier vind u tips voor het aanplanten, maar bekijk bijvoorbeeld ook eens ons stappenplan, waarin we stap voor stap uitleg geven over de aanplanting. Vijveronderhoud Goed onderhoud van uw [&hellip;]\" \/>\n<meta property=\"og:url\" content=\"https:\/\/www.zuurstofplanten.net\/fr\/kennisbank\/\" \/>\n<meta property=\"og:site_name\" content=\"Zuurstofplanten.net\" \/>\n<meta property=\"article:modified_time\" content=\"2025-06-04T08:18:33+00:00\" \/>\n<meta property=\"og:image\" content=\"https:\/\/www.zuurstofplanten.net\/wp-content\/uploads\/2024\/10\/Absolute_Reality_v16_Een_traditionele_waterbehandelingsinstall_3-1-1.jpg\" \/>\n\t<meta property=\"og:image:width\" content=\"1024\" \/>\n\t<meta property=\"og:image:height\" content=\"1024\" \/>\n\t<meta property=\"og:image:type\" content=\"image\/jpeg\" \/>\n<meta name=\"twitter:card\" content=\"summary_large_image\" \/>\n<meta name=\"twitter:label1\" content=\"Dur\u00e9e de lecture estim\u00e9e\" \/>\n\t<meta name=\"twitter:data1\" content=\"2 minutes\" \/>\n<script type=\"application\/ld+json\" class=\"yoast-schema-graph\">{\"@context\":\"https:\/\/schema.org\",\"@graph\":[{\"@type\":\"WebPage\",\"@id\":\"https:\/\/www.zuurstofplanten.net\/kennisbank\/\",\"url\":\"https:\/\/www.zuurstofplanten.net\/kennisbank\/\",\"name\":\"Veelgestelde Vragen | Zuurstofplanten.net\",\"isPartOf\":{\"@id\":\"https:\/\/www.zuurstofplanten.net\/#website\"},\"primaryImageOfPage\":{\"@id\":\"https:\/\/www.zuurstofplanten.net\/kennisbank\/#primaryimage\"},\"image\":{\"@id\":\"https:\/\/www.zuurstofplanten.net\/kennisbank\/#primaryimage\"},\"thumbnailUrl\":\"https:\/\/www.zuurstofplanten.net\/wp-content\/uploads\/2024\/10\/Absolute_Reality_v16_Een_traditionele_waterbehandelingsinstall_3-1-1-300x300.jpg\",\"datePublished\":\"2024-10-09T09:49:12+00:00\",\"dateModified\":\"2025-06-04T08:18:33+00:00\",\"breadcrumb\":{\"@id\":\"https:\/\/www.zuurstofplanten.net\/kennisbank\/#breadcrumb\"},\"inLanguage\":\"fr-FR\",\"potentialAction\":[{\"@type\":\"ReadAction\",\"target\":[\"https:\/\/www.zuurstofplanten.net\/kennisbank\/\"]}]},{\"@type\":\"ImageObject\",\"inLanguage\":\"fr-FR\",\"@id\":\"https:\/\/www.zuurstofplanten.net\/kennisbank\/#primaryimage\",\"url\":\"https:\/\/www.zuurstofplanten.net\/wp-content\/uploads\/2024\/10\/Absolute_Reality_v16_Een_traditionele_waterbehandelingsinstall_3-1-1-300x300.jpg\",\"contentUrl\":\"https:\/\/www.zuurstofplanten.net\/wp-content\/uploads\/2024\/10\/Absolute_Reality_v16_Een_traditionele_waterbehandelingsinstall_3-1-1-300x300.jpg\"},{\"@type\":\"BreadcrumbList\",\"@id\":\"https:\/\/www.zuurstofplanten.net\/kennisbank\/#breadcrumb\",\"itemListElement\":[{\"@type\":\"ListItem\",\"position\":1,\"name\":\"Home\",\"item\":\"https:\/\/www.zuurstofplanten.net\/\"},{\"@type\":\"ListItem\",\"position\":2,\"name\":\"Kennisbank\"}]},{\"@type\":\"WebSite\",\"@id\":\"https:\/\/www.zuurstofplanten.net\/#website\",\"url\":\"https:\/\/www.zuurstofplanten.net\/\",\"name\":\"Zuurstofplanten.net\",\"description\":\"\",\"publisher\":{\"@id\":\"https:\/\/www.zuurstofplanten.net\/#organization\"},\"potentialAction\":[{\"@type\":\"SearchAction\",\"target\":{\"@type\":\"EntryPoint\",\"urlTemplate\":\"https:\/\/www.zuurstofplanten.net\/?s={search_term_string}\"},\"query-input\":{\"@type\":\"PropertyValueSpecification\",\"valueRequired\":true,\"valueName\":\"search_term_string\"}}],\"inLanguage\":\"fr-FR\"},{\"@type\":\"Organization\",\"@id\":\"https:\/\/www.zuurstofplanten.net\/#organization\",\"name\":\"Zuurstofplanten.net\",\"url\":\"https:\/\/www.zuurstofplanten.net\/\",\"logo\":{\"@type\":\"ImageObject\",\"inLanguage\":\"fr-FR\",\"@id\":\"https:\/\/www.zuurstofplanten.net\/#\/schema\/logo\/image\/\",\"url\":\"https:\/\/www.zuurstofplanten.net\/wp-content\/uploads\/2024\/10\/zuurstofplanten-logo-1.jpg\",\"contentUrl\":\"https:\/\/www.zuurstofplanten.net\/wp-content\/uploads\/2024\/10\/zuurstofplanten-logo-1.jpg\",\"width\":180,\"height\":60,\"caption\":\"Zuurstofplanten.net\"},\"image\":{\"@id\":\"https:\/\/www.zuurstofplanten.net\/#\/schema\/logo\/image\/\"}}]}<\/script>\n<!-- \/ Yoast SEO plugin. -->","yoast_head_json":{"title":"Questions fr\u00e9quemment pos\u00e9es | Oxygenplants.net","robots":{"index":"index","follow":"follow","max-snippet":"max-snippet:-1","max-image-preview":"max-image-preview:large","max-video-preview":"max-video-preview:-1"},"canonical":"https:\/\/www.zuurstofplanten.net\/fr\/kennisbank\/","og_locale":"fr_FR","og_type":"article","og_title":"Veelgestelde Vragen | Zuurstofplanten.net","og_description":"Kennisbank Wilt u meer informatie bij de aanleg van planten in uw vijver. In ons kenniscentrum kunt u alles vinden over zuurstofplanten, oeverplanten, drijfplanten en moerasplanten. Hier vind u tips voor het aanplanten, maar bekijk bijvoorbeeld ook eens ons stappenplan, waarin we stap voor stap uitleg geven over de aanplanting. Vijveronderhoud Goed onderhoud van uw [&hellip;]","og_url":"https:\/\/www.zuurstofplanten.net\/fr\/kennisbank\/","og_site_name":"Zuurstofplanten.net","article_modified_time":"2025-06-04T08:18:33+00:00","og_image":[{"width":1024,"height":1024,"url":"https:\/\/www.zuurstofplanten.net\/wp-content\/uploads\/2024\/10\/Absolute_Reality_v16_Een_traditionele_waterbehandelingsinstall_3-1-1.jpg","type":"image\/jpeg"}],"twitter_card":"summary_large_image","twitter_misc":{"Dur\u00e9e de lecture estim\u00e9e":"2 minutes"},"schema":{"@context":"https:\/\/schema.org","@graph":[{"@type":"WebPage","@id":"https:\/\/www.zuurstofplanten.net\/kennisbank\/","url":"https:\/\/www.zuurstofplanten.net\/kennisbank\/","name":"Questions fr\u00e9quemment pos\u00e9es | Oxygenplants.net","isPartOf":{"@id":"https:\/\/www.zuurstofplanten.net\/#website"},"primaryImageOfPage":{"@id":"https:\/\/www.zuurstofplanten.net\/kennisbank\/#primaryimage"},"image":{"@id":"https:\/\/www.zuurstofplanten.net\/kennisbank\/#primaryimage"},"thumbnailUrl":"https:\/\/www.zuurstofplanten.net\/wp-content\/uploads\/2024\/10\/Absolute_Reality_v16_Een_traditionele_waterbehandelingsinstall_3-1-1-300x300.jpg","datePublished":"2024-10-09T09:49:12+00:00","dateModified":"2025-06-04T08:18:33+00:00","breadcrumb":{"@id":"https:\/\/www.zuurstofplanten.net\/kennisbank\/#breadcrumb"},"inLanguage":"fr-FR","potentialAction":[{"@type":"ReadAction","target":["https:\/\/www.zuurstofplanten.net\/kennisbank\/"]}]},{"@type":"ImageObject","inLanguage":"fr-FR","@id":"https:\/\/www.zuurstofplanten.net\/kennisbank\/#primaryimage","url":"https:\/\/www.zuurstofplanten.net\/wp-content\/uploads\/2024\/10\/Absolute_Reality_v16_Een_traditionele_waterbehandelingsinstall_3-1-1-300x300.jpg","contentUrl":"https:\/\/www.zuurstofplanten.net\/wp-content\/uploads\/2024\/10\/Absolute_Reality_v16_Een_traditionele_waterbehandelingsinstall_3-1-1-300x300.jpg"},{"@type":"BreadcrumbList","@id":"https:\/\/www.zuurstofplanten.net\/kennisbank\/#breadcrumb","itemListElement":[{"@type":"ListItem","position":1,"name":"Home","item":"https:\/\/www.zuurstofplanten.net\/"},{"@type":"ListItem","position":2,"name":"Kennisbank"}]},{"@type":"WebSite","@id":"https:\/\/www.zuurstofplanten.net\/#website","url":"https:\/\/www.zuurstofplanten.net\/","name":"Zuurstofplanten.net","description":"","publisher":{"@id":"https:\/\/www.zuurstofplanten.net\/#organization"},"potentialAction":[{"@type":"SearchAction","target":{"@type":"EntryPoint","urlTemplate":"https:\/\/www.zuurstofplanten.net\/?s={search_term_string}"},"query-input":{"@type":"PropertyValueSpecification","valueRequired":true,"valueName":"search_term_string"}}],"inLanguage":"fr-FR"},{"@type":"Organization","@id":"https:\/\/www.zuurstofplanten.net\/#organization","name":"Zuurstofplanten.net","url":"https:\/\/www.zuurstofplanten.net\/","logo":{"@type":"ImageObject","inLanguage":"fr-FR","@id":"https:\/\/www.zuurstofplanten.net\/#\/schema\/logo\/image\/","url":"https:\/\/www.zuurstofplanten.net\/wp-content\/uploads\/2024\/10\/zuurstofplanten-logo-1.jpg","contentUrl":"https:\/\/www.zuurstofplanten.net\/wp-content\/uploads\/2024\/10\/zuurstofplanten-logo-1.jpg","width":180,"height":60,"caption":"Zuurstofplanten.net"},"image":{"@id":"https:\/\/www.zuurstofplanten.net\/#\/schema\/logo\/image\/"}}]}},"_links":{"self":[{"href":"https:\/\/www.zuurstofplanten.net\/fr\/wp-json\/wp\/v2\/pages\/11","targetHints":{"allow":["GET"]}}],"collection":[{"href":"https:\/\/www.zuurstofplanten.net\/fr\/wp-json\/wp\/v2\/pages"}],"about":[{"href":"https:\/\/www.zuurstofplanten.net\/fr\/wp-json\/wp\/v2\/types\/page"}],"author":[{"embeddable":true,"href":"https:\/\/www.zuurstofplanten.net\/fr\/wp-json\/wp\/v2\/users\/4"}],"replies":[{"embeddable":true,"href":"https:\/\/www.zuurstofplanten.net\/fr\/wp-json\/wp\/v2\/comments?post=11"}],"version-history":[{"count":30,"href":"https:\/\/www.zuurstofplanten.net\/fr\/wp-json\/wp\/v2\/pages\/11\/revisions"}],"predecessor-version":[{"id":2044,"href":"https:\/\/www.zuurstofplanten.net\/fr\/wp-json\/wp\/v2\/pages\/11\/revisions\/2044"}],"wp:attachment":[{"href":"https:\/\/www.zuurstofplanten.net\/fr\/wp-json\/wp\/v2\/media?parent=11"}],"curies":[{"name":"wp","href":"https:\/\/api.w.org\/{rel}","templated":true}]}}