{"id":958,"date":"2024-10-23T14:57:45","date_gmt":"2024-10-23T14:57:45","guid":{"rendered":"https:\/\/baselinkhosting.nl\/zuurstofplanten\/?page_id=958"},"modified":"2025-05-23T15:05:58","modified_gmt":"2025-05-23T15:05:58","slug":"anpflanzung-von-sauerstoffpflanzen","status":"publish","type":"page","link":"https:\/\/www.zuurstofplanten.net\/de\/projekte\/anpflanzung-von-sauerstoffpflanzen\/","title":{"rendered":"Bepflanzung mit sauerstoffhaltigen Pflanzen"},"content":{"rendered":"<div data-elementor-type=\"wp-page\" data-elementor-id=\"958\" class=\"elementor elementor-958\" data-elementor-post-type=\"page\">\n\t\t\t\t<div class=\"elementor-element elementor-element-c56bd6d e-flex e-con-boxed e-con e-parent\" data-id=\"c56bd6d\" data-element_type=\"container\" data-e-type=\"container\" data-settings=\"{&quot;background_background&quot;:&quot;classic&quot;}\">\n\t\t\t\t\t<div class=\"e-con-inner\">\n\t\t\t\t<div class=\"elementor-element elementor-element-41fbfee elementor-widget elementor-widget-heading\" data-id=\"41fbfee\" data-element_type=\"widget\" data-e-type=\"widget\" data-widget_type=\"heading.default\">\n\t\t\t\t<div class=\"elementor-widget-container\">\n\t\t\t\t\t<h1 class=\"elementor-heading-title elementor-size-default\">Bepflanzung mit sauerstoffhaltigen Pflanzen<\/h1>\t\t\t\t<\/div>\n\t\t\t\t<\/div>\n\t\t\t\t<div class=\"elementor-element elementor-element-da1ad8b elementor-widget elementor-widget-breadcrumbs\" data-id=\"da1ad8b\" data-element_type=\"widget\" data-e-type=\"widget\" data-widget_type=\"breadcrumbs.default\">\n\t\t\t\t<div class=\"elementor-widget-container\">\n\t\t\t\t\t<p id=\"breadcrumbs\"><span><span><a href=\"https:\/\/www.zuurstofplanten.net\/de\/\">Startseite<\/a><\/span><\/span><\/p>\t\t\t\t<\/div>\n\t\t\t\t<\/div>\n\t\t\t\t\t<\/div>\n\t\t\t\t<\/div>\n\t\t<div class=\"elementor-element elementor-element-18b59709 e-flex e-con-boxed e-con e-parent\" data-id=\"18b59709\" data-element_type=\"container\" data-e-type=\"container\">\n\t\t\t\t\t<div class=\"e-con-inner\">\n\t\t<div class=\"elementor-element elementor-element-ce70c55 e-grid e-con-full e-con e-child\" data-id=\"ce70c55\" data-element_type=\"container\" data-e-type=\"container\">\n\t\t\t\t<div class=\"elementor-element elementor-element-1377e7fc elementor-widget elementor-widget-text-editor\" data-id=\"1377e7fc\" data-element_type=\"widget\" data-e-type=\"widget\" data-widget_type=\"text-editor.default\">\n\t\t\t\t<div class=\"elementor-widget-container\">\n\t\t\t\t\t\t\t\t\t<p>Dutch Water Tech f\u00fchrt auch Projekte mit Sauerstoffpflanzen oder untergetauchten Wasserpflanzen durch. Wir tun dies haupts\u00e4chlich f\u00fcr Gemeinden, Wasserverb\u00e4nde und die nationale Regierung. Wir haben verschiedene Projekte durchgef\u00fchrt, unter anderem f\u00fcr die Gemeinde Utrecht, Nissewaard, Rotterdam, Steenbergen, Bergen op Zoom und die Staatliche Immobilienverwaltung.<\/p>\t\t\t\t\t\t\t\t<\/div>\n\t\t\t\t<\/div>\n\t\t\t\t<div class=\"elementor-element elementor-element-01e8a37 elementor-widget elementor-widget-image\" data-id=\"01e8a37\" data-element_type=\"widget\" data-e-type=\"widget\" data-widget_type=\"image.default\">\n\t\t\t\t<div class=\"elementor-widget-container\">\n\t\t\t\t\t\t\t\t\t\t\t\t\t\t\t<img fetchpriority=\"high\" decoding=\"async\" width=\"300\" height=\"226\" src=\"https:\/\/www.zuurstofplanten.net\/wp-content\/uploads\/2024\/10\/Aanplant-natuurvriendelijke-oever-Spijkenisse-2-300x226.jpeg\" class=\"attachment-medium size-medium wp-image-966\" alt=\"\" srcset=\"https:\/\/www.zuurstofplanten.net\/wp-content\/uploads\/2024\/10\/Aanplant-natuurvriendelijke-oever-Spijkenisse-2-300x226.jpeg 300w, https:\/\/www.zuurstofplanten.net\/wp-content\/uploads\/2024\/10\/Aanplant-natuurvriendelijke-oever-Spijkenisse-2-768x578.jpeg 768w, https:\/\/www.zuurstofplanten.net\/wp-content\/uploads\/2024\/10\/Aanplant-natuurvriendelijke-oever-Spijkenisse-2.jpeg 800w\" sizes=\"(max-width: 300px) 100vw, 300px\" \/>\t\t\t\t\t\t\t\t\t\t\t\t\t\t\t<\/div>\n\t\t\t\t<\/div>\n\t\t\t\t<\/div>\n\t\t\t\t<div class=\"elementor-element elementor-element-1833ea1f elementor-widget elementor-widget-heading\" data-id=\"1833ea1f\" data-element_type=\"widget\" data-e-type=\"widget\" data-widget_type=\"heading.default\">\n\t\t\t\t<div class=\"elementor-widget-container\">\n\t\t\t\t\t<h3 class=\"elementor-heading-title elementor-size-default\">Bedeutung der Ziele der Wasserrahmenrichtlinie<\/h3>\t\t\t\t<\/div>\n\t\t\t\t<\/div>\n\t\t\t\t<div class=\"elementor-element elementor-element-595de649 elementor-widget elementor-widget-text-editor\" data-id=\"595de649\" data-element_type=\"widget\" data-e-type=\"widget\" data-widget_type=\"text-editor.default\">\n\t\t\t\t<div class=\"elementor-widget-container\">\n\t\t\t\t\t\t\t\t\t<p>Da die Wasserrahmenrichtlinie (WRRL) in greifbare N\u00e4he r\u00fcckt, ist es wichtig, die Sauerstoffanreicherung voranzutreiben.<\/p>\t\t\t\t\t\t\t\t<\/div>\n\t\t\t\t<\/div>\n\t\t\t\t<div class=\"elementor-element elementor-element-54daa5b9 elementor-widget elementor-widget-heading\" data-id=\"54daa5b9\" data-element_type=\"widget\" data-e-type=\"widget\" data-widget_type=\"heading.default\">\n\t\t\t\t<div class=\"elementor-widget-container\">\n\t\t\t\t\t<h2 class=\"elementor-heading-title elementor-size-default\">Anpflanzung in festem Boden<\/h2>\t\t\t\t<\/div>\n\t\t\t\t<\/div>\n\t\t\t\t<div class=\"elementor-element elementor-element-2214d074 elementor-widget elementor-widget-text-editor\" data-id=\"2214d074\" data-element_type=\"widget\" data-e-type=\"widget\" data-widget_type=\"text-editor.default\">\n\t\t\t\t<div class=\"elementor-widget-container\">\n\t\t\t\t\t\t\t\t\t<p>Wenn es die Situation erlaubt, k\u00f6nnen Sauerstoffpflanzen in den festen Boden gepflanzt werden. Dies ist m\u00f6glich, wenn am Projektstandort eine vor\u00fcbergehende Absenkung des Wasserspiegels erreicht werden kann. Die Pflanzen m\u00fcssen je nach Art bald in einer Tiefe von 40-50 cm stehen, was eine Pflanzung von Hand in tiefem Wasser schwierig macht.<\/p>\t\t\t\t\t\t\t\t<\/div>\n\t\t\t\t<\/div>\n\t\t\t\t<div class=\"elementor-element elementor-element-26ceda27 elementor-widget elementor-widget-heading\" data-id=\"26ceda27\" data-element_type=\"widget\" data-e-type=\"widget\" data-widget_type=\"heading.default\">\n\t\t\t\t<div class=\"elementor-widget-container\">\n\t\t\t\t\t<h3 class=\"elementor-heading-title elementor-size-default\">Alternative Bepflanzungsmethoden in tiefem Wasser<\/h3>\t\t\t\t<\/div>\n\t\t\t\t<\/div>\n\t\t\t\t<div class=\"elementor-element elementor-element-3ade1485 elementor-widget elementor-widget-text-editor\" data-id=\"3ade1485\" data-element_type=\"widget\" data-e-type=\"widget\" data-widget_type=\"text-editor.default\">\n\t\t\t\t<div class=\"elementor-widget-container\">\n\t\t\t\t\t\t\t\t\t<p>Wenn das Wasser tiefer ist, gibt es zum Gl\u00fcck andere M\u00f6glichkeiten, Sauerstoffpflanzen zu pflanzen. Wir arbeiten zum Beispiel mit vorgefertigten K\u00e4sten.<\/p>\t\t\t\t\t\t\t\t<\/div>\n\t\t\t\t<\/div>\n\t\t\t\t<div class=\"elementor-element elementor-element-1a9b5d6b elementor-widget elementor-widget-heading\" data-id=\"1a9b5d6b\" data-element_type=\"widget\" data-e-type=\"widget\" data-widget_type=\"heading.default\">\n\t\t\t\t<div class=\"elementor-widget-container\">\n\t\t\t\t\t<h4 class=\"elementor-heading-title elementor-size-default\">Kisten mit Sauerstoffpflanzen<\/h4>\t\t\t\t<\/div>\n\t\t\t\t<\/div>\n\t\t\t\t<div class=\"elementor-element elementor-element-793733d3 elementor-widget elementor-widget-text-editor\" data-id=\"793733d3\" data-element_type=\"widget\" data-e-type=\"widget\" data-widget_type=\"text-editor.default\">\n\t\t\t\t<div class=\"elementor-widget-container\">\n\t\t\t\t\t\t\t\t\t<p>Eine Jutefolie wird in eine Holzkiste gelegt, in die die Sauerstoffpflanzen eingesetzt und mit Lavaschlamm bedeckt werden. Das System ist vollst\u00e4ndig biologisch abbaubar, w\u00e4hrend der Lavaschlamm Bakterien beherbergt, die N\u00e4hrstoffe f\u00fcr die Pflanzen liefern. Dieses System ist f\u00fcr eine Vielzahl von Arten geeignet, z. B. f\u00fcr das Gl\u00e4nzende Laichkraut, das Ausbreitende Laichkraut, das Ohrenkraut und viele andere.<\/p>\t\t\t\t\t\t\t\t<\/div>\n\t\t\t\t<\/div>\n\t\t\t\t<div class=\"elementor-element elementor-element-2756c61 elementor-widget elementor-widget-heading\" data-id=\"2756c61\" data-element_type=\"widget\" data-e-type=\"widget\" data-widget_type=\"heading.default\">\n\t\t\t\t<div class=\"elementor-widget-container\">\n\t\t\t\t\t<h4 class=\"elementor-heading-title elementor-size-default\">Sch\u00e4dlingsbek\u00e4mpfung: Procrate<\/h4>\t\t\t\t<\/div>\n\t\t\t\t<\/div>\n\t\t<div class=\"elementor-element elementor-element-c0efe23 e-grid e-con-full e-con e-child\" data-id=\"c0efe23\" data-element_type=\"container\" data-e-type=\"container\">\n\t\t\t\t<div class=\"elementor-element elementor-element-681c896 elementor-widget elementor-widget-text-editor\" data-id=\"681c896\" data-element_type=\"widget\" data-e-type=\"widget\" data-widget_type=\"text-editor.default\">\n\t\t\t\t<div class=\"elementor-widget-container\">\n\t\t\t\t\t\t\t\t\t<p>Um zu verhindern, dass Fischarten wie Karpfen die jungen Pflanzen fressen, k\u00f6nnen die Boxen mit Procrate kombiniert werden, einem biologisch abbaubaren Biopolymer-Knabberschutz, der die Pflanzen sch\u00fctzt und ihre Entwicklung f\u00f6rdert.<\/p>\t\t\t\t\t\t\t\t<\/div>\n\t\t\t\t<\/div>\n\t\t\t\t<div class=\"elementor-element elementor-element-e984839 elementor-widget elementor-widget-image\" data-id=\"e984839\" data-element_type=\"widget\" data-e-type=\"widget\" data-widget_type=\"image.default\">\n\t\t\t\t<div class=\"elementor-widget-container\">\n\t\t\t\t\t\t\t\t\t\t\t\t\t\t\t<img decoding=\"async\" width=\"300\" height=\"225\" src=\"https:\/\/www.zuurstofplanten.net\/wp-content\/uploads\/2024\/10\/Procrate-Woerden-300x225.jpg\" class=\"attachment-medium size-medium wp-image-965\" alt=\"\" srcset=\"https:\/\/www.zuurstofplanten.net\/wp-content\/uploads\/2024\/10\/Procrate-Woerden-300x225.jpg 300w, https:\/\/www.zuurstofplanten.net\/wp-content\/uploads\/2024\/10\/Procrate-Woerden-768x576.jpg 768w, https:\/\/www.zuurstofplanten.net\/wp-content\/uploads\/2024\/10\/Procrate-Woerden.jpg 800w\" sizes=\"(max-width: 300px) 100vw, 300px\" \/>\t\t\t\t\t\t\t\t\t\t\t\t\t\t\t<\/div>\n\t\t\t\t<\/div>\n\t\t\t\t<\/div>\n\t\t\t\t<div class=\"elementor-element elementor-element-a026dc9 elementor-widget elementor-widget-heading\" data-id=\"a026dc9\" data-element_type=\"widget\" data-e-type=\"widget\" data-widget_type=\"heading.default\">\n\t\t\t\t<div class=\"elementor-widget-container\">\n\t\t\t\t\t<h4 class=\"elementor-heading-title elementor-size-default\">DWT-REEF: Zus\u00e4tzlicher Lebensraum f\u00fcr Fische<\/h4>\t\t\t\t<\/div>\n\t\t\t\t<\/div>\n\t\t\t\t<div class=\"elementor-element elementor-element-63d3fcc elementor-widget elementor-widget-text-editor\" data-id=\"63d3fcc\" data-element_type=\"widget\" data-e-type=\"widget\" data-widget_type=\"text-editor.default\">\n\t\t\t\t<div class=\"elementor-widget-container\">\n\t\t\t\t\t\t\t\t\t<p>Dar\u00fcber hinaus bietet Dutch Water Tech das DWT-REEF-System an, Eisenk\u00e4fige, die mit abgestorbenem Baumschnitt gef\u00fcllt sind und einen perfekten Lebensraum f\u00fcr Fische und andere Meeresbewohner bilden. In die K\u00e4fige k\u00f6nnen Boxen mit Sauerstoffpflanzen gestellt werden. So sind die Pflanzen vor dem Verzehr durch gro\u00dfe Karpfen gesch\u00fctzt und k\u00f6nnen sich optimal entwickeln.<\/p>\t\t\t\t\t\t\t\t<\/div>\n\t\t\t\t<\/div>\n\t\t\t\t<div class=\"elementor-element elementor-element-0f018a9 elementor-widget elementor-widget-heading\" data-id=\"0f018a9\" data-element_type=\"widget\" data-e-type=\"widget\" data-widget_type=\"heading.default\">\n\t\t\t\t<div class=\"elementor-widget-container\">\n\t\t\t\t\t<h2 class=\"elementor-heading-title elementor-size-default\">Interessiert oder Fragen?<\/h2>\t\t\t\t<\/div>\n\t\t\t\t<\/div>\n\t\t\t\t<div class=\"elementor-element elementor-element-1d0b98a elementor-widget elementor-widget-text-editor\" data-id=\"1d0b98a\" data-element_type=\"widget\" data-e-type=\"widget\" data-widget_type=\"text-editor.default\">\n\t\t\t\t<div class=\"elementor-widget-container\">\n\t\t\t\t\t\t\t\t\t<p>Sind Sie an einem unserer Produkte interessiert oder m\u00f6chten Sie wissen, ob Ihr Standort f\u00f6rderf\u00e4hig ist? Nehmen Sie Kontakt mit uns auf, wir helfen Ihnen gerne weiter!<\/p>\t\t\t\t\t\t\t\t<\/div>\n\t\t\t\t<\/div>\n\t\t\t\t\t<\/div>\n\t\t\t\t<\/div>\n\t\t\t\t<\/div>","protected":false},"excerpt":{"rendered":"<p>Pflanzung von Sauerstoffpflanzen Dutch Water Tech f\u00fchrt auch Projekte mit Sauerstoffpflanzen oder untergetauchten Wasserpflanzen durch. Wir tun dies vor allem f\u00fcr Gemeinden, Wasserverb\u00e4nde und die nationale Regierung. Wir haben verschiedene Projekte durchgef\u00fchrt, unter anderem f\u00fcr die Gemeinde Utrecht, Nissewaard, Rotterdam, Steenbergen, Bergen op Zoom und die Staatliche Immobilienverwaltung. Bedeutung der Ziele der Wasserrahmenrichtlinie Jetzt, da die Wasserrahmenrichtlinie (WRRL) wirklich f\u00fcr [...]<\/p>","protected":false},"author":4,"featured_media":0,"parent":923,"menu_order":1,"comment_status":"closed","ping_status":"closed","template":"","meta":{"_acf_changed":false,"iawp_total_views":98,"footnotes":""},"class_list":["post-958","page","type-page","status-publish","hentry"],"acf":[],"yoast_head":"<!-- This site is optimized with the Yoast SEO plugin v25.5 - https:\/\/yoast.com\/wordpress\/plugins\/seo\/ -->\n<title>Zuurstofplanten Aanplanten | Projecten | Zuurstofplanten.net<\/title>\n<meta name=\"description\" content=\"Lees hier meer over diverse aanplantingsmethode die we eerder hebben uitgevoerd voor diverse gemeenten en waterschappen.\" \/>\n<meta name=\"robots\" content=\"index, follow, max-snippet:-1, max-image-preview:large, max-video-preview:-1\" \/>\n<link rel=\"canonical\" href=\"https:\/\/www.zuurstofplanten.net\/de\/projekte\/anpflanzung-von-sauerstoffpflanzen\/\" \/>\n<meta property=\"og:locale\" content=\"de_DE\" \/>\n<meta property=\"og:type\" content=\"article\" \/>\n<meta property=\"og:title\" content=\"Zuurstofplanten Aanplanten | Projecten | Zuurstofplanten.net\" \/>\n<meta property=\"og:description\" content=\"Lees hier meer over diverse aanplantingsmethode die we eerder hebben uitgevoerd voor diverse gemeenten en waterschappen.\" \/>\n<meta property=\"og:url\" content=\"https:\/\/www.zuurstofplanten.net\/de\/projekte\/anpflanzung-von-sauerstoffpflanzen\/\" \/>\n<meta property=\"og:site_name\" content=\"Zuurstofplanten.net\" \/>\n<meta property=\"article:modified_time\" content=\"2025-05-23T15:05:58+00:00\" \/>\n<meta property=\"og:image\" content=\"https:\/\/www.zuurstofplanten.net\/wp-content\/uploads\/2024\/10\/Aanplant-natuurvriendelijke-oever-Spijkenisse-2.jpeg\" \/>\n\t<meta property=\"og:image:width\" content=\"800\" \/>\n\t<meta property=\"og:image:height\" content=\"602\" \/>\n\t<meta property=\"og:image:type\" content=\"image\/jpeg\" \/>\n<meta name=\"twitter:card\" content=\"summary_large_image\" \/>\n<meta name=\"twitter:label1\" content=\"Gesch\u00e4tzte Lesezeit\" \/>\n\t<meta name=\"twitter:data1\" content=\"3\u00a0Minuten\" \/>\n<script type=\"application\/ld+json\" class=\"yoast-schema-graph\">{\"@context\":\"https:\/\/schema.org\",\"@graph\":[{\"@type\":\"WebPage\",\"@id\":\"https:\/\/www.zuurstofplanten.net\/projecten\/zuurstofplanten-aanplanten\/\",\"url\":\"https:\/\/www.zuurstofplanten.net\/projecten\/zuurstofplanten-aanplanten\/\",\"name\":\"Zuurstofplanten Aanplanten | Projecten | Zuurstofplanten.net\",\"isPartOf\":{\"@id\":\"https:\/\/www.zuurstofplanten.net\/#website\"},\"primaryImageOfPage\":{\"@id\":\"https:\/\/www.zuurstofplanten.net\/projecten\/zuurstofplanten-aanplanten\/#primaryimage\"},\"image\":{\"@id\":\"https:\/\/www.zuurstofplanten.net\/projecten\/zuurstofplanten-aanplanten\/#primaryimage\"},\"thumbnailUrl\":\"https:\/\/www.zuurstofplanten.net\/wp-content\/uploads\/2024\/10\/Aanplant-natuurvriendelijke-oever-Spijkenisse-2-300x226.jpeg\",\"datePublished\":\"2024-10-23T14:57:45+00:00\",\"dateModified\":\"2025-05-23T15:05:58+00:00\",\"description\":\"Lees hier meer over diverse aanplantingsmethode die we eerder hebben uitgevoerd voor diverse gemeenten en waterschappen.\",\"breadcrumb\":{\"@id\":\"https:\/\/www.zuurstofplanten.net\/projecten\/zuurstofplanten-aanplanten\/#breadcrumb\"},\"inLanguage\":\"de\",\"potentialAction\":[{\"@type\":\"ReadAction\",\"target\":[\"https:\/\/www.zuurstofplanten.net\/projecten\/zuurstofplanten-aanplanten\/\"]}]},{\"@type\":\"ImageObject\",\"inLanguage\":\"de\",\"@id\":\"https:\/\/www.zuurstofplanten.net\/projecten\/zuurstofplanten-aanplanten\/#primaryimage\",\"url\":\"https:\/\/www.zuurstofplanten.net\/wp-content\/uploads\/2024\/10\/Aanplant-natuurvriendelijke-oever-Spijkenisse-2-300x226.jpeg\",\"contentUrl\":\"https:\/\/www.zuurstofplanten.net\/wp-content\/uploads\/2024\/10\/Aanplant-natuurvriendelijke-oever-Spijkenisse-2-300x226.jpeg\"},{\"@type\":\"BreadcrumbList\",\"@id\":\"https:\/\/www.zuurstofplanten.net\/projecten\/zuurstofplanten-aanplanten\/#breadcrumb\",\"itemListElement\":[{\"@type\":\"ListItem\",\"position\":1,\"name\":\"Home\",\"item\":\"https:\/\/www.zuurstofplanten.net\/\"},{\"@type\":\"ListItem\",\"position\":2,\"name\":\"Projecten\",\"item\":\"https:\/\/www.zuurstofplanten.net\/projecten\/\"},{\"@type\":\"ListItem\",\"position\":3,\"name\":\"Zuurstofplanten Aanplanten\"}]},{\"@type\":\"WebSite\",\"@id\":\"https:\/\/www.zuurstofplanten.net\/#website\",\"url\":\"https:\/\/www.zuurstofplanten.net\/\",\"name\":\"Zuurstofplanten.net\",\"description\":\"\",\"publisher\":{\"@id\":\"https:\/\/www.zuurstofplanten.net\/#organization\"},\"potentialAction\":[{\"@type\":\"SearchAction\",\"target\":{\"@type\":\"EntryPoint\",\"urlTemplate\":\"https:\/\/www.zuurstofplanten.net\/?s={search_term_string}\"},\"query-input\":{\"@type\":\"PropertyValueSpecification\",\"valueRequired\":true,\"valueName\":\"search_term_string\"}}],\"inLanguage\":\"de\"},{\"@type\":\"Organization\",\"@id\":\"https:\/\/www.zuurstofplanten.net\/#organization\",\"name\":\"Zuurstofplanten.net\",\"url\":\"https:\/\/www.zuurstofplanten.net\/\",\"logo\":{\"@type\":\"ImageObject\",\"inLanguage\":\"de\",\"@id\":\"https:\/\/www.zuurstofplanten.net\/#\/schema\/logo\/image\/\",\"url\":\"https:\/\/www.zuurstofplanten.net\/wp-content\/uploads\/2024\/10\/zuurstofplanten-logo-1.jpg\",\"contentUrl\":\"https:\/\/www.zuurstofplanten.net\/wp-content\/uploads\/2024\/10\/zuurstofplanten-logo-1.jpg\",\"width\":180,\"height\":60,\"caption\":\"Zuurstofplanten.net\"},\"image\":{\"@id\":\"https:\/\/www.zuurstofplanten.net\/#\/schema\/logo\/image\/\"}}]}<\/script>\n<!-- \/ Yoast SEO plugin. -->","yoast_head_json":{"title":"Sauerstoffpflanzen Pflanzung | Projekte | Oxygenplants.net","description":"Lesen Sie hier mehr \u00fcber verschiedene Bepflanzungsmethoden, die wir bereits f\u00fcr verschiedene Gemeinden und Wasserverb\u00e4nde durchgef\u00fchrt haben.","robots":{"index":"index","follow":"follow","max-snippet":"max-snippet:-1","max-image-preview":"max-image-preview:large","max-video-preview":"max-video-preview:-1"},"canonical":"https:\/\/www.zuurstofplanten.net\/de\/projekte\/anpflanzung-von-sauerstoffpflanzen\/","og_locale":"de_DE","og_type":"article","og_title":"Zuurstofplanten Aanplanten | Projecten | Zuurstofplanten.net","og_description":"Lees hier meer over diverse aanplantingsmethode die we eerder hebben uitgevoerd voor diverse gemeenten en waterschappen.","og_url":"https:\/\/www.zuurstofplanten.net\/de\/projekte\/anpflanzung-von-sauerstoffpflanzen\/","og_site_name":"Zuurstofplanten.net","article_modified_time":"2025-05-23T15:05:58+00:00","og_image":[{"width":800,"height":602,"url":"https:\/\/www.zuurstofplanten.net\/wp-content\/uploads\/2024\/10\/Aanplant-natuurvriendelijke-oever-Spijkenisse-2.jpeg","type":"image\/jpeg"}],"twitter_card":"summary_large_image","twitter_misc":{"Gesch\u00e4tzte Lesezeit":"3\u00a0Minuten"},"schema":{"@context":"https:\/\/schema.org","@graph":[{"@type":"WebPage","@id":"https:\/\/www.zuurstofplanten.net\/projecten\/zuurstofplanten-aanplanten\/","url":"https:\/\/www.zuurstofplanten.net\/projecten\/zuurstofplanten-aanplanten\/","name":"Sauerstoffpflanzen Pflanzung | Projekte | Oxygenplants.net","isPartOf":{"@id":"https:\/\/www.zuurstofplanten.net\/#website"},"primaryImageOfPage":{"@id":"https:\/\/www.zuurstofplanten.net\/projecten\/zuurstofplanten-aanplanten\/#primaryimage"},"image":{"@id":"https:\/\/www.zuurstofplanten.net\/projecten\/zuurstofplanten-aanplanten\/#primaryimage"},"thumbnailUrl":"https:\/\/www.zuurstofplanten.net\/wp-content\/uploads\/2024\/10\/Aanplant-natuurvriendelijke-oever-Spijkenisse-2-300x226.jpeg","datePublished":"2024-10-23T14:57:45+00:00","dateModified":"2025-05-23T15:05:58+00:00","description":"Lesen Sie hier mehr \u00fcber verschiedene Bepflanzungsmethoden, die wir bereits f\u00fcr verschiedene Gemeinden und Wasserverb\u00e4nde durchgef\u00fchrt haben.","breadcrumb":{"@id":"https:\/\/www.zuurstofplanten.net\/projecten\/zuurstofplanten-aanplanten\/#breadcrumb"},"inLanguage":"de","potentialAction":[{"@type":"ReadAction","target":["https:\/\/www.zuurstofplanten.net\/projecten\/zuurstofplanten-aanplanten\/"]}]},{"@type":"ImageObject","inLanguage":"de","@id":"https:\/\/www.zuurstofplanten.net\/projecten\/zuurstofplanten-aanplanten\/#primaryimage","url":"https:\/\/www.zuurstofplanten.net\/wp-content\/uploads\/2024\/10\/Aanplant-natuurvriendelijke-oever-Spijkenisse-2-300x226.jpeg","contentUrl":"https:\/\/www.zuurstofplanten.net\/wp-content\/uploads\/2024\/10\/Aanplant-natuurvriendelijke-oever-Spijkenisse-2-300x226.jpeg"},{"@type":"BreadcrumbList","@id":"https:\/\/www.zuurstofplanten.net\/projecten\/zuurstofplanten-aanplanten\/#breadcrumb","itemListElement":[{"@type":"ListItem","position":1,"name":"Home","item":"https:\/\/www.zuurstofplanten.net\/"},{"@type":"ListItem","position":2,"name":"Projecten","item":"https:\/\/www.zuurstofplanten.net\/projecten\/"},{"@type":"ListItem","position":3,"name":"Zuurstofplanten Aanplanten"}]},{"@type":"WebSite","@id":"https:\/\/www.zuurstofplanten.net\/#website","url":"https:\/\/www.zuurstofplanten.net\/","name":"Zuurstofplanten.net","description":"","publisher":{"@id":"https:\/\/www.zuurstofplanten.net\/#organization"},"potentialAction":[{"@type":"SearchAction","target":{"@type":"EntryPoint","urlTemplate":"https:\/\/www.zuurstofplanten.net\/?s={search_term_string}"},"query-input":{"@type":"PropertyValueSpecification","valueRequired":true,"valueName":"search_term_string"}}],"inLanguage":"de"},{"@type":"Organization","@id":"https:\/\/www.zuurstofplanten.net\/#organization","name":"Zuurstofplanten.net","url":"https:\/\/www.zuurstofplanten.net\/","logo":{"@type":"ImageObject","inLanguage":"de","@id":"https:\/\/www.zuurstofplanten.net\/#\/schema\/logo\/image\/","url":"https:\/\/www.zuurstofplanten.net\/wp-content\/uploads\/2024\/10\/zuurstofplanten-logo-1.jpg","contentUrl":"https:\/\/www.zuurstofplanten.net\/wp-content\/uploads\/2024\/10\/zuurstofplanten-logo-1.jpg","width":180,"height":60,"caption":"Zuurstofplanten.net"},"image":{"@id":"https:\/\/www.zuurstofplanten.net\/#\/schema\/logo\/image\/"}}]}},"_links":{"self":[{"href":"https:\/\/www.zuurstofplanten.net\/de\/wp-json\/wp\/v2\/pages\/958"}],"collection":[{"href":"https:\/\/www.zuurstofplanten.net\/de\/wp-json\/wp\/v2\/pages"}],"about":[{"href":"https:\/\/www.zuurstofplanten.net\/de\/wp-json\/wp\/v2\/types\/page"}],"author":[{"embeddable":true,"href":"https:\/\/www.zuurstofplanten.net\/de\/wp-json\/wp\/v2\/users\/4"}],"replies":[{"embeddable":true,"href":"https:\/\/www.zuurstofplanten.net\/de\/wp-json\/wp\/v2\/comments?post=958"}],"version-history":[{"count":11,"href":"https:\/\/www.zuurstofplanten.net\/de\/wp-json\/wp\/v2\/pages\/958\/revisions"}],"predecessor-version":[{"id":1977,"href":"https:\/\/www.zuurstofplanten.net\/de\/wp-json\/wp\/v2\/pages\/958\/revisions\/1977"}],"up":[{"embeddable":true,"href":"https:\/\/www.zuurstofplanten.net\/de\/wp-json\/wp\/v2\/pages\/923"}],"wp:attachment":[{"href":"https:\/\/www.zuurstofplanten.net\/de\/wp-json\/wp\/v2\/media?parent=958"}],"curies":[{"name":"wp","href":"https:\/\/api.w.org\/{rel}","templated":true}]}}