{"id":944,"date":"2024-10-23T14:11:33","date_gmt":"2024-10-23T14:11:33","guid":{"rendered":"https:\/\/baselinkhosting.nl\/zuurstofplanten\/?page_id=944"},"modified":"2025-05-23T15:05:12","modified_gmt":"2025-05-23T15:05:12","slug":"welche-sauerstoffpflanzen-haben-bluten","status":"publish","type":"page","link":"https:\/\/www.zuurstofplanten.net\/de\/wissensbasis\/welche-sauerstoffpflanzen-haben-bluten\/","title":{"rendered":"Welche Sauerstoffpflanzen haben Bl\u00fcten?"},"content":{"rendered":"<div data-elementor-type=\"wp-page\" data-elementor-id=\"944\" class=\"elementor elementor-944\" data-elementor-post-type=\"page\">\n\t\t\t\t<div class=\"elementor-element elementor-element-6a69006 e-flex e-con-boxed e-con e-parent\" data-id=\"6a69006\" data-element_type=\"container\" data-e-type=\"container\" data-settings=\"{&quot;background_background&quot;:&quot;classic&quot;}\">\n\t\t\t\t\t<div class=\"e-con-inner\">\n\t\t\t\t<div class=\"elementor-element elementor-element-abc43af elementor-widget elementor-widget-heading\" data-id=\"abc43af\" data-element_type=\"widget\" data-e-type=\"widget\" data-widget_type=\"heading.default\">\n\t\t\t\t<div class=\"elementor-widget-container\">\n\t\t\t\t\t<h1 class=\"elementor-heading-title elementor-size-default\">Welche Sauerstoffpflanzen haben Bl\u00fcten?<\/h1>\t\t\t\t<\/div>\n\t\t\t\t<\/div>\n\t\t\t\t<div class=\"elementor-element elementor-element-05bfa38 elementor-widget elementor-widget-breadcrumbs\" data-id=\"05bfa38\" data-element_type=\"widget\" data-e-type=\"widget\" data-widget_type=\"breadcrumbs.default\">\n\t\t\t\t<div class=\"elementor-widget-container\">\n\t\t\t\t\t<p id=\"breadcrumbs\"><span><span><a href=\"https:\/\/www.zuurstofplanten.net\/de\/\">Startseite<\/a><\/span><\/span><\/p>\t\t\t\t<\/div>\n\t\t\t\t<\/div>\n\t\t\t\t\t<\/div>\n\t\t\t\t<\/div>\n\t\t<div class=\"elementor-element elementor-element-1390be8d e-flex e-con-boxed e-con e-parent\" data-id=\"1390be8d\" data-element_type=\"container\" data-e-type=\"container\">\n\t\t\t\t\t<div class=\"e-con-inner\">\n\t\t\t\t<div class=\"elementor-element elementor-element-3bea927d elementor-widget elementor-widget-heading\" data-id=\"3bea927d\" data-element_type=\"widget\" data-e-type=\"widget\" data-widget_type=\"heading.default\">\n\t\t\t\t<div class=\"elementor-widget-container\">\n\t\t\t\t\t<h2 class=\"elementor-heading-title elementor-size-default\">Bl\u00fctentragende Sauerstoffpflanzen. Sch\u00f6n f\u00fcr Sie, effektiv f\u00fcr Ihren Teich.<\/h2>\t\t\t\t<\/div>\n\t\t\t\t<\/div>\n\t\t\t\t<div class=\"elementor-element elementor-element-272a350 elementor-widget elementor-widget-text-editor\" data-id=\"272a350\" data-element_type=\"widget\" data-e-type=\"widget\" data-widget_type=\"text-editor.default\">\n\t\t\t\t<div class=\"elementor-widget-container\">\n\t\t\t\t\t\t\t\t\t<p>Einige Arten entwickeln wundersch\u00f6ne Bl\u00fcten, ein sch\u00f6ner Anblick im Teich! Vogelmiere und Krebsbeere haben Bl\u00fctenst\u00e4nde mit h\u00fcbschen wei\u00dfen Bl\u00fcten, w\u00e4hrend die Wasserhyazinthe sehr h\u00fcbsche lila Bl\u00fcten tr\u00e4gt. Auch der Wasserenzian ist ein sch\u00f6ner Bl\u00fcher und entwickelt gelbe Bl\u00fcten mit einem gezackten Rand. Einige dieser Pflanzen haben neben dem sch\u00f6nen Bl\u00fctenstand noch eine andere Funktion: Sie spenden Schatten im Teich.<\/p>\t\t\t\t\t\t\t\t<\/div>\n\t\t\t\t<\/div>\n\t\t\t\t<div class=\"elementor-element elementor-element-66d534a9 elementor-widget elementor-widget-heading\" data-id=\"66d534a9\" data-element_type=\"widget\" data-e-type=\"widget\" data-widget_type=\"heading.default\">\n\t\t\t\t<div class=\"elementor-widget-container\">\n\t\t\t\t\t<h2 class=\"elementor-heading-title elementor-size-default\">Kauf von Sauerstoffpflanzen?<\/h2>\t\t\t\t<\/div>\n\t\t\t\t<\/div>\n\t\t\t\t<div class=\"elementor-element elementor-element-53a0d3b5 elementor-widget elementor-widget-text-editor\" data-id=\"53a0d3b5\" data-element_type=\"widget\" data-e-type=\"widget\" data-widget_type=\"text-editor.default\">\n\t\t\t\t<div class=\"elementor-widget-container\">\n\t\t\t\t\t\t\t\t\t<p>Bei unserem Vertriebspartner<a href=\"https:\/\/vijvermeester.nl\/zuurstofplanten.html?utm_source=affiliate&amp;utm_medium=partner&amp;utm_campaign=zuurstofplanten_net&amp;utm_content=zuurstofplanten_kopen\" rel=\"nofollow\">\u00a0Vijvermeester.nl<\/a>\u00a0verschiedene Arten von Sauerstoffpflanzen werden w\u00e4hrend der Saison zum Verkauf angeboten, schauen Sie doch mal rein!<\/p>\t\t\t\t\t\t\t\t<\/div>\n\t\t\t\t<\/div>\n\t\t\t\t\t<\/div>\n\t\t\t\t<\/div>\n\t\t\t\t<\/div>","protected":false},"excerpt":{"rendered":"<p>Welche Sauerstoffpflanzen haben Bl\u00fcten? Bl\u00fchende Sauerstoffpflanzen. Sch\u00f6n f\u00fcr Sie, effektiv f\u00fcr Ihren Teich. Einige Arten entwickeln wundersch\u00f6ne Bl\u00fcten, ein sch\u00f6ner Anblick im Teich! Vogelmiere und Krebsbeere haben Bl\u00fctenst\u00e4nde mit h\u00fcbschen wei\u00dfen Bl\u00fcten, w\u00e4hrend die Wasserhyazinthe sehr h\u00fcbsche lila Bl\u00fcten tr\u00e4gt. Auch der Wasser-Enzian ist ein sch\u00f6ner Bl\u00fcher und entwickelt gelbe Bl\u00fcten mit einem gezackten Rand. A [...]<\/p>","protected":false},"author":4,"featured_media":0,"parent":11,"menu_order":8,"comment_status":"closed","ping_status":"closed","template":"","meta":{"_acf_changed":false,"iawp_total_views":27,"footnotes":""},"class_list":["post-944","page","type-page","status-publish","hentry"],"acf":[],"yoast_head":"<!-- This site is optimized with the Yoast SEO plugin v25.5 - https:\/\/yoast.com\/wordpress\/plugins\/seo\/ -->\n<title>Welke zuurstofplanten hebben bloemen? | Zuurstofplanten.net<\/title>\n<meta name=\"description\" content=\"Vijverplanten met bloemen zijn niet alleen een fraai aanzicht, maar hebben ook een zuiverende functie voor uw vijver. Lees er meer over.\" \/>\n<meta name=\"robots\" content=\"index, follow, max-snippet:-1, max-image-preview:large, max-video-preview:-1\" \/>\n<link rel=\"canonical\" href=\"https:\/\/www.zuurstofplanten.net\/de\/wissensbasis\/welche-sauerstoffpflanzen-haben-bluten\/\" \/>\n<meta property=\"og:locale\" content=\"de_DE\" \/>\n<meta property=\"og:type\" content=\"article\" \/>\n<meta property=\"og:title\" content=\"Welke zuurstofplanten hebben bloemen? | Zuurstofplanten.net\" \/>\n<meta property=\"og:description\" content=\"Vijverplanten met bloemen zijn niet alleen een fraai aanzicht, maar hebben ook een zuiverende functie voor uw vijver. Lees er meer over.\" \/>\n<meta property=\"og:url\" content=\"https:\/\/www.zuurstofplanten.net\/de\/wissensbasis\/welche-sauerstoffpflanzen-haben-bluten\/\" \/>\n<meta property=\"og:site_name\" content=\"Zuurstofplanten.net\" \/>\n<meta property=\"article:modified_time\" content=\"2025-05-23T15:05:12+00:00\" \/>\n<meta name=\"twitter:card\" content=\"summary_large_image\" \/>\n<meta name=\"twitter:label1\" content=\"Gesch\u00e4tzte Lesezeit\" \/>\n\t<meta name=\"twitter:data1\" content=\"1\u00a0Minute\" \/>\n<script type=\"application\/ld+json\" class=\"yoast-schema-graph\">{\"@context\":\"https:\/\/schema.org\",\"@graph\":[{\"@type\":\"WebPage\",\"@id\":\"https:\/\/www.zuurstofplanten.net\/kennisbank\/welke-zuurstofplanten-hebben-bloemen\/\",\"url\":\"https:\/\/www.zuurstofplanten.net\/kennisbank\/welke-zuurstofplanten-hebben-bloemen\/\",\"name\":\"Welke zuurstofplanten hebben bloemen? | Zuurstofplanten.net\",\"isPartOf\":{\"@id\":\"https:\/\/www.zuurstofplanten.net\/#website\"},\"datePublished\":\"2024-10-23T14:11:33+00:00\",\"dateModified\":\"2025-05-23T15:05:12+00:00\",\"description\":\"Vijverplanten met bloemen zijn niet alleen een fraai aanzicht, maar hebben ook een zuiverende functie voor uw vijver. Lees er meer over.\",\"breadcrumb\":{\"@id\":\"https:\/\/www.zuurstofplanten.net\/kennisbank\/welke-zuurstofplanten-hebben-bloemen\/#breadcrumb\"},\"inLanguage\":\"de\",\"potentialAction\":[{\"@type\":\"ReadAction\",\"target\":[\"https:\/\/www.zuurstofplanten.net\/kennisbank\/welke-zuurstofplanten-hebben-bloemen\/\"]}]},{\"@type\":\"BreadcrumbList\",\"@id\":\"https:\/\/www.zuurstofplanten.net\/kennisbank\/welke-zuurstofplanten-hebben-bloemen\/#breadcrumb\",\"itemListElement\":[{\"@type\":\"ListItem\",\"position\":1,\"name\":\"Home\",\"item\":\"https:\/\/www.zuurstofplanten.net\/\"},{\"@type\":\"ListItem\",\"position\":2,\"name\":\"Kennisbank\",\"item\":\"https:\/\/www.zuurstofplanten.net\/kennisbank\/\"},{\"@type\":\"ListItem\",\"position\":3,\"name\":\"Welke zuurstofplanten hebben bloemen?\"}]},{\"@type\":\"WebSite\",\"@id\":\"https:\/\/www.zuurstofplanten.net\/#website\",\"url\":\"https:\/\/www.zuurstofplanten.net\/\",\"name\":\"Zuurstofplanten.net\",\"description\":\"\",\"publisher\":{\"@id\":\"https:\/\/www.zuurstofplanten.net\/#organization\"},\"potentialAction\":[{\"@type\":\"SearchAction\",\"target\":{\"@type\":\"EntryPoint\",\"urlTemplate\":\"https:\/\/www.zuurstofplanten.net\/?s={search_term_string}\"},\"query-input\":{\"@type\":\"PropertyValueSpecification\",\"valueRequired\":true,\"valueName\":\"search_term_string\"}}],\"inLanguage\":\"de\"},{\"@type\":\"Organization\",\"@id\":\"https:\/\/www.zuurstofplanten.net\/#organization\",\"name\":\"Zuurstofplanten.net\",\"url\":\"https:\/\/www.zuurstofplanten.net\/\",\"logo\":{\"@type\":\"ImageObject\",\"inLanguage\":\"de\",\"@id\":\"https:\/\/www.zuurstofplanten.net\/#\/schema\/logo\/image\/\",\"url\":\"https:\/\/www.zuurstofplanten.net\/wp-content\/uploads\/2024\/10\/zuurstofplanten-logo-1.jpg\",\"contentUrl\":\"https:\/\/www.zuurstofplanten.net\/wp-content\/uploads\/2024\/10\/zuurstofplanten-logo-1.jpg\",\"width\":180,\"height\":60,\"caption\":\"Zuurstofplanten.net\"},\"image\":{\"@id\":\"https:\/\/www.zuurstofplanten.net\/#\/schema\/logo\/image\/\"}}]}<\/script>\n<!-- \/ Yoast SEO plugin. -->","yoast_head_json":{"title":"Welche Sauerstoffpflanzen haben Bl\u00fcten | oxygenplants.net","description":"Teichpflanzen mit Blumen sind nicht nur ein sch\u00f6ner Anblick, sondern haben auch eine reinigende Funktion f\u00fcr Ihren Teich. Lesen Sie mehr dar\u00fcber.","robots":{"index":"index","follow":"follow","max-snippet":"max-snippet:-1","max-image-preview":"max-image-preview:large","max-video-preview":"max-video-preview:-1"},"canonical":"https:\/\/www.zuurstofplanten.net\/de\/wissensbasis\/welche-sauerstoffpflanzen-haben-bluten\/","og_locale":"de_DE","og_type":"article","og_title":"Welke zuurstofplanten hebben bloemen? | Zuurstofplanten.net","og_description":"Vijverplanten met bloemen zijn niet alleen een fraai aanzicht, maar hebben ook een zuiverende functie voor uw vijver. Lees er meer over.","og_url":"https:\/\/www.zuurstofplanten.net\/de\/wissensbasis\/welche-sauerstoffpflanzen-haben-bluten\/","og_site_name":"Zuurstofplanten.net","article_modified_time":"2025-05-23T15:05:12+00:00","twitter_card":"summary_large_image","twitter_misc":{"Gesch\u00e4tzte Lesezeit":"1\u00a0Minute"},"schema":{"@context":"https:\/\/schema.org","@graph":[{"@type":"WebPage","@id":"https:\/\/www.zuurstofplanten.net\/kennisbank\/welke-zuurstofplanten-hebben-bloemen\/","url":"https:\/\/www.zuurstofplanten.net\/kennisbank\/welke-zuurstofplanten-hebben-bloemen\/","name":"Welche Sauerstoffpflanzen haben Bl\u00fcten | oxygenplants.net","isPartOf":{"@id":"https:\/\/www.zuurstofplanten.net\/#website"},"datePublished":"2024-10-23T14:11:33+00:00","dateModified":"2025-05-23T15:05:12+00:00","description":"Teichpflanzen mit Blumen sind nicht nur ein sch\u00f6ner Anblick, sondern haben auch eine reinigende Funktion f\u00fcr Ihren Teich. Lesen Sie mehr dar\u00fcber.","breadcrumb":{"@id":"https:\/\/www.zuurstofplanten.net\/kennisbank\/welke-zuurstofplanten-hebben-bloemen\/#breadcrumb"},"inLanguage":"de","potentialAction":[{"@type":"ReadAction","target":["https:\/\/www.zuurstofplanten.net\/kennisbank\/welke-zuurstofplanten-hebben-bloemen\/"]}]},{"@type":"BreadcrumbList","@id":"https:\/\/www.zuurstofplanten.net\/kennisbank\/welke-zuurstofplanten-hebben-bloemen\/#breadcrumb","itemListElement":[{"@type":"ListItem","position":1,"name":"Home","item":"https:\/\/www.zuurstofplanten.net\/"},{"@type":"ListItem","position":2,"name":"Kennisbank","item":"https:\/\/www.zuurstofplanten.net\/kennisbank\/"},{"@type":"ListItem","position":3,"name":"Welke zuurstofplanten hebben bloemen?"}]},{"@type":"WebSite","@id":"https:\/\/www.zuurstofplanten.net\/#website","url":"https:\/\/www.zuurstofplanten.net\/","name":"Zuurstofplanten.net","description":"","publisher":{"@id":"https:\/\/www.zuurstofplanten.net\/#organization"},"potentialAction":[{"@type":"SearchAction","target":{"@type":"EntryPoint","urlTemplate":"https:\/\/www.zuurstofplanten.net\/?s={search_term_string}"},"query-input":{"@type":"PropertyValueSpecification","valueRequired":true,"valueName":"search_term_string"}}],"inLanguage":"de"},{"@type":"Organization","@id":"https:\/\/www.zuurstofplanten.net\/#organization","name":"Zuurstofplanten.net","url":"https:\/\/www.zuurstofplanten.net\/","logo":{"@type":"ImageObject","inLanguage":"de","@id":"https:\/\/www.zuurstofplanten.net\/#\/schema\/logo\/image\/","url":"https:\/\/www.zuurstofplanten.net\/wp-content\/uploads\/2024\/10\/zuurstofplanten-logo-1.jpg","contentUrl":"https:\/\/www.zuurstofplanten.net\/wp-content\/uploads\/2024\/10\/zuurstofplanten-logo-1.jpg","width":180,"height":60,"caption":"Zuurstofplanten.net"},"image":{"@id":"https:\/\/www.zuurstofplanten.net\/#\/schema\/logo\/image\/"}}]}},"_links":{"self":[{"href":"https:\/\/www.zuurstofplanten.net\/de\/wp-json\/wp\/v2\/pages\/944"}],"collection":[{"href":"https:\/\/www.zuurstofplanten.net\/de\/wp-json\/wp\/v2\/pages"}],"about":[{"href":"https:\/\/www.zuurstofplanten.net\/de\/wp-json\/wp\/v2\/types\/page"}],"author":[{"embeddable":true,"href":"https:\/\/www.zuurstofplanten.net\/de\/wp-json\/wp\/v2\/users\/4"}],"replies":[{"embeddable":true,"href":"https:\/\/www.zuurstofplanten.net\/de\/wp-json\/wp\/v2\/comments?post=944"}],"version-history":[{"count":11,"href":"https:\/\/www.zuurstofplanten.net\/de\/wp-json\/wp\/v2\/pages\/944\/revisions"}],"predecessor-version":[{"id":1974,"href":"https:\/\/www.zuurstofplanten.net\/de\/wp-json\/wp\/v2\/pages\/944\/revisions\/1974"}],"up":[{"embeddable":true,"href":"https:\/\/www.zuurstofplanten.net\/de\/wp-json\/wp\/v2\/pages\/11"}],"wp:attachment":[{"href":"https:\/\/www.zuurstofplanten.net\/de\/wp-json\/wp\/v2\/media?parent=944"}],"curies":[{"name":"wp","href":"https:\/\/api.w.org\/{rel}","templated":true}]}}