{"id":938,"date":"2024-10-23T14:05:07","date_gmt":"2024-10-23T14:05:07","guid":{"rendered":"https:\/\/baselinkhosting.nl\/zuurstofplanten\/?page_id=938"},"modified":"2025-05-23T15:04:46","modified_gmt":"2025-05-23T15:04:46","slug":"plantdiepte-zuurstofplanten","status":"publish","type":"page","link":"https:\/\/www.zuurstofplanten.net\/de\/kennisbank\/plantdiepte-zuurstofplanten\/","title":{"rendered":"Pflanztiefe Sauerstoffhaltige Pflanzen"},"content":{"rendered":"<div data-elementor-type=\"wp-page\" data-elementor-id=\"938\" class=\"elementor elementor-938\" data-elementor-post-type=\"page\">\n\t\t\t\t<div class=\"elementor-element elementor-element-35fd685 e-flex e-con-boxed e-con e-parent\" data-id=\"35fd685\" data-element_type=\"container\" data-e-type=\"container\" data-settings=\"{&quot;background_background&quot;:&quot;classic&quot;}\">\n\t\t\t\t\t<div class=\"e-con-inner\">\n\t\t\t\t<div class=\"elementor-element elementor-element-597ed6c elementor-widget elementor-widget-heading\" data-id=\"597ed6c\" data-element_type=\"widget\" data-e-type=\"widget\" data-widget_type=\"heading.default\">\n\t\t\t\t<div class=\"elementor-widget-container\">\n\t\t\t\t\t<h1 class=\"elementor-heading-title elementor-size-default\">Pflanztiefe Teichpflanzen<\/h1>\t\t\t\t<\/div>\n\t\t\t\t<\/div>\n\t\t\t\t<div class=\"elementor-element elementor-element-43beca5 elementor-widget elementor-widget-breadcrumbs\" data-id=\"43beca5\" data-element_type=\"widget\" data-e-type=\"widget\" data-widget_type=\"breadcrumbs.default\">\n\t\t\t\t<div class=\"elementor-widget-container\">\n\t\t\t\t\t<p id=\"breadcrumbs\"><span><span><a href=\"https:\/\/www.zuurstofplanten.net\/de\/\">Startseite<\/a><\/span><\/span><\/p>\t\t\t\t<\/div>\n\t\t\t\t<\/div>\n\t\t\t\t\t<\/div>\n\t\t\t\t<\/div>\n\t\t<div class=\"elementor-element elementor-element-3e815ddd e-flex e-con-boxed e-con e-parent\" data-id=\"3e815ddd\" data-element_type=\"container\" data-e-type=\"container\">\n\t\t\t\t\t<div class=\"e-con-inner\">\n\t\t\t\t<div class=\"elementor-element elementor-element-412fabc2 elementor-widget elementor-widget-heading\" data-id=\"412fabc2\" data-element_type=\"widget\" data-e-type=\"widget\" data-widget_type=\"heading.default\">\n\t\t\t\t<div class=\"elementor-widget-container\">\n\t\t\t\t\t<h2 class=\"elementor-heading-title elementor-size-default\">In welcher Tiefe sollte ich bewurzelnde Arten pflanzen?<\/h2>\t\t\t\t<\/div>\n\t\t\t\t<\/div>\n\t\t\t\t<div class=\"elementor-element elementor-element-4b12975a elementor-widget elementor-widget-text-editor\" data-id=\"4b12975a\" data-element_type=\"widget\" data-e-type=\"widget\" data-widget_type=\"text-editor.default\">\n\t\t\t\t<div class=\"elementor-widget-container\">\n\t\t\t\t\t\t\t\t\t<p>Dies ist pro Pflanze unterschiedlich. Auf dieser Seite und im Webshop k\u00f6nnen Sie in der \u00dcbersicht sehen, wie tief die von Ihnen bestellte Art gepflanzt werden kann. (Zum Beispiel Teichkraut - die \u00dcbersicht zeigt, dass es zwischen 50 und 150 cm tief gepflanzt werden kann.<\/p>\t\t\t\t\t\t\t\t<\/div>\n\t\t\t\t<\/div>\n\t\t\t\t<div class=\"elementor-element elementor-element-4c0ccca elementor-widget elementor-widget-heading\" data-id=\"4c0ccca\" data-element_type=\"widget\" data-e-type=\"widget\" data-widget_type=\"heading.default\">\n\t\t\t\t<div class=\"elementor-widget-container\">\n\t\t\t\t\t<h2 class=\"elementor-heading-title elementor-size-default\">Kauf von Sauerstoffpflanzen?<\/h2>\t\t\t\t<\/div>\n\t\t\t\t<\/div>\n\t\t\t\t<div class=\"elementor-element elementor-element-6079e84f elementor-widget elementor-widget-text-editor\" data-id=\"6079e84f\" data-element_type=\"widget\" data-e-type=\"widget\" data-widget_type=\"text-editor.default\">\n\t\t\t\t<div class=\"elementor-widget-container\">\n\t\t\t\t\t\t\t\t\tBei unserem Vertriebspartner<a href=\"https:\/\/vijvermeester.nl\/zuurstofplanten.html?utm_source=affiliate&#038;utm_medium=partner&#038;utm_campaign=zuurstofplanten_net&#038;utm_content=zuurstofplanten_kopen\" rel=\"nofollow\">\u00a0Vijvermeester.nl<\/a>\u00a0verschiedene Arten von Sauerstoffpflanzen werden w\u00e4hrend der Saison zum Verkauf angeboten, schauen Sie doch mal rein!\t\t\t\t\t\t\t\t<\/div>\n\t\t\t\t<\/div>\n\t\t\t\t\t<\/div>\n\t\t\t\t<\/div>\n\t\t\t\t<\/div>","protected":false},"excerpt":{"rendered":"<p>Pflanztiefe Teichpflanzen In welcher Tiefe sollte ich bewurzelnde Arten pflanzen? Das ist von Pflanze zu Pflanze unterschiedlich. Auf dieser Seite und im Webshop k\u00f6nnen Sie in der \u00dcbersicht sehen, wie tief die von Ihnen bestellte Art gepflanzt werden kann. (Zum Beispiel Teichkraut - in der \u00dcbersicht k\u00f6nnen Sie sehen, dass es zwischen 50 und 150 cm tief gepflanzt werden sollte [...].<\/p>","protected":false},"author":4,"featured_media":0,"parent":11,"menu_order":7,"comment_status":"closed","ping_status":"closed","template":"","meta":{"_acf_changed":false,"iawp_total_views":42,"footnotes":""},"class_list":["post-938","page","type-page","status-publish","hentry"],"acf":[],"yoast_head":"<!-- This site is optimized with the Yoast SEO plugin v25.5 - https:\/\/yoast.com\/wordpress\/plugins\/seo\/ -->\n<title>Welke Plantdiepte heeft mijn Vijverplant? | Zuurstofplanten<\/title>\n<meta name=\"description\" content=\"De diepte van het aanplanten is belangrijk bij de aanleg van uw vijver. Lees hier meer over de plantdiepte van diverse planten.\" \/>\n<meta name=\"robots\" content=\"index, follow, max-snippet:-1, max-image-preview:large, max-video-preview:-1\" \/>\n<link rel=\"canonical\" href=\"https:\/\/www.zuurstofplanten.net\/de\/kennisbank\/plantdiepte-zuurstofplanten\/\" \/>\n<meta property=\"og:locale\" content=\"de_DE\" \/>\n<meta property=\"og:type\" content=\"article\" \/>\n<meta property=\"og:title\" content=\"Welke Plantdiepte heeft mijn Vijverplant? | Zuurstofplanten\" \/>\n<meta property=\"og:description\" content=\"De diepte van het aanplanten is belangrijk bij de aanleg van uw vijver. Lees hier meer over de plantdiepte van diverse planten.\" \/>\n<meta property=\"og:url\" content=\"https:\/\/www.zuurstofplanten.net\/de\/kennisbank\/plantdiepte-zuurstofplanten\/\" \/>\n<meta property=\"og:site_name\" content=\"Zuurstofplanten.net\" \/>\n<meta property=\"article:modified_time\" content=\"2025-05-23T15:04:46+00:00\" \/>\n<meta name=\"twitter:card\" content=\"summary_large_image\" \/>\n<meta name=\"twitter:label1\" content=\"Gesch\u00e4tzte Lesezeit\" \/>\n\t<meta name=\"twitter:data1\" content=\"1\u00a0Minute\" \/>\n<script type=\"application\/ld+json\" class=\"yoast-schema-graph\">{\"@context\":\"https:\/\/schema.org\",\"@graph\":[{\"@type\":\"WebPage\",\"@id\":\"https:\/\/www.zuurstofplanten.net\/kennisbank\/plantdiepte-zuurstofplanten\/\",\"url\":\"https:\/\/www.zuurstofplanten.net\/kennisbank\/plantdiepte-zuurstofplanten\/\",\"name\":\"Welke Plantdiepte heeft mijn Vijverplant? | Zuurstofplanten\",\"isPartOf\":{\"@id\":\"https:\/\/www.zuurstofplanten.net\/#website\"},\"datePublished\":\"2024-10-23T14:05:07+00:00\",\"dateModified\":\"2025-05-23T15:04:46+00:00\",\"description\":\"De diepte van het aanplanten is belangrijk bij de aanleg van uw vijver. Lees hier meer over de plantdiepte van diverse planten.\",\"breadcrumb\":{\"@id\":\"https:\/\/www.zuurstofplanten.net\/kennisbank\/plantdiepte-zuurstofplanten\/#breadcrumb\"},\"inLanguage\":\"de\",\"potentialAction\":[{\"@type\":\"ReadAction\",\"target\":[\"https:\/\/www.zuurstofplanten.net\/kennisbank\/plantdiepte-zuurstofplanten\/\"]}]},{\"@type\":\"BreadcrumbList\",\"@id\":\"https:\/\/www.zuurstofplanten.net\/kennisbank\/plantdiepte-zuurstofplanten\/#breadcrumb\",\"itemListElement\":[{\"@type\":\"ListItem\",\"position\":1,\"name\":\"Home\",\"item\":\"https:\/\/www.zuurstofplanten.net\/\"},{\"@type\":\"ListItem\",\"position\":2,\"name\":\"Kennisbank\",\"item\":\"https:\/\/www.zuurstofplanten.net\/kennisbank\/\"},{\"@type\":\"ListItem\",\"position\":3,\"name\":\"Plantdiepte Zuurstofplanten\"}]},{\"@type\":\"WebSite\",\"@id\":\"https:\/\/www.zuurstofplanten.net\/#website\",\"url\":\"https:\/\/www.zuurstofplanten.net\/\",\"name\":\"Zuurstofplanten.net\",\"description\":\"\",\"publisher\":{\"@id\":\"https:\/\/www.zuurstofplanten.net\/#organization\"},\"potentialAction\":[{\"@type\":\"SearchAction\",\"target\":{\"@type\":\"EntryPoint\",\"urlTemplate\":\"https:\/\/www.zuurstofplanten.net\/?s={search_term_string}\"},\"query-input\":{\"@type\":\"PropertyValueSpecification\",\"valueRequired\":true,\"valueName\":\"search_term_string\"}}],\"inLanguage\":\"de\"},{\"@type\":\"Organization\",\"@id\":\"https:\/\/www.zuurstofplanten.net\/#organization\",\"name\":\"Zuurstofplanten.net\",\"url\":\"https:\/\/www.zuurstofplanten.net\/\",\"logo\":{\"@type\":\"ImageObject\",\"inLanguage\":\"de\",\"@id\":\"https:\/\/www.zuurstofplanten.net\/#\/schema\/logo\/image\/\",\"url\":\"https:\/\/www.zuurstofplanten.net\/wp-content\/uploads\/2024\/10\/zuurstofplanten-logo-1.jpg\",\"contentUrl\":\"https:\/\/www.zuurstofplanten.net\/wp-content\/uploads\/2024\/10\/zuurstofplanten-logo-1.jpg\",\"width\":180,\"height\":60,\"caption\":\"Zuurstofplanten.net\"},\"image\":{\"@id\":\"https:\/\/www.zuurstofplanten.net\/#\/schema\/logo\/image\/\"}}]}<\/script>\n<!-- \/ Yoast SEO plugin. -->","yoast_head_json":{"title":"Was ist die Pflanztiefe meiner Teichpflanze | Sauerstoffpflanzen","description":"Die Pflanztiefe ist beim Bau Ihres Teiches wichtig. Lesen Sie hier mehr \u00fcber die Pflanztiefe der verschiedenen Pflanzen.","robots":{"index":"index","follow":"follow","max-snippet":"max-snippet:-1","max-image-preview":"max-image-preview:large","max-video-preview":"max-video-preview:-1"},"canonical":"https:\/\/www.zuurstofplanten.net\/de\/kennisbank\/plantdiepte-zuurstofplanten\/","og_locale":"de_DE","og_type":"article","og_title":"Welke Plantdiepte heeft mijn Vijverplant? | Zuurstofplanten","og_description":"De diepte van het aanplanten is belangrijk bij de aanleg van uw vijver. Lees hier meer over de plantdiepte van diverse planten.","og_url":"https:\/\/www.zuurstofplanten.net\/de\/kennisbank\/plantdiepte-zuurstofplanten\/","og_site_name":"Zuurstofplanten.net","article_modified_time":"2025-05-23T15:04:46+00:00","twitter_card":"summary_large_image","twitter_misc":{"Gesch\u00e4tzte Lesezeit":"1\u00a0Minute"},"schema":{"@context":"https:\/\/schema.org","@graph":[{"@type":"WebPage","@id":"https:\/\/www.zuurstofplanten.net\/kennisbank\/plantdiepte-zuurstofplanten\/","url":"https:\/\/www.zuurstofplanten.net\/kennisbank\/plantdiepte-zuurstofplanten\/","name":"Was ist die Pflanztiefe meiner Teichpflanze | Sauerstoffpflanzen","isPartOf":{"@id":"https:\/\/www.zuurstofplanten.net\/#website"},"datePublished":"2024-10-23T14:05:07+00:00","dateModified":"2025-05-23T15:04:46+00:00","description":"Die Pflanztiefe ist beim Bau Ihres Teiches wichtig. Lesen Sie hier mehr \u00fcber die Pflanztiefe der verschiedenen Pflanzen.","breadcrumb":{"@id":"https:\/\/www.zuurstofplanten.net\/kennisbank\/plantdiepte-zuurstofplanten\/#breadcrumb"},"inLanguage":"de","potentialAction":[{"@type":"ReadAction","target":["https:\/\/www.zuurstofplanten.net\/kennisbank\/plantdiepte-zuurstofplanten\/"]}]},{"@type":"BreadcrumbList","@id":"https:\/\/www.zuurstofplanten.net\/kennisbank\/plantdiepte-zuurstofplanten\/#breadcrumb","itemListElement":[{"@type":"ListItem","position":1,"name":"Home","item":"https:\/\/www.zuurstofplanten.net\/"},{"@type":"ListItem","position":2,"name":"Kennisbank","item":"https:\/\/www.zuurstofplanten.net\/kennisbank\/"},{"@type":"ListItem","position":3,"name":"Plantdiepte Zuurstofplanten"}]},{"@type":"WebSite","@id":"https:\/\/www.zuurstofplanten.net\/#website","url":"https:\/\/www.zuurstofplanten.net\/","name":"Zuurstofplanten.net","description":"","publisher":{"@id":"https:\/\/www.zuurstofplanten.net\/#organization"},"potentialAction":[{"@type":"SearchAction","target":{"@type":"EntryPoint","urlTemplate":"https:\/\/www.zuurstofplanten.net\/?s={search_term_string}"},"query-input":{"@type":"PropertyValueSpecification","valueRequired":true,"valueName":"search_term_string"}}],"inLanguage":"de"},{"@type":"Organization","@id":"https:\/\/www.zuurstofplanten.net\/#organization","name":"Zuurstofplanten.net","url":"https:\/\/www.zuurstofplanten.net\/","logo":{"@type":"ImageObject","inLanguage":"de","@id":"https:\/\/www.zuurstofplanten.net\/#\/schema\/logo\/image\/","url":"https:\/\/www.zuurstofplanten.net\/wp-content\/uploads\/2024\/10\/zuurstofplanten-logo-1.jpg","contentUrl":"https:\/\/www.zuurstofplanten.net\/wp-content\/uploads\/2024\/10\/zuurstofplanten-logo-1.jpg","width":180,"height":60,"caption":"Zuurstofplanten.net"},"image":{"@id":"https:\/\/www.zuurstofplanten.net\/#\/schema\/logo\/image\/"}}]}},"_links":{"self":[{"href":"https:\/\/www.zuurstofplanten.net\/de\/wp-json\/wp\/v2\/pages\/938","targetHints":{"allow":["GET"]}}],"collection":[{"href":"https:\/\/www.zuurstofplanten.net\/de\/wp-json\/wp\/v2\/pages"}],"about":[{"href":"https:\/\/www.zuurstofplanten.net\/de\/wp-json\/wp\/v2\/types\/page"}],"author":[{"embeddable":true,"href":"https:\/\/www.zuurstofplanten.net\/de\/wp-json\/wp\/v2\/users\/4"}],"replies":[{"embeddable":true,"href":"https:\/\/www.zuurstofplanten.net\/de\/wp-json\/wp\/v2\/comments?post=938"}],"version-history":[{"count":11,"href":"https:\/\/www.zuurstofplanten.net\/de\/wp-json\/wp\/v2\/pages\/938\/revisions"}],"predecessor-version":[{"id":1971,"href":"https:\/\/www.zuurstofplanten.net\/de\/wp-json\/wp\/v2\/pages\/938\/revisions\/1971"}],"up":[{"embeddable":true,"href":"https:\/\/www.zuurstofplanten.net\/de\/wp-json\/wp\/v2\/pages\/11"}],"wp:attachment":[{"href":"https:\/\/www.zuurstofplanten.net\/de\/wp-json\/wp\/v2\/media?parent=938"}],"curies":[{"name":"wp","href":"https:\/\/api.w.org\/{rel}","templated":true}]}}