{"id":929,"date":"2024-10-23T13:48:30","date_gmt":"2024-10-23T13:48:30","guid":{"rendered":"https:\/\/baselinkhosting.nl\/zuurstofplanten\/?page_id=929"},"modified":"2025-05-23T15:07:36","modified_gmt":"2025-05-23T15:07:36","slug":"bekampfung-von-trageralgen","status":"publish","type":"page","link":"https:\/\/www.zuurstofplanten.net\/de\/wissensbasis\/bekampfung-von-trageralgen\/","title":{"rendered":"Bek\u00e4mpfung von Tr\u00e4geralgen"},"content":{"rendered":"<div data-elementor-type=\"wp-page\" data-elementor-id=\"929\" class=\"elementor elementor-929\" data-elementor-post-type=\"page\">\n\t\t\t\t<div class=\"elementor-element elementor-element-ca668a3 e-flex e-con-boxed e-con e-parent\" data-id=\"ca668a3\" data-element_type=\"container\" data-e-type=\"container\" data-settings=\"{&quot;background_background&quot;:&quot;classic&quot;}\">\n\t\t\t\t\t<div class=\"e-con-inner\">\n\t\t\t\t<div class=\"elementor-element elementor-element-0fa8d37 elementor-widget elementor-widget-heading\" data-id=\"0fa8d37\" data-element_type=\"widget\" data-e-type=\"widget\" data-widget_type=\"heading.default\">\n\t\t\t\t<div class=\"elementor-widget-container\">\n\t\t\t\t\t<h1 class=\"elementor-heading-title elementor-size-default\">Bek\u00e4mpfung von Fadenalgen<\/h1>\t\t\t\t<\/div>\n\t\t\t\t<\/div>\n\t\t\t\t<div class=\"elementor-element elementor-element-8a29649 elementor-widget elementor-widget-breadcrumbs\" data-id=\"8a29649\" data-element_type=\"widget\" data-e-type=\"widget\" data-widget_type=\"breadcrumbs.default\">\n\t\t\t\t<div class=\"elementor-widget-container\">\n\t\t\t\t\t<p id=\"breadcrumbs\"><span><span><a href=\"https:\/\/www.zuurstofplanten.net\/de\/\">Startseite<\/a><\/span><\/span><\/p>\t\t\t\t<\/div>\n\t\t\t\t<\/div>\n\t\t\t\t\t<\/div>\n\t\t\t\t<\/div>\n\t\t<div class=\"elementor-element elementor-element-6c3eb0b5 e-flex e-con-boxed e-con e-parent\" data-id=\"6c3eb0b5\" data-element_type=\"container\" data-e-type=\"container\">\n\t\t\t\t\t<div class=\"e-con-inner\">\n\t\t\t\t<div class=\"elementor-element elementor-element-48eefbed elementor-widget elementor-widget-heading\" data-id=\"48eefbed\" data-element_type=\"widget\" data-e-type=\"widget\" data-widget_type=\"heading.default\">\n\t\t\t\t<div class=\"elementor-widget-container\">\n\t\t\t\t\t<h2 class=\"elementor-heading-title elementor-size-default\">Bek\u00e4mpfung von Fadenalgen im Teich<\/h2>\t\t\t\t<\/div>\n\t\t\t\t<\/div>\n\t\t\t\t<div class=\"elementor-element elementor-element-7fa262f0 elementor-widget elementor-widget-text-editor\" data-id=\"7fa262f0\" data-element_type=\"widget\" data-e-type=\"widget\" data-widget_type=\"text-editor.default\">\n\t\t\t\t<div class=\"elementor-widget-container\">\n\t\t\t\t\t\t\t\t\t<p>Eines der l\u00e4stigsten Dinge im Teich ist die Bildung von Fadenalgen. Fast jeder Teichbesitzer hat von Zeit zu Zeit damit zu k\u00e4mpfen. Diese Algen heften sich an die Pflanzen, die Folie, die Steine und fast alles andere im Wasser. Diese Algen bilden lange gr\u00fcne Str\u00e4nge und sind nicht zu verwechseln mit Schwebealgen, die das Wasser gr\u00fcn f\u00e4rben. Fadenalgen geh\u00f6ren zu einem Teich einfach dazu, und im Allgemeinen ist ein m\u00e4\u00dfiges Wachstum dieser Algen ein Zeichen daf\u00fcr, dass der Teich ziemlich ausgeglichen ist. H\u00f6chstwahrscheinlich ist das Wasser klar und die Sauerstoffpflanzen wachsen gut. In dieser Hinsicht sind das gute Nachrichten.<\/p>\t\t\t\t\t\t\t\t<\/div>\n\t\t\t\t<\/div>\n\t\t\t\t<div class=\"elementor-element elementor-element-1dcba505 elementor-widget elementor-widget-heading\" data-id=\"1dcba505\" data-element_type=\"widget\" data-e-type=\"widget\" data-widget_type=\"heading.default\">\n\t\t\t\t<div class=\"elementor-widget-container\">\n\t\t\t\t\t<h3 class=\"elementor-heading-title elementor-size-default\">Wie entstehen Fadenalgen in Ihrem Teich?<\/h3>\t\t\t\t<\/div>\n\t\t\t\t<\/div>\n\t\t\t\t<div class=\"elementor-element elementor-element-4c78f6dd elementor-widget elementor-widget-text-editor\" data-id=\"4c78f6dd\" data-element_type=\"widget\" data-e-type=\"widget\" data-widget_type=\"text-editor.default\">\n\t\t\t\t<div class=\"elementor-widget-container\">\n\t\t\t\t\t\t\t\t\t<p>Fadenalgen sind dem Unkraut im Garten \u00e4hnlich. Im Teich teilen sie sich die N\u00e4hrstoffe mit den Wasserpflanzen. Da Fadenalgen kleinere Organismen sind, k\u00f6nnen sie sehr schnell, schneller als Pflanzen, auf Sonnenlicht reagieren. Sie k\u00f6nnen daher explosionsartig wachsen. Der gr\u00fcne Schleim ist kein sch\u00f6ner Anblick, aber wie wird man ihn wieder los?<\/p><p>Wenn Fadenalgen im Teich sehr zahlreich sind, kann es sein, dass der N\u00e4hrstoffhaushalt gest\u00f6rt ist. Ein \u00dcberschuss an haupts\u00e4chlich frei verf\u00fcgbarem Phosphat kann dazu f\u00fchren, dass sich die Algen stark vermehren. Oft ist das Wasser dann auch gr\u00fcnlich (<strong>gr\u00fcnes Wasser<\/strong>), was aber nicht immer notwendig ist. N\u00e4hrstoffe werden im Teich durch die Verdauung von abgestorbenem organischem Material wie eingewachsenen Bl\u00e4ttern und abgestorbenen Wasserpflanzen, aber auch z. B. durch Fischausscheidungen oder den Abbau von \u00fcbersch\u00fcssigem Fischfutter freigesetzt.<\/p>\t\t\t\t\t\t\t\t<\/div>\n\t\t\t\t<\/div>\n\t\t\t\t<div class=\"elementor-element elementor-element-6383fe3c elementor-widget elementor-widget-heading\" data-id=\"6383fe3c\" data-element_type=\"widget\" data-e-type=\"widget\" data-widget_type=\"heading.default\">\n\t\t\t\t<div class=\"elementor-widget-container\">\n\t\t\t\t\t<h4 class=\"elementor-heading-title elementor-size-default\">Drahtalgenentfernung mit Poil-Schnecken<\/h4>\t\t\t\t<\/div>\n\t\t\t\t<\/div>\n\t\t\t\t<div class=\"elementor-element elementor-element-fc48b88 elementor-widget elementor-widget-text-editor\" data-id=\"fc48b88\" data-element_type=\"widget\" data-e-type=\"widget\" data-widget_type=\"text-editor.default\">\n\t\t\t\t<div class=\"elementor-widget-container\">\n\t\t\t\t\t\t\t\t\t<p>Eine interessante Technik zur Entfernung von Fadenalgen ist der Einsatz von Wasserschnecken wie Poelslakken, Sumpfschnecken und Posthornschnecken. Diese sind echte\u00a0<strong>Fadenalgenfresser<\/strong>. Diese Tiere haben Algen auf ihrem Speiseplan und werden Ihre Pflanzen in Ruhe lassen. Diese \"Wasserk\u00fche\" grasen st\u00e4ndig die Folie, Steine und Ihre Pflanzen ab und fressen die Algen. Mit der Zeit werden Sie au\u00dferdem Eiers\u00e4cke finden, ein Zeichen daf\u00fcr, dass sich die Schnecken vermehren.<\/p>\t\t\t\t\t\t\t\t<\/div>\n\t\t\t\t<\/div>\n\t\t\t\t<div class=\"elementor-element elementor-element-3786778e elementor-widget elementor-widget-heading\" data-id=\"3786778e\" data-element_type=\"widget\" data-e-type=\"widget\" data-widget_type=\"heading.default\">\n\t\t\t\t<div class=\"elementor-widget-container\">\n\t\t\t\t\t<h4 class=\"elementor-heading-title elementor-size-default\">Fadenalgenentfernung mit effektiven Ergebnissen!<\/h4>\t\t\t\t<\/div>\n\t\t\t\t<\/div>\n\t\t<div class=\"elementor-element elementor-element-68bd89c e-grid e-con-full e-con e-child\" data-id=\"68bd89c\" data-element_type=\"container\" data-e-type=\"container\">\n\t\t\t\t<div class=\"elementor-element elementor-element-47f90b2a elementor-widget elementor-widget-text-editor\" data-id=\"47f90b2a\" data-element_type=\"widget\" data-e-type=\"widget\" data-widget_type=\"text-editor.default\">\n\t\t\t\t<div class=\"elementor-widget-container\">\n\t\t\t\t\t\t\t\t\t<p>Wie effektiv diese Schnecken gegen Biofilm und Fadenalgen vorgehen, k\u00f6nnen Sie auf dem Bild unten sehen. In einem Testaufbau mit einem Aquarium haben wir etwas D\u00fcnger hinzugef\u00fcgt. Nach ein paar Wochen wuchs eine riesige Menge Algen. In dieses Aquarium haben wir eine betr\u00e4chtliche Anzahl von Schnecken gesetzt. Das Ergebnis nach nur 1 Tag ist sehr gut. In Ihrem Teich wird das etwas langsamer gehen; nat\u00fcrlich gibt es viele Schnecken auf einer kleinen Fl\u00e4che im Aquarium. Geben Sie diesen Toppern etwas Zeit und Ihr Teich wird davon sehr profitieren!<\/p>\t\t\t\t\t\t\t\t<\/div>\n\t\t\t\t<\/div>\n\t\t\t\t<div class=\"elementor-element elementor-element-874d73d elementor-widget elementor-widget-image\" data-id=\"874d73d\" data-element_type=\"widget\" data-e-type=\"widget\" data-widget_type=\"image.default\">\n\t\t\t\t<div class=\"elementor-widget-container\">\n\t\t\t\t\t\t\t\t\t\t\t\t\t\t\t<img fetchpriority=\"high\" decoding=\"async\" width=\"800\" height=\"450\" src=\"https:\/\/www.zuurstofplanten.net\/wp-content\/uploads\/2024\/10\/Poelslakken-tegen-algen-scaled-1-1024x576.jpg\" class=\"attachment-large size-large wp-image-223\" alt=\"\" srcset=\"https:\/\/www.zuurstofplanten.net\/wp-content\/uploads\/2024\/10\/Poelslakken-tegen-algen-scaled-1-1024x576.jpg 1024w, https:\/\/www.zuurstofplanten.net\/wp-content\/uploads\/2024\/10\/Poelslakken-tegen-algen-scaled-1-300x169.jpg 300w, https:\/\/www.zuurstofplanten.net\/wp-content\/uploads\/2024\/10\/Poelslakken-tegen-algen-scaled-1-768x432.jpg 768w, https:\/\/www.zuurstofplanten.net\/wp-content\/uploads\/2024\/10\/Poelslakken-tegen-algen-scaled-1-1536x864.jpg 1536w, https:\/\/www.zuurstofplanten.net\/wp-content\/uploads\/2024\/10\/Poelslakken-tegen-algen-scaled-1-2048x1152.jpg 2048w\" sizes=\"(max-width: 800px) 100vw, 800px\" \/>\t\t\t\t\t\t\t\t\t\t\t\t\t\t\t<\/div>\n\t\t\t\t<\/div>\n\t\t\t\t<\/div>\n\t\t\t\t<div class=\"elementor-element elementor-element-289c82d elementor-widget elementor-widget-heading\" data-id=\"289c82d\" data-element_type=\"widget\" data-e-type=\"widget\" data-widget_type=\"heading.default\">\n\t\t\t\t<div class=\"elementor-widget-container\">\n\t\t\t\t\t<h2 class=\"elementor-heading-title elementor-size-default\">Pool-Schnecken kaufen?<\/h2>\t\t\t\t<\/div>\n\t\t\t\t<\/div>\n\t\t\t\t<div class=\"elementor-element elementor-element-40a86478 elementor-widget elementor-widget-image\" data-id=\"40a86478\" data-element_type=\"widget\" data-e-type=\"widget\" data-widget_type=\"image.default\">\n\t\t\t\t<div class=\"elementor-widget-container\">\n\t\t\t\t\t\t\t\t\t\t\t\t\t\t\t<img decoding=\"async\" width=\"300\" height=\"300\" src=\"https:\/\/www.zuurstofplanten.net\/wp-content\/uploads\/2024\/10\/poelslakken-300x300.jpg\" class=\"attachment-medium size-medium wp-image-931\" alt=\"\" srcset=\"https:\/\/www.zuurstofplanten.net\/wp-content\/uploads\/2024\/10\/poelslakken-300x300.jpg 300w, https:\/\/www.zuurstofplanten.net\/wp-content\/uploads\/2024\/10\/poelslakken-150x150.jpg 150w, https:\/\/www.zuurstofplanten.net\/wp-content\/uploads\/2024\/10\/poelslakken.jpg 700w\" sizes=\"(max-width: 300px) 100vw, 300px\" \/>\t\t\t\t\t\t\t\t\t\t\t\t\t\t\t<\/div>\n\t\t\t\t<\/div>\n\t\t\t\t<div class=\"elementor-element elementor-element-71c2aa7 elementor-widget elementor-widget-text-editor\" data-id=\"71c2aa7\" data-element_type=\"widget\" data-e-type=\"widget\" data-widget_type=\"text-editor.default\">\n\t\t\t\t<div class=\"elementor-widget-container\">\n\t\t\t\t\t\t\t\t\t<p>Polschnecken sind \u00fcber den Webshop von De Vijvermeester zu kaufen. Hier k\u00f6nnen Sie sch\u00f6ne Pakete finden, die Ihnen helfen, Fadenalgen zu bek\u00e4mpfen.<\/p>\t\t\t\t\t\t\t\t<\/div>\n\t\t\t\t<\/div>\n\t\t\t\t<div class=\"elementor-element elementor-element-de24008 elementor-align-left elementor-widget elementor-widget-button\" data-id=\"de24008\" data-element_type=\"widget\" data-e-type=\"widget\" data-widget_type=\"button.default\">\n\t\t\t\t<div class=\"elementor-widget-container\">\n\t\t\t\t\t\t\t\t\t<div class=\"elementor-button-wrapper\">\n\t\t\t\t\t<a class=\"elementor-button elementor-button-link elementor-size-sm elementor-animation-grow\" href=\"https:\/\/vijvermeester.nl\/poelslakkenmix.html?utm_source=affiliate&#038;utm_medium=partner&#038;utm_campaign=zuurstofplanten_net&#038;utm_content=poelslakken\" rel=\"nofollow\">\n\t\t\t\t\t\t<span class=\"elementor-button-content-wrapper\">\n\t\t\t\t\t\t<span class=\"elementor-button-icon\">\n\t\t\t\t<svg aria-hidden=\"true\" class=\"e-font-icon-svg e-fas-shopping-cart\" viewbox=\"0 0 576 512\" xmlns=\"http:\/\/www.w3.org\/2000\/svg\"><path d=\"M528.12 301.319l47.273-208C578.806 78.301 567.391 64 551.99 64H159.208l-9.166-44.81C147.758 8.021 137.93 0 126.529 0H24C10.745 0 0 10.745 0 24v16c0 13.255 10.745 24 24 24h69.883l70.248 343.435C147.325 417.1 136 435.222 136 456c0 30.928 25.072 56 56 56s56-25.072 56-56c0-15.674-6.447-29.835-16.824-40h209.647C430.447 426.165 424 440.326 424 456c0 30.928 25.072 56 56 56s56-25.072 56-56c0-22.172-12.888-41.332-31.579-50.405l5.517-24.276c3.413-15.018-8.002-29.319-23.403-29.319H218.117l-6.545-32h293.145c11.206 0 20.92-7.754 23.403-18.681z\"><\/path><\/svg>\t\t\t<\/span>\n\t\t\t\t\t\t\t\t\t<span class=\"elementor-button-text\">Teichschnecken kaufen auf Pond Master.de<\/span>\n\t\t\t\t\t<\/span>\n\t\t\t\t\t<\/a>\n\t\t\t\t<\/div>\n\t\t\t\t\t\t\t\t<\/div>\n\t\t\t\t<\/div>\n\t\t\t\t\t<\/div>\n\t\t\t\t<\/div>\n\t\t\t\t<\/div>","protected":false},"excerpt":{"rendered":"<p>Fadenalgenbek\u00e4mpfung Fadenalgenbek\u00e4mpfung im Teich Eines der l\u00e4stigsten Dinge im Teich ist die Bildung von Fadenalgen. Fast jeder Teichbesitzer hat von Zeit zu Zeit damit zu k\u00e4mpfen. Diese Algen heften sich an die Pflanzen, die Folie, die Steine und fast alles andere im Wasser. Diese Algen bilden lange gr\u00fcne Str\u00e4nge [...]<\/p>","protected":false},"author":4,"featured_media":0,"parent":11,"menu_order":5,"comment_status":"closed","ping_status":"closed","template":"","meta":{"_acf_changed":false,"iawp_total_views":231,"footnotes":""},"class_list":["post-929","page","type-page","status-publish","hentry"],"acf":[],"yoast_head":"<!-- This site is optimized with the Yoast SEO plugin v25.5 - https:\/\/yoast.com\/wordpress\/plugins\/seo\/ -->\n<title>Draadalg Bestrijden in de Vijver? | Lees hoe op Zuurstofplanten.net<\/title>\n<meta name=\"description\" content=\"Draadalg, lastig voor in uw vijver. Hoe komt het, maar vooral, hoe kunt (op biologische wijze) draadalg bestrijden? Lees meer.\" \/>\n<meta name=\"robots\" content=\"index, follow, max-snippet:-1, max-image-preview:large, max-video-preview:-1\" \/>\n<link rel=\"canonical\" href=\"https:\/\/www.zuurstofplanten.net\/de\/wissensbasis\/bekampfung-von-trageralgen\/\" \/>\n<meta property=\"og:locale\" content=\"de_DE\" \/>\n<meta property=\"og:type\" content=\"article\" \/>\n<meta property=\"og:title\" content=\"Draadalg Bestrijden in de Vijver? | Lees hoe op Zuurstofplanten.net\" \/>\n<meta property=\"og:description\" content=\"Draadalg, lastig voor in uw vijver. Hoe komt het, maar vooral, hoe kunt (op biologische wijze) draadalg bestrijden? Lees meer.\" \/>\n<meta property=\"og:url\" content=\"https:\/\/www.zuurstofplanten.net\/de\/wissensbasis\/bekampfung-von-trageralgen\/\" \/>\n<meta property=\"og:site_name\" content=\"Zuurstofplanten.net\" \/>\n<meta property=\"article:modified_time\" content=\"2025-05-23T15:07:36+00:00\" \/>\n<meta property=\"og:image\" content=\"https:\/\/www.zuurstofplanten.net\/wp-content\/uploads\/2024\/10\/Poelslakken-tegen-algen-scaled-1.jpg\" \/>\n\t<meta property=\"og:image:width\" content=\"2560\" \/>\n\t<meta property=\"og:image:height\" content=\"1440\" \/>\n\t<meta property=\"og:image:type\" content=\"image\/jpeg\" \/>\n<meta name=\"twitter:card\" content=\"summary_large_image\" \/>\n<meta name=\"twitter:label1\" content=\"Gesch\u00e4tzte Lesezeit\" \/>\n\t<meta name=\"twitter:data1\" content=\"3\u00a0Minuten\" \/>\n<script type=\"application\/ld+json\" class=\"yoast-schema-graph\">{\"@context\":\"https:\/\/schema.org\",\"@graph\":[{\"@type\":\"WebPage\",\"@id\":\"https:\/\/www.zuurstofplanten.net\/kennisbank\/draagalg-bestrijden\/\",\"url\":\"https:\/\/www.zuurstofplanten.net\/kennisbank\/draagalg-bestrijden\/\",\"name\":\"Draadalg Bestrijden in de Vijver? | Lees hoe op Zuurstofplanten.net\",\"isPartOf\":{\"@id\":\"https:\/\/www.zuurstofplanten.net\/#website\"},\"primaryImageOfPage\":{\"@id\":\"https:\/\/www.zuurstofplanten.net\/kennisbank\/draagalg-bestrijden\/#primaryimage\"},\"image\":{\"@id\":\"https:\/\/www.zuurstofplanten.net\/kennisbank\/draagalg-bestrijden\/#primaryimage\"},\"thumbnailUrl\":\"https:\/\/www.zuurstofplanten.net\/wp-content\/uploads\/2024\/10\/Poelslakken-tegen-algen-scaled-1-1024x576.jpg\",\"datePublished\":\"2024-10-23T13:48:30+00:00\",\"dateModified\":\"2025-05-23T15:07:36+00:00\",\"description\":\"Draadalg, lastig voor in uw vijver. Hoe komt het, maar vooral, hoe kunt (op biologische wijze) draadalg bestrijden? Lees meer.\",\"breadcrumb\":{\"@id\":\"https:\/\/www.zuurstofplanten.net\/kennisbank\/draagalg-bestrijden\/#breadcrumb\"},\"inLanguage\":\"de\",\"potentialAction\":[{\"@type\":\"ReadAction\",\"target\":[\"https:\/\/www.zuurstofplanten.net\/kennisbank\/draagalg-bestrijden\/\"]}]},{\"@type\":\"ImageObject\",\"inLanguage\":\"de\",\"@id\":\"https:\/\/www.zuurstofplanten.net\/kennisbank\/draagalg-bestrijden\/#primaryimage\",\"url\":\"https:\/\/www.zuurstofplanten.net\/wp-content\/uploads\/2024\/10\/Poelslakken-tegen-algen-scaled-1-1024x576.jpg\",\"contentUrl\":\"https:\/\/www.zuurstofplanten.net\/wp-content\/uploads\/2024\/10\/Poelslakken-tegen-algen-scaled-1-1024x576.jpg\"},{\"@type\":\"BreadcrumbList\",\"@id\":\"https:\/\/www.zuurstofplanten.net\/kennisbank\/draagalg-bestrijden\/#breadcrumb\",\"itemListElement\":[{\"@type\":\"ListItem\",\"position\":1,\"name\":\"Home\",\"item\":\"https:\/\/www.zuurstofplanten.net\/\"},{\"@type\":\"ListItem\",\"position\":2,\"name\":\"Kennisbank\",\"item\":\"https:\/\/www.zuurstofplanten.net\/kennisbank\/\"},{\"@type\":\"ListItem\",\"position\":3,\"name\":\"Draagalg Bestrijden\"}]},{\"@type\":\"WebSite\",\"@id\":\"https:\/\/www.zuurstofplanten.net\/#website\",\"url\":\"https:\/\/www.zuurstofplanten.net\/\",\"name\":\"Zuurstofplanten.net\",\"description\":\"\",\"publisher\":{\"@id\":\"https:\/\/www.zuurstofplanten.net\/#organization\"},\"potentialAction\":[{\"@type\":\"SearchAction\",\"target\":{\"@type\":\"EntryPoint\",\"urlTemplate\":\"https:\/\/www.zuurstofplanten.net\/?s={search_term_string}\"},\"query-input\":{\"@type\":\"PropertyValueSpecification\",\"valueRequired\":true,\"valueName\":\"search_term_string\"}}],\"inLanguage\":\"de\"},{\"@type\":\"Organization\",\"@id\":\"https:\/\/www.zuurstofplanten.net\/#organization\",\"name\":\"Zuurstofplanten.net\",\"url\":\"https:\/\/www.zuurstofplanten.net\/\",\"logo\":{\"@type\":\"ImageObject\",\"inLanguage\":\"de\",\"@id\":\"https:\/\/www.zuurstofplanten.net\/#\/schema\/logo\/image\/\",\"url\":\"https:\/\/www.zuurstofplanten.net\/wp-content\/uploads\/2024\/10\/zuurstofplanten-logo-1.jpg\",\"contentUrl\":\"https:\/\/www.zuurstofplanten.net\/wp-content\/uploads\/2024\/10\/zuurstofplanten-logo-1.jpg\",\"width\":180,\"height\":60,\"caption\":\"Zuurstofplanten.net\"},\"image\":{\"@id\":\"https:\/\/www.zuurstofplanten.net\/#\/schema\/logo\/image\/\"}}]}<\/script>\n<!-- \/ Yoast SEO plugin. -->","yoast_head_json":{"title":"Fadenalgen im Teich bek\u00e4mpfen | lesen Sie wie bei Zuurstofplanten.net","description":"Fadenalgen, l\u00e4stig in Ihrem Teich. Wie entstehen sie, aber vor allem, wie k\u00f6nnen Sie Fadenalgen (organisch) bek\u00e4mpfen? Lesen Sie mehr.","robots":{"index":"index","follow":"follow","max-snippet":"max-snippet:-1","max-image-preview":"max-image-preview:large","max-video-preview":"max-video-preview:-1"},"canonical":"https:\/\/www.zuurstofplanten.net\/de\/wissensbasis\/bekampfung-von-trageralgen\/","og_locale":"de_DE","og_type":"article","og_title":"Draadalg Bestrijden in de Vijver? | Lees hoe op Zuurstofplanten.net","og_description":"Draadalg, lastig voor in uw vijver. Hoe komt het, maar vooral, hoe kunt (op biologische wijze) draadalg bestrijden? Lees meer.","og_url":"https:\/\/www.zuurstofplanten.net\/de\/wissensbasis\/bekampfung-von-trageralgen\/","og_site_name":"Zuurstofplanten.net","article_modified_time":"2025-05-23T15:07:36+00:00","og_image":[{"width":2560,"height":1440,"url":"https:\/\/www.zuurstofplanten.net\/wp-content\/uploads\/2024\/10\/Poelslakken-tegen-algen-scaled-1.jpg","type":"image\/jpeg"}],"twitter_card":"summary_large_image","twitter_misc":{"Gesch\u00e4tzte Lesezeit":"3\u00a0Minuten"},"schema":{"@context":"https:\/\/schema.org","@graph":[{"@type":"WebPage","@id":"https:\/\/www.zuurstofplanten.net\/kennisbank\/draagalg-bestrijden\/","url":"https:\/\/www.zuurstofplanten.net\/kennisbank\/draagalg-bestrijden\/","name":"Fadenalgen im Teich bek\u00e4mpfen | lesen Sie wie bei Zuurstofplanten.net","isPartOf":{"@id":"https:\/\/www.zuurstofplanten.net\/#website"},"primaryImageOfPage":{"@id":"https:\/\/www.zuurstofplanten.net\/kennisbank\/draagalg-bestrijden\/#primaryimage"},"image":{"@id":"https:\/\/www.zuurstofplanten.net\/kennisbank\/draagalg-bestrijden\/#primaryimage"},"thumbnailUrl":"https:\/\/www.zuurstofplanten.net\/wp-content\/uploads\/2024\/10\/Poelslakken-tegen-algen-scaled-1-1024x576.jpg","datePublished":"2024-10-23T13:48:30+00:00","dateModified":"2025-05-23T15:07:36+00:00","description":"Fadenalgen, l\u00e4stig in Ihrem Teich. Wie entstehen sie, aber vor allem, wie k\u00f6nnen Sie Fadenalgen (organisch) bek\u00e4mpfen? Lesen Sie mehr.","breadcrumb":{"@id":"https:\/\/www.zuurstofplanten.net\/kennisbank\/draagalg-bestrijden\/#breadcrumb"},"inLanguage":"de","potentialAction":[{"@type":"ReadAction","target":["https:\/\/www.zuurstofplanten.net\/kennisbank\/draagalg-bestrijden\/"]}]},{"@type":"ImageObject","inLanguage":"de","@id":"https:\/\/www.zuurstofplanten.net\/kennisbank\/draagalg-bestrijden\/#primaryimage","url":"https:\/\/www.zuurstofplanten.net\/wp-content\/uploads\/2024\/10\/Poelslakken-tegen-algen-scaled-1-1024x576.jpg","contentUrl":"https:\/\/www.zuurstofplanten.net\/wp-content\/uploads\/2024\/10\/Poelslakken-tegen-algen-scaled-1-1024x576.jpg"},{"@type":"BreadcrumbList","@id":"https:\/\/www.zuurstofplanten.net\/kennisbank\/draagalg-bestrijden\/#breadcrumb","itemListElement":[{"@type":"ListItem","position":1,"name":"Home","item":"https:\/\/www.zuurstofplanten.net\/"},{"@type":"ListItem","position":2,"name":"Kennisbank","item":"https:\/\/www.zuurstofplanten.net\/kennisbank\/"},{"@type":"ListItem","position":3,"name":"Draagalg Bestrijden"}]},{"@type":"WebSite","@id":"https:\/\/www.zuurstofplanten.net\/#website","url":"https:\/\/www.zuurstofplanten.net\/","name":"Zuurstofplanten.net","description":"","publisher":{"@id":"https:\/\/www.zuurstofplanten.net\/#organization"},"potentialAction":[{"@type":"SearchAction","target":{"@type":"EntryPoint","urlTemplate":"https:\/\/www.zuurstofplanten.net\/?s={search_term_string}"},"query-input":{"@type":"PropertyValueSpecification","valueRequired":true,"valueName":"search_term_string"}}],"inLanguage":"de"},{"@type":"Organization","@id":"https:\/\/www.zuurstofplanten.net\/#organization","name":"Zuurstofplanten.net","url":"https:\/\/www.zuurstofplanten.net\/","logo":{"@type":"ImageObject","inLanguage":"de","@id":"https:\/\/www.zuurstofplanten.net\/#\/schema\/logo\/image\/","url":"https:\/\/www.zuurstofplanten.net\/wp-content\/uploads\/2024\/10\/zuurstofplanten-logo-1.jpg","contentUrl":"https:\/\/www.zuurstofplanten.net\/wp-content\/uploads\/2024\/10\/zuurstofplanten-logo-1.jpg","width":180,"height":60,"caption":"Zuurstofplanten.net"},"image":{"@id":"https:\/\/www.zuurstofplanten.net\/#\/schema\/logo\/image\/"}}]}},"_links":{"self":[{"href":"https:\/\/www.zuurstofplanten.net\/de\/wp-json\/wp\/v2\/pages\/929"}],"collection":[{"href":"https:\/\/www.zuurstofplanten.net\/de\/wp-json\/wp\/v2\/pages"}],"about":[{"href":"https:\/\/www.zuurstofplanten.net\/de\/wp-json\/wp\/v2\/types\/page"}],"author":[{"embeddable":true,"href":"https:\/\/www.zuurstofplanten.net\/de\/wp-json\/wp\/v2\/users\/4"}],"replies":[{"embeddable":true,"href":"https:\/\/www.zuurstofplanten.net\/de\/wp-json\/wp\/v2\/comments?post=929"}],"version-history":[{"count":13,"href":"https:\/\/www.zuurstofplanten.net\/de\/wp-json\/wp\/v2\/pages\/929\/revisions"}],"predecessor-version":[{"id":1983,"href":"https:\/\/www.zuurstofplanten.net\/de\/wp-json\/wp\/v2\/pages\/929\/revisions\/1983"}],"up":[{"embeddable":true,"href":"https:\/\/www.zuurstofplanten.net\/de\/wp-json\/wp\/v2\/pages\/11"}],"wp:attachment":[{"href":"https:\/\/www.zuurstofplanten.net\/de\/wp-json\/wp\/v2\/media?parent=929"}],"curies":[{"name":"wp","href":"https:\/\/api.w.org\/{rel}","templated":true}]}}