{"id":852,"date":"2024-10-23T08:38:36","date_gmt":"2024-10-23T08:38:36","guid":{"rendered":"https:\/\/baselinkhosting.nl\/zuurstofplanten\/?page_id=852"},"modified":"2025-06-04T10:12:53","modified_gmt":"2025-06-04T10:12:53","slug":"wasser-hahnenfus-ranunculus-aquatilis","status":"publish","type":"page","link":"https:\/\/www.zuurstofplanten.net\/de\/sauerstoffpflanzen-lateinisch\/wasser-hahnenfus-ranunculus-aquatilis\/","title":{"rendered":"Hahnenfu\u00df (Ranunculus aquatilis)"},"content":{"rendered":"<div data-elementor-type=\"wp-page\" data-elementor-id=\"852\" class=\"elementor elementor-852\" data-elementor-post-type=\"page\">\n\t\t\t\t<div class=\"elementor-element elementor-element-0ab64a6 e-flex e-con-boxed e-con e-parent\" data-id=\"0ab64a6\" data-element_type=\"container\" data-e-type=\"container\" data-settings=\"{&quot;background_background&quot;:&quot;classic&quot;}\">\n\t\t\t\t\t<div class=\"e-con-inner\">\n\t\t\t\t<div class=\"elementor-element elementor-element-609f53b elementor-widget elementor-widget-heading\" data-id=\"609f53b\" data-element_type=\"widget\" data-e-type=\"widget\" data-widget_type=\"heading.default\">\n\t\t\t\t<div class=\"elementor-widget-container\">\n\t\t\t\t\t<h1 class=\"elementor-heading-title elementor-size-default\">Hahnenfu\u00df (Ranunculus aquatilis)<\/h1>\t\t\t\t<\/div>\n\t\t\t\t<\/div>\n\t\t\t\t<div class=\"elementor-element elementor-element-34dcf8b elementor-widget elementor-widget-breadcrumbs\" data-id=\"34dcf8b\" data-element_type=\"widget\" data-e-type=\"widget\" data-widget_type=\"breadcrumbs.default\">\n\t\t\t\t<div class=\"elementor-widget-container\">\n\t\t\t\t\t<p id=\"breadcrumbs\"><span><span><a href=\"https:\/\/www.zuurstofplanten.net\/de\/\">Startseite<\/a><\/span><\/span><\/p>\t\t\t\t<\/div>\n\t\t\t\t<\/div>\n\t\t\t\t\t<\/div>\n\t\t\t\t<\/div>\n\t\t<div class=\"elementor-element elementor-element-78666497 e-flex e-con-boxed e-con e-parent\" data-id=\"78666497\" data-element_type=\"container\" data-e-type=\"container\">\n\t\t\t\t\t<div class=\"e-con-inner\">\n\t\t\t\t<div class=\"elementor-element elementor-element-2375ed7c elementor-widget elementor-widget-heading\" data-id=\"2375ed7c\" data-element_type=\"widget\" data-e-type=\"widget\" data-widget_type=\"heading.default\">\n\t\t\t\t<div class=\"elementor-widget-container\">\n\t\t\t\t\t<h2 class=\"elementor-heading-title elementor-size-default\">Was ist Ranunculus Aquatilis?<\/h2>\t\t\t\t<\/div>\n\t\t\t\t<\/div>\n\t\t<div class=\"elementor-element elementor-element-4bc8d70e e-grid e-con-full e-con e-child\" data-id=\"4bc8d70e\" data-element_type=\"container\" data-e-type=\"container\">\n\t\t\t\t<div class=\"elementor-element elementor-element-422078e8 elementor-widget elementor-widget-text-editor\" data-id=\"422078e8\" data-element_type=\"widget\" data-e-type=\"widget\" data-widget_type=\"text-editor.default\">\n\t\t\t\t<div class=\"elementor-widget-container\">\n\t\t\t\t\t\t\t\t\t<p>Der Wasserhahnenfu\u00df ist ein Schmuckst\u00fcck f\u00fcr Ihren Teich. Mit seinem schnellen Wachstum und seinen wei\u00dfen Bl\u00fcten h\u00e4lt er Ihren Teich nicht nur algenfrei, sondern versch\u00f6nert ihn auch. Auch die Form des Wasserhahnenfu\u00dfes unterscheidet sich zwischen oben und unten. Denn oberhalb des Wassers hat er dickere Bl\u00e4tter als unterhalb. Da die Bl\u00e4tter am Boden auch d\u00fcnner sind, finden die Fische hier einen guten N\u00e4hrboden. Aber diese sch\u00f6ne Pflanze hat noch mehr Fans: Auch verschiedene Amphibien finden diese Teichpflanze fantastisch. Fr\u00f6sche legen oft ihren Froschlaich in ihrer N\u00e4he ab. Diese sch\u00f6ne Sauerstoffpflanze und die Algen in Ihrem Teich brauchen die gleichen N\u00e4hrstoffe. Die Algen haben einen gewaltigen Konkurrenten!<\/p>\t\t\t\t\t\t\t\t<\/div>\n\t\t\t\t<\/div>\n\t\t\t\t<div class=\"elementor-element elementor-element-3cd42b7a elementor-cta--skin-classic elementor-animated-content elementor-bg-transform elementor-bg-transform-zoom-in elementor-widget elementor-widget-call-to-action\" data-id=\"3cd42b7a\" data-element_type=\"widget\" data-e-type=\"widget\" data-widget_type=\"call-to-action.default\">\n\t\t\t\t<div class=\"elementor-widget-container\">\n\t\t\t\t\t\t\t<a class=\"elementor-cta\" href=\"https:\/\/vijvermeester.nl\/grote-waterranonkel.html?utm_source=affiliate&#038;utm_medium=partner&#038;utm_campaign=zuurstofplanten_net&#038;utm_content=ranunculus_aquatilis\" rel=\"nofollow\">\n\t\t\t\t\t<div class=\"elementor-cta__bg-wrapper\">\n\t\t\t\t<div class=\"elementor-cta__bg elementor-bg\" style=\"background-image: url(https:\/\/www.zuurstofplanten.net\/wp-content\/uploads\/2024\/10\/waterranonkel_vijver.jpg);\" role=\"img\" aria-label=\"wasser wein_teich\"><\/div>\n\t\t\t\t<div class=\"elementor-cta__bg-overlay\"><\/div>\n\t\t\t<\/div>\n\t\t\t\t\t\t\t<div class=\"elementor-cta__content\">\n\t\t\t\t\n\t\t\t\t\t\t\t\t\t<h2 class=\"elementor-cta__title elementor-cta__content-item elementor-content-item\">\n\t\t\t\t\t\tM\u00f6chten Sie Ranunculus Aquitilis kaufen?\t\t\t\t\t<\/h2>\n\t\t\t\t\n\t\t\t\t\t\t\t\t\t<div class=\"elementor-cta__description elementor-cta__content-item elementor-content-item\">\n\t\t\t\t\t\tRanunculus Aquitilis, besser bekannt als Wasser-Hahnenfu\u00df, ist \u00fcber den Webshop von De Vijvermeester zu verkaufen. Hier k\u00f6nnen Sie sch\u00f6ne Str\u00e4u\u00dfe von hoher Qualit\u00e4t finden.\t\t\t\t\t<\/div>\n\t\t\t\t\n\t\t\t\t\t\t\t\t\t<div class=\"elementor-cta__button-wrapper elementor-cta__content-item elementor-content-item\">\n\t\t\t\t\t<span class=\"elementor-cta__button elementor-button elementor-size-\">\n\t\t\t\t\t\tBestellung auf Vijvermeester.nl\t\t\t\t\t<\/span>\n\t\t\t\t\t<\/div>\n\t\t\t\t\t\t\t<\/div>\n\t\t\t\t\t\t<\/a>\n\t\t\t\t\t\t<\/div>\n\t\t\t\t<\/div>\n\t\t\t\t<\/div>\n\t\t\t\t<div class=\"elementor-element elementor-element-4cc7e6e6 elementor-widget elementor-widget-heading\" data-id=\"4cc7e6e6\" data-element_type=\"widget\" data-e-type=\"widget\" data-widget_type=\"heading.default\">\n\t\t\t\t<div class=\"elementor-widget-container\">\n\t\t\t\t\t<h3 class=\"elementor-heading-title elementor-size-default\">Ranunculus Aquatilis Eigenschaften<\/h3>\t\t\t\t<\/div>\n\t\t\t\t<\/div>\n\t\t\t\t<div class=\"elementor-element elementor-element-1db735d9 elementor-widget elementor-widget-text-editor\" data-id=\"1db735d9\" data-element_type=\"widget\" data-e-type=\"widget\" data-widget_type=\"text-editor.default\">\n\t\t\t\t<div class=\"elementor-widget-container\">\n\t\t\t\t\t\t\t\t\t<ul><li>Position: Sonne<\/li><li>Pflanztiefe 50 - 100 cm<\/li><li>Freund von Amphibien und Fischen<\/li><li>Tr\u00e4gt im Sommer sch\u00f6ne Blumen<\/li><\/ul>\t\t\t\t\t\t\t\t<\/div>\n\t\t\t\t<\/div>\n\t\t\t\t<div class=\"elementor-element elementor-element-372f35e8 elementor-widget elementor-widget-heading\" data-id=\"372f35e8\" data-element_type=\"widget\" data-e-type=\"widget\" data-widget_type=\"heading.default\">\n\t\t\t\t<div class=\"elementor-widget-container\">\n\t\t\t\t\t<h3 class=\"elementor-heading-title elementor-size-default\">H\u00e4ufig gestellte Fragen<\/h3>\t\t\t\t<\/div>\n\t\t\t\t<\/div>\n\t\t\t\t<div class=\"elementor-element elementor-element-73178f9a elementor-widget elementor-widget-heading\" data-id=\"73178f9a\" data-element_type=\"widget\" data-e-type=\"widget\" data-widget_type=\"heading.default\">\n\t\t\t\t<div class=\"elementor-widget-container\">\n\t\t\t\t\t<h4 class=\"elementor-heading-title elementor-size-default\">Wie viel Ranunculus Aquatilis braucht mein Teich?<\/h4>\t\t\t\t<\/div>\n\t\t\t\t<\/div>\n\t\t\t\t<div class=\"elementor-element elementor-element-45ece053 elementor-widget elementor-widget-text-editor\" data-id=\"45ece053\" data-element_type=\"widget\" data-e-type=\"widget\" data-widget_type=\"text-editor.default\">\n\t\t\t\t<div class=\"elementor-widget-container\">\n\t\t\t\t\t\t\t\t\t<p>Wir empfehlen immer 4 bis 5 B\u00fcschel pro 1.000 Liter Wasser. Das mag auf den ersten Blick viel erscheinen, aber es liefert die besten Ergebnisse f\u00fcr Ihren Teich. Mit dieser Menge erzielen Sie die besten Ergebnisse. Das Wasser wird bzw. bleibt klarer, und die Algenbildung nimmt ab. Nat\u00fcrlich k\u00f6nnen Sie diese Menge auch kombinieren.<\/p><p>W\u00fcrden Sie gerne genau wissen <a href=\"https:\/\/www.zuurstofplanten.net\/de\/wissensbasis\/wie-viele-sauerstoffpflanzen-in-einem-teich\/\"><strong data-start=\"757\" data-end=\"794\">Wie viele Sauerstoffpflanzen im Teich<\/strong><\/a> nach der Anzahl der Liter Wasser ben\u00f6tigt? Dann nutzen Sie unser praktisches <a class=\"\" href=\"https:\/\/www.zuurstofplanten.net\/de\/wissensbasis\/wie-viele-sauerstoffpflanzen-in-einem-teich\/\" rel=\"noopener\" data-start=\"869\" data-end=\"891\">Groves-Rechner<\/a><\/p>\t\t\t\t\t\t\t\t<\/div>\n\t\t\t\t<\/div>\n\t\t\t\t<div class=\"elementor-element elementor-element-76f7b041 elementor-widget elementor-widget-heading\" data-id=\"76f7b041\" data-element_type=\"widget\" data-e-type=\"widget\" data-widget_type=\"heading.default\">\n\t\t\t\t<div class=\"elementor-widget-container\">\n\t\t\t\t\t<h4 class=\"elementor-heading-title elementor-size-default\">Wie pflanze ich Ranunculus Aquatilis?<\/h4>\t\t\t\t<\/div>\n\t\t\t\t<\/div>\n\t\t\t\t<div class=\"elementor-element elementor-element-6231798 elementor-widget elementor-widget-text-editor\" data-id=\"6231798\" data-element_type=\"widget\" data-e-type=\"widget\" data-widget_type=\"text-editor.default\">\n\t\t\t\t<div class=\"elementor-widget-container\">\n\t\t\t\t\t\t\t\t\t<p>Ranunculus Aquatilis ist eine Sauerstoffpflanze, die Wurzeln bildet und im Boden wurzelt. Diese Teichpflanze sollte daher m\u00f6glichst in einen Teichkorb oder direkt in die Erde gepflanzt werden.\u00a0<\/p>\t\t\t\t\t\t\t\t<\/div>\n\t\t\t\t<\/div>\n\t\t\t\t<div class=\"elementor-element elementor-element-10a6058f elementor-widget elementor-widget-heading\" data-id=\"10a6058f\" data-element_type=\"widget\" data-e-type=\"widget\" data-widget_type=\"heading.default\">\n\t\t\t\t<div class=\"elementor-widget-container\">\n\t\t\t\t\t<h4 class=\"elementor-heading-title elementor-size-default\">Was sind die Vorteile von Ranunculus Aquatilis f\u00fcr Ihren Teich?<\/h4>\t\t\t\t<\/div>\n\t\t\t\t<\/div>\n\t\t\t\t<div class=\"elementor-element elementor-element-29e0a937 elementor-widget elementor-widget-text-editor\" data-id=\"29e0a937\" data-element_type=\"widget\" data-e-type=\"widget\" data-widget_type=\"text-editor.default\">\n\t\t\t\t<div class=\"elementor-widget-container\">\n\t\t\t\t\t\t\t\t\t<p>Die Wasserrebe ist eine relativ schnell wachsende Teichpflanze. Diese Sauerstoffpflanze reinigt auch das Wasser und bietet unter ihren gro\u00dfen Bl\u00e4ttern Unterschlupf f\u00fcr Amphibien. Au\u00dferdem bedecken die Bl\u00e4tter teilweise die Wasseroberfl\u00e4che, wodurch den Algen ein weiteres Element f\u00fcr ihr Wachstum genommen wird - das Licht. Ein sch\u00f6ner Anblick sind die wei\u00dfen Bl\u00fcten, die der Wasserhahnenfu\u00df im Sommer \u00fcber die Wasseroberfl\u00e4che erhebt. Mit diesem Bl\u00fctenstand \u00e4hnelt er ein wenig dem Wasser-Hahnenfu\u00df.<\/p>\t\t\t\t\t\t\t\t<\/div>\n\t\t\t\t<\/div>\n\t\t\t\t<div class=\"elementor-element elementor-element-5cd54e37 elementor-widget elementor-widget-heading\" data-id=\"5cd54e37\" data-element_type=\"widget\" data-e-type=\"widget\" data-widget_type=\"heading.default\">\n\t\t\t\t<div class=\"elementor-widget-container\">\n\t\t\t\t\t<h2 class=\"elementor-heading-title elementor-size-default\">M\u00f6chten Sie Ranunculus Aquatilis kaufen?<\/h2>\t\t\t\t<\/div>\n\t\t\t\t<\/div>\n\t\t\t\t<div class=\"elementor-element elementor-element-2a657a25 elementor-widget elementor-widget-image\" data-id=\"2a657a25\" data-element_type=\"widget\" data-e-type=\"widget\" data-widget_type=\"image.default\">\n\t\t\t\t<div class=\"elementor-widget-container\">\n\t\t\t\t\t\t\t\t\t\t\t\t\t\t\t<img fetchpriority=\"high\" decoding=\"async\" width=\"300\" height=\"300\" src=\"https:\/\/www.zuurstofplanten.net\/wp-content\/uploads\/2024\/10\/Waterranonkel.jpg\" class=\"attachment-medium size-medium wp-image-355\" alt=\"\" srcset=\"https:\/\/www.zuurstofplanten.net\/wp-content\/uploads\/2024\/10\/Waterranonkel.jpg 300w, https:\/\/www.zuurstofplanten.net\/wp-content\/uploads\/2024\/10\/Waterranonkel-150x150.jpg 150w\" sizes=\"(max-width: 300px) 100vw, 300px\" \/>\t\t\t\t\t\t\t\t\t\t\t\t\t\t\t<\/div>\n\t\t\t\t<\/div>\n\t\t\t\t<div class=\"elementor-element elementor-element-634eceea elementor-widget elementor-widget-text-editor\" data-id=\"634eceea\" data-element_type=\"widget\" data-e-type=\"widget\" data-widget_type=\"text-editor.default\">\n\t\t\t\t<div class=\"elementor-widget-container\">\n\t\t\t\t\t\t\t\t\t<p>Ranunculus Aquatilis ist \u00fcber den Webshop von De Vijvermeester zu verkaufen. Hier k\u00f6nnen Sie sch\u00f6ne Str\u00e4u\u00dfe von hoher Qualit\u00e4t finden.<\/p>\t\t\t\t\t\t\t\t<\/div>\n\t\t\t\t<\/div>\n\t\t\t\t<div class=\"elementor-element elementor-element-62c274c9 elementor-align-left elementor-widget elementor-widget-button\" data-id=\"62c274c9\" data-element_type=\"widget\" data-e-type=\"widget\" data-widget_type=\"button.default\">\n\t\t\t\t<div class=\"elementor-widget-container\">\n\t\t\t\t\t\t\t\t\t<div class=\"elementor-button-wrapper\">\n\t\t\t\t\t<a class=\"elementor-button elementor-button-link elementor-size-sm elementor-animation-grow\" href=\"https:\/\/vijvermeester.nl\/grote-waterranonkel.html?utm_source=affiliate&#038;utm_medium=partner&#038;utm_campaign=zuurstofplanten_net&#038;utm_content=ranunculus_aquatilis\" rel=\"nofollow\">\n\t\t\t\t\t\t<span class=\"elementor-button-content-wrapper\">\n\t\t\t\t\t\t<span class=\"elementor-button-icon\">\n\t\t\t\t<svg aria-hidden=\"true\" class=\"e-font-icon-svg e-fas-shopping-cart\" viewbox=\"0 0 576 512\" xmlns=\"http:\/\/www.w3.org\/2000\/svg\"><path d=\"M528.12 301.319l47.273-208C578.806 78.301 567.391 64 551.99 64H159.208l-9.166-44.81C147.758 8.021 137.93 0 126.529 0H24C10.745 0 0 10.745 0 24v16c0 13.255 10.745 24 24 24h69.883l70.248 343.435C147.325 417.1 136 435.222 136 456c0 30.928 25.072 56 56 56s56-25.072 56-56c0-15.674-6.447-29.835-16.824-40h209.647C430.447 426.165 424 440.326 424 456c0 30.928 25.072 56 56 56s56-25.072 56-56c0-22.172-12.888-41.332-31.579-50.405l5.517-24.276c3.413-15.018-8.002-29.319-23.403-29.319H218.117l-6.545-32h293.145c11.206 0 20.92-7.754 23.403-18.681z\"><\/path><\/svg>\t\t\t<\/span>\n\t\t\t\t\t\t\t\t\t<span class=\"elementor-button-text\">Ranunculus Aquatilis kaufen auf Vijvermeester.nl<\/span>\n\t\t\t\t\t<\/span>\n\t\t\t\t\t<\/a>\n\t\t\t\t<\/div>\n\t\t\t\t\t\t\t\t<\/div>\n\t\t\t\t<\/div>\n\t\t\t\t\t<\/div>\n\t\t\t\t<\/div>\n\t\t\t\t<\/div>","protected":false},"excerpt":{"rendered":"<p>Wasserhahnenfu\u00df Was ist der Wasserhahnenfu\u00df? Der Wasserhahnenfu\u00df ist ein Schmuckst\u00fcck f\u00fcr Ihren Teich. Mit seinem schnellen Wachstum und seinen wei\u00dfen Bl\u00fcten h\u00e4lt er Ihren Teich nicht nur algenfrei, sondern versch\u00f6nert ihn auch. Die Form des Wasser-Hahnenfu\u00dfes Aquatilis unterscheidet sich auch zwischen oben und unten. Oberhalb des Wassers hat er n\u00e4mlich eine [...]<\/p>","protected":false},"author":4,"featured_media":0,"parent":571,"menu_order":12,"comment_status":"closed","ping_status":"closed","template":"","meta":{"_acf_changed":false,"iawp_total_views":120,"footnotes":""},"class_list":["post-852","page","type-page","status-publish","hentry"],"acf":[],"yoast_head":"<!-- This site is optimized with the Yoast SEO plugin v25.5 - https:\/\/yoast.com\/wordpress\/plugins\/seo\/ -->\n<title>Ranunculus Aquatilis | Onderhoud &amp; Advies | Zuurstofplanten.net<\/title>\n<meta name=\"description\" content=\"Ranunculus aquatilis geeft een mooi bloeiende vijverplant. Ranunculus aquatilis trekt amfibie\u00ebn aan en is een paaiplaats voor vis. Lees meer.\" \/>\n<meta name=\"robots\" content=\"index, follow, max-snippet:-1, max-image-preview:large, max-video-preview:-1\" \/>\n<link rel=\"canonical\" href=\"https:\/\/www.zuurstofplanten.net\/de\/sauerstoffpflanzen-lateinisch\/wasser-hahnenfus-ranunculus-aquatilis\/\" \/>\n<meta property=\"og:locale\" content=\"de_DE\" \/>\n<meta property=\"og:type\" content=\"article\" \/>\n<meta property=\"og:title\" content=\"Ranunculus Aquatilis | Onderhoud &amp; Advies | Zuurstofplanten.net\" \/>\n<meta property=\"og:description\" content=\"Ranunculus aquatilis geeft een mooi bloeiende vijverplant. Ranunculus aquatilis trekt amfibie\u00ebn aan en is een paaiplaats voor vis. Lees meer.\" \/>\n<meta property=\"og:url\" content=\"https:\/\/www.zuurstofplanten.net\/de\/sauerstoffpflanzen-lateinisch\/wasser-hahnenfus-ranunculus-aquatilis\/\" \/>\n<meta property=\"og:site_name\" content=\"Zuurstofplanten.net\" \/>\n<meta property=\"article:modified_time\" content=\"2025-06-04T10:12:53+00:00\" \/>\n<meta property=\"og:image\" content=\"https:\/\/www.zuurstofplanten.net\/wp-content\/uploads\/2024\/10\/Waterranonkel.jpg\" \/>\n\t<meta property=\"og:image:width\" content=\"300\" \/>\n\t<meta property=\"og:image:height\" content=\"300\" \/>\n\t<meta property=\"og:image:type\" content=\"image\/jpeg\" \/>\n<meta name=\"twitter:card\" content=\"summary_large_image\" \/>\n<meta name=\"twitter:label1\" content=\"Gesch\u00e4tzte Lesezeit\" \/>\n\t<meta name=\"twitter:data1\" content=\"3\u00a0Minuten\" \/>\n<script type=\"application\/ld+json\" class=\"yoast-schema-graph\">{\"@context\":\"https:\/\/schema.org\",\"@graph\":[{\"@type\":\"WebPage\",\"@id\":\"https:\/\/www.zuurstofplanten.net\/zuurstofplanten-latijns\/ranunculus-aquatilis\/\",\"url\":\"https:\/\/www.zuurstofplanten.net\/zuurstofplanten-latijns\/ranunculus-aquatilis\/\",\"name\":\"Ranunculus Aquatilis | Onderhoud & Advies | Zuurstofplanten.net\",\"isPartOf\":{\"@id\":\"https:\/\/www.zuurstofplanten.net\/#website\"},\"primaryImageOfPage\":{\"@id\":\"https:\/\/www.zuurstofplanten.net\/zuurstofplanten-latijns\/ranunculus-aquatilis\/#primaryimage\"},\"image\":{\"@id\":\"https:\/\/www.zuurstofplanten.net\/zuurstofplanten-latijns\/ranunculus-aquatilis\/#primaryimage\"},\"thumbnailUrl\":\"https:\/\/www.zuurstofplanten.net\/wp-content\/uploads\/2024\/10\/Waterranonkel.jpg\",\"datePublished\":\"2024-10-23T08:38:36+00:00\",\"dateModified\":\"2025-06-04T10:12:53+00:00\",\"description\":\"Ranunculus aquatilis geeft een mooi bloeiende vijverplant. Ranunculus aquatilis trekt amfibie\u00ebn aan en is een paaiplaats voor vis. Lees meer.\",\"breadcrumb\":{\"@id\":\"https:\/\/www.zuurstofplanten.net\/zuurstofplanten-latijns\/ranunculus-aquatilis\/#breadcrumb\"},\"inLanguage\":\"de\",\"potentialAction\":[{\"@type\":\"ReadAction\",\"target\":[\"https:\/\/www.zuurstofplanten.net\/zuurstofplanten-latijns\/ranunculus-aquatilis\/\"]}]},{\"@type\":\"ImageObject\",\"inLanguage\":\"de\",\"@id\":\"https:\/\/www.zuurstofplanten.net\/zuurstofplanten-latijns\/ranunculus-aquatilis\/#primaryimage\",\"url\":\"https:\/\/www.zuurstofplanten.net\/wp-content\/uploads\/2024\/10\/Waterranonkel.jpg\",\"contentUrl\":\"https:\/\/www.zuurstofplanten.net\/wp-content\/uploads\/2024\/10\/Waterranonkel.jpg\"},{\"@type\":\"BreadcrumbList\",\"@id\":\"https:\/\/www.zuurstofplanten.net\/zuurstofplanten-latijns\/ranunculus-aquatilis\/#breadcrumb\",\"itemListElement\":[{\"@type\":\"ListItem\",\"position\":1,\"name\":\"Home\",\"item\":\"https:\/\/www.zuurstofplanten.net\/\"},{\"@type\":\"ListItem\",\"position\":2,\"name\":\"Latijnse soortnamen\",\"item\":\"https:\/\/www.zuurstofplanten.net\/zuurstofplanten-latijns\/\"},{\"@type\":\"ListItem\",\"position\":3,\"name\":\"Ranunculus Aquatilis\"}]},{\"@type\":\"WebSite\",\"@id\":\"https:\/\/www.zuurstofplanten.net\/#website\",\"url\":\"https:\/\/www.zuurstofplanten.net\/\",\"name\":\"Zuurstofplanten.net\",\"description\":\"\",\"publisher\":{\"@id\":\"https:\/\/www.zuurstofplanten.net\/#organization\"},\"potentialAction\":[{\"@type\":\"SearchAction\",\"target\":{\"@type\":\"EntryPoint\",\"urlTemplate\":\"https:\/\/www.zuurstofplanten.net\/?s={search_term_string}\"},\"query-input\":{\"@type\":\"PropertyValueSpecification\",\"valueRequired\":true,\"valueName\":\"search_term_string\"}}],\"inLanguage\":\"de\"},{\"@type\":\"Organization\",\"@id\":\"https:\/\/www.zuurstofplanten.net\/#organization\",\"name\":\"Zuurstofplanten.net\",\"url\":\"https:\/\/www.zuurstofplanten.net\/\",\"logo\":{\"@type\":\"ImageObject\",\"inLanguage\":\"de\",\"@id\":\"https:\/\/www.zuurstofplanten.net\/#\/schema\/logo\/image\/\",\"url\":\"https:\/\/www.zuurstofplanten.net\/wp-content\/uploads\/2024\/10\/zuurstofplanten-logo-1.jpg\",\"contentUrl\":\"https:\/\/www.zuurstofplanten.net\/wp-content\/uploads\/2024\/10\/zuurstofplanten-logo-1.jpg\",\"width\":180,\"height\":60,\"caption\":\"Zuurstofplanten.net\"},\"image\":{\"@id\":\"https:\/\/www.zuurstofplanten.net\/#\/schema\/logo\/image\/\"}}]}<\/script>\n<!-- \/ Yoast SEO plugin. -->","yoast_head_json":{"title":"Ranunculus Aquatilis | Pflege &amp; Beratung | Oxygen Plants.net","description":"Ranunculus aquatilis ist eine sch\u00f6ne bl\u00fchende Teichpflanze. Ranunculus aquatilis zieht Amphibien an und ist ein Laichplatz f\u00fcr Fische. Lesen Sie mehr.","robots":{"index":"index","follow":"follow","max-snippet":"max-snippet:-1","max-image-preview":"max-image-preview:large","max-video-preview":"max-video-preview:-1"},"canonical":"https:\/\/www.zuurstofplanten.net\/de\/sauerstoffpflanzen-lateinisch\/wasser-hahnenfus-ranunculus-aquatilis\/","og_locale":"de_DE","og_type":"article","og_title":"Ranunculus Aquatilis | Onderhoud & Advies | Zuurstofplanten.net","og_description":"Ranunculus aquatilis geeft een mooi bloeiende vijverplant. Ranunculus aquatilis trekt amfibie\u00ebn aan en is een paaiplaats voor vis. Lees meer.","og_url":"https:\/\/www.zuurstofplanten.net\/de\/sauerstoffpflanzen-lateinisch\/wasser-hahnenfus-ranunculus-aquatilis\/","og_site_name":"Zuurstofplanten.net","article_modified_time":"2025-06-04T10:12:53+00:00","og_image":[{"width":300,"height":300,"url":"https:\/\/www.zuurstofplanten.net\/wp-content\/uploads\/2024\/10\/Waterranonkel.jpg","type":"image\/jpeg"}],"twitter_card":"summary_large_image","twitter_misc":{"Gesch\u00e4tzte Lesezeit":"3\u00a0Minuten"},"schema":{"@context":"https:\/\/schema.org","@graph":[{"@type":"WebPage","@id":"https:\/\/www.zuurstofplanten.net\/zuurstofplanten-latijns\/ranunculus-aquatilis\/","url":"https:\/\/www.zuurstofplanten.net\/zuurstofplanten-latijns\/ranunculus-aquatilis\/","name":"Ranunculus Aquatilis | Pflege &amp; Beratung | Oxygen Plants.net","isPartOf":{"@id":"https:\/\/www.zuurstofplanten.net\/#website"},"primaryImageOfPage":{"@id":"https:\/\/www.zuurstofplanten.net\/zuurstofplanten-latijns\/ranunculus-aquatilis\/#primaryimage"},"image":{"@id":"https:\/\/www.zuurstofplanten.net\/zuurstofplanten-latijns\/ranunculus-aquatilis\/#primaryimage"},"thumbnailUrl":"https:\/\/www.zuurstofplanten.net\/wp-content\/uploads\/2024\/10\/Waterranonkel.jpg","datePublished":"2024-10-23T08:38:36+00:00","dateModified":"2025-06-04T10:12:53+00:00","description":"Ranunculus aquatilis ist eine sch\u00f6ne bl\u00fchende Teichpflanze. Ranunculus aquatilis zieht Amphibien an und ist ein Laichplatz f\u00fcr Fische. Lesen Sie mehr.","breadcrumb":{"@id":"https:\/\/www.zuurstofplanten.net\/zuurstofplanten-latijns\/ranunculus-aquatilis\/#breadcrumb"},"inLanguage":"de","potentialAction":[{"@type":"ReadAction","target":["https:\/\/www.zuurstofplanten.net\/zuurstofplanten-latijns\/ranunculus-aquatilis\/"]}]},{"@type":"ImageObject","inLanguage":"de","@id":"https:\/\/www.zuurstofplanten.net\/zuurstofplanten-latijns\/ranunculus-aquatilis\/#primaryimage","url":"https:\/\/www.zuurstofplanten.net\/wp-content\/uploads\/2024\/10\/Waterranonkel.jpg","contentUrl":"https:\/\/www.zuurstofplanten.net\/wp-content\/uploads\/2024\/10\/Waterranonkel.jpg"},{"@type":"BreadcrumbList","@id":"https:\/\/www.zuurstofplanten.net\/zuurstofplanten-latijns\/ranunculus-aquatilis\/#breadcrumb","itemListElement":[{"@type":"ListItem","position":1,"name":"Home","item":"https:\/\/www.zuurstofplanten.net\/"},{"@type":"ListItem","position":2,"name":"Latijnse soortnamen","item":"https:\/\/www.zuurstofplanten.net\/zuurstofplanten-latijns\/"},{"@type":"ListItem","position":3,"name":"Ranunculus Aquatilis"}]},{"@type":"WebSite","@id":"https:\/\/www.zuurstofplanten.net\/#website","url":"https:\/\/www.zuurstofplanten.net\/","name":"Zuurstofplanten.net","description":"","publisher":{"@id":"https:\/\/www.zuurstofplanten.net\/#organization"},"potentialAction":[{"@type":"SearchAction","target":{"@type":"EntryPoint","urlTemplate":"https:\/\/www.zuurstofplanten.net\/?s={search_term_string}"},"query-input":{"@type":"PropertyValueSpecification","valueRequired":true,"valueName":"search_term_string"}}],"inLanguage":"de"},{"@type":"Organization","@id":"https:\/\/www.zuurstofplanten.net\/#organization","name":"Zuurstofplanten.net","url":"https:\/\/www.zuurstofplanten.net\/","logo":{"@type":"ImageObject","inLanguage":"de","@id":"https:\/\/www.zuurstofplanten.net\/#\/schema\/logo\/image\/","url":"https:\/\/www.zuurstofplanten.net\/wp-content\/uploads\/2024\/10\/zuurstofplanten-logo-1.jpg","contentUrl":"https:\/\/www.zuurstofplanten.net\/wp-content\/uploads\/2024\/10\/zuurstofplanten-logo-1.jpg","width":180,"height":60,"caption":"Zuurstofplanten.net"},"image":{"@id":"https:\/\/www.zuurstofplanten.net\/#\/schema\/logo\/image\/"}}]}},"_links":{"self":[{"href":"https:\/\/www.zuurstofplanten.net\/de\/wp-json\/wp\/v2\/pages\/852"}],"collection":[{"href":"https:\/\/www.zuurstofplanten.net\/de\/wp-json\/wp\/v2\/pages"}],"about":[{"href":"https:\/\/www.zuurstofplanten.net\/de\/wp-json\/wp\/v2\/types\/page"}],"author":[{"embeddable":true,"href":"https:\/\/www.zuurstofplanten.net\/de\/wp-json\/wp\/v2\/users\/4"}],"replies":[{"embeddable":true,"href":"https:\/\/www.zuurstofplanten.net\/de\/wp-json\/wp\/v2\/comments?post=852"}],"version-history":[{"count":17,"href":"https:\/\/www.zuurstofplanten.net\/de\/wp-json\/wp\/v2\/pages\/852\/revisions"}],"predecessor-version":[{"id":2180,"href":"https:\/\/www.zuurstofplanten.net\/de\/wp-json\/wp\/v2\/pages\/852\/revisions\/2180"}],"up":[{"embeddable":true,"href":"https:\/\/www.zuurstofplanten.net\/de\/wp-json\/wp\/v2\/pages\/571"}],"wp:attachment":[{"href":"https:\/\/www.zuurstofplanten.net\/de\/wp-json\/wp\/v2\/media?parent=852"}],"curies":[{"name":"wp","href":"https:\/\/api.w.org\/{rel}","templated":true}]}}