{"id":834,"date":"2024-10-23T07:49:10","date_gmt":"2024-10-23T07:49:10","guid":{"rendered":"https:\/\/baselinkhosting.nl\/zuurstofplanten\/?page_id=834"},"modified":"2025-06-04T10:11:15","modified_gmt":"2025-06-04T10:11:15","slug":"hottonia-palustris","status":"publish","type":"page","link":"https:\/\/www.zuurstofplanten.net\/de\/sauerstoffpflanzen-lateinisch\/hottonia-palustris\/","title":{"rendered":"Hottonia palustris"},"content":{"rendered":"<div data-elementor-type=\"wp-page\" data-elementor-id=\"834\" class=\"elementor elementor-834\" data-elementor-post-type=\"page\">\n\t\t\t\t<div class=\"elementor-element elementor-element-23d4e77 e-flex e-con-boxed e-con e-parent\" data-id=\"23d4e77\" data-element_type=\"container\" data-e-type=\"container\" data-settings=\"{&quot;background_background&quot;:&quot;classic&quot;}\">\n\t\t\t\t\t<div class=\"e-con-inner\">\n\t\t\t\t<div class=\"elementor-element elementor-element-75b599e elementor-widget elementor-widget-heading\" data-id=\"75b599e\" data-element_type=\"widget\" data-e-type=\"widget\" data-widget_type=\"heading.default\">\n\t\t\t\t<div class=\"elementor-widget-container\">\n\t\t\t\t\t<h1 class=\"elementor-heading-title elementor-size-default\">Hottonia palustris<\/h1>\t\t\t\t<\/div>\n\t\t\t\t<\/div>\n\t\t\t\t<div class=\"elementor-element elementor-element-e90c597 elementor-widget elementor-widget-breadcrumbs\" data-id=\"e90c597\" data-element_type=\"widget\" data-e-type=\"widget\" data-widget_type=\"breadcrumbs.default\">\n\t\t\t\t<div class=\"elementor-widget-container\">\n\t\t\t\t\t<p id=\"breadcrumbs\"><span><span><a href=\"https:\/\/www.zuurstofplanten.net\/de\/\">Startseite<\/a><\/span><\/span><\/p>\t\t\t\t<\/div>\n\t\t\t\t<\/div>\n\t\t\t\t\t<\/div>\n\t\t\t\t<\/div>\n\t\t<div class=\"elementor-element elementor-element-1491d6a8 e-flex e-con-boxed e-con e-parent\" data-id=\"1491d6a8\" data-element_type=\"container\" data-e-type=\"container\">\n\t\t\t\t\t<div class=\"e-con-inner\">\n\t\t\t\t<div class=\"elementor-element elementor-element-7264093f elementor-widget elementor-widget-heading\" data-id=\"7264093f\" data-element_type=\"widget\" data-e-type=\"widget\" data-widget_type=\"heading.default\">\n\t\t\t\t<div class=\"elementor-widget-container\">\n\t\t\t\t\t<h2 class=\"elementor-heading-title elementor-size-default\">Was ist Hottonia Palustris?<\/h2>\t\t\t\t<\/div>\n\t\t\t\t<\/div>\n\t\t<div class=\"elementor-element elementor-element-bc4bc35 e-grid e-con-full e-con e-child\" data-id=\"bc4bc35\" data-element_type=\"container\" data-e-type=\"container\">\n\t\t\t\t<div class=\"elementor-element elementor-element-70f0f31c elementor-widget elementor-widget-text-editor\" data-id=\"70f0f31c\" data-element_type=\"widget\" data-e-type=\"widget\" data-widget_type=\"text-editor.default\">\n\t\t\t\t<div class=\"elementor-widget-container\">\n\t\t\t\t\t\t\t\t\t<p>Hottonia Palustris, niederl\u00e4ndischer Name Waterviolier, ist eine wundersch\u00f6ne Teichpflanze. Sowohl unter als auch \u00fcber Wasser verleiht sie Ihrem Teich zu allen Jahreszeiten eine sch\u00f6ne Wirkung. Im Mai\/Juni erscheinen wundersch\u00f6ne wei\u00dfe bis lilagelbe Bl\u00fcten, die Ihrem Teich und Garten einen farbenfrohen Effekt verleihen. Auch im Winter hat diese Sauerstoffpflanze eine sch\u00f6ne gr\u00fcne Farbe. Diese Teichpflanze produziert also immer noch Sauerstoff f\u00fcr Ihren Teich und Ihre Teichtiere. Wie der Wasser-Hahnenfu\u00df (Ranunculus Aquatilis) bietet diese Pflanze einen sch\u00f6nen Platz f\u00fcr Fische und andere Tiere in Ihrem Teich. Mit ihren dicken, gedrungenen St\u00e4ngeln und gro\u00dfen Bl\u00e4ttern dient diese Wasserpflanze als guter Versteckplatz.<\/p>\t\t\t\t\t\t\t\t<\/div>\n\t\t\t\t<\/div>\n\t\t\t\t<div class=\"elementor-element elementor-element-413778f3 elementor-cta--skin-classic elementor-animated-content elementor-bg-transform elementor-bg-transform-zoom-in elementor-widget elementor-widget-call-to-action\" data-id=\"413778f3\" data-element_type=\"widget\" data-e-type=\"widget\" data-widget_type=\"call-to-action.default\">\n\t\t\t\t<div class=\"elementor-widget-container\">\n\t\t\t\t\t\t\t<a class=\"elementor-cta\" href=\"https:\/\/vijvermeester.nl\/waterviolier.html?utm_source=affiliate&#038;utm_medium=partner&#038;utm_campaign=zuurstofplanten_net&#038;utm_content=hottonia_palustris\" rel=\"nofollow\">\n\t\t\t\t\t<div class=\"elementor-cta__bg-wrapper\">\n\t\t\t\t<div class=\"elementor-cta__bg elementor-bg\" style=\"background-image: url(https:\/\/www.zuurstofplanten.net\/wp-content\/uploads\/2024\/10\/Waterviolier.jpg);\" role=\"img\" aria-label=\"Wasserviolier\"><\/div>\n\t\t\t\t<div class=\"elementor-cta__bg-overlay\"><\/div>\n\t\t\t<\/div>\n\t\t\t\t\t\t\t<div class=\"elementor-cta__content\">\n\t\t\t\t\n\t\t\t\t\t\t\t\t\t<h2 class=\"elementor-cta__title elementor-cta__content-item elementor-content-item\">\n\t\t\t\t\t\tM\u00f6chten Sie Hottonia Palustris kaufen?\t\t\t\t\t<\/h2>\n\t\t\t\t\n\t\t\t\t\t\t\t\t\t<div class=\"elementor-cta__description elementor-cta__content-item elementor-content-item\">\n\t\t\t\t\t\tHottonia Palustris, besser bekannt als Waterviolier, ist \u00fcber den Webshop von De Vijvermeester zu verkaufen. Hier k\u00f6nnen Sie sch\u00f6ne Str\u00e4u\u00dfe von hoher Qualit\u00e4t finden.\t\t\t\t\t<\/div>\n\t\t\t\t\n\t\t\t\t\t\t\t\t\t<div class=\"elementor-cta__button-wrapper elementor-cta__content-item elementor-content-item\">\n\t\t\t\t\t<span class=\"elementor-cta__button elementor-button elementor-size-\">\n\t\t\t\t\t\tBestellung auf Vijvermeester.nl\t\t\t\t\t<\/span>\n\t\t\t\t\t<\/div>\n\t\t\t\t\t\t\t<\/div>\n\t\t\t\t\t\t<\/a>\n\t\t\t\t\t\t<\/div>\n\t\t\t\t<\/div>\n\t\t\t\t<\/div>\n\t\t\t\t<div class=\"elementor-element elementor-element-68cbee74 elementor-widget elementor-widget-heading\" data-id=\"68cbee74\" data-element_type=\"widget\" data-e-type=\"widget\" data-widget_type=\"heading.default\">\n\t\t\t\t<div class=\"elementor-widget-container\">\n\t\t\t\t\t<h3 class=\"elementor-heading-title elementor-size-default\">Hottonia palustris Eigenschaften<\/h3>\t\t\t\t<\/div>\n\t\t\t\t<\/div>\n\t\t\t\t<div class=\"elementor-element elementor-element-20d770c1 elementor-widget elementor-widget-text-editor\" data-id=\"20d770c1\" data-element_type=\"widget\" data-e-type=\"widget\" data-widget_type=\"text-editor.default\">\n\t\t\t\t<div class=\"elementor-widget-container\">\n\t\t\t\t\t\t\t\t\t<ul><li>Stand: So.<\/li><li>St\u00e4ngell\u00e4nge: maximal 50 cm.<\/li><li>Pflanztiefe: zwischen 20 und 50 cm.<\/li><li>Substrat: Ja, es handelt sich um eine Wurzelpflanze.<\/li><li>Schwierigkeitsgrad: Angemessen, die Teichpflanze sch\u00e4tzt nitrat- und kalkarmes Wasser.<\/li><\/ul>\t\t\t\t\t\t\t\t<\/div>\n\t\t\t\t<\/div>\n\t\t\t\t<div class=\"elementor-element elementor-element-1d51a7b8 elementor-widget elementor-widget-heading\" data-id=\"1d51a7b8\" data-element_type=\"widget\" data-e-type=\"widget\" data-widget_type=\"heading.default\">\n\t\t\t\t<div class=\"elementor-widget-container\">\n\t\t\t\t\t<h3 class=\"elementor-heading-title elementor-size-default\">H\u00e4ufig gestellte Fragen<\/h3>\t\t\t\t<\/div>\n\t\t\t\t<\/div>\n\t\t\t\t<div class=\"elementor-element elementor-element-75698c30 elementor-widget elementor-widget-heading\" data-id=\"75698c30\" data-element_type=\"widget\" data-e-type=\"widget\" data-widget_type=\"heading.default\">\n\t\t\t\t<div class=\"elementor-widget-container\">\n\t\t\t\t\t<h4 class=\"elementor-heading-title elementor-size-default\">Woher kommt Hottonia Palustris?<\/h4>\t\t\t\t<\/div>\n\t\t\t\t<\/div>\n\t\t\t\t<div class=\"elementor-element elementor-element-3bd13511 elementor-widget elementor-widget-text-editor\" data-id=\"3bd13511\" data-element_type=\"widget\" data-e-type=\"widget\" data-widget_type=\"text-editor.default\">\n\t\t\t\t<div class=\"elementor-widget-container\">\n\t\t\t\t\t\t\t\t\t<p>Die Wasserviola ist in allen Teilen Europas heimisch. Sie ist eine Wasserpflanze und kann daher unsere Winter problemlos \u00fcberstehen.<\/p><p>In der Natur w\u00e4chst diese Pflanze in flacherem, kalkarmem Wasser. Wenn das Wasser leicht flie\u00dft, ist das f\u00fcr diese Sauerstoffpflanze kein Problem. Die Sauerstoffabgabe ist sogar besser als in normalem, stehendem Wasser. Ein wichtiger Punkt f\u00fcr diese Wasserpflanzenart ist, dass das Wasser nicht zu sauer ist. Andernfalls wird die Pflanze schleimig und einige der Zweige brechen schlie\u00dflich ab.<\/p>\t\t\t\t\t\t\t\t<\/div>\n\t\t\t\t<\/div>\n\t\t\t\t<div class=\"elementor-element elementor-element-40cf11e4 elementor-widget elementor-widget-heading\" data-id=\"40cf11e4\" data-element_type=\"widget\" data-e-type=\"widget\" data-widget_type=\"heading.default\">\n\t\t\t\t<div class=\"elementor-widget-container\">\n\t\t\t\t\t<h4 class=\"elementor-heading-title elementor-size-default\">Wie viele Hottonia Palustris sollte ich in meinen Teich setzen?<\/h4>\t\t\t\t<\/div>\n\t\t\t\t<\/div>\n\t\t\t\t<div class=\"elementor-element elementor-element-1b15204e elementor-widget elementor-widget-text-editor\" data-id=\"1b15204e\" data-element_type=\"widget\" data-e-type=\"widget\" data-widget_type=\"text-editor.default\">\n\t\t\t\t<div class=\"elementor-widget-container\">\n\t\t\t\t\t\t\t\t\t<p>Wir empfehlen immer 4 bis 5 B\u00fcschel Sauerstoffpflanzen pro 1000 Liter Wasser. Auch wenn das viel erscheint, werden damit die besten und saubersten Ergebnisse erzielt. Da gen\u00fcgend Sauerstoffpflanzen vorhanden sind, um dem Teich N\u00e4hrstoffe zu entziehen, wird die Wahrscheinlichkeit von Algenbildung auf ein Minimum reduziert.<\/p><p>W\u00fcrden Sie gerne genau wissen <a href=\"https:\/\/www.zuurstofplanten.net\/de\/wissensbasis\/wie-viele-sauerstoffpflanzen-in-einem-teich\/\"><strong data-start=\"757\" data-end=\"794\">Wie viele Sauerstoffpflanzen im Teich<\/strong><\/a> nach der Anzahl der Liter Wasser ben\u00f6tigt? Dann nutzen Sie unser praktisches <a class=\"\" href=\"https:\/\/www.zuurstofplanten.net\/de\/wissensbasis\/wie-viele-sauerstoffpflanzen-in-einem-teich\/\" rel=\"noopener\" data-start=\"869\" data-end=\"891\">Groves-Rechner<\/a><\/p>\t\t\t\t\t\t\t\t<\/div>\n\t\t\t\t<\/div>\n\t\t\t\t<div class=\"elementor-element elementor-element-175d1a8c elementor-widget elementor-widget-heading\" data-id=\"175d1a8c\" data-element_type=\"widget\" data-e-type=\"widget\" data-widget_type=\"heading.default\">\n\t\t\t\t<div class=\"elementor-widget-container\">\n\t\t\t\t\t<h2 class=\"elementor-heading-title elementor-size-default\">M\u00f6chten Sie Hottonia Palustris kaufen?<\/h2>\t\t\t\t<\/div>\n\t\t\t\t<\/div>\n\t\t\t\t<div class=\"elementor-element elementor-element-60b2982d elementor-widget elementor-widget-image\" data-id=\"60b2982d\" data-element_type=\"widget\" data-e-type=\"widget\" data-widget_type=\"image.default\">\n\t\t\t\t<div class=\"elementor-widget-container\">\n\t\t\t\t\t\t\t\t\t\t\t\t\t\t\t<img fetchpriority=\"high\" decoding=\"async\" width=\"300\" height=\"300\" src=\"https:\/\/www.zuurstofplanten.net\/wp-content\/uploads\/2024\/10\/Waterviolier-300x300.jpg\" class=\"attachment-medium size-medium wp-image-357\" alt=\"\" srcset=\"https:\/\/www.zuurstofplanten.net\/wp-content\/uploads\/2024\/10\/Waterviolier-300x300.jpg 300w, https:\/\/www.zuurstofplanten.net\/wp-content\/uploads\/2024\/10\/Waterviolier-150x150.jpg 150w, https:\/\/www.zuurstofplanten.net\/wp-content\/uploads\/2024\/10\/Waterviolier.jpg 700w\" sizes=\"(max-width: 300px) 100vw, 300px\" \/>\t\t\t\t\t\t\t\t\t\t\t\t\t\t\t<\/div>\n\t\t\t\t<\/div>\n\t\t\t\t<div class=\"elementor-element elementor-element-13805982 elementor-widget elementor-widget-text-editor\" data-id=\"13805982\" data-element_type=\"widget\" data-e-type=\"widget\" data-widget_type=\"text-editor.default\">\n\t\t\t\t<div class=\"elementor-widget-container\">\n\t\t\t\t\t\t\t\t\t<p>Hottonia Palustris ist \u00fcber den Webshop von De Vijvermeester zu verkaufen. Hier k\u00f6nnen Sie sch\u00f6ne Str\u00e4u\u00dfe von hoher Qualit\u00e4t finden.<\/p>\t\t\t\t\t\t\t\t<\/div>\n\t\t\t\t<\/div>\n\t\t\t\t<div class=\"elementor-element elementor-element-70c542b1 elementor-align-left elementor-widget elementor-widget-button\" data-id=\"70c542b1\" data-element_type=\"widget\" data-e-type=\"widget\" data-widget_type=\"button.default\">\n\t\t\t\t<div class=\"elementor-widget-container\">\n\t\t\t\t\t\t\t\t\t<div class=\"elementor-button-wrapper\">\n\t\t\t\t\t<a class=\"elementor-button elementor-button-link elementor-size-sm elementor-animation-grow\" href=\"https:\/\/vijvermeester.nl\/waterviolier.html?utm_source=affiliate&#038;utm_medium=partner&#038;utm_campaign=zuurstofplanten_net&#038;utm_content=hottonia_palustris\" rel=\"nofollow\">\n\t\t\t\t\t\t<span class=\"elementor-button-content-wrapper\">\n\t\t\t\t\t\t<span class=\"elementor-button-icon\">\n\t\t\t\t<svg aria-hidden=\"true\" class=\"e-font-icon-svg e-fas-shopping-cart\" viewbox=\"0 0 576 512\" xmlns=\"http:\/\/www.w3.org\/2000\/svg\"><path d=\"M528.12 301.319l47.273-208C578.806 78.301 567.391 64 551.99 64H159.208l-9.166-44.81C147.758 8.021 137.93 0 126.529 0H24C10.745 0 0 10.745 0 24v16c0 13.255 10.745 24 24 24h69.883l70.248 343.435C147.325 417.1 136 435.222 136 456c0 30.928 25.072 56 56 56s56-25.072 56-56c0-15.674-6.447-29.835-16.824-40h209.647C430.447 426.165 424 440.326 424 456c0 30.928 25.072 56 56 56s56-25.072 56-56c0-22.172-12.888-41.332-31.579-50.405l5.517-24.276c3.413-15.018-8.002-29.319-23.403-29.319H218.117l-6.545-32h293.145c11.206 0 20.92-7.754 23.403-18.681z\"><\/path><\/svg>\t\t\t<\/span>\n\t\t\t\t\t\t\t\t\t<span class=\"elementor-button-text\">Hottonia Palustris kaufen auf Vijvermeester.nl<\/span>\n\t\t\t\t\t<\/span>\n\t\t\t\t\t<\/a>\n\t\t\t\t<\/div>\n\t\t\t\t\t\t\t\t<\/div>\n\t\t\t\t<\/div>\n\t\t\t\t\t<\/div>\n\t\t\t\t<\/div>\n\t\t\t\t<\/div>","protected":false},"excerpt":{"rendered":"<p>Hottonia Palustris Was ist Hottonia Palustris? Hottonia Palustris, niederl\u00e4ndischer Name Waterviolier, ist eine wundersch\u00f6ne Teichpflanze. Sowohl unter als auch \u00fcber Wasser verleiht sie Ihrem Teich zu allen Jahreszeiten eine sch\u00f6ne Wirkung. Im Mai\/Juni erscheinen wundersch\u00f6ne wei\u00dfe bis lilagelbe Bl\u00fcten, die Ihrem Teich und Ihrem Garten einen farbenfrohen Effekt verleihen. Auch [...]<\/p>","protected":false},"author":4,"featured_media":0,"parent":571,"menu_order":8,"comment_status":"closed","ping_status":"closed","template":"","meta":{"_acf_changed":false,"iawp_total_views":134,"footnotes":""},"class_list":["post-834","page","type-page","status-publish","hentry"],"acf":[],"yoast_head":"<!-- This site is optimized with the Yoast SEO plugin v25.5 - https:\/\/yoast.com\/wordpress\/plugins\/seo\/ -->\n<title>Hottonia Palustris | Planten, Onderhoud &amp; Advies | Zuurstofplanten<\/title>\n<meta name=\"description\" content=\"Hottonia Palustris is een mooi bloeiende zuurstofplant. Amfibie\u00ebn kunnen hierbij schuilen en stellen daarom deze zuurstofplant zeer op prijs!\" \/>\n<meta name=\"robots\" content=\"index, follow, max-snippet:-1, max-image-preview:large, max-video-preview:-1\" \/>\n<link rel=\"canonical\" href=\"https:\/\/www.zuurstofplanten.net\/de\/sauerstoffpflanzen-lateinisch\/hottonia-palustris\/\" \/>\n<meta property=\"og:locale\" content=\"de_DE\" \/>\n<meta property=\"og:type\" content=\"article\" \/>\n<meta property=\"og:title\" content=\"Hottonia Palustris | Planten, Onderhoud &amp; Advies | Zuurstofplanten\" \/>\n<meta property=\"og:description\" content=\"Hottonia Palustris is een mooi bloeiende zuurstofplant. Amfibie\u00ebn kunnen hierbij schuilen en stellen daarom deze zuurstofplant zeer op prijs!\" \/>\n<meta property=\"og:url\" content=\"https:\/\/www.zuurstofplanten.net\/de\/sauerstoffpflanzen-lateinisch\/hottonia-palustris\/\" \/>\n<meta property=\"og:site_name\" content=\"Zuurstofplanten.net\" \/>\n<meta property=\"article:modified_time\" content=\"2025-06-04T10:11:15+00:00\" \/>\n<meta property=\"og:image\" content=\"https:\/\/www.zuurstofplanten.net\/wp-content\/uploads\/2024\/10\/Waterviolier.jpg\" \/>\n\t<meta property=\"og:image:width\" content=\"700\" \/>\n\t<meta property=\"og:image:height\" content=\"700\" \/>\n\t<meta property=\"og:image:type\" content=\"image\/jpeg\" \/>\n<meta name=\"twitter:card\" content=\"summary_large_image\" \/>\n<meta name=\"twitter:label1\" content=\"Gesch\u00e4tzte Lesezeit\" \/>\n\t<meta name=\"twitter:data1\" content=\"3\u00a0Minuten\" \/>\n<script type=\"application\/ld+json\" class=\"yoast-schema-graph\">{\"@context\":\"https:\/\/schema.org\",\"@graph\":[{\"@type\":\"WebPage\",\"@id\":\"https:\/\/www.zuurstofplanten.net\/zuurstofplanten-latijns\/hottonia-palustris\/\",\"url\":\"https:\/\/www.zuurstofplanten.net\/zuurstofplanten-latijns\/hottonia-palustris\/\",\"name\":\"Hottonia Palustris | Planten, Onderhoud & Advies | Zuurstofplanten\",\"isPartOf\":{\"@id\":\"https:\/\/www.zuurstofplanten.net\/#website\"},\"primaryImageOfPage\":{\"@id\":\"https:\/\/www.zuurstofplanten.net\/zuurstofplanten-latijns\/hottonia-palustris\/#primaryimage\"},\"image\":{\"@id\":\"https:\/\/www.zuurstofplanten.net\/zuurstofplanten-latijns\/hottonia-palustris\/#primaryimage\"},\"thumbnailUrl\":\"https:\/\/www.zuurstofplanten.net\/wp-content\/uploads\/2024\/10\/Waterviolier-300x300.jpg\",\"datePublished\":\"2024-10-23T07:49:10+00:00\",\"dateModified\":\"2025-06-04T10:11:15+00:00\",\"description\":\"Hottonia Palustris is een mooi bloeiende zuurstofplant. Amfibie\u00ebn kunnen hierbij schuilen en stellen daarom deze zuurstofplant zeer op prijs!\",\"breadcrumb\":{\"@id\":\"https:\/\/www.zuurstofplanten.net\/zuurstofplanten-latijns\/hottonia-palustris\/#breadcrumb\"},\"inLanguage\":\"de\",\"potentialAction\":[{\"@type\":\"ReadAction\",\"target\":[\"https:\/\/www.zuurstofplanten.net\/zuurstofplanten-latijns\/hottonia-palustris\/\"]}]},{\"@type\":\"ImageObject\",\"inLanguage\":\"de\",\"@id\":\"https:\/\/www.zuurstofplanten.net\/zuurstofplanten-latijns\/hottonia-palustris\/#primaryimage\",\"url\":\"https:\/\/www.zuurstofplanten.net\/wp-content\/uploads\/2024\/10\/Waterviolier-300x300.jpg\",\"contentUrl\":\"https:\/\/www.zuurstofplanten.net\/wp-content\/uploads\/2024\/10\/Waterviolier-300x300.jpg\"},{\"@type\":\"BreadcrumbList\",\"@id\":\"https:\/\/www.zuurstofplanten.net\/zuurstofplanten-latijns\/hottonia-palustris\/#breadcrumb\",\"itemListElement\":[{\"@type\":\"ListItem\",\"position\":1,\"name\":\"Home\",\"item\":\"https:\/\/www.zuurstofplanten.net\/\"},{\"@type\":\"ListItem\",\"position\":2,\"name\":\"Latijnse soortnamen\",\"item\":\"https:\/\/www.zuurstofplanten.net\/zuurstofplanten-latijns\/\"},{\"@type\":\"ListItem\",\"position\":3,\"name\":\"Hottonia Palustris\"}]},{\"@type\":\"WebSite\",\"@id\":\"https:\/\/www.zuurstofplanten.net\/#website\",\"url\":\"https:\/\/www.zuurstofplanten.net\/\",\"name\":\"Zuurstofplanten.net\",\"description\":\"\",\"publisher\":{\"@id\":\"https:\/\/www.zuurstofplanten.net\/#organization\"},\"potentialAction\":[{\"@type\":\"SearchAction\",\"target\":{\"@type\":\"EntryPoint\",\"urlTemplate\":\"https:\/\/www.zuurstofplanten.net\/?s={search_term_string}\"},\"query-input\":{\"@type\":\"PropertyValueSpecification\",\"valueRequired\":true,\"valueName\":\"search_term_string\"}}],\"inLanguage\":\"de\"},{\"@type\":\"Organization\",\"@id\":\"https:\/\/www.zuurstofplanten.net\/#organization\",\"name\":\"Zuurstofplanten.net\",\"url\":\"https:\/\/www.zuurstofplanten.net\/\",\"logo\":{\"@type\":\"ImageObject\",\"inLanguage\":\"de\",\"@id\":\"https:\/\/www.zuurstofplanten.net\/#\/schema\/logo\/image\/\",\"url\":\"https:\/\/www.zuurstofplanten.net\/wp-content\/uploads\/2024\/10\/zuurstofplanten-logo-1.jpg\",\"contentUrl\":\"https:\/\/www.zuurstofplanten.net\/wp-content\/uploads\/2024\/10\/zuurstofplanten-logo-1.jpg\",\"width\":180,\"height\":60,\"caption\":\"Zuurstofplanten.net\"},\"image\":{\"@id\":\"https:\/\/www.zuurstofplanten.net\/#\/schema\/logo\/image\/\"}}]}<\/script>\n<!-- \/ Yoast SEO plugin. -->","yoast_head_json":{"title":"Hottonia palustris | Pflanzen, Pflege &amp; Beratung | Sauerstoffpflanzen","description":"Hottonia Palustris ist eine sch\u00f6ne bl\u00fchende Sauerstoffpflanze. Amphibien k\u00f6nnen hier Unterschlupf finden und sch\u00e4tzen daher diese Sauerstoffpflanze sehr!","robots":{"index":"index","follow":"follow","max-snippet":"max-snippet:-1","max-image-preview":"max-image-preview:large","max-video-preview":"max-video-preview:-1"},"canonical":"https:\/\/www.zuurstofplanten.net\/de\/sauerstoffpflanzen-lateinisch\/hottonia-palustris\/","og_locale":"de_DE","og_type":"article","og_title":"Hottonia Palustris | Planten, Onderhoud & Advies | Zuurstofplanten","og_description":"Hottonia Palustris is een mooi bloeiende zuurstofplant. Amfibie\u00ebn kunnen hierbij schuilen en stellen daarom deze zuurstofplant zeer op prijs!","og_url":"https:\/\/www.zuurstofplanten.net\/de\/sauerstoffpflanzen-lateinisch\/hottonia-palustris\/","og_site_name":"Zuurstofplanten.net","article_modified_time":"2025-06-04T10:11:15+00:00","og_image":[{"width":700,"height":700,"url":"https:\/\/www.zuurstofplanten.net\/wp-content\/uploads\/2024\/10\/Waterviolier.jpg","type":"image\/jpeg"}],"twitter_card":"summary_large_image","twitter_misc":{"Gesch\u00e4tzte Lesezeit":"3\u00a0Minuten"},"schema":{"@context":"https:\/\/schema.org","@graph":[{"@type":"WebPage","@id":"https:\/\/www.zuurstofplanten.net\/zuurstofplanten-latijns\/hottonia-palustris\/","url":"https:\/\/www.zuurstofplanten.net\/zuurstofplanten-latijns\/hottonia-palustris\/","name":"Hottonia palustris | Pflanzen, Pflege &amp; Beratung | Sauerstoffpflanzen","isPartOf":{"@id":"https:\/\/www.zuurstofplanten.net\/#website"},"primaryImageOfPage":{"@id":"https:\/\/www.zuurstofplanten.net\/zuurstofplanten-latijns\/hottonia-palustris\/#primaryimage"},"image":{"@id":"https:\/\/www.zuurstofplanten.net\/zuurstofplanten-latijns\/hottonia-palustris\/#primaryimage"},"thumbnailUrl":"https:\/\/www.zuurstofplanten.net\/wp-content\/uploads\/2024\/10\/Waterviolier-300x300.jpg","datePublished":"2024-10-23T07:49:10+00:00","dateModified":"2025-06-04T10:11:15+00:00","description":"Hottonia Palustris ist eine sch\u00f6ne bl\u00fchende Sauerstoffpflanze. Amphibien k\u00f6nnen hier Unterschlupf finden und sch\u00e4tzen daher diese Sauerstoffpflanze sehr!","breadcrumb":{"@id":"https:\/\/www.zuurstofplanten.net\/zuurstofplanten-latijns\/hottonia-palustris\/#breadcrumb"},"inLanguage":"de","potentialAction":[{"@type":"ReadAction","target":["https:\/\/www.zuurstofplanten.net\/zuurstofplanten-latijns\/hottonia-palustris\/"]}]},{"@type":"ImageObject","inLanguage":"de","@id":"https:\/\/www.zuurstofplanten.net\/zuurstofplanten-latijns\/hottonia-palustris\/#primaryimage","url":"https:\/\/www.zuurstofplanten.net\/wp-content\/uploads\/2024\/10\/Waterviolier-300x300.jpg","contentUrl":"https:\/\/www.zuurstofplanten.net\/wp-content\/uploads\/2024\/10\/Waterviolier-300x300.jpg"},{"@type":"BreadcrumbList","@id":"https:\/\/www.zuurstofplanten.net\/zuurstofplanten-latijns\/hottonia-palustris\/#breadcrumb","itemListElement":[{"@type":"ListItem","position":1,"name":"Home","item":"https:\/\/www.zuurstofplanten.net\/"},{"@type":"ListItem","position":2,"name":"Latijnse soortnamen","item":"https:\/\/www.zuurstofplanten.net\/zuurstofplanten-latijns\/"},{"@type":"ListItem","position":3,"name":"Hottonia Palustris"}]},{"@type":"WebSite","@id":"https:\/\/www.zuurstofplanten.net\/#website","url":"https:\/\/www.zuurstofplanten.net\/","name":"Zuurstofplanten.net","description":"","publisher":{"@id":"https:\/\/www.zuurstofplanten.net\/#organization"},"potentialAction":[{"@type":"SearchAction","target":{"@type":"EntryPoint","urlTemplate":"https:\/\/www.zuurstofplanten.net\/?s={search_term_string}"},"query-input":{"@type":"PropertyValueSpecification","valueRequired":true,"valueName":"search_term_string"}}],"inLanguage":"de"},{"@type":"Organization","@id":"https:\/\/www.zuurstofplanten.net\/#organization","name":"Zuurstofplanten.net","url":"https:\/\/www.zuurstofplanten.net\/","logo":{"@type":"ImageObject","inLanguage":"de","@id":"https:\/\/www.zuurstofplanten.net\/#\/schema\/logo\/image\/","url":"https:\/\/www.zuurstofplanten.net\/wp-content\/uploads\/2024\/10\/zuurstofplanten-logo-1.jpg","contentUrl":"https:\/\/www.zuurstofplanten.net\/wp-content\/uploads\/2024\/10\/zuurstofplanten-logo-1.jpg","width":180,"height":60,"caption":"Zuurstofplanten.net"},"image":{"@id":"https:\/\/www.zuurstofplanten.net\/#\/schema\/logo\/image\/"}}]}},"_links":{"self":[{"href":"https:\/\/www.zuurstofplanten.net\/de\/wp-json\/wp\/v2\/pages\/834"}],"collection":[{"href":"https:\/\/www.zuurstofplanten.net\/de\/wp-json\/wp\/v2\/pages"}],"about":[{"href":"https:\/\/www.zuurstofplanten.net\/de\/wp-json\/wp\/v2\/types\/page"}],"author":[{"embeddable":true,"href":"https:\/\/www.zuurstofplanten.net\/de\/wp-json\/wp\/v2\/users\/4"}],"replies":[{"embeddable":true,"href":"https:\/\/www.zuurstofplanten.net\/de\/wp-json\/wp\/v2\/comments?post=834"}],"version-history":[{"count":20,"href":"https:\/\/www.zuurstofplanten.net\/de\/wp-json\/wp\/v2\/pages\/834\/revisions"}],"predecessor-version":[{"id":2169,"href":"https:\/\/www.zuurstofplanten.net\/de\/wp-json\/wp\/v2\/pages\/834\/revisions\/2169"}],"up":[{"embeddable":true,"href":"https:\/\/www.zuurstofplanten.net\/de\/wp-json\/wp\/v2\/pages\/571"}],"wp:attachment":[{"href":"https:\/\/www.zuurstofplanten.net\/de\/wp-json\/wp\/v2\/media?parent=834"}],"curies":[{"name":"wp","href":"https:\/\/api.w.org\/{rel}","templated":true}]}}