{"id":820,"date":"2024-10-18T09:33:38","date_gmt":"2024-10-18T09:33:38","guid":{"rendered":"https:\/\/baselinkhosting.nl\/zuurstofplanten\/?page_id=820"},"modified":"2025-06-16T10:14:19","modified_gmt":"2025-06-16T10:14:19","slug":"elodea-nuttallii","status":"publish","type":"page","link":"https:\/\/www.zuurstofplanten.net\/de\/sauerstoffpflanzen-lateinisch\/elodea-nuttallii\/","title":{"rendered":"Elodea Nuttallii"},"content":{"rendered":"<div data-elementor-type=\"wp-page\" data-elementor-id=\"820\" class=\"elementor elementor-820\" data-elementor-post-type=\"page\">\n\t\t\t\t<div class=\"elementor-element elementor-element-69ec4f1 e-flex e-con-boxed e-con e-parent\" data-id=\"69ec4f1\" data-element_type=\"container\" data-e-type=\"container\" data-settings=\"{&quot;background_background&quot;:&quot;classic&quot;}\">\n\t\t\t\t\t<div class=\"e-con-inner\">\n\t\t\t\t<div class=\"elementor-element elementor-element-addc2d5 elementor-widget elementor-widget-heading\" data-id=\"addc2d5\" data-element_type=\"widget\" data-e-type=\"widget\" data-widget_type=\"heading.default\">\n\t\t\t\t<div class=\"elementor-widget-container\">\n\t\t\t\t\t<h1 class=\"elementor-heading-title elementor-size-default\">Elodea nuttalli<\/h1>\t\t\t\t<\/div>\n\t\t\t\t<\/div>\n\t\t\t\t<div class=\"elementor-element elementor-element-ba0c64f elementor-widget elementor-widget-breadcrumbs\" data-id=\"ba0c64f\" data-element_type=\"widget\" data-e-type=\"widget\" data-widget_type=\"breadcrumbs.default\">\n\t\t\t\t<div class=\"elementor-widget-container\">\n\t\t\t\t\t<p id=\"breadcrumbs\"><span><span><a href=\"https:\/\/www.zuurstofplanten.net\/de\/\">Startseite<\/a><\/span><\/span><\/p>\t\t\t\t<\/div>\n\t\t\t\t<\/div>\n\t\t\t\t\t<\/div>\n\t\t\t\t<\/div>\n\t\t<div class=\"elementor-element elementor-element-742aca3a e-flex e-con-boxed e-con e-parent\" data-id=\"742aca3a\" data-element_type=\"container\" data-e-type=\"container\">\n\t\t\t\t\t<div class=\"e-con-inner\">\n\t\t\t\t<div class=\"elementor-element elementor-element-678675b9 elementor-widget elementor-widget-heading\" data-id=\"678675b9\" data-element_type=\"widget\" data-e-type=\"widget\" data-widget_type=\"heading.default\">\n\t\t\t\t<div class=\"elementor-widget-container\">\n\t\t\t\t\t<h2 class=\"elementor-heading-title elementor-size-default\">Was ist Elodea Nuttallii?<\/h2>\t\t\t\t<\/div>\n\t\t\t\t<\/div>\n\t\t<div class=\"elementor-element elementor-element-4a73a99f e-grid e-con-full e-con e-child\" data-id=\"4a73a99f\" data-element_type=\"container\" data-e-type=\"container\">\n\t\t\t\t<div class=\"elementor-element elementor-element-5c6a5d15 elementor-widget elementor-widget-text-editor\" data-id=\"5c6a5d15\" data-element_type=\"widget\" data-e-type=\"widget\" data-widget_type=\"text-editor.default\">\n\t\t\t\t<div class=\"elementor-widget-container\">\n\t\t\t\t\t\t\t\t\t<p>Dies ist eine bekannte, sehr schnell wachsende Sauerstoffpflanze, die h\u00e4ufig in Teichen verwendet wird. Dieses Pfl\u00e4nzchen verdankt sein sehr schnelles Wachstum der \"Streckung\" der Zellen, zu der es f\u00e4hig ist. So kann diese Sauerstoffpflanze bis zu 10 Zentimeter pro Tag wachsen! Der Vorteil dieser hohen Wachstumsrate ist die hohe Aufnahme von N\u00e4hrstoffen aus dem Wasser und die Zufuhr von viel Sauerstoff. Ein gro\u00dfes Plus f\u00fcr Ihren Teich: Die Sauerstoffpflanze konkurriert bei den N\u00e4hrstoffen mit den Algen, so dass diese viel weniger Chancen haben, Ihren Teich gr\u00fcn zu f\u00e4rben. Ausreichend einbringen <a href=\"https:\/\/www.zuurstofplanten.net\/de\/sauerstoffpflanzen\/breitblattrig\/\">Grobes Hornblatt<\/a> en andere zuurstofplanten zorgt voor bescherming tegen algenbloei in uw vijver. Naast de hoge groeisnelheid heeft deze plant nog een extra wapen om uw vijver helder te krijgen; een speciale symbiose (samenwerking) met micro-organismen zorgt er voor dat zwevende stoffen zo optimaal mogelijk uit het water worden gefilterd, wat weer zorgt voor een verhoogde helderheid van uw vijver. Deze eigenschap wordt ook wel een allopathisch vermogen genoemd, zuurstofplanten als <strong><a href=\"https:\/\/www.zuurstofplanten.net\/de\/sauerstoffpflanzen\/wasserpflanze\/\">Wassergras<\/a> <\/strong>und <strong><a href=\"https:\/\/www.zuurstofplanten.net\/de\/schwimmpflanzen\/krabbenbeere\/\">Fingerhirse<\/a> <\/strong>haben auch diese F\u00e4higkeit.<\/p>\t\t\t\t\t\t\t\t<\/div>\n\t\t\t\t<\/div>\n\t\t\t\t<div class=\"elementor-element elementor-element-240ddddf elementor-cta--skin-classic elementor-animated-content elementor-bg-transform elementor-bg-transform-zoom-in elementor-widget elementor-widget-call-to-action\" data-id=\"240ddddf\" data-element_type=\"widget\" data-e-type=\"widget\" data-widget_type=\"call-to-action.default\">\n\t\t\t\t<div class=\"elementor-widget-container\">\n\t\t\t\t\t\t\t<a class=\"elementor-cta\" href=\"https:\/\/vijvermeester.nl\/catalogsearch\/result\/?q=+waterpest&#038;utm_source=affiliate&#038;utm_medium=partner&#038;utm_campaign=zuurstofplanten_net&#038;utm_content=elodea_nuttallii\" rel=\"nofollow\">\n\t\t\t\t\t<div class=\"elementor-cta__bg-wrapper\">\n\t\t\t\t<div class=\"elementor-cta__bg elementor-bg\" style=\"background-image: url(https:\/\/www.zuurstofplanten.net\/wp-content\/uploads\/2024\/10\/waterpest-close-up-k.jpg);\" role=\"img\" aria-label=\"wasser-sch\u00e4dlinge-nahaufnahme-k\"><\/div>\n\t\t\t\t<div class=\"elementor-cta__bg-overlay\"><\/div>\n\t\t\t<\/div>\n\t\t\t\t\t\t\t<div class=\"elementor-cta__content\">\n\t\t\t\t\n\t\t\t\t\t\t\t\t\t<h2 class=\"elementor-cta__title elementor-cta__content-item elementor-content-item\">\n\t\t\t\t\t\tM\u00f6chten Sie Waterweed kaufen?\t\t\t\t\t<\/h2>\n\t\t\t\t\n\t\t\t\t\t\t\t\t\t<div class=\"elementor-cta__description elementor-cta__content-item elementor-content-item\">\n\t\t\t\t\t\tWaterweed ist \u00fcber den Webshop von De Vijvermeester zu verkaufen. Hier k\u00f6nnen Sie sch\u00f6ne Str\u00e4u\u00dfe von hoher Qualit\u00e4t finden.\t\t\t\t\t<\/div>\n\t\t\t\t\n\t\t\t\t\t\t\t\t\t<div class=\"elementor-cta__button-wrapper elementor-cta__content-item elementor-content-item\">\n\t\t\t\t\t<span class=\"elementor-cta__button elementor-button elementor-size-\">\n\t\t\t\t\t\tBestellung auf Vijvermeester.nl\t\t\t\t\t<\/span>\n\t\t\t\t\t<\/div>\n\t\t\t\t\t\t\t<\/div>\n\t\t\t\t\t\t<\/a>\n\t\t\t\t\t\t<\/div>\n\t\t\t\t<\/div>\n\t\t\t\t<\/div>\n\t\t\t\t<div class=\"elementor-element elementor-element-53cd83fe elementor-widget elementor-widget-heading\" data-id=\"53cd83fe\" data-element_type=\"widget\" data-e-type=\"widget\" data-widget_type=\"heading.default\">\n\t\t\t\t<div class=\"elementor-widget-container\">\n\t\t\t\t\t<h3 class=\"elementor-heading-title elementor-size-default\">Elodea Nuttalli Eigenschaften<\/h3>\t\t\t\t<\/div>\n\t\t\t\t<\/div>\n\t\t\t\t<div class=\"elementor-element elementor-element-7747a446 elementor-widget elementor-widget-text-editor\" data-id=\"7747a446\" data-element_type=\"widget\" data-e-type=\"widget\" data-widget_type=\"text-editor.default\">\n\t\t\t\t<div class=\"elementor-widget-container\">\n\t\t\t\t\t\t\t\t\t<ul><li>Standort: Sonne\/Halbschatten<\/li><li>Essbar f\u00fcr Teichbewohner<\/li><li>L\u00e4nge bis zu ca. 75 cm<\/li><li>W\u00e4chst sehr schnell: guter Algenkonkurrent<\/li><li>Einheimische Pflanze; passt gut in nat\u00fcrliche Teiche<\/li><\/ul>\t\t\t\t\t\t\t\t<\/div>\n\t\t\t\t<\/div>\n\t\t\t\t<div class=\"elementor-element elementor-element-4b711693 elementor-widget elementor-widget-heading\" data-id=\"4b711693\" data-element_type=\"widget\" data-e-type=\"widget\" data-widget_type=\"heading.default\">\n\t\t\t\t<div class=\"elementor-widget-container\">\n\t\t\t\t\t<h3 class=\"elementor-heading-title elementor-size-default\">H\u00e4ufig gestellte Fragen<\/h3>\t\t\t\t<\/div>\n\t\t\t\t<\/div>\n\t\t\t\t<div class=\"elementor-element elementor-element-133f68e0 elementor-widget elementor-widget-heading\" data-id=\"133f68e0\" data-element_type=\"widget\" data-e-type=\"widget\" data-widget_type=\"heading.default\">\n\t\t\t\t<div class=\"elementor-widget-container\">\n\t\t\t\t\t<h4 class=\"elementor-heading-title elementor-size-default\">Wie sieht Elodea nuttallii aus?<\/h4>\t\t\t\t<\/div>\n\t\t\t\t<\/div>\n\t\t\t\t<div class=\"elementor-element elementor-element-2d07a925 elementor-widget elementor-widget-text-editor\" data-id=\"2d07a925\" data-element_type=\"widget\" data-e-type=\"widget\" data-widget_type=\"text-editor.default\">\n\t\t\t\t<div class=\"elementor-widget-container\">\n\t\t\t\t\t\t\t\t\t<p>Es ist leicht, Elodea Nuttallii und Elodea Canandensis zu verwechseln. <a href=\"https:\/\/www.zuurstofplanten.net\/de\/sauerstoffpflanzen\/wasserpflanze\/schmales-wassergras\/\">Schmales Wassergras<\/a> Sie hat jedoch hellgr\u00fcne, d\u00fcnne St\u00e4ngel, im Gegensatz zu <a href=\"https:\/\/www.zuurstofplanten.net\/de\/sauerstoffpflanzen\/wasserpflanze\/breitblattrige-wasserpest\/\">Breit <\/a><a href=\"https:\/\/www.zuurstofplanten.net\/de\/sauerstoffpflanzen\/wasserpflanze\/breitblattrige-wasserpest\/\">Wassergras<\/a>. Letztere ist viel kompakter und hat Bl\u00e4tter rund um den St\u00e4ngel. Die schmale Wasserpest hingegen hat kleine, spitze Bl\u00e4tter. Die Bl\u00e4tter k\u00f6nnen etwa 2 Millimeter breit und 2,5 Zentimeter lang werden. Die schmale Sorte bekommt auch kleine wei\u00dfe Bl\u00fcten. Diese Bl\u00fcten sind im Durchschnitt zwischen 2 und 3,5 Millimeter gro\u00df.<\/p>\t\t\t\t\t\t\t\t<\/div>\n\t\t\t\t<\/div>\n\t\t\t\t<div class=\"elementor-element elementor-element-565092aa elementor-widget elementor-widget-heading\" data-id=\"565092aa\" data-element_type=\"widget\" data-e-type=\"widget\" data-widget_type=\"heading.default\">\n\t\t\t\t<div class=\"elementor-widget-container\">\n\t\t\t\t\t<h2 class=\"elementor-heading-title elementor-size-default\">M\u00f6chten Sie Waterweed kaufen?<\/h2>\t\t\t\t<\/div>\n\t\t\t\t<\/div>\n\t\t\t\t<div class=\"elementor-element elementor-element-2d689acc elementor-widget elementor-widget-image\" data-id=\"2d689acc\" data-element_type=\"widget\" data-e-type=\"widget\" data-widget_type=\"image.default\">\n\t\t\t\t<div class=\"elementor-widget-container\">\n\t\t\t\t\t\t\t\t\t\t\t\t\t\t\t<img fetchpriority=\"high\" decoding=\"async\" width=\"300\" height=\"218\" src=\"https:\/\/www.zuurstofplanten.net\/wp-content\/uploads\/2024\/10\/waterpest-close-up-k-300x218.jpg\" class=\"attachment-medium size-medium wp-image-354\" alt=\"\" srcset=\"https:\/\/www.zuurstofplanten.net\/wp-content\/uploads\/2024\/10\/waterpest-close-up-k-300x218.jpg 300w, https:\/\/www.zuurstofplanten.net\/wp-content\/uploads\/2024\/10\/waterpest-close-up-k.jpg 742w\" sizes=\"(max-width: 300px) 100vw, 300px\" \/>\t\t\t\t\t\t\t\t\t\t\t\t\t\t\t<\/div>\n\t\t\t\t<\/div>\n\t\t\t\t<div class=\"elementor-element elementor-element-cfcc2ab elementor-widget elementor-widget-text-editor\" data-id=\"cfcc2ab\" data-element_type=\"widget\" data-e-type=\"widget\" data-widget_type=\"text-editor.default\">\n\t\t\t\t<div class=\"elementor-widget-container\">\n\t\t\t\t\t\t\t\t\t<p>Waterweed ist erh\u00e4ltlich \u00fcber den Webshop von <strong><a href=\"https:\/\/vijvermeester.nl\/catalogsearch\/result\/?q=+waterpest&amp;utm_source=affiliate&amp;utm_medium=partner&amp;utm_campaign=zuurstofplanten_net&amp;utm_content=elodea_nuttallii\">Der Teichmeister<\/a><\/strong>. Hier k\u00f6nnen Sie sch\u00f6ne W\u00e4lder von hoher Qualit\u00e4t finden.<\/p>\t\t\t\t\t\t\t\t<\/div>\n\t\t\t\t<\/div>\n\t\t\t\t<div class=\"elementor-element elementor-element-78cc51bc elementor-align-left elementor-widget elementor-widget-button\" data-id=\"78cc51bc\" data-element_type=\"widget\" data-e-type=\"widget\" data-widget_type=\"button.default\">\n\t\t\t\t<div class=\"elementor-widget-container\">\n\t\t\t\t\t\t\t\t\t<div class=\"elementor-button-wrapper\">\n\t\t\t\t\t<a class=\"elementor-button elementor-button-link elementor-size-sm elementor-animation-grow\" href=\"https:\/\/vijvermeester.nl\/catalogsearch\/result\/?q=+waterpest&#038;utm_source=affiliate&#038;utm_medium=partner&#038;utm_campaign=zuurstofplanten_net&#038;utm_content=elodea_nuttallii\" rel=\"nofollow\">\n\t\t\t\t\t\t<span class=\"elementor-button-content-wrapper\">\n\t\t\t\t\t\t<span class=\"elementor-button-icon\">\n\t\t\t\t<svg aria-hidden=\"true\" class=\"e-font-icon-svg e-fas-shopping-cart\" viewbox=\"0 0 576 512\" xmlns=\"http:\/\/www.w3.org\/2000\/svg\"><path d=\"M528.12 301.319l47.273-208C578.806 78.301 567.391 64 551.99 64H159.208l-9.166-44.81C147.758 8.021 137.93 0 126.529 0H24C10.745 0 0 10.745 0 24v16c0 13.255 10.745 24 24 24h69.883l70.248 343.435C147.325 417.1 136 435.222 136 456c0 30.928 25.072 56 56 56s56-25.072 56-56c0-15.674-6.447-29.835-16.824-40h209.647C430.447 426.165 424 440.326 424 456c0 30.928 25.072 56 56 56s56-25.072 56-56c0-22.172-12.888-41.332-31.579-50.405l5.517-24.276c3.413-15.018-8.002-29.319-23.403-29.319H218.117l-6.545-32h293.145c11.206 0 20.92-7.754 23.403-18.681z\"><\/path><\/svg>\t\t\t<\/span>\n\t\t\t\t\t\t\t\t\t<span class=\"elementor-button-text\">Waterweed kaufen auf Pond Master.de<\/span>\n\t\t\t\t\t<\/span>\n\t\t\t\t\t<\/a>\n\t\t\t\t<\/div>\n\t\t\t\t\t\t\t\t<\/div>\n\t\t\t\t<\/div>\n\t\t\t\t\t<\/div>\n\t\t\t\t<\/div>\n\t\t\t\t<\/div>","protected":false},"excerpt":{"rendered":"<p>Elodea Nuttalli Wat is Elodea Nuttallii? Dit is een bekende, zeer snel groeiende zuurstofplant en wordt vaak toegepast in vijvers. De zeer snelle groei heeft dit plantje te danken aan het \u201cuitrekken\u201d van de cellen waartoe het in staat is. Hierdoor kan deze zuurstofplant tot wel 10 centimeter per dag groeien! Het voordeel van deze [&hellip;]<\/p>","protected":false},"author":4,"featured_media":0,"parent":571,"menu_order":6,"comment_status":"closed","ping_status":"closed","template":"","meta":{"_acf_changed":false,"iawp_total_views":114,"footnotes":""},"class_list":["post-820","page","type-page","status-publish","hentry"],"acf":[],"yoast_head":"<!-- This site is optimized with the Yoast SEO plugin v25.5 - https:\/\/yoast.com\/wordpress\/plugins\/seo\/ -->\n<title>Elodea Nuttallii | Planten, Onderhoud &amp; Advies | Zuurstofplanten<\/title>\n<meta name=\"description\" content=\"Elodea Nuttallii (Smalle Waterpest) is een algemeen voorkomende waterplant en een inheemse algenconcurrent in vijvers. Lees meer.\" \/>\n<meta name=\"robots\" content=\"index, follow, max-snippet:-1, max-image-preview:large, max-video-preview:-1\" \/>\n<link rel=\"canonical\" href=\"https:\/\/www.zuurstofplanten.net\/de\/sauerstoffpflanzen-lateinisch\/elodea-nuttallii\/\" \/>\n<meta property=\"og:locale\" content=\"de_DE\" \/>\n<meta property=\"og:type\" content=\"article\" \/>\n<meta property=\"og:title\" content=\"Elodea Nuttallii | Planten, Onderhoud &amp; Advies | Zuurstofplanten\" \/>\n<meta property=\"og:description\" content=\"Elodea Nuttallii (Smalle Waterpest) is een algemeen voorkomende waterplant en een inheemse algenconcurrent in vijvers. Lees meer.\" \/>\n<meta property=\"og:url\" content=\"https:\/\/www.zuurstofplanten.net\/de\/sauerstoffpflanzen-lateinisch\/elodea-nuttallii\/\" \/>\n<meta property=\"og:site_name\" content=\"Zuurstofplanten.net\" \/>\n<meta property=\"article:modified_time\" content=\"2025-06-16T10:14:19+00:00\" \/>\n<meta property=\"og:image\" content=\"https:\/\/www.zuurstofplanten.net\/wp-content\/uploads\/2024\/10\/waterpest-close-up-k.jpg\" \/>\n\t<meta property=\"og:image:width\" content=\"742\" \/>\n\t<meta property=\"og:image:height\" content=\"539\" \/>\n\t<meta property=\"og:image:type\" content=\"image\/jpeg\" \/>\n<meta name=\"twitter:card\" content=\"summary_large_image\" \/>\n<meta name=\"twitter:label1\" content=\"Gesch\u00e4tzte Lesezeit\" \/>\n\t<meta name=\"twitter:data1\" content=\"2\u00a0Minuten\" \/>\n<script type=\"application\/ld+json\" class=\"yoast-schema-graph\">{\"@context\":\"https:\/\/schema.org\",\"@graph\":[{\"@type\":\"WebPage\",\"@id\":\"https:\/\/www.zuurstofplanten.net\/zuurstofplanten-latijns\/elodea-nuttallii\/\",\"url\":\"https:\/\/www.zuurstofplanten.net\/zuurstofplanten-latijns\/elodea-nuttallii\/\",\"name\":\"Elodea Nuttallii | Planten, Onderhoud & Advies | Zuurstofplanten\",\"isPartOf\":{\"@id\":\"https:\/\/www.zuurstofplanten.net\/#website\"},\"primaryImageOfPage\":{\"@id\":\"https:\/\/www.zuurstofplanten.net\/zuurstofplanten-latijns\/elodea-nuttallii\/#primaryimage\"},\"image\":{\"@id\":\"https:\/\/www.zuurstofplanten.net\/zuurstofplanten-latijns\/elodea-nuttallii\/#primaryimage\"},\"thumbnailUrl\":\"https:\/\/www.zuurstofplanten.net\/wp-content\/uploads\/2024\/10\/waterpest-close-up-k-300x218.jpg\",\"datePublished\":\"2024-10-18T09:33:38+00:00\",\"dateModified\":\"2025-06-16T10:14:19+00:00\",\"description\":\"Elodea Nuttallii (Smalle Waterpest) is een algemeen voorkomende waterplant en een inheemse algenconcurrent in vijvers. Lees meer.\",\"breadcrumb\":{\"@id\":\"https:\/\/www.zuurstofplanten.net\/zuurstofplanten-latijns\/elodea-nuttallii\/#breadcrumb\"},\"inLanguage\":\"de\",\"potentialAction\":[{\"@type\":\"ReadAction\",\"target\":[\"https:\/\/www.zuurstofplanten.net\/zuurstofplanten-latijns\/elodea-nuttallii\/\"]}]},{\"@type\":\"ImageObject\",\"inLanguage\":\"de\",\"@id\":\"https:\/\/www.zuurstofplanten.net\/zuurstofplanten-latijns\/elodea-nuttallii\/#primaryimage\",\"url\":\"https:\/\/www.zuurstofplanten.net\/wp-content\/uploads\/2024\/10\/waterpest-close-up-k-300x218.jpg\",\"contentUrl\":\"https:\/\/www.zuurstofplanten.net\/wp-content\/uploads\/2024\/10\/waterpest-close-up-k-300x218.jpg\"},{\"@type\":\"BreadcrumbList\",\"@id\":\"https:\/\/www.zuurstofplanten.net\/zuurstofplanten-latijns\/elodea-nuttallii\/#breadcrumb\",\"itemListElement\":[{\"@type\":\"ListItem\",\"position\":1,\"name\":\"Home\",\"item\":\"https:\/\/www.zuurstofplanten.net\/\"},{\"@type\":\"ListItem\",\"position\":2,\"name\":\"Latijnse soortnamen\",\"item\":\"https:\/\/www.zuurstofplanten.net\/zuurstofplanten-latijns\/\"},{\"@type\":\"ListItem\",\"position\":3,\"name\":\"Elodea Nuttallii\"}]},{\"@type\":\"WebSite\",\"@id\":\"https:\/\/www.zuurstofplanten.net\/#website\",\"url\":\"https:\/\/www.zuurstofplanten.net\/\",\"name\":\"Zuurstofplanten.net\",\"description\":\"\",\"publisher\":{\"@id\":\"https:\/\/www.zuurstofplanten.net\/#organization\"},\"potentialAction\":[{\"@type\":\"SearchAction\",\"target\":{\"@type\":\"EntryPoint\",\"urlTemplate\":\"https:\/\/www.zuurstofplanten.net\/?s={search_term_string}\"},\"query-input\":{\"@type\":\"PropertyValueSpecification\",\"valueRequired\":true,\"valueName\":\"search_term_string\"}}],\"inLanguage\":\"de\"},{\"@type\":\"Organization\",\"@id\":\"https:\/\/www.zuurstofplanten.net\/#organization\",\"name\":\"Zuurstofplanten.net\",\"url\":\"https:\/\/www.zuurstofplanten.net\/\",\"logo\":{\"@type\":\"ImageObject\",\"inLanguage\":\"de\",\"@id\":\"https:\/\/www.zuurstofplanten.net\/#\/schema\/logo\/image\/\",\"url\":\"https:\/\/www.zuurstofplanten.net\/wp-content\/uploads\/2024\/10\/zuurstofplanten-logo-1.jpg\",\"contentUrl\":\"https:\/\/www.zuurstofplanten.net\/wp-content\/uploads\/2024\/10\/zuurstofplanten-logo-1.jpg\",\"width\":180,\"height\":60,\"caption\":\"Zuurstofplanten.net\"},\"image\":{\"@id\":\"https:\/\/www.zuurstofplanten.net\/#\/schema\/logo\/image\/\"}}]}<\/script>\n<!-- \/ Yoast SEO plugin. -->","yoast_head_json":{"title":"Elodea Nuttallii | Pflanzen, Pflege &amp; Beratung | Sauerstoffpflanzen","description":"Elodea Nuttallii (Schmales Knabenkraut) ist eine h\u00e4ufige Wasserpflanze und ein einheimischer Algenkonkurrent in Teichen. Lesen Sie mehr.","robots":{"index":"index","follow":"follow","max-snippet":"max-snippet:-1","max-image-preview":"max-image-preview:large","max-video-preview":"max-video-preview:-1"},"canonical":"https:\/\/www.zuurstofplanten.net\/de\/sauerstoffpflanzen-lateinisch\/elodea-nuttallii\/","og_locale":"de_DE","og_type":"article","og_title":"Elodea Nuttallii | Planten, Onderhoud & Advies | Zuurstofplanten","og_description":"Elodea Nuttallii (Smalle Waterpest) is een algemeen voorkomende waterplant en een inheemse algenconcurrent in vijvers. Lees meer.","og_url":"https:\/\/www.zuurstofplanten.net\/de\/sauerstoffpflanzen-lateinisch\/elodea-nuttallii\/","og_site_name":"Zuurstofplanten.net","article_modified_time":"2025-06-16T10:14:19+00:00","og_image":[{"width":742,"height":539,"url":"https:\/\/www.zuurstofplanten.net\/wp-content\/uploads\/2024\/10\/waterpest-close-up-k.jpg","type":"image\/jpeg"}],"twitter_card":"summary_large_image","twitter_misc":{"Gesch\u00e4tzte Lesezeit":"2\u00a0Minuten"},"schema":{"@context":"https:\/\/schema.org","@graph":[{"@type":"WebPage","@id":"https:\/\/www.zuurstofplanten.net\/zuurstofplanten-latijns\/elodea-nuttallii\/","url":"https:\/\/www.zuurstofplanten.net\/zuurstofplanten-latijns\/elodea-nuttallii\/","name":"Elodea Nuttallii | Pflanzen, Pflege &amp; Beratung | Sauerstoffpflanzen","isPartOf":{"@id":"https:\/\/www.zuurstofplanten.net\/#website"},"primaryImageOfPage":{"@id":"https:\/\/www.zuurstofplanten.net\/zuurstofplanten-latijns\/elodea-nuttallii\/#primaryimage"},"image":{"@id":"https:\/\/www.zuurstofplanten.net\/zuurstofplanten-latijns\/elodea-nuttallii\/#primaryimage"},"thumbnailUrl":"https:\/\/www.zuurstofplanten.net\/wp-content\/uploads\/2024\/10\/waterpest-close-up-k-300x218.jpg","datePublished":"2024-10-18T09:33:38+00:00","dateModified":"2025-06-16T10:14:19+00:00","description":"Elodea Nuttallii (Schmales Knabenkraut) ist eine h\u00e4ufige Wasserpflanze und ein einheimischer Algenkonkurrent in Teichen. Lesen Sie mehr.","breadcrumb":{"@id":"https:\/\/www.zuurstofplanten.net\/zuurstofplanten-latijns\/elodea-nuttallii\/#breadcrumb"},"inLanguage":"de","potentialAction":[{"@type":"ReadAction","target":["https:\/\/www.zuurstofplanten.net\/zuurstofplanten-latijns\/elodea-nuttallii\/"]}]},{"@type":"ImageObject","inLanguage":"de","@id":"https:\/\/www.zuurstofplanten.net\/zuurstofplanten-latijns\/elodea-nuttallii\/#primaryimage","url":"https:\/\/www.zuurstofplanten.net\/wp-content\/uploads\/2024\/10\/waterpest-close-up-k-300x218.jpg","contentUrl":"https:\/\/www.zuurstofplanten.net\/wp-content\/uploads\/2024\/10\/waterpest-close-up-k-300x218.jpg"},{"@type":"BreadcrumbList","@id":"https:\/\/www.zuurstofplanten.net\/zuurstofplanten-latijns\/elodea-nuttallii\/#breadcrumb","itemListElement":[{"@type":"ListItem","position":1,"name":"Home","item":"https:\/\/www.zuurstofplanten.net\/"},{"@type":"ListItem","position":2,"name":"Latijnse soortnamen","item":"https:\/\/www.zuurstofplanten.net\/zuurstofplanten-latijns\/"},{"@type":"ListItem","position":3,"name":"Elodea Nuttallii"}]},{"@type":"WebSite","@id":"https:\/\/www.zuurstofplanten.net\/#website","url":"https:\/\/www.zuurstofplanten.net\/","name":"Zuurstofplanten.net","description":"","publisher":{"@id":"https:\/\/www.zuurstofplanten.net\/#organization"},"potentialAction":[{"@type":"SearchAction","target":{"@type":"EntryPoint","urlTemplate":"https:\/\/www.zuurstofplanten.net\/?s={search_term_string}"},"query-input":{"@type":"PropertyValueSpecification","valueRequired":true,"valueName":"search_term_string"}}],"inLanguage":"de"},{"@type":"Organization","@id":"https:\/\/www.zuurstofplanten.net\/#organization","name":"Zuurstofplanten.net","url":"https:\/\/www.zuurstofplanten.net\/","logo":{"@type":"ImageObject","inLanguage":"de","@id":"https:\/\/www.zuurstofplanten.net\/#\/schema\/logo\/image\/","url":"https:\/\/www.zuurstofplanten.net\/wp-content\/uploads\/2024\/10\/zuurstofplanten-logo-1.jpg","contentUrl":"https:\/\/www.zuurstofplanten.net\/wp-content\/uploads\/2024\/10\/zuurstofplanten-logo-1.jpg","width":180,"height":60,"caption":"Zuurstofplanten.net"},"image":{"@id":"https:\/\/www.zuurstofplanten.net\/#\/schema\/logo\/image\/"}}]}},"_links":{"self":[{"href":"https:\/\/www.zuurstofplanten.net\/de\/wp-json\/wp\/v2\/pages\/820"}],"collection":[{"href":"https:\/\/www.zuurstofplanten.net\/de\/wp-json\/wp\/v2\/pages"}],"about":[{"href":"https:\/\/www.zuurstofplanten.net\/de\/wp-json\/wp\/v2\/types\/page"}],"author":[{"embeddable":true,"href":"https:\/\/www.zuurstofplanten.net\/de\/wp-json\/wp\/v2\/users\/4"}],"replies":[{"embeddable":true,"href":"https:\/\/www.zuurstofplanten.net\/de\/wp-json\/wp\/v2\/comments?post=820"}],"version-history":[{"count":29,"href":"https:\/\/www.zuurstofplanten.net\/de\/wp-json\/wp\/v2\/pages\/820\/revisions"}],"predecessor-version":[{"id":2275,"href":"https:\/\/www.zuurstofplanten.net\/de\/wp-json\/wp\/v2\/pages\/820\/revisions\/2275"}],"up":[{"embeddable":true,"href":"https:\/\/www.zuurstofplanten.net\/de\/wp-json\/wp\/v2\/pages\/571"}],"wp:attachment":[{"href":"https:\/\/www.zuurstofplanten.net\/de\/wp-json\/wp\/v2\/media?parent=820"}],"curies":[{"name":"wp","href":"https:\/\/api.w.org\/{rel}","templated":true}]}}