{"id":778,"date":"2024-10-18T07:01:16","date_gmt":"2024-10-18T07:01:10","guid":{"rendered":"https:\/\/baselinkhosting.nl\/zuurstofplanten\/?page_id=778"},"modified":"2025-06-03T14:32:14","modified_gmt":"2025-06-03T14:32:14","slug":"sauerstoffpflanzen","status":"publish","type":"page","link":"https:\/\/www.zuurstofplanten.net\/de\/sauerstoffpflanzen\/","title":{"rendered":"Sauerstoffanlagen"},"content":{"rendered":"<div data-elementor-type=\"wp-page\" data-elementor-id=\"778\" class=\"elementor elementor-778\" data-elementor-post-type=\"page\">\n\t\t\t\t<div class=\"elementor-element elementor-element-a322cb5 e-flex e-con-boxed e-con e-parent\" data-id=\"a322cb5\" data-element_type=\"container\" data-e-type=\"container\" data-settings=\"{&quot;background_background&quot;:&quot;classic&quot;}\">\n\t\t\t\t\t<div class=\"e-con-inner\">\n\t\t\t\t<div class=\"elementor-element elementor-element-42e61dc elementor-widget elementor-widget-heading\" data-id=\"42e61dc\" data-element_type=\"widget\" data-e-type=\"widget\" data-widget_type=\"heading.default\">\n\t\t\t\t<div class=\"elementor-widget-container\">\n\t\t\t\t\t<h2 class=\"elementor-heading-title elementor-size-default\">Sauerstoffanlagen<\/h2>\t\t\t\t<\/div>\n\t\t\t\t<\/div>\n\t\t\t\t<div class=\"elementor-element elementor-element-2e8ec46 elementor-widget elementor-widget-text-editor\" data-id=\"2e8ec46\" data-element_type=\"widget\" data-e-type=\"widget\" data-widget_type=\"text-editor.default\">\n\t\t\t\t<div class=\"elementor-widget-container\">\n\t\t\t\t\t\t\t\t\t<p>Eine wichtige Ressource f\u00fcr einen sauberen und gesunden Teich<\/p>\t\t\t\t\t\t\t\t<\/div>\n\t\t\t\t<\/div>\n\t\t\t\t<div class=\"elementor-element elementor-element-ed3abf4 elementor-widget elementor-widget-breadcrumbs\" data-id=\"ed3abf4\" data-element_type=\"widget\" data-e-type=\"widget\" data-widget_type=\"breadcrumbs.default\">\n\t\t\t\t<div class=\"elementor-widget-container\">\n\t\t\t\t\t<p id=\"breadcrumbs\"><span><span><a href=\"https:\/\/www.zuurstofplanten.net\/de\/\">Startseite<\/a><\/span><\/span><\/p>\t\t\t\t<\/div>\n\t\t\t\t<\/div>\n\t\t\t\t\t<\/div>\n\t\t\t\t<\/div>\n\t\t<div class=\"elementor-element elementor-element-4b12fb6c e-flex e-con-boxed e-con e-parent\" data-id=\"4b12fb6c\" data-element_type=\"container\" data-e-type=\"container\">\n\t\t\t\t\t<div class=\"e-con-inner\">\n\t\t\t\t<div class=\"elementor-element elementor-element-546c5c76 elementor-widget elementor-widget-heading\" data-id=\"546c5c76\" data-element_type=\"widget\" data-e-type=\"widget\" data-widget_type=\"heading.default\">\n\t\t\t\t<div class=\"elementor-widget-container\">\n\t\t\t\t\t<h2 class=\"elementor-heading-title elementor-size-default\">Sauerstoffpflanzen in Ihrem Teich. Eine wichtige Ressource f\u00fcr einen sauberen Teich.<\/h2>\t\t\t\t<\/div>\n\t\t\t\t<\/div>\n\t\t<div class=\"elementor-element elementor-element-19a4bfaf e-flex e-con-boxed e-con e-child\" data-id=\"19a4bfaf\" data-element_type=\"container\" data-e-type=\"container\">\n\t\t\t\t\t<div class=\"e-con-inner\">\n\t\t\t\t<div class=\"elementor-element elementor-element-13c91486 elementor-widget elementor-widget-text-editor\" data-id=\"13c91486\" data-element_type=\"widget\" data-e-type=\"widget\" data-widget_type=\"text-editor.default\">\n\t\t\t\t<div class=\"elementor-widget-container\">\n\t\t\t\t\t\t\t\t\t<h2>Sauerstoffpflanzen, warum sind sie wichtig f\u00fcr Ihren Teich?<\/h2><p>Der Mensch kann ohne Sauerstoff nicht leben. Auch die meisten anderen Lebensformen brauchen Sauerstoff. Das gilt nat\u00fcrlich auch f\u00fcr die Organismen in Ihrem Teich. Deshalb ist es wichtig, dass gen\u00fcgend Sauerstoff im Wasser vorhanden ist. Sauerstoff kann auf verschiedene Weise ins Wasser gelangen:<\/p><p><em>K\u00fcnstlich<\/em><\/p><p>Dies kann z. B. \u00fcber eine Luftpumpe oder einen Springbrunnen geschehen. Durch das Einblasen von Luft oder das Spritzen des Wassers an der Oberfl\u00e4che l\u00f6st sich der Sauerstoff im Wasser. In flachen Teichen ohne viele Wasserpflanzen kann diese Art der Bel\u00fcftung im Sommer ein Fischsterben verhindern. In gr\u00f6\u00dferen Gew\u00e4ssern oder Teichen wird oft ein gro\u00dfer Bel\u00fcfter eingesetzt. Dies geschieht in der Regel an oder nach mehreren warmen Tagen. Der Grund daf\u00fcr ist, dass sich in warmem Wasser weniger Sauerstoff l\u00f6sen kann, was zu Problemen f\u00fchren kann.<\/p><p><em>Nat\u00fcrlich<\/em><\/p><p>Durch den Austausch zwischen Luft und Wasser wird dem Wasser nur begrenzt Sauerstoff zugef\u00fchrt. In gr\u00f6\u00dferen Gew\u00e4ssern sind Wellenschlag und Windeinwirkung zus\u00e4tzlich ein wichtiger Sauerstofflieferant.\u00a0<\/p><p>Sauerstoff wird von Wasserpflanzen unter dem Einfluss von Sonnenlicht produziert. Wie B\u00e4ume und Pflanzen an Land, so tun dies auch Sauerstoffpflanzen unter Wasser. Die Bepflanzung Ihres Teiches mit Wasserpflanzen tr\u00e4gt zu einem gesunden Sauerstoffhaushalt bei. Aber es gibt noch mehr Vorteile f\u00fcr Ihren Teich:<\/p>\t\t\t\t\t\t\t\t<\/div>\n\t\t\t\t<\/div>\n\t\t\t\t\t<\/div>\n\t\t\t\t<\/div>\n\t\t\t\t<div class=\"elementor-element elementor-element-3d55a9c4 elementor-widget elementor-widget-heading\" data-id=\"3d55a9c4\" data-element_type=\"widget\" data-e-type=\"widget\" data-widget_type=\"heading.default\">\n\t\t\t\t<div class=\"elementor-widget-container\">\n\t\t\t\t\t<h3 class=\"elementor-heading-title elementor-size-default\">H\u00e4ufig gestellte Fragen<\/h3>\t\t\t\t<\/div>\n\t\t\t\t<\/div>\n\t\t\t\t<div class=\"elementor-element elementor-element-5ed49cfb elementor-widget elementor-widget-heading\" data-id=\"5ed49cfb\" data-element_type=\"widget\" data-e-type=\"widget\" data-widget_type=\"heading.default\">\n\t\t\t\t<div class=\"elementor-widget-container\">\n\t\t\t\t\t<h4 class=\"elementor-heading-title elementor-size-default\">Was sind die Vorteile von Sauerstoffpflanzen im Teich?<\/h4>\t\t\t\t<\/div>\n\t\t\t\t<\/div>\n\t\t\t\t<div class=\"elementor-element elementor-element-36dda23b elementor-widget elementor-widget-text-editor\" data-id=\"36dda23b\" data-element_type=\"widget\" data-e-type=\"widget\" data-widget_type=\"text-editor.default\">\n\t\t\t\t<div class=\"elementor-widget-container\">\n\t\t\t\t\t\t\t\t\t<ul><li>Sauerstoffpflanzen f\u00fcgen dem Wasser Sauerstoff zu.<\/li><li>Bieten Nahrung; mehrere Arten sind f\u00fcr Fische essbar.<\/li><li>Den Teich anlegen und sauber halten.<\/li><li>Verhinderung oder Eind\u00e4mmung von Algen durch Konkurrenz um N\u00e4hrstoffe.<\/li><li>Steigern Sie die Attraktivit\u00e4t Ihres Teiches mit bl\u00fchenden Arten.<\/li><li>Produktion von Sauerstoff durch Wasserpflanzen.<\/li><\/ul><p>Sauerstoffpflanzen sind in Aquarien und Teichen unverzichtbar. Denn wie ihr Name schon sagt, f\u00fcgen sie dem Wasser Sauerstoff zu. Dies geschieht durch einen Prozess, der als sauerstoffhaltige Photosynthese bezeichnet wird. Unter dem Einfluss von Sonnenlicht werden aus Wasser und CO2 Glukose und Sauerstoff gebildet (mehr Infos:\u00a0<a href=\"http:\/\/nl.wikipedia.org\/wiki\/Fotosynthese\" target=\"_blank\" rel=\"noopener\">Wikipedia<\/a>). Sauerstoff ist f\u00fcr (aquatisches) Leben, wie Fische und andere Teich- oder Aquarienbewohner, unerl\u00e4sslich.<\/p>\t\t\t\t\t\t\t\t<\/div>\n\t\t\t\t<\/div>\n\t\t\t\t<div class=\"elementor-element elementor-element-6206cbc elementor-widget elementor-widget-heading\" data-id=\"6206cbc\" data-element_type=\"widget\" data-e-type=\"widget\" data-widget_type=\"heading.default\">\n\t\t\t\t<div class=\"elementor-widget-container\">\n\t\t\t\t\t<h4 class=\"elementor-heading-title elementor-size-default\">Sind Sauerstoffpflanzen essbar?<\/h4>\t\t\t\t<\/div>\n\t\t\t\t<\/div>\n\t\t\t\t<div class=\"elementor-element elementor-element-583d7f85 elementor-widget elementor-widget-text-editor\" data-id=\"583d7f85\" data-element_type=\"widget\" data-e-type=\"widget\" data-widget_type=\"text-editor.default\">\n\t\t\t\t<div class=\"elementor-widget-container\">\n\t\t\t\t\t\t\t\t\t<p>Einige Wasserpflanzen, wie z. B. Wasserpest, sind f\u00fcr Fische essbar und k\u00f6nnen den Nahrungsbedarf der Teichbewohner teilweise decken. Es gibt auch Wasserpflanzen, die f\u00fcr den Menschen essbar sind. Die Brunnenkresse ist ein Beispiel daf\u00fcr. Manchmal m\u00f6chte man aber auch, dass die Pflanzen nicht von den Fischen gefressen werden. Pflanzen wie Crabber sind dann eine Option.<\/p>\t\t\t\t\t\t\t\t<\/div>\n\t\t\t\t<\/div>\n\t\t\t\t<div class=\"elementor-element elementor-element-3f25ec23 elementor-widget elementor-widget-heading\" data-id=\"3f25ec23\" data-element_type=\"widget\" data-e-type=\"widget\" data-widget_type=\"heading.default\">\n\t\t\t\t<div class=\"elementor-widget-container\">\n\t\t\t\t\t<h4 class=\"elementor-heading-title elementor-size-default\">K\u00f6nnen Sauerstoffpflanzen die Klarheit meines Teiches wiederherstellen?<\/h4>\t\t\t\t<\/div>\n\t\t\t\t<\/div>\n\t\t\t\t<div class=\"elementor-element elementor-element-26ab49bb elementor-widget elementor-widget-text-editor\" data-id=\"26ab49bb\" data-element_type=\"widget\" data-e-type=\"widget\" data-widget_type=\"text-editor.default\">\n\t\t\t\t<div class=\"elementor-widget-container\">\n\t\t\t\t\t\t\t\t\t<p>Neben der Produktion von Sauerstoff und der Bereitstellung von Nahrung ist ein wichtiger Vorteil von Sauerstoffpflanzen, dass sie f\u00fcr einen klaren Teich sorgen. Schwebstoffe, die f\u00fcr einen tr\u00fcben Teich sorgen, sind oft weitgehend organischen Ursprungs und k\u00f6nnen von Wasserpflanzen als N\u00e4hrstoffe genutzt werden. Pflanzen wie Wasserpest und Hornblatt nehmen beim Wachsen viele dieser N\u00e4hrstoffe aus dem Wasser auf und filtern sozusagen das Teichwasser. Dar\u00fcber hinaus haben einige Sauerstoffpflanzen besondere Eigenschaften, die das Wasser noch effektiver reinigen. Das Hornkraut zum Beispiel, aber auch das Gl\u00e4nzende Teichkraut, sondert einen Stoff ab, der das Algenwachstum verringert. Wir nennen dies allelopathisch.\u00a0<\/p>\t\t\t\t\t\t\t\t<\/div>\n\t\t\t\t<\/div>\n\t\t\t\t<div class=\"elementor-element elementor-element-31aecf70 elementor-widget elementor-widget-heading\" data-id=\"31aecf70\" data-element_type=\"widget\" data-e-type=\"widget\" data-widget_type=\"heading.default\">\n\t\t\t\t<div class=\"elementor-widget-container\">\n\t\t\t\t\t<h4 class=\"elementor-heading-title elementor-size-default\">Sind Sauerstoffpflanzen eine L\u00f6sung f\u00fcr das Algenwachstum?<\/h4>\t\t\t\t<\/div>\n\t\t\t\t<\/div>\n\t\t\t\t<div class=\"elementor-element elementor-element-40fdeae0 elementor-widget elementor-widget-text-editor\" data-id=\"40fdeae0\" data-element_type=\"widget\" data-e-type=\"widget\" data-widget_type=\"text-editor.default\">\n\t\t\t\t<div class=\"elementor-widget-container\">\n\t\t\t\t\t\t\t\t\t<p>Ein h\u00e4ufiges Problem in Teichen ist das schnelle Wachstum von Algen. Der Teich kann schnell gr\u00fcn werden, wenn er sich schnell erw\u00e4rmt und die Sonne scheint. Das liegt daran, dass Algen in n\u00e4hrstoffreichem Wasser sehr explosionsartig wachsen k\u00f6nnen und eine so genannte Algenbl\u00fcte verursachen. Das Wasser ist dann voller (fadenf\u00f6rmiger) Algen und sieht nicht mehr sch\u00f6n aus. N\u00e4hrstoffreiches Wasser kann z. B. durch Fischf\u00fctterung entstehen, aber auch Fischkot enth\u00e4lt viel D\u00fcnger. Schnell wachsende Wasserpflanzen wie Wasserpest und Hornblatt konkurrieren mit den Algen um die N\u00e4hrstoffe und verringern so die Wahrscheinlichkeit einer Algenbl\u00fcte.<\/p>\t\t\t\t\t\t\t\t<\/div>\n\t\t\t\t<\/div>\n\t\t\t\t<div class=\"elementor-element elementor-element-4b6a90ec elementor-widget elementor-widget-heading\" data-id=\"4b6a90ec\" data-element_type=\"widget\" data-e-type=\"widget\" data-widget_type=\"heading.default\">\n\t\t\t\t<div class=\"elementor-widget-container\">\n\t\t\t\t\t<h4 class=\"elementor-heading-title elementor-size-default\">Wie sollte ich Sauerstoffpflanzen in meinem Teich pflanzen?<\/h4>\t\t\t\t<\/div>\n\t\t\t\t<\/div>\n\t\t\t\t<div class=\"elementor-element elementor-element-446ce077 elementor-widget elementor-widget-text-editor\" data-id=\"446ce077\" data-element_type=\"widget\" data-e-type=\"widget\" data-widget_type=\"text-editor.default\">\n\t\t\t\t<div class=\"elementor-widget-container\">\n\t\t\t\t\t\t\t\t\t<p>Um optimale Ergebnisse mit Sauerstoffpflanzen zu erzielen, ist es ratsam, etwa 4 bis 5 B\u00fcschel pro 1000 Liter Wasser zu verwenden. Das mag viel erscheinen, aber um Algenbl\u00fcten zu vermeiden und die beste Klarheit im Teich zu erhalten, ist dies wirklich notwendig. Am besten - und nat\u00fcrlich am sch\u00f6nsten - ist es, eine Vielzahl von Arten zu verwenden. So gibt es immer eine Art, die sch\u00f6ne Bl\u00fcten tr\u00e4gt oder optimal w\u00e4chst.<\/p><p>Sie m\u00fcssen darauf achten, welche Arten Sie wo einsetzen. Einige Arten m\u00fcssen in einen Teichkorb gepflanzt werden, wie z. B. das Wasserkraut oder das Gl\u00e4nzende Teichkraut, w\u00e4hrend andere frei im Teich schwimmen, wie z. B. das Hornblatt oder das Krebskraut.<\/p>\t\t\t\t\t\t\t\t<\/div>\n\t\t\t\t<\/div>\n\t\t\t\t<div class=\"elementor-element elementor-element-7ed5939b elementor-widget elementor-widget-heading\" data-id=\"7ed5939b\" data-element_type=\"widget\" data-e-type=\"widget\" data-widget_type=\"heading.default\">\n\t\t\t\t<div class=\"elementor-widget-container\">\n\t\t\t\t\t<h2 class=\"elementor-heading-title elementor-size-default\">Kauf von Sauerstoffpflanzen?<\/h2>\t\t\t\t<\/div>\n\t\t\t\t<\/div>\n\t\t\t\t<div class=\"elementor-element elementor-element-42f52f01 elementor-widget elementor-widget-image\" data-id=\"42f52f01\" data-element_type=\"widget\" data-e-type=\"widget\" data-widget_type=\"image.default\">\n\t\t\t\t<div class=\"elementor-widget-container\">\n\t\t\t\t\t\t\t\t\t\t\t\t\t\t\t<img fetchpriority=\"high\" decoding=\"async\" width=\"300\" height=\"252\" src=\"https:\/\/www.zuurstofplanten.net\/wp-content\/uploads\/2024\/10\/zuurstofplanten_pakket-300x252.jpg\" class=\"attachment-medium size-medium wp-image-376\" alt=\"\" srcset=\"https:\/\/www.zuurstofplanten.net\/wp-content\/uploads\/2024\/10\/zuurstofplanten_pakket-300x252.jpg 300w, https:\/\/www.zuurstofplanten.net\/wp-content\/uploads\/2024\/10\/zuurstofplanten_pakket.jpg 552w\" sizes=\"(max-width: 300px) 100vw, 300px\" \/>\t\t\t\t\t\t\t\t\t\t\t\t\t\t\t<\/div>\n\t\t\t\t<\/div>\n\t\t\t\t<div class=\"elementor-element elementor-element-295f81ce elementor-widget elementor-widget-text-editor\" data-id=\"295f81ce\" data-element_type=\"widget\" data-e-type=\"widget\" data-widget_type=\"text-editor.default\">\n\t\t\t\t<div class=\"elementor-widget-container\">\n\t\t\t\t\t\t\t\t\t<p>Sind Sie neugierig, was Sauerstoffpflanzen f\u00fcr Ihren Teich tun k\u00f6nnen? Wir haben gute Erfahrungen mit den Sauerstoffpflanzen von De Vijvermeester gemacht. Sie haben sch\u00f6ne Str\u00e4u\u00dfe von hoher Qualit\u00e4t. \u00dcber die Schaltfl\u00e4che unten gelangen Sie direkt zum Webshop.\u00a0<\/p>\t\t\t\t\t\t\t\t<\/div>\n\t\t\t\t<\/div>\n\t\t\t\t<div class=\"elementor-element elementor-element-43d7cf8 elementor-align-left elementor-tablet-align-center elementor-widget elementor-widget-button\" data-id=\"43d7cf8\" data-element_type=\"widget\" data-e-type=\"widget\" data-widget_type=\"button.default\">\n\t\t\t\t<div class=\"elementor-widget-container\">\n\t\t\t\t\t\t\t\t\t<div class=\"elementor-button-wrapper\">\n\t\t\t\t\t<a class=\"elementor-button elementor-button-link elementor-size-sm elementor-animation-grow\" href=\"https:\/\/vijvermeester.nl\/zuurstofplanten.html?utm_source=affiliate&#038;utm_medium=partner&#038;utm_campaign=zuurstofplanten_net&#038;utm_content=zuurstofplanten\">\n\t\t\t\t\t\t<span class=\"elementor-button-content-wrapper\">\n\t\t\t\t\t\t<span class=\"elementor-button-icon\">\n\t\t\t\t<svg aria-hidden=\"true\" class=\"e-font-icon-svg e-fas-shopping-cart\" viewbox=\"0 0 576 512\" xmlns=\"http:\/\/www.w3.org\/2000\/svg\"><path d=\"M528.12 301.319l47.273-208C578.806 78.301 567.391 64 551.99 64H159.208l-9.166-44.81C147.758 8.021 137.93 0 126.529 0H24C10.745 0 0 10.745 0 24v16c0 13.255 10.745 24 24 24h69.883l70.248 343.435C147.325 417.1 136 435.222 136 456c0 30.928 25.072 56 56 56s56-25.072 56-56c0-15.674-6.447-29.835-16.824-40h209.647C430.447 426.165 424 440.326 424 456c0 30.928 25.072 56 56 56s56-25.072 56-56c0-22.172-12.888-41.332-31.579-50.405l5.517-24.276c3.413-15.018-8.002-29.319-23.403-29.319H218.117l-6.545-32h293.145c11.206 0 20.92-7.754 23.403-18.681z\"><\/path><\/svg>\t\t\t<\/span>\n\t\t\t\t\t\t\t\t\t<span class=\"elementor-button-text\">Klicken Sie hier, um den Vijvermeester.nl zu besuchen<\/span>\n\t\t\t\t\t<\/span>\n\t\t\t\t\t<\/a>\n\t\t\t\t<\/div>\n\t\t\t\t\t\t\t\t<\/div>\n\t\t\t\t<\/div>\n\t\t\t\t\t<\/div>\n\t\t\t\t<\/div>\n\t\t\t\t<\/div>","protected":false},"excerpt":{"rendered":"<p>Sauerstoffpflanzen Eine wichtige Quelle f\u00fcr einen sauberen und gesunden Teich Sauerstoffpflanzen in Ihrem Teich. Eine wichtige Quelle f\u00fcr einen sauberen Teich. Sauerstoffpflanzen, warum sind sie wichtig f\u00fcr Ihren Teich? Der Mensch kann ohne Sauerstoff nicht leben. Auch die meisten anderen Lebensformen brauchen Sauerstoff. Das gilt nat\u00fcrlich auch f\u00fcr die Organismen in Ihrem Teich. Deshalb ist es [...]<\/p>","protected":false},"author":4,"featured_media":0,"parent":0,"menu_order":1,"comment_status":"closed","ping_status":"closed","template":"","meta":{"_acf_changed":false,"iawp_total_views":465,"footnotes":""},"class_list":["post-778","page","type-page","status-publish","hentry"],"acf":[],"yoast_head":"<!-- This site is optimized with the Yoast SEO plugin v25.5 - https:\/\/yoast.com\/wordpress\/plugins\/seo\/ -->\n<title>Zuurstofplanten in de Vijver? | Advies &amp; Informatie | Zuurstofplanten<\/title>\n<meta name=\"description\" content=\"Zuurstofplanten zijn onmisbaar in elke vijver. Waarom? Op deze pagina leest u over de functie in uw vijver en het onderhoud. Lees meer.\" \/>\n<meta name=\"robots\" content=\"index, follow, max-snippet:-1, max-image-preview:large, max-video-preview:-1\" \/>\n<link rel=\"canonical\" href=\"https:\/\/www.zuurstofplanten.net\/de\/sauerstoffpflanzen\/\" \/>\n<meta property=\"og:locale\" content=\"de_DE\" \/>\n<meta property=\"og:type\" content=\"article\" \/>\n<meta property=\"og:title\" content=\"Zuurstofplanten in de Vijver? | Advies &amp; Informatie | Zuurstofplanten\" \/>\n<meta property=\"og:description\" content=\"Zuurstofplanten zijn onmisbaar in elke vijver. Waarom? Op deze pagina leest u over de functie in uw vijver en het onderhoud. Lees meer.\" \/>\n<meta property=\"og:url\" content=\"https:\/\/www.zuurstofplanten.net\/de\/sauerstoffpflanzen\/\" \/>\n<meta property=\"og:site_name\" content=\"Zuurstofplanten.net\" \/>\n<meta property=\"article:modified_time\" content=\"2025-06-03T14:32:14+00:00\" \/>\n<meta property=\"og:image\" content=\"https:\/\/www.zuurstofplanten.net\/wp-content\/uploads\/2024\/10\/zuurstofplanten_pakket.jpg\" \/>\n\t<meta property=\"og:image:width\" content=\"552\" \/>\n\t<meta property=\"og:image:height\" content=\"464\" \/>\n\t<meta property=\"og:image:type\" content=\"image\/jpeg\" \/>\n<meta name=\"twitter:card\" content=\"summary_large_image\" \/>\n<meta name=\"twitter:label1\" content=\"Gesch\u00e4tzte Lesezeit\" \/>\n\t<meta name=\"twitter:data1\" content=\"5\u00a0Minuten\" \/>\n<script type=\"application\/ld+json\" class=\"yoast-schema-graph\">{\"@context\":\"https:\/\/schema.org\",\"@graph\":[{\"@type\":\"WebPage\",\"@id\":\"https:\/\/www.zuurstofplanten.net\/zuurstof-planten\/\",\"url\":\"https:\/\/www.zuurstofplanten.net\/zuurstof-planten\/\",\"name\":\"Zuurstofplanten in de Vijver? | Advies & Informatie | Zuurstofplanten\",\"isPartOf\":{\"@id\":\"https:\/\/www.zuurstofplanten.net\/#website\"},\"primaryImageOfPage\":{\"@id\":\"https:\/\/www.zuurstofplanten.net\/zuurstof-planten\/#primaryimage\"},\"image\":{\"@id\":\"https:\/\/www.zuurstofplanten.net\/zuurstof-planten\/#primaryimage\"},\"thumbnailUrl\":\"https:\/\/www.zuurstofplanten.net\/wp-content\/uploads\/2024\/10\/zuurstofplanten_pakket-300x252.jpg\",\"datePublished\":\"2024-10-18T07:01:10+00:00\",\"dateModified\":\"2025-06-03T14:32:14+00:00\",\"description\":\"Zuurstofplanten zijn onmisbaar in elke vijver. Waarom? Op deze pagina leest u over de functie in uw vijver en het onderhoud. Lees meer.\",\"breadcrumb\":{\"@id\":\"https:\/\/www.zuurstofplanten.net\/zuurstof-planten\/#breadcrumb\"},\"inLanguage\":\"de\",\"potentialAction\":[{\"@type\":\"ReadAction\",\"target\":[\"https:\/\/www.zuurstofplanten.net\/zuurstof-planten\/\"]}]},{\"@type\":\"ImageObject\",\"inLanguage\":\"de\",\"@id\":\"https:\/\/www.zuurstofplanten.net\/zuurstof-planten\/#primaryimage\",\"url\":\"https:\/\/www.zuurstofplanten.net\/wp-content\/uploads\/2024\/10\/zuurstofplanten_pakket-300x252.jpg\",\"contentUrl\":\"https:\/\/www.zuurstofplanten.net\/wp-content\/uploads\/2024\/10\/zuurstofplanten_pakket-300x252.jpg\"},{\"@type\":\"BreadcrumbList\",\"@id\":\"https:\/\/www.zuurstofplanten.net\/zuurstof-planten\/#breadcrumb\",\"itemListElement\":[{\"@type\":\"ListItem\",\"position\":1,\"name\":\"Home\",\"item\":\"https:\/\/www.zuurstofplanten.net\/\"},{\"@type\":\"ListItem\",\"position\":2,\"name\":\"Zuurstofplanten\"}]},{\"@type\":\"WebSite\",\"@id\":\"https:\/\/www.zuurstofplanten.net\/#website\",\"url\":\"https:\/\/www.zuurstofplanten.net\/\",\"name\":\"Zuurstofplanten.net\",\"description\":\"\",\"publisher\":{\"@id\":\"https:\/\/www.zuurstofplanten.net\/#organization\"},\"potentialAction\":[{\"@type\":\"SearchAction\",\"target\":{\"@type\":\"EntryPoint\",\"urlTemplate\":\"https:\/\/www.zuurstofplanten.net\/?s={search_term_string}\"},\"query-input\":{\"@type\":\"PropertyValueSpecification\",\"valueRequired\":true,\"valueName\":\"search_term_string\"}}],\"inLanguage\":\"de\"},{\"@type\":\"Organization\",\"@id\":\"https:\/\/www.zuurstofplanten.net\/#organization\",\"name\":\"Zuurstofplanten.net\",\"url\":\"https:\/\/www.zuurstofplanten.net\/\",\"logo\":{\"@type\":\"ImageObject\",\"inLanguage\":\"de\",\"@id\":\"https:\/\/www.zuurstofplanten.net\/#\/schema\/logo\/image\/\",\"url\":\"https:\/\/www.zuurstofplanten.net\/wp-content\/uploads\/2024\/10\/zuurstofplanten-logo-1.jpg\",\"contentUrl\":\"https:\/\/www.zuurstofplanten.net\/wp-content\/uploads\/2024\/10\/zuurstofplanten-logo-1.jpg\",\"width\":180,\"height\":60,\"caption\":\"Zuurstofplanten.net\"},\"image\":{\"@id\":\"https:\/\/www.zuurstofplanten.net\/#\/schema\/logo\/image\/\"}}]}<\/script>\n<!-- \/ Yoast SEO plugin. -->","yoast_head_json":{"title":"Sauerstoffpflanzen im Teich | Beratung &amp; Information | Sauerstoffpflanzen","description":"Sauerstoffpflanzen sind in jedem Teich unverzichtbar. Warum eigentlich? Auf dieser Seite erfahren Sie, welche Funktion sie in Ihrem Teich haben und wie Sie sie pflegen k\u00f6nnen. Lesen Sie mehr.","robots":{"index":"index","follow":"follow","max-snippet":"max-snippet:-1","max-image-preview":"max-image-preview:large","max-video-preview":"max-video-preview:-1"},"canonical":"https:\/\/www.zuurstofplanten.net\/de\/sauerstoffpflanzen\/","og_locale":"de_DE","og_type":"article","og_title":"Zuurstofplanten in de Vijver? | Advies & Informatie | Zuurstofplanten","og_description":"Zuurstofplanten zijn onmisbaar in elke vijver. Waarom? Op deze pagina leest u over de functie in uw vijver en het onderhoud. Lees meer.","og_url":"https:\/\/www.zuurstofplanten.net\/de\/sauerstoffpflanzen\/","og_site_name":"Zuurstofplanten.net","article_modified_time":"2025-06-03T14:32:14+00:00","og_image":[{"width":552,"height":464,"url":"https:\/\/www.zuurstofplanten.net\/wp-content\/uploads\/2024\/10\/zuurstofplanten_pakket.jpg","type":"image\/jpeg"}],"twitter_card":"summary_large_image","twitter_misc":{"Gesch\u00e4tzte Lesezeit":"5\u00a0Minuten"},"schema":{"@context":"https:\/\/schema.org","@graph":[{"@type":"WebPage","@id":"https:\/\/www.zuurstofplanten.net\/zuurstof-planten\/","url":"https:\/\/www.zuurstofplanten.net\/zuurstof-planten\/","name":"Sauerstoffpflanzen im Teich | Beratung &amp; Information | Sauerstoffpflanzen","isPartOf":{"@id":"https:\/\/www.zuurstofplanten.net\/#website"},"primaryImageOfPage":{"@id":"https:\/\/www.zuurstofplanten.net\/zuurstof-planten\/#primaryimage"},"image":{"@id":"https:\/\/www.zuurstofplanten.net\/zuurstof-planten\/#primaryimage"},"thumbnailUrl":"https:\/\/www.zuurstofplanten.net\/wp-content\/uploads\/2024\/10\/zuurstofplanten_pakket-300x252.jpg","datePublished":"2024-10-18T07:01:10+00:00","dateModified":"2025-06-03T14:32:14+00:00","description":"Sauerstoffpflanzen sind in jedem Teich unverzichtbar. Warum eigentlich? Auf dieser Seite erfahren Sie, welche Funktion sie in Ihrem Teich haben und wie Sie sie pflegen k\u00f6nnen. Lesen Sie mehr.","breadcrumb":{"@id":"https:\/\/www.zuurstofplanten.net\/zuurstof-planten\/#breadcrumb"},"inLanguage":"de","potentialAction":[{"@type":"ReadAction","target":["https:\/\/www.zuurstofplanten.net\/zuurstof-planten\/"]}]},{"@type":"ImageObject","inLanguage":"de","@id":"https:\/\/www.zuurstofplanten.net\/zuurstof-planten\/#primaryimage","url":"https:\/\/www.zuurstofplanten.net\/wp-content\/uploads\/2024\/10\/zuurstofplanten_pakket-300x252.jpg","contentUrl":"https:\/\/www.zuurstofplanten.net\/wp-content\/uploads\/2024\/10\/zuurstofplanten_pakket-300x252.jpg"},{"@type":"BreadcrumbList","@id":"https:\/\/www.zuurstofplanten.net\/zuurstof-planten\/#breadcrumb","itemListElement":[{"@type":"ListItem","position":1,"name":"Home","item":"https:\/\/www.zuurstofplanten.net\/"},{"@type":"ListItem","position":2,"name":"Zuurstofplanten"}]},{"@type":"WebSite","@id":"https:\/\/www.zuurstofplanten.net\/#website","url":"https:\/\/www.zuurstofplanten.net\/","name":"Zuurstofplanten.net","description":"","publisher":{"@id":"https:\/\/www.zuurstofplanten.net\/#organization"},"potentialAction":[{"@type":"SearchAction","target":{"@type":"EntryPoint","urlTemplate":"https:\/\/www.zuurstofplanten.net\/?s={search_term_string}"},"query-input":{"@type":"PropertyValueSpecification","valueRequired":true,"valueName":"search_term_string"}}],"inLanguage":"de"},{"@type":"Organization","@id":"https:\/\/www.zuurstofplanten.net\/#organization","name":"Zuurstofplanten.net","url":"https:\/\/www.zuurstofplanten.net\/","logo":{"@type":"ImageObject","inLanguage":"de","@id":"https:\/\/www.zuurstofplanten.net\/#\/schema\/logo\/image\/","url":"https:\/\/www.zuurstofplanten.net\/wp-content\/uploads\/2024\/10\/zuurstofplanten-logo-1.jpg","contentUrl":"https:\/\/www.zuurstofplanten.net\/wp-content\/uploads\/2024\/10\/zuurstofplanten-logo-1.jpg","width":180,"height":60,"caption":"Zuurstofplanten.net"},"image":{"@id":"https:\/\/www.zuurstofplanten.net\/#\/schema\/logo\/image\/"}}]}},"_links":{"self":[{"href":"https:\/\/www.zuurstofplanten.net\/de\/wp-json\/wp\/v2\/pages\/778"}],"collection":[{"href":"https:\/\/www.zuurstofplanten.net\/de\/wp-json\/wp\/v2\/pages"}],"about":[{"href":"https:\/\/www.zuurstofplanten.net\/de\/wp-json\/wp\/v2\/types\/page"}],"author":[{"embeddable":true,"href":"https:\/\/www.zuurstofplanten.net\/de\/wp-json\/wp\/v2\/users\/4"}],"replies":[{"embeddable":true,"href":"https:\/\/www.zuurstofplanten.net\/de\/wp-json\/wp\/v2\/comments?post=778"}],"version-history":[{"count":38,"href":"https:\/\/www.zuurstofplanten.net\/de\/wp-json\/wp\/v2\/pages\/778\/revisions"}],"predecessor-version":[{"id":2003,"href":"https:\/\/www.zuurstofplanten.net\/de\/wp-json\/wp\/v2\/pages\/778\/revisions\/2003"}],"wp:attachment":[{"href":"https:\/\/www.zuurstofplanten.net\/de\/wp-json\/wp\/v2\/media?parent=778"}],"curies":[{"name":"wp","href":"https:\/\/api.w.org\/{rel}","templated":true}]}}