{"id":724,"date":"2024-10-18T05:55:38","date_gmt":"2024-10-18T05:55:38","guid":{"rendered":"https:\/\/baselinkhosting.nl\/zuurstofplanten\/?page_id=724"},"modified":"2025-07-07T12:29:15","modified_gmt":"2025-07-07T12:29:15","slug":"wasserpflanze","status":"publish","type":"page","link":"https:\/\/www.zuurstofplanten.net\/de\/sauerstoffpflanzen\/wasserpflanze\/","title":{"rendered":"Wassergras"},"content":{"rendered":"<div data-elementor-type=\"wp-page\" data-elementor-id=\"724\" class=\"elementor elementor-724\" data-elementor-post-type=\"page\">\n\t\t\t\t<div class=\"elementor-element elementor-element-2e65331 e-flex e-con-boxed e-con e-parent\" data-id=\"2e65331\" data-element_type=\"container\" data-e-type=\"container\" data-settings=\"{&quot;background_background&quot;:&quot;classic&quot;}\">\n\t\t\t\t\t<div class=\"e-con-inner\">\n\t\t\t\t<div class=\"elementor-element elementor-element-cd4b503 elementor-widget elementor-widget-heading\" data-id=\"cd4b503\" data-element_type=\"widget\" data-e-type=\"widget\" data-widget_type=\"heading.default\">\n\t\t\t\t<div class=\"elementor-widget-container\">\n\t\t\t\t\t<h1 class=\"elementor-heading-title elementor-size-default\">Wassergras<\/h1>\t\t\t\t<\/div>\n\t\t\t\t<\/div>\n\t\t\t\t<div class=\"elementor-element elementor-element-949e72e elementor-widget elementor-widget-breadcrumbs\" data-id=\"949e72e\" data-element_type=\"widget\" data-e-type=\"widget\" data-widget_type=\"breadcrumbs.default\">\n\t\t\t\t<div class=\"elementor-widget-container\">\n\t\t\t\t\t<p id=\"breadcrumbs\"><span><span><a href=\"https:\/\/www.zuurstofplanten.net\/de\/\">Startseite<\/a><\/span><\/span><\/p>\t\t\t\t<\/div>\n\t\t\t\t<\/div>\n\t\t\t\t\t<\/div>\n\t\t\t\t<\/div>\n\t\t<div class=\"elementor-element elementor-element-3216c5f2 e-flex e-con-boxed e-con e-parent\" data-id=\"3216c5f2\" data-element_type=\"container\" data-e-type=\"container\">\n\t\t\t\t\t<div class=\"e-con-inner\">\n\t\t\t\t<div class=\"elementor-element elementor-element-78cd29e9 elementor-widget elementor-widget-heading\" data-id=\"78cd29e9\" data-element_type=\"widget\" data-e-type=\"widget\" data-widget_type=\"heading.default\">\n\t\t\t\t<div class=\"elementor-widget-container\">\n\t\t\t\t\t<h2 class=\"elementor-heading-title elementor-size-default\">Wasserpest. Ein Segen f\u00fcr Ihren Teich und ein Fluch f\u00fcr die Natur?<\/h2>\t\t\t\t<\/div>\n\t\t\t\t<\/div>\n\t\t<div class=\"elementor-element elementor-element-387e94c1 e-grid e-con-full e-con e-child\" data-id=\"387e94c1\" data-element_type=\"container\" data-e-type=\"container\">\n\t\t\t\t<div class=\"elementor-element elementor-element-6e98d601 elementor-widget elementor-widget-text-editor\" data-id=\"6e98d601\" data-element_type=\"widget\" data-e-type=\"widget\" data-widget_type=\"text-editor.default\">\n\t\t\t\t<div class=\"elementor-widget-container\">\n\t\t\t\t\t\t\t\t\t<p>Waterweed ist eine der bekanntesten Sauerstoffpflanzen. Wer hatte sie noch nie im Fischglas? Dabei hat diese Wasserpflanze bei vielen Menschen nicht das beste Image, die Pflanze hat schon keinen richtigen Namen und die \u00fcberwucherten Wasserwege im Sommer tragen auch nicht gerade zu diesem Image bei. Aber wenn man sich ein wenig n\u00e4her mit dieser Pflanze besch\u00e4ftigt, stellt man schnell fest, dass sie ein sehr guter Sauerstoffproduzent f\u00fcr den Teich ist. Und ausreichend Sauerstoff ist nat\u00fcrlich sehr wichtig. Er ist unentbehrlich f\u00fcr die lebenswichtigen Prozesse im Wasser, ganz zu schweigen von den anderen Teichbewohnern!\u00a0<\/p><p>Andere bekannte Sauerstoffpflanzen wie <strong><a href=\"https:\/\/www.zuurstofplanten.net\/de\/sauerstoffpflanzen\/feines-hornblatt\/\">Hornblatt<\/a> <\/strong>erf\u00fcllen eine \u00e4hnliche Rolle im \u00d6kosystem eines Teiches.<\/p>\t\t\t\t\t\t\t\t<\/div>\n\t\t\t\t<\/div>\n\t\t\t\t<div class=\"elementor-element elementor-element-614c045c elementor-cta--skin-classic elementor-animated-content elementor-bg-transform elementor-bg-transform-zoom-in elementor-widget elementor-widget-call-to-action\" data-id=\"614c045c\" data-element_type=\"widget\" data-e-type=\"widget\" data-widget_type=\"call-to-action.default\">\n\t\t\t\t<div class=\"elementor-widget-container\">\n\t\t\t\t\t\t\t<a class=\"elementor-cta\" href=\"https:\/\/vijvermeester.nl\/catalogsearch\/result\/?q=+waterpestutm_source=affiliate&#038;utm_medium=partner&#038;utm_campaign=zuurstofplanten_net&#038;utm_content=waterpest\" rel=\"nofollow\">\n\t\t\t\t\t<div class=\"elementor-cta__bg-wrapper\">\n\t\t\t\t<div class=\"elementor-cta__bg elementor-bg\" style=\"background-image: url(https:\/\/www.zuurstofplanten.net\/wp-content\/uploads\/2024\/10\/waterpest-close-up-k.jpg);\" role=\"img\" aria-label=\"wasser-sch\u00e4dlinge-nahaufnahme-k\"><\/div>\n\t\t\t\t<div class=\"elementor-cta__bg-overlay\"><\/div>\n\t\t\t<\/div>\n\t\t\t\t\t\t\t<div class=\"elementor-cta__content\">\n\t\t\t\t\n\t\t\t\t\t\t\t\t\t<h2 class=\"elementor-cta__title elementor-cta__content-item elementor-content-item\">\n\t\t\t\t\t\tM\u00f6chten Sie Waterweed kaufen?\t\t\t\t\t<\/h2>\n\t\t\t\t\n\t\t\t\t\t\t\t\t\t<div class=\"elementor-cta__description elementor-cta__content-item elementor-content-item\">\n\t\t\t\t\t\tWaterweed ist \u00fcber den Webshop von De Vijvermeester zu verkaufen. Hier k\u00f6nnen Sie sch\u00f6ne Str\u00e4u\u00dfe von hoher Qualit\u00e4t finden.\t\t\t\t\t<\/div>\n\t\t\t\t\n\t\t\t\t\t\t\t\t\t<div class=\"elementor-cta__button-wrapper elementor-cta__content-item elementor-content-item\">\n\t\t\t\t\t<span class=\"elementor-cta__button elementor-button elementor-size-\">\n\t\t\t\t\t\tKlicken Sie hier f\u00fcr den Pond Master's Webshop\t\t\t\t\t<\/span>\n\t\t\t\t\t<\/div>\n\t\t\t\t\t\t\t<\/div>\n\t\t\t\t\t\t<\/a>\n\t\t\t\t\t\t<\/div>\n\t\t\t\t<\/div>\n\t\t\t\t<\/div>\n\t\t\t\t<div class=\"elementor-element elementor-element-3485eb35 elementor-widget elementor-widget-heading\" data-id=\"3485eb35\" data-element_type=\"widget\" data-e-type=\"widget\" data-widget_type=\"heading.default\">\n\t\t\t\t<div class=\"elementor-widget-container\">\n\t\t\t\t\t<h3 class=\"elementor-heading-title elementor-size-default\">Welche Arten von Wasserkr\u00e4utern gibt es?<\/h3>\t\t\t\t<\/div>\n\t\t\t\t<\/div>\n\t\t\t\t<div class=\"elementor-element elementor-element-3b0e157f elementor-widget elementor-widget-text-editor\" data-id=\"3b0e157f\" data-element_type=\"widget\" data-e-type=\"widget\" data-widget_type=\"text-editor.default\">\n\t\t\t\t<div class=\"elementor-widget-container\">\n\t\t\t\t\t\t\t\t\t<p>Nachfolgend finden Sie eine \u00dcbersicht \u00fcber einige Arten von Wasserpflanzen. Diese Arten kommen in den Niederlanden mehr oder weniger h\u00e4ufig in freier Natur vor. Sie sind also in der Lage, das niederl\u00e4ndische Klima zu \u00fcberleben.\u00a0<\/p>\t\t\t\t\t\t\t\t<\/div>\n\t\t\t\t<\/div>\n\t\t\t\t<div class=\"elementor-element elementor-element-1f450423 elementor-widget elementor-widget-heading\" data-id=\"1f450423\" data-element_type=\"widget\" data-e-type=\"widget\" data-widget_type=\"heading.default\">\n\t\t\t\t<div class=\"elementor-widget-container\">\n\t\t\t\t\t<h4 class=\"elementor-heading-title elementor-size-default\">Brasilianische Wasserpest<\/h4>\t\t\t\t<\/div>\n\t\t\t\t<\/div>\n\t\t\t\t<div class=\"elementor-element elementor-element-af0bd8d elementor-widget elementor-widget-text-editor\" data-id=\"af0bd8d\" data-element_type=\"widget\" data-e-type=\"widget\" data-widget_type=\"text-editor.default\">\n\t\t\t\t<div class=\"elementor-widget-container\">\n\t\t\t\t\t\t\t\t\t<p>Der Name sagt schon alles. Urspr\u00fcnglich stammt diese Art nicht aus den Niederlanden, sondern aus S\u00fcdamerika. Sie ist daher keine offizielle Art, wird aber der Einfachheit halber oft unter diesem Namen gef\u00fchrt. Da diese Pflanze in so gut wie jedem Aquarium zu finden ist, ist sie in der Natur in gro\u00dfer Zahl anzutreffen. Sie ist einigerma\u00dfen winterhart (das Wasser sollte nicht zu flach sein) und kann auch in unseren Gew\u00e4ssern \u00fcberleben. Aufgrund ihrer invasiven Eigenschaften wird diese Art immer seltener verkauft.<\/p>\t\t\t\t\t\t\t\t<\/div>\n\t\t\t\t<\/div>\n\t\t\t\t<div class=\"elementor-element elementor-element-2bf42289 elementor-widget elementor-widget-heading\" data-id=\"2bf42289\" data-element_type=\"widget\" data-e-type=\"widget\" data-widget_type=\"heading.default\">\n\t\t\t\t<div class=\"elementor-widget-container\">\n\t\t\t\t\t<h4 class=\"elementor-heading-title elementor-size-default\">Gekreuzte Wasserpest<\/h4>\t\t\t\t<\/div>\n\t\t\t\t<\/div>\n\t\t\t\t<div class=\"elementor-element elementor-element-b37745b elementor-widget elementor-widget-text-editor\" data-id=\"b37745b\" data-element_type=\"widget\" data-e-type=\"widget\" data-widget_type=\"text-editor.default\">\n\t\t\t\t<div class=\"elementor-widget-container\">\n\t\t\t\t\t\t\t\t\t<p>Das Kreuzkraut ist ebenfalls eine exotische Wasserpflanze. Offiziell geh\u00f6rt es nicht zu den Wasserpflanzen, wird aber der Einfachheit halber oft unter diese Art gestellt. Es ist einigerma\u00dfen winterhart (das Wasser sollte nicht zu flach sein) und kann in unseren Gew\u00e4ssern \u00fcberleben. Gekreuzte Wasserpest sollte nicht mehr verkauft werden.\u00a0<\/p>\t\t\t\t\t\t\t\t<\/div>\n\t\t\t\t<\/div>\n\t\t\t\t<div class=\"elementor-element elementor-element-78b95d41 elementor-widget elementor-widget-heading\" data-id=\"78b95d41\" data-element_type=\"widget\" data-e-type=\"widget\" data-widget_type=\"heading.default\">\n\t\t\t\t<div class=\"elementor-widget-container\">\n\t\t\t\t\t<h4 class=\"elementor-heading-title elementor-size-default\">Breitbl\u00e4ttriges Wassergras<\/h4>\t\t\t\t<\/div>\n\t\t\t\t<\/div>\n\t\t\t\t<div class=\"elementor-element elementor-element-7ff8725 elementor-widget elementor-widget-text-editor\" data-id=\"7ff8725\" data-element_type=\"widget\" data-e-type=\"widget\" data-widget_type=\"text-editor.default\">\n\t\t\t\t<div class=\"elementor-widget-container\">\n\t\t\t\t\t\t\t\t\t<p>In Teichen wird Waterweed oft mit schwimmenden Pflanzen kombiniert. <strong><a href=\"https:\/\/www.zuurstofplanten.net\/de\/wissensbasis\/wie-viele-sauerstoffpflanzen-in-einem-teich\/\">Sauerstoffpflanzen<\/a> <\/strong>als <strong><a href=\"https:\/\/www.zuurstofplanten.net\/de\/schwimmpflanzen\/krabbenbeere\/\">Krabbenfischer<\/a><\/strong>die mit ihrer besonderen Blattform zus\u00e4tzlichen Schutz und Konkurrenz zu Algen bieten.<\/p><p>Auch diese Art ist nicht heimisch, sondern kam im 18. Jahrhundert aus Nordamerika in die Niederlande. Im 19. Jahrhundert galt sie als heimisch. Inzwischen ist diese Art aufgrund der Verschlechterung der Wasserqualit\u00e4t in der freien Natur stark zur\u00fcckgegangen. F\u00fcr den Teich ist sie ein guter Sauerstoffproduzent. Sehr widerstandsf\u00e4hig gegen\u00fcber dem niederl\u00e4ndischen Klima.\u00a0<\/p>\t\t\t\t\t\t\t\t<\/div>\n\t\t\t\t<\/div>\n\t\t\t\t<div class=\"elementor-element elementor-element-74bb7e97 elementor-widget elementor-widget-heading\" data-id=\"74bb7e97\" data-element_type=\"widget\" data-e-type=\"widget\" data-widget_type=\"heading.default\">\n\t\t\t\t<div class=\"elementor-widget-container\">\n\t\t\t\t\t<h4 class=\"elementor-heading-title elementor-size-default\">Schmales Wassergras<\/h4>\t\t\t\t<\/div>\n\t\t\t\t<\/div>\n\t\t\t\t<div class=\"elementor-element elementor-element-5eef0c02 elementor-widget elementor-widget-text-editor\" data-id=\"5eef0c02\" data-element_type=\"widget\" data-e-type=\"widget\" data-widget_type=\"text-editor.default\">\n\t\t\t\t<div class=\"elementor-widget-container\">\n\t\t\t\t\t\t\t\t\t<p>Wie ihre gro\u00dfe Schwester ist auch diese Art schon seit einiger Zeit in den Niederlanden heimisch, stammt aber nicht von hier. Diese Wasserpflanze stammt ebenfalls aus Nordamerika und kam etwa in den 1930er Jahren als Aquarien- und Teichpflanze in die Niederlande.  Wo Elodea Canandensis selten ist, ist diese Art weit verbreitet. Sie ist ein invasiver Exot, der nicht mehr verkauft werden sollte.<\/p><p>Bei Teichen mit etwas tieferem Wasser k\u00f6nnen Teichkr\u00e4uter wie <strong><a href=\"https:\/\/www.zuurstofplanten.net\/de\/sauerstoffpflanzen\/laichkraut\/glanzendes-laichkraut\/\">Gl\u00e4nzendes Teichkraut<\/a><\/strong> Eine ausgezeichnete Erg\u00e4nzung zu Waterweed.<\/p>\t\t\t\t\t\t\t\t<\/div>\n\t\t\t\t<\/div>\n\t\t\t\t<div class=\"elementor-element elementor-element-4bfaf1a6 elementor-widget elementor-widget-heading\" data-id=\"4bfaf1a6\" data-element_type=\"widget\" data-e-type=\"widget\" data-widget_type=\"heading.default\">\n\t\t\t\t<div class=\"elementor-widget-container\">\n\t\t\t\t\t<h2 class=\"elementor-heading-title elementor-size-default\">M\u00f6chten Sie Waterweed kaufen?<\/h2>\t\t\t\t<\/div>\n\t\t\t\t<\/div>\n\t\t\t\t<div class=\"elementor-element elementor-element-3d3f6d38 elementor-widget elementor-widget-image\" data-id=\"3d3f6d38\" data-element_type=\"widget\" data-e-type=\"widget\" data-widget_type=\"image.default\">\n\t\t\t\t<div class=\"elementor-widget-container\">\n\t\t\t\t\t\t\t\t\t\t\t\t\t\t\t<img fetchpriority=\"high\" decoding=\"async\" width=\"300\" height=\"300\" src=\"https:\/\/www.zuurstofplanten.net\/wp-content\/uploads\/2024\/10\/gekroesde-waterpest-e-crispa-300x300.jpg\" class=\"attachment-medium size-medium wp-image-111\" alt=\"\" srcset=\"https:\/\/www.zuurstofplanten.net\/wp-content\/uploads\/2024\/10\/gekroesde-waterpest-e-crispa-300x300.jpg 300w, https:\/\/www.zuurstofplanten.net\/wp-content\/uploads\/2024\/10\/gekroesde-waterpest-e-crispa-150x150.jpg 150w, https:\/\/www.zuurstofplanten.net\/wp-content\/uploads\/2024\/10\/gekroesde-waterpest-e-crispa.jpg 600w\" sizes=\"(max-width: 300px) 100vw, 300px\" \/>\t\t\t\t\t\t\t\t\t\t\t\t\t\t\t<\/div>\n\t\t\t\t<\/div>\n\t\t\t\t<div class=\"elementor-element elementor-element-20c93d84 elementor-widget elementor-widget-text-editor\" data-id=\"20c93d84\" data-element_type=\"widget\" data-e-type=\"widget\" data-widget_type=\"text-editor.default\">\n\t\t\t\t<div class=\"elementor-widget-container\">\n\t\t\t\t\t\t\t\t\t<p>Wir haben gute Erfahrungen mit Sauerstoffpflanzen von De Vijvermeester gemacht. Wasserpflanzen sind \u00fcber den Webshop von De Vijvermeester zu kaufen. Hier k\u00f6nnen Sie sch\u00f6ne Str\u00e4u\u00dfe von hoher Qualit\u00e4t finden.<\/p>\t\t\t\t\t\t\t\t<\/div>\n\t\t\t\t<\/div>\n\t\t\t\t<div class=\"elementor-element elementor-element-df8116b elementor-align-left elementor-widget elementor-widget-button\" data-id=\"df8116b\" data-element_type=\"widget\" data-e-type=\"widget\" data-widget_type=\"button.default\">\n\t\t\t\t<div class=\"elementor-widget-container\">\n\t\t\t\t\t\t\t\t\t<div class=\"elementor-button-wrapper\">\n\t\t\t\t\t<a class=\"elementor-button elementor-button-link elementor-size-sm elementor-animation-grow\" href=\"https:\/\/vijvermeester.nl\/catalogsearch\/result\/?q=+waterpestutm_source=affiliate&#038;utm_medium=partner&#038;utm_campaign=zuurstofplanten_net&#038;utm_content=waterpest\">\n\t\t\t\t\t\t<span class=\"elementor-button-content-wrapper\">\n\t\t\t\t\t\t<span class=\"elementor-button-icon\">\n\t\t\t\t<svg aria-hidden=\"true\" class=\"e-font-icon-svg e-fas-shopping-cart\" viewbox=\"0 0 576 512\" xmlns=\"http:\/\/www.w3.org\/2000\/svg\"><path d=\"M528.12 301.319l47.273-208C578.806 78.301 567.391 64 551.99 64H159.208l-9.166-44.81C147.758 8.021 137.93 0 126.529 0H24C10.745 0 0 10.745 0 24v16c0 13.255 10.745 24 24 24h69.883l70.248 343.435C147.325 417.1 136 435.222 136 456c0 30.928 25.072 56 56 56s56-25.072 56-56c0-15.674-6.447-29.835-16.824-40h209.647C430.447 426.165 424 440.326 424 456c0 30.928 25.072 56 56 56s56-25.072 56-56c0-22.172-12.888-41.332-31.579-50.405l5.517-24.276c3.413-15.018-8.002-29.319-23.403-29.319H218.117l-6.545-32h293.145c11.206 0 20.92-7.754 23.403-18.681z\"><\/path><\/svg>\t\t\t<\/span>\n\t\t\t\t\t\t\t\t\t<span class=\"elementor-button-text\">Klicken Sie hier, um den Vijvermeester.nl zu besuchen<\/span>\n\t\t\t\t\t<\/span>\n\t\t\t\t\t<\/a>\n\t\t\t\t<\/div>\n\t\t\t\t\t\t\t\t<\/div>\n\t\t\t\t<\/div>\n\t\t\t\t\t<\/div>\n\t\t\t\t<\/div>\n\t\t\t\t<\/div>","protected":false},"excerpt":{"rendered":"<p>Wasserpest Wasserpest. Ein Segen f\u00fcr Ihren Teich und ein Fluch f\u00fcr die Natur? Das Wasserkraut ist eine der bekanntesten Sauerstoffpflanzen. Wer hat sie noch nie in seinem Fischglas gehabt? Dabei hat diese Wasserpflanze bei vielen Menschen nicht das beste Image, das Pfl\u00e4nzchen macht schon seinem Namen nicht wirklich alle Ehre und die dichten Wasserl\u00e4ufe in den [...]<\/p>","protected":false},"author":4,"featured_media":0,"parent":778,"menu_order":6,"comment_status":"closed","ping_status":"closed","template":"","meta":{"_acf_changed":false,"iawp_total_views":1010,"footnotes":""},"class_list":["post-724","page","type-page","status-publish","hentry"],"acf":[],"yoast_head":"<!-- This site is optimized with the Yoast SEO plugin v25.5 - https:\/\/yoast.com\/wordpress\/plugins\/seo\/ -->\n<title>Waterpest | Planten, Advies &amp; Onderhoud | Zuurstofplanten.net<\/title>\n<meta name=\"description\" content=\"Waterpest is een van de beste zuurstofplanten. Lees hier meer over de soorten, het aanplanten, plantdiepte, onderhoud etc.\" \/>\n<meta name=\"robots\" content=\"index, follow, max-snippet:-1, max-image-preview:large, max-video-preview:-1\" \/>\n<link rel=\"canonical\" href=\"https:\/\/www.zuurstofplanten.net\/de\/sauerstoffpflanzen\/wasserpflanze\/\" \/>\n<meta property=\"og:locale\" content=\"de_DE\" \/>\n<meta property=\"og:type\" content=\"article\" \/>\n<meta property=\"og:title\" content=\"Waterpest | Planten, Advies &amp; Onderhoud | Zuurstofplanten.net\" \/>\n<meta property=\"og:description\" content=\"Waterpest is een van de beste zuurstofplanten. Lees hier meer over de soorten, het aanplanten, plantdiepte, onderhoud etc.\" \/>\n<meta property=\"og:url\" content=\"https:\/\/www.zuurstofplanten.net\/de\/sauerstoffpflanzen\/wasserpflanze\/\" \/>\n<meta property=\"og:site_name\" content=\"Zuurstofplanten.net\" \/>\n<meta property=\"article:modified_time\" content=\"2025-07-07T12:29:15+00:00\" \/>\n<meta property=\"og:image\" content=\"https:\/\/www.zuurstofplanten.net\/wp-content\/uploads\/2024\/10\/gekroesde-waterpest-e-crispa.jpg\" \/>\n\t<meta property=\"og:image:width\" content=\"600\" \/>\n\t<meta property=\"og:image:height\" content=\"600\" \/>\n\t<meta property=\"og:image:type\" content=\"image\/jpeg\" \/>\n<meta name=\"twitter:card\" content=\"summary_large_image\" \/>\n<meta name=\"twitter:label1\" content=\"Gesch\u00e4tzte Lesezeit\" \/>\n\t<meta name=\"twitter:data1\" content=\"3\u00a0Minuten\" \/>\n<script type=\"application\/ld+json\" class=\"yoast-schema-graph\">{\"@context\":\"https:\/\/schema.org\",\"@graph\":[{\"@type\":\"WebPage\",\"@id\":\"https:\/\/www.zuurstofplanten.net\/zuurstof-planten\/waterpest\/\",\"url\":\"https:\/\/www.zuurstofplanten.net\/zuurstof-planten\/waterpest\/\",\"name\":\"Waterpest | Planten, Advies & Onderhoud | Zuurstofplanten.net\",\"isPartOf\":{\"@id\":\"https:\/\/www.zuurstofplanten.net\/#website\"},\"primaryImageOfPage\":{\"@id\":\"https:\/\/www.zuurstofplanten.net\/zuurstof-planten\/waterpest\/#primaryimage\"},\"image\":{\"@id\":\"https:\/\/www.zuurstofplanten.net\/zuurstof-planten\/waterpest\/#primaryimage\"},\"thumbnailUrl\":\"https:\/\/www.zuurstofplanten.net\/wp-content\/uploads\/2024\/10\/gekroesde-waterpest-e-crispa-300x300.jpg\",\"datePublished\":\"2024-10-18T05:55:38+00:00\",\"dateModified\":\"2025-07-07T12:29:15+00:00\",\"description\":\"Waterpest is een van de beste zuurstofplanten. Lees hier meer over de soorten, het aanplanten, plantdiepte, onderhoud etc.\",\"breadcrumb\":{\"@id\":\"https:\/\/www.zuurstofplanten.net\/zuurstof-planten\/waterpest\/#breadcrumb\"},\"inLanguage\":\"de\",\"potentialAction\":[{\"@type\":\"ReadAction\",\"target\":[\"https:\/\/www.zuurstofplanten.net\/zuurstof-planten\/waterpest\/\"]}]},{\"@type\":\"ImageObject\",\"inLanguage\":\"de\",\"@id\":\"https:\/\/www.zuurstofplanten.net\/zuurstof-planten\/waterpest\/#primaryimage\",\"url\":\"https:\/\/www.zuurstofplanten.net\/wp-content\/uploads\/2024\/10\/gekroesde-waterpest-e-crispa-300x300.jpg\",\"contentUrl\":\"https:\/\/www.zuurstofplanten.net\/wp-content\/uploads\/2024\/10\/gekroesde-waterpest-e-crispa-300x300.jpg\"},{\"@type\":\"BreadcrumbList\",\"@id\":\"https:\/\/www.zuurstofplanten.net\/zuurstof-planten\/waterpest\/#breadcrumb\",\"itemListElement\":[{\"@type\":\"ListItem\",\"position\":1,\"name\":\"Home\",\"item\":\"https:\/\/www.zuurstofplanten.net\/\"},{\"@type\":\"ListItem\",\"position\":2,\"name\":\"Zuurstofplanten\",\"item\":\"https:\/\/www.zuurstofplanten.net\/zuurstof-planten\/\"},{\"@type\":\"ListItem\",\"position\":3,\"name\":\"Waterpest\"}]},{\"@type\":\"WebSite\",\"@id\":\"https:\/\/www.zuurstofplanten.net\/#website\",\"url\":\"https:\/\/www.zuurstofplanten.net\/\",\"name\":\"Zuurstofplanten.net\",\"description\":\"\",\"publisher\":{\"@id\":\"https:\/\/www.zuurstofplanten.net\/#organization\"},\"potentialAction\":[{\"@type\":\"SearchAction\",\"target\":{\"@type\":\"EntryPoint\",\"urlTemplate\":\"https:\/\/www.zuurstofplanten.net\/?s={search_term_string}\"},\"query-input\":{\"@type\":\"PropertyValueSpecification\",\"valueRequired\":true,\"valueName\":\"search_term_string\"}}],\"inLanguage\":\"de\"},{\"@type\":\"Organization\",\"@id\":\"https:\/\/www.zuurstofplanten.net\/#organization\",\"name\":\"Zuurstofplanten.net\",\"url\":\"https:\/\/www.zuurstofplanten.net\/\",\"logo\":{\"@type\":\"ImageObject\",\"inLanguage\":\"de\",\"@id\":\"https:\/\/www.zuurstofplanten.net\/#\/schema\/logo\/image\/\",\"url\":\"https:\/\/www.zuurstofplanten.net\/wp-content\/uploads\/2024\/10\/zuurstofplanten-logo-1.jpg\",\"contentUrl\":\"https:\/\/www.zuurstofplanten.net\/wp-content\/uploads\/2024\/10\/zuurstofplanten-logo-1.jpg\",\"width\":180,\"height\":60,\"caption\":\"Zuurstofplanten.net\"},\"image\":{\"@id\":\"https:\/\/www.zuurstofplanten.net\/#\/schema\/logo\/image\/\"}}]}<\/script>\n<!-- \/ Yoast SEO plugin. -->","yoast_head_json":{"title":"Waterweed | Pflanzen, Beratung &amp; Pflege | Oxygen Plants.net","description":"Waterweed ist eine der besten Sauerstoffpflanzen. Lesen Sie hier mehr \u00fcber Arten, Pflanzung, Pflanztiefe, Pflege usw.","robots":{"index":"index","follow":"follow","max-snippet":"max-snippet:-1","max-image-preview":"max-image-preview:large","max-video-preview":"max-video-preview:-1"},"canonical":"https:\/\/www.zuurstofplanten.net\/de\/sauerstoffpflanzen\/wasserpflanze\/","og_locale":"de_DE","og_type":"article","og_title":"Waterpest | Planten, Advies & Onderhoud | Zuurstofplanten.net","og_description":"Waterpest is een van de beste zuurstofplanten. Lees hier meer over de soorten, het aanplanten, plantdiepte, onderhoud etc.","og_url":"https:\/\/www.zuurstofplanten.net\/de\/sauerstoffpflanzen\/wasserpflanze\/","og_site_name":"Zuurstofplanten.net","article_modified_time":"2025-07-07T12:29:15+00:00","og_image":[{"width":600,"height":600,"url":"https:\/\/www.zuurstofplanten.net\/wp-content\/uploads\/2024\/10\/gekroesde-waterpest-e-crispa.jpg","type":"image\/jpeg"}],"twitter_card":"summary_large_image","twitter_misc":{"Gesch\u00e4tzte Lesezeit":"3\u00a0Minuten"},"schema":{"@context":"https:\/\/schema.org","@graph":[{"@type":"WebPage","@id":"https:\/\/www.zuurstofplanten.net\/zuurstof-planten\/waterpest\/","url":"https:\/\/www.zuurstofplanten.net\/zuurstof-planten\/waterpest\/","name":"Waterweed | Pflanzen, Beratung &amp; Pflege | Oxygen Plants.net","isPartOf":{"@id":"https:\/\/www.zuurstofplanten.net\/#website"},"primaryImageOfPage":{"@id":"https:\/\/www.zuurstofplanten.net\/zuurstof-planten\/waterpest\/#primaryimage"},"image":{"@id":"https:\/\/www.zuurstofplanten.net\/zuurstof-planten\/waterpest\/#primaryimage"},"thumbnailUrl":"https:\/\/www.zuurstofplanten.net\/wp-content\/uploads\/2024\/10\/gekroesde-waterpest-e-crispa-300x300.jpg","datePublished":"2024-10-18T05:55:38+00:00","dateModified":"2025-07-07T12:29:15+00:00","description":"Waterweed ist eine der besten Sauerstoffpflanzen. Lesen Sie hier mehr \u00fcber Arten, Pflanzung, Pflanztiefe, Pflege usw.","breadcrumb":{"@id":"https:\/\/www.zuurstofplanten.net\/zuurstof-planten\/waterpest\/#breadcrumb"},"inLanguage":"de","potentialAction":[{"@type":"ReadAction","target":["https:\/\/www.zuurstofplanten.net\/zuurstof-planten\/waterpest\/"]}]},{"@type":"ImageObject","inLanguage":"de","@id":"https:\/\/www.zuurstofplanten.net\/zuurstof-planten\/waterpest\/#primaryimage","url":"https:\/\/www.zuurstofplanten.net\/wp-content\/uploads\/2024\/10\/gekroesde-waterpest-e-crispa-300x300.jpg","contentUrl":"https:\/\/www.zuurstofplanten.net\/wp-content\/uploads\/2024\/10\/gekroesde-waterpest-e-crispa-300x300.jpg"},{"@type":"BreadcrumbList","@id":"https:\/\/www.zuurstofplanten.net\/zuurstof-planten\/waterpest\/#breadcrumb","itemListElement":[{"@type":"ListItem","position":1,"name":"Home","item":"https:\/\/www.zuurstofplanten.net\/"},{"@type":"ListItem","position":2,"name":"Zuurstofplanten","item":"https:\/\/www.zuurstofplanten.net\/zuurstof-planten\/"},{"@type":"ListItem","position":3,"name":"Waterpest"}]},{"@type":"WebSite","@id":"https:\/\/www.zuurstofplanten.net\/#website","url":"https:\/\/www.zuurstofplanten.net\/","name":"Zuurstofplanten.net","description":"","publisher":{"@id":"https:\/\/www.zuurstofplanten.net\/#organization"},"potentialAction":[{"@type":"SearchAction","target":{"@type":"EntryPoint","urlTemplate":"https:\/\/www.zuurstofplanten.net\/?s={search_term_string}"},"query-input":{"@type":"PropertyValueSpecification","valueRequired":true,"valueName":"search_term_string"}}],"inLanguage":"de"},{"@type":"Organization","@id":"https:\/\/www.zuurstofplanten.net\/#organization","name":"Zuurstofplanten.net","url":"https:\/\/www.zuurstofplanten.net\/","logo":{"@type":"ImageObject","inLanguage":"de","@id":"https:\/\/www.zuurstofplanten.net\/#\/schema\/logo\/image\/","url":"https:\/\/www.zuurstofplanten.net\/wp-content\/uploads\/2024\/10\/zuurstofplanten-logo-1.jpg","contentUrl":"https:\/\/www.zuurstofplanten.net\/wp-content\/uploads\/2024\/10\/zuurstofplanten-logo-1.jpg","width":180,"height":60,"caption":"Zuurstofplanten.net"},"image":{"@id":"https:\/\/www.zuurstofplanten.net\/#\/schema\/logo\/image\/"}}]}},"_links":{"self":[{"href":"https:\/\/www.zuurstofplanten.net\/de\/wp-json\/wp\/v2\/pages\/724"}],"collection":[{"href":"https:\/\/www.zuurstofplanten.net\/de\/wp-json\/wp\/v2\/pages"}],"about":[{"href":"https:\/\/www.zuurstofplanten.net\/de\/wp-json\/wp\/v2\/types\/page"}],"author":[{"embeddable":true,"href":"https:\/\/www.zuurstofplanten.net\/de\/wp-json\/wp\/v2\/users\/4"}],"replies":[{"embeddable":true,"href":"https:\/\/www.zuurstofplanten.net\/de\/wp-json\/wp\/v2\/comments?post=724"}],"version-history":[{"count":35,"href":"https:\/\/www.zuurstofplanten.net\/de\/wp-json\/wp\/v2\/pages\/724\/revisions"}],"predecessor-version":[{"id":2391,"href":"https:\/\/www.zuurstofplanten.net\/de\/wp-json\/wp\/v2\/pages\/724\/revisions\/2391"}],"up":[{"embeddable":true,"href":"https:\/\/www.zuurstofplanten.net\/de\/wp-json\/wp\/v2\/pages\/778"}],"wp:attachment":[{"href":"https:\/\/www.zuurstofplanten.net\/de\/wp-json\/wp\/v2\/media?parent=724"}],"curies":[{"name":"wp","href":"https:\/\/api.w.org\/{rel}","templated":true}]}}