{"id":700,"date":"2024-10-18T05:40:01","date_gmt":"2024-10-18T05:40:01","guid":{"rendered":"https:\/\/baselinkhosting.nl\/zuurstofplanten\/?page_id=700"},"modified":"2025-06-04T09:24:51","modified_gmt":"2025-06-04T09:24:51","slug":"wasserkreuzkraut","status":"publish","type":"page","link":"https:\/\/www.zuurstofplanten.net\/de\/sauerstoffpflanzen\/wasserpflanze\/wasserkreuzkraut\/","title":{"rendered":"Gekreuzte Wasserpest"},"content":{"rendered":"<div data-elementor-type=\"wp-page\" data-elementor-id=\"700\" class=\"elementor elementor-700\" data-elementor-post-type=\"page\">\n\t\t\t\t<div class=\"elementor-element elementor-element-e45f177 e-flex e-con-boxed e-con e-parent\" data-id=\"e45f177\" data-element_type=\"container\" data-e-type=\"container\" data-settings=\"{&quot;background_background&quot;:&quot;classic&quot;}\">\n\t\t\t\t\t<div class=\"e-con-inner\">\n\t\t\t\t<div class=\"elementor-element elementor-element-bdb28e0 elementor-widget elementor-widget-heading\" data-id=\"bdb28e0\" data-element_type=\"widget\" data-e-type=\"widget\" data-widget_type=\"heading.default\">\n\t\t\t\t<div class=\"elementor-widget-container\">\n\t\t\t\t\t<h1 class=\"elementor-heading-title elementor-size-default\">Gekreuzte Wasserpest<\/h1>\t\t\t\t<\/div>\n\t\t\t\t<\/div>\n\t\t\t\t<div class=\"elementor-element elementor-element-a7b8e1f elementor-widget elementor-widget-breadcrumbs\" data-id=\"a7b8e1f\" data-element_type=\"widget\" data-e-type=\"widget\" data-widget_type=\"breadcrumbs.default\">\n\t\t\t\t<div class=\"elementor-widget-container\">\n\t\t\t\t\t<p id=\"breadcrumbs\"><span><span><a href=\"https:\/\/www.zuurstofplanten.net\/de\/\">Startseite<\/a><\/span><\/span><\/p>\t\t\t\t<\/div>\n\t\t\t\t<\/div>\n\t\t\t\t\t<\/div>\n\t\t\t\t<\/div>\n\t\t<div class=\"elementor-element elementor-element-69c1e59c e-flex e-con-boxed e-con e-parent\" data-id=\"69c1e59c\" data-element_type=\"container\" data-e-type=\"container\">\n\t\t\t\t\t<div class=\"e-con-inner\">\n\t\t\t\t<div class=\"elementor-element elementor-element-6b9f7270 elementor-widget elementor-widget-heading\" data-id=\"6b9f7270\" data-element_type=\"widget\" data-e-type=\"widget\" data-widget_type=\"heading.default\">\n\t\t\t\t<div class=\"elementor-widget-container\">\n\t\t\t\t\t<h2 class=\"elementor-heading-title elementor-size-default\">Gekreuzte Wasserpest<\/h2>\t\t\t\t<\/div>\n\t\t\t\t<\/div>\n\t\t<div class=\"elementor-element elementor-element-7d404d7c e-grid e-con-full e-con e-child\" data-id=\"7d404d7c\" data-element_type=\"container\" data-e-type=\"container\">\n\t\t\t\t<div class=\"elementor-element elementor-element-8db4bdc elementor-widget elementor-widget-text-editor\" data-id=\"8db4bdc\" data-element_type=\"widget\" data-e-type=\"widget\" data-widget_type=\"text-editor.default\">\n\t\t\t\t<div class=\"elementor-widget-container\">\n\t\t\t\t\t\t\t\t\t<p>Das Cruciferous Waterweed (Egeria Crispa) ist eine submerse Wasserpflanze, auch Sauerstoffpflanze genannt. Es handelt sich um eine exotische Art, die \u00fcber Teiche und Aquarien in die niederl\u00e4ndischen Gr\u00e4ben und Teiche gelangt ist. In der freien Natur kommt diese Art an verschiedenen Stellen in den Niederlanden vor. Diese Art kann unsere Winter \u00fcberleben, wenn sie tief genug im Wasser steht.\u00a0<\/p><p><span style=\"color: var( --e-global-color-text ); font-family: var( --e-global-typography-text-font-family ), Sans-serif; font-weight: var( --e-global-typography-text-font-weight ); text-align: var(--text-align); font-size: 1rem;\">Diese Wasserpflanze f\u00fchlt sich im Teich wohl. Da sie sehr schnell w\u00e4chst, konkurriert sie mit den Algen. Auch die Tatsache, dass sie dem Wasser direkt N\u00e4hrstoffe entzieht, ist hilfreich. Das gilt \u00fcbrigens f\u00fcr alle Wasserpflanzenarten.<\/span><\/p><p>Bitte beachten Sie, dass diese Art aufgrund einer ge\u00e4nderten Gesetzgebung nicht mehr verkauft werden darf. Der Grund daf\u00fcr ist, dass diese Pflanze ein invasiver Exot ist und m\u00f6glicherweise einheimische Arten verdr\u00e4ngen kann. Sie haben diese Pflanze in Ihrem Teich und m\u00f6chten sie loswerden? Dann entsorgen Sie sie \u00fcber die M\u00fclltonne und sorgen Sie daf\u00fcr, dass sie nicht in der freien Natur landet.<\/p>\t\t\t\t\t\t\t\t<\/div>\n\t\t\t\t<\/div>\n\t\t\t\t<div class=\"elementor-element elementor-element-6ce9aa4b elementor-cta--skin-classic elementor-animated-content elementor-bg-transform elementor-bg-transform-zoom-in elementor-widget elementor-widget-call-to-action\" data-id=\"6ce9aa4b\" data-element_type=\"widget\" data-e-type=\"widget\" data-widget_type=\"call-to-action.default\">\n\t\t\t\t<div class=\"elementor-widget-container\">\n\t\t\t\t\t\t\t<a class=\"elementor-cta\" href=\"https:\/\/vijvermeester.nl\/catalogsearch\/result\/?q=waterpest&#038;utm_source=affiliate&#038;utm_medium=partner&#038;utm_campaign=zuurstofplanten_net&#038;utm_content=waterpest\" rel=\"nofollow\">\n\t\t\t\t\t<div class=\"elementor-cta__bg-wrapper\">\n\t\t\t\t<div class=\"elementor-cta__bg elementor-bg\" style=\"background-image: url(https:\/\/www.zuurstofplanten.net\/wp-content\/uploads\/2024\/10\/waterpest-close-up-k.jpg);\" role=\"img\" aria-label=\"wasser-sch\u00e4dlinge-nahaufnahme-k\"><\/div>\n\t\t\t\t<div class=\"elementor-cta__bg-overlay\"><\/div>\n\t\t\t<\/div>\n\t\t\t\t\t\t\t<div class=\"elementor-cta__content\">\n\t\t\t\t\n\t\t\t\t\t\t\t\t\t<h2 class=\"elementor-cta__title elementor-cta__content-item elementor-content-item\">\n\t\t\t\t\t\tM\u00f6chten Sie Waterweed kaufen?\t\t\t\t\t<\/h2>\n\t\t\t\t\n\t\t\t\t\t\t\t\t\t<div class=\"elementor-cta__description elementor-cta__content-item elementor-content-item\">\n\t\t\t\t\t\tWaterweed ist \u00fcber den Webshop von De Vijvermeester zu verkaufen. Hier k\u00f6nnen Sie sch\u00f6ne Str\u00e4u\u00dfe von hoher Qualit\u00e4t finden.\t\t\t\t\t<\/div>\n\t\t\t\t\n\t\t\t\t\t\t\t\t\t<div class=\"elementor-cta__button-wrapper elementor-cta__content-item elementor-content-item\">\n\t\t\t\t\t<span class=\"elementor-cta__button elementor-button elementor-size-\">\n\t\t\t\t\t\tKlicken Sie f\u00fcr den Webshop von Vijvermeester\t\t\t\t\t<\/span>\n\t\t\t\t\t<\/div>\n\t\t\t\t\t\t\t<\/div>\n\t\t\t\t\t\t<\/a>\n\t\t\t\t\t\t<\/div>\n\t\t\t\t<\/div>\n\t\t\t\t<\/div>\n\t\t\t\t<div class=\"elementor-element elementor-element-4519d8a6 elementor-widget elementor-widget-heading\" data-id=\"4519d8a6\" data-element_type=\"widget\" data-e-type=\"widget\" data-widget_type=\"heading.default\">\n\t\t\t\t<div class=\"elementor-widget-container\">\n\t\t\t\t\t<h3 class=\"elementor-heading-title elementor-size-default\">Cruciferous Waterweed Eigenschaften<\/h3>\t\t\t\t<\/div>\n\t\t\t\t<\/div>\n\t\t\t\t<div class=\"elementor-element elementor-element-6e79bb16 elementor-widget elementor-widget-text-editor\" data-id=\"6e79bb16\" data-element_type=\"widget\" data-e-type=\"widget\" data-widget_type=\"text-editor.default\">\n\t\t\t\t<div class=\"elementor-widget-container\">\n\t\t\t\t\t\t\t\t\t<ul><li>Die St\u00e4mme werden etwa 75 cm lang.<\/li><li>Diese Wasserpflanzen wachsen extrem schnell.<\/li><li>Sieht am besten in einem Teichkorb aus.<\/li><li>Besonders gute Sauerstoffpflanze.<\/li><\/ul>\t\t\t\t\t\t\t\t<\/div>\n\t\t\t\t<\/div>\n\t\t\t\t<div class=\"elementor-element elementor-element-25ce630c elementor-widget elementor-widget-heading\" data-id=\"25ce630c\" data-element_type=\"widget\" data-e-type=\"widget\" data-widget_type=\"heading.default\">\n\t\t\t\t<div class=\"elementor-widget-container\">\n\t\t\t\t\t<h3 class=\"elementor-heading-title elementor-size-default\">H\u00e4ufig gestellte Fragen<\/h3>\t\t\t\t<\/div>\n\t\t\t\t<\/div>\n\t\t\t\t<div class=\"elementor-element elementor-element-6ff2c769 elementor-widget elementor-widget-heading\" data-id=\"6ff2c769\" data-element_type=\"widget\" data-e-type=\"widget\" data-widget_type=\"heading.default\">\n\t\t\t\t<div class=\"elementor-widget-container\">\n\t\t\t\t\t<h4 class=\"elementor-heading-title elementor-size-default\">Wie sieht das gekreuzte Wassergras aus?<\/h4>\t\t\t\t<\/div>\n\t\t\t\t<\/div>\n\t\t\t\t<div class=\"elementor-element elementor-element-21f49c35 elementor-widget elementor-widget-text-editor\" data-id=\"21f49c35\" data-element_type=\"widget\" data-e-type=\"widget\" data-widget_type=\"text-editor.default\">\n\t\t\t\t<div class=\"elementor-widget-container\">\n\t\t\t\t\t\t\t\t\t<p>Der Name ist Programm. Diese Wasserpflanze hat gekr\u00e4uselte Bl\u00e4tter. Diese leuchtend gr\u00fcnen Bl\u00e4tter kr\u00e4useln sich an den St\u00e4ngeln entlang nach unten. Die Bl\u00e4tter sind etwa 2-3 Zentimeter lang. Sie befinden sich an ziemlich dicken St\u00e4ngeln, die vom Boden aus r\u00f6hrenf\u00f6rmig nach oben wachsen.<\/p>\t\t\t\t\t\t\t\t<\/div>\n\t\t\t\t<\/div>\n\t\t\t\t<div class=\"elementor-element elementor-element-4842a86 elementor-widget elementor-widget-heading\" data-id=\"4842a86\" data-element_type=\"widget\" data-e-type=\"widget\" data-widget_type=\"heading.default\">\n\t\t\t\t<div class=\"elementor-widget-container\">\n\t\t\t\t\t<h4 class=\"elementor-heading-title elementor-size-default\">Ist das Gekreuzte Knabenkraut eine einheimische Wasserpflanze?<\/h4>\t\t\t\t<\/div>\n\t\t\t\t<\/div>\n\t\t\t\t<div class=\"elementor-element elementor-element-279ba406 elementor-widget elementor-widget-text-editor\" data-id=\"279ba406\" data-element_type=\"widget\" data-e-type=\"widget\" data-widget_type=\"text-editor.default\">\n\t\t\t\t<div class=\"elementor-widget-container\">\n\t\t\t\t\t\t\t\t\t<p>Nein, das Kreuzbl\u00fctige Wassertang ist keine in den Niederlanden heimische Pflanze. Sie ist in Nordamerika heimisch und wurde als exotische Art in europ\u00e4ische Gew\u00e4sser eingef\u00fchrt.<\/p>\t\t\t\t\t\t\t\t<\/div>\n\t\t\t\t<\/div>\n\t\t\t\t<div class=\"elementor-element elementor-element-53190563 elementor-widget elementor-widget-heading\" data-id=\"53190563\" data-element_type=\"widget\" data-e-type=\"widget\" data-widget_type=\"heading.default\">\n\t\t\t\t<div class=\"elementor-widget-container\">\n\t\t\t\t\t<h2 class=\"elementor-heading-title elementor-size-default\">M\u00f6chten Sie Waterweed kaufen?<\/h2>\t\t\t\t<\/div>\n\t\t\t\t<\/div>\n\t\t\t\t<div class=\"elementor-element elementor-element-2588deb0 elementor-widget elementor-widget-image\" data-id=\"2588deb0\" data-element_type=\"widget\" data-e-type=\"widget\" data-widget_type=\"image.default\">\n\t\t\t\t<div class=\"elementor-widget-container\">\n\t\t\t\t\t\t\t\t\t\t\t\t\t\t\t<img fetchpriority=\"high\" decoding=\"async\" width=\"300\" height=\"242\" src=\"https:\/\/www.zuurstofplanten.net\/wp-content\/uploads\/2024\/10\/waterpest_k-1-300x242.jpg\" class=\"attachment-medium size-medium wp-image-353\" alt=\"\" srcset=\"https:\/\/www.zuurstofplanten.net\/wp-content\/uploads\/2024\/10\/waterpest_k-1-300x242.jpg 300w, https:\/\/www.zuurstofplanten.net\/wp-content\/uploads\/2024\/10\/waterpest_k-1.jpg 495w\" sizes=\"(max-width: 300px) 100vw, 300px\" \/>\t\t\t\t\t\t\t\t\t\t\t\t\t\t\t<\/div>\n\t\t\t\t<\/div>\n\t\t\t\t<div class=\"elementor-element elementor-element-302eb051 elementor-widget elementor-widget-text-editor\" data-id=\"302eb051\" data-element_type=\"widget\" data-e-type=\"widget\" data-widget_type=\"text-editor.default\">\n\t\t\t\t<div class=\"elementor-widget-container\">\n\t\t\t\t\t\t\t\t\t<p>Gekreuzte Wasserpest darf nicht mehr verkauft werden. Es gibt jedoch noch andere Arten, die noch erh\u00e4ltlich sind. Sie finden diese im Webshop des Teichmeisters.\u00a0<\/p>\t\t\t\t\t\t\t\t<\/div>\n\t\t\t\t<\/div>\n\t\t\t\t<div class=\"elementor-element elementor-element-e5b354e elementor-align-left elementor-widget elementor-widget-button\" data-id=\"e5b354e\" data-element_type=\"widget\" data-e-type=\"widget\" data-widget_type=\"button.default\">\n\t\t\t\t<div class=\"elementor-widget-container\">\n\t\t\t\t\t\t\t\t\t<div class=\"elementor-button-wrapper\">\n\t\t\t\t\t<a class=\"elementor-button elementor-button-link elementor-size-sm elementor-animation-grow\" href=\"https:\/\/vijvermeester.nl\/catalogsearch\/result\/?q=waterpest&#038;utm_source=affiliate&#038;utm_medium=partner&#038;utm_campaign=zuurstofplanten_net&#038;utm_content=waterpest\">\n\t\t\t\t\t\t<span class=\"elementor-button-content-wrapper\">\n\t\t\t\t\t\t<span class=\"elementor-button-icon\">\n\t\t\t\t<svg aria-hidden=\"true\" class=\"e-font-icon-svg e-fas-shopping-cart\" viewbox=\"0 0 576 512\" xmlns=\"http:\/\/www.w3.org\/2000\/svg\"><path d=\"M528.12 301.319l47.273-208C578.806 78.301 567.391 64 551.99 64H159.208l-9.166-44.81C147.758 8.021 137.93 0 126.529 0H24C10.745 0 0 10.745 0 24v16c0 13.255 10.745 24 24 24h69.883l70.248 343.435C147.325 417.1 136 435.222 136 456c0 30.928 25.072 56 56 56s56-25.072 56-56c0-15.674-6.447-29.835-16.824-40h209.647C430.447 426.165 424 440.326 424 456c0 30.928 25.072 56 56 56s56-25.072 56-56c0-22.172-12.888-41.332-31.579-50.405l5.517-24.276c3.413-15.018-8.002-29.319-23.403-29.319H218.117l-6.545-32h293.145c11.206 0 20.92-7.754 23.403-18.681z\"><\/path><\/svg>\t\t\t<\/span>\n\t\t\t\t\t\t\t\t\t<span class=\"elementor-button-text\">Klicken Sie hier, um den Vijvermeester.nl zu besuchen<\/span>\n\t\t\t\t\t<\/span>\n\t\t\t\t\t<\/a>\n\t\t\t\t<\/div>\n\t\t\t\t\t\t\t\t<\/div>\n\t\t\t\t<\/div>\n\t\t\t\t\t<\/div>\n\t\t\t\t<\/div>\n\t\t\t\t<\/div>","protected":false},"excerpt":{"rendered":"<p>Gekreuztes Wasserkraut Gekreuztes Wasserkraut Gekreuztes Wasserkraut (Egeria Crispa) ist eine submerse Wasserpflanze oder Sauerstoffpflanze. Es handelt sich um eine exotische Art, die \u00fcber Teiche und Aquarien in niederl\u00e4ndische Gr\u00e4ben und Teiche gelangt ist. In der freien Natur kommt diese Art an verschiedenen Stellen in den Niederlanden vor. Diese Art kann unsere Winter \u00fcberleben, wenn sie tief genug in den [...]<\/p>","protected":false},"author":4,"featured_media":0,"parent":724,"menu_order":2,"comment_status":"closed","ping_status":"closed","template":"","meta":{"_acf_changed":false,"iawp_total_views":160,"footnotes":""},"class_list":["post-700","page","type-page","status-publish","hentry"],"acf":[],"yoast_head":"<!-- This site is optimized with the Yoast SEO plugin v25.5 - https:\/\/yoast.com\/wordpress\/plugins\/seo\/ -->\n<title>Gekroesde Waterpest | Planten, Advies &amp; Onderhoud<\/title>\n<meta name=\"description\" content=\"Gekroesde Waterpest is een plant die zeer goed in de vijver past. Egeria Crispa groeit zeer snel en concurreert effectief met algen.\" \/>\n<meta name=\"robots\" content=\"index, follow, max-snippet:-1, max-image-preview:large, max-video-preview:-1\" \/>\n<link rel=\"canonical\" href=\"https:\/\/www.zuurstofplanten.net\/de\/sauerstoffpflanzen\/wasserpflanze\/wasserkreuzkraut\/\" \/>\n<meta property=\"og:locale\" content=\"de_DE\" \/>\n<meta property=\"og:type\" content=\"article\" \/>\n<meta property=\"og:title\" content=\"Gekroesde Waterpest | Planten, Advies &amp; Onderhoud\" \/>\n<meta property=\"og:description\" content=\"Gekroesde Waterpest is een plant die zeer goed in de vijver past. Egeria Crispa groeit zeer snel en concurreert effectief met algen.\" \/>\n<meta property=\"og:url\" content=\"https:\/\/www.zuurstofplanten.net\/de\/sauerstoffpflanzen\/wasserpflanze\/wasserkreuzkraut\/\" \/>\n<meta property=\"og:site_name\" content=\"Zuurstofplanten.net\" \/>\n<meta property=\"article:modified_time\" content=\"2025-06-04T09:24:51+00:00\" \/>\n<meta property=\"og:image\" content=\"https:\/\/www.zuurstofplanten.net\/wp-content\/uploads\/2024\/10\/waterpest_k-1.jpg\" \/>\n\t<meta property=\"og:image:width\" content=\"495\" \/>\n\t<meta property=\"og:image:height\" content=\"400\" \/>\n\t<meta property=\"og:image:type\" content=\"image\/jpeg\" \/>\n<meta name=\"twitter:card\" content=\"summary_large_image\" \/>\n<meta name=\"twitter:label1\" content=\"Gesch\u00e4tzte Lesezeit\" \/>\n\t<meta name=\"twitter:data1\" content=\"2\u00a0Minuten\" \/>\n<script type=\"application\/ld+json\" class=\"yoast-schema-graph\">{\"@context\":\"https:\/\/schema.org\",\"@graph\":[{\"@type\":\"WebPage\",\"@id\":\"https:\/\/www.zuurstofplanten.net\/zuurstof-planten\/waterpest\/gekroesde-waterpest\/\",\"url\":\"https:\/\/www.zuurstofplanten.net\/zuurstof-planten\/waterpest\/gekroesde-waterpest\/\",\"name\":\"Gekroesde Waterpest | Planten, Advies & Onderhoud\",\"isPartOf\":{\"@id\":\"https:\/\/www.zuurstofplanten.net\/#website\"},\"primaryImageOfPage\":{\"@id\":\"https:\/\/www.zuurstofplanten.net\/zuurstof-planten\/waterpest\/gekroesde-waterpest\/#primaryimage\"},\"image\":{\"@id\":\"https:\/\/www.zuurstofplanten.net\/zuurstof-planten\/waterpest\/gekroesde-waterpest\/#primaryimage\"},\"thumbnailUrl\":\"https:\/\/www.zuurstofplanten.net\/wp-content\/uploads\/2024\/10\/waterpest_k-1-300x242.jpg\",\"datePublished\":\"2024-10-18T05:40:01+00:00\",\"dateModified\":\"2025-06-04T09:24:51+00:00\",\"description\":\"Gekroesde Waterpest is een plant die zeer goed in de vijver past. Egeria Crispa groeit zeer snel en concurreert effectief met algen.\",\"breadcrumb\":{\"@id\":\"https:\/\/www.zuurstofplanten.net\/zuurstof-planten\/waterpest\/gekroesde-waterpest\/#breadcrumb\"},\"inLanguage\":\"de\",\"potentialAction\":[{\"@type\":\"ReadAction\",\"target\":[\"https:\/\/www.zuurstofplanten.net\/zuurstof-planten\/waterpest\/gekroesde-waterpest\/\"]}]},{\"@type\":\"ImageObject\",\"inLanguage\":\"de\",\"@id\":\"https:\/\/www.zuurstofplanten.net\/zuurstof-planten\/waterpest\/gekroesde-waterpest\/#primaryimage\",\"url\":\"https:\/\/www.zuurstofplanten.net\/wp-content\/uploads\/2024\/10\/waterpest_k-1-300x242.jpg\",\"contentUrl\":\"https:\/\/www.zuurstofplanten.net\/wp-content\/uploads\/2024\/10\/waterpest_k-1-300x242.jpg\"},{\"@type\":\"BreadcrumbList\",\"@id\":\"https:\/\/www.zuurstofplanten.net\/zuurstof-planten\/waterpest\/gekroesde-waterpest\/#breadcrumb\",\"itemListElement\":[{\"@type\":\"ListItem\",\"position\":1,\"name\":\"Home\",\"item\":\"https:\/\/www.zuurstofplanten.net\/\"},{\"@type\":\"ListItem\",\"position\":2,\"name\":\"Zuurstofplanten\",\"item\":\"https:\/\/www.zuurstofplanten.net\/zuurstof-planten\/\"},{\"@type\":\"ListItem\",\"position\":3,\"name\":\"Waterpest\",\"item\":\"https:\/\/www.zuurstofplanten.net\/zuurstof-planten\/waterpest\/\"},{\"@type\":\"ListItem\",\"position\":4,\"name\":\"Gekroesde Waterpest\"}]},{\"@type\":\"WebSite\",\"@id\":\"https:\/\/www.zuurstofplanten.net\/#website\",\"url\":\"https:\/\/www.zuurstofplanten.net\/\",\"name\":\"Zuurstofplanten.net\",\"description\":\"\",\"publisher\":{\"@id\":\"https:\/\/www.zuurstofplanten.net\/#organization\"},\"potentialAction\":[{\"@type\":\"SearchAction\",\"target\":{\"@type\":\"EntryPoint\",\"urlTemplate\":\"https:\/\/www.zuurstofplanten.net\/?s={search_term_string}\"},\"query-input\":{\"@type\":\"PropertyValueSpecification\",\"valueRequired\":true,\"valueName\":\"search_term_string\"}}],\"inLanguage\":\"de\"},{\"@type\":\"Organization\",\"@id\":\"https:\/\/www.zuurstofplanten.net\/#organization\",\"name\":\"Zuurstofplanten.net\",\"url\":\"https:\/\/www.zuurstofplanten.net\/\",\"logo\":{\"@type\":\"ImageObject\",\"inLanguage\":\"de\",\"@id\":\"https:\/\/www.zuurstofplanten.net\/#\/schema\/logo\/image\/\",\"url\":\"https:\/\/www.zuurstofplanten.net\/wp-content\/uploads\/2024\/10\/zuurstofplanten-logo-1.jpg\",\"contentUrl\":\"https:\/\/www.zuurstofplanten.net\/wp-content\/uploads\/2024\/10\/zuurstofplanten-logo-1.jpg\",\"width\":180,\"height\":60,\"caption\":\"Zuurstofplanten.net\"},\"image\":{\"@id\":\"https:\/\/www.zuurstofplanten.net\/#\/schema\/logo\/image\/\"}}]}<\/script>\n<!-- \/ Yoast SEO plugin. -->","yoast_head_json":{"title":"Gekreuzte Wasserpest | Pflanzen, Beratung &amp; Pflege","description":"Das Kreuzbl\u00fctler-Wasserkraut ist eine Pflanze, die sehr gut in den Teich passt. Egeria Crispa w\u00e4chst sehr schnell und konkurriert effektiv mit Algen.","robots":{"index":"index","follow":"follow","max-snippet":"max-snippet:-1","max-image-preview":"max-image-preview:large","max-video-preview":"max-video-preview:-1"},"canonical":"https:\/\/www.zuurstofplanten.net\/de\/sauerstoffpflanzen\/wasserpflanze\/wasserkreuzkraut\/","og_locale":"de_DE","og_type":"article","og_title":"Gekroesde Waterpest | Planten, Advies & Onderhoud","og_description":"Gekroesde Waterpest is een plant die zeer goed in de vijver past. Egeria Crispa groeit zeer snel en concurreert effectief met algen.","og_url":"https:\/\/www.zuurstofplanten.net\/de\/sauerstoffpflanzen\/wasserpflanze\/wasserkreuzkraut\/","og_site_name":"Zuurstofplanten.net","article_modified_time":"2025-06-04T09:24:51+00:00","og_image":[{"width":495,"height":400,"url":"https:\/\/www.zuurstofplanten.net\/wp-content\/uploads\/2024\/10\/waterpest_k-1.jpg","type":"image\/jpeg"}],"twitter_card":"summary_large_image","twitter_misc":{"Gesch\u00e4tzte Lesezeit":"2\u00a0Minuten"},"schema":{"@context":"https:\/\/schema.org","@graph":[{"@type":"WebPage","@id":"https:\/\/www.zuurstofplanten.net\/zuurstof-planten\/waterpest\/gekroesde-waterpest\/","url":"https:\/\/www.zuurstofplanten.net\/zuurstof-planten\/waterpest\/gekroesde-waterpest\/","name":"Gekreuzte Wasserpest | Pflanzen, Beratung &amp; Pflege","isPartOf":{"@id":"https:\/\/www.zuurstofplanten.net\/#website"},"primaryImageOfPage":{"@id":"https:\/\/www.zuurstofplanten.net\/zuurstof-planten\/waterpest\/gekroesde-waterpest\/#primaryimage"},"image":{"@id":"https:\/\/www.zuurstofplanten.net\/zuurstof-planten\/waterpest\/gekroesde-waterpest\/#primaryimage"},"thumbnailUrl":"https:\/\/www.zuurstofplanten.net\/wp-content\/uploads\/2024\/10\/waterpest_k-1-300x242.jpg","datePublished":"2024-10-18T05:40:01+00:00","dateModified":"2025-06-04T09:24:51+00:00","description":"Das Kreuzbl\u00fctler-Wasserkraut ist eine Pflanze, die sehr gut in den Teich passt. Egeria Crispa w\u00e4chst sehr schnell und konkurriert effektiv mit Algen.","breadcrumb":{"@id":"https:\/\/www.zuurstofplanten.net\/zuurstof-planten\/waterpest\/gekroesde-waterpest\/#breadcrumb"},"inLanguage":"de","potentialAction":[{"@type":"ReadAction","target":["https:\/\/www.zuurstofplanten.net\/zuurstof-planten\/waterpest\/gekroesde-waterpest\/"]}]},{"@type":"ImageObject","inLanguage":"de","@id":"https:\/\/www.zuurstofplanten.net\/zuurstof-planten\/waterpest\/gekroesde-waterpest\/#primaryimage","url":"https:\/\/www.zuurstofplanten.net\/wp-content\/uploads\/2024\/10\/waterpest_k-1-300x242.jpg","contentUrl":"https:\/\/www.zuurstofplanten.net\/wp-content\/uploads\/2024\/10\/waterpest_k-1-300x242.jpg"},{"@type":"BreadcrumbList","@id":"https:\/\/www.zuurstofplanten.net\/zuurstof-planten\/waterpest\/gekroesde-waterpest\/#breadcrumb","itemListElement":[{"@type":"ListItem","position":1,"name":"Home","item":"https:\/\/www.zuurstofplanten.net\/"},{"@type":"ListItem","position":2,"name":"Zuurstofplanten","item":"https:\/\/www.zuurstofplanten.net\/zuurstof-planten\/"},{"@type":"ListItem","position":3,"name":"Waterpest","item":"https:\/\/www.zuurstofplanten.net\/zuurstof-planten\/waterpest\/"},{"@type":"ListItem","position":4,"name":"Gekroesde Waterpest"}]},{"@type":"WebSite","@id":"https:\/\/www.zuurstofplanten.net\/#website","url":"https:\/\/www.zuurstofplanten.net\/","name":"Zuurstofplanten.net","description":"","publisher":{"@id":"https:\/\/www.zuurstofplanten.net\/#organization"},"potentialAction":[{"@type":"SearchAction","target":{"@type":"EntryPoint","urlTemplate":"https:\/\/www.zuurstofplanten.net\/?s={search_term_string}"},"query-input":{"@type":"PropertyValueSpecification","valueRequired":true,"valueName":"search_term_string"}}],"inLanguage":"de"},{"@type":"Organization","@id":"https:\/\/www.zuurstofplanten.net\/#organization","name":"Zuurstofplanten.net","url":"https:\/\/www.zuurstofplanten.net\/","logo":{"@type":"ImageObject","inLanguage":"de","@id":"https:\/\/www.zuurstofplanten.net\/#\/schema\/logo\/image\/","url":"https:\/\/www.zuurstofplanten.net\/wp-content\/uploads\/2024\/10\/zuurstofplanten-logo-1.jpg","contentUrl":"https:\/\/www.zuurstofplanten.net\/wp-content\/uploads\/2024\/10\/zuurstofplanten-logo-1.jpg","width":180,"height":60,"caption":"Zuurstofplanten.net"},"image":{"@id":"https:\/\/www.zuurstofplanten.net\/#\/schema\/logo\/image\/"}}]}},"_links":{"self":[{"href":"https:\/\/www.zuurstofplanten.net\/de\/wp-json\/wp\/v2\/pages\/700"}],"collection":[{"href":"https:\/\/www.zuurstofplanten.net\/de\/wp-json\/wp\/v2\/pages"}],"about":[{"href":"https:\/\/www.zuurstofplanten.net\/de\/wp-json\/wp\/v2\/types\/page"}],"author":[{"embeddable":true,"href":"https:\/\/www.zuurstofplanten.net\/de\/wp-json\/wp\/v2\/users\/4"}],"replies":[{"embeddable":true,"href":"https:\/\/www.zuurstofplanten.net\/de\/wp-json\/wp\/v2\/comments?post=700"}],"version-history":[{"count":34,"href":"https:\/\/www.zuurstofplanten.net\/de\/wp-json\/wp\/v2\/pages\/700\/revisions"}],"predecessor-version":[{"id":2084,"href":"https:\/\/www.zuurstofplanten.net\/de\/wp-json\/wp\/v2\/pages\/700\/revisions\/2084"}],"up":[{"embeddable":true,"href":"https:\/\/www.zuurstofplanten.net\/de\/wp-json\/wp\/v2\/pages\/724"}],"wp:attachment":[{"href":"https:\/\/www.zuurstofplanten.net\/de\/wp-json\/wp\/v2\/media?parent=700"}],"curies":[{"name":"wp","href":"https:\/\/api.w.org\/{rel}","templated":true}]}}