{"id":689,"date":"2024-10-16T14:44:52","date_gmt":"2024-10-16T14:44:52","guid":{"rendered":"https:\/\/baselinkhosting.nl\/zuurstofplanten\/?page_id=689"},"modified":"2025-06-04T09:16:58","modified_gmt":"2025-06-04T09:16:58","slug":"laichkraut","status":"publish","type":"page","link":"https:\/\/www.zuurstofplanten.net\/de\/sauerstoffpflanzen\/laichkraut\/","title":{"rendered":"Teichkraut"},"content":{"rendered":"<div data-elementor-type=\"wp-page\" data-elementor-id=\"689\" class=\"elementor elementor-689\" data-elementor-post-type=\"page\">\n\t\t\t\t<div class=\"elementor-element elementor-element-9a2437f e-flex e-con-boxed e-con e-parent\" data-id=\"9a2437f\" data-element_type=\"container\" data-e-type=\"container\" data-settings=\"{&quot;background_background&quot;:&quot;classic&quot;}\">\n\t\t\t\t\t<div class=\"e-con-inner\">\n\t\t\t\t<div class=\"elementor-element elementor-element-3c3261a elementor-widget elementor-widget-heading\" data-id=\"3c3261a\" data-element_type=\"widget\" data-e-type=\"widget\" data-widget_type=\"heading.default\">\n\t\t\t\t<div class=\"elementor-widget-container\">\n\t\t\t\t\t<h1 class=\"elementor-heading-title elementor-size-default\">Teichkraut<\/h1>\t\t\t\t<\/div>\n\t\t\t\t<\/div>\n\t\t\t\t<div class=\"elementor-element elementor-element-9347366 elementor-widget elementor-widget-breadcrumbs\" data-id=\"9347366\" data-element_type=\"widget\" data-e-type=\"widget\" data-widget_type=\"breadcrumbs.default\">\n\t\t\t\t<div class=\"elementor-widget-container\">\n\t\t\t\t\t<p id=\"breadcrumbs\"><span><span><a href=\"https:\/\/www.zuurstofplanten.net\/de\/\">Startseite<\/a><\/span><\/span><\/p>\t\t\t\t<\/div>\n\t\t\t\t<\/div>\n\t\t\t\t\t<\/div>\n\t\t\t\t<\/div>\n\t\t<div class=\"elementor-element elementor-element-6f79f33 e-flex e-con-boxed e-con e-parent\" data-id=\"6f79f33\" data-element_type=\"container\" data-e-type=\"container\">\n\t\t\t\t\t<div class=\"e-con-inner\">\n\t\t\t\t<div class=\"elementor-element elementor-element-2710421 elementor-widget elementor-widget-heading\" data-id=\"2710421\" data-element_type=\"widget\" data-e-type=\"widget\" data-widget_type=\"heading.default\">\n\t\t\t\t<div class=\"elementor-widget-container\">\n\t\t\t\t\t<h2 class=\"elementor-heading-title elementor-size-default\">Teichkraut<\/h2>\t\t\t\t<\/div>\n\t\t\t\t<\/div>\n\t\t<div class=\"elementor-element elementor-element-d66e993 e-grid e-con-full e-con e-child\" data-id=\"d66e993\" data-element_type=\"container\" data-e-type=\"container\">\n\t\t\t\t<div class=\"elementor-element elementor-element-ff24c41 elementor-widget elementor-widget-text-editor\" data-id=\"ff24c41\" data-element_type=\"widget\" data-e-type=\"widget\" data-widget_type=\"text-editor.default\">\n\t\t\t\t<div class=\"elementor-widget-container\">\n\t\t\t\t\t\t\t\t\t<p>Diese Pflanze ist eine Familie von Sauerstoffpflanzen, die in den Niederlanden und Belgien wild vorkommt. Einige Arten sind in der Saison im Webshop von De Vijvermeester erh\u00e4ltlich. Das Gl\u00e4nzende Teichkraut (Potamogeton Lucens) ist eine der bekanntesten Sauerstoffpflanzen. Ada Hofman spricht bereits in ihrem Buch dar\u00fcber, und das aus gutem Grund. Teichkr\u00e4uter, insbesondere das Gl\u00e4nzende Teichkraut, sind sehr gute Sauerstoffpflanzen. Sie sind auch hervorragend f\u00fcr den Teich geeignet. Sie sehen sch\u00f6n aus, wachsen schnell und bringen viel Sauerstoff ins Wasser. Das liegt an ihren vielen Bl\u00e4ttern, die sehr viel Chlorophyll enthalten. Durch das schnelle Wachstum dieser Wasserpflanzen k\u00f6nnen sie nicht nur viel Sauerstoff produzieren, sondern auch viele N\u00e4hrstoffe aus dem Wasser aufnehmen. Diese werden in Biomasse umgewandelt. Dadurch haben Algen weniger Chancen und das Wasser bleibt klarer. Teichkr\u00e4uter wie Hornblatt und Wasserpest sind in der Lage, eine spezielle Substanz abzusondern, die das Algenwachstum reduziert. Sie sind allelopathisch. Neben diesen f\u00fcr die Teichbewohner angenehmen Eigenschaften sind sie Zierpflanzen, die auch die Unterwasserlandschaft Ihres Teiches versch\u00f6nern.<\/p>\t\t\t\t\t\t\t\t<\/div>\n\t\t\t\t<\/div>\n\t\t\t\t<div class=\"elementor-element elementor-element-317d943 elementor-cta--skin-classic elementor-animated-content elementor-bg-transform elementor-bg-transform-zoom-in elementor-widget elementor-widget-call-to-action\" data-id=\"317d943\" data-element_type=\"widget\" data-e-type=\"widget\" data-widget_type=\"call-to-action.default\">\n\t\t\t\t<div class=\"elementor-widget-container\">\n\t\t\t\t\t\t\t<a class=\"elementor-cta\" href=\"https:\/\/vijvermeester.nl\/catalogsearch\/result\/?q=fonteinkruid&#038;utm_source=affiliate&#038;utm_medium=partner&#038;utm_campaign=zuurstofplanten_net&#038;utm_content=fonteinkruid\" rel=\"nofollow\">\n\t\t\t\t\t<div class=\"elementor-cta__bg-wrapper\">\n\t\t\t\t<div class=\"elementor-cta__bg elementor-bg\" style=\"background-image: url(https:\/\/www.zuurstofplanten.net\/wp-content\/uploads\/2024\/10\/drijvend_fonteinkruid-n4wj1zlmk1jravbnwktgljhmjszaidk124ixw9qs40.jpg);\" role=\"img\" aria-label=\"schwimmendes_Font\u00e4nenkraut-n4wj1zlmk1jravbnwktgljhmjszaidk124ixw9qs40\"><\/div>\n\t\t\t\t<div class=\"elementor-cta__bg-overlay\"><\/div>\n\t\t\t<\/div>\n\t\t\t\t\t\t\t<div class=\"elementor-cta__content\">\n\t\t\t\t\n\t\t\t\t\t\t\t\t\t<h2 class=\"elementor-cta__title elementor-cta__content-item elementor-content-item\">\n\t\t\t\t\t\tKaufen Sie Laichkraut?\t\t\t\t\t<\/h2>\n\t\t\t\t\n\t\t\t\t\t\t\t\t\t<div class=\"elementor-cta__description elementor-cta__content-item elementor-content-item\">\n\t\t\t\t\t\tTeichkraut ist \u00fcber den Webshop von De Vijvermeester zu verkaufen. Hier k\u00f6nnen Sie sch\u00f6ne Str\u00e4u\u00dfe von hoher Qualit\u00e4t finden.\t\t\t\t\t<\/div>\n\t\t\t\t\n\t\t\t\t\t\t\t\t\t<div class=\"elementor-cta__button-wrapper elementor-cta__content-item elementor-content-item\">\n\t\t\t\t\t<span class=\"elementor-cta__button elementor-button elementor-size-\">\n\t\t\t\t\t\tKlicken Sie f\u00fcr den Webshop von Vijvermeester.nl\t\t\t\t\t<\/span>\n\t\t\t\t\t<\/div>\n\t\t\t\t\t\t\t<\/div>\n\t\t\t\t\t\t<\/a>\n\t\t\t\t\t\t<\/div>\n\t\t\t\t<\/div>\n\t\t\t\t<\/div>\n\t\t\t\t<div class=\"elementor-element elementor-element-b6f90bc elementor-widget elementor-widget-heading\" data-id=\"b6f90bc\" data-element_type=\"widget\" data-e-type=\"widget\" data-widget_type=\"heading.default\">\n\t\t\t\t<div class=\"elementor-widget-container\">\n\t\t\t\t\t<h3 class=\"elementor-heading-title elementor-size-default\">Art Teichkraut<\/h3>\t\t\t\t<\/div>\n\t\t\t\t<\/div>\n\t\t\t\t<div class=\"elementor-element elementor-element-12e2f52 elementor-widget elementor-widget-text-editor\" data-id=\"12e2f52\" data-element_type=\"widget\" data-e-type=\"widget\" data-widget_type=\"text-editor.default\">\n\t\t\t\t<div class=\"elementor-widget-container\">\n\t\t\t\t\t\t\t\t\t<p>In den Niederlanden gibt es mehr als 20 Arten von Teichkraut. Das Teichkraut ist in den meisten Teilen Europas und Asiens heimisch und w\u00e4chst sogar \u00fcber dem Polarkreis. Eine \u00dcberwinterung ist daher kein Problem. Im Winter gibt es \u00fcbrigens nicht viel zu sehen, denn dann verschwinden die meisten dieser Wasserpflanzen. Im Fr\u00fchjahr tauchen sie dann wieder auf. Leider haben diese Wasserpflanzen in unseren Gew\u00e4ssern einen schweren Stand. Dies ist vor allem auf die zunehmende Verschmutzung und Eutrophierung zur\u00fcckzuf\u00fchren.<\/p><p>Alle beschriebenen Arten sollten in einen Teichkorb oder in feste Erde gepflanzt werden.\u00a0<\/p><p>Im Folgenden stellen wir die bekanntesten Sorten vor.<\/p>\t\t\t\t\t\t\t\t<\/div>\n\t\t\t\t<\/div>\n\t\t\t\t<div class=\"elementor-element elementor-element-b31f2d2 elementor-widget elementor-widget-heading\" data-id=\"b31f2d2\" data-element_type=\"widget\" data-e-type=\"widget\" data-widget_type=\"heading.default\">\n\t\t\t\t<div class=\"elementor-widget-container\">\n\t\t\t\t\t<h4 class=\"elementor-heading-title elementor-size-default\">Gl\u00e4nzendes Teichkraut (Potamogeton Lucens)<\/h4>\t\t\t\t<\/div>\n\t\t\t\t<\/div>\n\t\t\t\t<div class=\"elementor-element elementor-element-57546fe elementor-widget elementor-widget-text-editor\" data-id=\"57546fe\" data-element_type=\"widget\" data-e-type=\"widget\" data-widget_type=\"text-editor.default\">\n\t\t\t\t<div class=\"elementor-widget-container\">\n\t\t\t\t\t\t\t\t\t<p>Dies ist die bekannteste und am h\u00e4ufigsten verwendete Art. Sie wird auch Gl\u00e4nzendes Teichkraut genannt. Das hat zweifellos mit Ada Hofman zu tun, die die Pflanze oft in ihren Teichen einsetzte. Die sch\u00f6nen, fast durchsichtigen Bl\u00e4tter produzieren unter dem Einfluss des Sonnenlichts viel Sauerstoff. Im Fr\u00fchjahr ist die Art oft noch etwas br\u00e4unlich, w\u00e4hrend die Bl\u00e4tter im Sommer oft hellgr\u00fcn sind. Ein sch\u00f6ner Anblick in Ihrem Teich!<\/p>\t\t\t\t\t\t\t\t<\/div>\n\t\t\t\t<\/div>\n\t\t\t\t<div class=\"elementor-element elementor-element-dee4b87 elementor-widget elementor-widget-heading\" data-id=\"dee4b87\" data-element_type=\"widget\" data-e-type=\"widget\" data-widget_type=\"heading.default\">\n\t\t\t\t<div class=\"elementor-widget-container\">\n\t\t\t\t\t<h4 class=\"elementor-heading-title elementor-size-default\">Gekreuztes Teichkraut (Potamogeton Crispus)<\/h4>\t\t\t\t<\/div>\n\t\t\t\t<\/div>\n\t\t\t\t<div class=\"elementor-element elementor-element-9365f63 elementor-widget elementor-widget-text-editor\" data-id=\"9365f63\" data-element_type=\"widget\" data-e-type=\"widget\" data-widget_type=\"text-editor.default\">\n\t\t\t\t<div class=\"elementor-widget-container\">\n\t\t\t\t\t\t\t\t\t<p>Der Kreuzbl\u00e4ttrige Teichkraut ist auch unter dem Namen Krummes Teichkraut bekannt und ist im Teich sehr gut einsetzbar. Es handelt sich um eine einheimische Art, die dem Gl\u00e4nzenden Teichkraut in Bezug auf die Sauerstoffversorgung nicht nachsteht. Gekr\u00e4useltes Teichkraut sollte in einen Teichkorb gesetzt werden; es ist eine wurzelnde Wasserpflanze.<\/p>\t\t\t\t\t\t\t\t<\/div>\n\t\t\t\t<\/div>\n\t\t\t\t<div class=\"elementor-element elementor-element-0d1bd28 elementor-widget elementor-widget-heading\" data-id=\"0d1bd28\" data-element_type=\"widget\" data-e-type=\"widget\" data-widget_type=\"heading.default\">\n\t\t\t\t<div class=\"elementor-widget-container\">\n\t\t\t\t\t<h4 class=\"elementor-heading-title elementor-size-default\">Schwimmendes Teichkraut<\/h4>\t\t\t\t<\/div>\n\t\t\t\t<\/div>\n\t\t\t\t<div class=\"elementor-element elementor-element-dc772c8 elementor-widget elementor-widget-text-editor\" data-id=\"dc772c8\" data-element_type=\"widget\" data-e-type=\"widget\" data-widget_type=\"text-editor.default\">\n\t\t\t\t<div class=\"elementor-widget-container\">\n\t\t\t\t\t\t\t\t\t<p>Ein etwas seltsames Entlein ist das Schwimmende Teichkraut. Die meisten anderen Arten haben ihre Bl\u00e4tter unter Wasser. Diese Art bildet jedoch lange St\u00e4ngel mit schwimmenden Bl\u00e4ttern aus. Der Vorteil f\u00fcr Ihren Teich ist, dass diese Bl\u00e4tter Schatten spenden. Algen brauchen Licht, um zu wachsen. Durch die Schwimmbl\u00e4tter bekommen die Algen weniger Licht und wachsen weniger. Der Schatten sorgt auch daf\u00fcr, dass das Wasser weniger warm wird. In k\u00fchlerem Wasser kann sich mehr Sauerstoff aufl\u00f6sen.\u00a0<\/p>\t\t\t\t\t\t\t\t<\/div>\n\t\t\t\t<\/div>\n\t\t\t\t<div class=\"elementor-element elementor-element-a2ce418 elementor-widget elementor-widget-heading\" data-id=\"a2ce418\" data-element_type=\"widget\" data-e-type=\"widget\" data-widget_type=\"heading.default\">\n\t\t\t\t<div class=\"elementor-widget-container\">\n\t\t\t\t\t<h4 class=\"elementor-heading-title elementor-size-default\">Stacheliges Laichkraut<\/h4>\t\t\t\t<\/div>\n\t\t\t\t<\/div>\n\t\t\t\t<div class=\"elementor-element elementor-element-a1fb2c5 elementor-widget elementor-widget-text-editor\" data-id=\"a1fb2c5\" data-element_type=\"widget\" data-e-type=\"widget\" data-widget_type=\"text-editor.default\">\n\t\t\t\t<div class=\"elementor-widget-container\">\n\t\t\t\t\t\t\t\t\t<p>Das Breitbl\u00e4ttrige Teichkraut ist eine Unterart, die sehr hoch wachsen kann. Wassertiefen von mehr als 2,50 Metern sind f\u00fcr diese Sauerstoffpflanze kein Problem. Das Wasser sollte dann einigerma\u00dfen klar sein, damit gen\u00fcgend Licht die Bl\u00e4tter erreichen kann. Diese Wasserpflanzen haben dekorative Bl\u00e4tter, die etwas kleiner sind als bei der gl\u00e4nzenden Variante. Sehr gut geeignet f\u00fcr tiefe Teiche.\u00a0<\/p>\t\t\t\t\t\t\t\t<\/div>\n\t\t\t\t<\/div>\n\t\t\t\t<div class=\"elementor-element elementor-element-d0d60b2 elementor-widget elementor-widget-heading\" data-id=\"d0d60b2\" data-element_type=\"widget\" data-e-type=\"widget\" data-widget_type=\"heading.default\">\n\t\t\t\t<div class=\"elementor-widget-container\">\n\t\t\t\t\t<h2 class=\"elementor-heading-title elementor-size-default\">Kaufen Sie Laichkraut?<\/h2>\t\t\t\t<\/div>\n\t\t\t\t<\/div>\n\t\t\t\t<div class=\"elementor-element elementor-element-ef94c59 elementor-widget elementor-widget-image\" data-id=\"ef94c59\" data-element_type=\"widget\" data-e-type=\"widget\" data-widget_type=\"image.default\">\n\t\t\t\t<div class=\"elementor-widget-container\">\n\t\t\t\t\t\t\t\t\t\t\t\t\t\t\t<img fetchpriority=\"high\" decoding=\"async\" width=\"217\" height=\"300\" src=\"https:\/\/www.zuurstofplanten.net\/wp-content\/uploads\/2024\/10\/glanzend-fonteinkruid-bos-1-217x300.jpg\" class=\"attachment-medium size-medium wp-image-137\" alt=\"\" srcset=\"https:\/\/www.zuurstofplanten.net\/wp-content\/uploads\/2024\/10\/glanzend-fonteinkruid-bos-1-217x300.jpg 217w, https:\/\/www.zuurstofplanten.net\/wp-content\/uploads\/2024\/10\/glanzend-fonteinkruid-bos-1-742x1024.jpg 742w, https:\/\/www.zuurstofplanten.net\/wp-content\/uploads\/2024\/10\/glanzend-fonteinkruid-bos-1-768x1060.jpg 768w, https:\/\/www.zuurstofplanten.net\/wp-content\/uploads\/2024\/10\/glanzend-fonteinkruid-bos-1.jpg 795w\" sizes=\"(max-width: 217px) 100vw, 217px\" \/>\t\t\t\t\t\t\t\t\t\t\t\t\t\t\t<\/div>\n\t\t\t\t<\/div>\n\t\t\t\t<div class=\"elementor-element elementor-element-cc223be elementor-widget elementor-widget-text-editor\" data-id=\"cc223be\" data-element_type=\"widget\" data-e-type=\"widget\" data-widget_type=\"text-editor.default\">\n\t\t\t\t<div class=\"elementor-widget-container\">\n\t\t\t\t\t\t\t\t\t<p>Wir haben gute Erfahrungen mit Sauerstoffpflanzen von De Vijvermeester gemacht. \u00dcber den Webshop von De Vijvermeester werden verschiedene Arten von Laichkraut zum Verkauf angeboten. Hier k\u00f6nnen Sie sch\u00f6ne Str\u00e4u\u00dfe von hoher Qualit\u00e4t finden.<\/p>\t\t\t\t\t\t\t\t<\/div>\n\t\t\t\t<\/div>\n\t\t\t\t<div class=\"elementor-element elementor-element-a3b754b elementor-align-left elementor-widget elementor-widget-button\" data-id=\"a3b754b\" data-element_type=\"widget\" data-e-type=\"widget\" data-widget_type=\"button.default\">\n\t\t\t\t<div class=\"elementor-widget-container\">\n\t\t\t\t\t\t\t\t\t<div class=\"elementor-button-wrapper\">\n\t\t\t\t\t<a class=\"elementor-button elementor-button-link elementor-size-sm elementor-animation-grow\" href=\"https:\/\/vijvermeester.nl\/catalogsearch\/result\/?q=fonteinkruid&#038;utm_source=affiliate&#038;utm_medium=partner&#038;utm_campaign=zuurstofplanten_net&#038;utm_content=fonteinkruid\">\n\t\t\t\t\t\t<span class=\"elementor-button-content-wrapper\">\n\t\t\t\t\t\t<span class=\"elementor-button-icon\">\n\t\t\t\t<svg aria-hidden=\"true\" class=\"e-font-icon-svg e-fas-shopping-cart\" viewbox=\"0 0 576 512\" xmlns=\"http:\/\/www.w3.org\/2000\/svg\"><path d=\"M528.12 301.319l47.273-208C578.806 78.301 567.391 64 551.99 64H159.208l-9.166-44.81C147.758 8.021 137.93 0 126.529 0H24C10.745 0 0 10.745 0 24v16c0 13.255 10.745 24 24 24h69.883l70.248 343.435C147.325 417.1 136 435.222 136 456c0 30.928 25.072 56 56 56s56-25.072 56-56c0-15.674-6.447-29.835-16.824-40h209.647C430.447 426.165 424 440.326 424 456c0 30.928 25.072 56 56 56s56-25.072 56-56c0-22.172-12.888-41.332-31.579-50.405l5.517-24.276c3.413-15.018-8.002-29.319-23.403-29.319H218.117l-6.545-32h293.145c11.206 0 20.92-7.754 23.403-18.681z\"><\/path><\/svg>\t\t\t<\/span>\n\t\t\t\t\t\t\t\t\t<span class=\"elementor-button-text\">Klicken Sie hier, um den Vijvermeester.nl zu besuchen<\/span>\n\t\t\t\t\t<\/span>\n\t\t\t\t\t<\/a>\n\t\t\t\t<\/div>\n\t\t\t\t\t\t\t\t<\/div>\n\t\t\t\t<\/div>\n\t\t\t\t\t<\/div>\n\t\t\t\t<\/div>\n\t\t<div class=\"elementor-element elementor-element-291df03 e-grid e-con-boxed e-con e-parent\" data-id=\"291df03\" data-element_type=\"container\" data-e-type=\"container\">\n\t\t\t\t\t<div class=\"e-con-inner\">\n\t\t\t\t\t<\/div>\n\t\t\t\t<\/div>\n\t\t\t\t<\/div>","protected":false},"excerpt":{"rendered":"<p>Teichkraut Das Teichkraut ist eine Familie von Sauerstoffpflanzen, die in den Niederlanden und Belgien wild vorkommt. Einige Arten sind in der Saison im Webshop von De Vijvermeester erh\u00e4ltlich. Das Gl\u00e4nzende Teichkraut (Potamogeton Lucens) ist eine der bekanntesten Sauerstoffpflanzen. Ada Hofman spricht bereits in ihrem Buch \u00fcber sie und nicht f\u00fcr [...]<\/p>","protected":false},"author":4,"featured_media":0,"parent":778,"menu_order":3,"comment_status":"closed","ping_status":"closed","template":"","meta":{"_acf_changed":false,"iawp_total_views":481,"footnotes":""},"class_list":["post-689","page","type-page","status-publish","hentry"],"acf":[],"yoast_head":"<!-- This site is optimized with the Yoast SEO plugin v25.5 - https:\/\/yoast.com\/wordpress\/plugins\/seo\/ -->\n<title>Fonteinkruid | Planten, Onderhoud &amp; Advies | Zuurstofplanten.net<\/title>\n<meta name=\"description\" content=\"De Fonteinkruid familie heeft als bekendste lid Glanzend Fonteinkruid. Lees hier meer over de soorten, aanplanten , plantdiepte etc.\" \/>\n<meta name=\"robots\" content=\"index, follow, max-snippet:-1, max-image-preview:large, max-video-preview:-1\" \/>\n<link rel=\"canonical\" href=\"https:\/\/www.zuurstofplanten.net\/de\/sauerstoffpflanzen\/laichkraut\/\" \/>\n<meta property=\"og:locale\" content=\"de_DE\" \/>\n<meta property=\"og:type\" content=\"article\" \/>\n<meta property=\"og:title\" content=\"Fonteinkruid | Planten, Onderhoud &amp; Advies | Zuurstofplanten.net\" \/>\n<meta property=\"og:description\" content=\"De Fonteinkruid familie heeft als bekendste lid Glanzend Fonteinkruid. Lees hier meer over de soorten, aanplanten , plantdiepte etc.\" \/>\n<meta property=\"og:url\" content=\"https:\/\/www.zuurstofplanten.net\/de\/sauerstoffpflanzen\/laichkraut\/\" \/>\n<meta property=\"og:site_name\" content=\"Zuurstofplanten.net\" \/>\n<meta property=\"article:modified_time\" content=\"2025-06-04T09:16:58+00:00\" \/>\n<meta property=\"og:image\" content=\"https:\/\/www.zuurstofplanten.net\/wp-content\/uploads\/2024\/10\/glanzend-fonteinkruid-bos-1.jpg\" \/>\n\t<meta property=\"og:image:width\" content=\"795\" \/>\n\t<meta property=\"og:image:height\" content=\"1097\" \/>\n\t<meta property=\"og:image:type\" content=\"image\/jpeg\" \/>\n<meta name=\"twitter:card\" content=\"summary_large_image\" \/>\n<meta name=\"twitter:label1\" content=\"Gesch\u00e4tzte Lesezeit\" \/>\n\t<meta name=\"twitter:data1\" content=\"4\u00a0Minuten\" \/>\n<script type=\"application\/ld+json\" class=\"yoast-schema-graph\">{\"@context\":\"https:\/\/schema.org\",\"@graph\":[{\"@type\":\"WebPage\",\"@id\":\"https:\/\/www.zuurstofplanten.net\/zuurstof-planten\/fonteinkruid\/\",\"url\":\"https:\/\/www.zuurstofplanten.net\/zuurstof-planten\/fonteinkruid\/\",\"name\":\"Fonteinkruid | Planten, Onderhoud & Advies | Zuurstofplanten.net\",\"isPartOf\":{\"@id\":\"https:\/\/www.zuurstofplanten.net\/#website\"},\"primaryImageOfPage\":{\"@id\":\"https:\/\/www.zuurstofplanten.net\/zuurstof-planten\/fonteinkruid\/#primaryimage\"},\"image\":{\"@id\":\"https:\/\/www.zuurstofplanten.net\/zuurstof-planten\/fonteinkruid\/#primaryimage\"},\"thumbnailUrl\":\"https:\/\/www.zuurstofplanten.net\/wp-content\/uploads\/2024\/10\/glanzend-fonteinkruid-bos-1-217x300.jpg\",\"datePublished\":\"2024-10-16T14:44:52+00:00\",\"dateModified\":\"2025-06-04T09:16:58+00:00\",\"description\":\"De Fonteinkruid familie heeft als bekendste lid Glanzend Fonteinkruid. Lees hier meer over de soorten, aanplanten , plantdiepte etc.\",\"breadcrumb\":{\"@id\":\"https:\/\/www.zuurstofplanten.net\/zuurstof-planten\/fonteinkruid\/#breadcrumb\"},\"inLanguage\":\"de\",\"potentialAction\":[{\"@type\":\"ReadAction\",\"target\":[\"https:\/\/www.zuurstofplanten.net\/zuurstof-planten\/fonteinkruid\/\"]}]},{\"@type\":\"ImageObject\",\"inLanguage\":\"de\",\"@id\":\"https:\/\/www.zuurstofplanten.net\/zuurstof-planten\/fonteinkruid\/#primaryimage\",\"url\":\"https:\/\/www.zuurstofplanten.net\/wp-content\/uploads\/2024\/10\/glanzend-fonteinkruid-bos-1-217x300.jpg\",\"contentUrl\":\"https:\/\/www.zuurstofplanten.net\/wp-content\/uploads\/2024\/10\/glanzend-fonteinkruid-bos-1-217x300.jpg\"},{\"@type\":\"BreadcrumbList\",\"@id\":\"https:\/\/www.zuurstofplanten.net\/zuurstof-planten\/fonteinkruid\/#breadcrumb\",\"itemListElement\":[{\"@type\":\"ListItem\",\"position\":1,\"name\":\"Home\",\"item\":\"https:\/\/www.zuurstofplanten.net\/\"},{\"@type\":\"ListItem\",\"position\":2,\"name\":\"Zuurstofplanten\",\"item\":\"https:\/\/www.zuurstofplanten.net\/zuurstof-planten\/\"},{\"@type\":\"ListItem\",\"position\":3,\"name\":\"Fonteinkruid\"}]},{\"@type\":\"WebSite\",\"@id\":\"https:\/\/www.zuurstofplanten.net\/#website\",\"url\":\"https:\/\/www.zuurstofplanten.net\/\",\"name\":\"Zuurstofplanten.net\",\"description\":\"\",\"publisher\":{\"@id\":\"https:\/\/www.zuurstofplanten.net\/#organization\"},\"potentialAction\":[{\"@type\":\"SearchAction\",\"target\":{\"@type\":\"EntryPoint\",\"urlTemplate\":\"https:\/\/www.zuurstofplanten.net\/?s={search_term_string}\"},\"query-input\":{\"@type\":\"PropertyValueSpecification\",\"valueRequired\":true,\"valueName\":\"search_term_string\"}}],\"inLanguage\":\"de\"},{\"@type\":\"Organization\",\"@id\":\"https:\/\/www.zuurstofplanten.net\/#organization\",\"name\":\"Zuurstofplanten.net\",\"url\":\"https:\/\/www.zuurstofplanten.net\/\",\"logo\":{\"@type\":\"ImageObject\",\"inLanguage\":\"de\",\"@id\":\"https:\/\/www.zuurstofplanten.net\/#\/schema\/logo\/image\/\",\"url\":\"https:\/\/www.zuurstofplanten.net\/wp-content\/uploads\/2024\/10\/zuurstofplanten-logo-1.jpg\",\"contentUrl\":\"https:\/\/www.zuurstofplanten.net\/wp-content\/uploads\/2024\/10\/zuurstofplanten-logo-1.jpg\",\"width\":180,\"height\":60,\"caption\":\"Zuurstofplanten.net\"},\"image\":{\"@id\":\"https:\/\/www.zuurstofplanten.net\/#\/schema\/logo\/image\/\"}}]}<\/script>\n<!-- \/ Yoast SEO plugin. -->","yoast_head_json":{"title":"Teichkraut | Pflanzen, Pflege &amp; Beratung | Acidplants.net","description":"Das bekannteste Mitglied der Teichkrautgew\u00e4chse ist das Gl\u00e4nzende Teichkraut. Lesen Sie hier mehr \u00fcber die Art, die Pflanzung, die Pflanztiefe usw.","robots":{"index":"index","follow":"follow","max-snippet":"max-snippet:-1","max-image-preview":"max-image-preview:large","max-video-preview":"max-video-preview:-1"},"canonical":"https:\/\/www.zuurstofplanten.net\/de\/sauerstoffpflanzen\/laichkraut\/","og_locale":"de_DE","og_type":"article","og_title":"Fonteinkruid | Planten, Onderhoud & Advies | Zuurstofplanten.net","og_description":"De Fonteinkruid familie heeft als bekendste lid Glanzend Fonteinkruid. Lees hier meer over de soorten, aanplanten , plantdiepte etc.","og_url":"https:\/\/www.zuurstofplanten.net\/de\/sauerstoffpflanzen\/laichkraut\/","og_site_name":"Zuurstofplanten.net","article_modified_time":"2025-06-04T09:16:58+00:00","og_image":[{"width":795,"height":1097,"url":"https:\/\/www.zuurstofplanten.net\/wp-content\/uploads\/2024\/10\/glanzend-fonteinkruid-bos-1.jpg","type":"image\/jpeg"}],"twitter_card":"summary_large_image","twitter_misc":{"Gesch\u00e4tzte Lesezeit":"4\u00a0Minuten"},"schema":{"@context":"https:\/\/schema.org","@graph":[{"@type":"WebPage","@id":"https:\/\/www.zuurstofplanten.net\/zuurstof-planten\/fonteinkruid\/","url":"https:\/\/www.zuurstofplanten.net\/zuurstof-planten\/fonteinkruid\/","name":"Teichkraut | Pflanzen, Pflege &amp; Beratung | Acidplants.net","isPartOf":{"@id":"https:\/\/www.zuurstofplanten.net\/#website"},"primaryImageOfPage":{"@id":"https:\/\/www.zuurstofplanten.net\/zuurstof-planten\/fonteinkruid\/#primaryimage"},"image":{"@id":"https:\/\/www.zuurstofplanten.net\/zuurstof-planten\/fonteinkruid\/#primaryimage"},"thumbnailUrl":"https:\/\/www.zuurstofplanten.net\/wp-content\/uploads\/2024\/10\/glanzend-fonteinkruid-bos-1-217x300.jpg","datePublished":"2024-10-16T14:44:52+00:00","dateModified":"2025-06-04T09:16:58+00:00","description":"Das bekannteste Mitglied der Teichkrautgew\u00e4chse ist das Gl\u00e4nzende Teichkraut. Lesen Sie hier mehr \u00fcber die Art, die Pflanzung, die Pflanztiefe usw.","breadcrumb":{"@id":"https:\/\/www.zuurstofplanten.net\/zuurstof-planten\/fonteinkruid\/#breadcrumb"},"inLanguage":"de","potentialAction":[{"@type":"ReadAction","target":["https:\/\/www.zuurstofplanten.net\/zuurstof-planten\/fonteinkruid\/"]}]},{"@type":"ImageObject","inLanguage":"de","@id":"https:\/\/www.zuurstofplanten.net\/zuurstof-planten\/fonteinkruid\/#primaryimage","url":"https:\/\/www.zuurstofplanten.net\/wp-content\/uploads\/2024\/10\/glanzend-fonteinkruid-bos-1-217x300.jpg","contentUrl":"https:\/\/www.zuurstofplanten.net\/wp-content\/uploads\/2024\/10\/glanzend-fonteinkruid-bos-1-217x300.jpg"},{"@type":"BreadcrumbList","@id":"https:\/\/www.zuurstofplanten.net\/zuurstof-planten\/fonteinkruid\/#breadcrumb","itemListElement":[{"@type":"ListItem","position":1,"name":"Home","item":"https:\/\/www.zuurstofplanten.net\/"},{"@type":"ListItem","position":2,"name":"Zuurstofplanten","item":"https:\/\/www.zuurstofplanten.net\/zuurstof-planten\/"},{"@type":"ListItem","position":3,"name":"Fonteinkruid"}]},{"@type":"WebSite","@id":"https:\/\/www.zuurstofplanten.net\/#website","url":"https:\/\/www.zuurstofplanten.net\/","name":"Zuurstofplanten.net","description":"","publisher":{"@id":"https:\/\/www.zuurstofplanten.net\/#organization"},"potentialAction":[{"@type":"SearchAction","target":{"@type":"EntryPoint","urlTemplate":"https:\/\/www.zuurstofplanten.net\/?s={search_term_string}"},"query-input":{"@type":"PropertyValueSpecification","valueRequired":true,"valueName":"search_term_string"}}],"inLanguage":"de"},{"@type":"Organization","@id":"https:\/\/www.zuurstofplanten.net\/#organization","name":"Zuurstofplanten.net","url":"https:\/\/www.zuurstofplanten.net\/","logo":{"@type":"ImageObject","inLanguage":"de","@id":"https:\/\/www.zuurstofplanten.net\/#\/schema\/logo\/image\/","url":"https:\/\/www.zuurstofplanten.net\/wp-content\/uploads\/2024\/10\/zuurstofplanten-logo-1.jpg","contentUrl":"https:\/\/www.zuurstofplanten.net\/wp-content\/uploads\/2024\/10\/zuurstofplanten-logo-1.jpg","width":180,"height":60,"caption":"Zuurstofplanten.net"},"image":{"@id":"https:\/\/www.zuurstofplanten.net\/#\/schema\/logo\/image\/"}}]}},"_links":{"self":[{"href":"https:\/\/www.zuurstofplanten.net\/de\/wp-json\/wp\/v2\/pages\/689"}],"collection":[{"href":"https:\/\/www.zuurstofplanten.net\/de\/wp-json\/wp\/v2\/pages"}],"about":[{"href":"https:\/\/www.zuurstofplanten.net\/de\/wp-json\/wp\/v2\/types\/page"}],"author":[{"embeddable":true,"href":"https:\/\/www.zuurstofplanten.net\/de\/wp-json\/wp\/v2\/users\/4"}],"replies":[{"embeddable":true,"href":"https:\/\/www.zuurstofplanten.net\/de\/wp-json\/wp\/v2\/comments?post=689"}],"version-history":[{"count":25,"href":"https:\/\/www.zuurstofplanten.net\/de\/wp-json\/wp\/v2\/pages\/689\/revisions"}],"predecessor-version":[{"id":2063,"href":"https:\/\/www.zuurstofplanten.net\/de\/wp-json\/wp\/v2\/pages\/689\/revisions\/2063"}],"up":[{"embeddable":true,"href":"https:\/\/www.zuurstofplanten.net\/de\/wp-json\/wp\/v2\/pages\/778"}],"wp:attachment":[{"href":"https:\/\/www.zuurstofplanten.net\/de\/wp-json\/wp\/v2\/media?parent=689"}],"curies":[{"name":"wp","href":"https:\/\/api.w.org\/{rel}","templated":true}]}}