{"id":631,"date":"2024-10-16T10:11:10","date_gmt":"2024-10-16T10:11:10","guid":{"rendered":"https:\/\/baselinkhosting.nl\/zuurstofplanten\/?page_id=631"},"modified":"2025-06-04T08:09:24","modified_gmt":"2025-06-04T08:09:24","slug":"uferpflanzen","status":"publish","type":"page","link":"https:\/\/www.zuurstofplanten.net\/de\/uferpflanzen\/","title":{"rendered":"Bankanlagen"},"content":{"rendered":"<div data-elementor-type=\"wp-page\" data-elementor-id=\"631\" class=\"elementor elementor-631\" data-elementor-post-type=\"page\">\n\t\t\t\t<div class=\"elementor-element elementor-element-02c981d e-flex e-con-boxed e-con e-parent\" data-id=\"02c981d\" data-element_type=\"container\" data-e-type=\"container\" data-settings=\"{&quot;background_background&quot;:&quot;classic&quot;}\">\n\t\t\t\t\t<div class=\"e-con-inner\">\n\t\t\t\t<div class=\"elementor-element elementor-element-c5e5032 elementor-widget elementor-widget-heading\" data-id=\"c5e5032\" data-element_type=\"widget\" data-e-type=\"widget\" data-widget_type=\"heading.default\">\n\t\t\t\t<div class=\"elementor-widget-container\">\n\t\t\t\t\t<h1 class=\"elementor-heading-title elementor-size-default\">Bankanlagen<\/h1>\t\t\t\t<\/div>\n\t\t\t\t<\/div>\n\t\t\t\t<div class=\"elementor-element elementor-element-6500b34 elementor-widget elementor-widget-breadcrumbs\" data-id=\"6500b34\" data-element_type=\"widget\" data-e-type=\"widget\" data-widget_type=\"breadcrumbs.default\">\n\t\t\t\t<div class=\"elementor-widget-container\">\n\t\t\t\t\t<p id=\"breadcrumbs\"><span><span><a href=\"https:\/\/www.zuurstofplanten.net\/de\/\">Startseite<\/a><\/span><\/span><\/p>\t\t\t\t<\/div>\n\t\t\t\t<\/div>\n\t\t\t\t\t<\/div>\n\t\t\t\t<\/div>\n\t\t<div class=\"elementor-element elementor-element-c69d771 e-flex e-con-boxed e-con e-parent\" data-id=\"c69d771\" data-element_type=\"container\" data-e-type=\"container\">\n\t\t\t\t\t<div class=\"e-con-inner\">\n\t\t\t\t<div class=\"elementor-element elementor-element-cc13bd2 elementor-widget elementor-widget-heading\" data-id=\"cc13bd2\" data-element_type=\"widget\" data-e-type=\"widget\" data-widget_type=\"heading.default\">\n\t\t\t\t<div class=\"elementor-widget-container\">\n\t\t\t\t\t<h2 class=\"elementor-heading-title elementor-size-default\">Bankanlagen<\/h2>\t\t\t\t<\/div>\n\t\t\t\t<\/div>\n\t\t<div class=\"elementor-element elementor-element-e7fd4dd e-grid e-con-full e-con e-child\" data-id=\"e7fd4dd\" data-element_type=\"container\" data-e-type=\"container\">\n\t\t\t\t<div class=\"elementor-element elementor-element-727c16b elementor-widget elementor-widget-text-editor\" data-id=\"727c16b\" data-element_type=\"widget\" data-e-type=\"widget\" data-widget_type=\"text-editor.default\">\n\t\t\t\t<div class=\"elementor-widget-container\">\n\t\t\t\t\t\t\t\t\t<p>Diese Pflanzen sind f\u00fcr die Tierwelt im und am Teich unverzichtbar. Aus \u00e4sthetischer Sicht spricht nat\u00fcrlich auch viel f\u00fcr Uferpflanzen; einige Arten sind aufgrund ihrer sch\u00f6nen Bl\u00fctenst\u00e4nde eine Bereicherung f\u00fcr Ihren Teich. Das Hechtkraut ist ein Beispiel daf\u00fcr. Die h\u00fcbschen lila Bl\u00fcten sind eine Augenweide.<\/p><p>Neben dem einheimischen Aarveder-Kraut ist auch die orientalische Variante erh\u00e4ltlich. Lassen Sie sich nicht zu sehr vom Namen t\u00e4uschen; diese Art kommt in niederl\u00e4ndischen Teichen gut zurecht und \u00fcbersteht auch kalte Winter problemlos.<\/p>\t\t\t\t\t\t\t\t<\/div>\n\t\t\t\t<\/div>\n\t\t\t\t<div class=\"elementor-element elementor-element-119e798 elementor-widget elementor-widget-image\" data-id=\"119e798\" data-element_type=\"widget\" data-e-type=\"widget\" data-widget_type=\"image.default\">\n\t\t\t\t<div class=\"elementor-widget-container\">\n\t\t\t\t\t\t\t\t\t\t\t\t<figure class=\"wp-caption\">\n\t\t\t\t\t\t\t\t\t\t<img fetchpriority=\"high\" decoding=\"async\" width=\"300\" height=\"184\" src=\"https:\/\/www.zuurstofplanten.net\/wp-content\/uploads\/2024\/10\/snoekkruid-300x184-2.jpg\" class=\"attachment-large size-large wp-image-250\" alt=\"\" \/>\t\t\t\t\t\t\t\t\t\t\t<figcaption class=\"widget-image-caption wp-caption-text\">Dieses sch\u00f6ne Hechtkraut ist eine Bereicherung f\u00fcr Ihren Teich.<\/figcaption>\n\t\t\t\t\t\t\t\t\t\t<\/figure>\n\t\t\t\t\t\t\t\t\t<\/div>\n\t\t\t\t<\/div>\n\t\t\t\t<\/div>\n\t\t\t\t<div class=\"elementor-element elementor-element-a168718 elementor-widget elementor-widget-heading\" data-id=\"a168718\" data-element_type=\"widget\" data-e-type=\"widget\" data-widget_type=\"heading.default\">\n\t\t\t\t<div class=\"elementor-widget-container\">\n\t\t\t\t\t<h3 class=\"elementor-heading-title elementor-size-default\">Hechtkraut. Die Pflanze mit einem sch\u00f6nen Bl\u00fctenstand.<\/h3>\t\t\t\t<\/div>\n\t\t\t\t<\/div>\n\t\t\t\t<div class=\"elementor-element elementor-element-fcad669 elementor-widget elementor-widget-text-editor\" data-id=\"fcad669\" data-element_type=\"widget\" data-e-type=\"widget\" data-widget_type=\"text-editor.default\">\n\t\t\t\t<div class=\"elementor-widget-container\">\n\t\t\t\t\t\t\t\t\t<p>Es gibt sehr viele Arten von Uferpflanzen, jede mit ihren besonderen Eigenschaften. Als Material f\u00fcr die Herstellung von St\u00fchlen (Binsen) oder D\u00e4chern (Schilf), als Wirtspflanze f\u00fcr besondere Schmetterlinge, oder mit den herrlichen D\u00fcften und sch\u00f6nen Farben, essbar, medizinisch und wohltuend, entgiftend, desinfizierend und reinigend, das sind nur einige der spezifischen Eigenschaften, die auf Pflanzen an den Ufern zutreffen k\u00f6nnen.<\/p><p>Vielf\u00e4ltig also, aber sie haben auch etwas gemeinsam. Im Grunde sind Uferpflanzen Pflanzen, die am Wasser wachsen. Sie sind oft feuchtigkeitsliebende Pflanzen. Nicht jede Uferpflanze ist ein Helophyt und nicht jede feuchtigkeitsliebende Pflanze ist eine Uferpflanze. Dennoch werden an Teichen viele Pflanzen verwendet, die keine echten Uferpflanzen sind, sondern eigentlich in feuchte W\u00e4lder oder in Feuchtgr\u00fcnland geh\u00f6ren. Das ist nat\u00fcrlich erlaubt und m\u00f6glich. Die Natur w\u00e4hlt ohnehin aus; was nicht hineinpasst, w\u00e4chst nicht. F\u00fcr Teichbesitzer ist das aber nicht immer lustig!<\/p>\t\t\t\t\t\t\t\t<\/div>\n\t\t\t\t<\/div>\n\t\t\t\t<div class=\"elementor-element elementor-element-11d5fc9 elementor-widget elementor-widget-heading\" data-id=\"11d5fc9\" data-element_type=\"widget\" data-e-type=\"widget\" data-widget_type=\"heading.default\">\n\t\t\t\t<div class=\"elementor-widget-container\">\n\t\t\t\t\t<h3 class=\"elementor-heading-title elementor-size-default\">Achtung! Nicht alle Uferpflanzen sind feuchtigkeitsliebend.<\/h3>\t\t\t\t<\/div>\n\t\t\t\t<\/div>\n\t\t\t\t<div class=\"elementor-element elementor-element-de247e5 elementor-widget elementor-widget-text-editor\" data-id=\"de247e5\" data-element_type=\"widget\" data-e-type=\"widget\" data-widget_type=\"text-editor.default\">\n\t\t\t\t<div class=\"elementor-widget-container\">\n\t\t\t\t\t\t\t\t\t<p>Es gibt sogar Pflanzen, die nicht einmal besonders feuchtigkeitsliebend sind, sondern an Teichufern vorkommen. Ein Beispiel ist die Gew\u00f6hnliche Goldrute, die auf einer Namensverwechslung mit der Sp\u00e4ten Goldrute beruht, die entlang von Fl\u00fcssen in \u00dcberschwemmungsgebieten verbreitet ist. Bei den nicht einheimischen Pflanzen ist dies sogar noch h\u00e4ufiger der Fall. Das brasilianische Mammutblatt (Gunnera Manicata) ist eine riesige Uferpflanze, die f\u00fcr viele nicht vom Chili-Mammutblatt (Gunnera Tinctoria) zu unterscheiden ist, das normalerweise in felsigen Regionen w\u00e4chst.<\/p><p>Eine vertrauensw\u00fcrdige Verkaufsadresse und sachkundige Beratung k\u00f6nnen Teichbesitzern jedoch helfen, solche Fehlk\u00e4ufe zu vermeiden.<\/p>\t\t\t\t\t\t\t\t<\/div>\n\t\t\t\t<\/div>\n\t\t\t\t<div class=\"elementor-element elementor-element-7e6bb08 elementor-widget elementor-widget-heading\" data-id=\"7e6bb08\" data-element_type=\"widget\" data-e-type=\"widget\" data-widget_type=\"heading.default\">\n\t\t\t\t<div class=\"elementor-widget-container\">\n\t\t\t\t\t<h4 class=\"elementor-heading-title elementor-size-default\">Tipp!<\/h4>\t\t\t\t<\/div>\n\t\t\t\t<\/div>\n\t\t\t\t<div class=\"elementor-element elementor-element-cc4c3ad elementor-widget elementor-widget-text-editor\" data-id=\"cc4c3ad\" data-element_type=\"widget\" data-e-type=\"widget\" data-widget_type=\"text-editor.default\">\n\t\t\t\t<div class=\"elementor-widget-container\">\n\t\t\t\t\t\t\t\t\t<p>In den Niederlanden wird Naturschutz als Gartenarbeit bezeichnet, aber auch das Gegenteil ist der Fall. Setzen Sie daher seltene einheimische Arten wie Schilf-Knabenkraut, Sumpf-Wespen-Knabenkraut, Kiebitz, Wassernuss, Wei\u00dfe Brunnenkresse, Wasser-Enzian usw. in oder an Ihr Wasserspiel und leisten Sie einen Beitrag zum Artenschutz, w\u00e4hrend Sie die niederl\u00e4ndische Flora genie\u00dfen. Einheimische Arten sind nicht teurer als exotische und tropische Arten, aber sie kommen in unserem Klima besser zurecht und sehen oft nat\u00fcrlicher aus als ihre ausl\u00e4ndischen Gegenst\u00fccke. Dadurch wirkt das Wasserspiel weniger \u00fcberf\u00fcllt und strahlt mehr Ruhe aus.<\/p>\t\t\t\t\t\t\t\t<\/div>\n\t\t\t\t<\/div>\n\t\t\t\t<div class=\"elementor-element elementor-element-7e133b4 elementor-widget elementor-widget-heading\" data-id=\"7e133b4\" data-element_type=\"widget\" data-e-type=\"widget\" data-widget_type=\"heading.default\">\n\t\t\t\t<div class=\"elementor-widget-container\">\n\t\t\t\t\t<h2 class=\"elementor-heading-title elementor-size-default\">Uferpflanzen kaufen?<\/h2>\t\t\t\t<\/div>\n\t\t\t\t<\/div>\n\t\t\t\t<div class=\"elementor-element elementor-element-dd086db elementor-widget elementor-widget-image\" data-id=\"dd086db\" data-element_type=\"widget\" data-e-type=\"widget\" data-widget_type=\"image.default\">\n\t\t\t\t<div class=\"elementor-widget-container\">\n\t\t\t\t\t\t\t\t\t\t\t\t\t\t\t<img decoding=\"async\" width=\"300\" height=\"300\" src=\"https:\/\/www.zuurstofplanten.net\/wp-content\/uploads\/2024\/10\/lidsteng_1_-300x300-2.jpg\" class=\"attachment-medium size-medium wp-image-202\" alt=\"\" srcset=\"https:\/\/www.zuurstofplanten.net\/wp-content\/uploads\/2024\/10\/lidsteng_1_-300x300-2.jpg 300w, https:\/\/www.zuurstofplanten.net\/wp-content\/uploads\/2024\/10\/lidsteng_1_-300x300-2-150x150.jpg 150w\" sizes=\"(max-width: 300px) 100vw, 300px\" \/>\t\t\t\t\t\t\t\t\t\t\t\t\t\t\t<\/div>\n\t\t\t\t<\/div>\n\t\t\t\t<div class=\"elementor-element elementor-element-54ef6be elementor-widget elementor-widget-text-editor\" data-id=\"54ef6be\" data-element_type=\"widget\" data-e-type=\"widget\" data-widget_type=\"text-editor.default\">\n\t\t\t\t<div class=\"elementor-widget-container\">\n\t\t\t\t\t\t\t\t\t<p>Shoreline-Pflanzen sind \u00fcber den Webshop von De Vijvermeester zu verkaufen. Hier finden Sie sch\u00f6ne Str\u00e4u\u00dfe mit hochwertigen Pflanzen.<\/p>\t\t\t\t\t\t\t\t<\/div>\n\t\t\t\t<\/div>\n\t\t\t\t<div class=\"elementor-element elementor-element-0bf4173 elementor-align-left elementor-tablet-align-center elementor-widget elementor-widget-button\" data-id=\"0bf4173\" data-element_type=\"widget\" data-e-type=\"widget\" data-widget_type=\"button.default\">\n\t\t\t\t<div class=\"elementor-widget-container\">\n\t\t\t\t\t\t\t\t\t<div class=\"elementor-button-wrapper\">\n\t\t\t\t\t<a class=\"elementor-button elementor-button-link elementor-size-sm elementor-animation-grow\" href=\"https:\/\/vijvermeester.nl\/moerasplanten-en-oeverplanten.html?utm_source=affiliate&#038;utm_medium=partner&#038;utm_campaign=zuurstofplanten_net&#038;utm_content=oeverplanten\">\n\t\t\t\t\t\t<span class=\"elementor-button-content-wrapper\">\n\t\t\t\t\t\t<span class=\"elementor-button-icon\">\n\t\t\t\t<svg aria-hidden=\"true\" class=\"e-font-icon-svg e-fas-shopping-cart\" viewbox=\"0 0 576 512\" xmlns=\"http:\/\/www.w3.org\/2000\/svg\"><path d=\"M528.12 301.319l47.273-208C578.806 78.301 567.391 64 551.99 64H159.208l-9.166-44.81C147.758 8.021 137.93 0 126.529 0H24C10.745 0 0 10.745 0 24v16c0 13.255 10.745 24 24 24h69.883l70.248 343.435C147.325 417.1 136 435.222 136 456c0 30.928 25.072 56 56 56s56-25.072 56-56c0-15.674-6.447-29.835-16.824-40h209.647C430.447 426.165 424 440.326 424 456c0 30.928 25.072 56 56 56s56-25.072 56-56c0-22.172-12.888-41.332-31.579-50.405l5.517-24.276c3.413-15.018-8.002-29.319-23.403-29.319H218.117l-6.545-32h293.145c11.206 0 20.92-7.754 23.403-18.681z\"><\/path><\/svg>\t\t\t<\/span>\n\t\t\t\t\t\t\t\t\t<span class=\"elementor-button-text\">Klicken Sie hier, um den Vijvermeester.nl zu besuchen<\/span>\n\t\t\t\t\t<\/span>\n\t\t\t\t\t<\/a>\n\t\t\t\t<\/div>\n\t\t\t\t\t\t\t\t<\/div>\n\t\t\t\t<\/div>\n\t\t\t\t\t<\/div>\n\t\t\t\t<\/div>\n\t\t\t\t<\/div>","protected":false},"excerpt":{"rendered":"<p>Oeverplanten Oeverplanten Dit type planten zijn onmisbaar voor de fauna in en rondom een waterpartij. Ook vanuit esthetisch oogpunt is er natuurlijk veel voor oeverplanten te zeggen; een aantal soorten zijn door hun mooie bloeiwijze een aanwinst voor uw vijver. Snoekkruid is hier een voorbeeld van. De mooie paarse bloemen zijn een lust voor het [&hellip;]<\/p>","protected":false},"author":4,"featured_media":0,"parent":0,"menu_order":4,"comment_status":"closed","ping_status":"closed","template":"","meta":{"_acf_changed":false,"iawp_total_views":136,"footnotes":""},"class_list":["post-631","page","type-page","status-publish","hentry"],"acf":[],"yoast_head":"<!-- This site is optimized with the Yoast SEO plugin v25.5 - https:\/\/yoast.com\/wordpress\/plugins\/seo\/ -->\n<title>Oeverplanten | Informatie en Tips | Zuurstofplanten.net<\/title>\n<meta name=\"description\" content=\"Oeverplanten zijn zeer goed toe te passen in de vijver. Op deze pagina geven wij diverse tips voor het omgaan met de verschillende soorten.\" \/>\n<meta name=\"robots\" content=\"index, follow, max-snippet:-1, max-image-preview:large, max-video-preview:-1\" \/>\n<link rel=\"canonical\" href=\"https:\/\/www.zuurstofplanten.net\/de\/uferpflanzen\/\" \/>\n<meta property=\"og:locale\" content=\"de_DE\" \/>\n<meta property=\"og:type\" content=\"article\" \/>\n<meta property=\"og:title\" content=\"Oeverplanten | Informatie en Tips | Zuurstofplanten.net\" \/>\n<meta property=\"og:description\" content=\"Oeverplanten zijn zeer goed toe te passen in de vijver. Op deze pagina geven wij diverse tips voor het omgaan met de verschillende soorten.\" \/>\n<meta property=\"og:url\" content=\"https:\/\/www.zuurstofplanten.net\/de\/uferpflanzen\/\" \/>\n<meta property=\"og:site_name\" content=\"Zuurstofplanten.net\" \/>\n<meta property=\"article:modified_time\" content=\"2025-06-04T08:09:24+00:00\" \/>\n<meta property=\"og:image\" content=\"https:\/\/www.zuurstofplanten.net\/wp-content\/uploads\/2024\/10\/snoekkruid-300x184-2.jpg\" \/>\n\t<meta property=\"og:image:width\" content=\"300\" \/>\n\t<meta property=\"og:image:height\" content=\"184\" \/>\n\t<meta property=\"og:image:type\" content=\"image\/jpeg\" \/>\n<meta name=\"twitter:card\" content=\"summary_large_image\" \/>\n<meta name=\"twitter:label1\" content=\"Gesch\u00e4tzte Lesezeit\" \/>\n\t<meta name=\"twitter:data1\" content=\"3\u00a0Minuten\" \/>\n<script type=\"application\/ld+json\" class=\"yoast-schema-graph\">{\"@context\":\"https:\/\/schema.org\",\"@graph\":[{\"@type\":\"WebPage\",\"@id\":\"https:\/\/www.zuurstofplanten.net\/oeverplanten\/\",\"url\":\"https:\/\/www.zuurstofplanten.net\/oeverplanten\/\",\"name\":\"Oeverplanten | Informatie en Tips | Zuurstofplanten.net\",\"isPartOf\":{\"@id\":\"https:\/\/www.zuurstofplanten.net\/#website\"},\"primaryImageOfPage\":{\"@id\":\"https:\/\/www.zuurstofplanten.net\/oeverplanten\/#primaryimage\"},\"image\":{\"@id\":\"https:\/\/www.zuurstofplanten.net\/oeverplanten\/#primaryimage\"},\"thumbnailUrl\":\"https:\/\/www.zuurstofplanten.net\/wp-content\/uploads\/2024\/10\/snoekkruid-300x184-2.jpg\",\"datePublished\":\"2024-10-16T10:11:10+00:00\",\"dateModified\":\"2025-06-04T08:09:24+00:00\",\"description\":\"Oeverplanten zijn zeer goed toe te passen in de vijver. Op deze pagina geven wij diverse tips voor het omgaan met de verschillende soorten.\",\"breadcrumb\":{\"@id\":\"https:\/\/www.zuurstofplanten.net\/oeverplanten\/#breadcrumb\"},\"inLanguage\":\"de\",\"potentialAction\":[{\"@type\":\"ReadAction\",\"target\":[\"https:\/\/www.zuurstofplanten.net\/oeverplanten\/\"]}]},{\"@type\":\"ImageObject\",\"inLanguage\":\"de\",\"@id\":\"https:\/\/www.zuurstofplanten.net\/oeverplanten\/#primaryimage\",\"url\":\"https:\/\/www.zuurstofplanten.net\/wp-content\/uploads\/2024\/10\/snoekkruid-300x184-2.jpg\",\"contentUrl\":\"https:\/\/www.zuurstofplanten.net\/wp-content\/uploads\/2024\/10\/snoekkruid-300x184-2.jpg\"},{\"@type\":\"BreadcrumbList\",\"@id\":\"https:\/\/www.zuurstofplanten.net\/oeverplanten\/#breadcrumb\",\"itemListElement\":[{\"@type\":\"ListItem\",\"position\":1,\"name\":\"Home\",\"item\":\"https:\/\/www.zuurstofplanten.net\/\"},{\"@type\":\"ListItem\",\"position\":2,\"name\":\"Oeverplanten\"}]},{\"@type\":\"WebSite\",\"@id\":\"https:\/\/www.zuurstofplanten.net\/#website\",\"url\":\"https:\/\/www.zuurstofplanten.net\/\",\"name\":\"Zuurstofplanten.net\",\"description\":\"\",\"publisher\":{\"@id\":\"https:\/\/www.zuurstofplanten.net\/#organization\"},\"potentialAction\":[{\"@type\":\"SearchAction\",\"target\":{\"@type\":\"EntryPoint\",\"urlTemplate\":\"https:\/\/www.zuurstofplanten.net\/?s={search_term_string}\"},\"query-input\":{\"@type\":\"PropertyValueSpecification\",\"valueRequired\":true,\"valueName\":\"search_term_string\"}}],\"inLanguage\":\"de\"},{\"@type\":\"Organization\",\"@id\":\"https:\/\/www.zuurstofplanten.net\/#organization\",\"name\":\"Zuurstofplanten.net\",\"url\":\"https:\/\/www.zuurstofplanten.net\/\",\"logo\":{\"@type\":\"ImageObject\",\"inLanguage\":\"de\",\"@id\":\"https:\/\/www.zuurstofplanten.net\/#\/schema\/logo\/image\/\",\"url\":\"https:\/\/www.zuurstofplanten.net\/wp-content\/uploads\/2024\/10\/zuurstofplanten-logo-1.jpg\",\"contentUrl\":\"https:\/\/www.zuurstofplanten.net\/wp-content\/uploads\/2024\/10\/zuurstofplanten-logo-1.jpg\",\"width\":180,\"height\":60,\"caption\":\"Zuurstofplanten.net\"},\"image\":{\"@id\":\"https:\/\/www.zuurstofplanten.net\/#\/schema\/logo\/image\/\"}}]}<\/script>\n<!-- \/ Yoast SEO plugin. -->","yoast_head_json":{"title":"Uferpflanzen | Informationen und Tipps | Sauerstoffpflanzen.net","description":"Uferpflanzen lassen sich sehr gut im Teich einsetzen. Auf dieser Seite geben wir verschiedene Tipps f\u00fcr den Umgang mit den verschiedenen Arten.","robots":{"index":"index","follow":"follow","max-snippet":"max-snippet:-1","max-image-preview":"max-image-preview:large","max-video-preview":"max-video-preview:-1"},"canonical":"https:\/\/www.zuurstofplanten.net\/de\/uferpflanzen\/","og_locale":"de_DE","og_type":"article","og_title":"Oeverplanten | Informatie en Tips | Zuurstofplanten.net","og_description":"Oeverplanten zijn zeer goed toe te passen in de vijver. Op deze pagina geven wij diverse tips voor het omgaan met de verschillende soorten.","og_url":"https:\/\/www.zuurstofplanten.net\/de\/uferpflanzen\/","og_site_name":"Zuurstofplanten.net","article_modified_time":"2025-06-04T08:09:24+00:00","og_image":[{"width":300,"height":184,"url":"https:\/\/www.zuurstofplanten.net\/wp-content\/uploads\/2024\/10\/snoekkruid-300x184-2.jpg","type":"image\/jpeg"}],"twitter_card":"summary_large_image","twitter_misc":{"Gesch\u00e4tzte Lesezeit":"3\u00a0Minuten"},"schema":{"@context":"https:\/\/schema.org","@graph":[{"@type":"WebPage","@id":"https:\/\/www.zuurstofplanten.net\/oeverplanten\/","url":"https:\/\/www.zuurstofplanten.net\/oeverplanten\/","name":"Uferpflanzen | Informationen und Tipps | Sauerstoffpflanzen.net","isPartOf":{"@id":"https:\/\/www.zuurstofplanten.net\/#website"},"primaryImageOfPage":{"@id":"https:\/\/www.zuurstofplanten.net\/oeverplanten\/#primaryimage"},"image":{"@id":"https:\/\/www.zuurstofplanten.net\/oeverplanten\/#primaryimage"},"thumbnailUrl":"https:\/\/www.zuurstofplanten.net\/wp-content\/uploads\/2024\/10\/snoekkruid-300x184-2.jpg","datePublished":"2024-10-16T10:11:10+00:00","dateModified":"2025-06-04T08:09:24+00:00","description":"Uferpflanzen lassen sich sehr gut im Teich einsetzen. Auf dieser Seite geben wir verschiedene Tipps f\u00fcr den Umgang mit den verschiedenen Arten.","breadcrumb":{"@id":"https:\/\/www.zuurstofplanten.net\/oeverplanten\/#breadcrumb"},"inLanguage":"de","potentialAction":[{"@type":"ReadAction","target":["https:\/\/www.zuurstofplanten.net\/oeverplanten\/"]}]},{"@type":"ImageObject","inLanguage":"de","@id":"https:\/\/www.zuurstofplanten.net\/oeverplanten\/#primaryimage","url":"https:\/\/www.zuurstofplanten.net\/wp-content\/uploads\/2024\/10\/snoekkruid-300x184-2.jpg","contentUrl":"https:\/\/www.zuurstofplanten.net\/wp-content\/uploads\/2024\/10\/snoekkruid-300x184-2.jpg"},{"@type":"BreadcrumbList","@id":"https:\/\/www.zuurstofplanten.net\/oeverplanten\/#breadcrumb","itemListElement":[{"@type":"ListItem","position":1,"name":"Home","item":"https:\/\/www.zuurstofplanten.net\/"},{"@type":"ListItem","position":2,"name":"Oeverplanten"}]},{"@type":"WebSite","@id":"https:\/\/www.zuurstofplanten.net\/#website","url":"https:\/\/www.zuurstofplanten.net\/","name":"Zuurstofplanten.net","description":"","publisher":{"@id":"https:\/\/www.zuurstofplanten.net\/#organization"},"potentialAction":[{"@type":"SearchAction","target":{"@type":"EntryPoint","urlTemplate":"https:\/\/www.zuurstofplanten.net\/?s={search_term_string}"},"query-input":{"@type":"PropertyValueSpecification","valueRequired":true,"valueName":"search_term_string"}}],"inLanguage":"de"},{"@type":"Organization","@id":"https:\/\/www.zuurstofplanten.net\/#organization","name":"Zuurstofplanten.net","url":"https:\/\/www.zuurstofplanten.net\/","logo":{"@type":"ImageObject","inLanguage":"de","@id":"https:\/\/www.zuurstofplanten.net\/#\/schema\/logo\/image\/","url":"https:\/\/www.zuurstofplanten.net\/wp-content\/uploads\/2024\/10\/zuurstofplanten-logo-1.jpg","contentUrl":"https:\/\/www.zuurstofplanten.net\/wp-content\/uploads\/2024\/10\/zuurstofplanten-logo-1.jpg","width":180,"height":60,"caption":"Zuurstofplanten.net"},"image":{"@id":"https:\/\/www.zuurstofplanten.net\/#\/schema\/logo\/image\/"}}]}},"_links":{"self":[{"href":"https:\/\/www.zuurstofplanten.net\/de\/wp-json\/wp\/v2\/pages\/631"}],"collection":[{"href":"https:\/\/www.zuurstofplanten.net\/de\/wp-json\/wp\/v2\/pages"}],"about":[{"href":"https:\/\/www.zuurstofplanten.net\/de\/wp-json\/wp\/v2\/types\/page"}],"author":[{"embeddable":true,"href":"https:\/\/www.zuurstofplanten.net\/de\/wp-json\/wp\/v2\/users\/4"}],"replies":[{"embeddable":true,"href":"https:\/\/www.zuurstofplanten.net\/de\/wp-json\/wp\/v2\/comments?post=631"}],"version-history":[{"count":17,"href":"https:\/\/www.zuurstofplanten.net\/de\/wp-json\/wp\/v2\/pages\/631\/revisions"}],"predecessor-version":[{"id":2032,"href":"https:\/\/www.zuurstofplanten.net\/de\/wp-json\/wp\/v2\/pages\/631\/revisions\/2032"}],"wp:attachment":[{"href":"https:\/\/www.zuurstofplanten.net\/de\/wp-json\/wp\/v2\/media?parent=631"}],"curies":[{"name":"wp","href":"https:\/\/api.w.org\/{rel}","templated":true}]}}