{"id":587,"date":"2024-10-11T14:42:16","date_gmt":"2024-10-11T14:42:12","guid":{"rendered":"https:\/\/baselinkhosting.nl\/zuurstofplanten\/?page_id=587"},"modified":"2025-06-04T10:08:16","modified_gmt":"2025-06-04T10:08:16","slug":"ceratophyllum-demersum","status":"publish","type":"page","link":"https:\/\/www.zuurstofplanten.net\/de\/sauerstoffpflanzen-lateinisch\/ceratophyllum-demersum\/","title":{"rendered":"Ceratophyllum Demersum"},"content":{"rendered":"<div data-elementor-type=\"wp-page\" data-elementor-id=\"587\" class=\"elementor elementor-587\" data-elementor-post-type=\"page\">\n\t\t\t\t<div class=\"elementor-element elementor-element-940f1b0 e-flex e-con-boxed e-con e-parent\" data-id=\"940f1b0\" data-element_type=\"container\" data-e-type=\"container\" data-settings=\"{&quot;background_background&quot;:&quot;classic&quot;}\">\n\t\t\t\t\t<div class=\"e-con-inner\">\n\t\t\t\t<div class=\"elementor-element elementor-element-8cdaced elementor-widget elementor-widget-heading\" data-id=\"8cdaced\" data-element_type=\"widget\" data-e-type=\"widget\" data-widget_type=\"heading.default\">\n\t\t\t\t<div class=\"elementor-widget-container\">\n\t\t\t\t\t<h1 class=\"elementor-heading-title elementor-size-default\">Ceratophyllum Demersum<\/h1>\t\t\t\t<\/div>\n\t\t\t\t<\/div>\n\t\t\t\t<div class=\"elementor-element elementor-element-ab8bed6 elementor-widget elementor-widget-breadcrumbs\" data-id=\"ab8bed6\" data-element_type=\"widget\" data-e-type=\"widget\" data-widget_type=\"breadcrumbs.default\">\n\t\t\t\t<div class=\"elementor-widget-container\">\n\t\t\t\t\t<p id=\"breadcrumbs\"><span><span><a href=\"https:\/\/www.zuurstofplanten.net\/de\/\">Startseite<\/a><\/span><\/span><\/p>\t\t\t\t<\/div>\n\t\t\t\t<\/div>\n\t\t\t\t\t<\/div>\n\t\t\t\t<\/div>\n\t\t<div class=\"elementor-element elementor-element-947e66c e-flex e-con-boxed e-con e-parent\" data-id=\"947e66c\" data-element_type=\"container\" data-e-type=\"container\">\n\t\t\t\t\t<div class=\"e-con-inner\">\n\t\t\t\t<div class=\"elementor-element elementor-element-66b82d8 elementor-widget elementor-widget-heading\" data-id=\"66b82d8\" data-element_type=\"widget\" data-e-type=\"widget\" data-widget_type=\"heading.default\">\n\t\t\t\t<div class=\"elementor-widget-container\">\n\t\t\t\t\t<h2 class=\"elementor-heading-title elementor-size-large\">Was ist Ceratophyllum Demersum?<\/h2>\t\t\t\t<\/div>\n\t\t\t\t<\/div>\n\t\t\t\t<div class=\"elementor-element elementor-element-86e49e4 elementor-widget elementor-widget-text-editor\" data-id=\"86e49e4\" data-element_type=\"widget\" data-e-type=\"widget\" data-widget_type=\"text-editor.default\">\n\t\t\t\t<div class=\"elementor-widget-container\">\n\t\t\t\t\t\t\t\t\t<p>Ceratophyllum Demersum, besser bekannt als Grobes Hornblatt, ist eine hervorragende Sauerstoffpflanze, die h\u00e4ufig in Teichen verwendet wird. Diese Pflanzen haben einen gro\u00dfen Vorteil gegen\u00fcber Algen. Das liegt daran, dass Ceratophyllum Demersum eine sehr ungew\u00f6hnliche Art zu wachsen hat. Diese Sauerstoffpflanze kann ihre eigenen Zellen sozusagen \"strecken\". Dadurch kann die Pflanze bis zu 10 Zentimeter pro Tag wachsen. Da sie so schnell w\u00e4chst, kann sie mehr N\u00e4hrstoffe aufnehmen und viel mehr Sauerstoff einbringen. Die Algen haben also weniger Chancen, Ihren Teich gr\u00fcn zu f\u00e4rben.<\/p><p>Das ist jedoch nicht der einzige Vorteil dieser Pflanze: Durch eine besondere Zusammenarbeit (Symbiose) zwischen der Teichpflanze und speziellen Mikroorganismen sorgt sie daf\u00fcr, dass alle Stoffe so weit wie m\u00f6glich aus dem Wasser entfernt werden, was zu einer h\u00f6heren Klarheit f\u00fchrt. Die Eigenschaft, die die Symbiose erm\u00f6glicht, wird auch als allelopathische F\u00e4higkeit oder Allelopathie bezeichnet. Grobes Hornblatt schwimmt zus\u00e4tzlich im Wasser und konkurriert mit den Schwebealgen um das Sonnenlicht.<\/p><p>Neben dem Grobbl\u00e4ttrigen Hornblatt ist auch das Feinbl\u00e4ttrige Hornblatt (Ceratophyllum Submersum) bei uns erh\u00e4ltlich. In Bezug auf Wachstum und Algenkonkurrenz steht das Feine Hornblatt den groben Arten in nichts nach. Mehr Informationen finden Sie hier.<\/p>\t\t\t\t\t\t\t\t<\/div>\n\t\t\t\t<\/div>\n\t\t\t\t\t<\/div>\n\t\t\t\t<\/div>\n\t\t<div class=\"elementor-element elementor-element-108658a e-flex e-con-boxed e-con e-parent\" data-id=\"108658a\" data-element_type=\"container\" data-e-type=\"container\">\n\t\t\t\t\t<div class=\"e-con-inner\">\n\t\t<div class=\"elementor-element elementor-element-5f99688 e-con-full e-flex e-con e-child\" data-id=\"5f99688\" data-element_type=\"container\" data-e-type=\"container\">\n\t\t\t\t<div class=\"elementor-element elementor-element-eb5330c elementor-widget elementor-widget-heading\" data-id=\"eb5330c\" data-element_type=\"widget\" data-e-type=\"widget\" data-widget_type=\"heading.default\">\n\t\t\t\t<div class=\"elementor-widget-container\">\n\t\t\t\t\t<h3 class=\"elementor-heading-title elementor-size-medium\">Ceratophyllum Demersum - Erscheinungsbild<\/h3>\t\t\t\t<\/div>\n\t\t\t\t<\/div>\n\t\t\t\t<div class=\"elementor-element elementor-element-dc4574c elementor-widget elementor-widget-text-editor\" data-id=\"dc4574c\" data-element_type=\"widget\" data-e-type=\"widget\" data-widget_type=\"text-editor.default\">\n\t\t\t\t<div class=\"elementor-widget-container\">\n\t\t\t\t\t\t\t\t\t<p>Das Grobbl\u00e4ttrige Hornblatt ist eine dunkelgr\u00fcne Pflanze (im Gegensatz zum Feinbl\u00e4ttrigen Hornblatt, das leicht r\u00f6tlich ist), die keine Wurzeln bildet und eine maximale L\u00e4nge von bis zu 2 Metern erreichen kann. Die Bl\u00e4tter sind bis zu 3 Zentimeter gro\u00df und sehen aus wie eine einfache Feder. Seien Sie jedoch vorsichtig, denn diese Pflanze sieht zwar kr\u00e4ftig aus, bricht aber leicht, da sie sehr spr\u00f6de ist. Eine Besonderheit der Hornkrautart ist, dass diese Sauerstoffpflanze in eine Art \"Winterschlaf\" geht. Im Herbst bildet sie n\u00e4mlich \u00dcberwinterungsknospen. Diese Knospen wandern auf den Grund des Teiches und \u00fcberwintern dort, bis die Temperatur es zul\u00e4sst und warm genug ist, die Knospen sich vom Grund l\u00f6sen und in der N\u00e4he der Wasseroberfl\u00e4che zu neuen Pflanzen heranwachsen. Diese Teichpflanze tr\u00e4gt auch Fr\u00fcchte. Diese Fr\u00fcchte sind klein, olivgr\u00fcn und haben 2 bis 3 gebogene Stacheln.<\/p>\t\t\t\t\t\t\t\t<\/div>\n\t\t\t\t<\/div>\n\t\t\t\t<\/div>\n\t\t<div class=\"elementor-element elementor-element-89ccb07 e-con-full e-flex e-con e-child\" data-id=\"89ccb07\" data-element_type=\"container\" data-e-type=\"container\">\n\t\t\t\t<div class=\"elementor-element elementor-element-5c64e35 elementor-widget elementor-widget-image\" data-id=\"5c64e35\" data-element_type=\"widget\" data-e-type=\"widget\" data-widget_type=\"image.default\">\n\t\t\t\t<div class=\"elementor-widget-container\">\n\t\t\t\t\t\t\t\t\t\t\t\t\t\t\t<img fetchpriority=\"high\" decoding=\"async\" width=\"264\" height=\"300\" src=\"https:\/\/www.zuurstofplanten.net\/wp-content\/uploads\/2024\/10\/aarvederkruid-264x300-1-2.jpg\" class=\"attachment-full size-full wp-image-589\" alt=\"\" \/>\t\t\t\t\t\t\t\t\t\t\t\t\t\t\t<\/div>\n\t\t\t\t<\/div>\n\t\t\t\t<\/div>\n\t\t\t\t\t<\/div>\n\t\t\t\t<\/div>\n\t\t<div class=\"elementor-element elementor-element-5f3bc85 e-flex e-con-boxed e-con e-parent\" data-id=\"5f3bc85\" data-element_type=\"container\" data-e-type=\"container\">\n\t\t\t\t\t<div class=\"e-con-inner\">\n\t\t\t\t<div class=\"elementor-element elementor-element-f4ec9dd elementor-widget elementor-widget-heading\" data-id=\"f4ec9dd\" data-element_type=\"widget\" data-e-type=\"widget\" data-widget_type=\"heading.default\">\n\t\t\t\t<div class=\"elementor-widget-container\">\n\t\t\t\t\t<h3 class=\"elementor-heading-title elementor-size-medium\">Ist Ceratophyllum Demersum eine einheimische Sauerstoffpflanze?<\/h3>\t\t\t\t<\/div>\n\t\t\t\t<\/div>\n\t\t\t\t<div class=\"elementor-element elementor-element-f23a3a2 elementor-widget elementor-widget-text-editor\" data-id=\"f23a3a2\" data-element_type=\"widget\" data-e-type=\"widget\" data-widget_type=\"text-editor.default\">\n\t\t\t\t<div class=\"elementor-widget-container\">\n\t\t\t\t\t\t\t\t\t<p>In den Niederlanden ist das Grobe Hornblatt auch in der freien Natur zu finden. Diese Pflanze stellt nur geringe Anforderungen an die Wasserqualit\u00e4t, so dass sie in fast allen Gew\u00e4ssern wachsen kann. Das ist auch f\u00fcr den Teich eine gute Nachricht, da die Wasserqualit\u00e4t weniger kritisch ist. \u00dcbrigens mag das Hornkraut etwas h\u00e4rteres Wasser.<\/p>\t\t\t\t\t\t\t\t<\/div>\n\t\t\t\t<\/div>\n\t\t\t\t<div class=\"elementor-element elementor-element-ab79cb2 elementor-widget elementor-widget-heading\" data-id=\"ab79cb2\" data-element_type=\"widget\" data-e-type=\"widget\" data-widget_type=\"heading.default\">\n\t\t\t\t<div class=\"elementor-widget-container\">\n\t\t\t\t\t<h3 class=\"elementor-heading-title elementor-size-medium\">Wie viele B\u00fcschel Ceratophyllum Demersum brauche ich f\u00fcr meinen Teich?<\/h3>\t\t\t\t<\/div>\n\t\t\t\t<\/div>\n\t\t\t\t<div class=\"elementor-element elementor-element-d25376a elementor-widget elementor-widget-text-editor\" data-id=\"d25376a\" data-element_type=\"widget\" data-e-type=\"widget\" data-widget_type=\"text-editor.default\">\n\t\t\t\t<div class=\"elementor-widget-container\">\n\t\t\t\t\t\t\t\t\t<p>Voor deze zuurstofplant geldt eigenlijk dezelfde vuistregel als voor andere zuurstofplanten; 4-5 bossen per kubieke meter vijverwater zijn aangeraden. Op deze manier behaalt u de beste resultaten op het gebied van concurrentie met algen en helder water.<\/p><p>W\u00fcrden Sie gerne genau wissen <a href=\"https:\/\/www.zuurstofplanten.net\/de\/wissensbasis\/wie-viele-sauerstoffpflanzen-in-einem-teich\/\"><strong data-start=\"757\" data-end=\"794\">Wie viele Sauerstoffpflanzen im Teich<\/strong><\/a> nach der Anzahl der Liter Wasser ben\u00f6tigt? Dann nutzen Sie unser praktisches <a class=\"\" href=\"https:\/\/www.zuurstofplanten.net\/de\/wissensbasis\/wie-viele-sauerstoffpflanzen-in-einem-teich\/\" rel=\"noopener\" data-start=\"869\" data-end=\"891\">Groves-Rechner<\/a><\/p>\t\t\t\t\t\t\t\t<\/div>\n\t\t\t\t<\/div>\n\t\t\t\t\t<\/div>\n\t\t\t\t<\/div>\n\t\t<div class=\"elementor-element elementor-element-b2c5a07 e-flex e-con-boxed e-con e-parent\" data-id=\"b2c5a07\" data-element_type=\"container\" data-e-type=\"container\">\n\t\t\t\t\t<div class=\"e-con-inner\">\n\t\t<div class=\"elementor-element elementor-element-21ce832 e-con-full e-flex e-con e-child\" data-id=\"21ce832\" data-element_type=\"container\" data-e-type=\"container\">\n\t\t\t\t<div class=\"elementor-element elementor-element-8722d7b elementor-widget elementor-widget-heading\" data-id=\"8722d7b\" data-element_type=\"widget\" data-e-type=\"widget\" data-widget_type=\"heading.default\">\n\t\t\t\t<div class=\"elementor-widget-container\">\n\t\t\t\t\t<h3 class=\"elementor-heading-title elementor-size-medium\">M\u00f6chten Sie Ceratophyllum Demersum kaufen?<\/h3>\t\t\t\t<\/div>\n\t\t\t\t<\/div>\n\t\t\t\t<div class=\"elementor-element elementor-element-eb3c29a elementor-widget elementor-widget-text-editor\" data-id=\"eb3c29a\" data-element_type=\"widget\" data-e-type=\"widget\" data-widget_type=\"text-editor.default\">\n\t\t\t\t<div class=\"elementor-widget-container\">\n\t\t\t\t\t\t\t\t\t<p>Sie suchen Ceratophyllum Demersum in hoher Qualit\u00e4t? Klicken Sie auf die Schaltfl\u00e4che, um sch\u00f6ne Str\u00e4u\u00dfe von Ceratophyllum Demersum und anderen Sauerstoffpflanzen zu kaufen!<\/p>\t\t\t\t\t\t\t\t<\/div>\n\t\t\t\t<\/div>\n\t\t\t\t<div class=\"elementor-element elementor-element-d300453 elementor-align-left elementor-widget elementor-widget-button\" data-id=\"d300453\" data-element_type=\"widget\" data-e-type=\"widget\" data-widget_type=\"button.default\">\n\t\t\t\t<div class=\"elementor-widget-container\">\n\t\t\t\t\t\t\t\t\t<div class=\"elementor-button-wrapper\">\n\t\t\t\t\t<a class=\"elementor-button elementor-button-link elementor-size-sm elementor-animation-grow\" href=\"https:\/\/vijvermeester.nl\/grof-hoornblad-ceratophyllum-demersum.html?utm_source=affiliate&#038;utm_medium=partner&#038;utm_campaign=zuurstofplanten_net&#038;utm_content=ceratophyllum_demersum\" rel=\"nofollow\">\n\t\t\t\t\t\t<span class=\"elementor-button-content-wrapper\">\n\t\t\t\t\t\t\t\t\t<span class=\"elementor-button-text\">Ceratophyllum Demersum kaufen<\/span>\n\t\t\t\t\t<\/span>\n\t\t\t\t\t<\/a>\n\t\t\t\t<\/div>\n\t\t\t\t\t\t\t\t<\/div>\n\t\t\t\t<\/div>\n\t\t\t\t<\/div>\n\t\t<div class=\"elementor-element elementor-element-c629440 e-con-full e-flex e-con e-child\" data-id=\"c629440\" data-element_type=\"container\" data-e-type=\"container\">\n\t\t\t\t<div class=\"elementor-element elementor-element-ce46451 elementor-widget elementor-widget-heading\" data-id=\"ce46451\" data-element_type=\"widget\" data-e-type=\"widget\" data-widget_type=\"heading.default\">\n\t\t\t\t<div class=\"elementor-widget-container\">\n\t\t\t\t\t<h4 class=\"elementor-heading-title elementor-size-small\">Besuchen Sie Vijvermeester.de<\/h4>\t\t\t\t<\/div>\n\t\t\t\t<\/div>\n\t\t\t\t<div class=\"elementor-element elementor-element-1db1efd elementor-widget elementor-widget-image\" data-id=\"1db1efd\" data-element_type=\"widget\" data-e-type=\"widget\" data-widget_type=\"image.default\">\n\t\t\t\t<div class=\"elementor-widget-container\">\n\t\t\t\t\t\t\t\t\t\t\t\t\t\t\t\t<a href=\"https:\/\/vijvermeester.nl\/blaasjeskruid.html?utm_source=affiliate&amp;utm_medium=partner&amp;utm_campaign=zuurstofplanten_net&amp;utm_content=blaasjeskruid\">\n\t\t\t\t\t\t\t<img decoding=\"async\" width=\"300\" height=\"59\" src=\"https:\/\/www.zuurstofplanten.net\/wp-content\/uploads\/2024\/10\/logo-1-300x59.png\" class=\"attachment-medium size-medium wp-image-581\" alt=\"\" srcset=\"https:\/\/www.zuurstofplanten.net\/wp-content\/uploads\/2024\/10\/logo-1-300x59.png 300w, https:\/\/www.zuurstofplanten.net\/wp-content\/uploads\/2024\/10\/logo-1-1024x202.png 1024w, https:\/\/www.zuurstofplanten.net\/wp-content\/uploads\/2024\/10\/logo-1-768x152.png 768w, https:\/\/www.zuurstofplanten.net\/wp-content\/uploads\/2024\/10\/logo-1.png 1305w\" sizes=\"(max-width: 300px) 100vw, 300px\" \/>\t\t\t\t\t\t\t\t<\/a>\n\t\t\t\t\t\t\t\t\t\t\t\t\t\t\t<\/div>\n\t\t\t\t<\/div>\n\t\t\t\t<div class=\"elementor-element elementor-element-8f962d0 elementor-widget elementor-widget-text-editor\" data-id=\"8f962d0\" data-element_type=\"widget\" data-e-type=\"widget\" data-widget_type=\"text-editor.default\">\n\t\t\t\t<div class=\"elementor-widget-container\">\n\t\t\t\t\t\t\t\t\t<p>Ein breites Angebot an Sauerstoffpflanzen finden Sie auf der Website Vijvermeester.nl.<\/p>\t\t\t\t\t\t\t\t<\/div>\n\t\t\t\t<\/div>\n\t\t\t\t<\/div>\n\t\t\t\t\t<\/div>\n\t\t\t\t<\/div>\n\t\t\t\t<\/div>","protected":false},"excerpt":{"rendered":"<p>Ceratophyllum Demersum Wat is Ceratophyllum Demersum? Ceratophyllum Demersum, beter bekend als Grof Hoornblad, is een uitstekende zuurstofplant die vaak wordt gebruikt in vijvers. Deze planten hebben een enorm groot voordeel tegenover de algen. Ceratophyllum Demersum heeft namelijk een heel ongewone manier van groeien. Deze zuurstofplant kan zijn eigen cellen als het ware &#8221;uitrekken&#8221;. Daardoor kan [&hellip;]<\/p>","protected":false},"author":4,"featured_media":0,"parent":571,"menu_order":2,"comment_status":"closed","ping_status":"closed","template":"elementor_header_footer","meta":{"_acf_changed":false,"iawp_total_views":360,"footnotes":""},"class_list":["post-587","page","type-page","status-publish","hentry"],"acf":[],"yoast_head":"<!-- This site is optimized with the Yoast SEO plugin v25.5 - https:\/\/yoast.com\/wordpress\/plugins\/seo\/ -->\n<title>Ceratophyllum Demersum | Planten, Onderhoud &amp; Advies | Zuurstofplanten<\/title>\n<meta name=\"description\" content=\"Ceratophyllum Demersum is een snelgroeiende waterplant en een goede concurrent van zweefalgen in de vijver. Lees meer.\" \/>\n<meta name=\"robots\" content=\"index, follow, max-snippet:-1, max-image-preview:large, max-video-preview:-1\" \/>\n<link rel=\"canonical\" href=\"https:\/\/www.zuurstofplanten.net\/de\/sauerstoffpflanzen-lateinisch\/ceratophyllum-demersum\/\" \/>\n<meta property=\"og:locale\" content=\"de_DE\" \/>\n<meta property=\"og:type\" content=\"article\" \/>\n<meta property=\"og:title\" content=\"Ceratophyllum Demersum | Planten, Onderhoud &amp; Advies | Zuurstofplanten\" \/>\n<meta property=\"og:description\" content=\"Ceratophyllum Demersum is een snelgroeiende waterplant en een goede concurrent van zweefalgen in de vijver. Lees meer.\" \/>\n<meta property=\"og:url\" content=\"https:\/\/www.zuurstofplanten.net\/de\/sauerstoffpflanzen-lateinisch\/ceratophyllum-demersum\/\" \/>\n<meta property=\"og:site_name\" content=\"Zuurstofplanten.net\" \/>\n<meta property=\"article:modified_time\" content=\"2025-06-04T10:08:16+00:00\" \/>\n<meta property=\"og:image\" content=\"https:\/\/www.zuurstofplanten.net\/wp-content\/uploads\/2024\/10\/aarvederkruid-264x300-1-2.jpg\" \/>\n\t<meta property=\"og:image:width\" content=\"264\" \/>\n\t<meta property=\"og:image:height\" content=\"300\" \/>\n\t<meta property=\"og:image:type\" content=\"image\/jpeg\" \/>\n<meta name=\"twitter:card\" content=\"summary_large_image\" \/>\n<meta name=\"twitter:label1\" content=\"Gesch\u00e4tzte Lesezeit\" \/>\n\t<meta name=\"twitter:data1\" content=\"3\u00a0Minuten\" \/>\n<script type=\"application\/ld+json\" class=\"yoast-schema-graph\">{\"@context\":\"https:\/\/schema.org\",\"@graph\":[{\"@type\":\"WebPage\",\"@id\":\"https:\/\/www.zuurstofplanten.net\/zuurstofplanten-latijns\/ceratophyllum-demersum\/\",\"url\":\"https:\/\/www.zuurstofplanten.net\/zuurstofplanten-latijns\/ceratophyllum-demersum\/\",\"name\":\"Ceratophyllum Demersum | Planten, Onderhoud & Advies | Zuurstofplanten\",\"isPartOf\":{\"@id\":\"https:\/\/www.zuurstofplanten.net\/#website\"},\"primaryImageOfPage\":{\"@id\":\"https:\/\/www.zuurstofplanten.net\/zuurstofplanten-latijns\/ceratophyllum-demersum\/#primaryimage\"},\"image\":{\"@id\":\"https:\/\/www.zuurstofplanten.net\/zuurstofplanten-latijns\/ceratophyllum-demersum\/#primaryimage\"},\"thumbnailUrl\":\"https:\/\/www.zuurstofplanten.net\/wp-content\/uploads\/2024\/10\/aarvederkruid-264x300-1-2.jpg\",\"datePublished\":\"2024-10-11T14:42:12+00:00\",\"dateModified\":\"2025-06-04T10:08:16+00:00\",\"description\":\"Ceratophyllum Demersum is een snelgroeiende waterplant en een goede concurrent van zweefalgen in de vijver. Lees meer.\",\"breadcrumb\":{\"@id\":\"https:\/\/www.zuurstofplanten.net\/zuurstofplanten-latijns\/ceratophyllum-demersum\/#breadcrumb\"},\"inLanguage\":\"de\",\"potentialAction\":[{\"@type\":\"ReadAction\",\"target\":[\"https:\/\/www.zuurstofplanten.net\/zuurstofplanten-latijns\/ceratophyllum-demersum\/\"]}]},{\"@type\":\"ImageObject\",\"inLanguage\":\"de\",\"@id\":\"https:\/\/www.zuurstofplanten.net\/zuurstofplanten-latijns\/ceratophyllum-demersum\/#primaryimage\",\"url\":\"https:\/\/www.zuurstofplanten.net\/wp-content\/uploads\/2024\/10\/aarvederkruid-264x300-1-2.jpg\",\"contentUrl\":\"https:\/\/www.zuurstofplanten.net\/wp-content\/uploads\/2024\/10\/aarvederkruid-264x300-1-2.jpg\"},{\"@type\":\"BreadcrumbList\",\"@id\":\"https:\/\/www.zuurstofplanten.net\/zuurstofplanten-latijns\/ceratophyllum-demersum\/#breadcrumb\",\"itemListElement\":[{\"@type\":\"ListItem\",\"position\":1,\"name\":\"Home\",\"item\":\"https:\/\/www.zuurstofplanten.net\/\"},{\"@type\":\"ListItem\",\"position\":2,\"name\":\"Latijnse soortnamen\",\"item\":\"https:\/\/www.zuurstofplanten.net\/zuurstofplanten-latijns\/\"},{\"@type\":\"ListItem\",\"position\":3,\"name\":\"Ceratophyllum Demersum\"}]},{\"@type\":\"WebSite\",\"@id\":\"https:\/\/www.zuurstofplanten.net\/#website\",\"url\":\"https:\/\/www.zuurstofplanten.net\/\",\"name\":\"Zuurstofplanten.net\",\"description\":\"\",\"publisher\":{\"@id\":\"https:\/\/www.zuurstofplanten.net\/#organization\"},\"potentialAction\":[{\"@type\":\"SearchAction\",\"target\":{\"@type\":\"EntryPoint\",\"urlTemplate\":\"https:\/\/www.zuurstofplanten.net\/?s={search_term_string}\"},\"query-input\":{\"@type\":\"PropertyValueSpecification\",\"valueRequired\":true,\"valueName\":\"search_term_string\"}}],\"inLanguage\":\"de\"},{\"@type\":\"Organization\",\"@id\":\"https:\/\/www.zuurstofplanten.net\/#organization\",\"name\":\"Zuurstofplanten.net\",\"url\":\"https:\/\/www.zuurstofplanten.net\/\",\"logo\":{\"@type\":\"ImageObject\",\"inLanguage\":\"de\",\"@id\":\"https:\/\/www.zuurstofplanten.net\/#\/schema\/logo\/image\/\",\"url\":\"https:\/\/www.zuurstofplanten.net\/wp-content\/uploads\/2024\/10\/zuurstofplanten-logo-1.jpg\",\"contentUrl\":\"https:\/\/www.zuurstofplanten.net\/wp-content\/uploads\/2024\/10\/zuurstofplanten-logo-1.jpg\",\"width\":180,\"height\":60,\"caption\":\"Zuurstofplanten.net\"},\"image\":{\"@id\":\"https:\/\/www.zuurstofplanten.net\/#\/schema\/logo\/image\/\"}}]}<\/script>\n<!-- \/ Yoast SEO plugin. -->","yoast_head_json":{"title":"Ceratophyllum Demersum | Pflanzen, Pflege &amp; Beratung | Sauerstoffpflanzen","description":"Ceratophyllum Demersum ist eine schnell wachsende Wasserpflanze und ein guter Konkurrent von Schwebealgen im Teich. Lesen Sie mehr.","robots":{"index":"index","follow":"follow","max-snippet":"max-snippet:-1","max-image-preview":"max-image-preview:large","max-video-preview":"max-video-preview:-1"},"canonical":"https:\/\/www.zuurstofplanten.net\/de\/sauerstoffpflanzen-lateinisch\/ceratophyllum-demersum\/","og_locale":"de_DE","og_type":"article","og_title":"Ceratophyllum Demersum | Planten, Onderhoud & Advies | Zuurstofplanten","og_description":"Ceratophyllum Demersum is een snelgroeiende waterplant en een goede concurrent van zweefalgen in de vijver. Lees meer.","og_url":"https:\/\/www.zuurstofplanten.net\/de\/sauerstoffpflanzen-lateinisch\/ceratophyllum-demersum\/","og_site_name":"Zuurstofplanten.net","article_modified_time":"2025-06-04T10:08:16+00:00","og_image":[{"width":264,"height":300,"url":"https:\/\/www.zuurstofplanten.net\/wp-content\/uploads\/2024\/10\/aarvederkruid-264x300-1-2.jpg","type":"image\/jpeg"}],"twitter_card":"summary_large_image","twitter_misc":{"Gesch\u00e4tzte Lesezeit":"3\u00a0Minuten"},"schema":{"@context":"https:\/\/schema.org","@graph":[{"@type":"WebPage","@id":"https:\/\/www.zuurstofplanten.net\/zuurstofplanten-latijns\/ceratophyllum-demersum\/","url":"https:\/\/www.zuurstofplanten.net\/zuurstofplanten-latijns\/ceratophyllum-demersum\/","name":"Ceratophyllum Demersum | Pflanzen, Pflege &amp; Beratung | Sauerstoffpflanzen","isPartOf":{"@id":"https:\/\/www.zuurstofplanten.net\/#website"},"primaryImageOfPage":{"@id":"https:\/\/www.zuurstofplanten.net\/zuurstofplanten-latijns\/ceratophyllum-demersum\/#primaryimage"},"image":{"@id":"https:\/\/www.zuurstofplanten.net\/zuurstofplanten-latijns\/ceratophyllum-demersum\/#primaryimage"},"thumbnailUrl":"https:\/\/www.zuurstofplanten.net\/wp-content\/uploads\/2024\/10\/aarvederkruid-264x300-1-2.jpg","datePublished":"2024-10-11T14:42:12+00:00","dateModified":"2025-06-04T10:08:16+00:00","description":"Ceratophyllum Demersum ist eine schnell wachsende Wasserpflanze und ein guter Konkurrent von Schwebealgen im Teich. Lesen Sie mehr.","breadcrumb":{"@id":"https:\/\/www.zuurstofplanten.net\/zuurstofplanten-latijns\/ceratophyllum-demersum\/#breadcrumb"},"inLanguage":"de","potentialAction":[{"@type":"ReadAction","target":["https:\/\/www.zuurstofplanten.net\/zuurstofplanten-latijns\/ceratophyllum-demersum\/"]}]},{"@type":"ImageObject","inLanguage":"de","@id":"https:\/\/www.zuurstofplanten.net\/zuurstofplanten-latijns\/ceratophyllum-demersum\/#primaryimage","url":"https:\/\/www.zuurstofplanten.net\/wp-content\/uploads\/2024\/10\/aarvederkruid-264x300-1-2.jpg","contentUrl":"https:\/\/www.zuurstofplanten.net\/wp-content\/uploads\/2024\/10\/aarvederkruid-264x300-1-2.jpg"},{"@type":"BreadcrumbList","@id":"https:\/\/www.zuurstofplanten.net\/zuurstofplanten-latijns\/ceratophyllum-demersum\/#breadcrumb","itemListElement":[{"@type":"ListItem","position":1,"name":"Home","item":"https:\/\/www.zuurstofplanten.net\/"},{"@type":"ListItem","position":2,"name":"Latijnse soortnamen","item":"https:\/\/www.zuurstofplanten.net\/zuurstofplanten-latijns\/"},{"@type":"ListItem","position":3,"name":"Ceratophyllum Demersum"}]},{"@type":"WebSite","@id":"https:\/\/www.zuurstofplanten.net\/#website","url":"https:\/\/www.zuurstofplanten.net\/","name":"Zuurstofplanten.net","description":"","publisher":{"@id":"https:\/\/www.zuurstofplanten.net\/#organization"},"potentialAction":[{"@type":"SearchAction","target":{"@type":"EntryPoint","urlTemplate":"https:\/\/www.zuurstofplanten.net\/?s={search_term_string}"},"query-input":{"@type":"PropertyValueSpecification","valueRequired":true,"valueName":"search_term_string"}}],"inLanguage":"de"},{"@type":"Organization","@id":"https:\/\/www.zuurstofplanten.net\/#organization","name":"Zuurstofplanten.net","url":"https:\/\/www.zuurstofplanten.net\/","logo":{"@type":"ImageObject","inLanguage":"de","@id":"https:\/\/www.zuurstofplanten.net\/#\/schema\/logo\/image\/","url":"https:\/\/www.zuurstofplanten.net\/wp-content\/uploads\/2024\/10\/zuurstofplanten-logo-1.jpg","contentUrl":"https:\/\/www.zuurstofplanten.net\/wp-content\/uploads\/2024\/10\/zuurstofplanten-logo-1.jpg","width":180,"height":60,"caption":"Zuurstofplanten.net"},"image":{"@id":"https:\/\/www.zuurstofplanten.net\/#\/schema\/logo\/image\/"}}]}},"_links":{"self":[{"href":"https:\/\/www.zuurstofplanten.net\/de\/wp-json\/wp\/v2\/pages\/587"}],"collection":[{"href":"https:\/\/www.zuurstofplanten.net\/de\/wp-json\/wp\/v2\/pages"}],"about":[{"href":"https:\/\/www.zuurstofplanten.net\/de\/wp-json\/wp\/v2\/types\/page"}],"author":[{"embeddable":true,"href":"https:\/\/www.zuurstofplanten.net\/de\/wp-json\/wp\/v2\/users\/4"}],"replies":[{"embeddable":true,"href":"https:\/\/www.zuurstofplanten.net\/de\/wp-json\/wp\/v2\/comments?post=587"}],"version-history":[{"count":16,"href":"https:\/\/www.zuurstofplanten.net\/de\/wp-json\/wp\/v2\/pages\/587\/revisions"}],"predecessor-version":[{"id":2147,"href":"https:\/\/www.zuurstofplanten.net\/de\/wp-json\/wp\/v2\/pages\/587\/revisions\/2147"}],"up":[{"embeddable":true,"href":"https:\/\/www.zuurstofplanten.net\/de\/wp-json\/wp\/v2\/pages\/571"}],"wp:attachment":[{"href":"https:\/\/www.zuurstofplanten.net\/de\/wp-json\/wp\/v2\/media?parent=587"}],"curies":[{"name":"wp","href":"https:\/\/api.w.org\/{rel}","templated":true}]}}