{"id":577,"date":"2024-10-11T14:33:18","date_gmt":"2024-10-11T14:33:18","guid":{"rendered":"https:\/\/baselinkhosting.nl\/zuurstofplanten\/?page_id=577"},"modified":"2025-06-04T10:05:32","modified_gmt":"2025-06-04T10:05:32","slug":"callitriche-platycarpa","status":"publish","type":"page","link":"https:\/\/www.zuurstofplanten.net\/de\/sauerstoffpflanzen-lateinisch\/callitriche-platycarpa\/","title":{"rendered":"Callitriche Platycarpa"},"content":{"rendered":"<div data-elementor-type=\"wp-page\" data-elementor-id=\"577\" class=\"elementor elementor-577\" data-elementor-post-type=\"page\">\n\t\t\t\t<div class=\"elementor-element elementor-element-60a7659 e-flex e-con-boxed e-con e-parent\" data-id=\"60a7659\" data-element_type=\"container\" data-e-type=\"container\" data-settings=\"{&quot;background_background&quot;:&quot;classic&quot;}\">\n\t\t\t\t\t<div class=\"e-con-inner\">\n\t\t\t\t<div class=\"elementor-element elementor-element-0949f60 elementor-widget elementor-widget-heading\" data-id=\"0949f60\" data-element_type=\"widget\" data-e-type=\"widget\" data-widget_type=\"heading.default\">\n\t\t\t\t<div class=\"elementor-widget-container\">\n\t\t\t\t\t<h1 class=\"elementor-heading-title elementor-size-default\">Callitriche Platycarpa<\/h1>\t\t\t\t<\/div>\n\t\t\t\t<\/div>\n\t\t\t\t<div class=\"elementor-element elementor-element-5b3a9a6 elementor-widget elementor-widget-breadcrumbs\" data-id=\"5b3a9a6\" data-element_type=\"widget\" data-e-type=\"widget\" data-widget_type=\"breadcrumbs.default\">\n\t\t\t\t<div class=\"elementor-widget-container\">\n\t\t\t\t\t<p id=\"breadcrumbs\"><span><span><a href=\"https:\/\/www.zuurstofplanten.net\/de\/\">Startseite<\/a><\/span><\/span><\/p>\t\t\t\t<\/div>\n\t\t\t\t<\/div>\n\t\t\t\t\t<\/div>\n\t\t\t\t<\/div>\n\t\t<div class=\"elementor-element elementor-element-df3f09b e-flex e-con-boxed e-con e-parent\" data-id=\"df3f09b\" data-element_type=\"container\" data-e-type=\"container\">\n\t\t\t\t\t<div class=\"e-con-inner\">\n\t\t\t\t<div class=\"elementor-element elementor-element-86bd743 elementor-widget elementor-widget-heading\" data-id=\"86bd743\" data-element_type=\"widget\" data-e-type=\"widget\" data-widget_type=\"heading.default\">\n\t\t\t\t<div class=\"elementor-widget-container\">\n\t\t\t\t\t<h2 class=\"elementor-heading-title elementor-size-large\">Was ist Callitriche Platycarpa?<\/h2>\t\t\t\t<\/div>\n\t\t\t\t<\/div>\n\t\t\t\t<div class=\"elementor-element elementor-element-cf5f6c1 elementor-widget elementor-widget-text-editor\" data-id=\"cf5f6c1\" data-element_type=\"widget\" data-e-type=\"widget\" data-widget_type=\"text-editor.default\">\n\t\t\t\t<div class=\"elementor-widget-container\">\n\t\t\t\t\t\t\t\t\t<p>Callitriche Platycarpa, auf Niederl\u00e4ndisch Sterrenkroos, ist eine ideale Pflanze f\u00fcr Teiche mit viel Sonneneinstrahlung. Die Schwimmbl\u00e4tter dieser Sauerstoffpflanze spenden dem Wasser Schatten. Die gr\u00fcnen Bl\u00e4tter unter Wasser produzieren au\u00dferdem wichtigen Sauerstoff. Au\u00dferdem handelt es sich um eine schnell wachsende Sauerstoffpflanze. Das bedeutet, dass sie viele N\u00e4hrstoffe braucht, um weiter zu wachsen. Die Schwimmbl\u00e4tter von Callitriche Platycarpa bedecken einen Teil des Teiches und spenden Schatten. Dadurch gelangt weniger Sonne in den Teich und das Wasser erw\u00e4rmt sich weniger schnell.<\/p><p>Diese beiden Eigenschaften sind n\u00fctzlich, um mit den Algen in Ihrem Teich zu konkurrieren. Denn Algen brauchen die gleichen N\u00e4hrstoffe wie Callitriche Platycarpa, um zu wachsen. Algen brauchen auch Licht. Wenn weniger Licht ins Wasser gelangt, haben Algen weniger Chancen. Callitriche Platycarpa ist also nicht nur eine sch\u00f6ne Pflanze f\u00fcr Ihren Teich, sondern auch eine Nutzpflanze! Diese Teichpflanze kommt in den Niederlanden in der freien Natur in stehenden und flie\u00dfenden Gew\u00e4ssern vor.<\/p>\t\t\t\t\t\t\t\t<\/div>\n\t\t\t\t<\/div>\n\t\t\t\t\t<\/div>\n\t\t\t\t<\/div>\n\t\t<div class=\"elementor-element elementor-element-a9bfab3 e-flex e-con-boxed e-con e-parent\" data-id=\"a9bfab3\" data-element_type=\"container\" data-e-type=\"container\">\n\t\t\t\t\t<div class=\"e-con-inner\">\n\t\t<div class=\"elementor-element elementor-element-2984cee e-con-full e-flex e-con e-child\" data-id=\"2984cee\" data-element_type=\"container\" data-e-type=\"container\">\n\t\t\t\t<div class=\"elementor-element elementor-element-e4b528a elementor-widget elementor-widget-heading\" data-id=\"e4b528a\" data-element_type=\"widget\" data-e-type=\"widget\" data-widget_type=\"heading.default\">\n\t\t\t\t<div class=\"elementor-widget-container\">\n\t\t\t\t\t<h3 class=\"elementor-heading-title elementor-size-medium\">Bl\u00fcht Callitriche Platycarpa?<\/h3>\t\t\t\t<\/div>\n\t\t\t\t<\/div>\n\t\t\t\t<div class=\"elementor-element elementor-element-83cb62a elementor-widget elementor-widget-text-editor\" data-id=\"83cb62a\" data-element_type=\"widget\" data-e-type=\"widget\" data-widget_type=\"text-editor.default\">\n\t\t\t\t<div class=\"elementor-widget-container\">\n\t\t\t\t\t\t\t\t\t<p>Erwarten Sie nicht, dass diese Sauerstoffpflanze bl\u00fcht oder dass man deutlich sieht, dass sie bl\u00fcht. Denn Callitriche Platycarpa bl\u00fcht in den Niederlanden nur selten. Wenn die Teichpflanze bl\u00fcht, merkt man das kaum, denn die Bl\u00fcten sind genauso gr\u00fcn wie die Bl\u00e4tter. Wenn Sie eine sichtbar bl\u00fchende Art w\u00fcnschen, empfehlen wir Ihnen Ranunculus aquatilis (Wasser-Hahnenfu\u00df) und Hottonia palustris (Wasserveilchen).<\/p>\t\t\t\t\t\t\t\t<\/div>\n\t\t\t\t<\/div>\n\t\t\t\t<div class=\"elementor-element elementor-element-1511ae7 elementor-widget elementor-widget-heading\" data-id=\"1511ae7\" data-element_type=\"widget\" data-e-type=\"widget\" data-widget_type=\"heading.default\">\n\t\t\t\t<div class=\"elementor-widget-container\">\n\t\t\t\t\t<h3 class=\"elementor-heading-title elementor-size-medium\">Kallitrische Platycarpa-Pflanzen<\/h3>\t\t\t\t<\/div>\n\t\t\t\t<\/div>\n\t\t\t\t<div class=\"elementor-element elementor-element-c36e611 elementor-widget elementor-widget-text-editor\" data-id=\"c36e611\" data-element_type=\"widget\" data-e-type=\"widget\" data-widget_type=\"text-editor.default\">\n\t\t\t\t<div class=\"elementor-widget-container\">\n\t\t\t\t\t\t\t\t\t<p>Callitriche Platycarpa sollte in einen Teichkorb gepflanzt werden, da sie eine wurzelnde Wasserpflanze ist. Sie wissen nicht, wie Sie diese Teichpflanze pflanzen sollen? Wir haben eine Seite daf\u00fcr. Klicken Sie hier, um zu dieser Seite weitergeleitet zu werden.<\/p>\t\t\t\t\t\t\t\t<\/div>\n\t\t\t\t<\/div>\n\t\t\t\t<\/div>\n\t\t<div class=\"elementor-element elementor-element-9c725e7 e-con-full e-flex e-con e-child\" data-id=\"9c725e7\" data-element_type=\"container\" data-e-type=\"container\">\n\t\t\t\t<div class=\"elementor-element elementor-element-d46fa94 elementor-widget elementor-widget-image\" data-id=\"d46fa94\" data-element_type=\"widget\" data-e-type=\"widget\" data-widget_type=\"image.default\">\n\t\t\t\t<div class=\"elementor-widget-container\">\n\t\t\t\t\t\t\t\t\t\t\t\t\t\t\t<img fetchpriority=\"high\" decoding=\"async\" width=\"700\" height=\"700\" src=\"https:\/\/www.zuurstofplanten.net\/wp-content\/uploads\/2024\/10\/Sterrenkroos-Callitriche-Platycarpa-1.png\" class=\"attachment-full size-full wp-image-579\" alt=\"\" srcset=\"https:\/\/www.zuurstofplanten.net\/wp-content\/uploads\/2024\/10\/Sterrenkroos-Callitriche-Platycarpa-1.png 700w, https:\/\/www.zuurstofplanten.net\/wp-content\/uploads\/2024\/10\/Sterrenkroos-Callitriche-Platycarpa-1-300x300.png 300w, https:\/\/www.zuurstofplanten.net\/wp-content\/uploads\/2024\/10\/Sterrenkroos-Callitriche-Platycarpa-1-150x150.png 150w\" sizes=\"(max-width: 700px) 100vw, 700px\" \/>\t\t\t\t\t\t\t\t\t\t\t\t\t\t\t<\/div>\n\t\t\t\t<\/div>\n\t\t\t\t<\/div>\n\t\t\t\t\t<\/div>\n\t\t\t\t<\/div>\n\t\t<div class=\"elementor-element elementor-element-75168c2 e-flex e-con-boxed e-con e-parent\" data-id=\"75168c2\" data-element_type=\"container\" data-e-type=\"container\">\n\t\t\t\t\t<div class=\"e-con-inner\">\n\t\t\t\t<div class=\"elementor-element elementor-element-5db8c2b elementor-widget elementor-widget-heading\" data-id=\"5db8c2b\" data-element_type=\"widget\" data-e-type=\"widget\" data-widget_type=\"heading.default\">\n\t\t\t\t<div class=\"elementor-widget-container\">\n\t\t\t\t\t<h3 class=\"elementor-heading-title elementor-size-medium\">Wie viele Sauerstoffpflanzen sollte ich f\u00fcr meinen Teich kaufen?<\/h3>\t\t\t\t<\/div>\n\t\t\t\t<\/div>\n\t\t\t\t<div class=\"elementor-element elementor-element-09bf27b elementor-widget elementor-widget-text-editor\" data-id=\"09bf27b\" data-element_type=\"widget\" data-e-type=\"widget\" data-widget_type=\"text-editor.default\">\n\t\t\t\t<div class=\"elementor-widget-container\">\n\t\t\t\t\t\t\t\t\t<p>F\u00fcr Sauerstoffpflanzen empfehlen wir, 4 bis 5 B\u00fcschel pro 1.000 Liter Wasser in Ihren Teich zu setzen. So haben Sie die gr\u00f6\u00dfte Chance auf eine gute Sauerstoffproduktion und Algenvermeidung, und nicht zuletzt wird oder bleibt Ihr Teich sch\u00f6n klar.  Nat\u00fcrlich k\u00f6nnen Sie immer verschiedene Arten von Sauerstoffpflanzen zusammen einsetzen.<\/p><p data-start=\"736\" data-end=\"920\">W\u00fcrden Sie gerne genau wissen <a href=\"https:\/\/www.zuurstofplanten.net\/de\/wissensbasis\/wie-viele-sauerstoffpflanzen-in-einem-teich\/\"><strong data-start=\"757\" data-end=\"794\">Wie viele Sauerstoffpflanzen im Teich<\/strong><\/a> nach der Anzahl der Liter Wasser ben\u00f6tigt? Dann nutzen Sie unser praktisches <a class=\"\" href=\"https:\/\/www.zuurstofplanten.net\/de\/wissensbasis\/wie-viele-sauerstoffpflanzen-in-einem-teich\/\" rel=\"noopener\" data-start=\"869\" data-end=\"891\">Groves-Rechner<\/a><\/p>\t\t\t\t\t\t\t\t<\/div>\n\t\t\t\t<\/div>\n\t\t\t\t<div class=\"elementor-element elementor-element-2ab078c elementor-widget elementor-widget-heading\" data-id=\"2ab078c\" data-element_type=\"widget\" data-e-type=\"widget\" data-widget_type=\"heading.default\">\n\t\t\t\t<div class=\"elementor-widget-container\">\n\t\t\t\t\t<h3 class=\"elementor-heading-title elementor-size-medium\">Eigenschaften Callitriche Platycarpa<\/h3>\t\t\t\t<\/div>\n\t\t\t\t<\/div>\n\t\t\t\t<div class=\"elementor-element elementor-element-0831df6 elementor-widget elementor-widget-text-editor\" data-id=\"0831df6\" data-element_type=\"widget\" data-e-type=\"widget\" data-widget_type=\"text-editor.default\">\n\t\t\t\t<div class=\"elementor-widget-container\">\n\t\t\t\t\t\t\t\t\t<p>Die Sternfrucht hat die folgenden Eigenschaften:<\/p><ul><li>Steht am besten in der Sonne.<\/li><li>Die Pflanztiefe liegt zwischen 40 und 80 cm.<\/li><li>Die St\u00e4ngel dieser Sauerstoffpflanze werden bis zu 80 cm lang.<\/li><li>Da es sich um eine wurzelnde Wasserpflanze handelt, ist ein Substrat erforderlich.<\/li><li>Kalkarmes Wasser ist ein Plus.<\/li><\/ul>\t\t\t\t\t\t\t\t<\/div>\n\t\t\t\t<\/div>\n\t\t\t\t\t<\/div>\n\t\t\t\t<\/div>\n\t\t<div class=\"elementor-element elementor-element-4aeb1e9 e-flex e-con-boxed e-con e-parent\" data-id=\"4aeb1e9\" data-element_type=\"container\" data-e-type=\"container\">\n\t\t\t\t\t<div class=\"e-con-inner\">\n\t\t<div class=\"elementor-element elementor-element-06bac2e e-con-full e-flex e-con e-child\" data-id=\"06bac2e\" data-element_type=\"container\" data-e-type=\"container\">\n\t\t\t\t<div class=\"elementor-element elementor-element-9cbf456 elementor-widget elementor-widget-heading\" data-id=\"9cbf456\" data-element_type=\"widget\" data-e-type=\"widget\" data-widget_type=\"heading.default\">\n\t\t\t\t<div class=\"elementor-widget-container\">\n\t\t\t\t\t<h3 class=\"elementor-heading-title elementor-size-medium\">M\u00f6chten Sie Callitriche Platycarpa kaufen?<\/h3>\t\t\t\t<\/div>\n\t\t\t\t<\/div>\n\t\t\t\t<div class=\"elementor-element elementor-element-8e78abc elementor-widget elementor-widget-text-editor\" data-id=\"8e78abc\" data-element_type=\"widget\" data-e-type=\"widget\" data-widget_type=\"text-editor.default\">\n\t\t\t\t<div class=\"elementor-widget-container\">\n\t\t\t\t\t\t\t\t\t<p>Suchen Sie nach Callitriche Platycarpa in hoher Qualit\u00e4t? Klicken Sie auf die Schaltfl\u00e4che, um sch\u00f6ne Str\u00e4u\u00dfe von Callitriche Platycarpa und anderen Sauerstoffpflanzen zu kaufen!<\/p>\t\t\t\t\t\t\t\t<\/div>\n\t\t\t\t<\/div>\n\t\t\t\t<div class=\"elementor-element elementor-element-6c4cd1f elementor-align-left elementor-widget elementor-widget-button\" data-id=\"6c4cd1f\" data-element_type=\"widget\" data-e-type=\"widget\" data-widget_type=\"button.default\">\n\t\t\t\t<div class=\"elementor-widget-container\">\n\t\t\t\t\t\t\t\t\t<div class=\"elementor-button-wrapper\">\n\t\t\t\t\t<a class=\"elementor-button elementor-button-link elementor-size-sm elementor-animation-grow\" href=\"https:\/\/vijvermeester.nl\/sterrenkroos-callitriche-platycarpa.html?utm_source=affiliate&#038;utm_medium=partner&#038;utm_campaign=zuurstofplanten_net&#038;utm_content=callitriche_platycarpa\" rel=\"nofollow\">\n\t\t\t\t\t\t<span class=\"elementor-button-content-wrapper\">\n\t\t\t\t\t\t\t\t\t<span class=\"elementor-button-text\">Callitriche Platycarpa kaufen<\/span>\n\t\t\t\t\t<\/span>\n\t\t\t\t\t<\/a>\n\t\t\t\t<\/div>\n\t\t\t\t\t\t\t\t<\/div>\n\t\t\t\t<\/div>\n\t\t\t\t<\/div>\n\t\t<div class=\"elementor-element elementor-element-ef05cbb e-con-full e-flex e-con e-child\" data-id=\"ef05cbb\" data-element_type=\"container\" data-e-type=\"container\">\n\t\t\t\t<div class=\"elementor-element elementor-element-e337cf3 elementor-widget elementor-widget-heading\" data-id=\"e337cf3\" data-element_type=\"widget\" data-e-type=\"widget\" data-widget_type=\"heading.default\">\n\t\t\t\t<div class=\"elementor-widget-container\">\n\t\t\t\t\t<h4 class=\"elementor-heading-title elementor-size-small\">Besuchen Sie Vijvermeester.de<\/h4>\t\t\t\t<\/div>\n\t\t\t\t<\/div>\n\t\t\t\t<div class=\"elementor-element elementor-element-7cb0caa elementor-widget elementor-widget-image\" data-id=\"7cb0caa\" data-element_type=\"widget\" data-e-type=\"widget\" data-widget_type=\"image.default\">\n\t\t\t\t<div class=\"elementor-widget-container\">\n\t\t\t\t\t\t\t\t\t\t\t\t\t\t\t\t<a href=\"https:\/\/vijvermeester.nl\/blaasjeskruid.html?utm_source=affiliate&amp;utm_medium=partner&amp;utm_campaign=zuurstofplanten_net&amp;utm_content=blaasjeskruid\">\n\t\t\t\t\t\t\t<img decoding=\"async\" width=\"300\" height=\"59\" src=\"https:\/\/www.zuurstofplanten.net\/wp-content\/uploads\/2024\/10\/logo-1-300x59.png\" class=\"attachment-medium size-medium wp-image-581\" alt=\"\" srcset=\"https:\/\/www.zuurstofplanten.net\/wp-content\/uploads\/2024\/10\/logo-1-300x59.png 300w, https:\/\/www.zuurstofplanten.net\/wp-content\/uploads\/2024\/10\/logo-1-1024x202.png 1024w, https:\/\/www.zuurstofplanten.net\/wp-content\/uploads\/2024\/10\/logo-1-768x152.png 768w, https:\/\/www.zuurstofplanten.net\/wp-content\/uploads\/2024\/10\/logo-1.png 1305w\" sizes=\"(max-width: 300px) 100vw, 300px\" \/>\t\t\t\t\t\t\t\t<\/a>\n\t\t\t\t\t\t\t\t\t\t\t\t\t\t\t<\/div>\n\t\t\t\t<\/div>\n\t\t\t\t<div class=\"elementor-element elementor-element-9a8e8b4 elementor-widget elementor-widget-text-editor\" data-id=\"9a8e8b4\" data-element_type=\"widget\" data-e-type=\"widget\" data-widget_type=\"text-editor.default\">\n\t\t\t\t<div class=\"elementor-widget-container\">\n\t\t\t\t\t\t\t\t\t<p>Ein breites Angebot an Sauerstoffpflanzen finden Sie auf der Website Vijvermeester.nl.<\/p>\t\t\t\t\t\t\t\t<\/div>\n\t\t\t\t<\/div>\n\t\t\t\t<\/div>\n\t\t\t\t\t<\/div>\n\t\t\t\t<\/div>\n\t\t\t\t<\/div>","protected":false},"excerpt":{"rendered":"<p>Callitriche Platycarpa Was ist Callitriche Platycarpa? Callitriche Platycarpa, auf Niederl\u00e4ndisch Sterrenkroos, ist eine ideale Pflanze f\u00fcr einen Teich mit viel Sonneneinstrahlung. Die Schwimmbl\u00e4tter dieser Sauerstoffpflanze spenden dem Wasser Schatten. Die gr\u00fcnen Bl\u00e4tter unter Wasser produzieren au\u00dferdem wichtigen Sauerstoff. Au\u00dferdem handelt es sich um eine schnell wachsende Sauerstoffpflanze. Sie sorgt daf\u00fcr, dass [...]<\/p>","protected":false},"author":4,"featured_media":0,"parent":571,"menu_order":1,"comment_status":"closed","ping_status":"closed","template":"elementor_header_footer","meta":{"_acf_changed":false,"iawp_total_views":100,"footnotes":""},"class_list":["post-577","page","type-page","status-publish","hentry"],"acf":[],"yoast_head":"<!-- This site is optimized with the Yoast SEO plugin v25.5 - https:\/\/yoast.com\/wordpress\/plugins\/seo\/ -->\n<title>Callitriche Platycarpa | Planten, Onderhoud &amp; Advies | Zuurstofplanten.net<\/title>\n<meta name=\"description\" content=\"Callitriche platycarpa (Sterrenkroos) is anders dan dat vervelende Eendenkroos. Het brengt schaduw en is toepasbaar voor de meeste vijvers.\" \/>\n<meta name=\"robots\" content=\"index, follow, max-snippet:-1, max-image-preview:large, max-video-preview:-1\" \/>\n<link rel=\"canonical\" href=\"https:\/\/www.zuurstofplanten.net\/de\/sauerstoffpflanzen-lateinisch\/callitriche-platycarpa\/\" \/>\n<meta property=\"og:locale\" content=\"de_DE\" \/>\n<meta property=\"og:type\" content=\"article\" \/>\n<meta property=\"og:title\" content=\"Callitriche Platycarpa | Planten, Onderhoud &amp; Advies | Zuurstofplanten.net\" \/>\n<meta property=\"og:description\" content=\"Callitriche platycarpa (Sterrenkroos) is anders dan dat vervelende Eendenkroos. Het brengt schaduw en is toepasbaar voor de meeste vijvers.\" \/>\n<meta property=\"og:url\" content=\"https:\/\/www.zuurstofplanten.net\/de\/sauerstoffpflanzen-lateinisch\/callitriche-platycarpa\/\" \/>\n<meta property=\"og:site_name\" content=\"Zuurstofplanten.net\" \/>\n<meta property=\"article:modified_time\" content=\"2025-06-04T10:05:32+00:00\" \/>\n<meta property=\"og:image\" content=\"https:\/\/www.zuurstofplanten.net\/wp-content\/uploads\/2024\/10\/Sterrenkroos-Callitriche-Platycarpa-1.png\" \/>\n\t<meta property=\"og:image:width\" content=\"700\" \/>\n\t<meta property=\"og:image:height\" content=\"700\" \/>\n\t<meta property=\"og:image:type\" content=\"image\/png\" \/>\n<meta name=\"twitter:card\" content=\"summary_large_image\" \/>\n<meta name=\"twitter:label1\" content=\"Gesch\u00e4tzte Lesezeit\" \/>\n\t<meta name=\"twitter:data1\" content=\"3\u00a0Minuten\" \/>\n<script type=\"application\/ld+json\" class=\"yoast-schema-graph\">{\"@context\":\"https:\/\/schema.org\",\"@graph\":[{\"@type\":\"WebPage\",\"@id\":\"https:\/\/www.zuurstofplanten.net\/zuurstofplanten-latijns\/callitriche-platycarpa\/\",\"url\":\"https:\/\/www.zuurstofplanten.net\/zuurstofplanten-latijns\/callitriche-platycarpa\/\",\"name\":\"Callitriche Platycarpa | Planten, Onderhoud & Advies | Zuurstofplanten.net\",\"isPartOf\":{\"@id\":\"https:\/\/www.zuurstofplanten.net\/#website\"},\"primaryImageOfPage\":{\"@id\":\"https:\/\/www.zuurstofplanten.net\/zuurstofplanten-latijns\/callitriche-platycarpa\/#primaryimage\"},\"image\":{\"@id\":\"https:\/\/www.zuurstofplanten.net\/zuurstofplanten-latijns\/callitriche-platycarpa\/#primaryimage\"},\"thumbnailUrl\":\"https:\/\/www.zuurstofplanten.net\/wp-content\/uploads\/2024\/10\/Sterrenkroos-Callitriche-Platycarpa-1.png\",\"datePublished\":\"2024-10-11T14:33:18+00:00\",\"dateModified\":\"2025-06-04T10:05:32+00:00\",\"description\":\"Callitriche platycarpa (Sterrenkroos) is anders dan dat vervelende Eendenkroos. Het brengt schaduw en is toepasbaar voor de meeste vijvers.\",\"breadcrumb\":{\"@id\":\"https:\/\/www.zuurstofplanten.net\/zuurstofplanten-latijns\/callitriche-platycarpa\/#breadcrumb\"},\"inLanguage\":\"de\",\"potentialAction\":[{\"@type\":\"ReadAction\",\"target\":[\"https:\/\/www.zuurstofplanten.net\/zuurstofplanten-latijns\/callitriche-platycarpa\/\"]}]},{\"@type\":\"ImageObject\",\"inLanguage\":\"de\",\"@id\":\"https:\/\/www.zuurstofplanten.net\/zuurstofplanten-latijns\/callitriche-platycarpa\/#primaryimage\",\"url\":\"https:\/\/www.zuurstofplanten.net\/wp-content\/uploads\/2024\/10\/Sterrenkroos-Callitriche-Platycarpa-1.png\",\"contentUrl\":\"https:\/\/www.zuurstofplanten.net\/wp-content\/uploads\/2024\/10\/Sterrenkroos-Callitriche-Platycarpa-1.png\"},{\"@type\":\"BreadcrumbList\",\"@id\":\"https:\/\/www.zuurstofplanten.net\/zuurstofplanten-latijns\/callitriche-platycarpa\/#breadcrumb\",\"itemListElement\":[{\"@type\":\"ListItem\",\"position\":1,\"name\":\"Home\",\"item\":\"https:\/\/www.zuurstofplanten.net\/\"},{\"@type\":\"ListItem\",\"position\":2,\"name\":\"Latijnse soortnamen\",\"item\":\"https:\/\/www.zuurstofplanten.net\/zuurstofplanten-latijns\/\"},{\"@type\":\"ListItem\",\"position\":3,\"name\":\"Callitriche Platycarpa\"}]},{\"@type\":\"WebSite\",\"@id\":\"https:\/\/www.zuurstofplanten.net\/#website\",\"url\":\"https:\/\/www.zuurstofplanten.net\/\",\"name\":\"Zuurstofplanten.net\",\"description\":\"\",\"publisher\":{\"@id\":\"https:\/\/www.zuurstofplanten.net\/#organization\"},\"potentialAction\":[{\"@type\":\"SearchAction\",\"target\":{\"@type\":\"EntryPoint\",\"urlTemplate\":\"https:\/\/www.zuurstofplanten.net\/?s={search_term_string}\"},\"query-input\":{\"@type\":\"PropertyValueSpecification\",\"valueRequired\":true,\"valueName\":\"search_term_string\"}}],\"inLanguage\":\"de\"},{\"@type\":\"Organization\",\"@id\":\"https:\/\/www.zuurstofplanten.net\/#organization\",\"name\":\"Zuurstofplanten.net\",\"url\":\"https:\/\/www.zuurstofplanten.net\/\",\"logo\":{\"@type\":\"ImageObject\",\"inLanguage\":\"de\",\"@id\":\"https:\/\/www.zuurstofplanten.net\/#\/schema\/logo\/image\/\",\"url\":\"https:\/\/www.zuurstofplanten.net\/wp-content\/uploads\/2024\/10\/zuurstofplanten-logo-1.jpg\",\"contentUrl\":\"https:\/\/www.zuurstofplanten.net\/wp-content\/uploads\/2024\/10\/zuurstofplanten-logo-1.jpg\",\"width\":180,\"height\":60,\"caption\":\"Zuurstofplanten.net\"},\"image\":{\"@id\":\"https:\/\/www.zuurstofplanten.net\/#\/schema\/logo\/image\/\"}}]}<\/script>\n<!-- \/ Yoast SEO plugin. -->","yoast_head_json":{"title":"Callitriche Platycarpa | Pflanzen, Pflege &amp; Beratung | Acidplants.net","description":"Callitriche platycarpa (Sternkraut) ist anders als das l\u00e4stige Wasserlinsengew\u00e4chs. Sie spendet Schatten und ist f\u00fcr die meisten Teiche geeignet.","robots":{"index":"index","follow":"follow","max-snippet":"max-snippet:-1","max-image-preview":"max-image-preview:large","max-video-preview":"max-video-preview:-1"},"canonical":"https:\/\/www.zuurstofplanten.net\/de\/sauerstoffpflanzen-lateinisch\/callitriche-platycarpa\/","og_locale":"de_DE","og_type":"article","og_title":"Callitriche Platycarpa | Planten, Onderhoud & Advies | Zuurstofplanten.net","og_description":"Callitriche platycarpa (Sterrenkroos) is anders dan dat vervelende Eendenkroos. Het brengt schaduw en is toepasbaar voor de meeste vijvers.","og_url":"https:\/\/www.zuurstofplanten.net\/de\/sauerstoffpflanzen-lateinisch\/callitriche-platycarpa\/","og_site_name":"Zuurstofplanten.net","article_modified_time":"2025-06-04T10:05:32+00:00","og_image":[{"width":700,"height":700,"url":"https:\/\/www.zuurstofplanten.net\/wp-content\/uploads\/2024\/10\/Sterrenkroos-Callitriche-Platycarpa-1.png","type":"image\/png"}],"twitter_card":"summary_large_image","twitter_misc":{"Gesch\u00e4tzte Lesezeit":"3\u00a0Minuten"},"schema":{"@context":"https:\/\/schema.org","@graph":[{"@type":"WebPage","@id":"https:\/\/www.zuurstofplanten.net\/zuurstofplanten-latijns\/callitriche-platycarpa\/","url":"https:\/\/www.zuurstofplanten.net\/zuurstofplanten-latijns\/callitriche-platycarpa\/","name":"Callitriche Platycarpa | Pflanzen, Pflege &amp; Beratung | Acidplants.net","isPartOf":{"@id":"https:\/\/www.zuurstofplanten.net\/#website"},"primaryImageOfPage":{"@id":"https:\/\/www.zuurstofplanten.net\/zuurstofplanten-latijns\/callitriche-platycarpa\/#primaryimage"},"image":{"@id":"https:\/\/www.zuurstofplanten.net\/zuurstofplanten-latijns\/callitriche-platycarpa\/#primaryimage"},"thumbnailUrl":"https:\/\/www.zuurstofplanten.net\/wp-content\/uploads\/2024\/10\/Sterrenkroos-Callitriche-Platycarpa-1.png","datePublished":"2024-10-11T14:33:18+00:00","dateModified":"2025-06-04T10:05:32+00:00","description":"Callitriche platycarpa (Sternkraut) ist anders als das l\u00e4stige Wasserlinsengew\u00e4chs. Sie spendet Schatten und ist f\u00fcr die meisten Teiche geeignet.","breadcrumb":{"@id":"https:\/\/www.zuurstofplanten.net\/zuurstofplanten-latijns\/callitriche-platycarpa\/#breadcrumb"},"inLanguage":"de","potentialAction":[{"@type":"ReadAction","target":["https:\/\/www.zuurstofplanten.net\/zuurstofplanten-latijns\/callitriche-platycarpa\/"]}]},{"@type":"ImageObject","inLanguage":"de","@id":"https:\/\/www.zuurstofplanten.net\/zuurstofplanten-latijns\/callitriche-platycarpa\/#primaryimage","url":"https:\/\/www.zuurstofplanten.net\/wp-content\/uploads\/2024\/10\/Sterrenkroos-Callitriche-Platycarpa-1.png","contentUrl":"https:\/\/www.zuurstofplanten.net\/wp-content\/uploads\/2024\/10\/Sterrenkroos-Callitriche-Platycarpa-1.png"},{"@type":"BreadcrumbList","@id":"https:\/\/www.zuurstofplanten.net\/zuurstofplanten-latijns\/callitriche-platycarpa\/#breadcrumb","itemListElement":[{"@type":"ListItem","position":1,"name":"Home","item":"https:\/\/www.zuurstofplanten.net\/"},{"@type":"ListItem","position":2,"name":"Latijnse soortnamen","item":"https:\/\/www.zuurstofplanten.net\/zuurstofplanten-latijns\/"},{"@type":"ListItem","position":3,"name":"Callitriche Platycarpa"}]},{"@type":"WebSite","@id":"https:\/\/www.zuurstofplanten.net\/#website","url":"https:\/\/www.zuurstofplanten.net\/","name":"Zuurstofplanten.net","description":"","publisher":{"@id":"https:\/\/www.zuurstofplanten.net\/#organization"},"potentialAction":[{"@type":"SearchAction","target":{"@type":"EntryPoint","urlTemplate":"https:\/\/www.zuurstofplanten.net\/?s={search_term_string}"},"query-input":{"@type":"PropertyValueSpecification","valueRequired":true,"valueName":"search_term_string"}}],"inLanguage":"de"},{"@type":"Organization","@id":"https:\/\/www.zuurstofplanten.net\/#organization","name":"Zuurstofplanten.net","url":"https:\/\/www.zuurstofplanten.net\/","logo":{"@type":"ImageObject","inLanguage":"de","@id":"https:\/\/www.zuurstofplanten.net\/#\/schema\/logo\/image\/","url":"https:\/\/www.zuurstofplanten.net\/wp-content\/uploads\/2024\/10\/zuurstofplanten-logo-1.jpg","contentUrl":"https:\/\/www.zuurstofplanten.net\/wp-content\/uploads\/2024\/10\/zuurstofplanten-logo-1.jpg","width":180,"height":60,"caption":"Zuurstofplanten.net"},"image":{"@id":"https:\/\/www.zuurstofplanten.net\/#\/schema\/logo\/image\/"}}]}},"_links":{"self":[{"href":"https:\/\/www.zuurstofplanten.net\/de\/wp-json\/wp\/v2\/pages\/577"}],"collection":[{"href":"https:\/\/www.zuurstofplanten.net\/de\/wp-json\/wp\/v2\/pages"}],"about":[{"href":"https:\/\/www.zuurstofplanten.net\/de\/wp-json\/wp\/v2\/types\/page"}],"author":[{"embeddable":true,"href":"https:\/\/www.zuurstofplanten.net\/de\/wp-json\/wp\/v2\/users\/4"}],"replies":[{"embeddable":true,"href":"https:\/\/www.zuurstofplanten.net\/de\/wp-json\/wp\/v2\/comments?post=577"}],"version-history":[{"count":19,"href":"https:\/\/www.zuurstofplanten.net\/de\/wp-json\/wp\/v2\/pages\/577\/revisions"}],"predecessor-version":[{"id":2144,"href":"https:\/\/www.zuurstofplanten.net\/de\/wp-json\/wp\/v2\/pages\/577\/revisions\/2144"}],"up":[{"embeddable":true,"href":"https:\/\/www.zuurstofplanten.net\/de\/wp-json\/wp\/v2\/pages\/571"}],"wp:attachment":[{"href":"https:\/\/www.zuurstofplanten.net\/de\/wp-json\/wp\/v2\/media?parent=577"}],"curies":[{"name":"wp","href":"https:\/\/api.w.org\/{rel}","templated":true}]}}