{"id":571,"date":"2024-10-11T14:28:16","date_gmt":"2024-10-11T14:28:01","guid":{"rendered":"https:\/\/baselinkhosting.nl\/zuurstofplanten\/?page_id=571"},"modified":"2025-06-04T08:12:23","modified_gmt":"2025-06-04T08:12:23","slug":"sauerstoffpflanzen-lateinisch","status":"publish","type":"page","link":"https:\/\/www.zuurstofplanten.net\/de\/sauerstoffpflanzen-lateinisch\/","title":{"rendered":"Lateinische Artennamen"},"content":{"rendered":"<div data-elementor-type=\"wp-page\" data-elementor-id=\"571\" class=\"elementor elementor-571\" data-elementor-post-type=\"page\">\n\t\t\t\t<div class=\"elementor-element elementor-element-3dcb771 e-flex e-con-boxed e-con e-parent\" data-id=\"3dcb771\" data-element_type=\"container\" data-e-type=\"container\" data-settings=\"{&quot;background_background&quot;:&quot;classic&quot;}\">\n\t\t\t\t\t<div class=\"e-con-inner\">\n\t\t\t\t<div class=\"elementor-element elementor-element-fdc7269 elementor-widget elementor-widget-heading\" data-id=\"fdc7269\" data-element_type=\"widget\" data-e-type=\"widget\" data-widget_type=\"heading.default\">\n\t\t\t\t<div class=\"elementor-widget-container\">\n\t\t\t\t\t<h1 class=\"elementor-heading-title elementor-size-default\">Sauerstoffpflanzen Lateinischer Name<\/h1>\t\t\t\t<\/div>\n\t\t\t\t<\/div>\n\t\t\t\t<div class=\"elementor-element elementor-element-6bf6095 elementor-widget elementor-widget-breadcrumbs\" data-id=\"6bf6095\" data-element_type=\"widget\" data-e-type=\"widget\" data-widget_type=\"breadcrumbs.default\">\n\t\t\t\t<div class=\"elementor-widget-container\">\n\t\t\t\t\t<p id=\"breadcrumbs\"><span><span><a href=\"https:\/\/www.zuurstofplanten.net\/de\/\">Startseite<\/a><\/span><\/span><\/p>\t\t\t\t<\/div>\n\t\t\t\t<\/div>\n\t\t\t\t\t<\/div>\n\t\t\t\t<\/div>\n\t\t<div class=\"elementor-element elementor-element-04930cf e-flex e-con-boxed e-con e-parent\" data-id=\"04930cf\" data-element_type=\"container\" data-e-type=\"container\">\n\t\t\t\t\t<div class=\"e-con-inner\">\n\t\t\t\t<div class=\"elementor-element elementor-element-89a7782 elementor-widget elementor-widget-heading\" data-id=\"89a7782\" data-element_type=\"widget\" data-e-type=\"widget\" data-widget_type=\"heading.default\">\n\t\t\t\t<div class=\"elementor-widget-container\">\n\t\t\t\t\t<h2 class=\"elementor-heading-title elementor-size-default\">Sauerstoffpflanzen + lateinischer Name<\/h2>\t\t\t\t<\/div>\n\t\t\t\t<\/div>\n\t\t<div class=\"elementor-element elementor-element-9961421 e-con-full e-grid e-con e-child\" data-id=\"9961421\" data-element_type=\"container\" data-e-type=\"container\">\n\t\t\t\t<div class=\"elementor-element elementor-element-a0bf0d0 elementor-widget elementor-widget-text-editor\" data-id=\"a0bf0d0\" data-element_type=\"widget\" data-e-type=\"widget\" data-widget_type=\"text-editor.default\">\n\t\t\t\t<div class=\"elementor-widget-container\">\n\t\t\t\t\t\t\t\t\t<p>Sauerstoffpflanzen, oder besser gesagt submerse Wasserpflanzen, sind sehr wichtig f\u00fcr Wasserspiele und Teiche. Sie f\u00fcgen dem Wasser Sauerstoff hinzu und sorgen f\u00fcr Artenvielfalt. Au\u00dferdem konkurrieren sie mit den Algen um die N\u00e4hrstoffe. So bleibt das Wasser in Ihrem Teich klar und gesund.<\/p><p>Vor allem bei der Teichbepflanzung mit Pflanzschemata werden h\u00e4ufig lateinische Artennamen verwendet. Auf diese Weise gibt es keinen Zweifel an der verwendeten Art.<\/p><p>Sehen Sie sich die \u00dcbersicht der Sauerstoffpflanzen einschlie\u00dflich ihrer lateinischen Namen an. M\u00f6chten Sie mehr \u00fcber eine Sauerstoffpflanze erfahren? Dann klicken Sie auf die betreffende Sauerstoffpflanze und lesen Sie weitere Tipps zur Bepflanzung.<\/p>\t\t\t\t\t\t\t\t<\/div>\n\t\t\t\t<\/div>\n\t\t\t\t<div class=\"elementor-element elementor-element-c3aa7f1 elementor-widget elementor-widget-image\" data-id=\"c3aa7f1\" data-element_type=\"widget\" data-e-type=\"widget\" data-widget_type=\"image.default\">\n\t\t\t\t<div class=\"elementor-widget-container\">\n\t\t\t\t\t\t\t\t\t\t\t\t\t\t\t<img fetchpriority=\"high\" decoding=\"async\" width=\"650\" height=\"487\" src=\"https:\/\/www.zuurstofplanten.net\/wp-content\/uploads\/2024\/10\/krabbescheer-2.jpg\" class=\"attachment-large size-large wp-image-573\" alt=\"\" srcset=\"https:\/\/www.zuurstofplanten.net\/wp-content\/uploads\/2024\/10\/krabbescheer-2.jpg 650w, https:\/\/www.zuurstofplanten.net\/wp-content\/uploads\/2024\/10\/krabbescheer-2-300x225.jpg 300w\" sizes=\"(max-width: 650px) 100vw, 650px\" \/>\t\t\t\t\t\t\t\t\t\t\t\t\t\t\t<\/div>\n\t\t\t\t<\/div>\n\t\t\t\t<\/div>\n\t\t\t\t\t<\/div>\n\t\t\t\t<\/div>\n\t\t<div class=\"elementor-element elementor-element-866bdb2 e-flex e-con-boxed e-con e-parent\" data-id=\"866bdb2\" data-element_type=\"container\" data-e-type=\"container\">\n\t\t\t\t\t<div class=\"e-con-inner\">\n\t\t\t\t<div class=\"elementor-element elementor-element-2bbf139 elementor-widget elementor-widget-heading\" data-id=\"2bbf139\" data-element_type=\"widget\" data-e-type=\"widget\" data-widget_type=\"heading.default\">\n\t\t\t\t<div class=\"elementor-widget-container\">\n\t\t\t\t\t<h2 class=\"elementor-heading-title elementor-size-default\">\u00dcbersicht<\/h2>\t\t\t\t<\/div>\n\t\t\t\t<\/div>\n\t\t\t\t<div class=\"elementor-element elementor-element-f30ffa6 elementor-widget elementor-widget-text-editor\" data-id=\"f30ffa6\" data-element_type=\"widget\" data-e-type=\"widget\" data-widget_type=\"text-editor.default\">\n\t\t\t\t<div class=\"elementor-widget-container\">\n\t\t\t\t\t\t\t\t\t<table style=\"width: 100%;\" cellpadding=\"15\"><tbody><tr><td><strong>Lateinischer Name<\/strong><\/td><td><strong>Sauerstoffanlage<\/strong><\/td><\/tr><tr><td><a href=\"https:\/\/www.zuurstofplanten.net\/de\/sauerstoffpflanzen-lateinisch\/callitriche-platycarpa\/\">Callitriche Platycarpa<\/a><\/td><td><a href=\"https:\/\/www.zuurstofplanten.net\/de\/sauerstoffpflanzen\/starburst\/\">Sternrose<\/a><\/td><\/tr><tr><td><a href=\"https:\/\/www.zuurstofplanten.net\/de\/sauerstoffpflanzen-lateinisch\/ceratophyllum-demersum\/\">Ceratophyllum Demersum<\/a><\/td><td><a href=\"https:\/\/www.zuurstofplanten.net\/de\/sauerstoffpflanzen\/breitblattrig\/\">Grobes Hornblatt<\/a><\/td><\/tr><tr><td><a href=\"https:\/\/www.zuurstofplanten.net\/de\/sauerstoffpflanzen-lateinisch\/egeria-crispa\/\">Egeria Crispa<\/a><\/td><td><a href=\"https:\/\/www.zuurstofplanten.net\/de\/sauerstoffpflanzen\/wasserpflanze\/wasserkreuzkraut\/\">Gekreuzte Wasserpest<\/a><\/td><\/tr><tr><td><a href=\"https:\/\/www.zuurstofplanten.net\/de\/sauerstoffpflanzen-lateinisch\/egeria-densa\/\">Egeria Densa<\/a><\/td><td><a href=\"https:\/\/www.zuurstofplanten.net\/de\/sauerstoffpflanzen\/wasserpflanze\/brasilianische-wasserpest\/\">Brasilianische Wasserpest<\/a><\/td><\/tr><tr><td><a href=\"https:\/\/www.zuurstofplanten.net\/de\/sauerstoffpflanzen-lateinisch\/kanadische-efeublume\/\">Kanadische Waldrebe (Elodea Canadensis)<\/a><\/td><td><a href=\"https:\/\/www.zuurstofplanten.net\/de\/sauerstoffpflanzen\/wasserpflanze\/breitblattrige-wasserpest\/\">Breitbl\u00e4ttriges Wassergras<\/a><\/td><\/tr><tr><td><a href=\"https:\/\/www.zuurstofplanten.net\/de\/sauerstoffpflanzen-lateinisch\/elodea-nuttallii\/\">Elodea Nuttallii<\/a><\/td><td><a href=\"https:\/\/www.zuurstofplanten.net\/de\/sauerstoffpflanzen\/wasserpflanze\/schmales-wassergras\/\">Schmales Wassergras<\/a><\/td><\/tr><tr><td><a href=\"https:\/\/www.zuurstofplanten.net\/de\/sauerstoffpflanzen-lateinisch\/antipyretische-fontinalis\/\">Fontinalis Antipyretika<\/a><\/td><td><a href=\"https:\/\/www.zuurstofplanten.net\/de\/sauerstoffpflanzen\/federmoos\/\">Fr\u00fchling Moos<\/a><\/td><\/tr><tr><td><a href=\"https:\/\/www.zuurstofplanten.net\/de\/sauerstoffpflanzen-lateinisch\/hottonia-palustris\/\">Hottonia palustris<\/a><\/td><td><a href=\"https:\/\/www.zuurstofplanten.net\/de\/sauerstoffpflanzen\/wasserviolett\/\">Wasserviolier<\/a><\/td><\/tr><tr><td><a href=\"https:\/\/www.zuurstofplanten.net\/de\/sauerstoffpflanzen-lateinisch\/myriophyllum-spicatum\/\">Myriophyllum spicatum<\/a><\/td><td><a href=\"https:\/\/www.zuurstofplanten.net\/de\/sauerstoffpflanzen\/federgras\/\">Topinambur<\/a><\/td><\/tr><tr><td><a href=\"https:\/\/www.zuurstofplanten.net\/de\/sauerstoffpflanzen-lateinisch\/potamogeton-lucens\/\">Potamogeton Lucens<\/a><\/td><td><a href=\"https:\/\/www.zuurstofplanten.net\/de\/sauerstoffpflanzen\/laichkraut\/glanzendes-laichkraut\/\">Gl\u00e4nzendes Teichkraut<\/a><\/td><\/tr><tr><td><a href=\"https:\/\/www.zuurstofplanten.net\/de\/sauerstoffpflanzen-lateinisch\/wasser-hahnenfus-ranunculus-aquatilis\/\">Hahnenfu\u00df (Ranunculus aquatilis)<\/a><\/td><td><a href=\"https:\/\/www.zuurstofplanten.net\/de\/sauerstoffpflanzen\/wasserrebe\/\">Wasserrebe<\/a><\/td><\/tr><tr><td><a href=\"https:\/\/www.zuurstofplanten.net\/de\/sauerstoffpflanzen-lateinisch\/acorus-calamus\/\">Acorus calamus<\/a><\/td><td><a href=\"https:\/\/www.zuurstofplanten.net\/de\/helophyten\/kalmus-2\/\">Calamus<\/a><\/td><\/tr><tr><td><a href=\"https:\/\/www.zuurstofplanten.net\/de\/sauerstoffpflanzen-lateinisch\/iris-pseudacorus\/\">Pseudacorus-Schwertlilie<\/a><\/td><td><a href=\"https:\/\/www.zuurstofplanten.net\/de\/helophyten\/gelbe-lisette\/\">Gelbe Lis<\/a><\/td><\/tr><\/tbody><\/table>\t\t\t\t\t\t\t\t<\/div>\n\t\t\t\t<\/div>\n\t\t\t\t\t<\/div>\n\t\t\t\t<\/div>\n\t\t\t\t<\/div>","protected":false},"excerpt":{"rendered":"<p>Sauerstoffpflanzen lateinischer Name Sauerstoffpflanzen + lateinischer Name Sauerstoffpflanzen bzw. untergetauchte Wasserpflanzen sind f\u00fcr Wasserspiele und Teiche sehr wichtig. Sie f\u00fcgen dem Wasser Sauerstoff hinzu und sorgen f\u00fcr Artenvielfalt. Au\u00dferdem konkurrieren sie mit den Algen um die N\u00e4hrstoffe. So bleibt das Wasser in Ihrem Teich klar und gesund. Besonders bei der Bepflanzung von Teichen mit [...]<\/p>","protected":false},"author":4,"featured_media":0,"parent":0,"menu_order":3,"comment_status":"closed","ping_status":"closed","template":"elementor_header_footer","meta":{"_acf_changed":false,"iawp_total_views":85,"footnotes":""},"class_list":["post-571","page","type-page","status-publish","hentry"],"acf":[],"yoast_head":"<!-- This site is optimized with the Yoast SEO plugin v25.5 - https:\/\/yoast.com\/wordpress\/plugins\/seo\/ -->\n<title>Latijnse soortnamen - Zuurstofplanten.net<\/title>\n<meta name=\"description\" content=\"Zie hier een overzicht van zuurstofplanten en hun Latijnse benaming. Meer info over zuurstof-, oever- en drijfplanten kunt u hier vinden.\" \/>\n<meta name=\"robots\" content=\"index, follow, max-snippet:-1, max-image-preview:large, max-video-preview:-1\" \/>\n<link rel=\"canonical\" href=\"https:\/\/www.zuurstofplanten.net\/de\/sauerstoffpflanzen-lateinisch\/\" \/>\n<meta property=\"og:locale\" content=\"de_DE\" \/>\n<meta property=\"og:type\" content=\"article\" \/>\n<meta property=\"og:title\" content=\"Latijnse soortnamen - Zuurstofplanten.net\" \/>\n<meta property=\"og:description\" content=\"Zie hier een overzicht van zuurstofplanten en hun Latijnse benaming. Meer info over zuurstof-, oever- en drijfplanten kunt u hier vinden.\" \/>\n<meta property=\"og:url\" content=\"https:\/\/www.zuurstofplanten.net\/de\/sauerstoffpflanzen-lateinisch\/\" \/>\n<meta property=\"og:site_name\" content=\"Zuurstofplanten.net\" \/>\n<meta property=\"article:modified_time\" content=\"2025-06-04T08:12:23+00:00\" \/>\n<meta property=\"og:image\" content=\"https:\/\/www.zuurstofplanten.net\/wp-content\/uploads\/2024\/10\/krabbescheer-2.jpg\" \/>\n\t<meta property=\"og:image:width\" content=\"650\" \/>\n\t<meta property=\"og:image:height\" content=\"487\" \/>\n\t<meta property=\"og:image:type\" content=\"image\/jpeg\" \/>\n<meta name=\"twitter:card\" content=\"summary_large_image\" \/>\n<meta name=\"twitter:label1\" content=\"Gesch\u00e4tzte Lesezeit\" \/>\n\t<meta name=\"twitter:data1\" content=\"1\u00a0Minute\" \/>\n<script type=\"application\/ld+json\" class=\"yoast-schema-graph\">{\"@context\":\"https:\/\/schema.org\",\"@graph\":[{\"@type\":\"WebPage\",\"@id\":\"https:\/\/www.zuurstofplanten.net\/zuurstofplanten-latijns\/\",\"url\":\"https:\/\/www.zuurstofplanten.net\/zuurstofplanten-latijns\/\",\"name\":\"Latijnse soortnamen - Zuurstofplanten.net\",\"isPartOf\":{\"@id\":\"https:\/\/www.zuurstofplanten.net\/#website\"},\"primaryImageOfPage\":{\"@id\":\"https:\/\/www.zuurstofplanten.net\/zuurstofplanten-latijns\/#primaryimage\"},\"image\":{\"@id\":\"https:\/\/www.zuurstofplanten.net\/zuurstofplanten-latijns\/#primaryimage\"},\"thumbnailUrl\":\"https:\/\/www.zuurstofplanten.net\/wp-content\/uploads\/2024\/10\/krabbescheer-2.jpg\",\"datePublished\":\"2024-10-11T14:28:01+00:00\",\"dateModified\":\"2025-06-04T08:12:23+00:00\",\"description\":\"Zie hier een overzicht van zuurstofplanten en hun Latijnse benaming. Meer info over zuurstof-, oever- en drijfplanten kunt u hier vinden.\",\"breadcrumb\":{\"@id\":\"https:\/\/www.zuurstofplanten.net\/zuurstofplanten-latijns\/#breadcrumb\"},\"inLanguage\":\"de\",\"potentialAction\":[{\"@type\":\"ReadAction\",\"target\":[\"https:\/\/www.zuurstofplanten.net\/zuurstofplanten-latijns\/\"]}]},{\"@type\":\"ImageObject\",\"inLanguage\":\"de\",\"@id\":\"https:\/\/www.zuurstofplanten.net\/zuurstofplanten-latijns\/#primaryimage\",\"url\":\"https:\/\/www.zuurstofplanten.net\/wp-content\/uploads\/2024\/10\/krabbescheer-2.jpg\",\"contentUrl\":\"https:\/\/www.zuurstofplanten.net\/wp-content\/uploads\/2024\/10\/krabbescheer-2.jpg\"},{\"@type\":\"BreadcrumbList\",\"@id\":\"https:\/\/www.zuurstofplanten.net\/zuurstofplanten-latijns\/#breadcrumb\",\"itemListElement\":[{\"@type\":\"ListItem\",\"position\":1,\"name\":\"Home\",\"item\":\"https:\/\/www.zuurstofplanten.net\/\"},{\"@type\":\"ListItem\",\"position\":2,\"name\":\"Latijnse soortnamen\"}]},{\"@type\":\"WebSite\",\"@id\":\"https:\/\/www.zuurstofplanten.net\/#website\",\"url\":\"https:\/\/www.zuurstofplanten.net\/\",\"name\":\"Zuurstofplanten.net\",\"description\":\"\",\"publisher\":{\"@id\":\"https:\/\/www.zuurstofplanten.net\/#organization\"},\"potentialAction\":[{\"@type\":\"SearchAction\",\"target\":{\"@type\":\"EntryPoint\",\"urlTemplate\":\"https:\/\/www.zuurstofplanten.net\/?s={search_term_string}\"},\"query-input\":{\"@type\":\"PropertyValueSpecification\",\"valueRequired\":true,\"valueName\":\"search_term_string\"}}],\"inLanguage\":\"de\"},{\"@type\":\"Organization\",\"@id\":\"https:\/\/www.zuurstofplanten.net\/#organization\",\"name\":\"Zuurstofplanten.net\",\"url\":\"https:\/\/www.zuurstofplanten.net\/\",\"logo\":{\"@type\":\"ImageObject\",\"inLanguage\":\"de\",\"@id\":\"https:\/\/www.zuurstofplanten.net\/#\/schema\/logo\/image\/\",\"url\":\"https:\/\/www.zuurstofplanten.net\/wp-content\/uploads\/2024\/10\/zuurstofplanten-logo-1.jpg\",\"contentUrl\":\"https:\/\/www.zuurstofplanten.net\/wp-content\/uploads\/2024\/10\/zuurstofplanten-logo-1.jpg\",\"width\":180,\"height\":60,\"caption\":\"Zuurstofplanten.net\"},\"image\":{\"@id\":\"https:\/\/www.zuurstofplanten.net\/#\/schema\/logo\/image\/\"}}]}<\/script>\n<!-- \/ Yoast SEO plugin. -->","yoast_head_json":{"title":"Lateinische Artennamen - Oxygenplants.net","description":"Eine \u00dcbersicht \u00fcber Sauerstoffpflanzen und ihre lateinischen Namen finden Sie hier. Weitere Informationen \u00fcber Sauerstoffpflanzen, Uferpflanzen und Schwimmpflanzen finden Sie hier.","robots":{"index":"index","follow":"follow","max-snippet":"max-snippet:-1","max-image-preview":"max-image-preview:large","max-video-preview":"max-video-preview:-1"},"canonical":"https:\/\/www.zuurstofplanten.net\/de\/sauerstoffpflanzen-lateinisch\/","og_locale":"de_DE","og_type":"article","og_title":"Latijnse soortnamen - Zuurstofplanten.net","og_description":"Zie hier een overzicht van zuurstofplanten en hun Latijnse benaming. Meer info over zuurstof-, oever- en drijfplanten kunt u hier vinden.","og_url":"https:\/\/www.zuurstofplanten.net\/de\/sauerstoffpflanzen-lateinisch\/","og_site_name":"Zuurstofplanten.net","article_modified_time":"2025-06-04T08:12:23+00:00","og_image":[{"width":650,"height":487,"url":"https:\/\/www.zuurstofplanten.net\/wp-content\/uploads\/2024\/10\/krabbescheer-2.jpg","type":"image\/jpeg"}],"twitter_card":"summary_large_image","twitter_misc":{"Gesch\u00e4tzte Lesezeit":"1\u00a0Minute"},"schema":{"@context":"https:\/\/schema.org","@graph":[{"@type":"WebPage","@id":"https:\/\/www.zuurstofplanten.net\/zuurstofplanten-latijns\/","url":"https:\/\/www.zuurstofplanten.net\/zuurstofplanten-latijns\/","name":"Lateinische Artennamen - Oxygenplants.net","isPartOf":{"@id":"https:\/\/www.zuurstofplanten.net\/#website"},"primaryImageOfPage":{"@id":"https:\/\/www.zuurstofplanten.net\/zuurstofplanten-latijns\/#primaryimage"},"image":{"@id":"https:\/\/www.zuurstofplanten.net\/zuurstofplanten-latijns\/#primaryimage"},"thumbnailUrl":"https:\/\/www.zuurstofplanten.net\/wp-content\/uploads\/2024\/10\/krabbescheer-2.jpg","datePublished":"2024-10-11T14:28:01+00:00","dateModified":"2025-06-04T08:12:23+00:00","description":"Eine \u00dcbersicht \u00fcber Sauerstoffpflanzen und ihre lateinischen Namen finden Sie hier. Weitere Informationen \u00fcber Sauerstoffpflanzen, Uferpflanzen und Schwimmpflanzen finden Sie hier.","breadcrumb":{"@id":"https:\/\/www.zuurstofplanten.net\/zuurstofplanten-latijns\/#breadcrumb"},"inLanguage":"de","potentialAction":[{"@type":"ReadAction","target":["https:\/\/www.zuurstofplanten.net\/zuurstofplanten-latijns\/"]}]},{"@type":"ImageObject","inLanguage":"de","@id":"https:\/\/www.zuurstofplanten.net\/zuurstofplanten-latijns\/#primaryimage","url":"https:\/\/www.zuurstofplanten.net\/wp-content\/uploads\/2024\/10\/krabbescheer-2.jpg","contentUrl":"https:\/\/www.zuurstofplanten.net\/wp-content\/uploads\/2024\/10\/krabbescheer-2.jpg"},{"@type":"BreadcrumbList","@id":"https:\/\/www.zuurstofplanten.net\/zuurstofplanten-latijns\/#breadcrumb","itemListElement":[{"@type":"ListItem","position":1,"name":"Home","item":"https:\/\/www.zuurstofplanten.net\/"},{"@type":"ListItem","position":2,"name":"Latijnse soortnamen"}]},{"@type":"WebSite","@id":"https:\/\/www.zuurstofplanten.net\/#website","url":"https:\/\/www.zuurstofplanten.net\/","name":"Zuurstofplanten.net","description":"","publisher":{"@id":"https:\/\/www.zuurstofplanten.net\/#organization"},"potentialAction":[{"@type":"SearchAction","target":{"@type":"EntryPoint","urlTemplate":"https:\/\/www.zuurstofplanten.net\/?s={search_term_string}"},"query-input":{"@type":"PropertyValueSpecification","valueRequired":true,"valueName":"search_term_string"}}],"inLanguage":"de"},{"@type":"Organization","@id":"https:\/\/www.zuurstofplanten.net\/#organization","name":"Zuurstofplanten.net","url":"https:\/\/www.zuurstofplanten.net\/","logo":{"@type":"ImageObject","inLanguage":"de","@id":"https:\/\/www.zuurstofplanten.net\/#\/schema\/logo\/image\/","url":"https:\/\/www.zuurstofplanten.net\/wp-content\/uploads\/2024\/10\/zuurstofplanten-logo-1.jpg","contentUrl":"https:\/\/www.zuurstofplanten.net\/wp-content\/uploads\/2024\/10\/zuurstofplanten-logo-1.jpg","width":180,"height":60,"caption":"Zuurstofplanten.net"},"image":{"@id":"https:\/\/www.zuurstofplanten.net\/#\/schema\/logo\/image\/"}}]}},"_links":{"self":[{"href":"https:\/\/www.zuurstofplanten.net\/de\/wp-json\/wp\/v2\/pages\/571"}],"collection":[{"href":"https:\/\/www.zuurstofplanten.net\/de\/wp-json\/wp\/v2\/pages"}],"about":[{"href":"https:\/\/www.zuurstofplanten.net\/de\/wp-json\/wp\/v2\/types\/page"}],"author":[{"embeddable":true,"href":"https:\/\/www.zuurstofplanten.net\/de\/wp-json\/wp\/v2\/users\/4"}],"replies":[{"embeddable":true,"href":"https:\/\/www.zuurstofplanten.net\/de\/wp-json\/wp\/v2\/comments?post=571"}],"version-history":[{"count":19,"href":"https:\/\/www.zuurstofplanten.net\/de\/wp-json\/wp\/v2\/pages\/571\/revisions"}],"predecessor-version":[{"id":2038,"href":"https:\/\/www.zuurstofplanten.net\/de\/wp-json\/wp\/v2\/pages\/571\/revisions\/2038"}],"wp:attachment":[{"href":"https:\/\/www.zuurstofplanten.net\/de\/wp-json\/wp\/v2\/media?parent=571"}],"curies":[{"name":"wp","href":"https:\/\/api.w.org\/{rel}","templated":true}]}}