{"id":565,"date":"2024-10-11T14:25:16","date_gmt":"2024-10-11T14:25:16","guid":{"rendered":"https:\/\/baselinkhosting.nl\/zuurstofplanten\/?page_id=565"},"modified":"2024-10-11T14:26:45","modified_gmt":"2024-10-11T14:26:45","slug":"warum-ihre-waschmaschine-stinkt-und-wie-man-sie-endgultig-loswird","status":"publish","type":"page","link":"https:\/\/www.zuurstofplanten.net\/de\/blog\/warum-ihre-waschmaschine-stinkt-und-wie-man-sie-endgultig-loswird\/","title":{"rendered":"Warum stinkt Ihre Waschmaschine und wie man sie endg\u00fcltig loswird!"},"content":{"rendered":"<div data-elementor-type=\"wp-page\" data-elementor-id=\"565\" class=\"elementor elementor-565\" data-elementor-post-type=\"page\">\n\t\t\t\t<div class=\"elementor-element elementor-element-7b64090 e-flex e-con-boxed e-con e-parent\" data-id=\"7b64090\" data-element_type=\"container\" data-e-type=\"container\">\n\t\t\t\t\t<div class=\"e-con-inner\">\n\t\t\t\t<div class=\"elementor-element elementor-element-dd6e739 elementor-widget elementor-widget-image\" data-id=\"dd6e739\" data-element_type=\"widget\" data-e-type=\"widget\" data-widget_type=\"image.default\">\n\t\t\t\t<div class=\"elementor-widget-container\">\n\t\t\t\t\t\t\t\t\t\t\t\t\t\t\t<img fetchpriority=\"high\" decoding=\"async\" width=\"800\" height=\"533\" src=\"https:\/\/www.zuurstofplanten.net\/wp-content\/uploads\/2024\/10\/pexels-ekaterina-belinskaya-4700400-scaled-2-1024x682.jpg\" class=\"attachment-large size-large wp-image-496\" alt=\"\" srcset=\"https:\/\/www.zuurstofplanten.net\/wp-content\/uploads\/2024\/10\/pexels-ekaterina-belinskaya-4700400-scaled-2-1024x682.jpg 1024w, https:\/\/www.zuurstofplanten.net\/wp-content\/uploads\/2024\/10\/pexels-ekaterina-belinskaya-4700400-scaled-2-300x200.jpg 300w, https:\/\/www.zuurstofplanten.net\/wp-content\/uploads\/2024\/10\/pexels-ekaterina-belinskaya-4700400-scaled-2-768x512.jpg 768w, https:\/\/www.zuurstofplanten.net\/wp-content\/uploads\/2024\/10\/pexels-ekaterina-belinskaya-4700400-scaled-2-1536x1024.jpg 1536w, https:\/\/www.zuurstofplanten.net\/wp-content\/uploads\/2024\/10\/pexels-ekaterina-belinskaya-4700400-scaled-2-2048x1365.jpg 2048w\" sizes=\"(max-width: 800px) 100vw, 800px\" \/>\t\t\t\t\t\t\t\t\t\t\t\t\t\t\t<\/div>\n\t\t\t\t<\/div>\n\t\t\t\t<div class=\"elementor-element elementor-element-46de202 elementor-widget elementor-widget-heading\" data-id=\"46de202\" data-element_type=\"widget\" data-e-type=\"widget\" data-widget_type=\"heading.default\">\n\t\t\t\t<div class=\"elementor-widget-container\">\n\t\t\t\t\t<h1 class=\"elementor-heading-title elementor-size-default\">Warum stinkt Ihre Waschmaschine und wie man sie endg\u00fcltig loswird!<\/h1>\t\t\t\t<\/div>\n\t\t\t\t<\/div>\n\t\t\t\t<div class=\"elementor-element elementor-element-a0a57d8 elementor-widget elementor-widget-text-editor\" data-id=\"a0a57d8\" data-element_type=\"widget\" data-e-type=\"widget\" data-widget_type=\"text-editor.default\">\n\t\t\t\t<div class=\"elementor-widget-container\">\n\t\t\t\t\t\t\t\t\t<p>Ein unangenehmer Geruch aus der Waschmaschine ist ein h\u00e4ufiges Problem, mit dem viele Hausbesitzer konfrontiert sind. Die Ursache f\u00fcr diesen l\u00e4stigen Geruch liegt oft im Abfluss der Waschmaschine. In diesem Artikel wird das Ph\u00e4nomen einer stinkenden Waschmaschine er\u00f6rtert und <a href=\"https:\/\/www.dosingpump.shop\">detaillierte L\u00f6sungen<\/a> bieten, um diese \u00fcbelriechenden Probleme ein f\u00fcr alle Mal loszuwerden.<\/p>\t\t\t\t\t\t\t\t<\/div>\n\t\t\t\t<\/div>\n\t\t\t\t<div class=\"elementor-element elementor-element-581c838 elementor-widget elementor-widget-heading\" data-id=\"581c838\" data-element_type=\"widget\" data-e-type=\"widget\" data-widget_type=\"heading.default\">\n\t\t\t\t<div class=\"elementor-widget-container\">\n\t\t\t\t\t<h2 class=\"elementor-heading-title elementor-size-default\">Ursachen f\u00fcr einen stinkenden Abfluss<\/h2>\t\t\t\t<\/div>\n\t\t\t\t<\/div>\n\t\t\t\t<div class=\"elementor-element elementor-element-9690004 elementor-widget elementor-widget-text-editor\" data-id=\"9690004\" data-element_type=\"widget\" data-e-type=\"widget\" data-widget_type=\"text-editor.default\">\n\t\t\t\t<div class=\"elementor-widget-container\">\n\t\t\t\t\t\t\t\t\t<p>Ein subtilerer Ansatz zum Verst\u00e4ndnis des Problems einer stinkenden Waschmaschine besteht darin, die Ursachen f\u00fcr den unangenehmen Geruch zu ermitteln. Die Ansammlung von Schmutz, Seifenresten und verstopften Rohren kann zu einem unangenehmen Geruch im Abfluss Ihrer Waschmaschine f\u00fchren. Das stagnierende Wasser im Abfluss kann auch die perfekte Umgebung f\u00fcr Schimmel und Bakterienwachstum schaffen.<\/p>\t\t\t\t\t\t\t\t<\/div>\n\t\t\t\t<\/div>\n\t\t\t\t<div class=\"elementor-element elementor-element-ca3c4b0 elementor-widget elementor-widget-heading\" data-id=\"ca3c4b0\" data-element_type=\"widget\" data-e-type=\"widget\" data-widget_type=\"heading.default\">\n\t\t\t\t<div class=\"elementor-widget-container\">\n\t\t\t\t\t<h2 class=\"elementor-heading-title elementor-size-default\">Wirksamer Ansatz zur L\u00f6sung des Problems<\/h2>\t\t\t\t<\/div>\n\t\t\t\t<\/div>\n\t\t\t\t<div class=\"elementor-element elementor-element-502c43d elementor-widget elementor-widget-text-editor\" data-id=\"502c43d\" data-element_type=\"widget\" data-e-type=\"widget\" data-widget_type=\"text-editor.default\">\n\t\t\t\t<div class=\"elementor-widget-container\">\n\t\t\t\t\t\t\t\t\t<p>Um das Problem einer <a href=\"https:\/\/dutchwatertech.net\/nl\/kenniscentrum\/afvoer-wasmachine-stinkt\/\">stinkende Waschmaschine<\/a> ist es wichtig, einen subtileren Ansatz zu w\u00e4hlen. Regelm\u00e4\u00dfige Wartung ist unerl\u00e4sslich; verwenden Sie zum Beispiel <a href=\"https:\/\/dutchwatertech.net\/nl\/product\/roebic-onderhoud-wasmachine-afvoer-k87\/\">Roebic K87<\/a>. Dies ist 100% organische und \u00f6kologische Produkt ist speziell entwickelt, um Seife und Fettreste abzubauen. Es wird sogar in professionellen W\u00e4schereien verwendet, was seine Qualit\u00e4t unterstreicht.<\/p>\t\t\t\t\t\t\t\t<\/div>\n\t\t\t\t<\/div>\n\t\t\t\t<div class=\"elementor-element elementor-element-7c44f30 elementor-widget elementor-widget-heading\" data-id=\"7c44f30\" data-element_type=\"widget\" data-e-type=\"widget\" data-widget_type=\"heading.default\">\n\t\t\t\t<div class=\"elementor-widget-container\">\n\t\t\t\t\t<h2 class=\"elementor-heading-title elementor-size-default\">Den stinkenden Geruch loswerden<\/h2>\t\t\t\t<\/div>\n\t\t\t\t<\/div>\n\t\t\t\t<div class=\"elementor-element elementor-element-5ea39dd elementor-widget elementor-widget-text-editor\" data-id=\"5ea39dd\" data-element_type=\"widget\" data-e-type=\"widget\" data-widget_type=\"text-editor.default\">\n\t\t\t\t<div class=\"elementor-widget-container\">\n\t\t\t\t\t\t\t\t\t<p>Der Umgang mit einer stinkenden Waschmaschine erfordert eine sorgf\u00e4ltige Vorgehensweise, aber mit regelm\u00e4\u00dfiger Wartung und effektiven Reinigungsmethoden k\u00f6nnen Sie diesen unangenehmen Geruch ein f\u00fcr alle Mal loswerden. Wenn Sie das spezifische Problem der stinkenden Waschmaschine angehen, k\u00f6nnen Sie sich bei jedem Waschgang \u00fcber einen lang anhaltenden frischen Geruch freuen.<\/p>\t\t\t\t\t\t\t\t<\/div>\n\t\t\t\t<\/div>\n\t\t\t\t\t<\/div>\n\t\t\t\t<\/div>\n\t\t\t\t<\/div>","protected":false},"excerpt":{"rendered":"<p>Waarom stinkt je wasmachine en hoe je er voorgoed vanaf kunt komen! Een onaangename geur die uit je wasmachine komt, is een veelvoorkomend probleem waar veel huiseigenaren mee te maken krijgen. De bron van deze hinderlijke geur ligt vaak in de afvoer van de wasmachine. Dit artikel zal ingaan op het fenomeen van een stinkende [&hellip;]<\/p>","protected":false},"author":4,"featured_media":0,"parent":476,"menu_order":5,"comment_status":"closed","ping_status":"closed","template":"elementor_header_footer","meta":{"_acf_changed":false,"iawp_total_views":11,"footnotes":""},"class_list":["post-565","page","type-page","status-publish","hentry"],"acf":[],"yoast_head":"<!-- This site is optimized with the Yoast SEO plugin v25.5 - https:\/\/yoast.com\/wordpress\/plugins\/seo\/ -->\n<title>Waarom stinkt je wasmachine en hoe je er voorgoed vanaf kunt komen! - Zuurstofplanten.net<\/title>\n<meta name=\"robots\" content=\"index, follow, max-snippet:-1, max-image-preview:large, max-video-preview:-1\" \/>\n<link rel=\"canonical\" href=\"https:\/\/www.zuurstofplanten.net\/de\/blog\/warum-ihre-waschmaschine-stinkt-und-wie-man-sie-endgultig-loswird\/\" \/>\n<meta property=\"og:locale\" content=\"de_DE\" \/>\n<meta property=\"og:type\" content=\"article\" \/>\n<meta property=\"og:title\" content=\"Waarom stinkt je wasmachine en hoe je er voorgoed vanaf kunt komen! - Zuurstofplanten.net\" \/>\n<meta property=\"og:description\" content=\"Waarom stinkt je wasmachine en hoe je er voorgoed vanaf kunt komen! Een onaangename geur die uit je wasmachine komt, is een veelvoorkomend probleem waar veel huiseigenaren mee te maken krijgen. De bron van deze hinderlijke geur ligt vaak in de afvoer van de wasmachine. Dit artikel zal ingaan op het fenomeen van een stinkende [&hellip;]\" \/>\n<meta property=\"og:url\" content=\"https:\/\/www.zuurstofplanten.net\/de\/blog\/warum-ihre-waschmaschine-stinkt-und-wie-man-sie-endgultig-loswird\/\" \/>\n<meta property=\"og:site_name\" content=\"Zuurstofplanten.net\" \/>\n<meta property=\"article:modified_time\" content=\"2024-10-11T14:26:45+00:00\" \/>\n<meta property=\"og:image\" content=\"https:\/\/baselinkhosting.nl\/zuurstofplanten\/wp-content\/uploads\/2024\/10\/pexels-ekaterina-belinskaya-4700400-scaled-2-1024x682.jpg\" \/>\n<meta name=\"twitter:card\" content=\"summary_large_image\" \/>\n<meta name=\"twitter:label1\" content=\"Gesch\u00e4tzte Lesezeit\" \/>\n\t<meta name=\"twitter:data1\" content=\"2\u00a0Minuten\" \/>\n<script type=\"application\/ld+json\" class=\"yoast-schema-graph\">{\"@context\":\"https:\/\/schema.org\",\"@graph\":[{\"@type\":\"WebPage\",\"@id\":\"https:\/\/www.zuurstofplanten.net\/blog\/waarom-stinkt-je-wasmachine-en-hoe-je-er-voorgoed-vanaf-kunt-komen\/\",\"url\":\"https:\/\/www.zuurstofplanten.net\/blog\/waarom-stinkt-je-wasmachine-en-hoe-je-er-voorgoed-vanaf-kunt-komen\/\",\"name\":\"Waarom stinkt je wasmachine en hoe je er voorgoed vanaf kunt komen! - Zuurstofplanten.net\",\"isPartOf\":{\"@id\":\"https:\/\/www.zuurstofplanten.net\/#website\"},\"primaryImageOfPage\":{\"@id\":\"https:\/\/www.zuurstofplanten.net\/blog\/waarom-stinkt-je-wasmachine-en-hoe-je-er-voorgoed-vanaf-kunt-komen\/#primaryimage\"},\"image\":{\"@id\":\"https:\/\/www.zuurstofplanten.net\/blog\/waarom-stinkt-je-wasmachine-en-hoe-je-er-voorgoed-vanaf-kunt-komen\/#primaryimage\"},\"thumbnailUrl\":\"https:\/\/baselinkhosting.nl\/zuurstofplanten\/wp-content\/uploads\/2024\/10\/pexels-ekaterina-belinskaya-4700400-scaled-2-1024x682.jpg\",\"datePublished\":\"2024-10-11T14:25:16+00:00\",\"dateModified\":\"2024-10-11T14:26:45+00:00\",\"breadcrumb\":{\"@id\":\"https:\/\/www.zuurstofplanten.net\/blog\/waarom-stinkt-je-wasmachine-en-hoe-je-er-voorgoed-vanaf-kunt-komen\/#breadcrumb\"},\"inLanguage\":\"de\",\"potentialAction\":[{\"@type\":\"ReadAction\",\"target\":[\"https:\/\/www.zuurstofplanten.net\/blog\/waarom-stinkt-je-wasmachine-en-hoe-je-er-voorgoed-vanaf-kunt-komen\/\"]}]},{\"@type\":\"ImageObject\",\"inLanguage\":\"de\",\"@id\":\"https:\/\/www.zuurstofplanten.net\/blog\/waarom-stinkt-je-wasmachine-en-hoe-je-er-voorgoed-vanaf-kunt-komen\/#primaryimage\",\"url\":\"https:\/\/baselinkhosting.nl\/zuurstofplanten\/wp-content\/uploads\/2024\/10\/pexels-ekaterina-belinskaya-4700400-scaled-2-1024x682.jpg\",\"contentUrl\":\"https:\/\/baselinkhosting.nl\/zuurstofplanten\/wp-content\/uploads\/2024\/10\/pexels-ekaterina-belinskaya-4700400-scaled-2-1024x682.jpg\"},{\"@type\":\"BreadcrumbList\",\"@id\":\"https:\/\/www.zuurstofplanten.net\/blog\/waarom-stinkt-je-wasmachine-en-hoe-je-er-voorgoed-vanaf-kunt-komen\/#breadcrumb\",\"itemListElement\":[{\"@type\":\"ListItem\",\"position\":1,\"name\":\"Home\",\"item\":\"https:\/\/www.zuurstofplanten.net\/\"},{\"@type\":\"ListItem\",\"position\":2,\"name\":\"Blog\",\"item\":\"https:\/\/www.zuurstofplanten.net\/?page_id=476\"},{\"@type\":\"ListItem\",\"position\":3,\"name\":\"Waarom stinkt je wasmachine en hoe je er voorgoed vanaf kunt komen!\"}]},{\"@type\":\"WebSite\",\"@id\":\"https:\/\/www.zuurstofplanten.net\/#website\",\"url\":\"https:\/\/www.zuurstofplanten.net\/\",\"name\":\"Zuurstofplanten.net\",\"description\":\"\",\"publisher\":{\"@id\":\"https:\/\/www.zuurstofplanten.net\/#organization\"},\"potentialAction\":[{\"@type\":\"SearchAction\",\"target\":{\"@type\":\"EntryPoint\",\"urlTemplate\":\"https:\/\/www.zuurstofplanten.net\/?s={search_term_string}\"},\"query-input\":{\"@type\":\"PropertyValueSpecification\",\"valueRequired\":true,\"valueName\":\"search_term_string\"}}],\"inLanguage\":\"de\"},{\"@type\":\"Organization\",\"@id\":\"https:\/\/www.zuurstofplanten.net\/#organization\",\"name\":\"Zuurstofplanten.net\",\"url\":\"https:\/\/www.zuurstofplanten.net\/\",\"logo\":{\"@type\":\"ImageObject\",\"inLanguage\":\"de\",\"@id\":\"https:\/\/www.zuurstofplanten.net\/#\/schema\/logo\/image\/\",\"url\":\"https:\/\/www.zuurstofplanten.net\/wp-content\/uploads\/2024\/10\/zuurstofplanten-logo-1.jpg\",\"contentUrl\":\"https:\/\/www.zuurstofplanten.net\/wp-content\/uploads\/2024\/10\/zuurstofplanten-logo-1.jpg\",\"width\":180,\"height\":60,\"caption\":\"Zuurstofplanten.net\"},\"image\":{\"@id\":\"https:\/\/www.zuurstofplanten.net\/#\/schema\/logo\/image\/\"}}]}<\/script>\n<!-- \/ Yoast SEO plugin. -->","yoast_head_json":{"title":"Warum stinkt Ihre Waschmaschine und wie man sie f\u00fcr immer loswird! - Oxygenplants.net","robots":{"index":"index","follow":"follow","max-snippet":"max-snippet:-1","max-image-preview":"max-image-preview:large","max-video-preview":"max-video-preview:-1"},"canonical":"https:\/\/www.zuurstofplanten.net\/de\/blog\/warum-ihre-waschmaschine-stinkt-und-wie-man-sie-endgultig-loswird\/","og_locale":"de_DE","og_type":"article","og_title":"Waarom stinkt je wasmachine en hoe je er voorgoed vanaf kunt komen! - Zuurstofplanten.net","og_description":"Waarom stinkt je wasmachine en hoe je er voorgoed vanaf kunt komen! Een onaangename geur die uit je wasmachine komt, is een veelvoorkomend probleem waar veel huiseigenaren mee te maken krijgen. De bron van deze hinderlijke geur ligt vaak in de afvoer van de wasmachine. Dit artikel zal ingaan op het fenomeen van een stinkende [&hellip;]","og_url":"https:\/\/www.zuurstofplanten.net\/de\/blog\/warum-ihre-waschmaschine-stinkt-und-wie-man-sie-endgultig-loswird\/","og_site_name":"Zuurstofplanten.net","article_modified_time":"2024-10-11T14:26:45+00:00","og_image":[{"url":"https:\/\/baselinkhosting.nl\/zuurstofplanten\/wp-content\/uploads\/2024\/10\/pexels-ekaterina-belinskaya-4700400-scaled-2-1024x682.jpg","type":"","width":"","height":""}],"twitter_card":"summary_large_image","twitter_misc":{"Gesch\u00e4tzte Lesezeit":"2\u00a0Minuten"},"schema":{"@context":"https:\/\/schema.org","@graph":[{"@type":"WebPage","@id":"https:\/\/www.zuurstofplanten.net\/blog\/waarom-stinkt-je-wasmachine-en-hoe-je-er-voorgoed-vanaf-kunt-komen\/","url":"https:\/\/www.zuurstofplanten.net\/blog\/waarom-stinkt-je-wasmachine-en-hoe-je-er-voorgoed-vanaf-kunt-komen\/","name":"Warum stinkt Ihre Waschmaschine und wie man sie f\u00fcr immer loswird! - Oxygenplants.net","isPartOf":{"@id":"https:\/\/www.zuurstofplanten.net\/#website"},"primaryImageOfPage":{"@id":"https:\/\/www.zuurstofplanten.net\/blog\/waarom-stinkt-je-wasmachine-en-hoe-je-er-voorgoed-vanaf-kunt-komen\/#primaryimage"},"image":{"@id":"https:\/\/www.zuurstofplanten.net\/blog\/waarom-stinkt-je-wasmachine-en-hoe-je-er-voorgoed-vanaf-kunt-komen\/#primaryimage"},"thumbnailUrl":"https:\/\/baselinkhosting.nl\/zuurstofplanten\/wp-content\/uploads\/2024\/10\/pexels-ekaterina-belinskaya-4700400-scaled-2-1024x682.jpg","datePublished":"2024-10-11T14:25:16+00:00","dateModified":"2024-10-11T14:26:45+00:00","breadcrumb":{"@id":"https:\/\/www.zuurstofplanten.net\/blog\/waarom-stinkt-je-wasmachine-en-hoe-je-er-voorgoed-vanaf-kunt-komen\/#breadcrumb"},"inLanguage":"de","potentialAction":[{"@type":"ReadAction","target":["https:\/\/www.zuurstofplanten.net\/blog\/waarom-stinkt-je-wasmachine-en-hoe-je-er-voorgoed-vanaf-kunt-komen\/"]}]},{"@type":"ImageObject","inLanguage":"de","@id":"https:\/\/www.zuurstofplanten.net\/blog\/waarom-stinkt-je-wasmachine-en-hoe-je-er-voorgoed-vanaf-kunt-komen\/#primaryimage","url":"https:\/\/baselinkhosting.nl\/zuurstofplanten\/wp-content\/uploads\/2024\/10\/pexels-ekaterina-belinskaya-4700400-scaled-2-1024x682.jpg","contentUrl":"https:\/\/baselinkhosting.nl\/zuurstofplanten\/wp-content\/uploads\/2024\/10\/pexels-ekaterina-belinskaya-4700400-scaled-2-1024x682.jpg"},{"@type":"BreadcrumbList","@id":"https:\/\/www.zuurstofplanten.net\/blog\/waarom-stinkt-je-wasmachine-en-hoe-je-er-voorgoed-vanaf-kunt-komen\/#breadcrumb","itemListElement":[{"@type":"ListItem","position":1,"name":"Home","item":"https:\/\/www.zuurstofplanten.net\/"},{"@type":"ListItem","position":2,"name":"Blog","item":"https:\/\/www.zuurstofplanten.net\/?page_id=476"},{"@type":"ListItem","position":3,"name":"Waarom stinkt je wasmachine en hoe je er voorgoed vanaf kunt komen!"}]},{"@type":"WebSite","@id":"https:\/\/www.zuurstofplanten.net\/#website","url":"https:\/\/www.zuurstofplanten.net\/","name":"Zuurstofplanten.net","description":"","publisher":{"@id":"https:\/\/www.zuurstofplanten.net\/#organization"},"potentialAction":[{"@type":"SearchAction","target":{"@type":"EntryPoint","urlTemplate":"https:\/\/www.zuurstofplanten.net\/?s={search_term_string}"},"query-input":{"@type":"PropertyValueSpecification","valueRequired":true,"valueName":"search_term_string"}}],"inLanguage":"de"},{"@type":"Organization","@id":"https:\/\/www.zuurstofplanten.net\/#organization","name":"Zuurstofplanten.net","url":"https:\/\/www.zuurstofplanten.net\/","logo":{"@type":"ImageObject","inLanguage":"de","@id":"https:\/\/www.zuurstofplanten.net\/#\/schema\/logo\/image\/","url":"https:\/\/www.zuurstofplanten.net\/wp-content\/uploads\/2024\/10\/zuurstofplanten-logo-1.jpg","contentUrl":"https:\/\/www.zuurstofplanten.net\/wp-content\/uploads\/2024\/10\/zuurstofplanten-logo-1.jpg","width":180,"height":60,"caption":"Zuurstofplanten.net"},"image":{"@id":"https:\/\/www.zuurstofplanten.net\/#\/schema\/logo\/image\/"}}]}},"_links":{"self":[{"href":"https:\/\/www.zuurstofplanten.net\/de\/wp-json\/wp\/v2\/pages\/565"}],"collection":[{"href":"https:\/\/www.zuurstofplanten.net\/de\/wp-json\/wp\/v2\/pages"}],"about":[{"href":"https:\/\/www.zuurstofplanten.net\/de\/wp-json\/wp\/v2\/types\/page"}],"author":[{"embeddable":true,"href":"https:\/\/www.zuurstofplanten.net\/de\/wp-json\/wp\/v2\/users\/4"}],"replies":[{"embeddable":true,"href":"https:\/\/www.zuurstofplanten.net\/de\/wp-json\/wp\/v2\/comments?post=565"}],"version-history":[{"count":4,"href":"https:\/\/www.zuurstofplanten.net\/de\/wp-json\/wp\/v2\/pages\/565\/revisions"}],"predecessor-version":[{"id":569,"href":"https:\/\/www.zuurstofplanten.net\/de\/wp-json\/wp\/v2\/pages\/565\/revisions\/569"}],"up":[{"embeddable":true,"href":"https:\/\/www.zuurstofplanten.net\/de\/wp-json\/wp\/v2\/pages\/476"}],"wp:attachment":[{"href":"https:\/\/www.zuurstofplanten.net\/de\/wp-json\/wp\/v2\/media?parent=565"}],"curies":[{"name":"wp","href":"https:\/\/api.w.org\/{rel}","templated":true}]}}