{"id":531,"date":"2024-10-11T14:06:25","date_gmt":"2024-10-11T14:06:25","guid":{"rendered":"https:\/\/baselinkhosting.nl\/zuurstofplanten\/?page_id=531"},"modified":"2024-10-11T14:21:08","modified_gmt":"2024-10-11T14:21:08","slug":"das-aufkommen-der-fliegen-in-der-kanalisation-und-wie-man-sie-endgultig-bekampft","status":"publish","type":"page","link":"https:\/\/www.zuurstofplanten.net\/de\/blog\/das-aufkommen-der-fliegen-in-der-kanalisation-und-wie-man-sie-endgultig-bekampft\/","title":{"rendered":"Das Aufkommen der Kanalisationsfliegen und wie man sie endg\u00fcltig bek\u00e4mpft"},"content":{"rendered":"<div data-elementor-type=\"wp-page\" data-elementor-id=\"531\" class=\"elementor elementor-531\" data-elementor-post-type=\"page\">\n\t\t\t\t<div class=\"elementor-element elementor-element-86d797f e-flex e-con-boxed e-con e-parent\" data-id=\"86d797f\" data-element_type=\"container\" data-e-type=\"container\">\n\t\t\t\t\t<div class=\"e-con-inner\">\n\t\t\t\t<div class=\"elementor-element elementor-element-c784b86 elementor-widget elementor-widget-image\" data-id=\"c784b86\" data-element_type=\"widget\" data-e-type=\"widget\" data-widget_type=\"image.default\">\n\t\t\t\t<div class=\"elementor-widget-container\">\n\t\t\t\t\t\t\t\t\t\t\t\t\t\t\t<img fetchpriority=\"high\" decoding=\"async\" width=\"768\" height=\"576\" src=\"https:\/\/www.zuurstofplanten.net\/wp-content\/uploads\/2024\/10\/pexels-victor-perez-709749-scaled-2-768x576.jpg\" class=\"attachment-medium_large size-medium_large wp-image-495\" alt=\"\" srcset=\"https:\/\/www.zuurstofplanten.net\/wp-content\/uploads\/2024\/10\/pexels-victor-perez-709749-scaled-2-768x576.jpg 768w, https:\/\/www.zuurstofplanten.net\/wp-content\/uploads\/2024\/10\/pexels-victor-perez-709749-scaled-2-300x225.jpg 300w, https:\/\/www.zuurstofplanten.net\/wp-content\/uploads\/2024\/10\/pexels-victor-perez-709749-scaled-2-1024x768.jpg 1024w, https:\/\/www.zuurstofplanten.net\/wp-content\/uploads\/2024\/10\/pexels-victor-perez-709749-scaled-2-1536x1152.jpg 1536w, https:\/\/www.zuurstofplanten.net\/wp-content\/uploads\/2024\/10\/pexels-victor-perez-709749-scaled-2-2048x1536.jpg 2048w\" sizes=\"(max-width: 768px) 100vw, 768px\" \/>\t\t\t\t\t\t\t\t\t\t\t\t\t\t\t<\/div>\n\t\t\t\t<\/div>\n\t\t\t\t<div class=\"elementor-element elementor-element-5992090 elementor-widget elementor-widget-text-editor\" data-id=\"5992090\" data-element_type=\"widget\" data-e-type=\"widget\" data-widget_type=\"text-editor.default\">\n\t\t\t\t<div class=\"elementor-widget-container\">\n\t\t\t\t\t\t\t\t\t<h1>Das Aufkommen der Kanalisationsfliegen und wie man sie endg\u00fcltig bek\u00e4mpft<\/h1><p>Fliegen in der Kanalisation sind ein h\u00e4ufiges Problem in Haushalten, und sie scheinen immer zu den unerw\u00fcnschtesten Zeiten aufzutauchen. In diesem Artikel tauchen wir tiefer in die Welt der Fliegen ein, erfahren, woher sie kommen, und er\u00f6rtern wirksame M\u00f6glichkeiten, sie endg\u00fcltig zu bek\u00e4mpfen.<\/p><h2><strong>Was sind Sewer Flys?<\/strong><\/h2><p>Abflussfliegen, auch Mottenfliegen genannt, sind winzige Fliegen, die h\u00e4ufig in der N\u00e4he von Abflussrohren und anderen feuchten Orten zu finden sind. Aber was macht diese winzigen Insekten so l\u00e4stig und wie erkennt man sie?<\/p><h3><strong>Merkmale von Kanalisationsfliegen<\/strong><\/h3><p>Sie sind klein, oft nicht gr\u00f6\u00dfer als ein paar Millimeter, und haben ein charakteristisches behaartes Aussehen. In diesem Abschnitt geht es um die besonderen Merkmale, die Sumpffliegen von anderen Fluginsekten unterscheiden.<\/p><h2><strong>Lebensraum der Sewer-Fliegen<\/strong><\/h2><p>Woher kommen diese Fliegen und warum scheinen sie sich in unseren Wohnungen so wohl zu f\u00fchlen? Wir tauchen tiefer in den Lebensraum der <a href=\"https:\/\/dutchwatertech.net\/nl\/kenniscentrum\/rioolvliegjes-oorzaak\/\">Fliegen in der Kanalisation<\/a> Sie zeigen die idealen Brutst\u00e4tten auf, in denen sie gedeihen.<\/p><h3><strong>Heim-Inkubatoren<\/strong><\/h3><p>Von verstopften Abfl\u00fcssen bis hin zu stehendem Wasser - entdecken Sie die Lieblingspl\u00e4tze der Fliegen, um ihre Eier abzulegen und sich zu vermehren. Wir bieten praktische Tipps, um diese Brutst\u00e4tten wirksam zu bek\u00e4mpfen.<\/p><h2><strong>Gefahren durch Kanalisationsfliegen<\/strong><\/h2><p>Auch wenn sie harmlos aussehen, k\u00f6nnen Abwasserm\u00fccken einige \u00fcberraschende Gefahren bergen. Erfahren Sie mehr \u00fcber die m\u00f6glichen Gesundheits- und Hygienerisiken, die von diesen winzigen Fliegen ausgehen.<\/p><h2><strong>Vorbeugen ist besser als heilen<\/strong><\/h2><p>Neben der Bek\u00e4mpfung bereits vorhandener Fliegen ist es wichtig, eine neue Invasion zu verhindern. Zum Beispiel <a href=\"https:\/\/dutchwatertech.net\/nl\/product\/drainpure\/\">Drainpure <\/a>gegen stinkende Gruben und F\u00e4kalienger\u00fcche im Haus.<\/p><h3><strong>Wartung von Abfl\u00fcssen<\/strong><\/h3><p>Warum ist eine regelm\u00e4\u00dfige Wartung des Abflusses so wichtig? In diesem Abschnitt wird erkl\u00e4rt, warum die Vermeidung von Verstopfungen der Schl\u00fcssel zu einem abflussfliegenfreien Haus ist.<\/p><h3><strong>Luftdichte Verschl\u00fcsse<\/strong><\/h3><p>Finden Sie heraus, wie das Abdichten potenzieller Eintrittsstellen eine wichtige Rolle bei der Verhinderung einer weiteren Invasion spielen kann. Wir geben praktische Tipps, wie Sie Ihr Haus luftdicht abschlie\u00dfen k\u00f6nnen.<\/p><p>Abflussfliegen k\u00f6nnen ein l\u00e4stiges Problem sein, aber mit dem richtigen Wissen und den richtigen Ma\u00dfnahmen k\u00f6nnen sie bek\u00e4mpft werden. Wenn Sie sich mit dem Lebensraum der Fliegen befassen, die Gefahren kennen und wirksame Bek\u00e4mpfungsmethoden anwenden, k\u00f6nnen Sie Ihr Zuhause frei von diesen unerw\u00fcnschten G\u00e4sten genie\u00dfen.<\/p>\t\t\t\t\t\t\t\t<\/div>\n\t\t\t\t<\/div>\n\t\t\t\t\t<\/div>\n\t\t\t\t<\/div>\n\t\t\t\t<\/div>","protected":false},"excerpt":{"rendered":"<p>Das Aufkommen der Fliegen in der Kanalisation und wie man sie endg\u00fcltig bek\u00e4mpft Fliegen in der Kanalisation sind ein h\u00e4ufiges Problem in Haushalten, und sie scheinen immer zu den unerw\u00fcnschtesten Zeiten aufzutauchen. In diesem Artikel tauchen wir tiefer in die Welt der Abflussfliegen ein, erfahren, woher sie kommen, und er\u00f6rtern wirksame Methoden zur [...]<\/p>","protected":false},"author":4,"featured_media":0,"parent":476,"menu_order":2,"comment_status":"closed","ping_status":"closed","template":"elementor_header_footer","meta":{"_acf_changed":false,"iawp_total_views":47,"footnotes":""},"class_list":["post-531","page","type-page","status-publish","hentry"],"acf":[],"yoast_head":"<!-- This site is optimized with the Yoast SEO plugin v25.5 - https:\/\/yoast.com\/wordpress\/plugins\/seo\/ -->\n<title>De Opkomst van Rioolvliegjes en Hoe Je Ze Voorgoed Kunt Bestrijden - Zuurstofplanten.net<\/title>\n<meta name=\"robots\" content=\"index, follow, max-snippet:-1, max-image-preview:large, max-video-preview:-1\" \/>\n<link rel=\"canonical\" href=\"https:\/\/www.zuurstofplanten.net\/de\/blog\/das-aufkommen-der-fliegen-in-der-kanalisation-und-wie-man-sie-endgultig-bekampft\/\" \/>\n<meta property=\"og:locale\" content=\"de_DE\" \/>\n<meta property=\"og:type\" content=\"article\" \/>\n<meta property=\"og:title\" content=\"De Opkomst van Rioolvliegjes en Hoe Je Ze Voorgoed Kunt Bestrijden - Zuurstofplanten.net\" \/>\n<meta property=\"og:description\" content=\"De Opkomst van Rioolvliegjes en Hoe Je Ze Voorgoed Kunt Bestrijden Rioolvliegjes zijn een veelvoorkomend probleem in huishoudens, en ze lijken altijd op te duiken op de meest ongewenste momenten. In dit artikel duiken we dieper in op de wereld van rioolvliegjes, ontdekken we waar ze vandaan komen en bespreken we effectieve manieren om ze [&hellip;]\" \/>\n<meta property=\"og:url\" content=\"https:\/\/www.zuurstofplanten.net\/de\/blog\/das-aufkommen-der-fliegen-in-der-kanalisation-und-wie-man-sie-endgultig-bekampft\/\" \/>\n<meta property=\"og:site_name\" content=\"Zuurstofplanten.net\" \/>\n<meta property=\"article:modified_time\" content=\"2024-10-11T14:21:08+00:00\" \/>\n<meta property=\"og:image\" content=\"https:\/\/baselinkhosting.nl\/zuurstofplanten\/wp-content\/uploads\/2024\/10\/pexels-victor-perez-709749-scaled-2-768x576.jpg\" \/>\n<meta name=\"twitter:card\" content=\"summary_large_image\" \/>\n<meta name=\"twitter:label1\" content=\"Gesch\u00e4tzte Lesezeit\" \/>\n\t<meta name=\"twitter:data1\" content=\"3\u00a0Minuten\" \/>\n<script type=\"application\/ld+json\" class=\"yoast-schema-graph\">{\"@context\":\"https:\/\/schema.org\",\"@graph\":[{\"@type\":\"WebPage\",\"@id\":\"https:\/\/www.zuurstofplanten.net\/blog\/de-opkomst-van-rioolvliegjes-en-hoe-je-ze-voorgoed-kunt-bestrijden\/\",\"url\":\"https:\/\/www.zuurstofplanten.net\/blog\/de-opkomst-van-rioolvliegjes-en-hoe-je-ze-voorgoed-kunt-bestrijden\/\",\"name\":\"De Opkomst van Rioolvliegjes en Hoe Je Ze Voorgoed Kunt Bestrijden - Zuurstofplanten.net\",\"isPartOf\":{\"@id\":\"https:\/\/www.zuurstofplanten.net\/#website\"},\"primaryImageOfPage\":{\"@id\":\"https:\/\/www.zuurstofplanten.net\/blog\/de-opkomst-van-rioolvliegjes-en-hoe-je-ze-voorgoed-kunt-bestrijden\/#primaryimage\"},\"image\":{\"@id\":\"https:\/\/www.zuurstofplanten.net\/blog\/de-opkomst-van-rioolvliegjes-en-hoe-je-ze-voorgoed-kunt-bestrijden\/#primaryimage\"},\"thumbnailUrl\":\"https:\/\/baselinkhosting.nl\/zuurstofplanten\/wp-content\/uploads\/2024\/10\/pexels-victor-perez-709749-scaled-2-768x576.jpg\",\"datePublished\":\"2024-10-11T14:06:25+00:00\",\"dateModified\":\"2024-10-11T14:21:08+00:00\",\"breadcrumb\":{\"@id\":\"https:\/\/www.zuurstofplanten.net\/blog\/de-opkomst-van-rioolvliegjes-en-hoe-je-ze-voorgoed-kunt-bestrijden\/#breadcrumb\"},\"inLanguage\":\"de\",\"potentialAction\":[{\"@type\":\"ReadAction\",\"target\":[\"https:\/\/www.zuurstofplanten.net\/blog\/de-opkomst-van-rioolvliegjes-en-hoe-je-ze-voorgoed-kunt-bestrijden\/\"]}]},{\"@type\":\"ImageObject\",\"inLanguage\":\"de\",\"@id\":\"https:\/\/www.zuurstofplanten.net\/blog\/de-opkomst-van-rioolvliegjes-en-hoe-je-ze-voorgoed-kunt-bestrijden\/#primaryimage\",\"url\":\"https:\/\/baselinkhosting.nl\/zuurstofplanten\/wp-content\/uploads\/2024\/10\/pexels-victor-perez-709749-scaled-2-768x576.jpg\",\"contentUrl\":\"https:\/\/baselinkhosting.nl\/zuurstofplanten\/wp-content\/uploads\/2024\/10\/pexels-victor-perez-709749-scaled-2-768x576.jpg\"},{\"@type\":\"BreadcrumbList\",\"@id\":\"https:\/\/www.zuurstofplanten.net\/blog\/de-opkomst-van-rioolvliegjes-en-hoe-je-ze-voorgoed-kunt-bestrijden\/#breadcrumb\",\"itemListElement\":[{\"@type\":\"ListItem\",\"position\":1,\"name\":\"Home\",\"item\":\"https:\/\/www.zuurstofplanten.net\/\"},{\"@type\":\"ListItem\",\"position\":2,\"name\":\"Blog\",\"item\":\"https:\/\/www.zuurstofplanten.net\/?page_id=476\"},{\"@type\":\"ListItem\",\"position\":3,\"name\":\"De Opkomst van Rioolvliegjes en Hoe Je Ze Voorgoed Kunt Bestrijden\"}]},{\"@type\":\"WebSite\",\"@id\":\"https:\/\/www.zuurstofplanten.net\/#website\",\"url\":\"https:\/\/www.zuurstofplanten.net\/\",\"name\":\"Zuurstofplanten.net\",\"description\":\"\",\"publisher\":{\"@id\":\"https:\/\/www.zuurstofplanten.net\/#organization\"},\"potentialAction\":[{\"@type\":\"SearchAction\",\"target\":{\"@type\":\"EntryPoint\",\"urlTemplate\":\"https:\/\/www.zuurstofplanten.net\/?s={search_term_string}\"},\"query-input\":{\"@type\":\"PropertyValueSpecification\",\"valueRequired\":true,\"valueName\":\"search_term_string\"}}],\"inLanguage\":\"de\"},{\"@type\":\"Organization\",\"@id\":\"https:\/\/www.zuurstofplanten.net\/#organization\",\"name\":\"Zuurstofplanten.net\",\"url\":\"https:\/\/www.zuurstofplanten.net\/\",\"logo\":{\"@type\":\"ImageObject\",\"inLanguage\":\"de\",\"@id\":\"https:\/\/www.zuurstofplanten.net\/#\/schema\/logo\/image\/\",\"url\":\"https:\/\/www.zuurstofplanten.net\/wp-content\/uploads\/2024\/10\/zuurstofplanten-logo-1.jpg\",\"contentUrl\":\"https:\/\/www.zuurstofplanten.net\/wp-content\/uploads\/2024\/10\/zuurstofplanten-logo-1.jpg\",\"width\":180,\"height\":60,\"caption\":\"Zuurstofplanten.net\"},\"image\":{\"@id\":\"https:\/\/www.zuurstofplanten.net\/#\/schema\/logo\/image\/\"}}]}<\/script>\n<!-- \/ Yoast SEO plugin. -->","yoast_head_json":{"title":"Der Aufstieg der Sewer Fliegen und wie man sie endg\u00fcltig bek\u00e4mpft - Oxygenplants.net","robots":{"index":"index","follow":"follow","max-snippet":"max-snippet:-1","max-image-preview":"max-image-preview:large","max-video-preview":"max-video-preview:-1"},"canonical":"https:\/\/www.zuurstofplanten.net\/de\/blog\/das-aufkommen-der-fliegen-in-der-kanalisation-und-wie-man-sie-endgultig-bekampft\/","og_locale":"de_DE","og_type":"article","og_title":"De Opkomst van Rioolvliegjes en Hoe Je Ze Voorgoed Kunt Bestrijden - Zuurstofplanten.net","og_description":"De Opkomst van Rioolvliegjes en Hoe Je Ze Voorgoed Kunt Bestrijden Rioolvliegjes zijn een veelvoorkomend probleem in huishoudens, en ze lijken altijd op te duiken op de meest ongewenste momenten. In dit artikel duiken we dieper in op de wereld van rioolvliegjes, ontdekken we waar ze vandaan komen en bespreken we effectieve manieren om ze [&hellip;]","og_url":"https:\/\/www.zuurstofplanten.net\/de\/blog\/das-aufkommen-der-fliegen-in-der-kanalisation-und-wie-man-sie-endgultig-bekampft\/","og_site_name":"Zuurstofplanten.net","article_modified_time":"2024-10-11T14:21:08+00:00","og_image":[{"url":"https:\/\/baselinkhosting.nl\/zuurstofplanten\/wp-content\/uploads\/2024\/10\/pexels-victor-perez-709749-scaled-2-768x576.jpg","type":"","width":"","height":""}],"twitter_card":"summary_large_image","twitter_misc":{"Gesch\u00e4tzte Lesezeit":"3\u00a0Minuten"},"schema":{"@context":"https:\/\/schema.org","@graph":[{"@type":"WebPage","@id":"https:\/\/www.zuurstofplanten.net\/blog\/de-opkomst-van-rioolvliegjes-en-hoe-je-ze-voorgoed-kunt-bestrijden\/","url":"https:\/\/www.zuurstofplanten.net\/blog\/de-opkomst-van-rioolvliegjes-en-hoe-je-ze-voorgoed-kunt-bestrijden\/","name":"Der Aufstieg der Sewer Fliegen und wie man sie endg\u00fcltig bek\u00e4mpft - Oxygenplants.net","isPartOf":{"@id":"https:\/\/www.zuurstofplanten.net\/#website"},"primaryImageOfPage":{"@id":"https:\/\/www.zuurstofplanten.net\/blog\/de-opkomst-van-rioolvliegjes-en-hoe-je-ze-voorgoed-kunt-bestrijden\/#primaryimage"},"image":{"@id":"https:\/\/www.zuurstofplanten.net\/blog\/de-opkomst-van-rioolvliegjes-en-hoe-je-ze-voorgoed-kunt-bestrijden\/#primaryimage"},"thumbnailUrl":"https:\/\/baselinkhosting.nl\/zuurstofplanten\/wp-content\/uploads\/2024\/10\/pexels-victor-perez-709749-scaled-2-768x576.jpg","datePublished":"2024-10-11T14:06:25+00:00","dateModified":"2024-10-11T14:21:08+00:00","breadcrumb":{"@id":"https:\/\/www.zuurstofplanten.net\/blog\/de-opkomst-van-rioolvliegjes-en-hoe-je-ze-voorgoed-kunt-bestrijden\/#breadcrumb"},"inLanguage":"de","potentialAction":[{"@type":"ReadAction","target":["https:\/\/www.zuurstofplanten.net\/blog\/de-opkomst-van-rioolvliegjes-en-hoe-je-ze-voorgoed-kunt-bestrijden\/"]}]},{"@type":"ImageObject","inLanguage":"de","@id":"https:\/\/www.zuurstofplanten.net\/blog\/de-opkomst-van-rioolvliegjes-en-hoe-je-ze-voorgoed-kunt-bestrijden\/#primaryimage","url":"https:\/\/baselinkhosting.nl\/zuurstofplanten\/wp-content\/uploads\/2024\/10\/pexels-victor-perez-709749-scaled-2-768x576.jpg","contentUrl":"https:\/\/baselinkhosting.nl\/zuurstofplanten\/wp-content\/uploads\/2024\/10\/pexels-victor-perez-709749-scaled-2-768x576.jpg"},{"@type":"BreadcrumbList","@id":"https:\/\/www.zuurstofplanten.net\/blog\/de-opkomst-van-rioolvliegjes-en-hoe-je-ze-voorgoed-kunt-bestrijden\/#breadcrumb","itemListElement":[{"@type":"ListItem","position":1,"name":"Home","item":"https:\/\/www.zuurstofplanten.net\/"},{"@type":"ListItem","position":2,"name":"Blog","item":"https:\/\/www.zuurstofplanten.net\/?page_id=476"},{"@type":"ListItem","position":3,"name":"De Opkomst van Rioolvliegjes en Hoe Je Ze Voorgoed Kunt Bestrijden"}]},{"@type":"WebSite","@id":"https:\/\/www.zuurstofplanten.net\/#website","url":"https:\/\/www.zuurstofplanten.net\/","name":"Zuurstofplanten.net","description":"","publisher":{"@id":"https:\/\/www.zuurstofplanten.net\/#organization"},"potentialAction":[{"@type":"SearchAction","target":{"@type":"EntryPoint","urlTemplate":"https:\/\/www.zuurstofplanten.net\/?s={search_term_string}"},"query-input":{"@type":"PropertyValueSpecification","valueRequired":true,"valueName":"search_term_string"}}],"inLanguage":"de"},{"@type":"Organization","@id":"https:\/\/www.zuurstofplanten.net\/#organization","name":"Zuurstofplanten.net","url":"https:\/\/www.zuurstofplanten.net\/","logo":{"@type":"ImageObject","inLanguage":"de","@id":"https:\/\/www.zuurstofplanten.net\/#\/schema\/logo\/image\/","url":"https:\/\/www.zuurstofplanten.net\/wp-content\/uploads\/2024\/10\/zuurstofplanten-logo-1.jpg","contentUrl":"https:\/\/www.zuurstofplanten.net\/wp-content\/uploads\/2024\/10\/zuurstofplanten-logo-1.jpg","width":180,"height":60,"caption":"Zuurstofplanten.net"},"image":{"@id":"https:\/\/www.zuurstofplanten.net\/#\/schema\/logo\/image\/"}}]}},"_links":{"self":[{"href":"https:\/\/www.zuurstofplanten.net\/de\/wp-json\/wp\/v2\/pages\/531"}],"collection":[{"href":"https:\/\/www.zuurstofplanten.net\/de\/wp-json\/wp\/v2\/pages"}],"about":[{"href":"https:\/\/www.zuurstofplanten.net\/de\/wp-json\/wp\/v2\/types\/page"}],"author":[{"embeddable":true,"href":"https:\/\/www.zuurstofplanten.net\/de\/wp-json\/wp\/v2\/users\/4"}],"replies":[{"embeddable":true,"href":"https:\/\/www.zuurstofplanten.net\/de\/wp-json\/wp\/v2\/comments?post=531"}],"version-history":[{"count":4,"href":"https:\/\/www.zuurstofplanten.net\/de\/wp-json\/wp\/v2\/pages\/531\/revisions"}],"predecessor-version":[{"id":546,"href":"https:\/\/www.zuurstofplanten.net\/de\/wp-json\/wp\/v2\/pages\/531\/revisions\/546"}],"up":[{"embeddable":true,"href":"https:\/\/www.zuurstofplanten.net\/de\/wp-json\/wp\/v2\/pages\/476"}],"wp:attachment":[{"href":"https:\/\/www.zuurstofplanten.net\/de\/wp-json\/wp\/v2\/media?parent=531"}],"curies":[{"name":"wp","href":"https:\/\/api.w.org\/{rel}","templated":true}]}}