{"id":530,"date":"2024-10-11T14:05:05","date_gmt":"2024-10-11T14:05:05","guid":{"rendered":"https:\/\/baselinkhosting.nl\/zuurstofplanten\/?page_id=530"},"modified":"2024-10-11T14:05:55","modified_gmt":"2024-10-11T14:05:55","slug":"die-naturlichen-kraftpakete-fur-ein-gesundes-aquarium","status":"publish","type":"page","link":"https:\/\/www.zuurstofplanten.net\/de\/blog\/die-naturlichen-kraftpakete-fur-ein-gesundes-aquarium\/","title":{"rendered":"Die nat\u00fcrlichen Kraftpakete f\u00fcr ein gesundes Aquarium"},"content":{"rendered":"<div data-elementor-type=\"wp-page\" data-elementor-id=\"530\" class=\"elementor elementor-530\" data-elementor-post-type=\"page\">\n\t\t\t\t<div class=\"elementor-element elementor-element-742ab56 e-flex e-con-boxed e-con e-parent\" data-id=\"742ab56\" data-element_type=\"container\" data-e-type=\"container\">\n\t\t\t\t\t<div class=\"e-con-inner\">\n\t\t\t\t<div class=\"elementor-element elementor-element-2a1cb5a elementor-widget elementor-widget-image\" data-id=\"2a1cb5a\" data-element_type=\"widget\" data-e-type=\"widget\" data-widget_type=\"image.default\">\n\t\t\t\t<div class=\"elementor-widget-container\">\n\t\t\t\t\t\t\t\t\t\t\t\t\t\t\t<img fetchpriority=\"high\" decoding=\"async\" width=\"768\" height=\"576\" src=\"https:\/\/www.zuurstofplanten.net\/wp-content\/uploads\/2024\/10\/gezond-aquarium-1-768x576.jpg\" class=\"attachment-medium_large size-medium_large wp-image-537\" alt=\"\" srcset=\"https:\/\/www.zuurstofplanten.net\/wp-content\/uploads\/2024\/10\/gezond-aquarium-1-768x576.jpg 768w, https:\/\/www.zuurstofplanten.net\/wp-content\/uploads\/2024\/10\/gezond-aquarium-1-300x225.jpg 300w, https:\/\/www.zuurstofplanten.net\/wp-content\/uploads\/2024\/10\/gezond-aquarium-1.jpg 1024w\" sizes=\"(max-width: 768px) 100vw, 768px\" \/>\t\t\t\t\t\t\t\t\t\t\t\t\t\t\t<\/div>\n\t\t\t\t<\/div>\n\t\t\t\t<div class=\"elementor-element elementor-element-0540aef elementor-widget elementor-widget-text-editor\" data-id=\"0540aef\" data-element_type=\"widget\" data-e-type=\"widget\" data-widget_type=\"text-editor.default\">\n\t\t\t\t<div class=\"elementor-widget-container\">\n\t\t\t\t\t\t\t\t\t<h1>Die nat\u00fcrlichen Kraftpakete f\u00fcr ein gesundes Aquarium<\/h1><p data-sourcepos=\"3:1-3:301\">Ein Aquarium mit \u00fcppigen gr\u00fcnen Sauerstoffpflanzen ist nicht nur eine Oase der Ruhe und Sch\u00f6nheit, sondern auch ein wesentliches Element f\u00fcr die Gesundheit Ihrer Fische. Diese wunderbaren Pflanzen produzieren Sauerstoff, beseitigen Abfallprodukte, bieten Versteckm\u00f6glichkeiten und stabilisieren den pH-Wert des Wassers.<\/p><h2 data-sourcepos=\"5:1-5:51\"><strong>Photosynthese<\/strong>: Das Kraftwerk der Sauerstoffpflanzen<\/h2><p data-sourcepos=\"7:1-7:523\">Sauerstoffpflanzen produzieren Sauerstoff durch Photosynthese, einen Prozess, bei dem Sonnenlicht, Wasser und Kohlendioxid in Glukose und Sauerstoff umgewandelt werden. Dieser Sauerstoff ist wichtig f\u00fcr die Fische in Ihrem Aquarium, die ihn zum Atmen brauchen. Die Menge des produzierten Sauerstoffs h\u00e4ngt von mehreren Faktoren ab, darunter Licht, Temperatur, CO2-Konzentration und Gesundheit der Pflanzen. Unter optimalen Bedingungen k\u00f6nnen Sauerstoffpflanzen einen wichtigen Beitrag zur Wasserqualit\u00e4t in Ihrem Aquarium leisten.<\/p><h2 data-sourcepos=\"9:1-9:54\"><strong>Beseitigung von Abf\u00e4llen<\/strong>: Nat\u00fcrliche Filter<\/h2><p data-sourcepos=\"11:1-11:416\">Sauerstoffpflanzen absorbieren Abfallprodukte aus dem Wasser, wie Nitrate und Phosphate, die von Fischen und anderen Organismen produziert werden. Diese Abf\u00e4lle k\u00f6nnen zu Algenbl\u00fcten f\u00fchren, die f\u00fcr die Gesundheit Ihrer Fische sch\u00e4dlich sind. Indem sie Nitrate f\u00fcr ihr eigenes Wachstum nutzen und Phosphate in ihren Bl\u00e4ttern und Wurzeln speichern, tragen Sauerstoffpflanzen zur Verbesserung der Wasserqualit\u00e4t bei und verhindern Algenbl\u00fcten.<\/p><h2 data-sourcepos=\"13:1-13:44\"><strong>Eine Zuflucht<\/strong>: Schutz und Wohlfahrt<\/h2><p data-sourcepos=\"15:1-15:234\">Sauerstoffpflanzen bieten den Fischen einen Unterschlupf zum Ausruhen, Ablaichen und Verstecken vor Raubtieren. Die dichten Bl\u00e4tter vermitteln ein Gef\u00fchl der Sicherheit und reduzieren Stress, was f\u00fcr das Wohlbefinden der Fische wichtig ist.<\/p><h2 data-sourcepos=\"17:1-17:53\"><strong>Stabiler pH-Wert<\/strong>Optimiertes Lebensumfeld<\/h2><p data-sourcepos=\"19:1-19:326\">Sauerstoffpflanzen absorbieren w\u00e4hrend der Photosynthese Kohlendioxid aus dem Wasser, wodurch die <a href=\"https:\/\/www.dosingpump.shop\/nl\/kenniscentrum\/ph-waarde\/\">pH-Wert<\/a> ansteigt. In Aquarien mit vielen Fischen kann der pH-Wert durch die Freisetzung von Kohlendioxid sinken. Durch die Absorption von Kohlendioxid tragen Sauerstoffpflanzen zur Stabilisierung des pH-Werts bei, was f\u00fcr die Gesundheit Ihrer Fische entscheidend ist.<\/p><h3 data-sourcepos=\"21:1-21:30\"><strong>Beliebte Sauerstoffpflanzen<\/strong>:<\/h3><ul data-sourcepos=\"23:1-26:0\"><li data-sourcepos=\"23:1-23:165\"><strong>Cabomba<\/strong>Ein schnellw\u00fcchsiger Allesk\u00f6nner, der viel Sauerstoff produziert, Abfallprodukte absorbiert und Schutz bietet. Ideal f\u00fcr Fische, die gerne schwimmen.<\/li><li data-sourcepos=\"24:1-24:110\"><strong>Wassergras<\/strong>Einfach zu pflegen und schnell wachsend. Perfekt f\u00fcr Anf\u00e4nger und Fische, die Pflanzen fressen.<\/li><li data-sourcepos=\"25:1-26:0\"><strong>Egeria densa<\/strong>Dichtes Laub bietet ein perfektes Versteck f\u00fcr die Jungen. Ideal f\u00fcr die Fischzucht.<\/li><\/ul><h3 data-sourcepos=\"27:1-27:48\"><strong>Tipps f\u00fcr die Pflege von Sauerstoffpflanzen<\/strong>:<\/h3><ul data-sourcepos=\"29:1-33:0\"><li data-sourcepos=\"29:1-29:46\"><strong>Ausreichend Licht<\/strong>Mindestens 8 Stunden pro Tag.<\/li><li data-sourcepos=\"30:1-30:41\"><strong>Zugabe von CO2<\/strong>Stimuliert das Wachstum.<\/li><li data-sourcepos=\"31:1-31:73\"><strong>Regelm\u00e4\u00dfig beschneiden<\/strong>Entfernen Sie abgestorbene Bl\u00e4tter und verhindern Sie ein \u00dcberwuchern.<\/li><li data-sourcepos=\"32:1-33:0\"><strong>Wasserqualit\u00e4t pr\u00fcfen<\/strong>Optimale Parameter sicherstellen.<\/li><\/ul>\t\t\t\t\t\t\t\t<\/div>\n\t\t\t\t<\/div>\n\t\t\t\t\t<\/div>\n\t\t\t\t<\/div>\n\t\t\t\t<\/div>","protected":false},"excerpt":{"rendered":"<p>Die nat\u00fcrlichen Kraftpakete f\u00fcr ein gesundes Aquarium Ein Aquarium mit \u00fcppig gr\u00fcnen Sauerstoffpflanzen ist nicht nur eine Oase der Ruhe und Sch\u00f6nheit, sondern auch ein wesentliches Element f\u00fcr die Gesundheit Ihrer Fische. Diese wunderbaren Pflanzen produzieren Sauerstoff, beseitigen Abfallprodukte, bieten Versteckm\u00f6glichkeiten und stabilisieren den pH-Wert des Wassers. Photosynthese: die Kraftquelle der Sauerstoffpflanzen Sauerstoffpflanzen [...]<\/p>","protected":false},"author":4,"featured_media":0,"parent":476,"menu_order":1,"comment_status":"closed","ping_status":"closed","template":"elementor_header_footer","meta":{"_acf_changed":false,"iawp_total_views":125,"footnotes":""},"class_list":["post-530","page","type-page","status-publish","hentry"],"acf":[],"yoast_head":"<!-- This site is optimized with the Yoast SEO plugin v25.5 - https:\/\/yoast.com\/wordpress\/plugins\/seo\/ -->\n<title>De natuurlijke krachtpatsers voor een gezond aquarium - Zuurstofplanten.net<\/title>\n<meta name=\"robots\" content=\"index, follow, max-snippet:-1, max-image-preview:large, max-video-preview:-1\" \/>\n<link rel=\"canonical\" href=\"https:\/\/www.zuurstofplanten.net\/de\/blog\/die-naturlichen-kraftpakete-fur-ein-gesundes-aquarium\/\" \/>\n<meta property=\"og:locale\" content=\"de_DE\" \/>\n<meta property=\"og:type\" content=\"article\" \/>\n<meta property=\"og:title\" content=\"De natuurlijke krachtpatsers voor een gezond aquarium - Zuurstofplanten.net\" \/>\n<meta property=\"og:description\" content=\"De natuurlijke krachtpatsers voor een gezond aquarium Een aquarium met weelderig groene zuurstofplanten is niet alleen een oase van rust en schoonheid, maar ook een essentieel element voor de gezondheid van je vissen. Deze wonderlijke planten produceren zuurstof, verwijderen afvalstoffen, bieden schuilplaatsen en stabiliseren de pH-waarde van het water. Fotosynthese: De krachtbron van zuurstofplanten Zuurstofplanten [&hellip;]\" \/>\n<meta property=\"og:url\" content=\"https:\/\/www.zuurstofplanten.net\/de\/blog\/die-naturlichen-kraftpakete-fur-ein-gesundes-aquarium\/\" \/>\n<meta property=\"og:site_name\" content=\"Zuurstofplanten.net\" \/>\n<meta property=\"article:modified_time\" content=\"2024-10-11T14:05:55+00:00\" \/>\n<meta property=\"og:image\" content=\"https:\/\/baselinkhosting.nl\/zuurstofplanten\/wp-content\/uploads\/2024\/10\/gezond-aquarium-1-768x576.jpg\" \/>\n<meta name=\"twitter:card\" content=\"summary_large_image\" \/>\n<meta name=\"twitter:label1\" content=\"Gesch\u00e4tzte Lesezeit\" \/>\n\t<meta name=\"twitter:data1\" content=\"3\u00a0Minuten\" \/>\n<script type=\"application\/ld+json\" class=\"yoast-schema-graph\">{\"@context\":\"https:\/\/schema.org\",\"@graph\":[{\"@type\":\"WebPage\",\"@id\":\"https:\/\/www.zuurstofplanten.net\/blog\/de-natuurlijke-krachtpatsers-voor-een-gezond-aquarium\/\",\"url\":\"https:\/\/www.zuurstofplanten.net\/blog\/de-natuurlijke-krachtpatsers-voor-een-gezond-aquarium\/\",\"name\":\"De natuurlijke krachtpatsers voor een gezond aquarium - Zuurstofplanten.net\",\"isPartOf\":{\"@id\":\"https:\/\/www.zuurstofplanten.net\/#website\"},\"primaryImageOfPage\":{\"@id\":\"https:\/\/www.zuurstofplanten.net\/blog\/de-natuurlijke-krachtpatsers-voor-een-gezond-aquarium\/#primaryimage\"},\"image\":{\"@id\":\"https:\/\/www.zuurstofplanten.net\/blog\/de-natuurlijke-krachtpatsers-voor-een-gezond-aquarium\/#primaryimage\"},\"thumbnailUrl\":\"https:\/\/baselinkhosting.nl\/zuurstofplanten\/wp-content\/uploads\/2024\/10\/gezond-aquarium-1-768x576.jpg\",\"datePublished\":\"2024-10-11T14:05:05+00:00\",\"dateModified\":\"2024-10-11T14:05:55+00:00\",\"breadcrumb\":{\"@id\":\"https:\/\/www.zuurstofplanten.net\/blog\/de-natuurlijke-krachtpatsers-voor-een-gezond-aquarium\/#breadcrumb\"},\"inLanguage\":\"de\",\"potentialAction\":[{\"@type\":\"ReadAction\",\"target\":[\"https:\/\/www.zuurstofplanten.net\/blog\/de-natuurlijke-krachtpatsers-voor-een-gezond-aquarium\/\"]}]},{\"@type\":\"ImageObject\",\"inLanguage\":\"de\",\"@id\":\"https:\/\/www.zuurstofplanten.net\/blog\/de-natuurlijke-krachtpatsers-voor-een-gezond-aquarium\/#primaryimage\",\"url\":\"https:\/\/baselinkhosting.nl\/zuurstofplanten\/wp-content\/uploads\/2024\/10\/gezond-aquarium-1-768x576.jpg\",\"contentUrl\":\"https:\/\/baselinkhosting.nl\/zuurstofplanten\/wp-content\/uploads\/2024\/10\/gezond-aquarium-1-768x576.jpg\"},{\"@type\":\"BreadcrumbList\",\"@id\":\"https:\/\/www.zuurstofplanten.net\/blog\/de-natuurlijke-krachtpatsers-voor-een-gezond-aquarium\/#breadcrumb\",\"itemListElement\":[{\"@type\":\"ListItem\",\"position\":1,\"name\":\"Home\",\"item\":\"https:\/\/www.zuurstofplanten.net\/\"},{\"@type\":\"ListItem\",\"position\":2,\"name\":\"Blog\",\"item\":\"https:\/\/www.zuurstofplanten.net\/?page_id=476\"},{\"@type\":\"ListItem\",\"position\":3,\"name\":\"De natuurlijke krachtpatsers voor een gezond aquarium\"}]},{\"@type\":\"WebSite\",\"@id\":\"https:\/\/www.zuurstofplanten.net\/#website\",\"url\":\"https:\/\/www.zuurstofplanten.net\/\",\"name\":\"Zuurstofplanten.net\",\"description\":\"\",\"publisher\":{\"@id\":\"https:\/\/www.zuurstofplanten.net\/#organization\"},\"potentialAction\":[{\"@type\":\"SearchAction\",\"target\":{\"@type\":\"EntryPoint\",\"urlTemplate\":\"https:\/\/www.zuurstofplanten.net\/?s={search_term_string}\"},\"query-input\":{\"@type\":\"PropertyValueSpecification\",\"valueRequired\":true,\"valueName\":\"search_term_string\"}}],\"inLanguage\":\"de\"},{\"@type\":\"Organization\",\"@id\":\"https:\/\/www.zuurstofplanten.net\/#organization\",\"name\":\"Zuurstofplanten.net\",\"url\":\"https:\/\/www.zuurstofplanten.net\/\",\"logo\":{\"@type\":\"ImageObject\",\"inLanguage\":\"de\",\"@id\":\"https:\/\/www.zuurstofplanten.net\/#\/schema\/logo\/image\/\",\"url\":\"https:\/\/www.zuurstofplanten.net\/wp-content\/uploads\/2024\/10\/zuurstofplanten-logo-1.jpg\",\"contentUrl\":\"https:\/\/www.zuurstofplanten.net\/wp-content\/uploads\/2024\/10\/zuurstofplanten-logo-1.jpg\",\"width\":180,\"height\":60,\"caption\":\"Zuurstofplanten.net\"},\"image\":{\"@id\":\"https:\/\/www.zuurstofplanten.net\/#\/schema\/logo\/image\/\"}}]}<\/script>\n<!-- \/ Yoast SEO plugin. -->","yoast_head_json":{"title":"Die nat\u00fcrlichen Kraftpakete f\u00fcr ein gesundes Aquarium - Oxygenplants.net","robots":{"index":"index","follow":"follow","max-snippet":"max-snippet:-1","max-image-preview":"max-image-preview:large","max-video-preview":"max-video-preview:-1"},"canonical":"https:\/\/www.zuurstofplanten.net\/de\/blog\/die-naturlichen-kraftpakete-fur-ein-gesundes-aquarium\/","og_locale":"de_DE","og_type":"article","og_title":"De natuurlijke krachtpatsers voor een gezond aquarium - Zuurstofplanten.net","og_description":"De natuurlijke krachtpatsers voor een gezond aquarium Een aquarium met weelderig groene zuurstofplanten is niet alleen een oase van rust en schoonheid, maar ook een essentieel element voor de gezondheid van je vissen. Deze wonderlijke planten produceren zuurstof, verwijderen afvalstoffen, bieden schuilplaatsen en stabiliseren de pH-waarde van het water. Fotosynthese: De krachtbron van zuurstofplanten Zuurstofplanten [&hellip;]","og_url":"https:\/\/www.zuurstofplanten.net\/de\/blog\/die-naturlichen-kraftpakete-fur-ein-gesundes-aquarium\/","og_site_name":"Zuurstofplanten.net","article_modified_time":"2024-10-11T14:05:55+00:00","og_image":[{"url":"https:\/\/baselinkhosting.nl\/zuurstofplanten\/wp-content\/uploads\/2024\/10\/gezond-aquarium-1-768x576.jpg","type":"","width":"","height":""}],"twitter_card":"summary_large_image","twitter_misc":{"Gesch\u00e4tzte Lesezeit":"3\u00a0Minuten"},"schema":{"@context":"https:\/\/schema.org","@graph":[{"@type":"WebPage","@id":"https:\/\/www.zuurstofplanten.net\/blog\/de-natuurlijke-krachtpatsers-voor-een-gezond-aquarium\/","url":"https:\/\/www.zuurstofplanten.net\/blog\/de-natuurlijke-krachtpatsers-voor-een-gezond-aquarium\/","name":"Die nat\u00fcrlichen Kraftpakete f\u00fcr ein gesundes Aquarium - Oxygenplants.net","isPartOf":{"@id":"https:\/\/www.zuurstofplanten.net\/#website"},"primaryImageOfPage":{"@id":"https:\/\/www.zuurstofplanten.net\/blog\/de-natuurlijke-krachtpatsers-voor-een-gezond-aquarium\/#primaryimage"},"image":{"@id":"https:\/\/www.zuurstofplanten.net\/blog\/de-natuurlijke-krachtpatsers-voor-een-gezond-aquarium\/#primaryimage"},"thumbnailUrl":"https:\/\/baselinkhosting.nl\/zuurstofplanten\/wp-content\/uploads\/2024\/10\/gezond-aquarium-1-768x576.jpg","datePublished":"2024-10-11T14:05:05+00:00","dateModified":"2024-10-11T14:05:55+00:00","breadcrumb":{"@id":"https:\/\/www.zuurstofplanten.net\/blog\/de-natuurlijke-krachtpatsers-voor-een-gezond-aquarium\/#breadcrumb"},"inLanguage":"de","potentialAction":[{"@type":"ReadAction","target":["https:\/\/www.zuurstofplanten.net\/blog\/de-natuurlijke-krachtpatsers-voor-een-gezond-aquarium\/"]}]},{"@type":"ImageObject","inLanguage":"de","@id":"https:\/\/www.zuurstofplanten.net\/blog\/de-natuurlijke-krachtpatsers-voor-een-gezond-aquarium\/#primaryimage","url":"https:\/\/baselinkhosting.nl\/zuurstofplanten\/wp-content\/uploads\/2024\/10\/gezond-aquarium-1-768x576.jpg","contentUrl":"https:\/\/baselinkhosting.nl\/zuurstofplanten\/wp-content\/uploads\/2024\/10\/gezond-aquarium-1-768x576.jpg"},{"@type":"BreadcrumbList","@id":"https:\/\/www.zuurstofplanten.net\/blog\/de-natuurlijke-krachtpatsers-voor-een-gezond-aquarium\/#breadcrumb","itemListElement":[{"@type":"ListItem","position":1,"name":"Home","item":"https:\/\/www.zuurstofplanten.net\/"},{"@type":"ListItem","position":2,"name":"Blog","item":"https:\/\/www.zuurstofplanten.net\/?page_id=476"},{"@type":"ListItem","position":3,"name":"De natuurlijke krachtpatsers voor een gezond aquarium"}]},{"@type":"WebSite","@id":"https:\/\/www.zuurstofplanten.net\/#website","url":"https:\/\/www.zuurstofplanten.net\/","name":"Zuurstofplanten.net","description":"","publisher":{"@id":"https:\/\/www.zuurstofplanten.net\/#organization"},"potentialAction":[{"@type":"SearchAction","target":{"@type":"EntryPoint","urlTemplate":"https:\/\/www.zuurstofplanten.net\/?s={search_term_string}"},"query-input":{"@type":"PropertyValueSpecification","valueRequired":true,"valueName":"search_term_string"}}],"inLanguage":"de"},{"@type":"Organization","@id":"https:\/\/www.zuurstofplanten.net\/#organization","name":"Zuurstofplanten.net","url":"https:\/\/www.zuurstofplanten.net\/","logo":{"@type":"ImageObject","inLanguage":"de","@id":"https:\/\/www.zuurstofplanten.net\/#\/schema\/logo\/image\/","url":"https:\/\/www.zuurstofplanten.net\/wp-content\/uploads\/2024\/10\/zuurstofplanten-logo-1.jpg","contentUrl":"https:\/\/www.zuurstofplanten.net\/wp-content\/uploads\/2024\/10\/zuurstofplanten-logo-1.jpg","width":180,"height":60,"caption":"Zuurstofplanten.net"},"image":{"@id":"https:\/\/www.zuurstofplanten.net\/#\/schema\/logo\/image\/"}}]}},"_links":{"self":[{"href":"https:\/\/www.zuurstofplanten.net\/de\/wp-json\/wp\/v2\/pages\/530"}],"collection":[{"href":"https:\/\/www.zuurstofplanten.net\/de\/wp-json\/wp\/v2\/pages"}],"about":[{"href":"https:\/\/www.zuurstofplanten.net\/de\/wp-json\/wp\/v2\/types\/page"}],"author":[{"embeddable":true,"href":"https:\/\/www.zuurstofplanten.net\/de\/wp-json\/wp\/v2\/users\/4"}],"replies":[{"embeddable":true,"href":"https:\/\/www.zuurstofplanten.net\/de\/wp-json\/wp\/v2\/comments?post=530"}],"version-history":[{"count":4,"href":"https:\/\/www.zuurstofplanten.net\/de\/wp-json\/wp\/v2\/pages\/530\/revisions"}],"predecessor-version":[{"id":540,"href":"https:\/\/www.zuurstofplanten.net\/de\/wp-json\/wp\/v2\/pages\/530\/revisions\/540"}],"up":[{"embeddable":true,"href":"https:\/\/www.zuurstofplanten.net\/de\/wp-json\/wp\/v2\/pages\/476"}],"wp:attachment":[{"href":"https:\/\/www.zuurstofplanten.net\/de\/wp-json\/wp\/v2\/media?parent=530"}],"curies":[{"name":"wp","href":"https:\/\/api.w.org\/{rel}","templated":true}]}}