{"id":500,"date":"2024-10-11T13:36:16","date_gmt":"2024-10-11T13:36:26","guid":{"rendered":"https:\/\/baselinkhosting.nl\/zuurstofplanten\/?page_id=500"},"modified":"2025-06-04T09:46:51","modified_gmt":"2025-06-04T09:46:51","slug":"sagen","status":"publish","type":"page","link":"https:\/\/www.zuurstofplanten.net\/de\/uferpflanzen\/sagen\/","title":{"rendered":"Sumpfsegge"},"content":{"rendered":"<div data-elementor-type=\"wp-page\" data-elementor-id=\"500\" class=\"elementor elementor-500\" data-elementor-post-type=\"page\">\n\t\t\t\t<div class=\"elementor-element elementor-element-9f34598 e-flex e-con-boxed e-con e-parent\" data-id=\"9f34598\" data-element_type=\"container\" data-e-type=\"container\" data-settings=\"{&quot;background_background&quot;:&quot;classic&quot;}\">\n\t\t\t\t\t<div class=\"e-con-inner\">\n\t\t\t\t<div class=\"elementor-element elementor-element-5442f9c elementor-widget elementor-widget-heading\" data-id=\"5442f9c\" data-element_type=\"widget\" data-e-type=\"widget\" data-widget_type=\"heading.default\">\n\t\t\t\t<div class=\"elementor-widget-container\">\n\t\t\t\t\t<h1 class=\"elementor-heading-title elementor-size-default\">Sumpfsegge<\/h1>\t\t\t\t<\/div>\n\t\t\t\t<\/div>\n\t\t\t\t<div class=\"elementor-element elementor-element-5bdc272 elementor-widget elementor-widget-breadcrumbs\" data-id=\"5bdc272\" data-element_type=\"widget\" data-e-type=\"widget\" data-widget_type=\"breadcrumbs.default\">\n\t\t\t\t<div class=\"elementor-widget-container\">\n\t\t\t\t\t<p id=\"breadcrumbs\"><span><span><a href=\"https:\/\/www.zuurstofplanten.net\/de\/\">Startseite<\/a><\/span><\/span><\/p>\t\t\t\t<\/div>\n\t\t\t\t<\/div>\n\t\t\t\t\t<\/div>\n\t\t\t\t<\/div>\n\t\t<div class=\"elementor-element elementor-element-c4b220f e-flex e-con-boxed e-con e-parent\" data-id=\"c4b220f\" data-element_type=\"container\" data-e-type=\"container\">\n\t\t\t\t\t<div class=\"e-con-inner\">\n\t\t\t\t<div class=\"elementor-element elementor-element-8e5b024 elementor-widget elementor-widget-heading\" data-id=\"8e5b024\" data-element_type=\"widget\" data-e-type=\"widget\" data-widget_type=\"heading.default\">\n\t\t\t\t<div class=\"elementor-widget-container\">\n\t\t\t\t\t<h2 class=\"elementor-heading-title elementor-size-default\">Sumpf-Seegras. Immergr\u00fcne Uferpflanze.<\/h2>\t\t\t\t<\/div>\n\t\t\t\t<\/div>\n\t\t<div class=\"elementor-element elementor-element-3ffbace e-grid e-con-full e-con e-child\" data-id=\"3ffbace\" data-element_type=\"container\" data-e-type=\"container\">\n\t\t\t\t<div class=\"elementor-element elementor-element-81e31a6 elementor-widget elementor-widget-text-editor\" data-id=\"81e31a6\" data-element_type=\"widget\" data-e-type=\"widget\" data-widget_type=\"text-editor.default\">\n\t\t\t\t<div class=\"elementor-widget-container\">\n\t\t\t\t\t\t\t\t\t<p>Ein gr\u00fcnes Bild auch im Winter? Dann ist die Sumpf-Segge die Antwort. Dieses immergr\u00fcne Gew\u00e4chs sieht in jedem Teich oder Helophytenfilter gut aus. Au\u00dferdem entzieht sie dem Wasser N\u00e4hrstoffe wie Stickstoff und Phosphor und verbessert so die Wasserqualit\u00e4t. Diese einheimische Pflanze f\u00fcllt die R\u00e4nder Ihres Teiches sch\u00f6n aus und sorgt f\u00fcr ein nat\u00fcrliches und volles Bild. Die scharfen und kr\u00e4ftigen Bl\u00e4tter des Sumpf-Tausendblattes verleihen der Pflanze ein robustes Aussehen, vor allem wenn sie ihre maximale H\u00f6he von 120 cm erreicht hat. Die braunen \u00c4hren bilden sich im Fr\u00fchsommer, etwa im Mai-Juni, und sind ein sch\u00f6ner Anblick.<\/p>\t\t\t\t\t\t\t\t<\/div>\n\t\t\t\t<\/div>\n\t\t\t\t<div class=\"elementor-element elementor-element-9471245 elementor-cta--skin-classic elementor-animated-content elementor-bg-transform elementor-bg-transform-zoom-in elementor-widget elementor-widget-call-to-action\" data-id=\"9471245\" data-element_type=\"widget\" data-e-type=\"widget\" data-widget_type=\"call-to-action.default\">\n\t\t\t\t<div class=\"elementor-widget-container\">\n\t\t\t\t\t\t\t<a class=\"elementor-cta\" href=\"https:\/\/vijvermeester.nl\/moeraszegge.html?utm_source=affiliate&#038;utm_medium=partner&#038;utm_campaign=zuurstofplanten_net&#038;utm_content=moeraszegge\" rel=\"nofollow\">\n\t\t\t\t\t<div class=\"elementor-cta__bg-wrapper\">\n\t\t\t\t<div class=\"elementor-cta__bg elementor-bg\" style=\"background-image: url(https:\/\/www.zuurstofplanten.net\/wp-content\/uploads\/2024\/10\/moeraszegge.jpg);\" role=\"img\" aria-label=\"Sumpfsegge\"><\/div>\n\t\t\t\t<div class=\"elementor-cta__bg-overlay\"><\/div>\n\t\t\t<\/div>\n\t\t\t\t\t\t\t<div class=\"elementor-cta__content\">\n\t\t\t\t\n\t\t\t\t\t\t\t\t\t<h2 class=\"elementor-cta__title elementor-cta__content-item elementor-content-item\">\n\t\t\t\t\t\tSumpfsegge\t\t\t\t\t<\/h2>\n\t\t\t\t\n\t\t\t\t\t\t\t\t\t<div class=\"elementor-cta__description elementor-cta__content-item elementor-content-item\">\n\t\t\t\t\t\tDie Sumpfsegge steht im Webshop von De Vijvermeester zum Verkauf. Hier finden Sie sch\u00f6ne, hochwertige Pflanzen.\t\t\t\t\t<\/div>\n\t\t\t\t\n\t\t\t\t\t\t\t\t\t<div class=\"elementor-cta__button-wrapper elementor-cta__content-item elementor-content-item\">\n\t\t\t\t\t<span class=\"elementor-cta__button elementor-button elementor-size-\">\n\t\t\t\t\t\tSumpfsegge kaufen\t\t\t\t\t<\/span>\n\t\t\t\t\t<\/div>\n\t\t\t\t\t\t\t<\/div>\n\t\t\t\t\t\t<\/a>\n\t\t\t\t\t\t<\/div>\n\t\t\t\t<\/div>\n\t\t\t\t<\/div>\n\t\t\t\t<div class=\"elementor-element elementor-element-cb3d013 elementor-widget elementor-widget-heading\" data-id=\"cb3d013\" data-element_type=\"widget\" data-e-type=\"widget\" data-widget_type=\"heading.default\">\n\t\t\t\t<div class=\"elementor-widget-container\">\n\t\t\t\t\t<h2 class=\"elementor-heading-title elementor-size-default\">H\u00e4ufig gestellte Fragen<\/h2>\t\t\t\t<\/div>\n\t\t\t\t<\/div>\n\t\t\t\t<div class=\"elementor-element elementor-element-c0de87a elementor-widget elementor-widget-heading\" data-id=\"c0de87a\" data-element_type=\"widget\" data-e-type=\"widget\" data-widget_type=\"heading.default\">\n\t\t\t\t<div class=\"elementor-widget-container\">\n\t\t\t\t\t<h3 class=\"elementor-heading-title elementor-size-default\">Wie pflege ich die Sumpfsegge?<\/h3>\t\t\t\t<\/div>\n\t\t\t\t<\/div>\n\t\t\t\t<div class=\"elementor-element elementor-element-95b3c18 elementor-widget elementor-widget-text-editor\" data-id=\"95b3c18\" data-element_type=\"widget\" data-e-type=\"widget\" data-widget_type=\"text-editor.default\">\n\t\t\t\t<div class=\"elementor-widget-container\">\n\t\t\t\t\t\t\t\t\t<p>Die Sumpf-Segge (Carex acutiformis) ist eine kr\u00e4ftige, pflegeleichte Pflanze, die auch unter feuchten Bedingungen gut gedeiht. Die Pflege besteht haupts\u00e4chlich darin, im zeitigen Fr\u00fchjahr abgestorbene Bl\u00e4tter zu entfernen, um neues Wachstum zu f\u00f6rdern. Ein R\u00fcckschnitt ist in der Regel nicht erforderlich, aber wenn die Pflanze zu gro\u00df wird, k\u00f6nnen Sie sie im Fr\u00fchjahr oder Herbst vorsichtig teilen. Halten Sie die Pflanze stets feucht, vor allem in Trockenperioden, und halten Sie die Umgebung frei von Unkraut, um die Konkurrenz zu verringern.<\/p>\t\t\t\t\t\t\t\t<\/div>\n\t\t\t\t<\/div>\n\t\t\t\t<div class=\"elementor-element elementor-element-02e418b elementor-widget elementor-widget-heading\" data-id=\"02e418b\" data-element_type=\"widget\" data-e-type=\"widget\" data-widget_type=\"heading.default\">\n\t\t\t\t<div class=\"elementor-widget-container\">\n\t\t\t\t\t<h3 class=\"elementor-heading-title elementor-size-default\">Wie sollte ich die Sumpfsegge pflanzen?<\/h3>\t\t\t\t<\/div>\n\t\t\t\t<\/div>\n\t\t\t\t<div class=\"elementor-element elementor-element-822afe9 elementor-widget elementor-widget-text-editor\" data-id=\"822afe9\" data-element_type=\"widget\" data-e-type=\"widget\" data-widget_type=\"text-editor.default\">\n\t\t\t\t<div class=\"elementor-widget-container\">\n\t\t\t\t\t\t\t\t\t<p>Die Sumpf-Segge kann im zeitigen Fr\u00fchjahr oder im Herbst in feuchten, n\u00e4hrstoffreichen Boden gepflanzt werden. Sie ist ideal f\u00fcr den Rand von Teichen, S\u00fcmpfen oder feuchten B\u00f6den im Garten. Pflanzen Sie den Wurzelballen in gut befeuchtete Erde oder Schlamm und dr\u00fccken Sie ihn fest an, damit die Wurzeln guten Kontakt zum Boden haben. Achten Sie darauf, dass die Pflanze gen\u00fcgend Platz hat, um sich auszubreiten, denn die Sumpf-Segge kann schnell wachsen und gro\u00dfe B\u00fcschel bilden.<\/p>\t\t\t\t\t\t\t\t<\/div>\n\t\t\t\t<\/div>\n\t\t\t\t<div class=\"elementor-element elementor-element-0699570 elementor-widget elementor-widget-heading\" data-id=\"0699570\" data-element_type=\"widget\" data-e-type=\"widget\" data-widget_type=\"heading.default\">\n\t\t\t\t<div class=\"elementor-widget-container\">\n\t\t\t\t\t<h3 class=\"elementor-heading-title elementor-size-default\">Wie hoch ist die Pflanztiefe der Sumpfsegge?<\/h3>\t\t\t\t<\/div>\n\t\t\t\t<\/div>\n\t\t\t\t<div class=\"elementor-element elementor-element-a3c6670 elementor-widget elementor-widget-text-editor\" data-id=\"a3c6670\" data-element_type=\"widget\" data-e-type=\"widget\" data-widget_type=\"text-editor.default\">\n\t\t\t\t<div class=\"elementor-widget-container\">\n\t\t\t\t\t\t\t\t\t<p>Die Sumpf-Segge w\u00e4chst am besten in flachen Gew\u00e4ssern oder feuchtem Boden. Die Wurzeln sollten sich knapp unter der Bodenoberfl\u00e4che befinden, wobei der Scheitel der Pflanze auf oder knapp \u00fcber dem Bodenniveau liegt. F\u00fcr ein optimales Wachstum ist es ideal, die Wurzeln in einer Tiefe von 0 bis 5 cm unter Wasser oder in ges\u00e4ttigtem Boden zu platzieren, so dass die Pflanze st\u00e4ndig Zugang zu Feuchtigkeit hat. Vermeiden Sie tiefe Wasserst\u00e4nde, da dies das Wachstum hemmen kann.<\/p>\t\t\t\t\t\t\t\t<\/div>\n\t\t\t\t<\/div>\n\t\t\t\t<div class=\"elementor-element elementor-element-c92f3c4 elementor-widget elementor-widget-heading\" data-id=\"c92f3c4\" data-element_type=\"widget\" data-e-type=\"widget\" data-widget_type=\"heading.default\">\n\t\t\t\t<div class=\"elementor-widget-container\">\n\t\t\t\t\t<h3 class=\"elementor-heading-title elementor-size-default\">Welche Eigenschaften hat die Sumpfsegge?<\/h3>\t\t\t\t<\/div>\n\t\t\t\t<\/div>\n\t\t\t\t<div class=\"elementor-element elementor-element-3b76037 elementor-widget elementor-widget-text-editor\" data-id=\"3b76037\" data-element_type=\"widget\" data-e-type=\"widget\" data-widget_type=\"text-editor.default\">\n\t\t\t\t<div class=\"elementor-widget-container\">\n\t\t\t\t\t\t\t\t\t<ul><li>Lateinischer Name: Carex acutiformis<\/li><li>Position: Halbschatten\/Schatten<\/li><li>Pflanztiefe: bis zu 5 cm<\/li><li>St\u00e4ngell\u00e4nge: 80-120 cm<\/li><li>Substrat: Notwendige, wurzelnde Wasserpflanze<\/li><\/ul>\t\t\t\t\t\t\t\t<\/div>\n\t\t\t\t<\/div>\n\t\t\t\t<div class=\"elementor-element elementor-element-e8cd71a elementor-widget elementor-widget-heading\" data-id=\"e8cd71a\" data-element_type=\"widget\" data-e-type=\"widget\" data-widget_type=\"heading.default\">\n\t\t\t\t<div class=\"elementor-widget-container\">\n\t\t\t\t\t<h2 class=\"elementor-heading-title elementor-size-default\">Sumpfsegge kaufen?<\/h2>\t\t\t\t<\/div>\n\t\t\t\t<\/div>\n\t\t\t\t<div class=\"elementor-element elementor-element-d04faa0 elementor-widget elementor-widget-image\" data-id=\"d04faa0\" data-element_type=\"widget\" data-e-type=\"widget\" data-widget_type=\"image.default\">\n\t\t\t\t<div class=\"elementor-widget-container\">\n\t\t\t\t\t\t\t\t\t\t\t\t\t\t\t<img fetchpriority=\"high\" decoding=\"async\" width=\"300\" height=\"300\" src=\"https:\/\/www.zuurstofplanten.net\/wp-content\/uploads\/2024\/10\/moeraszegge-300x300.jpg\" class=\"attachment-medium size-medium wp-image-218\" alt=\"\" srcset=\"https:\/\/www.zuurstofplanten.net\/wp-content\/uploads\/2024\/10\/moeraszegge-300x300.jpg 300w, https:\/\/www.zuurstofplanten.net\/wp-content\/uploads\/2024\/10\/moeraszegge-150x150.jpg 150w, https:\/\/www.zuurstofplanten.net\/wp-content\/uploads\/2024\/10\/moeraszegge.jpg 700w\" sizes=\"(max-width: 300px) 100vw, 300px\" \/>\t\t\t\t\t\t\t\t\t\t\t\t\t\t\t<\/div>\n\t\t\t\t<\/div>\n\t\t\t\t<div class=\"elementor-element elementor-element-65f0ceb elementor-widget elementor-widget-text-editor\" data-id=\"65f0ceb\" data-element_type=\"widget\" data-e-type=\"widget\" data-widget_type=\"text-editor.default\">\n\t\t\t\t<div class=\"elementor-widget-container\">\n\t\t\t\t\t\t\t\t\t<p>Die Sumpfsegge steht im Webshop von De Vijvermeester zum Verkauf. Hier finden Sie sch\u00f6ne, hochwertige Pflanzen.<\/p>\t\t\t\t\t\t\t\t<\/div>\n\t\t\t\t<\/div>\n\t\t\t\t<div class=\"elementor-element elementor-element-8670b88 elementor-align-left elementor-widget elementor-widget-button\" data-id=\"8670b88\" data-element_type=\"widget\" data-e-type=\"widget\" data-widget_type=\"button.default\">\n\t\t\t\t<div class=\"elementor-widget-container\">\n\t\t\t\t\t\t\t\t\t<div class=\"elementor-button-wrapper\">\n\t\t\t\t\t<a class=\"elementor-button elementor-button-link elementor-size-sm elementor-animation-grow\" href=\"https:\/\/vijvermeester.nl\/moeraszegge.html?utm_source=affiliate&#038;utm_medium=partner&#038;utm_campaign=zuurstofplanten_net&#038;utm_content=moeraszegge\">\n\t\t\t\t\t\t<span class=\"elementor-button-content-wrapper\">\n\t\t\t\t\t\t<span class=\"elementor-button-icon\">\n\t\t\t\t<svg aria-hidden=\"true\" class=\"e-font-icon-svg e-fas-shopping-cart\" viewbox=\"0 0 576 512\" xmlns=\"http:\/\/www.w3.org\/2000\/svg\"><path d=\"M528.12 301.319l47.273-208C578.806 78.301 567.391 64 551.99 64H159.208l-9.166-44.81C147.758 8.021 137.93 0 126.529 0H24C10.745 0 0 10.745 0 24v16c0 13.255 10.745 24 24 24h69.883l70.248 343.435C147.325 417.1 136 435.222 136 456c0 30.928 25.072 56 56 56s56-25.072 56-56c0-15.674-6.447-29.835-16.824-40h209.647C430.447 426.165 424 440.326 424 456c0 30.928 25.072 56 56 56s56-25.072 56-56c0-22.172-12.888-41.332-31.579-50.405l5.517-24.276c3.413-15.018-8.002-29.319-23.403-29.319H218.117l-6.545-32h293.145c11.206 0 20.92-7.754 23.403-18.681z\"><\/path><\/svg>\t\t\t<\/span>\n\t\t\t\t\t\t\t\t\t<span class=\"elementor-button-text\">Sumpfsegge auf Pond Master.de kaufen<\/span>\n\t\t\t\t\t<\/span>\n\t\t\t\t\t<\/a>\n\t\t\t\t<\/div>\n\t\t\t\t\t\t\t\t<\/div>\n\t\t\t\t<\/div>\n\t\t\t\t\t<\/div>\n\t\t\t\t<\/div>\n\t\t\t\t<\/div>","protected":false},"excerpt":{"rendered":"<p>Sumpf-Seegras Sumpf-Seegras. Immergr\u00fcne Uferpflanze. Sie wollen auch im Winter ein gr\u00fcnes Bild? Dann ist Sumpfsegge die Antwort. Dieses immergr\u00fcne Gew\u00e4chs sieht in jedem Teich oder Helophytenfilter gut aus. Au\u00dferdem entzieht es dem Wasser N\u00e4hrstoffe wie Stickstoff und Phosphor und verbessert so die Wasserqualit\u00e4t. Diese einheimische Pflanze f\u00fcllt die R\u00e4nder Ihres Teiches sch\u00f6n auf, so dass [...]<\/p>","protected":false},"author":4,"featured_media":0,"parent":631,"menu_order":6,"comment_status":"closed","ping_status":"closed","template":"","meta":{"_acf_changed":false,"iawp_total_views":272,"footnotes":""},"class_list":["post-500","page","type-page","status-publish","hentry"],"acf":[],"yoast_head":"<!-- This site is optimized with the Yoast SEO plugin v25.5 - https:\/\/yoast.com\/wordpress\/plugins\/seo\/ -->\n<title>Moeraszegge. Groenblijvende Waterplant | Zuurstofplanten.net<\/title>\n<meta name=\"description\" content=\"Als u op zoek bent naar een groenblijvende waterplant is Zegge een uitstekende keuze. U kunt Zegge kopen in onze partner webshop.\" \/>\n<meta name=\"robots\" content=\"index, follow, max-snippet:-1, max-image-preview:large, max-video-preview:-1\" \/>\n<link rel=\"canonical\" href=\"https:\/\/www.zuurstofplanten.net\/de\/uferpflanzen\/sagen\/\" \/>\n<meta property=\"og:locale\" content=\"de_DE\" \/>\n<meta property=\"og:type\" content=\"article\" \/>\n<meta property=\"og:title\" content=\"Moeraszegge. Groenblijvende Waterplant | Zuurstofplanten.net\" \/>\n<meta property=\"og:description\" content=\"Als u op zoek bent naar een groenblijvende waterplant is Zegge een uitstekende keuze. U kunt Zegge kopen in onze partner webshop.\" \/>\n<meta property=\"og:url\" content=\"https:\/\/www.zuurstofplanten.net\/de\/uferpflanzen\/sagen\/\" \/>\n<meta property=\"og:site_name\" content=\"Zuurstofplanten.net\" \/>\n<meta property=\"article:modified_time\" content=\"2025-06-04T09:46:51+00:00\" \/>\n<meta property=\"og:image\" content=\"https:\/\/www.zuurstofplanten.net\/wp-content\/uploads\/2024\/10\/moeraszegge.jpg\" \/>\n\t<meta property=\"og:image:width\" content=\"700\" \/>\n\t<meta property=\"og:image:height\" content=\"700\" \/>\n\t<meta property=\"og:image:type\" content=\"image\/jpeg\" \/>\n<meta name=\"twitter:card\" content=\"summary_large_image\" \/>\n<meta name=\"twitter:label1\" content=\"Gesch\u00e4tzte Lesezeit\" \/>\n\t<meta name=\"twitter:data1\" content=\"3\u00a0Minuten\" \/>\n<script type=\"application\/ld+json\" class=\"yoast-schema-graph\">{\"@context\":\"https:\/\/schema.org\",\"@graph\":[{\"@type\":\"WebPage\",\"@id\":\"https:\/\/www.zuurstofplanten.net\/oeverplanten\/zegge\/\",\"url\":\"https:\/\/www.zuurstofplanten.net\/oeverplanten\/zegge\/\",\"name\":\"Moeraszegge. Groenblijvende Waterplant | Zuurstofplanten.net\",\"isPartOf\":{\"@id\":\"https:\/\/www.zuurstofplanten.net\/#website\"},\"primaryImageOfPage\":{\"@id\":\"https:\/\/www.zuurstofplanten.net\/oeverplanten\/zegge\/#primaryimage\"},\"image\":{\"@id\":\"https:\/\/www.zuurstofplanten.net\/oeverplanten\/zegge\/#primaryimage\"},\"thumbnailUrl\":\"https:\/\/www.zuurstofplanten.net\/wp-content\/uploads\/2024\/10\/moeraszegge-300x300.jpg\",\"datePublished\":\"2024-10-11T13:36:26+00:00\",\"dateModified\":\"2025-06-04T09:46:51+00:00\",\"description\":\"Als u op zoek bent naar een groenblijvende waterplant is Zegge een uitstekende keuze. U kunt Zegge kopen in onze partner webshop.\",\"breadcrumb\":{\"@id\":\"https:\/\/www.zuurstofplanten.net\/oeverplanten\/zegge\/#breadcrumb\"},\"inLanguage\":\"de\",\"potentialAction\":[{\"@type\":\"ReadAction\",\"target\":[\"https:\/\/www.zuurstofplanten.net\/oeverplanten\/zegge\/\"]}]},{\"@type\":\"ImageObject\",\"inLanguage\":\"de\",\"@id\":\"https:\/\/www.zuurstofplanten.net\/oeverplanten\/zegge\/#primaryimage\",\"url\":\"https:\/\/www.zuurstofplanten.net\/wp-content\/uploads\/2024\/10\/moeraszegge-300x300.jpg\",\"contentUrl\":\"https:\/\/www.zuurstofplanten.net\/wp-content\/uploads\/2024\/10\/moeraszegge-300x300.jpg\"},{\"@type\":\"BreadcrumbList\",\"@id\":\"https:\/\/www.zuurstofplanten.net\/oeverplanten\/zegge\/#breadcrumb\",\"itemListElement\":[{\"@type\":\"ListItem\",\"position\":1,\"name\":\"Home\",\"item\":\"https:\/\/www.zuurstofplanten.net\/\"},{\"@type\":\"ListItem\",\"position\":2,\"name\":\"Oeverplanten\",\"item\":\"https:\/\/www.zuurstofplanten.net\/oeverplanten\/\"},{\"@type\":\"ListItem\",\"position\":3,\"name\":\"Moeraszegge\"}]},{\"@type\":\"WebSite\",\"@id\":\"https:\/\/www.zuurstofplanten.net\/#website\",\"url\":\"https:\/\/www.zuurstofplanten.net\/\",\"name\":\"Zuurstofplanten.net\",\"description\":\"\",\"publisher\":{\"@id\":\"https:\/\/www.zuurstofplanten.net\/#organization\"},\"potentialAction\":[{\"@type\":\"SearchAction\",\"target\":{\"@type\":\"EntryPoint\",\"urlTemplate\":\"https:\/\/www.zuurstofplanten.net\/?s={search_term_string}\"},\"query-input\":{\"@type\":\"PropertyValueSpecification\",\"valueRequired\":true,\"valueName\":\"search_term_string\"}}],\"inLanguage\":\"de\"},{\"@type\":\"Organization\",\"@id\":\"https:\/\/www.zuurstofplanten.net\/#organization\",\"name\":\"Zuurstofplanten.net\",\"url\":\"https:\/\/www.zuurstofplanten.net\/\",\"logo\":{\"@type\":\"ImageObject\",\"inLanguage\":\"de\",\"@id\":\"https:\/\/www.zuurstofplanten.net\/#\/schema\/logo\/image\/\",\"url\":\"https:\/\/www.zuurstofplanten.net\/wp-content\/uploads\/2024\/10\/zuurstofplanten-logo-1.jpg\",\"contentUrl\":\"https:\/\/www.zuurstofplanten.net\/wp-content\/uploads\/2024\/10\/zuurstofplanten-logo-1.jpg\",\"width\":180,\"height\":60,\"caption\":\"Zuurstofplanten.net\"},\"image\":{\"@id\":\"https:\/\/www.zuurstofplanten.net\/#\/schema\/logo\/image\/\"}}]}<\/script>\n<!-- \/ Yoast SEO plugin. -->","yoast_head_json":{"title":"Sumpf-Seegras. Immergr\u00fcne Wasserpflanze | Oxygenplants.net","description":"Wenn Sie auf der Suche nach einer immergr\u00fcnen Wasserpflanze sind, ist Roggen eine ausgezeichnete Wahl. Sie k\u00f6nnen Zegge in unserem Partner-Webshop kaufen.","robots":{"index":"index","follow":"follow","max-snippet":"max-snippet:-1","max-image-preview":"max-image-preview:large","max-video-preview":"max-video-preview:-1"},"canonical":"https:\/\/www.zuurstofplanten.net\/de\/uferpflanzen\/sagen\/","og_locale":"de_DE","og_type":"article","og_title":"Moeraszegge. Groenblijvende Waterplant | Zuurstofplanten.net","og_description":"Als u op zoek bent naar een groenblijvende waterplant is Zegge een uitstekende keuze. U kunt Zegge kopen in onze partner webshop.","og_url":"https:\/\/www.zuurstofplanten.net\/de\/uferpflanzen\/sagen\/","og_site_name":"Zuurstofplanten.net","article_modified_time":"2025-06-04T09:46:51+00:00","og_image":[{"width":700,"height":700,"url":"https:\/\/www.zuurstofplanten.net\/wp-content\/uploads\/2024\/10\/moeraszegge.jpg","type":"image\/jpeg"}],"twitter_card":"summary_large_image","twitter_misc":{"Gesch\u00e4tzte Lesezeit":"3\u00a0Minuten"},"schema":{"@context":"https:\/\/schema.org","@graph":[{"@type":"WebPage","@id":"https:\/\/www.zuurstofplanten.net\/oeverplanten\/zegge\/","url":"https:\/\/www.zuurstofplanten.net\/oeverplanten\/zegge\/","name":"Sumpf-Seegras. Immergr\u00fcne Wasserpflanze | Oxygenplants.net","isPartOf":{"@id":"https:\/\/www.zuurstofplanten.net\/#website"},"primaryImageOfPage":{"@id":"https:\/\/www.zuurstofplanten.net\/oeverplanten\/zegge\/#primaryimage"},"image":{"@id":"https:\/\/www.zuurstofplanten.net\/oeverplanten\/zegge\/#primaryimage"},"thumbnailUrl":"https:\/\/www.zuurstofplanten.net\/wp-content\/uploads\/2024\/10\/moeraszegge-300x300.jpg","datePublished":"2024-10-11T13:36:26+00:00","dateModified":"2025-06-04T09:46:51+00:00","description":"Wenn Sie auf der Suche nach einer immergr\u00fcnen Wasserpflanze sind, ist Roggen eine ausgezeichnete Wahl. Sie k\u00f6nnen Zegge in unserem Partner-Webshop kaufen.","breadcrumb":{"@id":"https:\/\/www.zuurstofplanten.net\/oeverplanten\/zegge\/#breadcrumb"},"inLanguage":"de","potentialAction":[{"@type":"ReadAction","target":["https:\/\/www.zuurstofplanten.net\/oeverplanten\/zegge\/"]}]},{"@type":"ImageObject","inLanguage":"de","@id":"https:\/\/www.zuurstofplanten.net\/oeverplanten\/zegge\/#primaryimage","url":"https:\/\/www.zuurstofplanten.net\/wp-content\/uploads\/2024\/10\/moeraszegge-300x300.jpg","contentUrl":"https:\/\/www.zuurstofplanten.net\/wp-content\/uploads\/2024\/10\/moeraszegge-300x300.jpg"},{"@type":"BreadcrumbList","@id":"https:\/\/www.zuurstofplanten.net\/oeverplanten\/zegge\/#breadcrumb","itemListElement":[{"@type":"ListItem","position":1,"name":"Home","item":"https:\/\/www.zuurstofplanten.net\/"},{"@type":"ListItem","position":2,"name":"Oeverplanten","item":"https:\/\/www.zuurstofplanten.net\/oeverplanten\/"},{"@type":"ListItem","position":3,"name":"Moeraszegge"}]},{"@type":"WebSite","@id":"https:\/\/www.zuurstofplanten.net\/#website","url":"https:\/\/www.zuurstofplanten.net\/","name":"Zuurstofplanten.net","description":"","publisher":{"@id":"https:\/\/www.zuurstofplanten.net\/#organization"},"potentialAction":[{"@type":"SearchAction","target":{"@type":"EntryPoint","urlTemplate":"https:\/\/www.zuurstofplanten.net\/?s={search_term_string}"},"query-input":{"@type":"PropertyValueSpecification","valueRequired":true,"valueName":"search_term_string"}}],"inLanguage":"de"},{"@type":"Organization","@id":"https:\/\/www.zuurstofplanten.net\/#organization","name":"Zuurstofplanten.net","url":"https:\/\/www.zuurstofplanten.net\/","logo":{"@type":"ImageObject","inLanguage":"de","@id":"https:\/\/www.zuurstofplanten.net\/#\/schema\/logo\/image\/","url":"https:\/\/www.zuurstofplanten.net\/wp-content\/uploads\/2024\/10\/zuurstofplanten-logo-1.jpg","contentUrl":"https:\/\/www.zuurstofplanten.net\/wp-content\/uploads\/2024\/10\/zuurstofplanten-logo-1.jpg","width":180,"height":60,"caption":"Zuurstofplanten.net"},"image":{"@id":"https:\/\/www.zuurstofplanten.net\/#\/schema\/logo\/image\/"}}]}},"_links":{"self":[{"href":"https:\/\/www.zuurstofplanten.net\/de\/wp-json\/wp\/v2\/pages\/500"}],"collection":[{"href":"https:\/\/www.zuurstofplanten.net\/de\/wp-json\/wp\/v2\/pages"}],"about":[{"href":"https:\/\/www.zuurstofplanten.net\/de\/wp-json\/wp\/v2\/types\/page"}],"author":[{"embeddable":true,"href":"https:\/\/www.zuurstofplanten.net\/de\/wp-json\/wp\/v2\/users\/4"}],"replies":[{"embeddable":true,"href":"https:\/\/www.zuurstofplanten.net\/de\/wp-json\/wp\/v2\/comments?post=500"}],"version-history":[{"count":20,"href":"https:\/\/www.zuurstofplanten.net\/de\/wp-json\/wp\/v2\/pages\/500\/revisions"}],"predecessor-version":[{"id":2129,"href":"https:\/\/www.zuurstofplanten.net\/de\/wp-json\/wp\/v2\/pages\/500\/revisions\/2129"}],"up":[{"embeddable":true,"href":"https:\/\/www.zuurstofplanten.net\/de\/wp-json\/wp\/v2\/pages\/631"}],"wp:attachment":[{"href":"https:\/\/www.zuurstofplanten.net\/de\/wp-json\/wp\/v2\/media?parent=500"}],"curies":[{"name":"wp","href":"https:\/\/api.w.org\/{rel}","templated":true}]}}