{"id":479,"date":"2024-10-11T13:12:39","date_gmt":"2024-10-11T13:12:39","guid":{"rendered":"https:\/\/baselinkhosting.nl\/zuurstofplanten\/?page_id=479"},"modified":"2025-06-04T09:47:25","modified_gmt":"2025-06-04T09:47:25","slug":"dreiblatt","status":"publish","type":"page","link":"https:\/\/www.zuurstofplanten.net\/de\/uferpflanzen\/dreiblatt\/","title":{"rendered":"Kleines Wasserblatt"},"content":{"rendered":"<div data-elementor-type=\"wp-page\" data-elementor-id=\"479\" class=\"elementor elementor-479\" data-elementor-post-type=\"page\">\n\t\t\t\t<div class=\"elementor-element elementor-element-7cb4617 e-flex e-con-boxed e-con e-parent\" data-id=\"7cb4617\" data-element_type=\"container\" data-e-type=\"container\" data-settings=\"{&quot;background_background&quot;:&quot;classic&quot;}\">\n\t\t\t\t\t<div class=\"e-con-inner\">\n\t\t\t\t<div class=\"elementor-element elementor-element-5a129c9 elementor-widget elementor-widget-heading\" data-id=\"5a129c9\" data-element_type=\"widget\" data-e-type=\"widget\" data-widget_type=\"heading.default\">\n\t\t\t\t<div class=\"elementor-widget-container\">\n\t\t\t\t\t<h1 class=\"elementor-heading-title elementor-size-default\">Kleines Wasserblatt<\/h1>\t\t\t\t<\/div>\n\t\t\t\t<\/div>\n\t\t\t\t<div class=\"elementor-element elementor-element-520506e elementor-widget elementor-widget-breadcrumbs\" data-id=\"520506e\" data-element_type=\"widget\" data-e-type=\"widget\" data-widget_type=\"breadcrumbs.default\">\n\t\t\t\t<div class=\"elementor-widget-container\">\n\t\t\t\t\t<p id=\"breadcrumbs\"><span><span><a href=\"https:\/\/www.zuurstofplanten.net\/de\/\">Startseite<\/a><\/span><\/span><\/p>\t\t\t\t<\/div>\n\t\t\t\t<\/div>\n\t\t\t\t\t<\/div>\n\t\t\t\t<\/div>\n\t\t<div class=\"elementor-element elementor-element-072c4fc e-flex e-con-boxed e-con e-parent\" data-id=\"072c4fc\" data-element_type=\"container\" data-e-type=\"container\">\n\t\t\t\t\t<div class=\"e-con-inner\">\n\t\t\t\t<div class=\"elementor-element elementor-element-d37c800 elementor-widget elementor-widget-heading\" data-id=\"d37c800\" data-element_type=\"widget\" data-e-type=\"widget\" data-widget_type=\"heading.default\">\n\t\t\t\t<div class=\"elementor-widget-container\">\n\t\t\t\t\t<h2 class=\"elementor-heading-title elementor-size-default\">Wasserdistel. Sch\u00f6ne bl\u00fchende Sumpfpflanze<\/h2>\t\t\t\t<\/div>\n\t\t\t\t<\/div>\n\t\t<div class=\"elementor-element elementor-element-89b1fcb e-grid e-con-full e-con e-child\" data-id=\"89b1fcb\" data-element_type=\"container\" data-e-type=\"container\">\n\t\t\t\t<div class=\"elementor-element elementor-element-05d940b elementor-widget elementor-widget-text-editor\" data-id=\"05d940b\" data-element_type=\"widget\" data-e-type=\"widget\" data-widget_type=\"text-editor.default\">\n\t\t\t\t<div class=\"elementor-widget-container\">\n\t\t\t\t\t\t\t\t\t<p>Diese Sumpfpflanze kommt in den Niederlanden wild vor. Leider steht sie auf der Roten Liste, was bedeutet, dass sie in der freien Natur immer seltener wird. Der lateinische Name dieser sch\u00f6nen Sumpfpflanze lautet\u00a0<em>Menyanthes Trifoliata.<\/em>\u00a0Diese besondere Pflanze ist monotypisch, d. h. sie ist die einzige Art dieser Gattung. Die Wasserdistel tr\u00e4gt ihre Winterknospen unter Wasser und bl\u00fcht \u00fcber Wasser. Sie ist an ihren langen, fadenf\u00f6rmigen Wurzeln zu erkennen. An diesen Wurzeln h\u00e4ngen die St\u00e4ngel mit den drei runden Bl\u00e4ttern, von denen die Pflanze ihren Namen hat. Diese Sumpfpflanze hat h\u00fcbsche rosafarbene Knospen, aus denen sich wei\u00dfe Bl\u00fcten entwickeln, die an Sterne erinnern. Jede Bl\u00fcte hat f\u00fcnf Staubgef\u00e4\u00dfe und es k\u00f6nnen 10 bis 30 Bl\u00fcten an einem St\u00e4ngel sein.\u00a0<\/p>\t\t\t\t\t\t\t\t<\/div>\n\t\t\t\t<\/div>\n\t\t\t\t<div class=\"elementor-element elementor-element-53bf142 elementor-cta--skin-classic elementor-animated-content elementor-bg-transform elementor-bg-transform-zoom-in elementor-widget elementor-widget-call-to-action\" data-id=\"53bf142\" data-element_type=\"widget\" data-e-type=\"widget\" data-widget_type=\"call-to-action.default\">\n\t\t\t\t<div class=\"elementor-widget-container\">\n\t\t\t\t\t\t\t<a class=\"elementor-cta\" href=\"https:\/\/vijvermeester.nl\/waterdrieblad.html?utm_source=affiliate&#038;utm_medium=partner&#038;utm_campaign=zuurstofplanten_net&#038;utm_content=waterdrieblad\" rel=\"nofollow\">\n\t\t\t\t\t<div class=\"elementor-cta__bg-wrapper\">\n\t\t\t\t<div class=\"elementor-cta__bg elementor-bg\" style=\"background-image: url(https:\/\/www.zuurstofplanten.net\/wp-content\/uploads\/2024\/10\/Waterdrieblad.jpg);\" role=\"img\" aria-label=\"Kleines Wasserblatt\"><\/div>\n\t\t\t\t<div class=\"elementor-cta__bg-overlay\"><\/div>\n\t\t\t<\/div>\n\t\t\t\t\t\t\t<div class=\"elementor-cta__content\">\n\t\t\t\t\n\t\t\t\t\t\t\t\t\t<h2 class=\"elementor-cta__title elementor-cta__content-item elementor-content-item\">\n\t\t\t\t\t\tWasserdistel-Bl\u00e4tter kaufen?\t\t\t\t\t<\/h2>\n\t\t\t\t\n\t\t\t\t\t\t\t\t\t<div class=\"elementor-cta__description elementor-cta__content-item elementor-content-item\">\n\t\t\t\t\t\tWaterdrie-Bl\u00e4tter sind \u00fcber den Webshop von De Vijvermeester zu verkaufen. Hier k\u00f6nnen Sie sch\u00f6ne Str\u00e4u\u00dfe von hoher Qualit\u00e4t finden.\t\t\t\t\t<\/div>\n\t\t\t\t\n\t\t\t\t\t\t\t\t\t<div class=\"elementor-cta__button-wrapper elementor-cta__content-item elementor-content-item\">\n\t\t\t\t\t<span class=\"elementor-cta__button elementor-button elementor-size-\">\n\t\t\t\t\t\tBestellung auf Vijvermeester.nl\t\t\t\t\t<\/span>\n\t\t\t\t\t<\/div>\n\t\t\t\t\t\t\t<\/div>\n\t\t\t\t\t\t<\/a>\n\t\t\t\t\t\t<\/div>\n\t\t\t\t<\/div>\n\t\t\t\t<\/div>\n\t\t\t\t<div class=\"elementor-element elementor-element-a440f6e elementor-widget elementor-widget-heading\" data-id=\"a440f6e\" data-element_type=\"widget\" data-e-type=\"widget\" data-widget_type=\"heading.default\">\n\t\t\t\t<div class=\"elementor-widget-container\">\n\t\t\t\t\t<h3 class=\"elementor-heading-title elementor-size-default\">Kleeblatt in einer Reihe<\/h3>\t\t\t\t<\/div>\n\t\t\t\t<\/div>\n\t\t\t\t<div class=\"elementor-element elementor-element-e1837cd elementor-widget elementor-widget-text-editor\" data-id=\"e1837cd\" data-element_type=\"widget\" data-e-type=\"widget\" data-widget_type=\"text-editor.default\">\n\t\t\t\t<div class=\"elementor-widget-container\">\n\t\t\t\t\t\t\t\t\t<ul><li>Lateinischer Name\u00a0<em>Menyanthes Trifoliata.<\/em><\/li><li>W\u00e4chst zwischen 15 und 30 cm hoch.<\/li><li>Standort: Sonne oder Halbschatten.<\/li><li>Seichtes, n\u00e4hrstoffreiches Wasser, aber auch in Teichen.<\/li><li>\u00dcberlebt den Winter dank der untergetauchten Knospen.<\/li><li>Rot-rosa Knospen mit wei\u00dfen Bl\u00fcten.<\/li><\/ul>\t\t\t\t\t\t\t\t<\/div>\n\t\t\t\t<\/div>\n\t\t\t\t<div class=\"elementor-element elementor-element-fa93429 elementor-widget elementor-widget-heading\" data-id=\"fa93429\" data-element_type=\"widget\" data-e-type=\"widget\" data-widget_type=\"heading.default\">\n\t\t\t\t<div class=\"elementor-widget-container\">\n\t\t\t\t\t<h3 class=\"elementor-heading-title elementor-size-default\">H\u00e4ufig gestellte Fragen<\/h3>\t\t\t\t<\/div>\n\t\t\t\t<\/div>\n\t\t\t\t<div class=\"elementor-element elementor-element-6f7d77f elementor-widget elementor-widget-heading\" data-id=\"6f7d77f\" data-element_type=\"widget\" data-e-type=\"widget\" data-widget_type=\"heading.default\">\n\t\t\t\t<div class=\"elementor-widget-container\">\n\t\t\t\t\t<h4 class=\"elementor-heading-title elementor-size-default\">Wie beschneide ich die Wasserdistel?<\/h4>\t\t\t\t<\/div>\n\t\t\t\t<\/div>\n\t\t\t\t<div class=\"elementor-element elementor-element-956261d elementor-widget elementor-widget-text-editor\" data-id=\"956261d\" data-element_type=\"widget\" data-e-type=\"widget\" data-widget_type=\"text-editor.default\">\n\t\t\t\t<div class=\"elementor-widget-container\">\n\t\t\t\t\t\t\t\t\t<p>Die Wasserdistel (Menyanthes trifoliata) ist eine Wasserpflanze, die haupts\u00e4chlich in Teichen und sumpfigen Gebieten w\u00e4chst. Schneiden Sie die Pflanze im Fr\u00fchjahr oder Herbst, um \u00fcberm\u00e4\u00dfiges Wachstum zu kontrollieren. Entfernen Sie alte und geschw\u00e4chte Triebe, indem Sie sie mit einer scharfen Gartenschere kurz \u00fcber der Basis abschneiden. Achten Sie darauf, nicht zu viel auf einmal zu entfernen, damit die Pflanze gen\u00fcgend Kraft beh\u00e4lt. Entfernen Sie auch regelm\u00e4\u00dfig abgestorbene Bl\u00e4tter, um F\u00e4ulnis zu vermeiden. Wenn die Pflanze zu gro\u00df wird, k\u00f6nnen Sie sie vorsichtig teilen und neu einpflanzen.<\/p>\t\t\t\t\t\t\t\t<\/div>\n\t\t\t\t<\/div>\n\t\t\t\t<div class=\"elementor-element elementor-element-61fdde7 elementor-widget elementor-widget-heading\" data-id=\"61fdde7\" data-element_type=\"widget\" data-e-type=\"widget\" data-widget_type=\"heading.default\">\n\t\t\t\t<div class=\"elementor-widget-container\">\n\t\t\t\t\t<h4 class=\"elementor-heading-title elementor-size-default\">Welche Pflanztiefe hat das Kleeblatt?<\/h4>\t\t\t\t<\/div>\n\t\t\t\t<\/div>\n\t\t\t\t<div class=\"elementor-element elementor-element-1a01578 elementor-widget elementor-widget-text-editor\" data-id=\"1a01578\" data-element_type=\"widget\" data-e-type=\"widget\" data-widget_type=\"text-editor.default\">\n\t\t\t\t<div class=\"elementor-widget-container\">\n\t\t\t\t\t\t\t\t\t<p>Die Wasserdistel w\u00e4chst am besten in flachem Wasser oder feuchtem Boden. Pflanzen Sie sie daher etwa 5 bis 20 cm tief unter Wasser. Achten Sie darauf, dass ihre Wurzeln fest im Schlamm oder Teichboden verankert sind. Wenn Sie sie in einen Teich pflanzen, setzen Sie sie an den flachen Rand oder in eine spezielle Sumpfzone. Achten Sie darauf, dass die Pflanze nicht zu tief eingepflanzt wird, da dies ihr Wachstum verlangsamen oder zum Verfaulen der Wurzeln f\u00fchren kann. Wichtig f\u00fcr ein gesundes Wachstum ist auch die regelm\u00e4\u00dfige Kontrolle, dass die Pflanze bei schwankendem Wasserstand nicht ertrinkt.<\/p>\t\t\t\t\t\t\t\t<\/div>\n\t\t\t\t<\/div>\n\t\t\t\t<div class=\"elementor-element elementor-element-2dbd600 elementor-widget elementor-widget-heading\" data-id=\"2dbd600\" data-element_type=\"widget\" data-e-type=\"widget\" data-widget_type=\"heading.default\">\n\t\t\t\t<div class=\"elementor-widget-container\">\n\t\t\t\t\t<h2 class=\"elementor-heading-title elementor-size-default\">Wasserdistel-Bl\u00e4tter kaufen?<\/h2>\t\t\t\t<\/div>\n\t\t\t\t<\/div>\n\t\t\t\t<div class=\"elementor-element elementor-element-88fd0a8 elementor-widget elementor-widget-image\" data-id=\"88fd0a8\" data-element_type=\"widget\" data-e-type=\"widget\" data-widget_type=\"image.default\">\n\t\t\t\t<div class=\"elementor-widget-container\">\n\t\t\t\t\t\t\t\t\t\t\t\t\t\t\t<img fetchpriority=\"high\" decoding=\"async\" width=\"245\" height=\"300\" src=\"https:\/\/www.zuurstofplanten.net\/wp-content\/uploads\/2024\/10\/Waterdrieblad-245x300.jpg\" class=\"attachment-medium size-medium wp-image-335\" alt=\"\" srcset=\"https:\/\/www.zuurstofplanten.net\/wp-content\/uploads\/2024\/10\/Waterdrieblad-245x300.jpg 245w, https:\/\/www.zuurstofplanten.net\/wp-content\/uploads\/2024\/10\/Waterdrieblad.jpg 636w\" sizes=\"(max-width: 245px) 100vw, 245px\" \/>\t\t\t\t\t\t\t\t\t\t\t\t\t\t\t<\/div>\n\t\t\t\t<\/div>\n\t\t\t\t<div class=\"elementor-element elementor-element-37cef72 elementor-widget elementor-widget-text-editor\" data-id=\"37cef72\" data-element_type=\"widget\" data-e-type=\"widget\" data-widget_type=\"text-editor.default\">\n\t\t\t\t<div class=\"elementor-widget-container\">\n\t\t\t\t\t\t\t\t\t<p>Waterdrie-Bl\u00e4tter sind \u00fcber den Webshop von De Vijvermeester zu verkaufen. Hier k\u00f6nnen Sie sch\u00f6ne Str\u00e4u\u00dfe von hoher Qualit\u00e4t finden.<\/p>\t\t\t\t\t\t\t\t<\/div>\n\t\t\t\t<\/div>\n\t\t\t\t<div class=\"elementor-element elementor-element-1be969c elementor-align-left elementor-widget elementor-widget-button\" data-id=\"1be969c\" data-element_type=\"widget\" data-e-type=\"widget\" data-widget_type=\"button.default\">\n\t\t\t\t<div class=\"elementor-widget-container\">\n\t\t\t\t\t\t\t\t\t<div class=\"elementor-button-wrapper\">\n\t\t\t\t\t<a class=\"elementor-button elementor-button-link elementor-size-sm elementor-animation-grow\" href=\"https:\/\/vijvermeester.nl\/waterdrieblad.html?utm_source=affiliate&#038;utm_medium=partner&#038;utm_campaign=zuurstofplanten_net&#038;utm_content=waterdrieblad\">\n\t\t\t\t\t\t<span class=\"elementor-button-content-wrapper\">\n\t\t\t\t\t\t<span class=\"elementor-button-icon\">\n\t\t\t\t<svg aria-hidden=\"true\" class=\"e-font-icon-svg e-fas-shopping-cart\" viewbox=\"0 0 576 512\" xmlns=\"http:\/\/www.w3.org\/2000\/svg\"><path d=\"M528.12 301.319l47.273-208C578.806 78.301 567.391 64 551.99 64H159.208l-9.166-44.81C147.758 8.021 137.93 0 126.529 0H24C10.745 0 0 10.745 0 24v16c0 13.255 10.745 24 24 24h69.883l70.248 343.435C147.325 417.1 136 435.222 136 456c0 30.928 25.072 56 56 56s56-25.072 56-56c0-15.674-6.447-29.835-16.824-40h209.647C430.447 426.165 424 440.326 424 456c0 30.928 25.072 56 56 56s56-25.072 56-56c0-22.172-12.888-41.332-31.579-50.405l5.517-24.276c3.413-15.018-8.002-29.319-23.403-29.319H218.117l-6.545-32h293.145c11.206 0 20.92-7.754 23.403-18.681z\"><\/path><\/svg>\t\t\t<\/span>\n\t\t\t\t\t\t\t\t\t<span class=\"elementor-button-text\">Waterdrie Leaf auf Pondmaster.de kaufen<\/span>\n\t\t\t\t\t<\/span>\n\t\t\t\t\t<\/a>\n\t\t\t\t<\/div>\n\t\t\t\t\t\t\t\t<\/div>\n\t\t\t\t<\/div>\n\t\t\t\t\t<\/div>\n\t\t\t\t<\/div>\n\t\t\t\t<\/div>","protected":false},"excerpt":{"rendered":"<p>Wasserdotterblume Wasserdotterblume. Sch\u00f6ne bl\u00fchende Sumpfpflanze Diese Sumpfpflanze kommt in den Niederlanden wild vor. Leider steht sie auf der Roten Liste, was bedeutet, dass sie in der freien Natur immer seltener wird. Der lateinische Name dieser sch\u00f6nen Sumpfpflanze ist Menyanthes Trifoliata. Diese besondere Pflanze ist monotypisch, das hei\u00dft, sie ist die einzige Art dieser Gattung. Das Kleeblatt hat [...]<\/p>","protected":false},"author":4,"featured_media":0,"parent":631,"menu_order":8,"comment_status":"closed","ping_status":"closed","template":"","meta":{"_acf_changed":false,"iawp_total_views":370,"footnotes":""},"class_list":["post-479","page","type-page","status-publish","hentry"],"acf":[],"yoast_head":"<!-- This site is optimized with the Yoast SEO plugin v25.5 - https:\/\/yoast.com\/wordpress\/plugins\/seo\/ -->\n<title>Waterdrieblad. Eigenschappen, Snoeitips en meer | Zuurstofplanten<\/title>\n<meta name=\"description\" content=\"Waterdrieblad is een mooie bloeiende moerasplant. Op deze pagina geven we informatie over deze oeverplant. Waterdrieblad is te koop op onze webshop.\" \/>\n<meta name=\"robots\" content=\"index, follow, max-snippet:-1, max-image-preview:large, max-video-preview:-1\" \/>\n<link rel=\"canonical\" href=\"https:\/\/www.zuurstofplanten.net\/de\/uferpflanzen\/dreiblatt\/\" \/>\n<meta property=\"og:locale\" content=\"de_DE\" \/>\n<meta property=\"og:type\" content=\"article\" \/>\n<meta property=\"og:title\" content=\"Waterdrieblad. Eigenschappen, Snoeitips en meer | Zuurstofplanten\" \/>\n<meta property=\"og:description\" content=\"Waterdrieblad is een mooie bloeiende moerasplant. Op deze pagina geven we informatie over deze oeverplant. Waterdrieblad is te koop op onze webshop.\" \/>\n<meta property=\"og:url\" content=\"https:\/\/www.zuurstofplanten.net\/de\/uferpflanzen\/dreiblatt\/\" \/>\n<meta property=\"og:site_name\" content=\"Zuurstofplanten.net\" \/>\n<meta property=\"article:modified_time\" content=\"2025-06-04T09:47:25+00:00\" \/>\n<meta property=\"og:image\" content=\"https:\/\/www.zuurstofplanten.net\/wp-content\/uploads\/2024\/10\/Waterdrieblad.jpg\" \/>\n\t<meta property=\"og:image:width\" content=\"636\" \/>\n\t<meta property=\"og:image:height\" content=\"778\" \/>\n\t<meta property=\"og:image:type\" content=\"image\/jpeg\" \/>\n<meta name=\"twitter:card\" content=\"summary_large_image\" \/>\n<meta name=\"twitter:label1\" content=\"Gesch\u00e4tzte Lesezeit\" \/>\n\t<meta name=\"twitter:data1\" content=\"3\u00a0Minuten\" \/>\n<script type=\"application\/ld+json\" class=\"yoast-schema-graph\">{\"@context\":\"https:\/\/schema.org\",\"@graph\":[{\"@type\":\"WebPage\",\"@id\":\"https:\/\/www.zuurstofplanten.net\/oeverplanten\/waterdrieblad\/\",\"url\":\"https:\/\/www.zuurstofplanten.net\/oeverplanten\/waterdrieblad\/\",\"name\":\"Waterdrieblad. Eigenschappen, Snoeitips en meer | Zuurstofplanten\",\"isPartOf\":{\"@id\":\"https:\/\/www.zuurstofplanten.net\/#website\"},\"primaryImageOfPage\":{\"@id\":\"https:\/\/www.zuurstofplanten.net\/oeverplanten\/waterdrieblad\/#primaryimage\"},\"image\":{\"@id\":\"https:\/\/www.zuurstofplanten.net\/oeverplanten\/waterdrieblad\/#primaryimage\"},\"thumbnailUrl\":\"https:\/\/www.zuurstofplanten.net\/wp-content\/uploads\/2024\/10\/Waterdrieblad-245x300.jpg\",\"datePublished\":\"2024-10-11T13:12:39+00:00\",\"dateModified\":\"2025-06-04T09:47:25+00:00\",\"description\":\"Waterdrieblad is een mooie bloeiende moerasplant. Op deze pagina geven we informatie over deze oeverplant. Waterdrieblad is te koop op onze webshop.\",\"breadcrumb\":{\"@id\":\"https:\/\/www.zuurstofplanten.net\/oeverplanten\/waterdrieblad\/#breadcrumb\"},\"inLanguage\":\"de\",\"potentialAction\":[{\"@type\":\"ReadAction\",\"target\":[\"https:\/\/www.zuurstofplanten.net\/oeverplanten\/waterdrieblad\/\"]}]},{\"@type\":\"ImageObject\",\"inLanguage\":\"de\",\"@id\":\"https:\/\/www.zuurstofplanten.net\/oeverplanten\/waterdrieblad\/#primaryimage\",\"url\":\"https:\/\/www.zuurstofplanten.net\/wp-content\/uploads\/2024\/10\/Waterdrieblad-245x300.jpg\",\"contentUrl\":\"https:\/\/www.zuurstofplanten.net\/wp-content\/uploads\/2024\/10\/Waterdrieblad-245x300.jpg\"},{\"@type\":\"BreadcrumbList\",\"@id\":\"https:\/\/www.zuurstofplanten.net\/oeverplanten\/waterdrieblad\/#breadcrumb\",\"itemListElement\":[{\"@type\":\"ListItem\",\"position\":1,\"name\":\"Home\",\"item\":\"https:\/\/www.zuurstofplanten.net\/\"},{\"@type\":\"ListItem\",\"position\":2,\"name\":\"Oeverplanten\",\"item\":\"https:\/\/www.zuurstofplanten.net\/oeverplanten\/\"},{\"@type\":\"ListItem\",\"position\":3,\"name\":\"Waterdrieblad\"}]},{\"@type\":\"WebSite\",\"@id\":\"https:\/\/www.zuurstofplanten.net\/#website\",\"url\":\"https:\/\/www.zuurstofplanten.net\/\",\"name\":\"Zuurstofplanten.net\",\"description\":\"\",\"publisher\":{\"@id\":\"https:\/\/www.zuurstofplanten.net\/#organization\"},\"potentialAction\":[{\"@type\":\"SearchAction\",\"target\":{\"@type\":\"EntryPoint\",\"urlTemplate\":\"https:\/\/www.zuurstofplanten.net\/?s={search_term_string}\"},\"query-input\":{\"@type\":\"PropertyValueSpecification\",\"valueRequired\":true,\"valueName\":\"search_term_string\"}}],\"inLanguage\":\"de\"},{\"@type\":\"Organization\",\"@id\":\"https:\/\/www.zuurstofplanten.net\/#organization\",\"name\":\"Zuurstofplanten.net\",\"url\":\"https:\/\/www.zuurstofplanten.net\/\",\"logo\":{\"@type\":\"ImageObject\",\"inLanguage\":\"de\",\"@id\":\"https:\/\/www.zuurstofplanten.net\/#\/schema\/logo\/image\/\",\"url\":\"https:\/\/www.zuurstofplanten.net\/wp-content\/uploads\/2024\/10\/zuurstofplanten-logo-1.jpg\",\"contentUrl\":\"https:\/\/www.zuurstofplanten.net\/wp-content\/uploads\/2024\/10\/zuurstofplanten-logo-1.jpg\",\"width\":180,\"height\":60,\"caption\":\"Zuurstofplanten.net\"},\"image\":{\"@id\":\"https:\/\/www.zuurstofplanten.net\/#\/schema\/logo\/image\/\"}}]}<\/script>\n<!-- \/ Yoast SEO plugin. -->","yoast_head_json":{"title":"Wasserdistel. Eigenschaften, Beschneidungstipps und mehr | Sauerstoffpflanzen","description":"Die Wasserdistel ist eine sch\u00f6ne bl\u00fchende Sumpfpflanze. Auf dieser Seite finden Sie Informationen \u00fcber diese Uferpflanze. Die Bl\u00e4tter der Wasserdistel sind in unserem Webshop zu kaufen.","robots":{"index":"index","follow":"follow","max-snippet":"max-snippet:-1","max-image-preview":"max-image-preview:large","max-video-preview":"max-video-preview:-1"},"canonical":"https:\/\/www.zuurstofplanten.net\/de\/uferpflanzen\/dreiblatt\/","og_locale":"de_DE","og_type":"article","og_title":"Waterdrieblad. Eigenschappen, Snoeitips en meer | Zuurstofplanten","og_description":"Waterdrieblad is een mooie bloeiende moerasplant. Op deze pagina geven we informatie over deze oeverplant. Waterdrieblad is te koop op onze webshop.","og_url":"https:\/\/www.zuurstofplanten.net\/de\/uferpflanzen\/dreiblatt\/","og_site_name":"Zuurstofplanten.net","article_modified_time":"2025-06-04T09:47:25+00:00","og_image":[{"width":636,"height":778,"url":"https:\/\/www.zuurstofplanten.net\/wp-content\/uploads\/2024\/10\/Waterdrieblad.jpg","type":"image\/jpeg"}],"twitter_card":"summary_large_image","twitter_misc":{"Gesch\u00e4tzte Lesezeit":"3\u00a0Minuten"},"schema":{"@context":"https:\/\/schema.org","@graph":[{"@type":"WebPage","@id":"https:\/\/www.zuurstofplanten.net\/oeverplanten\/waterdrieblad\/","url":"https:\/\/www.zuurstofplanten.net\/oeverplanten\/waterdrieblad\/","name":"Wasserdistel. Eigenschaften, Beschneidungstipps und mehr | Sauerstoffpflanzen","isPartOf":{"@id":"https:\/\/www.zuurstofplanten.net\/#website"},"primaryImageOfPage":{"@id":"https:\/\/www.zuurstofplanten.net\/oeverplanten\/waterdrieblad\/#primaryimage"},"image":{"@id":"https:\/\/www.zuurstofplanten.net\/oeverplanten\/waterdrieblad\/#primaryimage"},"thumbnailUrl":"https:\/\/www.zuurstofplanten.net\/wp-content\/uploads\/2024\/10\/Waterdrieblad-245x300.jpg","datePublished":"2024-10-11T13:12:39+00:00","dateModified":"2025-06-04T09:47:25+00:00","description":"Die Wasserdistel ist eine sch\u00f6ne bl\u00fchende Sumpfpflanze. Auf dieser Seite finden Sie Informationen \u00fcber diese Uferpflanze. Die Bl\u00e4tter der Wasserdistel sind in unserem Webshop zu kaufen.","breadcrumb":{"@id":"https:\/\/www.zuurstofplanten.net\/oeverplanten\/waterdrieblad\/#breadcrumb"},"inLanguage":"de","potentialAction":[{"@type":"ReadAction","target":["https:\/\/www.zuurstofplanten.net\/oeverplanten\/waterdrieblad\/"]}]},{"@type":"ImageObject","inLanguage":"de","@id":"https:\/\/www.zuurstofplanten.net\/oeverplanten\/waterdrieblad\/#primaryimage","url":"https:\/\/www.zuurstofplanten.net\/wp-content\/uploads\/2024\/10\/Waterdrieblad-245x300.jpg","contentUrl":"https:\/\/www.zuurstofplanten.net\/wp-content\/uploads\/2024\/10\/Waterdrieblad-245x300.jpg"},{"@type":"BreadcrumbList","@id":"https:\/\/www.zuurstofplanten.net\/oeverplanten\/waterdrieblad\/#breadcrumb","itemListElement":[{"@type":"ListItem","position":1,"name":"Home","item":"https:\/\/www.zuurstofplanten.net\/"},{"@type":"ListItem","position":2,"name":"Oeverplanten","item":"https:\/\/www.zuurstofplanten.net\/oeverplanten\/"},{"@type":"ListItem","position":3,"name":"Waterdrieblad"}]},{"@type":"WebSite","@id":"https:\/\/www.zuurstofplanten.net\/#website","url":"https:\/\/www.zuurstofplanten.net\/","name":"Zuurstofplanten.net","description":"","publisher":{"@id":"https:\/\/www.zuurstofplanten.net\/#organization"},"potentialAction":[{"@type":"SearchAction","target":{"@type":"EntryPoint","urlTemplate":"https:\/\/www.zuurstofplanten.net\/?s={search_term_string}"},"query-input":{"@type":"PropertyValueSpecification","valueRequired":true,"valueName":"search_term_string"}}],"inLanguage":"de"},{"@type":"Organization","@id":"https:\/\/www.zuurstofplanten.net\/#organization","name":"Zuurstofplanten.net","url":"https:\/\/www.zuurstofplanten.net\/","logo":{"@type":"ImageObject","inLanguage":"de","@id":"https:\/\/www.zuurstofplanten.net\/#\/schema\/logo\/image\/","url":"https:\/\/www.zuurstofplanten.net\/wp-content\/uploads\/2024\/10\/zuurstofplanten-logo-1.jpg","contentUrl":"https:\/\/www.zuurstofplanten.net\/wp-content\/uploads\/2024\/10\/zuurstofplanten-logo-1.jpg","width":180,"height":60,"caption":"Zuurstofplanten.net"},"image":{"@id":"https:\/\/www.zuurstofplanten.net\/#\/schema\/logo\/image\/"}}]}},"_links":{"self":[{"href":"https:\/\/www.zuurstofplanten.net\/de\/wp-json\/wp\/v2\/pages\/479"}],"collection":[{"href":"https:\/\/www.zuurstofplanten.net\/de\/wp-json\/wp\/v2\/pages"}],"about":[{"href":"https:\/\/www.zuurstofplanten.net\/de\/wp-json\/wp\/v2\/types\/page"}],"author":[{"embeddable":true,"href":"https:\/\/www.zuurstofplanten.net\/de\/wp-json\/wp\/v2\/users\/4"}],"replies":[{"embeddable":true,"href":"https:\/\/www.zuurstofplanten.net\/de\/wp-json\/wp\/v2\/comments?post=479"}],"version-history":[{"count":28,"href":"https:\/\/www.zuurstofplanten.net\/de\/wp-json\/wp\/v2\/pages\/479\/revisions"}],"predecessor-version":[{"id":2135,"href":"https:\/\/www.zuurstofplanten.net\/de\/wp-json\/wp\/v2\/pages\/479\/revisions\/2135"}],"up":[{"embeddable":true,"href":"https:\/\/www.zuurstofplanten.net\/de\/wp-json\/wp\/v2\/pages\/631"}],"wp:attachment":[{"href":"https:\/\/www.zuurstofplanten.net\/de\/wp-json\/wp\/v2\/media?parent=479"}],"curies":[{"name":"wp","href":"https:\/\/api.w.org\/{rel}","templated":true}]}}