{"id":467,"date":"2024-10-09T14:46:44","date_gmt":"2024-10-09T14:46:44","guid":{"rendered":"https:\/\/baselinkhosting.nl\/zuurstofplanten\/?page_id=467"},"modified":"2025-07-07T11:07:02","modified_gmt":"2025-07-07T11:07:02","slug":"helophyten","status":"publish","type":"page","link":"https:\/\/www.zuurstofplanten.net\/de\/helophyten\/","title":{"rendered":"Helophyten"},"content":{"rendered":"<div data-elementor-type=\"wp-page\" data-elementor-id=\"467\" class=\"elementor elementor-467\" data-elementor-post-type=\"page\">\n\t\t\t\t<div class=\"elementor-element elementor-element-cbd7bf3 e-flex e-con-boxed e-con e-parent\" data-id=\"cbd7bf3\" data-element_type=\"container\" data-e-type=\"container\" data-settings=\"{&quot;background_background&quot;:&quot;classic&quot;}\">\n\t\t\t\t\t<div class=\"e-con-inner\">\n\t\t\t\t<div class=\"elementor-element elementor-element-661e442 elementor-widget elementor-widget-heading\" data-id=\"661e442\" data-element_type=\"widget\" data-e-type=\"widget\" data-widget_type=\"heading.default\">\n\t\t\t\t<div class=\"elementor-widget-container\">\n\t\t\t\t\t<h1 class=\"elementor-heading-title elementor-size-default\">Helophyten<\/h1>\t\t\t\t<\/div>\n\t\t\t\t<\/div>\n\t\t\t\t<div class=\"elementor-element elementor-element-67ca7f9 elementor-widget elementor-widget-breadcrumbs\" data-id=\"67ca7f9\" data-element_type=\"widget\" data-e-type=\"widget\" data-widget_type=\"breadcrumbs.default\">\n\t\t\t\t<div class=\"elementor-widget-container\">\n\t\t\t\t\t<p id=\"breadcrumbs\"><span><span><a href=\"https:\/\/www.zuurstofplanten.net\/de\/\">Startseite<\/a><\/span><\/span><\/p>\t\t\t\t<\/div>\n\t\t\t\t<\/div>\n\t\t\t\t\t<\/div>\n\t\t\t\t<\/div>\n\t\t<div class=\"elementor-element elementor-element-7ae3b4c e-flex e-con-boxed e-con e-parent\" data-id=\"7ae3b4c\" data-element_type=\"container\" data-e-type=\"container\">\n\t\t\t\t\t<div class=\"e-con-inner\">\n\t\t\t\t<div class=\"elementor-element elementor-element-c5278d3 elementor-widget elementor-widget-heading\" data-id=\"c5278d3\" data-element_type=\"widget\" data-e-type=\"widget\" data-widget_type=\"heading.default\">\n\t\t\t\t<div class=\"elementor-widget-container\">\n\t\t\t\t\t<h2 class=\"elementor-heading-title elementor-size-default\">Was sind Helophyten?<\/h2>\t\t\t\t<\/div>\n\t\t\t\t<\/div>\n\t\t<div class=\"elementor-element elementor-element-c0cedcf e-grid e-con-full e-con e-child\" data-id=\"c0cedcf\" data-element_type=\"container\" data-e-type=\"container\">\n\t\t\t\t<div class=\"elementor-element elementor-element-a6a3f74 elementor-widget elementor-widget-text-editor\" data-id=\"a6a3f74\" data-element_type=\"widget\" data-e-type=\"widget\" data-widget_type=\"text-editor.default\">\n\t\t\t\t<div class=\"elementor-widget-container\">\n\t\t\t\t\t\t\t\t\t<p>Helophyten ist der Sammelname f\u00fcr Pflanzen, die \u00fcber Wasser wachsen, aber ihre Wurzeln in sehr feuchtem Boden haben. Sie k\u00f6nnen sogar im Wasser wurzeln, wo es keinen Sauerstoff gibt. Helophyten k\u00f6nnen selbst Sauerstoff zu ihren Wurzeln transportieren. Dieser Sauerstofftransport ist das Markenzeichen der Helophyten.<\/p><p>Dies erkl\u00e4rt auch, warum Helophyten h\u00e4ufig bei der Wasseraufbereitung, insbesondere bei der N\u00e4hrstoffumwandlung, eingesetzt werden. Denn der Sauerstoff, den sie zu ihren Wurzeln transportieren, versorgt auch Bakterien und andere Mikroorganismen mit Sauerstoff. Dadurch k\u00f6nnen sie alle Arten von Abbauprozessen im Boden und im Wasser aufrechterhalten. Der Vorteil f\u00fcr die Pflanze ist, dass die freigesetzten Stoffe sofort als N\u00e4hrstoffe zur Verf\u00fcgung stehen, was vielen Helophyten ein kr\u00e4ftiges Wachstum erm\u00f6glicht.<\/p>\t\t\t\t\t\t\t\t<\/div>\n\t\t\t\t<\/div>\n\t\t\t\t<div class=\"elementor-element elementor-element-fb01513 elementor-widget elementor-widget-image\" data-id=\"fb01513\" data-element_type=\"widget\" data-e-type=\"widget\" data-widget_type=\"image.default\">\n\t\t\t\t<div class=\"elementor-widget-container\">\n\t\t\t\t\t\t\t\t\t\t\t\t<figure class=\"wp-caption\">\n\t\t\t\t\t\t\t\t\t\t<img fetchpriority=\"high\" decoding=\"async\" width=\"214\" height=\"300\" src=\"https:\/\/www.zuurstofplanten.net\/wp-content\/uploads\/2024\/10\/Kalmoes-1-214x300.jpg\" class=\"attachment-medium size-medium wp-image-165\" alt=\"\" srcset=\"https:\/\/www.zuurstofplanten.net\/wp-content\/uploads\/2024\/10\/Kalmoes-1-214x300.jpg 214w, https:\/\/www.zuurstofplanten.net\/wp-content\/uploads\/2024\/10\/Kalmoes-1.jpg 534w\" sizes=\"(max-width: 214px) 100vw, 214px\" \/>\t\t\t\t\t\t\t\t\t\t\t<figcaption class=\"widget-image-caption wp-caption-text\">Kalmoes (Acorus Calamus, zie afbeelding) is de beste fosfaatverwijderaar; de meeste andere helofyten zijn beter in het verwijderen van nitraat.<\/figcaption>\n\t\t\t\t\t\t\t\t\t\t<\/figure>\n\t\t\t\t\t\t\t\t\t<\/div>\n\t\t\t\t<\/div>\n\t\t\t\t<\/div>\n\t\t\t\t<div class=\"elementor-element elementor-element-934b6b9 elementor-widget elementor-widget-heading\" data-id=\"934b6b9\" data-element_type=\"widget\" data-e-type=\"widget\" data-widget_type=\"heading.default\">\n\t\t\t\t<div class=\"elementor-widget-container\">\n\t\t\t\t\t<h3 class=\"elementor-heading-title elementor-size-default\">Welche Pflanzen sind Helophyten?<\/h3>\t\t\t\t<\/div>\n\t\t\t\t<\/div>\n\t\t\t\t<div class=\"elementor-element elementor-element-1090e0f elementor-widget elementor-widget-text-editor\" data-id=\"1090e0f\" data-element_type=\"widget\" data-e-type=\"widget\" data-widget_type=\"text-editor.default\">\n\t\t\t\t<div class=\"elementor-widget-container\">\n\t\t\t\t\t\t\t\t\t<p>Der bekannteste Helophyt ist das Schilfrohr. Es gibt aber auch viele Helophyten mit hohem Zierwert, wie zum Beispiel das <a href=\"https:\/\/www.zuurstofplanten.net\/de\/helophyten\/gelbe-lisette\/\"><strong>gelbe Lisette<\/strong><\/a>. \u00dcbrigens k\u00f6nnen diese auch an etwas weniger feuchten Stellen wachsen (ein sogenannter <strong><a title=\"wikipedia\" href=\"http:\/\/nl.wikipedia.org\/wiki\/Geofyt\" target=\"_blank\" rel=\"noopener\">Geophyt<\/a><\/strong>).<\/p><p>Es gibt besondere <strong><a href=\"https:\/\/www.zuurstofplanten.net\/de\/moorpflanzen\/\">Moorpflanzen<\/a><\/strong> die nicht in den Boden gepflanzt werden m\u00fcssen, wie z. B. <strong><a href=\"https:\/\/www.zuurstofplanten.net\/de\/schwimmpflanzen\/krabbenbeere\/\">Krabbenfischer<\/a> <\/strong>oder die sowohl am Ufer als auch auf dem Wasser schwimmend gefunden werden k\u00f6nnen, wie der Sumpfvergissmeinnicht.<\/p><p>Dar\u00fcber hinaus gibt es Sumpfpflanzen, die entweder in der Uferzone, direkt unter Wasser, Wurzeln schlagen oder in der Mitte eines Teiches wachsen, wie z. B. <strong><a href=\"https:\/\/www.zuurstofplanten.net\/de\/sauerstoffpflanzen\/pfeilkraut\/\">Pfeilspitze<\/a><\/strong>. Es gibt auch viele Pflanzen, die am Ufer wachsen und von dort aus Ausl\u00e4ufer ins Wasser bilden, wie z. B. die Wassererdbeere und <strong><a href=\"https:\/\/www.zuurstofplanten.net\/de\/uferpflanzen\/dreiblatt\/\">Dreiblatt<\/a><\/strong>die \u00fcbrigens auch auf dem Gew\u00e4ssergrund Wurzeln schlagen k\u00f6nnen.\u00a0<\/p>\t\t\t\t\t\t\t\t<\/div>\n\t\t\t\t<\/div>\n\t\t\t\t\t<\/div>\n\t\t\t\t<\/div>\n\t\t<div class=\"elementor-element elementor-element-5b1df39 e-grid e-con-boxed e-con e-parent\" data-id=\"5b1df39\" data-element_type=\"container\" data-e-type=\"container\">\n\t\t\t\t\t<div class=\"e-con-inner\">\n\t\t\t\t<div class=\"elementor-element elementor-element-3743f4c elementor-cta--skin-classic elementor-animated-content elementor-bg-transform elementor-bg-transform-zoom-in elementor-widget elementor-widget-call-to-action\" data-id=\"3743f4c\" data-element_type=\"widget\" data-e-type=\"widget\" data-widget_type=\"call-to-action.default\">\n\t\t\t\t<div class=\"elementor-widget-container\">\n\t\t\t\t\t\t\t<a class=\"elementor-cta\" href=\"https:\/\/vijvermeester.nl\/gele-lis.html?utm_source=affiliate&#038;utm_medium=partner&#038;utm_campaign=zuurstofplanten_net&#038;utm_content=gele_lis\" rel=\"nofollow\">\n\t\t\t\t\t<div class=\"elementor-cta__bg-wrapper\">\n\t\t\t\t<div class=\"elementor-cta__bg elementor-bg\" style=\"background-image: url(https:\/\/www.zuurstofplanten.net\/wp-content\/uploads\/2024\/10\/Gele-Lis-1-1.jpg);\" role=\"img\" aria-label=\"Gelb-Lis-1-1\"><\/div>\n\t\t\t\t<div class=\"elementor-cta__bg-overlay\"><\/div>\n\t\t\t<\/div>\n\t\t\t\t\t\t\t<div class=\"elementor-cta__content\">\n\t\t\t\t\n\t\t\t\t\t\t\t\t\t<h2 class=\"elementor-cta__title elementor-cta__content-item elementor-content-item\">\n\t\t\t\t\t\tGelbe Linsen kaufen?\t\t\t\t\t<\/h2>\n\t\t\t\t\n\t\t\t\t\t\t\t\t\t<div class=\"elementor-cta__description elementor-cta__content-item elementor-content-item\">\n\t\t\t\t\t\tDiese Helophyten sind \u00fcber den Webshop von De Vijvermeester zu verkaufen. Hier k\u00f6nnen Sie sch\u00f6ne Str\u00e4u\u00dfe von hoher Qualit\u00e4t zu finden. einschlie\u00dflich einer breiten Palette von anderen Sauerstoffpflanzen.\t\t\t\t\t<\/div>\n\t\t\t\t\n\t\t\t\t\t\t\t\t\t<div class=\"elementor-cta__button-wrapper elementor-cta__content-item elementor-content-item\">\n\t\t\t\t\t<span class=\"elementor-cta__button elementor-button elementor-size-\">\n\t\t\t\t\t\tGelbe Lisette kaufen\t\t\t\t\t<\/span>\n\t\t\t\t\t<\/div>\n\t\t\t\t\t\t\t<\/div>\n\t\t\t\t\t\t<\/a>\n\t\t\t\t\t\t<\/div>\n\t\t\t\t<\/div>\n\t\t\t\t<div class=\"elementor-element elementor-element-436a91f elementor-cta--skin-classic elementor-animated-content elementor-bg-transform elementor-bg-transform-zoom-in elementor-widget elementor-widget-call-to-action\" data-id=\"436a91f\" data-element_type=\"widget\" data-e-type=\"widget\" data-widget_type=\"call-to-action.default\">\n\t\t\t\t<div class=\"elementor-widget-container\">\n\t\t\t\t\t\t\t<a class=\"elementor-cta\" href=\"https:\/\/vijvermeester.nl\/kalmoes.html?utm_source=affiliate&#038;utm_medium=partner&#038;utm_campaign=zuurstofplanten_net&#038;utm_content=kalmoes\" rel=\"nofollow\">\n\t\t\t\t\t<div class=\"elementor-cta__bg-wrapper\">\n\t\t\t\t<div class=\"elementor-cta__bg elementor-bg\" style=\"background-image: url(https:\/\/www.zuurstofplanten.net\/wp-content\/uploads\/2024\/10\/Kalmoes.jpg);\" role=\"img\" aria-label=\"Calamus\"><\/div>\n\t\t\t\t<div class=\"elementor-cta__bg-overlay\"><\/div>\n\t\t\t<\/div>\n\t\t\t\t\t\t\t<div class=\"elementor-cta__content\">\n\t\t\t\t\n\t\t\t\t\t\t\t\t\t<h2 class=\"elementor-cta__title elementor-cta__content-item elementor-content-item\">\n\t\t\t\t\t\tCalamus kaufen?\t\t\t\t\t<\/h2>\n\t\t\t\t\n\t\t\t\t\t\t\t\t\t<div class=\"elementor-cta__description elementor-cta__content-item elementor-content-item\">\n\t\t\t\t\t\tDer Helophyt ist \u00fcber den Webshop von The Pond Master zu verkaufen. Hier finden Sie sch\u00f6ne Str\u00e4u\u00dfe mit hochwertigen Pflanzen, darunter eine breite Palette anderer Sauerstoffpflanzen.\t\t\t\t\t<\/div>\n\t\t\t\t\n\t\t\t\t\t\t\t\t\t<div class=\"elementor-cta__button-wrapper elementor-cta__content-item elementor-content-item\">\n\t\t\t\t\t<span class=\"elementor-cta__button elementor-button elementor-size-\">\n\t\t\t\t\t\tCalamus kaufen\t\t\t\t\t<\/span>\n\t\t\t\t\t<\/div>\n\t\t\t\t\t\t\t<\/div>\n\t\t\t\t\t\t<\/a>\n\t\t\t\t\t\t<\/div>\n\t\t\t\t<\/div>\n\t\t\t\t\t<\/div>\n\t\t\t\t<\/div>\n\t\t<div class=\"elementor-element elementor-element-915f657 e-flex e-con-boxed e-con e-parent\" data-id=\"915f657\" data-element_type=\"container\" data-e-type=\"container\">\n\t\t\t\t\t<div class=\"e-con-inner\">\n\t\t\t\t<div class=\"elementor-element elementor-element-8290ccc elementor-widget elementor-widget-heading\" data-id=\"8290ccc\" data-element_type=\"widget\" data-e-type=\"widget\" data-widget_type=\"heading.default\">\n\t\t\t\t<div class=\"elementor-widget-container\">\n\t\t\t\t\t<h2 class=\"elementor-heading-title elementor-size-default\">Herstellung eines Helophytenfilters zur Bek\u00e4mpfung des Algenwachstums?<\/h2>\t\t\t\t<\/div>\n\t\t\t\t<\/div>\n\t\t\t\t<div class=\"elementor-element elementor-element-762e2f9 elementor-widget elementor-widget-text-editor\" data-id=\"762e2f9\" data-element_type=\"widget\" data-e-type=\"widget\" data-widget_type=\"text-editor.default\">\n\t\t\t\t<div class=\"elementor-widget-container\">\n\t\t\t\t\t\t\t\t\t<p>Wie Sie lesen k\u00f6nnen, gibt es viele M\u00f6glichkeiten mit Helophyten. Wenn Sie das Wasser in Ihrem Teich sauber und sauerstoffreich halten m\u00f6chten, k\u00f6nnen Sie diese Pflanzengruppe kaum ignorieren. Helophyten erleichtern auch die Teichpflege, denn Sie m\u00fcssen nur einmal im Jahr die \u00fcberfl\u00fcssige oder abgestorbene Ufervegetation abschneiden und entsorgen\/kompostieren. Auf diese Weise entfernen Sie auf einfache Weise Nitrat und Phosphat, die Hauptn\u00e4hrstoffe f\u00fcr Algen, aus dem Wassersystem.<\/p><p>Eine interessante Option ist auch die Installation eines Helophytenfilters oder Pflanzenfilters, der sehr hilfreich ist, um Ihren Teich algenfrei zu halten. Wir k\u00f6nnen Ihnen dabei helfen, wenn Sie dies w\u00fcnschen.<\/p>\t\t\t\t\t\t\t\t<\/div>\n\t\t\t\t<\/div>\n\t\t\t\t<div class=\"elementor-element elementor-element-6b7b91e elementor-widget elementor-widget-heading\" data-id=\"6b7b91e\" data-element_type=\"widget\" data-e-type=\"widget\" data-widget_type=\"heading.default\">\n\t\t\t\t<div class=\"elementor-widget-container\">\n\t\t\t\t\t<h3 class=\"elementor-heading-title elementor-size-default\">Tipps zur Erstellung eines Helophytenfilters<\/h3>\t\t\t\t<\/div>\n\t\t\t\t<\/div>\n\t\t\t\t<div class=\"elementor-element elementor-element-0889522 elementor-widget elementor-widget-text-editor\" data-id=\"0889522\" data-element_type=\"widget\" data-e-type=\"widget\" data-widget_type=\"text-editor.default\">\n\t\t\t\t<div class=\"elementor-widget-container\">\n\t\t\t\t\t\t\t\t\t<p>Jeder freut sich \u00fcber ein sauberes und klares Wassersystem. Wie bereits erw\u00e4hnt, k\u00f6nnen Helophyten einen gro\u00dfen Beitrag dazu leisten. Allerdings k\u00f6nnen viele Arten aufgrund ihrer Gr\u00f6\u00dfe die Sicht auf das Wasser verdecken. Verwenden Sie daher niedrig wachsende Helophyten im Vordergrund, wie z. B. das Gemeine Pfennigkraut, das Wasserpfennigkraut oder das Sumpfvergissmeinnicht. Direkt im Wasser sollten niedrig wachsende Pflanzen wie <strong><a href=\"https:\/\/www.zuurstofplanten.net\/de\/sauerstoffpflanzen\/nadelsimse\/\">Nadelholzbinsen<\/a><\/strong>wei\u00dfe Brunnenkresse, Torfwurzel und mit etwas Strom auch <strong><a href=\"https:\/\/www.zuurstofplanten.net\/de\/uferpflanzen\/bachpunge\/\">brookpunge<\/a><\/strong>.\u00a0<\/p><p>Bei der Verwendung von Teichfolie und Kautschuk sind einige Helophyten ein No-Go, da ihre Wurzeln durch die Teichfolie wachsen und den Teich undicht machen k\u00f6nnen! Lassen Sie sich gut beraten, denn manchmal sind die Namen sehr \u00e4hnlich. Rohrglanzgras zum Beispiel, aber kein Schilf. Zwergrohrkolben geht, aber kleiner Rohrkolben nicht.<\/p>\t\t\t\t\t\t\t\t<\/div>\n\t\t\t\t<\/div>\n\t\t\t\t<div class=\"elementor-element elementor-element-9407266 elementor-widget elementor-widget-heading\" data-id=\"9407266\" data-element_type=\"widget\" data-e-type=\"widget\" data-widget_type=\"heading.default\">\n\t\t\t\t<div class=\"elementor-widget-container\">\n\t\t\t\t\t<h4 class=\"elementor-heading-title elementor-size-default\">Helophyten beschneiden oder m\u00e4hen. Seien Sie p\u00fcnktlich.<\/h4>\t\t\t\t<\/div>\n\t\t\t\t<\/div>\n\t\t\t\t<div class=\"elementor-element elementor-element-3f085b0 elementor-widget elementor-widget-text-editor\" data-id=\"3f085b0\" data-element_type=\"widget\" data-e-type=\"widget\" data-widget_type=\"text-editor.default\">\n\t\t\t\t<div class=\"elementor-widget-container\">\n\t\t\t\t\t\t\t\t\t<p>Hochwachsende Helophyten wie <strong><a href=\"https:\/\/www.zuurstofplanten.net\/de\/uferpflanzen\/rohrkolben-2\/\">Rohrkolben<\/a><\/strong>, Schilf, <strong><a href=\"https:\/\/www.zuurstofplanten.net\/de\/helophyten\/kalmus-2\/\">Kalmus<\/a><\/strong>Der gro\u00dfe Igelkopf oder der gro\u00dfe Rohrkolben und fast alle Liskenarten produzieren eine Menge Biomasse. Wenn diese abgeschnitten und entsorgt wird, wird dem System eine entsprechende Menge an N\u00e4hrstoffen entzogen. Das kann manchmal so weit gehen, dass das nachfolgende Wachstum oder die Bl\u00fcte entt\u00e4uschend ausf\u00e4llt. Eine zus\u00e4tzliche D\u00fcngung ist m\u00f6glich, wobei jedoch eine Auswaschung ins Wasser im Zusammenhang mit dem Algenwachstum stets zu vermeiden ist. Das Ausd\u00fcnnen der Vegetation, einschlie\u00dflich der Wurzeln, ist nat\u00fcrlich besser und billiger als D\u00fcngen. Ein sp\u00e4ter R\u00fcckschnitt oder eine Mahd, zum Beispiel im zeitigen Fr\u00fchjahr, ist ebenfalls hilfreich. Zu diesem Zeitpunkt sind die meisten N\u00e4hrstoffe bereits vom Laub zu den Wurzeln transportiert worden.<\/p>\t\t\t\t\t\t\t\t<\/div>\n\t\t\t\t<\/div>\n\t\t\t\t\t<\/div>\n\t\t\t\t<\/div>\n\t\t\t\t<\/div>","protected":false},"excerpt":{"rendered":"<p>Helofyten Wat zijn helofyten? Helofyten is de verzamelnaam van planten die boven water groeien maar met hun wortels in zeer\u00a0natte grond groeien. Zelfs in de waterbodem waar geen zuurstof is kunnen zij wortelen. Helofyten\u00a0kunnen namelijk zelf zuurstof naar hun wortels transporteren. Dit zuurstoftransport is h\u00e9t kenmerk van helofyten. Dit\u00a0verklaart ook waarom helofyten vaak worden toegepast [&hellip;]<\/p>","protected":false},"author":4,"featured_media":0,"parent":0,"menu_order":11,"comment_status":"closed","ping_status":"closed","template":"","meta":{"_acf_changed":false,"iawp_total_views":524,"footnotes":""},"class_list":["post-467","page","type-page","status-publish","hentry"],"acf":[],"yoast_head":"<!-- This site is optimized with the Yoast SEO plugin v25.5 - https:\/\/yoast.com\/wordpress\/plugins\/seo\/ -->\n<title>Helofyten Vijver | Planten, Werking &amp; Advies | Zuurstofplanten.net<\/title>\n<meta name=\"description\" content=\"Helofyten in uw vijver of een helofytenfilter is bij uitstek geschikt om uw vijver helder te houden. Lees er meer over op deze pagina.\" \/>\n<meta name=\"robots\" content=\"index, follow, max-snippet:-1, max-image-preview:large, max-video-preview:-1\" \/>\n<link rel=\"canonical\" href=\"https:\/\/www.zuurstofplanten.net\/de\/helophyten\/\" \/>\n<meta property=\"og:locale\" content=\"de_DE\" \/>\n<meta property=\"og:type\" content=\"article\" \/>\n<meta property=\"og:title\" content=\"Helofyten Vijver | Planten, Werking &amp; Advies | Zuurstofplanten.net\" \/>\n<meta property=\"og:description\" content=\"Helofyten in uw vijver of een helofytenfilter is bij uitstek geschikt om uw vijver helder te houden. Lees er meer over op deze pagina.\" \/>\n<meta property=\"og:url\" content=\"https:\/\/www.zuurstofplanten.net\/de\/helophyten\/\" \/>\n<meta property=\"og:site_name\" content=\"Zuurstofplanten.net\" \/>\n<meta property=\"article:modified_time\" content=\"2025-07-07T11:07:02+00:00\" \/>\n<meta property=\"og:image\" content=\"https:\/\/www.zuurstofplanten.net\/wp-content\/uploads\/2024\/10\/Kalmoes-1.jpg\" \/>\n\t<meta property=\"og:image:width\" content=\"534\" \/>\n\t<meta property=\"og:image:height\" content=\"747\" \/>\n\t<meta property=\"og:image:type\" content=\"image\/jpeg\" \/>\n<meta name=\"twitter:card\" content=\"summary_large_image\" \/>\n<meta name=\"twitter:label1\" content=\"Gesch\u00e4tzte Lesezeit\" \/>\n\t<meta name=\"twitter:data1\" content=\"4\u00a0Minuten\" \/>\n<script type=\"application\/ld+json\" class=\"yoast-schema-graph\">{\"@context\":\"https:\/\/schema.org\",\"@graph\":[{\"@type\":\"WebPage\",\"@id\":\"https:\/\/www.zuurstofplanten.net\/helofyten\/\",\"url\":\"https:\/\/www.zuurstofplanten.net\/helofyten\/\",\"name\":\"Helofyten Vijver | Planten, Werking & Advies | Zuurstofplanten.net\",\"isPartOf\":{\"@id\":\"https:\/\/www.zuurstofplanten.net\/#website\"},\"primaryImageOfPage\":{\"@id\":\"https:\/\/www.zuurstofplanten.net\/helofyten\/#primaryimage\"},\"image\":{\"@id\":\"https:\/\/www.zuurstofplanten.net\/helofyten\/#primaryimage\"},\"thumbnailUrl\":\"https:\/\/www.zuurstofplanten.net\/wp-content\/uploads\/2024\/10\/Kalmoes-1-214x300.jpg\",\"datePublished\":\"2024-10-09T14:46:44+00:00\",\"dateModified\":\"2025-07-07T11:07:02+00:00\",\"description\":\"Helofyten in uw vijver of een helofytenfilter is bij uitstek geschikt om uw vijver helder te houden. Lees er meer over op deze pagina.\",\"breadcrumb\":{\"@id\":\"https:\/\/www.zuurstofplanten.net\/helofyten\/#breadcrumb\"},\"inLanguage\":\"de\",\"potentialAction\":[{\"@type\":\"ReadAction\",\"target\":[\"https:\/\/www.zuurstofplanten.net\/helofyten\/\"]}]},{\"@type\":\"ImageObject\",\"inLanguage\":\"de\",\"@id\":\"https:\/\/www.zuurstofplanten.net\/helofyten\/#primaryimage\",\"url\":\"https:\/\/www.zuurstofplanten.net\/wp-content\/uploads\/2024\/10\/Kalmoes-1-214x300.jpg\",\"contentUrl\":\"https:\/\/www.zuurstofplanten.net\/wp-content\/uploads\/2024\/10\/Kalmoes-1-214x300.jpg\"},{\"@type\":\"BreadcrumbList\",\"@id\":\"https:\/\/www.zuurstofplanten.net\/helofyten\/#breadcrumb\",\"itemListElement\":[{\"@type\":\"ListItem\",\"position\":1,\"name\":\"Home\",\"item\":\"https:\/\/www.zuurstofplanten.net\/\"},{\"@type\":\"ListItem\",\"position\":2,\"name\":\"Helofyten\"}]},{\"@type\":\"WebSite\",\"@id\":\"https:\/\/www.zuurstofplanten.net\/#website\",\"url\":\"https:\/\/www.zuurstofplanten.net\/\",\"name\":\"Zuurstofplanten.net\",\"description\":\"\",\"publisher\":{\"@id\":\"https:\/\/www.zuurstofplanten.net\/#organization\"},\"potentialAction\":[{\"@type\":\"SearchAction\",\"target\":{\"@type\":\"EntryPoint\",\"urlTemplate\":\"https:\/\/www.zuurstofplanten.net\/?s={search_term_string}\"},\"query-input\":{\"@type\":\"PropertyValueSpecification\",\"valueRequired\":true,\"valueName\":\"search_term_string\"}}],\"inLanguage\":\"de\"},{\"@type\":\"Organization\",\"@id\":\"https:\/\/www.zuurstofplanten.net\/#organization\",\"name\":\"Zuurstofplanten.net\",\"url\":\"https:\/\/www.zuurstofplanten.net\/\",\"logo\":{\"@type\":\"ImageObject\",\"inLanguage\":\"de\",\"@id\":\"https:\/\/www.zuurstofplanten.net\/#\/schema\/logo\/image\/\",\"url\":\"https:\/\/www.zuurstofplanten.net\/wp-content\/uploads\/2024\/10\/zuurstofplanten-logo-1.jpg\",\"contentUrl\":\"https:\/\/www.zuurstofplanten.net\/wp-content\/uploads\/2024\/10\/zuurstofplanten-logo-1.jpg\",\"width\":180,\"height\":60,\"caption\":\"Zuurstofplanten.net\"},\"image\":{\"@id\":\"https:\/\/www.zuurstofplanten.net\/#\/schema\/logo\/image\/\"}}]}<\/script>\n<!-- \/ Yoast SEO plugin. -->","yoast_head_json":{"title":"Helophyten Teich | Pflanzen, Betrieb &amp; Beratung | Oxygen Plants.net","description":"Helophyten in Ihrem Teich oder ein Helophytenfilter sind ideal geeignet, um Ihren Teich sauber zu halten. Lesen Sie mehr dar\u00fcber auf dieser Seite.","robots":{"index":"index","follow":"follow","max-snippet":"max-snippet:-1","max-image-preview":"max-image-preview:large","max-video-preview":"max-video-preview:-1"},"canonical":"https:\/\/www.zuurstofplanten.net\/de\/helophyten\/","og_locale":"de_DE","og_type":"article","og_title":"Helofyten Vijver | Planten, Werking & Advies | Zuurstofplanten.net","og_description":"Helofyten in uw vijver of een helofytenfilter is bij uitstek geschikt om uw vijver helder te houden. Lees er meer over op deze pagina.","og_url":"https:\/\/www.zuurstofplanten.net\/de\/helophyten\/","og_site_name":"Zuurstofplanten.net","article_modified_time":"2025-07-07T11:07:02+00:00","og_image":[{"width":534,"height":747,"url":"https:\/\/www.zuurstofplanten.net\/wp-content\/uploads\/2024\/10\/Kalmoes-1.jpg","type":"image\/jpeg"}],"twitter_card":"summary_large_image","twitter_misc":{"Gesch\u00e4tzte Lesezeit":"4\u00a0Minuten"},"schema":{"@context":"https:\/\/schema.org","@graph":[{"@type":"WebPage","@id":"https:\/\/www.zuurstofplanten.net\/helofyten\/","url":"https:\/\/www.zuurstofplanten.net\/helofyten\/","name":"Helophyten Teich | Pflanzen, Betrieb &amp; Beratung | Oxygen Plants.net","isPartOf":{"@id":"https:\/\/www.zuurstofplanten.net\/#website"},"primaryImageOfPage":{"@id":"https:\/\/www.zuurstofplanten.net\/helofyten\/#primaryimage"},"image":{"@id":"https:\/\/www.zuurstofplanten.net\/helofyten\/#primaryimage"},"thumbnailUrl":"https:\/\/www.zuurstofplanten.net\/wp-content\/uploads\/2024\/10\/Kalmoes-1-214x300.jpg","datePublished":"2024-10-09T14:46:44+00:00","dateModified":"2025-07-07T11:07:02+00:00","description":"Helophyten in Ihrem Teich oder ein Helophytenfilter sind ideal geeignet, um Ihren Teich sauber zu halten. Lesen Sie mehr dar\u00fcber auf dieser Seite.","breadcrumb":{"@id":"https:\/\/www.zuurstofplanten.net\/helofyten\/#breadcrumb"},"inLanguage":"de","potentialAction":[{"@type":"ReadAction","target":["https:\/\/www.zuurstofplanten.net\/helofyten\/"]}]},{"@type":"ImageObject","inLanguage":"de","@id":"https:\/\/www.zuurstofplanten.net\/helofyten\/#primaryimage","url":"https:\/\/www.zuurstofplanten.net\/wp-content\/uploads\/2024\/10\/Kalmoes-1-214x300.jpg","contentUrl":"https:\/\/www.zuurstofplanten.net\/wp-content\/uploads\/2024\/10\/Kalmoes-1-214x300.jpg"},{"@type":"BreadcrumbList","@id":"https:\/\/www.zuurstofplanten.net\/helofyten\/#breadcrumb","itemListElement":[{"@type":"ListItem","position":1,"name":"Home","item":"https:\/\/www.zuurstofplanten.net\/"},{"@type":"ListItem","position":2,"name":"Helofyten"}]},{"@type":"WebSite","@id":"https:\/\/www.zuurstofplanten.net\/#website","url":"https:\/\/www.zuurstofplanten.net\/","name":"Zuurstofplanten.net","description":"","publisher":{"@id":"https:\/\/www.zuurstofplanten.net\/#organization"},"potentialAction":[{"@type":"SearchAction","target":{"@type":"EntryPoint","urlTemplate":"https:\/\/www.zuurstofplanten.net\/?s={search_term_string}"},"query-input":{"@type":"PropertyValueSpecification","valueRequired":true,"valueName":"search_term_string"}}],"inLanguage":"de"},{"@type":"Organization","@id":"https:\/\/www.zuurstofplanten.net\/#organization","name":"Zuurstofplanten.net","url":"https:\/\/www.zuurstofplanten.net\/","logo":{"@type":"ImageObject","inLanguage":"de","@id":"https:\/\/www.zuurstofplanten.net\/#\/schema\/logo\/image\/","url":"https:\/\/www.zuurstofplanten.net\/wp-content\/uploads\/2024\/10\/zuurstofplanten-logo-1.jpg","contentUrl":"https:\/\/www.zuurstofplanten.net\/wp-content\/uploads\/2024\/10\/zuurstofplanten-logo-1.jpg","width":180,"height":60,"caption":"Zuurstofplanten.net"},"image":{"@id":"https:\/\/www.zuurstofplanten.net\/#\/schema\/logo\/image\/"}}]}},"_links":{"self":[{"href":"https:\/\/www.zuurstofplanten.net\/de\/wp-json\/wp\/v2\/pages\/467"}],"collection":[{"href":"https:\/\/www.zuurstofplanten.net\/de\/wp-json\/wp\/v2\/pages"}],"about":[{"href":"https:\/\/www.zuurstofplanten.net\/de\/wp-json\/wp\/v2\/types\/page"}],"author":[{"embeddable":true,"href":"https:\/\/www.zuurstofplanten.net\/de\/wp-json\/wp\/v2\/users\/4"}],"replies":[{"embeddable":true,"href":"https:\/\/www.zuurstofplanten.net\/de\/wp-json\/wp\/v2\/comments?post=467"}],"version-history":[{"count":19,"href":"https:\/\/www.zuurstofplanten.net\/de\/wp-json\/wp\/v2\/pages\/467\/revisions"}],"predecessor-version":[{"id":2369,"href":"https:\/\/www.zuurstofplanten.net\/de\/wp-json\/wp\/v2\/pages\/467\/revisions\/2369"}],"wp:attachment":[{"href":"https:\/\/www.zuurstofplanten.net\/de\/wp-json\/wp\/v2\/media?parent=467"}],"curies":[{"name":"wp","href":"https:\/\/api.w.org\/{rel}","templated":true}]}}