{"id":461,"date":"2024-10-09T14:35:57","date_gmt":"2024-10-09T14:35:57","guid":{"rendered":"https:\/\/baselinkhosting.nl\/zuurstofplanten\/?page_id=461"},"modified":"2025-06-04T09:30:26","modified_gmt":"2025-06-04T09:30:26","slug":"gelbe-lisette","status":"publish","type":"page","link":"https:\/\/www.zuurstofplanten.net\/de\/helophyten\/gelbe-lisette\/","title":{"rendered":"Gelbe Lis"},"content":{"rendered":"<div data-elementor-type=\"wp-page\" data-elementor-id=\"461\" class=\"elementor elementor-461\" data-elementor-post-type=\"page\">\n\t\t\t\t<div class=\"elementor-element elementor-element-984302f e-flex e-con-boxed e-con e-parent\" data-id=\"984302f\" data-element_type=\"container\" data-e-type=\"container\" data-settings=\"{&quot;background_background&quot;:&quot;classic&quot;}\">\n\t\t\t\t\t<div class=\"e-con-inner\">\n\t\t\t\t<div class=\"elementor-element elementor-element-436d989 elementor-widget elementor-widget-heading\" data-id=\"436d989\" data-element_type=\"widget\" data-e-type=\"widget\" data-widget_type=\"heading.default\">\n\t\t\t\t<div class=\"elementor-widget-container\">\n\t\t\t\t\t<h1 class=\"elementor-heading-title elementor-size-default\">Gelbe Lis<\/h1>\t\t\t\t<\/div>\n\t\t\t\t<\/div>\n\t\t\t\t<div class=\"elementor-element elementor-element-f929104 elementor-widget elementor-widget-breadcrumbs\" data-id=\"f929104\" data-element_type=\"widget\" data-e-type=\"widget\" data-widget_type=\"breadcrumbs.default\">\n\t\t\t\t<div class=\"elementor-widget-container\">\n\t\t\t\t\t<p id=\"breadcrumbs\"><span><span><a href=\"https:\/\/www.zuurstofplanten.net\/de\/\">Startseite<\/a><\/span><\/span><\/p>\t\t\t\t<\/div>\n\t\t\t\t<\/div>\n\t\t\t\t\t<\/div>\n\t\t\t\t<\/div>\n\t\t<div class=\"elementor-element elementor-element-488fe86 e-flex e-con-boxed e-con e-parent\" data-id=\"488fe86\" data-element_type=\"container\" data-e-type=\"container\">\n\t\t\t\t\t<div class=\"e-con-inner\">\n\t\t\t\t<div class=\"elementor-element elementor-element-543f7f0 elementor-widget elementor-widget-heading\" data-id=\"543f7f0\" data-element_type=\"widget\" data-e-type=\"widget\" data-widget_type=\"heading.default\">\n\t\t\t\t<div class=\"elementor-widget-container\">\n\t\t\t\t\t<h2 class=\"elementor-heading-title elementor-size-default\">Helophytenfilter mit gelber Lis<\/h2>\t\t\t\t<\/div>\n\t\t\t\t<\/div>\n\t\t<div class=\"elementor-element elementor-element-472674b e-grid e-con-full e-con e-child\" data-id=\"472674b\" data-element_type=\"container\" data-e-type=\"container\">\n\t\t\t\t<div class=\"elementor-element elementor-element-7b312cd elementor-widget elementor-widget-text-editor\" data-id=\"7b312cd\" data-element_type=\"widget\" data-e-type=\"widget\" data-widget_type=\"text-editor.default\">\n\t\t\t\t<div class=\"elementor-widget-container\">\n\t\t\t\t\t\t\t\t\t<p>Die Gelbe Lis (lateinisch: I<em>ris Pseudacorus<\/em>) wird h\u00e4ufig in Helophytenfiltern verwendet. Wie viele andere Helophyten ist auch diese Pflanze in der Lage, dem Wasser viele N\u00e4hrstoffe, insbesondere Nitrate, zu entziehen. Unter den richtigen Bedingungen bildet diese Uferpflanze ein sehr umfangreiches Wurzelsystem, das das Wasser effektiv filtert. Gut f\u00fcr die Pflanze, aber auch gut f\u00fcr Ihren Teich!<\/p><p>Wenn die N\u00e4hrstoffkonzentration im Teichwasser sinkt, haben Algen weniger Chancen. Neben diesen f\u00fcr Ihren Teich positiven Eigenschaften hat dieser Helophyt auch eine sch\u00f6ne Bl\u00fcte. Die h\u00fcbschen, gelben Bl\u00fcten bilden eine sch\u00f6ne und nat\u00fcrlich aussehende Bank, die auch die Wasserqualit\u00e4t verbessert!<\/p>\t\t\t\t\t\t\t\t<\/div>\n\t\t\t\t<\/div>\n\t\t\t\t<div class=\"elementor-element elementor-element-3cb1bc0 elementor-widget elementor-widget-image\" data-id=\"3cb1bc0\" data-element_type=\"widget\" data-e-type=\"widget\" data-widget_type=\"image.default\">\n\t\t\t\t<div class=\"elementor-widget-container\">\n\t\t\t\t\t\t\t\t\t\t\t\t\t\t\t<img fetchpriority=\"high\" decoding=\"async\" width=\"679\" height=\"500\" src=\"https:\/\/www.zuurstofplanten.net\/wp-content\/uploads\/2024\/10\/Gele-Lis-1-1.jpg\" class=\"attachment-full size-full wp-image-120\" alt=\"\" srcset=\"https:\/\/www.zuurstofplanten.net\/wp-content\/uploads\/2024\/10\/Gele-Lis-1-1.jpg 679w, https:\/\/www.zuurstofplanten.net\/wp-content\/uploads\/2024\/10\/Gele-Lis-1-1-300x221.jpg 300w\" sizes=\"(max-width: 679px) 100vw, 679px\" \/>\t\t\t\t\t\t\t\t\t\t\t\t\t\t\t<\/div>\n\t\t\t\t<\/div>\n\t\t\t\t<\/div>\n\t\t\t\t<div class=\"elementor-element elementor-element-808d178 elementor-widget elementor-widget-heading\" data-id=\"808d178\" data-element_type=\"widget\" data-e-type=\"widget\" data-widget_type=\"heading.default\">\n\t\t\t\t<div class=\"elementor-widget-container\">\n\t\t\t\t\t<h3 class=\"elementor-heading-title elementor-size-default\">Verwendung in einem Helophytenfilter<\/h3>\t\t\t\t<\/div>\n\t\t\t\t<\/div>\n\t\t\t\t<div class=\"elementor-element elementor-element-4c28e5e elementor-widget elementor-widget-text-editor\" data-id=\"4c28e5e\" data-element_type=\"widget\" data-e-type=\"widget\" data-widget_type=\"text-editor.default\">\n\t\t\t\t<div class=\"elementor-widget-container\">\n\t\t\t\t\t\t\t\t\t<p>Wie bereits erw\u00e4hnt, kann die Gelbe Lis ein gro\u00dfes und weit verzweigtes Wurzelsystem bilden. Um die N\u00e4hrstoffaufnahme zu beschleunigen, kann man die Gelbe Lis zum Beispiel in Lavatorf pflanzen. Vor allem in Kombination mit einer Pumpe, die das Wasser durch den Lavatorf pumpt, k\u00f6nnen sehr gute Ergebnisse f\u00fcr die Klarheit des Teiches erzielt werden. Nat\u00fcrlich ist es auch m\u00f6glich, diese Uferpflanze in Teichk\u00f6rbe zu pflanzen und diese in den Teich oder, wenn der Boden es zul\u00e4sst, direkt in das Ufer zu stellen.\u00a0<\/p><p>Wir verwenden diesen Helophyten auch in gro\u00dfen Gew\u00e4ssern und gr\u00f6\u00dferen Helophytenfiltern und er eignet sich hervorragend f\u00fcr diesen Zweck.\u00a0<\/p>\t\t\t\t\t\t\t\t<\/div>\n\t\t\t\t<\/div>\n\t\t\t\t<div class=\"elementor-element elementor-element-1b9c77a elementor-widget elementor-widget-heading\" data-id=\"1b9c77a\" data-element_type=\"widget\" data-e-type=\"widget\" data-widget_type=\"heading.default\">\n\t\t\t\t<div class=\"elementor-widget-container\">\n\t\t\t\t\t<h3 class=\"elementor-heading-title elementor-size-default\">Die Einpflanztiefe von Yellow Lis<\/h3>\t\t\t\t<\/div>\n\t\t\t\t<\/div>\n\t\t\t\t<div class=\"elementor-element elementor-element-dc75d83 elementor-widget elementor-widget-text-editor\" data-id=\"dc75d83\" data-element_type=\"widget\" data-e-type=\"widget\" data-widget_type=\"text-editor.default\">\n\t\t\t\t<div class=\"elementor-widget-container\">\n\t\t\t\t\t\t\t\t\t<p>Die Gelbe Lis w\u00e4chst in bis zu 30 cm tiefem Wasser.<\/p>\t\t\t\t\t\t\t\t<\/div>\n\t\t\t\t<\/div>\n\t\t\t\t<div class=\"elementor-element elementor-element-70dbda0 elementor-widget elementor-widget-heading\" data-id=\"70dbda0\" data-element_type=\"widget\" data-e-type=\"widget\" data-widget_type=\"heading.default\">\n\t\t\t\t<div class=\"elementor-widget-container\">\n\t\t\t\t\t<h3 class=\"elementor-heading-title elementor-size-default\">Verbreitung und Anwendung der Gelben Liste<\/h3>\t\t\t\t<\/div>\n\t\t\t\t<\/div>\n\t\t\t\t<div class=\"elementor-element elementor-element-4645dc8 elementor-widget elementor-widget-text-editor\" data-id=\"4645dc8\" data-element_type=\"widget\" data-e-type=\"widget\" data-widget_type=\"text-editor.default\">\n\t\t\t\t<div class=\"elementor-widget-container\">\n\t\t\t\t\t\t\t\t\t<p>Die Gelbe Lis ist in den Niederlanden heimisch. Man sieht sie oft in gro\u00dfen Best\u00e4nden entlang von Gr\u00e4ben und anderen Gew\u00e4ssern, wo sie durch ihre sch\u00f6nen gelben Bl\u00fcten auff\u00e4llt. Leider ist ihr Bestand seit dem sp\u00e4ten 20. Jahrhundert stark zur\u00fcckgegangen. Die Art ist daher gesch\u00fctzt.\u00a0<\/p><p>Es gibt auch einige sch\u00f6ne Arten, die vor allem im Teich nicht fehl am Platz wirken. Ein sch\u00f6nes Beispiel ist die Blaue Lis, die, wie Sie vielleicht schon vermutet haben, blaue Bl\u00fcten tr\u00e4gt. Eine besonders sch\u00f6ne Art ist die\u00a0<i>Iris laevigata<\/i>\u00a0 oder 'Black Gamecock'. Diese tiefvioletten, fast schwarzen Bl\u00fcten sind sehr auff\u00e4llig.<\/p>\t\t\t\t\t\t\t\t<\/div>\n\t\t\t\t<\/div>\n\t\t\t\t<div class=\"elementor-element elementor-element-7b51aaf elementor-widget elementor-widget-heading\" data-id=\"7b51aaf\" data-element_type=\"widget\" data-e-type=\"widget\" data-widget_type=\"heading.default\">\n\t\t\t\t<div class=\"elementor-widget-container\">\n\t\t\t\t\t<h3 class=\"elementor-heading-title elementor-size-default\">Wachstumsh\u00f6he<\/h3>\t\t\t\t<\/div>\n\t\t\t\t<\/div>\n\t\t\t\t<div class=\"elementor-element elementor-element-5076200 elementor-widget elementor-widget-text-editor\" data-id=\"5076200\" data-element_type=\"widget\" data-e-type=\"widget\" data-widget_type=\"text-editor.default\">\n\t\t\t\t<div class=\"elementor-widget-container\">\n\t\t\t\t\t\t\t\t\t<p>Diese Uferpflanze wird etwa 80 bis 100 cm hoch und w\u00e4chst an den Ufern von stehenden oder langsam flie\u00dfenden Gew\u00e4ssern bis zu einer Tiefe von etwa 30 cm.<\/p>\t\t\t\t\t\t\t\t<\/div>\n\t\t\t\t<\/div>\n\t\t\t\t<div class=\"elementor-element elementor-element-136f40d elementor-widget elementor-widget-heading\" data-id=\"136f40d\" data-element_type=\"widget\" data-e-type=\"widget\" data-widget_type=\"heading.default\">\n\t\t\t\t<div class=\"elementor-widget-container\">\n\t\t\t\t\t<h3 class=\"elementor-heading-title elementor-size-default\">Bl\u00fctezeit<\/h3>\t\t\t\t<\/div>\n\t\t\t\t<\/div>\n\t\t\t\t<div class=\"elementor-element elementor-element-876b5f2 elementor-widget elementor-widget-text-editor\" data-id=\"876b5f2\" data-element_type=\"widget\" data-e-type=\"widget\" data-widget_type=\"text-editor.default\">\n\t\t\t\t<div class=\"elementor-widget-container\">\n\t\t\t\t\t\t\t\t\t<p>Die Gelbe Liste (oder: Iris Pseudacorus) bl\u00fcht fr\u00fch in der Saison, etwa von Mai bis Juni.<\/p>\t\t\t\t\t\t\t\t<\/div>\n\t\t\t\t<\/div>\n\t\t\t\t<div class=\"elementor-element elementor-element-7f425c6 elementor-cta--skin-classic elementor-animated-content elementor-bg-transform elementor-bg-transform-zoom-in elementor-widget elementor-widget-call-to-action\" data-id=\"7f425c6\" data-element_type=\"widget\" data-e-type=\"widget\" data-widget_type=\"call-to-action.default\">\n\t\t\t\t<div class=\"elementor-widget-container\">\n\t\t\t\t\t\t\t<a class=\"elementor-cta\" href=\"https:\/\/vijvermeester.nl\/gele-lis.html?utm_source=affiliate&#038;utm_medium=partner&#038;utm_campaign=zuurstofplanten_net&#038;utm_content=gele_lis\" rel=\"nofollow\">\n\t\t\t\t\t<div class=\"elementor-cta__bg-wrapper\">\n\t\t\t\t<div class=\"elementor-cta__bg elementor-bg\" style=\"background-image: url(https:\/\/www.zuurstofplanten.net\/wp-content\/uploads\/2024\/10\/Gele-Lis-1-1.jpg);\" role=\"img\" aria-label=\"Gelb-Lis-1-1\"><\/div>\n\t\t\t\t<div class=\"elementor-cta__bg-overlay\"><\/div>\n\t\t\t<\/div>\n\t\t\t\t\t\t\t<div class=\"elementor-cta__content\">\n\t\t\t\t\n\t\t\t\t\t\t\t\t\t<h2 class=\"elementor-cta__title elementor-cta__content-item elementor-content-item\">\n\t\t\t\t\t\tGelbe Linsen kaufen?\t\t\t\t\t<\/h2>\n\t\t\t\t\n\t\t\t\t\t\t\t\t\t<div class=\"elementor-cta__description elementor-cta__content-item elementor-content-item\">\n\t\t\t\t\t\tDiese Helophyten sind \u00fcber den Webshop von De Vijvermeester zu verkaufen. Hier k\u00f6nnen Sie sch\u00f6ne Str\u00e4u\u00dfe von hoher Qualit\u00e4t zu finden. einschlie\u00dflich einer breiten Palette von anderen Sauerstoffpflanzen.\t\t\t\t\t<\/div>\n\t\t\t\t\n\t\t\t\t\t\t\t\t\t<div class=\"elementor-cta__button-wrapper elementor-cta__content-item elementor-content-item\">\n\t\t\t\t\t<span class=\"elementor-cta__button elementor-button elementor-size-\">\n\t\t\t\t\t\tGelbe Lisette kaufen\t\t\t\t\t<\/span>\n\t\t\t\t\t<\/div>\n\t\t\t\t\t\t\t<\/div>\n\t\t\t\t\t\t<\/a>\n\t\t\t\t\t\t<\/div>\n\t\t\t\t<\/div>\n\t\t\t\t\t<\/div>\n\t\t\t\t<\/div>\n\t\t\t\t<\/div>","protected":false},"excerpt":{"rendered":"<p>Yellow Lis Helophytenfilter mit Yellow Lis Die Yellow Lis (lateinisch: Iris Pseudacorus) wird h\u00e4ufig in Helophytenfiltern verwendet. Wie viele andere Helophyten ist auch diese Pflanze in der Lage, dem Wasser viele N\u00e4hrstoffe, insbesondere Nitrate, zu entziehen. Unter den richtigen Bedingungen bildet diese Uferpflanze ein sehr umfangreiches Wurzelsystem, mit dem das Wasser [...]<\/p>","protected":false},"author":4,"featured_media":0,"parent":467,"menu_order":0,"comment_status":"closed","ping_status":"closed","template":"","meta":{"_acf_changed":false,"iawp_total_views":587,"footnotes":""},"class_list":["post-461","page","type-page","status-publish","hentry"],"acf":[],"yoast_head":"<!-- This site is optimized with the Yoast SEO plugin v25.5 - https:\/\/yoast.com\/wordpress\/plugins\/seo\/ -->\n<title>Gele Lis | Bloeitijd, Informatie &amp; Advies | Zuurstofplanten.net<\/title>\n<meta name=\"description\" content=\"De gele lis is een mooi bloeiende plant welke zeer geschikt is voor een helofytenfilter. Bekijk meer info over bloeitijd, hoogte, diepte etc.\" \/>\n<meta name=\"robots\" content=\"index, follow, max-snippet:-1, max-image-preview:large, max-video-preview:-1\" \/>\n<link rel=\"canonical\" href=\"https:\/\/www.zuurstofplanten.net\/de\/helophyten\/gelbe-lisette\/\" \/>\n<meta property=\"og:locale\" content=\"de_DE\" \/>\n<meta property=\"og:type\" content=\"article\" \/>\n<meta property=\"og:title\" content=\"Gele Lis | Bloeitijd, Informatie &amp; Advies | Zuurstofplanten.net\" \/>\n<meta property=\"og:description\" content=\"De gele lis is een mooi bloeiende plant welke zeer geschikt is voor een helofytenfilter. Bekijk meer info over bloeitijd, hoogte, diepte etc.\" \/>\n<meta property=\"og:url\" content=\"https:\/\/www.zuurstofplanten.net\/de\/helophyten\/gelbe-lisette\/\" \/>\n<meta property=\"og:site_name\" content=\"Zuurstofplanten.net\" \/>\n<meta property=\"article:modified_time\" content=\"2025-06-04T09:30:26+00:00\" \/>\n<meta property=\"og:image\" content=\"https:\/\/www.zuurstofplanten.net\/wp-content\/uploads\/2024\/10\/Gele-Lis-1-1.jpg\" \/>\n\t<meta property=\"og:image:width\" content=\"679\" \/>\n\t<meta property=\"og:image:height\" content=\"500\" \/>\n\t<meta property=\"og:image:type\" content=\"image\/jpeg\" \/>\n<meta name=\"twitter:card\" content=\"summary_large_image\" \/>\n<meta name=\"twitter:label1\" content=\"Gesch\u00e4tzte Lesezeit\" \/>\n\t<meta name=\"twitter:data1\" content=\"3\u00a0Minuten\" \/>\n<script type=\"application\/ld+json\" class=\"yoast-schema-graph\">{\"@context\":\"https:\/\/schema.org\",\"@graph\":[{\"@type\":\"WebPage\",\"@id\":\"https:\/\/www.zuurstofplanten.net\/helofyten\/gele-lis\/\",\"url\":\"https:\/\/www.zuurstofplanten.net\/helofyten\/gele-lis\/\",\"name\":\"Gele Lis | Bloeitijd, Informatie & Advies | Zuurstofplanten.net\",\"isPartOf\":{\"@id\":\"https:\/\/www.zuurstofplanten.net\/#website\"},\"primaryImageOfPage\":{\"@id\":\"https:\/\/www.zuurstofplanten.net\/helofyten\/gele-lis\/#primaryimage\"},\"image\":{\"@id\":\"https:\/\/www.zuurstofplanten.net\/helofyten\/gele-lis\/#primaryimage\"},\"thumbnailUrl\":\"https:\/\/www.zuurstofplanten.net\/wp-content\/uploads\/2024\/10\/Gele-Lis-1-1.jpg\",\"datePublished\":\"2024-10-09T14:35:57+00:00\",\"dateModified\":\"2025-06-04T09:30:26+00:00\",\"description\":\"De gele lis is een mooi bloeiende plant welke zeer geschikt is voor een helofytenfilter. Bekijk meer info over bloeitijd, hoogte, diepte etc.\",\"breadcrumb\":{\"@id\":\"https:\/\/www.zuurstofplanten.net\/helofyten\/gele-lis\/#breadcrumb\"},\"inLanguage\":\"de\",\"potentialAction\":[{\"@type\":\"ReadAction\",\"target\":[\"https:\/\/www.zuurstofplanten.net\/helofyten\/gele-lis\/\"]}]},{\"@type\":\"ImageObject\",\"inLanguage\":\"de\",\"@id\":\"https:\/\/www.zuurstofplanten.net\/helofyten\/gele-lis\/#primaryimage\",\"url\":\"https:\/\/www.zuurstofplanten.net\/wp-content\/uploads\/2024\/10\/Gele-Lis-1-1.jpg\",\"contentUrl\":\"https:\/\/www.zuurstofplanten.net\/wp-content\/uploads\/2024\/10\/Gele-Lis-1-1.jpg\"},{\"@type\":\"BreadcrumbList\",\"@id\":\"https:\/\/www.zuurstofplanten.net\/helofyten\/gele-lis\/#breadcrumb\",\"itemListElement\":[{\"@type\":\"ListItem\",\"position\":1,\"name\":\"Home\",\"item\":\"https:\/\/www.zuurstofplanten.net\/\"},{\"@type\":\"ListItem\",\"position\":2,\"name\":\"Helofyten\",\"item\":\"https:\/\/www.zuurstofplanten.net\/helofyten\/\"},{\"@type\":\"ListItem\",\"position\":3,\"name\":\"Gele Lis\"}]},{\"@type\":\"WebSite\",\"@id\":\"https:\/\/www.zuurstofplanten.net\/#website\",\"url\":\"https:\/\/www.zuurstofplanten.net\/\",\"name\":\"Zuurstofplanten.net\",\"description\":\"\",\"publisher\":{\"@id\":\"https:\/\/www.zuurstofplanten.net\/#organization\"},\"potentialAction\":[{\"@type\":\"SearchAction\",\"target\":{\"@type\":\"EntryPoint\",\"urlTemplate\":\"https:\/\/www.zuurstofplanten.net\/?s={search_term_string}\"},\"query-input\":{\"@type\":\"PropertyValueSpecification\",\"valueRequired\":true,\"valueName\":\"search_term_string\"}}],\"inLanguage\":\"de\"},{\"@type\":\"Organization\",\"@id\":\"https:\/\/www.zuurstofplanten.net\/#organization\",\"name\":\"Zuurstofplanten.net\",\"url\":\"https:\/\/www.zuurstofplanten.net\/\",\"logo\":{\"@type\":\"ImageObject\",\"inLanguage\":\"de\",\"@id\":\"https:\/\/www.zuurstofplanten.net\/#\/schema\/logo\/image\/\",\"url\":\"https:\/\/www.zuurstofplanten.net\/wp-content\/uploads\/2024\/10\/zuurstofplanten-logo-1.jpg\",\"contentUrl\":\"https:\/\/www.zuurstofplanten.net\/wp-content\/uploads\/2024\/10\/zuurstofplanten-logo-1.jpg\",\"width\":180,\"height\":60,\"caption\":\"Zuurstofplanten.net\"},\"image\":{\"@id\":\"https:\/\/www.zuurstofplanten.net\/#\/schema\/logo\/image\/\"}}]}<\/script>\n<!-- \/ Yoast SEO plugin. -->","yoast_head_json":{"title":"Yellow Lis | Bl\u00fctezeit, Information &amp; Beratung | Oxygen Plants.net","description":"Die gelbe Lilie ist eine sch\u00f6ne bl\u00fchende Pflanze, die sich sehr gut f\u00fcr einen Helophytenfilter eignet. Sehen Sie mehr Informationen \u00fcber Bl\u00fctezeit, H\u00f6he, Tiefe, etc.","robots":{"index":"index","follow":"follow","max-snippet":"max-snippet:-1","max-image-preview":"max-image-preview:large","max-video-preview":"max-video-preview:-1"},"canonical":"https:\/\/www.zuurstofplanten.net\/de\/helophyten\/gelbe-lisette\/","og_locale":"de_DE","og_type":"article","og_title":"Gele Lis | Bloeitijd, Informatie & Advies | Zuurstofplanten.net","og_description":"De gele lis is een mooi bloeiende plant welke zeer geschikt is voor een helofytenfilter. Bekijk meer info over bloeitijd, hoogte, diepte etc.","og_url":"https:\/\/www.zuurstofplanten.net\/de\/helophyten\/gelbe-lisette\/","og_site_name":"Zuurstofplanten.net","article_modified_time":"2025-06-04T09:30:26+00:00","og_image":[{"width":679,"height":500,"url":"https:\/\/www.zuurstofplanten.net\/wp-content\/uploads\/2024\/10\/Gele-Lis-1-1.jpg","type":"image\/jpeg"}],"twitter_card":"summary_large_image","twitter_misc":{"Gesch\u00e4tzte Lesezeit":"3\u00a0Minuten"},"schema":{"@context":"https:\/\/schema.org","@graph":[{"@type":"WebPage","@id":"https:\/\/www.zuurstofplanten.net\/helofyten\/gele-lis\/","url":"https:\/\/www.zuurstofplanten.net\/helofyten\/gele-lis\/","name":"Yellow Lis | Bl\u00fctezeit, Information &amp; Beratung | Oxygen Plants.net","isPartOf":{"@id":"https:\/\/www.zuurstofplanten.net\/#website"},"primaryImageOfPage":{"@id":"https:\/\/www.zuurstofplanten.net\/helofyten\/gele-lis\/#primaryimage"},"image":{"@id":"https:\/\/www.zuurstofplanten.net\/helofyten\/gele-lis\/#primaryimage"},"thumbnailUrl":"https:\/\/www.zuurstofplanten.net\/wp-content\/uploads\/2024\/10\/Gele-Lis-1-1.jpg","datePublished":"2024-10-09T14:35:57+00:00","dateModified":"2025-06-04T09:30:26+00:00","description":"Die gelbe Lilie ist eine sch\u00f6ne bl\u00fchende Pflanze, die sich sehr gut f\u00fcr einen Helophytenfilter eignet. Sehen Sie mehr Informationen \u00fcber Bl\u00fctezeit, H\u00f6he, Tiefe, etc.","breadcrumb":{"@id":"https:\/\/www.zuurstofplanten.net\/helofyten\/gele-lis\/#breadcrumb"},"inLanguage":"de","potentialAction":[{"@type":"ReadAction","target":["https:\/\/www.zuurstofplanten.net\/helofyten\/gele-lis\/"]}]},{"@type":"ImageObject","inLanguage":"de","@id":"https:\/\/www.zuurstofplanten.net\/helofyten\/gele-lis\/#primaryimage","url":"https:\/\/www.zuurstofplanten.net\/wp-content\/uploads\/2024\/10\/Gele-Lis-1-1.jpg","contentUrl":"https:\/\/www.zuurstofplanten.net\/wp-content\/uploads\/2024\/10\/Gele-Lis-1-1.jpg"},{"@type":"BreadcrumbList","@id":"https:\/\/www.zuurstofplanten.net\/helofyten\/gele-lis\/#breadcrumb","itemListElement":[{"@type":"ListItem","position":1,"name":"Home","item":"https:\/\/www.zuurstofplanten.net\/"},{"@type":"ListItem","position":2,"name":"Helofyten","item":"https:\/\/www.zuurstofplanten.net\/helofyten\/"},{"@type":"ListItem","position":3,"name":"Gele Lis"}]},{"@type":"WebSite","@id":"https:\/\/www.zuurstofplanten.net\/#website","url":"https:\/\/www.zuurstofplanten.net\/","name":"Zuurstofplanten.net","description":"","publisher":{"@id":"https:\/\/www.zuurstofplanten.net\/#organization"},"potentialAction":[{"@type":"SearchAction","target":{"@type":"EntryPoint","urlTemplate":"https:\/\/www.zuurstofplanten.net\/?s={search_term_string}"},"query-input":{"@type":"PropertyValueSpecification","valueRequired":true,"valueName":"search_term_string"}}],"inLanguage":"de"},{"@type":"Organization","@id":"https:\/\/www.zuurstofplanten.net\/#organization","name":"Zuurstofplanten.net","url":"https:\/\/www.zuurstofplanten.net\/","logo":{"@type":"ImageObject","inLanguage":"de","@id":"https:\/\/www.zuurstofplanten.net\/#\/schema\/logo\/image\/","url":"https:\/\/www.zuurstofplanten.net\/wp-content\/uploads\/2024\/10\/zuurstofplanten-logo-1.jpg","contentUrl":"https:\/\/www.zuurstofplanten.net\/wp-content\/uploads\/2024\/10\/zuurstofplanten-logo-1.jpg","width":180,"height":60,"caption":"Zuurstofplanten.net"},"image":{"@id":"https:\/\/www.zuurstofplanten.net\/#\/schema\/logo\/image\/"}}]}},"_links":{"self":[{"href":"https:\/\/www.zuurstofplanten.net\/de\/wp-json\/wp\/v2\/pages\/461"}],"collection":[{"href":"https:\/\/www.zuurstofplanten.net\/de\/wp-json\/wp\/v2\/pages"}],"about":[{"href":"https:\/\/www.zuurstofplanten.net\/de\/wp-json\/wp\/v2\/types\/page"}],"author":[{"embeddable":true,"href":"https:\/\/www.zuurstofplanten.net\/de\/wp-json\/wp\/v2\/users\/4"}],"replies":[{"embeddable":true,"href":"https:\/\/www.zuurstofplanten.net\/de\/wp-json\/wp\/v2\/comments?post=461"}],"version-history":[{"count":13,"href":"https:\/\/www.zuurstofplanten.net\/de\/wp-json\/wp\/v2\/pages\/461\/revisions"}],"predecessor-version":[{"id":2102,"href":"https:\/\/www.zuurstofplanten.net\/de\/wp-json\/wp\/v2\/pages\/461\/revisions\/2102"}],"up":[{"embeddable":true,"href":"https:\/\/www.zuurstofplanten.net\/de\/wp-json\/wp\/v2\/pages\/467"}],"wp:attachment":[{"href":"https:\/\/www.zuurstofplanten.net\/de\/wp-json\/wp\/v2\/media?parent=461"}],"curies":[{"name":"wp","href":"https:\/\/api.w.org\/{rel}","templated":true}]}}