{"id":455,"date":"2024-10-09T14:24:16","date_gmt":"2024-10-09T14:24:07","guid":{"rendered":"https:\/\/baselinkhosting.nl\/zuurstofplanten\/?page_id=455"},"modified":"2025-06-04T09:30:44","modified_gmt":"2025-06-04T09:30:44","slug":"kalmus-2","status":"publish","type":"page","link":"https:\/\/www.zuurstofplanten.net\/de\/helophyten\/kalmus-2\/","title":{"rendered":"Calamus"},"content":{"rendered":"<div data-elementor-type=\"wp-page\" data-elementor-id=\"455\" class=\"elementor elementor-455\" data-elementor-post-type=\"page\">\n\t\t\t\t<div class=\"elementor-element elementor-element-d9c9323 e-flex e-con-boxed e-con e-parent\" data-id=\"d9c9323\" data-element_type=\"container\" data-e-type=\"container\" data-settings=\"{&quot;background_background&quot;:&quot;classic&quot;}\">\n\t\t\t\t\t<div class=\"e-con-inner\">\n\t\t\t\t<div class=\"elementor-element elementor-element-b7b6a84 elementor-widget elementor-widget-heading\" data-id=\"b7b6a84\" data-element_type=\"widget\" data-e-type=\"widget\" data-widget_type=\"heading.default\">\n\t\t\t\t<div class=\"elementor-widget-container\">\n\t\t\t\t\t<h1 class=\"elementor-heading-title elementor-size-default\">Calamus<\/h1>\t\t\t\t<\/div>\n\t\t\t\t<\/div>\n\t\t\t\t<div class=\"elementor-element elementor-element-b666e5b elementor-widget elementor-widget-breadcrumbs\" data-id=\"b666e5b\" data-element_type=\"widget\" data-e-type=\"widget\" data-widget_type=\"breadcrumbs.default\">\n\t\t\t\t<div class=\"elementor-widget-container\">\n\t\t\t\t\t<p id=\"breadcrumbs\"><span><span><a href=\"https:\/\/www.zuurstofplanten.net\/de\/\">Startseite<\/a><\/span><\/span><\/p>\t\t\t\t<\/div>\n\t\t\t\t<\/div>\n\t\t\t\t\t<\/div>\n\t\t\t\t<\/div>\n\t\t<div class=\"elementor-element elementor-element-01d6cfe e-flex e-con-boxed e-con e-parent\" data-id=\"01d6cfe\" data-element_type=\"container\" data-e-type=\"container\">\n\t\t\t\t\t<div class=\"e-con-inner\">\n\t\t\t\t<div class=\"elementor-element elementor-element-6f3918c elementor-widget elementor-widget-heading\" data-id=\"6f3918c\" data-element_type=\"widget\" data-e-type=\"widget\" data-widget_type=\"heading.default\">\n\t\t\t\t<div class=\"elementor-widget-container\">\n\t\t\t\t\t<h2 class=\"elementor-heading-title elementor-size-default\">Pflanzenfilter mit Calamus. Perfekt f\u00fcr die Entfernung von Phosphat.<\/h2>\t\t\t\t<\/div>\n\t\t\t\t<\/div>\n\t\t<div class=\"elementor-element elementor-element-8c5fd1c e-grid e-con-full e-con e-child\" data-id=\"8c5fd1c\" data-element_type=\"container\" data-e-type=\"container\">\n\t\t\t\t<div class=\"elementor-element elementor-element-d295a26 elementor-widget elementor-widget-text-editor\" data-id=\"d295a26\" data-element_type=\"widget\" data-e-type=\"widget\" data-widget_type=\"text-editor.default\">\n\t\t\t\t<div class=\"elementor-widget-container\">\n\t\t\t\t\t\t\t\t\t<p>Kalmus ist eine recht bekannte Sumpf- oder Uferpflanze, die regelm\u00e4\u00dfig im Teich oder in einem Helophytenfilter verwendet wird. Der Grund daf\u00fcr ist, dass der Einsatz dieser Pflanze ein effizientes Mittel ist, um N\u00e4hrstoffe aus dem Wasser zu entfernen. Ein \u00dcberschuss an N\u00e4hrstoffen (Nitrat, Phosphat) kann in Ihrem Teich zu einer gro\u00dfen Algenexplosion f\u00fchren, die das Wasser so gr\u00fcn wie Gras werden l\u00e4sst. Das will nat\u00fcrlich niemand. W\u00e4hrend die Gelbe Lis f\u00fcr ihre nitratentfernenden Eigenschaften bekannt ist, brauchen Sie f\u00fcr die Phosphatentfernung Calamus. Wie andere Helophyten bildet auch diese Uferpflanze gro\u00dfe Wurzelsysteme, die eine effektive Filterung erm\u00f6glichen.\u00a0<\/p>\t\t\t\t\t\t\t\t<\/div>\n\t\t\t\t<\/div>\n\t\t\t\t<div class=\"elementor-element elementor-element-5bbdfe0 elementor-widget elementor-widget-image\" data-id=\"5bbdfe0\" data-element_type=\"widget\" data-e-type=\"widget\" data-widget_type=\"image.default\">\n\t\t\t\t<div class=\"elementor-widget-container\">\n\t\t\t\t\t\t\t\t\t\t\t\t\t\t\t<img fetchpriority=\"high\" decoding=\"async\" width=\"214\" height=\"300\" src=\"https:\/\/www.zuurstofplanten.net\/wp-content\/uploads\/2024\/10\/Kalmoes-1-214x300.jpg\" class=\"attachment-medium size-medium wp-image-165\" alt=\"\" srcset=\"https:\/\/www.zuurstofplanten.net\/wp-content\/uploads\/2024\/10\/Kalmoes-1-214x300.jpg 214w, https:\/\/www.zuurstofplanten.net\/wp-content\/uploads\/2024\/10\/Kalmoes-1.jpg 534w\" sizes=\"(max-width: 214px) 100vw, 214px\" \/>\t\t\t\t\t\t\t\t\t\t\t\t\t\t\t<\/div>\n\t\t\t\t<\/div>\n\t\t\t\t<\/div>\n\t\t\t\t<div class=\"elementor-element elementor-element-67c2e5d elementor-widget elementor-widget-heading\" data-id=\"67c2e5d\" data-element_type=\"widget\" data-e-type=\"widget\" data-widget_type=\"heading.default\">\n\t\t\t\t<div class=\"elementor-widget-container\">\n\t\t\t\t\t<h3 class=\"elementor-heading-title elementor-size-default\">Calamus in einem Helophytenfilter<\/h3>\t\t\t\t<\/div>\n\t\t\t\t<\/div>\n\t\t\t\t<div class=\"elementor-element elementor-element-55f73ad elementor-widget elementor-widget-text-editor\" data-id=\"55f73ad\" data-element_type=\"widget\" data-e-type=\"widget\" data-widget_type=\"text-editor.default\">\n\t\t\t\t<div class=\"elementor-widget-container\">\n\t\t\t\t\t\t\t\t\t<p>Calamus wird, wie bereits erw\u00e4hnt, h\u00e4ufig in einem Pflanzenfilter oder Helophytenfilter eingesetzt. Ein solcher Pflanzenfilter bedeutet einfach, dass das Teichwasser an den Wurzeln der Pflanzen vorbeiflie\u00dft, die dadurch gel\u00f6ste N\u00e4hrstoffe aus dem Wasser entfernen. Auf diese Weise steht den Algen im Teich viel weniger zur Verf\u00fcgung und das Wasser bleibt klar. Ein Helophytenfilter oder Pflanzenfilter eignet sich sehr gut f\u00fcr den Einsatz in Schwimmteichen oder Koiteichen, in denen keine Wasserpflanzen wachsen sollen.<\/p><p>Auch im Teich ist Kalmus gut f\u00fcr die Phosphatentfernung geeignet. Au\u00dferdem verstr\u00f6mt diese Sumpfpflanze einen k\u00f6stlichen, w\u00fcrzigen Duft, der ein wenig nach Berenburger riecht. Sie k\u00f6nnen Kalmus einfach in einen Teichkorb pflanzen. Das geht mit Substrat, aber auch mit Lavasteinen zum Beispiel. In fester Erde ist nat\u00fcrlich auch m\u00f6glich!<\/p>\t\t\t\t\t\t\t\t<\/div>\n\t\t\t\t<\/div>\n\t\t\t\t<div class=\"elementor-element elementor-element-bef3a31 elementor-widget elementor-widget-heading\" data-id=\"bef3a31\" data-element_type=\"widget\" data-e-type=\"widget\" data-widget_type=\"heading.default\">\n\t\t\t\t<div class=\"elementor-widget-container\">\n\t\t\t\t\t<h3 class=\"elementor-heading-title elementor-size-default\">Verbreitung und Wuchsform des Kalmus in den Niederlanden und Belgien<\/h3>\t\t\t\t<\/div>\n\t\t\t\t<\/div>\n\t\t\t\t<div class=\"elementor-element elementor-element-1ebd5be elementor-widget elementor-widget-text-editor\" data-id=\"1ebd5be\" data-element_type=\"widget\" data-e-type=\"widget\" data-widget_type=\"text-editor.default\">\n\t\t\t\t<div class=\"elementor-widget-container\">\n\t\t\t\t\t\t\t\t\t<p><i>Acorus calamus\u00a0<\/i>wie diese Uferpflanze auf Lateinisch hei\u00dft, ist in Europa vielerorts wild an Grabenufern und anderen Gew\u00e4ssern zu finden. Urspr\u00fcnglich aus S\u00fcdostasien stammend, wurde sie bereits im 16. Jahrhundert nach Europa importiert und verbreitete sich auf diese Weise.<\/p>\t\t\t\t\t\t\t\t<\/div>\n\t\t\t\t<\/div>\n\t\t\t\t<div class=\"elementor-element elementor-element-32d3935 elementor-widget elementor-widget-heading\" data-id=\"32d3935\" data-element_type=\"widget\" data-e-type=\"widget\" data-widget_type=\"heading.default\">\n\t\t\t\t<div class=\"elementor-widget-container\">\n\t\t\t\t\t<h4 class=\"elementor-heading-title elementor-size-default\">H\u00f6he der Pflanze<\/h4>\t\t\t\t<\/div>\n\t\t\t\t<\/div>\n\t\t\t\t<div class=\"elementor-element elementor-element-d168d89 elementor-widget elementor-widget-text-editor\" data-id=\"d168d89\" data-element_type=\"widget\" data-e-type=\"widget\" data-widget_type=\"text-editor.default\">\n\t\t\t\t<div class=\"elementor-widget-container\">\n\t\t\t\t\t\t\t\t\t<p>Calamus wird zwischen 60 cm und 110 cm hoch. In den Niederlanden und Belgien bl\u00fcht er nicht wirklich, obwohl er einen Kolben bildet.<\/p>\t\t\t\t\t\t\t\t<\/div>\n\t\t\t\t<\/div>\n\t\t\t\t<div class=\"elementor-element elementor-element-28e5c7d elementor-widget elementor-widget-heading\" data-id=\"28e5c7d\" data-element_type=\"widget\" data-e-type=\"widget\" data-widget_type=\"heading.default\">\n\t\t\t\t<div class=\"elementor-widget-container\">\n\t\t\t\t\t<h4 class=\"elementor-heading-title elementor-size-default\">Einpflanztiefe<\/h4>\t\t\t\t<\/div>\n\t\t\t\t<\/div>\n\t\t\t\t<div class=\"elementor-element elementor-element-801a2cd elementor-widget elementor-widget-text-editor\" data-id=\"801a2cd\" data-element_type=\"widget\" data-e-type=\"widget\" data-widget_type=\"text-editor.default\">\n\t\t\t\t<div class=\"elementor-widget-container\">\n\t\t\t\t\t\t\t\t\t<p>Die Pflanztiefe f\u00fcr Calamus betr\u00e4gt etwa 5-15 cm, da diese Sumpfpflanze so am besten w\u00e4chst.<\/p>\t\t\t\t\t\t\t\t<\/div>\n\t\t\t\t<\/div>\n\t\t\t\t<div class=\"elementor-element elementor-element-7d11e5b elementor-cta--skin-classic elementor-animated-content elementor-bg-transform elementor-bg-transform-zoom-in elementor-widget elementor-widget-call-to-action\" data-id=\"7d11e5b\" data-element_type=\"widget\" data-e-type=\"widget\" data-widget_type=\"call-to-action.default\">\n\t\t\t\t<div class=\"elementor-widget-container\">\n\t\t\t\t\t\t\t<a class=\"elementor-cta\" href=\"https:\/\/vijvermeester.nl\/kalmoes.html?utm_source=affiliate&#038;utm_medium=partner&#038;utm_campaign=zuurstofplanten_net&#038;utm_content=kalmoes\" rel=\"nofollow\">\n\t\t\t\t\t<div class=\"elementor-cta__bg-wrapper\">\n\t\t\t\t<div class=\"elementor-cta__bg elementor-bg\" style=\"background-image: url(https:\/\/www.zuurstofplanten.net\/wp-content\/uploads\/2024\/10\/Kalmoes.jpg);\" role=\"img\" aria-label=\"Calamus\"><\/div>\n\t\t\t\t<div class=\"elementor-cta__bg-overlay\"><\/div>\n\t\t\t<\/div>\n\t\t\t\t\t\t\t<div class=\"elementor-cta__content\">\n\t\t\t\t\n\t\t\t\t\t\t\t\t\t<h2 class=\"elementor-cta__title elementor-cta__content-item elementor-content-item\">\n\t\t\t\t\t\tCalamus kaufen?\t\t\t\t\t<\/h2>\n\t\t\t\t\n\t\t\t\t\t\t\t\t\t<div class=\"elementor-cta__description elementor-cta__content-item elementor-content-item\">\n\t\t\t\t\t\tDer Helophyt ist \u00fcber den Webshop von The Pond Master zu verkaufen. Hier finden Sie sch\u00f6ne Str\u00e4u\u00dfe mit hochwertigen Pflanzen, darunter eine breite Palette anderer Sauerstoffpflanzen.\t\t\t\t\t<\/div>\n\t\t\t\t\n\t\t\t\t\t\t\t\t\t<div class=\"elementor-cta__button-wrapper elementor-cta__content-item elementor-content-item\">\n\t\t\t\t\t<span class=\"elementor-cta__button elementor-button elementor-size-\">\n\t\t\t\t\t\tCalamus kaufen\t\t\t\t\t<\/span>\n\t\t\t\t\t<\/div>\n\t\t\t\t\t\t\t<\/div>\n\t\t\t\t\t\t<\/a>\n\t\t\t\t\t\t<\/div>\n\t\t\t\t<\/div>\n\t\t\t\t\t<\/div>\n\t\t\t\t<\/div>\n\t\t\t\t<\/div>","protected":false},"excerpt":{"rendered":"<p>Kalmoes Plantenfilter met Kalmoes. Perfect voor het verwijderen van fosfaat. Kalmoes is een redelijk bekende moeras- of oeverplant welke regelmatig wordt toegepast in de vijver of in een helofytenfilter. De reden hiervoor is dat het toepassen van deze plant een effici\u00ebnte manier is om voedingsstoffen uit het water te halen. Een teveel aan voedingsstoffen (nitraat, [&hellip;]<\/p>","protected":false},"author":4,"featured_media":0,"parent":467,"menu_order":1,"comment_status":"closed","ping_status":"closed","template":"","meta":{"_acf_changed":false,"iawp_total_views":262,"footnotes":""},"class_list":["post-455","page","type-page","status-publish","hentry"],"acf":[],"yoast_head":"<!-- This site is optimized with the Yoast SEO plugin v25.5 - https:\/\/yoast.com\/wordpress\/plugins\/seo\/ -->\n<title>Kalmoes in Vijver | Perfect als Plantenfilter | Zuurstofplanten.net<\/title>\n<meta name=\"description\" content=\"Een heerlijke geur en de goede fosfaatverwijdering maken Kalmoes een goede vijverplant. Lees meer over de hoogte, plantdiepte, planten etc.\" \/>\n<meta name=\"robots\" content=\"index, follow, max-snippet:-1, max-image-preview:large, max-video-preview:-1\" \/>\n<link rel=\"canonical\" href=\"https:\/\/www.zuurstofplanten.net\/de\/helophyten\/kalmus-2\/\" \/>\n<meta property=\"og:locale\" content=\"de_DE\" \/>\n<meta property=\"og:type\" content=\"article\" \/>\n<meta property=\"og:title\" content=\"Kalmoes in Vijver | Perfect als Plantenfilter | Zuurstofplanten.net\" \/>\n<meta property=\"og:description\" content=\"Een heerlijke geur en de goede fosfaatverwijdering maken Kalmoes een goede vijverplant. Lees meer over de hoogte, plantdiepte, planten etc.\" \/>\n<meta property=\"og:url\" content=\"https:\/\/www.zuurstofplanten.net\/de\/helophyten\/kalmus-2\/\" \/>\n<meta property=\"og:site_name\" content=\"Zuurstofplanten.net\" \/>\n<meta property=\"article:modified_time\" content=\"2025-06-04T09:30:44+00:00\" \/>\n<meta property=\"og:image\" content=\"https:\/\/www.zuurstofplanten.net\/wp-content\/uploads\/2024\/10\/Kalmoes-1.jpg\" \/>\n\t<meta property=\"og:image:width\" content=\"534\" \/>\n\t<meta property=\"og:image:height\" content=\"747\" \/>\n\t<meta property=\"og:image:type\" content=\"image\/jpeg\" \/>\n<meta name=\"twitter:card\" content=\"summary_large_image\" \/>\n<meta name=\"twitter:label1\" content=\"Gesch\u00e4tzte Lesezeit\" \/>\n\t<meta name=\"twitter:data1\" content=\"3\u00a0Minuten\" \/>\n<script type=\"application\/ld+json\" class=\"yoast-schema-graph\">{\"@context\":\"https:\/\/schema.org\",\"@graph\":[{\"@type\":\"WebPage\",\"@id\":\"https:\/\/www.zuurstofplanten.net\/helofyten\/kalmoes-2\/\",\"url\":\"https:\/\/www.zuurstofplanten.net\/helofyten\/kalmoes-2\/\",\"name\":\"Kalmoes in Vijver | Perfect als Plantenfilter | Zuurstofplanten.net\",\"isPartOf\":{\"@id\":\"https:\/\/www.zuurstofplanten.net\/#website\"},\"primaryImageOfPage\":{\"@id\":\"https:\/\/www.zuurstofplanten.net\/helofyten\/kalmoes-2\/#primaryimage\"},\"image\":{\"@id\":\"https:\/\/www.zuurstofplanten.net\/helofyten\/kalmoes-2\/#primaryimage\"},\"thumbnailUrl\":\"https:\/\/www.zuurstofplanten.net\/wp-content\/uploads\/2024\/10\/Kalmoes-1-214x300.jpg\",\"datePublished\":\"2024-10-09T14:24:07+00:00\",\"dateModified\":\"2025-06-04T09:30:44+00:00\",\"description\":\"Een heerlijke geur en de goede fosfaatverwijdering maken Kalmoes een goede vijverplant. Lees meer over de hoogte, plantdiepte, planten etc.\",\"breadcrumb\":{\"@id\":\"https:\/\/www.zuurstofplanten.net\/helofyten\/kalmoes-2\/#breadcrumb\"},\"inLanguage\":\"de\",\"potentialAction\":[{\"@type\":\"ReadAction\",\"target\":[\"https:\/\/www.zuurstofplanten.net\/helofyten\/kalmoes-2\/\"]}]},{\"@type\":\"ImageObject\",\"inLanguage\":\"de\",\"@id\":\"https:\/\/www.zuurstofplanten.net\/helofyten\/kalmoes-2\/#primaryimage\",\"url\":\"https:\/\/www.zuurstofplanten.net\/wp-content\/uploads\/2024\/10\/Kalmoes-1-214x300.jpg\",\"contentUrl\":\"https:\/\/www.zuurstofplanten.net\/wp-content\/uploads\/2024\/10\/Kalmoes-1-214x300.jpg\"},{\"@type\":\"BreadcrumbList\",\"@id\":\"https:\/\/www.zuurstofplanten.net\/helofyten\/kalmoes-2\/#breadcrumb\",\"itemListElement\":[{\"@type\":\"ListItem\",\"position\":1,\"name\":\"Home\",\"item\":\"https:\/\/www.zuurstofplanten.net\/\"},{\"@type\":\"ListItem\",\"position\":2,\"name\":\"Helofyten\",\"item\":\"https:\/\/www.zuurstofplanten.net\/helofyten\/\"},{\"@type\":\"ListItem\",\"position\":3,\"name\":\"Kalmoes\"}]},{\"@type\":\"WebSite\",\"@id\":\"https:\/\/www.zuurstofplanten.net\/#website\",\"url\":\"https:\/\/www.zuurstofplanten.net\/\",\"name\":\"Zuurstofplanten.net\",\"description\":\"\",\"publisher\":{\"@id\":\"https:\/\/www.zuurstofplanten.net\/#organization\"},\"potentialAction\":[{\"@type\":\"SearchAction\",\"target\":{\"@type\":\"EntryPoint\",\"urlTemplate\":\"https:\/\/www.zuurstofplanten.net\/?s={search_term_string}\"},\"query-input\":{\"@type\":\"PropertyValueSpecification\",\"valueRequired\":true,\"valueName\":\"search_term_string\"}}],\"inLanguage\":\"de\"},{\"@type\":\"Organization\",\"@id\":\"https:\/\/www.zuurstofplanten.net\/#organization\",\"name\":\"Zuurstofplanten.net\",\"url\":\"https:\/\/www.zuurstofplanten.net\/\",\"logo\":{\"@type\":\"ImageObject\",\"inLanguage\":\"de\",\"@id\":\"https:\/\/www.zuurstofplanten.net\/#\/schema\/logo\/image\/\",\"url\":\"https:\/\/www.zuurstofplanten.net\/wp-content\/uploads\/2024\/10\/zuurstofplanten-logo-1.jpg\",\"contentUrl\":\"https:\/\/www.zuurstofplanten.net\/wp-content\/uploads\/2024\/10\/zuurstofplanten-logo-1.jpg\",\"width\":180,\"height\":60,\"caption\":\"Zuurstofplanten.net\"},\"image\":{\"@id\":\"https:\/\/www.zuurstofplanten.net\/#\/schema\/logo\/image\/\"}}]}<\/script>\n<!-- \/ Yoast SEO plugin. -->","yoast_head_json":{"title":"Calamus im Teich | Perfekt als Pflanzenfilter | Oxygen Plants.net","description":"Ein sch\u00f6ner Duft und ein guter Phosphatabbau machen Calamus zu einer guten Teichpflanze. Lesen Sie mehr \u00fcber H\u00f6he, Pflanztiefe, Bepflanzung usw.","robots":{"index":"index","follow":"follow","max-snippet":"max-snippet:-1","max-image-preview":"max-image-preview:large","max-video-preview":"max-video-preview:-1"},"canonical":"https:\/\/www.zuurstofplanten.net\/de\/helophyten\/kalmus-2\/","og_locale":"de_DE","og_type":"article","og_title":"Kalmoes in Vijver | Perfect als Plantenfilter | Zuurstofplanten.net","og_description":"Een heerlijke geur en de goede fosfaatverwijdering maken Kalmoes een goede vijverplant. Lees meer over de hoogte, plantdiepte, planten etc.","og_url":"https:\/\/www.zuurstofplanten.net\/de\/helophyten\/kalmus-2\/","og_site_name":"Zuurstofplanten.net","article_modified_time":"2025-06-04T09:30:44+00:00","og_image":[{"width":534,"height":747,"url":"https:\/\/www.zuurstofplanten.net\/wp-content\/uploads\/2024\/10\/Kalmoes-1.jpg","type":"image\/jpeg"}],"twitter_card":"summary_large_image","twitter_misc":{"Gesch\u00e4tzte Lesezeit":"3\u00a0Minuten"},"schema":{"@context":"https:\/\/schema.org","@graph":[{"@type":"WebPage","@id":"https:\/\/www.zuurstofplanten.net\/helofyten\/kalmoes-2\/","url":"https:\/\/www.zuurstofplanten.net\/helofyten\/kalmoes-2\/","name":"Calamus im Teich | Perfekt als Pflanzenfilter | Oxygen Plants.net","isPartOf":{"@id":"https:\/\/www.zuurstofplanten.net\/#website"},"primaryImageOfPage":{"@id":"https:\/\/www.zuurstofplanten.net\/helofyten\/kalmoes-2\/#primaryimage"},"image":{"@id":"https:\/\/www.zuurstofplanten.net\/helofyten\/kalmoes-2\/#primaryimage"},"thumbnailUrl":"https:\/\/www.zuurstofplanten.net\/wp-content\/uploads\/2024\/10\/Kalmoes-1-214x300.jpg","datePublished":"2024-10-09T14:24:07+00:00","dateModified":"2025-06-04T09:30:44+00:00","description":"Ein sch\u00f6ner Duft und ein guter Phosphatabbau machen Calamus zu einer guten Teichpflanze. Lesen Sie mehr \u00fcber H\u00f6he, Pflanztiefe, Bepflanzung usw.","breadcrumb":{"@id":"https:\/\/www.zuurstofplanten.net\/helofyten\/kalmoes-2\/#breadcrumb"},"inLanguage":"de","potentialAction":[{"@type":"ReadAction","target":["https:\/\/www.zuurstofplanten.net\/helofyten\/kalmoes-2\/"]}]},{"@type":"ImageObject","inLanguage":"de","@id":"https:\/\/www.zuurstofplanten.net\/helofyten\/kalmoes-2\/#primaryimage","url":"https:\/\/www.zuurstofplanten.net\/wp-content\/uploads\/2024\/10\/Kalmoes-1-214x300.jpg","contentUrl":"https:\/\/www.zuurstofplanten.net\/wp-content\/uploads\/2024\/10\/Kalmoes-1-214x300.jpg"},{"@type":"BreadcrumbList","@id":"https:\/\/www.zuurstofplanten.net\/helofyten\/kalmoes-2\/#breadcrumb","itemListElement":[{"@type":"ListItem","position":1,"name":"Home","item":"https:\/\/www.zuurstofplanten.net\/"},{"@type":"ListItem","position":2,"name":"Helofyten","item":"https:\/\/www.zuurstofplanten.net\/helofyten\/"},{"@type":"ListItem","position":3,"name":"Kalmoes"}]},{"@type":"WebSite","@id":"https:\/\/www.zuurstofplanten.net\/#website","url":"https:\/\/www.zuurstofplanten.net\/","name":"Zuurstofplanten.net","description":"","publisher":{"@id":"https:\/\/www.zuurstofplanten.net\/#organization"},"potentialAction":[{"@type":"SearchAction","target":{"@type":"EntryPoint","urlTemplate":"https:\/\/www.zuurstofplanten.net\/?s={search_term_string}"},"query-input":{"@type":"PropertyValueSpecification","valueRequired":true,"valueName":"search_term_string"}}],"inLanguage":"de"},{"@type":"Organization","@id":"https:\/\/www.zuurstofplanten.net\/#organization","name":"Zuurstofplanten.net","url":"https:\/\/www.zuurstofplanten.net\/","logo":{"@type":"ImageObject","inLanguage":"de","@id":"https:\/\/www.zuurstofplanten.net\/#\/schema\/logo\/image\/","url":"https:\/\/www.zuurstofplanten.net\/wp-content\/uploads\/2024\/10\/zuurstofplanten-logo-1.jpg","contentUrl":"https:\/\/www.zuurstofplanten.net\/wp-content\/uploads\/2024\/10\/zuurstofplanten-logo-1.jpg","width":180,"height":60,"caption":"Zuurstofplanten.net"},"image":{"@id":"https:\/\/www.zuurstofplanten.net\/#\/schema\/logo\/image\/"}}]}},"_links":{"self":[{"href":"https:\/\/www.zuurstofplanten.net\/de\/wp-json\/wp\/v2\/pages\/455"}],"collection":[{"href":"https:\/\/www.zuurstofplanten.net\/de\/wp-json\/wp\/v2\/pages"}],"about":[{"href":"https:\/\/www.zuurstofplanten.net\/de\/wp-json\/wp\/v2\/types\/page"}],"author":[{"embeddable":true,"href":"https:\/\/www.zuurstofplanten.net\/de\/wp-json\/wp\/v2\/users\/4"}],"replies":[{"embeddable":true,"href":"https:\/\/www.zuurstofplanten.net\/de\/wp-json\/wp\/v2\/comments?post=455"}],"version-history":[{"count":13,"href":"https:\/\/www.zuurstofplanten.net\/de\/wp-json\/wp\/v2\/pages\/455\/revisions"}],"predecessor-version":[{"id":2105,"href":"https:\/\/www.zuurstofplanten.net\/de\/wp-json\/wp\/v2\/pages\/455\/revisions\/2105"}],"up":[{"embeddable":true,"href":"https:\/\/www.zuurstofplanten.net\/de\/wp-json\/wp\/v2\/pages\/467"}],"wp:attachment":[{"href":"https:\/\/www.zuurstofplanten.net\/de\/wp-json\/wp\/v2\/media?parent=455"}],"curies":[{"name":"wp","href":"https:\/\/api.w.org\/{rel}","templated":true}]}}